{"id":36403,"date":"2021-09-30T09:30:49","date_gmt":"2021-09-30T09:30:49","guid":{"rendered":"https:\/\/lifenatura.dev.agenciagetdigital.com\/produto\/pelo-unas-y-piel-60-capsulas-calendula\/"},"modified":"2026-01-16T13:09:43","modified_gmt":"2026-01-16T13:09:43","slug":"pelo-unas-y-piel-60-capsulas-calendula","status":"publish","type":"product","link":"https:\/\/www.lifenatura.com\/es\/produto\/pelo-unas-y-piel-60-capsulas-calendula\/","title":{"rendered":"Pelo, U\u00f1as y Piel 60 c\u00e1psulas &#8211; Calendula"},"content":{"rendered":"<h2 style=\"text-align: left\"><strong>Indicado para el Pelo, U\u00f1as y Piel <\/strong><\/h2>\n<p>El pelo, las u\u00f1as y la piel es un suplemento con Aceites de pescado ricos en \u00e1cidos grasos omega-3 (EPA, DHA), vitaminas y minerales.<\/p>\n<p>La niacina contribuye al mantenimiento de una piel normal.<\/p>\n<p>La biotina y el cinc contribuyen al mantenimiento de un cabello normal.<\/p>\n<p style=\"text-align: left\"><strong>PRESENTACI\u00d3N <\/strong><\/p>\n<p>60 C\u00e1psulas.<\/p>\n","protected":false},"excerpt":{"rendered":"<p>El pelo, las u\u00f1as y la piel es un suplemento con aceites de pescado ricos en \u00e1cidos grasos omega-3 (EPA, DHA), vitaminas y minerales. [&#8230;]<\/p>\n<p><a class=\"btn btn-secondary understrap-read-more-link\" href=\"https:\/\/www.lifenatura.com\/es\/produto\/pelo-unas-y-piel-60-capsulas-calendula\/\">Leer m\u00e1s&#8230;<span class=\"screen-reader-text\"> from Pelo, U\u00f1as y Piel 60 c\u00e1psulas &#8211; Calendula<\/span><\/a><\/p>\n","protected":false},"featured_media":130826,"template":"","meta":{"_acf_changed":false},"product_brand":[8546],"product_cat":[7901,7263,7237,7179,7883],"product_tag":[8700],"class_list":{"0":"post-36403","1":"product","2":"type-product","3":"status-publish","4":"has-post-thumbnail","6":"product_brand-calendula-es","7":"product_cat-20-descuento-compra-2-unidades","8":"product_cat-packs-de-salud","9":"product_cat-pelo-unas","10":"product_cat-salud","11":"product_cat-suplementos-alimenticios","12":"product_tag-calendula_2026","14":"first","15":"instock","16":"sale","17":"featured","18":"shipping-taxable","19":"purchasable","20":"product-type-simple","21":"add-to-wishlist-before_image"},"acf":[],"yoast_head":"<!-- This site is optimized with the Yoast SEO Premium plugin v27.1 (Yoast SEO v27.5) - https:\/\/yoast.com\/product\/yoast-seo-premium-wordpress\/ -->\n<title>Pelo, U\u00f1as y Piel 60 c\u00e1psulas - Calendula<\/title>\n<meta name=\"description\" content=\"El pelo, las u\u00f1as y la piel es un suplemento con aceites de pescado ricos en \u00e1cidos grasos omega-3 (EPA, DHA), vitaminas y minerales.\" \/>\n<meta name=\"robots\" content=\"index, follow, max-snippet:-1, max-image-preview:large, max-video-preview:-1\" \/>\n<link rel=\"canonical\" href=\"https:\/\/www.lifenatura.com\/es\/produto\/pelo-unas-y-piel-60-capsulas-calendula\/\" \/>\n<meta property=\"og:locale\" content=\"es_ES\" \/>\n<meta property=\"og:type\" content=\"article\" \/>\n<meta property=\"og:title\" content=\"Pelo, U\u00f1as y Piel 60 c\u00e1psulas - Calendula - Na Lifenatura ao Melhor Pre\u00e7o | Envio 48h\" \/>\n<meta property=\"og:description\" content=\"Compre Pelo, U\u00f1as y Piel 60 c\u00e1psulas - Calendula com envio r\u00e1pido. Entrega em 48h e portes gr\u00e1tis em compras &gt;35\u20ac. Aproveite j\u00e1 na Lifenatura\" \/>\n<meta property=\"og:url\" content=\"https:\/\/www.lifenatura.com\/es\/produto\/pelo-unas-y-piel-60-capsulas-calendula\/\" \/>\n<meta property=\"og:site_name\" content=\"Lifenatura\" \/>\n<meta property=\"article:publisher\" content=\"https:\/\/www.facebook.com\/lifenatura\" \/>\n<meta property=\"article:modified_time\" content=\"2026-01-16T13:09:43+00:00\" \/>\n<meta property=\"og:image\" content=\"https:\/\/www.lifenatura.com\/wp-content\/uploads\/2021\/09\/gd_calendula-cabelo-unhas-pele-comprimidos.jpg\" \/>\n\t<meta property=\"og:image:width\" content=\"1000\" \/>\n\t<meta property=\"og:image:height\" content=\"1000\" \/>\n\t<meta property=\"og:image:type\" content=\"image\/jpeg\" \/>\n<meta name=\"twitter:card\" content=\"summary_large_image\" \/>\n<meta name=\"twitter:label1\" content=\"Precio\" \/>\n\t<meta name=\"twitter:data1\" content=\"9,92&nbsp;&euro;\" \/>\n\t<meta name=\"twitter:label2\" content=\"Disponibilidad\" \/>\n\t<meta name=\"twitter:data2\" content=\"Disponible\" \/>\n<script type=\"application\/ld+json\" class=\"yoast-schema-graph\">{\"@context\":\"https:\\\/\\\/schema.org\",\"@graph\":[{\"@type\":\"WebPage\",\"@id\":\"https:\\\/\\\/www.lifenatura.com\\\/es\\\/produto\\\/pelo-unas-y-piel-60-capsulas-calendula\\\/\",\"url\":\"https:\\\/\\\/www.lifenatura.com\\\/es\\\/produto\\\/pelo-unas-y-piel-60-capsulas-calendula\\\/\",\"name\":\"Pelo, U\u00f1as y Piel 60 c\u00e1psulas - Calendula\",\"isPartOf\":{\"@id\":\"https:\\\/\\\/www.lifenatura.com\\\/es\\\/#website\"},\"primaryImageOfPage\":{\"@id\":\"https:\\\/\\\/www.lifenatura.com\\\/es\\\/produto\\\/pelo-unas-y-piel-60-capsulas-calendula\\\/#primaryimage\"},\"image\":{\"@id\":\"https:\\\/\\\/www.lifenatura.com\\\/es\\\/produto\\\/pelo-unas-y-piel-60-capsulas-calendula\\\/#primaryimage\"},\"thumbnailUrl\":\"https:\\\/\\\/www.lifenatura.com\\\/wp-content\\\/uploads\\\/2026\\\/03\\\/CABELO_UNHAS__PELE_60_CAPS_PT_WEB_FINAL2.jpg\",\"datePublished\":\"2021-09-30T09:30:49+00:00\",\"dateModified\":\"2026-01-16T13:09:43+00:00\",\"description\":\"El pelo, las u\u00f1as y la piel es un suplemento con aceites de pescado ricos en \u00e1cidos grasos omega-3 (EPA, DHA), vitaminas y minerales.\",\"breadcrumb\":{\"@id\":\"https:\\\/\\\/www.lifenatura.com\\\/es\\\/produto\\\/pelo-unas-y-piel-60-capsulas-calendula\\\/#breadcrumb\"},\"inLanguage\":\"es\",\"potentialAction\":[{\"@type\":\"ReadAction\",\"target\":[\"https:\\\/\\\/www.lifenatura.com\\\/es\\\/produto\\\/pelo-unas-y-piel-60-capsulas-calendula\\\/\"]}]},{\"@type\":\"ImageObject\",\"inLanguage\":\"es\",\"@id\":\"https:\\\/\\\/www.lifenatura.com\\\/es\\\/produto\\\/pelo-unas-y-piel-60-capsulas-calendula\\\/#primaryimage\",\"url\":\"https:\\\/\\\/www.lifenatura.com\\\/wp-content\\\/uploads\\\/2026\\\/03\\\/CABELO_UNHAS__PELE_60_CAPS_PT_WEB_FINAL2.jpg\",\"contentUrl\":\"https:\\\/\\\/www.lifenatura.com\\\/wp-content\\\/uploads\\\/2026\\\/03\\\/CABELO_UNHAS__PELE_60_CAPS_PT_WEB_FINAL2.jpg\",\"width\":600,\"height\":600},{\"@type\":\"BreadcrumbList\",\"@id\":\"https:\\\/\\\/www.lifenatura.com\\\/es\\\/produto\\\/pelo-unas-y-piel-60-capsulas-calendula\\\/#breadcrumb\",\"itemListElement\":[{\"@type\":\"ListItem\",\"position\":1,\"name\":\"In\u00edcio\",\"item\":\"https:\\\/\\\/www.lifenatura.com\\\/es\\\/\"},{\"@type\":\"ListItem\",\"position\":2,\"name\":\"Todos los Productos\",\"item\":\"https:\\\/\\\/www.lifenatura.com\\\/es\\\/tienda\\\/\"},{\"@type\":\"ListItem\",\"position\":3,\"name\":\"Pelo, U\u00f1as y Piel 60 c\u00e1psulas &#8211; Calendula\"}]},{\"@type\":\"WebSite\",\"@id\":\"https:\\\/\\\/www.lifenatura.com\\\/es\\\/#website\",\"url\":\"https:\\\/\\\/www.lifenatura.com\\\/es\\\/\",\"name\":\"Lifenatura\",\"description\":\"A Lifenatura \u00e9 uma loja de produtos naturais, cosm\u00e9tica natural e alimenta\u00e7\u00e3o Biol\u00f3gica.\",\"publisher\":{\"@id\":\"https:\\\/\\\/www.lifenatura.com\\\/es\\\/#organization\"},\"potentialAction\":[{\"@type\":\"SearchAction\",\"target\":{\"@type\":\"EntryPoint\",\"urlTemplate\":\"https:\\\/\\\/www.lifenatura.com\\\/es\\\/?s={search_term_string}\"},\"query-input\":{\"@type\":\"PropertyValueSpecification\",\"valueRequired\":true,\"valueName\":\"search_term_string\"}}],\"inLanguage\":\"es\"},{\"@type\":\"Organization\",\"@id\":\"https:\\\/\\\/www.lifenatura.com\\\/es\\\/#organization\",\"name\":\"Lifenatura\",\"url\":\"https:\\\/\\\/www.lifenatura.com\\\/es\\\/\",\"logo\":{\"@type\":\"ImageObject\",\"inLanguage\":\"es\",\"@id\":\"https:\\\/\\\/www.lifenatura.com\\\/es\\\/#\\\/schema\\\/logo\\\/image\\\/\",\"url\":\"https:\\\/\\\/www.lifenatura.com\\\/wp-content\\\/uploads\\\/2021\\\/07\\\/logo.png\",\"contentUrl\":\"https:\\\/\\\/www.lifenatura.com\\\/wp-content\\\/uploads\\\/2021\\\/07\\\/logo.png\",\"width\":175,\"height\":55,\"caption\":\"Lifenatura\"},\"image\":{\"@id\":\"https:\\\/\\\/www.lifenatura.com\\\/es\\\/#\\\/schema\\\/logo\\\/image\\\/\"},\"sameAs\":[\"https:\\\/\\\/www.facebook.com\\\/lifenatura\",\"https:\\\/\\\/www.instagram.com\\\/lifenaturapt\\\/\"],\"hasMerchantReturnPolicy\":{\"@type\":\"MerchantReturnPolicy\",\"merchantReturnLink\":\"https:\\\/\\\/www.lifenatura.com\\\/termos-condicoes-lifenatura\\\/\"}}]}<\/script>\n<meta property=\"product:price:amount\" content=\"9.92\" \/>\n<meta property=\"product:price:currency\" content=\"EUR\" \/>\n<meta property=\"og:availability\" content=\"instock\" \/>\n<meta property=\"product:availability\" content=\"instock\" \/>\n<meta property=\"product:retailer_item_id\" content=\"5603832002706\" \/>\n<meta property=\"product:condition\" content=\"new\" \/>\n<!-- \/ Yoast SEO Premium plugin. -->","yoast_head_json":{"title":"Pelo, U\u00f1as y Piel 60 c\u00e1psulas - Calendula","description":"El pelo, las u\u00f1as y la piel es un suplemento con aceites de pescado ricos en \u00e1cidos grasos omega-3 (EPA, DHA), vitaminas y minerales.","robots":{"index":"index","follow":"follow","max-snippet":"max-snippet:-1","max-image-preview":"max-image-preview:large","max-video-preview":"max-video-preview:-1"},"canonical":"https:\/\/www.lifenatura.com\/es\/produto\/pelo-unas-y-piel-60-capsulas-calendula\/","og_locale":"es_ES","og_type":"article","og_title":"Pelo, U\u00f1as y Piel 60 c\u00e1psulas - Calendula - Na Lifenatura ao Melhor Pre\u00e7o | Envio 48h","og_description":"Compre Pelo, U\u00f1as y Piel 60 c\u00e1psulas - Calendula com envio r\u00e1pido. Entrega em 48h e portes gr\u00e1tis em compras >35\u20ac. Aproveite j\u00e1 na Lifenatura","og_url":"https:\/\/www.lifenatura.com\/es\/produto\/pelo-unas-y-piel-60-capsulas-calendula\/","og_site_name":"Lifenatura","article_publisher":"https:\/\/www.facebook.com\/lifenatura","article_modified_time":"2026-01-16T13:09:43+00:00","og_image":[{"width":1000,"height":1000,"url":"https:\/\/www.lifenatura.com\/wp-content\/uploads\/2021\/09\/gd_calendula-cabelo-unhas-pele-comprimidos.jpg","type":"image\/jpeg"}],"twitter_card":"summary_large_image","twitter_misc":{"Precio":"9,92&nbsp;&euro;","Disponibilidad":"Disponible"},"schema":{"@context":"https:\/\/schema.org","@graph":[{"@type":"WebPage","@id":"https:\/\/www.lifenatura.com\/es\/produto\/pelo-unas-y-piel-60-capsulas-calendula\/","url":"https:\/\/www.lifenatura.com\/es\/produto\/pelo-unas-y-piel-60-capsulas-calendula\/","name":"Pelo, U\u00f1as y Piel 60 c\u00e1psulas - Calendula","isPartOf":{"@id":"https:\/\/www.lifenatura.com\/es\/#website"},"primaryImageOfPage":{"@id":"https:\/\/www.lifenatura.com\/es\/produto\/pelo-unas-y-piel-60-capsulas-calendula\/#primaryimage"},"image":{"@id":"https:\/\/www.lifenatura.com\/es\/produto\/pelo-unas-y-piel-60-capsulas-calendula\/#primaryimage"},"thumbnailUrl":"https:\/\/www.lifenatura.com\/wp-content\/uploads\/2026\/03\/CABELO_UNHAS__PELE_60_CAPS_PT_WEB_FINAL2.jpg","datePublished":"2021-09-30T09:30:49+00:00","dateModified":"2026-01-16T13:09:43+00:00","description":"El pelo, las u\u00f1as y la piel es un suplemento con aceites de pescado ricos en \u00e1cidos grasos omega-3 (EPA, DHA), vitaminas y minerales.","breadcrumb":{"@id":"https:\/\/www.lifenatura.com\/es\/produto\/pelo-unas-y-piel-60-capsulas-calendula\/#breadcrumb"},"inLanguage":"es","potentialAction":[{"@type":"ReadAction","target":["https:\/\/www.lifenatura.com\/es\/produto\/pelo-unas-y-piel-60-capsulas-calendula\/"]}]},{"@type":"ImageObject","inLanguage":"es","@id":"https:\/\/www.lifenatura.com\/es\/produto\/pelo-unas-y-piel-60-capsulas-calendula\/#primaryimage","url":"https:\/\/www.lifenatura.com\/wp-content\/uploads\/2026\/03\/CABELO_UNHAS__PELE_60_CAPS_PT_WEB_FINAL2.jpg","contentUrl":"https:\/\/www.lifenatura.com\/wp-content\/uploads\/2026\/03\/CABELO_UNHAS__PELE_60_CAPS_PT_WEB_FINAL2.jpg","width":600,"height":600},{"@type":"BreadcrumbList","@id":"https:\/\/www.lifenatura.com\/es\/produto\/pelo-unas-y-piel-60-capsulas-calendula\/#breadcrumb","itemListElement":[{"@type":"ListItem","position":1,"name":"In\u00edcio","item":"https:\/\/www.lifenatura.com\/es\/"},{"@type":"ListItem","position":2,"name":"Todos los Productos","item":"https:\/\/www.lifenatura.com\/es\/tienda\/"},{"@type":"ListItem","position":3,"name":"Pelo, U\u00f1as y Piel 60 c\u00e1psulas &#8211; Calendula"}]},{"@type":"WebSite","@id":"https:\/\/www.lifenatura.com\/es\/#website","url":"https:\/\/www.lifenatura.com\/es\/","name":"Lifenatura","description":"A Lifenatura \u00e9 uma loja de produtos naturais, cosm\u00e9tica natural e alimenta\u00e7\u00e3o Biol\u00f3gica.","publisher":{"@id":"https:\/\/www.lifenatura.com\/es\/#organization"},"potentialAction":[{"@type":"SearchAction","target":{"@type":"EntryPoint","urlTemplate":"https:\/\/www.lifenatura.com\/es\/?s={search_term_string}"},"query-input":{"@type":"PropertyValueSpecification","valueRequired":true,"valueName":"search_term_string"}}],"inLanguage":"es"},{"@type":"Organization","@id":"https:\/\/www.lifenatura.com\/es\/#organization","name":"Lifenatura","url":"https:\/\/www.lifenatura.com\/es\/","logo":{"@type":"ImageObject","inLanguage":"es","@id":"https:\/\/www.lifenatura.com\/es\/#\/schema\/logo\/image\/","url":"https:\/\/www.lifenatura.com\/wp-content\/uploads\/2021\/07\/logo.png","contentUrl":"https:\/\/www.lifenatura.com\/wp-content\/uploads\/2021\/07\/logo.png","width":175,"height":55,"caption":"Lifenatura"},"image":{"@id":"https:\/\/www.lifenatura.com\/es\/#\/schema\/logo\/image\/"},"sameAs":["https:\/\/www.facebook.com\/lifenatura","https:\/\/www.instagram.com\/lifenaturapt\/"],"hasMerchantReturnPolicy":{"@type":"MerchantReturnPolicy","merchantReturnLink":"https:\/\/www.lifenatura.com\/termos-condicoes-lifenatura\/"}}]},"product_price_amount":"9.92","product_price_currency":"EUR","og_availability":"instock","product_availability":"instock","product_retailer_item_id":"5603832002706","product_condition":"new"},"df_price":9.92,"df_sale_price":9.92,"df_regular_price":13.58,"df_image_link":"https:\/\/www.lifenatura.com\/wp-content\/uploads\/2026\/03\/CABELO_UNHAS__PELE_60_CAPS_PT_WEB_FINAL2-300x300.jpg","_links":{"self":[{"href":"https:\/\/www.lifenatura.com\/es\/wp-json\/wp\/v2\/product\/36403","targetHints":{"allow":["GET"]}}],"collection":[{"href":"https:\/\/www.lifenatura.com\/es\/wp-json\/wp\/v2\/product"}],"about":[{"href":"https:\/\/www.lifenatura.com\/es\/wp-json\/wp\/v2\/types\/product"}],"wp:featuredmedia":[{"embeddable":true,"href":"https:\/\/www.lifenatura.com\/es\/wp-json\/wp\/v2\/media\/130826"}],"wp:attachment":[{"href":"https:\/\/www.lifenatura.com\/es\/wp-json\/wp\/v2\/media?parent=36403"}],"wp:term":[{"taxonomy":"product_brand","embeddable":true,"href":"https:\/\/www.lifenatura.com\/es\/wp-json\/wp\/v2\/product_brand?post=36403"},{"taxonomy":"product_cat","embeddable":true,"href":"https:\/\/www.lifenatura.com\/es\/wp-json\/wp\/v2\/product_cat?post=36403"},{"taxonomy":"product_tag","embeddable":true,"href":"https:\/\/www.lifenatura.com\/es\/wp-json\/wp\/v2\/product_tag?post=36403"}],"curies":[{"name":"wp","href":"https:\/\/api.w.org\/{rel}","templated":true}]}}