{"id":36393,"date":"2021-09-30T09:30:28","date_gmt":"2021-09-30T09:30:28","guid":{"rendered":"https:\/\/lifenatura.dev.agenciagetdigital.com\/produto\/bodilax-forte-25-dragueias-calendula\/"},"modified":"2025-02-08T08:27:25","modified_gmt":"2025-02-08T08:27:25","slug":"bodilax-forte-25-dragueias-calendula","status":"publish","type":"product","link":"https:\/\/www.lifenatura.com\/es\/produto\/bodilax-forte-25-dragueias-calendula\/","title":{"rendered":"Bodilax Forte 25 Comprimidos &#8211; Calendula"},"content":{"rendered":"<h2 style=\"text-align: left;\"><strong>Bodilax Forte: Regulaci\u00f3n intestinal natural y eficaz<\/strong><\/h2>\n<p>&nbsp;<\/p>\n<p>Bodilax Forte es un complemento alimenticio formulado para favorecer el funcionamiento normal del tr\u00e1nsito intestinal, proporcionando un alivio eficaz en casos de estre\u00f1imiento ocasional.<\/p>\n<p>Con una combinaci\u00f3n de ingredientes naturales como fibra, extractos de plantas y probi\u00f3ticos, Bodilax Forte favorece un tr\u00e1nsito intestinal regular sin causar molestias ni habituaci\u00f3n. Es la soluci\u00f3n ideal para cualquier persona que busque un apoyo natural para el equilibrio digestivo y el bienestar intestinal.<\/p>\n<p><strong>Principales beneficios:<\/strong><\/p>\n<ul>\n<li><strong>Regula el tr\u00e1nsito intestinal:<\/strong> Ayuda a normalizar la funci\u00f3n intestinal, aliviando suavemente el estre\u00f1imiento.<\/li>\n<li><strong>Favorece la digesti\u00f3n:<\/strong> Mejora el proceso digestivo, reduciendo la hinchaz\u00f3n abdominal y la sensaci\u00f3n de malestar.<\/li>\n<li><strong>Efecto suave y natural:<\/strong> F\u00f3rmula a base de ingredientes naturales no adictivos.<\/li>\n<li><strong>Flora intestinal sana:<\/strong> Puede contener probi\u00f3ticos o fibras que ayudan a equilibrar la microbiota intestinal, favoreciendo el bienestar digestivo.<\/li>\n<li><strong>Acci\u00f3n r\u00e1pida:<\/strong> Eficaz en casos de necesidad urgente, promoviendo un alivio natural y seguro.<\/li>\n<\/ul>\n<p><strong>Indicado para:<\/strong><\/p>\n<p>Personas que sufren estre\u00f1imiento ocasional o irregularidad intestinal.<br \/>\nPersonas con digestiones lentas o sensaci\u00f3n de hinchaz\u00f3n y malestar abdominal.<br \/>\nCualquier persona que busque una alternativa natural para regular eficazmente el tr\u00e1nsito intestinal.<br \/>\nIdeal para complementar una dieta rica en fibra y un estilo de vida saludable.<\/p>\n<p>Bodilax forte es un complemento que regula el tr\u00e1nsito intestinal y el estre\u00f1imiento de forma natural. Complemento a base de C\u00e1scara Sagrada, Cassia, Aloe, Aliso Negro, Algas y Jengibre.<\/p>\n<p><strong>PRESENTACI\u00d3N<\/strong><\/p>\n<p>25 comprimidos<\/p>\n<p>&nbsp;<\/p>\n","protected":false},"excerpt":{"rendered":"<p>Bodilax Forte regula el tr\u00e1nsito intestinal de forma natural y eficaz, aliviando el estre\u00f1imiento y favoreciendo el bienestar digestivo sin causar dependencia. [&#8230;]<\/p>\n<p><a class=\"btn btn-secondary understrap-read-more-link\" href=\"https:\/\/www.lifenatura.com\/es\/produto\/bodilax-forte-25-dragueias-calendula\/\">Leer m\u00e1s&#8230;<span class=\"screen-reader-text\"> from Bodilax Forte 25 Comprimidos &#8211; Calendula<\/span><\/a><\/p>\n","protected":false},"featured_media":123927,"template":"","meta":{"_acf_changed":false},"product_brand":[8546],"product_cat":[7901,7257,7263,7179,7883],"product_tag":[],"class_list":{"0":"post-36393","1":"product","2":"type-product","3":"status-publish","4":"has-post-thumbnail","6":"product_brand-calendula-es","7":"product_cat-20-descuento-compra-2-unidades","8":"product_cat-estrenimiento","9":"product_cat-packs-de-salud","10":"product_cat-salud","11":"product_cat-suplementos-alimenticios","13":"first","14":"instock","15":"sale","16":"shipping-taxable","17":"purchasable","18":"product-type-simple","19":"add-to-wishlist-before_image"},"acf":[],"yoast_head":"<!-- This site is optimized with the Yoast SEO Premium plugin v27.1 (Yoast SEO v27.5) - https:\/\/yoast.com\/product\/yoast-seo-premium-wordpress\/ -->\n<title>Bodilax Forte Calendula - Lifenatura<\/title>\n<meta name=\"description\" content=\"Bodilax Forte regula el tr\u00e1nsito intestinal de forma natural y eficaz, aliviando el estre\u00f1imiento y favoreciendo el bienestar digestivo.\" \/>\n<meta name=\"robots\" content=\"index, follow, max-snippet:-1, max-image-preview:large, max-video-preview:-1\" \/>\n<link rel=\"canonical\" href=\"https:\/\/www.lifenatura.com\/es\/produto\/bodilax-forte-25-dragueias-calendula\/\" \/>\n<meta property=\"og:locale\" content=\"es_ES\" \/>\n<meta property=\"og:type\" content=\"article\" \/>\n<meta property=\"og:title\" content=\"Bodilax Forte 25 Comprimidos - Calendula - Na Lifenatura ao Melhor Pre\u00e7o | Envio 48h\" \/>\n<meta property=\"og:description\" content=\"Compre Bodilax Forte 25 Comprimidos - Calendula com envio r\u00e1pido. Entrega em 48h e portes gr\u00e1tis em compras &gt;35\u20ac. Aproveite j\u00e1 na Lifenatura\" \/>\n<meta property=\"og:url\" content=\"https:\/\/www.lifenatura.com\/es\/produto\/bodilax-forte-25-dragueias-calendula\/\" \/>\n<meta property=\"og:site_name\" content=\"Lifenatura\" \/>\n<meta property=\"article:publisher\" content=\"https:\/\/www.facebook.com\/lifenatura\" \/>\n<meta property=\"article:modified_time\" content=\"2025-02-08T08:27:25+00:00\" \/>\n<meta property=\"og:image\" content=\"https:\/\/www.lifenatura.com\/wp-content\/uploads\/2021\/09\/bodilax-forte-calendula.jpg\" \/>\n\t<meta property=\"og:image:width\" content=\"1000\" \/>\n\t<meta property=\"og:image:height\" content=\"1000\" \/>\n\t<meta property=\"og:image:type\" content=\"image\/jpeg\" \/>\n<meta name=\"twitter:card\" content=\"summary_large_image\" \/>\n<meta name=\"twitter:label1\" content=\"Precio\" \/>\n\t<meta name=\"twitter:data1\" content=\"13,90&nbsp;&euro;\" \/>\n\t<meta name=\"twitter:label2\" content=\"Disponibilidad\" \/>\n\t<meta name=\"twitter:data2\" content=\"Disponible\" \/>\n<script type=\"application\/ld+json\" class=\"yoast-schema-graph\">{\"@context\":\"https:\\\/\\\/schema.org\",\"@graph\":[{\"@type\":\"WebPage\",\"@id\":\"https:\\\/\\\/www.lifenatura.com\\\/es\\\/produto\\\/bodilax-forte-25-dragueias-calendula\\\/\",\"url\":\"https:\\\/\\\/www.lifenatura.com\\\/es\\\/produto\\\/bodilax-forte-25-dragueias-calendula\\\/\",\"name\":\"Bodilax Forte Calendula - Lifenatura\",\"isPartOf\":{\"@id\":\"https:\\\/\\\/www.lifenatura.com\\\/es\\\/#website\"},\"primaryImageOfPage\":{\"@id\":\"https:\\\/\\\/www.lifenatura.com\\\/es\\\/produto\\\/bodilax-forte-25-dragueias-calendula\\\/#primaryimage\"},\"image\":{\"@id\":\"https:\\\/\\\/www.lifenatura.com\\\/es\\\/produto\\\/bodilax-forte-25-dragueias-calendula\\\/#primaryimage\"},\"thumbnailUrl\":\"https:\\\/\\\/www.lifenatura.com\\\/wp-content\\\/uploads\\\/2021\\\/09\\\/bodilax-forte-pack-calendula.jpg\",\"datePublished\":\"2021-09-30T09:30:28+00:00\",\"dateModified\":\"2025-02-08T08:27:25+00:00\",\"description\":\"Bodilax Forte regula el tr\u00e1nsito intestinal de forma natural y eficaz, aliviando el estre\u00f1imiento y favoreciendo el bienestar digestivo.\",\"breadcrumb\":{\"@id\":\"https:\\\/\\\/www.lifenatura.com\\\/es\\\/produto\\\/bodilax-forte-25-dragueias-calendula\\\/#breadcrumb\"},\"inLanguage\":\"es\",\"potentialAction\":[{\"@type\":\"ReadAction\",\"target\":[\"https:\\\/\\\/www.lifenatura.com\\\/es\\\/produto\\\/bodilax-forte-25-dragueias-calendula\\\/\"]}]},{\"@type\":\"ImageObject\",\"inLanguage\":\"es\",\"@id\":\"https:\\\/\\\/www.lifenatura.com\\\/es\\\/produto\\\/bodilax-forte-25-dragueias-calendula\\\/#primaryimage\",\"url\":\"https:\\\/\\\/www.lifenatura.com\\\/wp-content\\\/uploads\\\/2021\\\/09\\\/bodilax-forte-pack-calendula.jpg\",\"contentUrl\":\"https:\\\/\\\/www.lifenatura.com\\\/wp-content\\\/uploads\\\/2021\\\/09\\\/bodilax-forte-pack-calendula.jpg\",\"width\":1000,\"height\":1000,\"caption\":\"Bodilax forte pack de 25 comprimidos da calendula\"},{\"@type\":\"BreadcrumbList\",\"@id\":\"https:\\\/\\\/www.lifenatura.com\\\/es\\\/produto\\\/bodilax-forte-25-dragueias-calendula\\\/#breadcrumb\",\"itemListElement\":[{\"@type\":\"ListItem\",\"position\":1,\"name\":\"In\u00edcio\",\"item\":\"https:\\\/\\\/www.lifenatura.com\\\/es\\\/\"},{\"@type\":\"ListItem\",\"position\":2,\"name\":\"Todos los Productos\",\"item\":\"https:\\\/\\\/www.lifenatura.com\\\/es\\\/tienda\\\/\"},{\"@type\":\"ListItem\",\"position\":3,\"name\":\"Bodilax Forte 25 Comprimidos &#8211; Calendula\"}]},{\"@type\":\"WebSite\",\"@id\":\"https:\\\/\\\/www.lifenatura.com\\\/es\\\/#website\",\"url\":\"https:\\\/\\\/www.lifenatura.com\\\/es\\\/\",\"name\":\"Lifenatura\",\"description\":\"A Lifenatura \u00e9 uma loja de produtos naturais, cosm\u00e9tica natural e alimenta\u00e7\u00e3o Biol\u00f3gica.\",\"publisher\":{\"@id\":\"https:\\\/\\\/www.lifenatura.com\\\/es\\\/#organization\"},\"potentialAction\":[{\"@type\":\"SearchAction\",\"target\":{\"@type\":\"EntryPoint\",\"urlTemplate\":\"https:\\\/\\\/www.lifenatura.com\\\/es\\\/?s={search_term_string}\"},\"query-input\":{\"@type\":\"PropertyValueSpecification\",\"valueRequired\":true,\"valueName\":\"search_term_string\"}}],\"inLanguage\":\"es\"},{\"@type\":\"Organization\",\"@id\":\"https:\\\/\\\/www.lifenatura.com\\\/es\\\/#organization\",\"name\":\"Lifenatura\",\"url\":\"https:\\\/\\\/www.lifenatura.com\\\/es\\\/\",\"logo\":{\"@type\":\"ImageObject\",\"inLanguage\":\"es\",\"@id\":\"https:\\\/\\\/www.lifenatura.com\\\/es\\\/#\\\/schema\\\/logo\\\/image\\\/\",\"url\":\"https:\\\/\\\/www.lifenatura.com\\\/wp-content\\\/uploads\\\/2021\\\/07\\\/logo.png\",\"contentUrl\":\"https:\\\/\\\/www.lifenatura.com\\\/wp-content\\\/uploads\\\/2021\\\/07\\\/logo.png\",\"width\":175,\"height\":55,\"caption\":\"Lifenatura\"},\"image\":{\"@id\":\"https:\\\/\\\/www.lifenatura.com\\\/es\\\/#\\\/schema\\\/logo\\\/image\\\/\"},\"sameAs\":[\"https:\\\/\\\/www.facebook.com\\\/lifenatura\",\"https:\\\/\\\/www.instagram.com\\\/lifenaturapt\\\/\"],\"hasMerchantReturnPolicy\":{\"@type\":\"MerchantReturnPolicy\",\"merchantReturnLink\":\"https:\\\/\\\/www.lifenatura.com\\\/termos-condicoes-lifenatura\\\/\"}}]}<\/script>\n<meta property=\"product:price:amount\" content=\"13.90\" \/>\n<meta property=\"product:price:currency\" content=\"EUR\" \/>\n<meta property=\"og:availability\" content=\"instock\" \/>\n<meta property=\"product:availability\" content=\"instock\" \/>\n<meta property=\"product:retailer_item_id\" content=\"5603832002256\" \/>\n<meta property=\"product:condition\" content=\"new\" \/>\n<!-- \/ Yoast SEO Premium plugin. -->","yoast_head_json":{"title":"Bodilax Forte Calendula - Lifenatura","description":"Bodilax Forte regula el tr\u00e1nsito intestinal de forma natural y eficaz, aliviando el estre\u00f1imiento y favoreciendo el bienestar digestivo.","robots":{"index":"index","follow":"follow","max-snippet":"max-snippet:-1","max-image-preview":"max-image-preview:large","max-video-preview":"max-video-preview:-1"},"canonical":"https:\/\/www.lifenatura.com\/es\/produto\/bodilax-forte-25-dragueias-calendula\/","og_locale":"es_ES","og_type":"article","og_title":"Bodilax Forte 25 Comprimidos - Calendula - Na Lifenatura ao Melhor Pre\u00e7o | Envio 48h","og_description":"Compre Bodilax Forte 25 Comprimidos - Calendula com envio r\u00e1pido. Entrega em 48h e portes gr\u00e1tis em compras >35\u20ac. Aproveite j\u00e1 na Lifenatura","og_url":"https:\/\/www.lifenatura.com\/es\/produto\/bodilax-forte-25-dragueias-calendula\/","og_site_name":"Lifenatura","article_publisher":"https:\/\/www.facebook.com\/lifenatura","article_modified_time":"2025-02-08T08:27:25+00:00","og_image":[{"width":1000,"height":1000,"url":"https:\/\/www.lifenatura.com\/wp-content\/uploads\/2021\/09\/bodilax-forte-calendula.jpg","type":"image\/jpeg"}],"twitter_card":"summary_large_image","twitter_misc":{"Precio":"13,90&nbsp;&euro;","Disponibilidad":"Disponible"},"schema":{"@context":"https:\/\/schema.org","@graph":[{"@type":"WebPage","@id":"https:\/\/www.lifenatura.com\/es\/produto\/bodilax-forte-25-dragueias-calendula\/","url":"https:\/\/www.lifenatura.com\/es\/produto\/bodilax-forte-25-dragueias-calendula\/","name":"Bodilax Forte Calendula - Lifenatura","isPartOf":{"@id":"https:\/\/www.lifenatura.com\/es\/#website"},"primaryImageOfPage":{"@id":"https:\/\/www.lifenatura.com\/es\/produto\/bodilax-forte-25-dragueias-calendula\/#primaryimage"},"image":{"@id":"https:\/\/www.lifenatura.com\/es\/produto\/bodilax-forte-25-dragueias-calendula\/#primaryimage"},"thumbnailUrl":"https:\/\/www.lifenatura.com\/wp-content\/uploads\/2021\/09\/bodilax-forte-pack-calendula.jpg","datePublished":"2021-09-30T09:30:28+00:00","dateModified":"2025-02-08T08:27:25+00:00","description":"Bodilax Forte regula el tr\u00e1nsito intestinal de forma natural y eficaz, aliviando el estre\u00f1imiento y favoreciendo el bienestar digestivo.","breadcrumb":{"@id":"https:\/\/www.lifenatura.com\/es\/produto\/bodilax-forte-25-dragueias-calendula\/#breadcrumb"},"inLanguage":"es","potentialAction":[{"@type":"ReadAction","target":["https:\/\/www.lifenatura.com\/es\/produto\/bodilax-forte-25-dragueias-calendula\/"]}]},{"@type":"ImageObject","inLanguage":"es","@id":"https:\/\/www.lifenatura.com\/es\/produto\/bodilax-forte-25-dragueias-calendula\/#primaryimage","url":"https:\/\/www.lifenatura.com\/wp-content\/uploads\/2021\/09\/bodilax-forte-pack-calendula.jpg","contentUrl":"https:\/\/www.lifenatura.com\/wp-content\/uploads\/2021\/09\/bodilax-forte-pack-calendula.jpg","width":1000,"height":1000,"caption":"Bodilax forte pack de 25 comprimidos da calendula"},{"@type":"BreadcrumbList","@id":"https:\/\/www.lifenatura.com\/es\/produto\/bodilax-forte-25-dragueias-calendula\/#breadcrumb","itemListElement":[{"@type":"ListItem","position":1,"name":"In\u00edcio","item":"https:\/\/www.lifenatura.com\/es\/"},{"@type":"ListItem","position":2,"name":"Todos los Productos","item":"https:\/\/www.lifenatura.com\/es\/tienda\/"},{"@type":"ListItem","position":3,"name":"Bodilax Forte 25 Comprimidos &#8211; Calendula"}]},{"@type":"WebSite","@id":"https:\/\/www.lifenatura.com\/es\/#website","url":"https:\/\/www.lifenatura.com\/es\/","name":"Lifenatura","description":"A Lifenatura \u00e9 uma loja de produtos naturais, cosm\u00e9tica natural e alimenta\u00e7\u00e3o Biol\u00f3gica.","publisher":{"@id":"https:\/\/www.lifenatura.com\/es\/#organization"},"potentialAction":[{"@type":"SearchAction","target":{"@type":"EntryPoint","urlTemplate":"https:\/\/www.lifenatura.com\/es\/?s={search_term_string}"},"query-input":{"@type":"PropertyValueSpecification","valueRequired":true,"valueName":"search_term_string"}}],"inLanguage":"es"},{"@type":"Organization","@id":"https:\/\/www.lifenatura.com\/es\/#organization","name":"Lifenatura","url":"https:\/\/www.lifenatura.com\/es\/","logo":{"@type":"ImageObject","inLanguage":"es","@id":"https:\/\/www.lifenatura.com\/es\/#\/schema\/logo\/image\/","url":"https:\/\/www.lifenatura.com\/wp-content\/uploads\/2021\/07\/logo.png","contentUrl":"https:\/\/www.lifenatura.com\/wp-content\/uploads\/2021\/07\/logo.png","width":175,"height":55,"caption":"Lifenatura"},"image":{"@id":"https:\/\/www.lifenatura.com\/es\/#\/schema\/logo\/image\/"},"sameAs":["https:\/\/www.facebook.com\/lifenatura","https:\/\/www.instagram.com\/lifenaturapt\/"],"hasMerchantReturnPolicy":{"@type":"MerchantReturnPolicy","merchantReturnLink":"https:\/\/www.lifenatura.com\/termos-condicoes-lifenatura\/"}}]},"product_price_amount":"13.90","product_price_currency":"EUR","og_availability":"instock","product_availability":"instock","product_retailer_item_id":"5603832002256","product_condition":"new"},"df_price":13.9,"df_sale_price":13.9,"df_regular_price":19.92,"df_image_link":"https:\/\/www.lifenatura.com\/wp-content\/uploads\/2021\/09\/bodilax-forte-pack-calendula-300x300.jpg","_links":{"self":[{"href":"https:\/\/www.lifenatura.com\/es\/wp-json\/wp\/v2\/product\/36393","targetHints":{"allow":["GET"]}}],"collection":[{"href":"https:\/\/www.lifenatura.com\/es\/wp-json\/wp\/v2\/product"}],"about":[{"href":"https:\/\/www.lifenatura.com\/es\/wp-json\/wp\/v2\/types\/product"}],"wp:featuredmedia":[{"embeddable":true,"href":"https:\/\/www.lifenatura.com\/es\/wp-json\/wp\/v2\/media\/123927"}],"wp:attachment":[{"href":"https:\/\/www.lifenatura.com\/es\/wp-json\/wp\/v2\/media?parent=36393"}],"wp:term":[{"taxonomy":"product_brand","embeddable":true,"href":"https:\/\/www.lifenatura.com\/es\/wp-json\/wp\/v2\/product_brand?post=36393"},{"taxonomy":"product_cat","embeddable":true,"href":"https:\/\/www.lifenatura.com\/es\/wp-json\/wp\/v2\/product_cat?post=36393"},{"taxonomy":"product_tag","embeddable":true,"href":"https:\/\/www.lifenatura.com\/es\/wp-json\/wp\/v2\/product_tag?post=36393"}],"curies":[{"name":"wp","href":"https:\/\/api.w.org\/{rel}","templated":true}]}}