{"id":36379,"date":"2021-09-30T09:30:06","date_gmt":"2021-09-30T09:30:06","guid":{"rendered":"https:\/\/lifenatura.dev.agenciagetdigital.com\/produto\/gelatkaps-atrokur-marin-240-capsulas-calendula\/"},"modified":"2026-01-16T13:09:40","modified_gmt":"2026-01-16T13:09:40","slug":"gelatkaps-atrokur-marin-240-capsulas-calendula","status":"publish","type":"product","link":"https:\/\/www.lifenatura.com\/es\/produto\/gelatkaps-atrokur-marin-240-capsulas-calendula\/","title":{"rendered":"Gelatkaps Atrokur Marin 240 c\u00e1psulas &#8211; Calendula"},"content":{"rendered":"<p>Indicado para el Sistema Osteoarticular Gelatkaps Atrokur Marin es un suplemento alimenticio compuesto por col\u00e1geno hidrolizado obtenido de la gelatina de pescado. El col\u00e1geno es la prote\u00edna presente en mayor cantidad en el organismo (superior al 30% de representatividad) en la piel, las u\u00f1as, el cabello, los huesos, los tendones, el tejido conectivo y contiene una gran variedad y cantidad de amino\u00e1cidos. El col\u00e1geno de Gelatkaps Atrokur Marin por ser hidrolizado es m\u00e1s f\u00e1cil de digerir y tiene una mejor absorci\u00f3n, ya que el tama\u00f1o de las mol\u00e9culas es inferior al convencional. PRESENTACI\u00d3N 240 C\u00e1psulas.<\/p>\n","protected":false},"excerpt":{"rendered":"<p>Indicado para el Sistema Osteoarticular Gelatkaps Atrokur Marin es un suplemento alimenticio compuesto por col\u00e1geno hidrolizado obtenido de la gelatina de pescado. El col\u00e1geno es la prote\u00edna presente en mayor cantidad en el organismo (superior al 30% de representatividad) en la piel, las u\u00f1as, el cabello, los huesos, los tendones, el tejido conectivo y contiene [&#8230;]<\/p>\n<p><a class=\"btn btn-secondary understrap-read-more-link\" href=\"https:\/\/www.lifenatura.com\/es\/produto\/gelatkaps-atrokur-marin-240-capsulas-calendula\/\">Leer m\u00e1s&#8230;<span class=\"screen-reader-text\"> from Gelatkaps Atrokur Marin 240 c\u00e1psulas &#8211; Calendula<\/span><\/a><\/p>\n","protected":false},"featured_media":130846,"template":"","meta":{"_acf_changed":false},"product_brand":[8546],"product_cat":[7205,7179],"product_tag":[8700],"class_list":{"0":"post-36379","1":"product","2":"type-product","3":"status-publish","4":"has-post-thumbnail","6":"product_brand-calendula-es","7":"product_cat-articulaciones","8":"product_cat-salud","9":"product_tag-calendula_2026","11":"first","12":"instock","13":"sale","14":"featured","15":"shipping-taxable","16":"purchasable","17":"product-type-simple","18":"add-to-wishlist-before_image"},"acf":[],"yoast_head":"<!-- This site is optimized with the Yoast SEO Premium plugin v27.1 (Yoast SEO v27.4) - https:\/\/yoast.com\/product\/yoast-seo-premium-wordpress\/ -->\n<title>Gelatkaps Atrokur Marin 240 c\u00e1psulas - Calendula<\/title>\n<meta name=\"description\" content=\"Gelatkaps Atrokur Marin est\u00e1 indicado para dolores articulares, artritis, artrosis y osteoporosis.\" \/>\n<meta name=\"robots\" content=\"index, follow, max-snippet:-1, max-image-preview:large, max-video-preview:-1\" \/>\n<link rel=\"canonical\" href=\"https:\/\/www.lifenatura.com\/es\/produto\/gelatkaps-atrokur-marin-240-capsulas-calendula\/\" \/>\n<meta property=\"og:locale\" content=\"es_ES\" \/>\n<meta property=\"og:type\" content=\"article\" \/>\n<meta property=\"og:title\" content=\"Gelatkaps Atrokur Marin 240 c\u00e1psulas - Calendula - Lifenatura\" \/>\n<meta property=\"og:description\" content=\"Compre aqui o seu Gelatkaps Atrokur Marin 240 c\u00e1psulas - Calendula e a Lifenatura Online envia em 48 H com Portes Gratis &gt;35\u20ac de Pedido.\" \/>\n<meta property=\"og:url\" content=\"https:\/\/www.lifenatura.com\/es\/produto\/gelatkaps-atrokur-marin-240-capsulas-calendula\/\" \/>\n<meta property=\"og:site_name\" content=\"Lifenatura\" \/>\n<meta property=\"article:publisher\" content=\"https:\/\/www.facebook.com\/lifenatura\" \/>\n<meta property=\"article:modified_time\" content=\"2026-01-16T13:09:40+00:00\" \/>\n<meta property=\"og:image\" content=\"https:\/\/www.lifenatura.com\/wp-content\/uploads\/2021\/09\/gd_calendula-gelatkaps-240-caps.jpg\" \/>\n\t<meta property=\"og:image:width\" content=\"1000\" \/>\n\t<meta property=\"og:image:height\" content=\"1000\" \/>\n\t<meta property=\"og:image:type\" content=\"image\/jpeg\" \/>\n<meta name=\"twitter:card\" content=\"summary_large_image\" \/>\n<meta name=\"twitter:label1\" content=\"Precio\" \/>\n\t<meta name=\"twitter:data1\" content=\"56,37&nbsp;&euro;\" \/>\n\t<meta name=\"twitter:label2\" content=\"Disponibilidad\" \/>\n\t<meta name=\"twitter:data2\" content=\"Disponible\" \/>\n<meta property=\"product:price:amount\" content=\"56.37\" \/>\n<meta property=\"product:price:currency\" content=\"EUR\" \/>\n<meta property=\"og:availability\" content=\"instock\" \/>\n<meta property=\"product:availability\" content=\"instock\" \/>\n<meta property=\"product:retailer_item_id\" content=\"5603832002133\" \/>\n<meta property=\"product:condition\" content=\"new\" \/>\n<!-- \/ Yoast SEO Premium plugin. -->","yoast_head_json":{"title":"Gelatkaps Atrokur Marin 240 c\u00e1psulas - Calendula","description":"Gelatkaps Atrokur Marin est\u00e1 indicado para dolores articulares, artritis, artrosis y osteoporosis.","robots":{"index":"index","follow":"follow","max-snippet":"max-snippet:-1","max-image-preview":"max-image-preview:large","max-video-preview":"max-video-preview:-1"},"canonical":"https:\/\/www.lifenatura.com\/es\/produto\/gelatkaps-atrokur-marin-240-capsulas-calendula\/","og_locale":"es_ES","og_type":"article","og_title":"Gelatkaps Atrokur Marin 240 c\u00e1psulas - Calendula - Lifenatura","og_description":"Compre aqui o seu Gelatkaps Atrokur Marin 240 c\u00e1psulas - Calendula e a Lifenatura Online envia em 48 H com Portes Gratis >35\u20ac de Pedido.","og_url":"https:\/\/www.lifenatura.com\/es\/produto\/gelatkaps-atrokur-marin-240-capsulas-calendula\/","og_site_name":"Lifenatura","article_publisher":"https:\/\/www.facebook.com\/lifenatura","article_modified_time":"2026-01-16T13:09:40+00:00","og_image":[{"width":1000,"height":1000,"url":"https:\/\/www.lifenatura.com\/wp-content\/uploads\/2021\/09\/gd_calendula-gelatkaps-240-caps.jpg","type":"image\/jpeg"}],"twitter_card":"summary_large_image","twitter_misc":{"Precio":"56,37&nbsp;&euro;","Disponibilidad":"Disponible"},"schema":{"@context":"https:\/\/schema.org","@graph":[{"@type":"WebPage","@id":"https:\/\/www.lifenatura.com\/es\/produto\/gelatkaps-atrokur-marin-240-capsulas-calendula\/","url":"https:\/\/www.lifenatura.com\/es\/produto\/gelatkaps-atrokur-marin-240-capsulas-calendula\/","name":"Gelatkaps Atrokur Marin 240 c\u00e1psulas - Calendula","isPartOf":{"@id":"https:\/\/www.lifenatura.com\/#website"},"primaryImageOfPage":{"@id":"https:\/\/www.lifenatura.com\/es\/produto\/gelatkaps-atrokur-marin-240-capsulas-calendula\/#primaryimage"},"image":{"@id":"https:\/\/www.lifenatura.com\/es\/produto\/gelatkaps-atrokur-marin-240-capsulas-calendula\/#primaryimage"},"thumbnailUrl":"https:\/\/www.lifenatura.com\/wp-content\/uploads\/2026\/03\/Gelatkaps_240caps.jpg","datePublished":"2021-09-30T09:30:06+00:00","dateModified":"2026-01-16T13:09:40+00:00","description":"Gelatkaps Atrokur Marin est\u00e1 indicado para dolores articulares, artritis, artrosis y osteoporosis.","breadcrumb":{"@id":"https:\/\/www.lifenatura.com\/es\/produto\/gelatkaps-atrokur-marin-240-capsulas-calendula\/#breadcrumb"},"inLanguage":"es","potentialAction":[{"@type":"ReadAction","target":["https:\/\/www.lifenatura.com\/es\/produto\/gelatkaps-atrokur-marin-240-capsulas-calendula\/"]}]},{"@type":"ImageObject","inLanguage":"es","@id":"https:\/\/www.lifenatura.com\/es\/produto\/gelatkaps-atrokur-marin-240-capsulas-calendula\/#primaryimage","url":"https:\/\/www.lifenatura.com\/wp-content\/uploads\/2026\/03\/Gelatkaps_240caps.jpg","contentUrl":"https:\/\/www.lifenatura.com\/wp-content\/uploads\/2026\/03\/Gelatkaps_240caps.jpg","width":600,"height":600},{"@type":"BreadcrumbList","@id":"https:\/\/www.lifenatura.com\/es\/produto\/gelatkaps-atrokur-marin-240-capsulas-calendula\/#breadcrumb","itemListElement":[{"@type":"ListItem","position":1,"name":"In\u00edcio","item":"https:\/\/www.lifenatura.com\/es\/"},{"@type":"ListItem","position":2,"name":"Todos los Productos","item":"https:\/\/www.lifenatura.com\/es\/tienda\/"},{"@type":"ListItem","position":3,"name":"Gelatkaps Atrokur Marin 240 c\u00e1psulas &#8211; Calendula"}]},{"@type":"WebSite","@id":"https:\/\/www.lifenatura.com\/#website","url":"https:\/\/www.lifenatura.com\/","name":"Lifenatura","description":"A Lifenatura \u00e9 uma loja de produtos naturais, cosm\u00e9tica natural e alimenta\u00e7\u00e3o Biol\u00f3gica.","publisher":{"@id":"https:\/\/www.lifenatura.com\/#organization"},"potentialAction":[{"@type":"SearchAction","target":{"@type":"EntryPoint","urlTemplate":"https:\/\/www.lifenatura.com\/?s={search_term_string}"},"query-input":{"@type":"PropertyValueSpecification","valueRequired":true,"valueName":"search_term_string"}}],"inLanguage":"es"},{"@type":"Organization","@id":"https:\/\/www.lifenatura.com\/#organization","name":"Lifenatura","url":"https:\/\/www.lifenatura.com\/","logo":{"@type":"ImageObject","inLanguage":"es","@id":"https:\/\/www.lifenatura.com\/#\/schema\/logo\/image\/","url":"https:\/\/www.lifenatura.com\/wp-content\/uploads\/2021\/11\/logo.png","contentUrl":"https:\/\/www.lifenatura.com\/wp-content\/uploads\/2021\/11\/logo.png","width":175,"height":55,"caption":"Lifenatura"},"image":{"@id":"https:\/\/www.lifenatura.com\/#\/schema\/logo\/image\/"},"sameAs":["https:\/\/www.facebook.com\/lifenatura","https:\/\/www.instagram.com\/lifenaturapt\/"]}]},"product_price_amount":"56.37","product_price_currency":"EUR","og_availability":"instock","product_availability":"instock","product_retailer_item_id":"5603832002133","product_condition":"new"},"df_price":56.37,"df_sale_price":56.37,"df_regular_price":77.21,"df_image_link":"https:\/\/www.lifenatura.com\/wp-content\/uploads\/2026\/03\/Gelatkaps_240caps-300x300.jpg","_links":{"self":[{"href":"https:\/\/www.lifenatura.com\/es\/wp-json\/wp\/v2\/product\/36379","targetHints":{"allow":["GET"]}}],"collection":[{"href":"https:\/\/www.lifenatura.com\/es\/wp-json\/wp\/v2\/product"}],"about":[{"href":"https:\/\/www.lifenatura.com\/es\/wp-json\/wp\/v2\/types\/product"}],"wp:featuredmedia":[{"embeddable":true,"href":"https:\/\/www.lifenatura.com\/es\/wp-json\/wp\/v2\/media\/130846"}],"wp:attachment":[{"href":"https:\/\/www.lifenatura.com\/es\/wp-json\/wp\/v2\/media?parent=36379"}],"wp:term":[{"taxonomy":"product_brand","embeddable":true,"href":"https:\/\/www.lifenatura.com\/es\/wp-json\/wp\/v2\/product_brand?post=36379"},{"taxonomy":"product_cat","embeddable":true,"href":"https:\/\/www.lifenatura.com\/es\/wp-json\/wp\/v2\/product_cat?post=36379"},{"taxonomy":"product_tag","embeddable":true,"href":"https:\/\/www.lifenatura.com\/es\/wp-json\/wp\/v2\/product_tag?post=36379"}],"curies":[{"name":"wp","href":"https:\/\/api.w.org\/{rel}","templated":true}]}}