{"id":36374,"date":"2021-09-30T09:30:06","date_gmt":"2021-09-30T09:30:06","guid":{"rendered":"https:\/\/lifenatura.dev.agenciagetdigital.com\/produto\/diet-linha-100-comprimidos-calendula\/"},"modified":"2026-01-16T13:09:40","modified_gmt":"2026-01-16T13:09:40","slug":"diet-linha-100-comprimidos-calendula","status":"publish","type":"product","link":"https:\/\/www.lifenatura.com\/es\/produto\/diet-linha-100-comprimidos-calendula\/","title":{"rendered":"Diet Linha 100 comprimidos &#8211; Calendula"},"content":{"rendered":"<h2 style=\"text-align: left\"><strong>Indicado para Regular o Tr\u00e2nsito Intestinal <\/strong><\/h2>\n<p>Diet Linha tem a\u00e7\u00e3o laxativa e regularizadora do tr\u00e2nsito intestinal.<\/p>\n<p style=\"text-align: left\"><strong>APRESENTA\u00c7\u00c3O <\/strong><\/p>\n<p>100 Comprimidos.<\/p>\n<p>&nbsp;<\/p>\n","protected":false},"excerpt":{"rendered":"<p>Diet Line 100 pastillas es un complemento alimenticio que tiene acci\u00f3n laxante y regularizadora del tr\u00e1nsito intestinal. [&#8230;]<\/p>\n<p><a class=\"btn btn-secondary understrap-read-more-link\" href=\"https:\/\/www.lifenatura.com\/es\/produto\/diet-linha-100-comprimidos-calendula\/\">Leer m\u00e1s&#8230;<span class=\"screen-reader-text\"> from Diet Linha 100 comprimidos &#8211; Calendula<\/span><\/a><\/p>\n","protected":false},"featured_media":130841,"template":"","meta":{"_acf_changed":false},"product_brand":[8546],"product_cat":[7901,7257,7263,7179,7883],"product_tag":[],"class_list":{"0":"post-36374","1":"product","2":"type-product","3":"status-publish","4":"has-post-thumbnail","6":"product_brand-calendula-es","7":"product_cat-20-descuento-compra-2-unidades","8":"product_cat-estrenimiento","9":"product_cat-packs-de-salud","10":"product_cat-salud","11":"product_cat-suplementos-alimenticios","13":"first","14":"instock","15":"sale","16":"featured","17":"shipping-taxable","18":"purchasable","19":"product-type-simple","20":"add-to-wishlist-before_image"},"acf":[],"yoast_head":"<!-- This site is optimized with the Yoast SEO Premium plugin v27.1 (Yoast SEO v27.3) - https:\/\/yoast.com\/product\/yoast-seo-premium-wordpress\/ -->\n<title>Diet Linha Calendula - Lifenatura<\/title>\n<meta name=\"description\" content=\"Diet Line 100 pastillas es un complemento alimenticio que tiene acci\u00f3n laxante y regularizadora del tr\u00e1nsito intestinal.\" \/>\n<meta name=\"robots\" content=\"index, follow, max-snippet:-1, max-image-preview:large, max-video-preview:-1\" \/>\n<link rel=\"canonical\" href=\"https:\/\/www.lifenatura.com\/es\/produto\/diet-linha-100-comprimidos-calendula\/\" \/>\n<meta property=\"og:locale\" content=\"es_ES\" \/>\n<meta property=\"og:type\" content=\"article\" \/>\n<meta property=\"og:title\" content=\"Diet Linha 100 comprimidos - Calendula - Lifenatura\" \/>\n<meta property=\"og:description\" content=\"Compre aqui o seu Diet Linha 100 comprimidos - Calendula e a Lifenatura Online envia em 48 H com Portes Gratis &gt;35\u20ac de Pedido.\" \/>\n<meta property=\"og:url\" content=\"https:\/\/www.lifenatura.com\/es\/produto\/diet-linha-100-comprimidos-calendula\/\" \/>\n<meta property=\"og:site_name\" content=\"Lifenatura\" \/>\n<meta property=\"article:publisher\" content=\"https:\/\/www.facebook.com\/lifenatura\" \/>\n<meta property=\"article:modified_time\" content=\"2026-01-16T13:09:40+00:00\" \/>\n<meta property=\"og:image\" content=\"https:\/\/www.lifenatura.com\/wp-content\/uploads\/2021\/09\/gd_calendula-diet-linha-comprimidos.jpg\" \/>\n\t<meta property=\"og:image:width\" content=\"1000\" \/>\n\t<meta property=\"og:image:height\" content=\"1000\" \/>\n\t<meta property=\"og:image:type\" content=\"image\/jpeg\" \/>\n<meta name=\"twitter:card\" content=\"summary_large_image\" \/>\n<meta name=\"twitter:label1\" content=\"Precio\" \/>\n\t<meta name=\"twitter:data1\" content=\"10,20&nbsp;&euro;\" \/>\n\t<meta name=\"twitter:label2\" content=\"Disponibilidad\" \/>\n\t<meta name=\"twitter:data2\" content=\"Disponible\" \/>\n<meta property=\"product:price:amount\" content=\"10.20\" \/>\n<meta property=\"product:price:currency\" content=\"EUR\" \/>\n<meta property=\"og:availability\" content=\"instock\" \/>\n<meta property=\"product:availability\" content=\"instock\" \/>\n<meta property=\"product:retailer_item_id\" content=\"5603832001471\" \/>\n<meta property=\"product:condition\" content=\"new\" \/>\n<!-- \/ Yoast SEO Premium plugin. -->","yoast_head_json":{"title":"Diet Linha Calendula - Lifenatura","description":"Diet Line 100 pastillas es un complemento alimenticio que tiene acci\u00f3n laxante y regularizadora del tr\u00e1nsito intestinal.","robots":{"index":"index","follow":"follow","max-snippet":"max-snippet:-1","max-image-preview":"max-image-preview:large","max-video-preview":"max-video-preview:-1"},"canonical":"https:\/\/www.lifenatura.com\/es\/produto\/diet-linha-100-comprimidos-calendula\/","og_locale":"es_ES","og_type":"article","og_title":"Diet Linha 100 comprimidos - Calendula - Lifenatura","og_description":"Compre aqui o seu Diet Linha 100 comprimidos - Calendula e a Lifenatura Online envia em 48 H com Portes Gratis >35\u20ac de Pedido.","og_url":"https:\/\/www.lifenatura.com\/es\/produto\/diet-linha-100-comprimidos-calendula\/","og_site_name":"Lifenatura","article_publisher":"https:\/\/www.facebook.com\/lifenatura","article_modified_time":"2026-01-16T13:09:40+00:00","og_image":[{"width":1000,"height":1000,"url":"https:\/\/www.lifenatura.com\/wp-content\/uploads\/2021\/09\/gd_calendula-diet-linha-comprimidos.jpg","type":"image\/jpeg"}],"twitter_card":"summary_large_image","twitter_misc":{"Precio":"10,20&nbsp;&euro;","Disponibilidad":"Disponible"},"schema":{"@context":"https:\/\/schema.org","@graph":[{"@type":"WebPage","@id":"https:\/\/www.lifenatura.com\/es\/produto\/diet-linha-100-comprimidos-calendula\/","url":"https:\/\/www.lifenatura.com\/es\/produto\/diet-linha-100-comprimidos-calendula\/","name":"Diet Linha Calendula - Lifenatura","isPartOf":{"@id":"https:\/\/www.lifenatura.com\/es\/#website"},"primaryImageOfPage":{"@id":"https:\/\/www.lifenatura.com\/es\/produto\/diet-linha-100-comprimidos-calendula\/#primaryimage"},"image":{"@id":"https:\/\/www.lifenatura.com\/es\/produto\/diet-linha-100-comprimidos-calendula\/#primaryimage"},"thumbnailUrl":"https:\/\/www.lifenatura.com\/wp-content\/uploads\/2026\/03\/DIET_LINHA_100_COMP_PT_WEB_FINAL2.jpg","datePublished":"2021-09-30T09:30:06+00:00","dateModified":"2026-01-16T13:09:40+00:00","description":"Diet Line 100 pastillas es un complemento alimenticio que tiene acci\u00f3n laxante y regularizadora del tr\u00e1nsito intestinal.","breadcrumb":{"@id":"https:\/\/www.lifenatura.com\/es\/produto\/diet-linha-100-comprimidos-calendula\/#breadcrumb"},"inLanguage":"es","potentialAction":[{"@type":"ReadAction","target":["https:\/\/www.lifenatura.com\/es\/produto\/diet-linha-100-comprimidos-calendula\/"]}]},{"@type":"ImageObject","inLanguage":"es","@id":"https:\/\/www.lifenatura.com\/es\/produto\/diet-linha-100-comprimidos-calendula\/#primaryimage","url":"https:\/\/www.lifenatura.com\/wp-content\/uploads\/2026\/03\/DIET_LINHA_100_COMP_PT_WEB_FINAL2.jpg","contentUrl":"https:\/\/www.lifenatura.com\/wp-content\/uploads\/2026\/03\/DIET_LINHA_100_COMP_PT_WEB_FINAL2.jpg","width":600,"height":600},{"@type":"BreadcrumbList","@id":"https:\/\/www.lifenatura.com\/es\/produto\/diet-linha-100-comprimidos-calendula\/#breadcrumb","itemListElement":[{"@type":"ListItem","position":1,"name":"In\u00edcio","item":"https:\/\/www.lifenatura.com\/es\/"},{"@type":"ListItem","position":2,"name":"Todos los Productos","item":"https:\/\/www.lifenatura.com\/es\/tienda\/"},{"@type":"ListItem","position":3,"name":"Diet Linha 100 comprimidos &#8211; Calendula"}]},{"@type":"WebSite","@id":"https:\/\/www.lifenatura.com\/es\/#website","url":"https:\/\/www.lifenatura.com\/es\/","name":"Lifenatura","description":"A Lifenatura \u00e9 uma loja de produtos naturais, cosm\u00e9tica natural e alimenta\u00e7\u00e3o Biol\u00f3gica.","publisher":{"@id":"https:\/\/www.lifenatura.com\/es\/#organization"},"potentialAction":[{"@type":"SearchAction","target":{"@type":"EntryPoint","urlTemplate":"https:\/\/www.lifenatura.com\/es\/?s={search_term_string}"},"query-input":{"@type":"PropertyValueSpecification","valueRequired":true,"valueName":"search_term_string"}}],"inLanguage":"es"},{"@type":"Organization","@id":"https:\/\/www.lifenatura.com\/es\/#organization","name":"Lifenatura","url":"https:\/\/www.lifenatura.com\/es\/","logo":{"@type":"ImageObject","inLanguage":"es","@id":"https:\/\/www.lifenatura.com\/es\/#\/schema\/logo\/image\/","url":"https:\/\/www.lifenatura.com\/wp-content\/uploads\/2021\/11\/logo.png","contentUrl":"https:\/\/www.lifenatura.com\/wp-content\/uploads\/2021\/11\/logo.png","width":175,"height":55,"caption":"Lifenatura"},"image":{"@id":"https:\/\/www.lifenatura.com\/es\/#\/schema\/logo\/image\/"},"sameAs":["https:\/\/www.facebook.com\/lifenatura","https:\/\/www.instagram.com\/lifenaturapt\/"]}]},"product_price_amount":"10.20","product_price_currency":"EUR","og_availability":"instock","product_availability":"instock","product_retailer_item_id":"5603832001471","product_condition":"new"},"df_price":10.2,"df_sale_price":10.2,"df_regular_price":13.97,"df_image_link":"https:\/\/www.lifenatura.com\/wp-content\/uploads\/2026\/03\/DIET_LINHA_100_COMP_PT_WEB_FINAL2-300x300.jpg","_links":{"self":[{"href":"https:\/\/www.lifenatura.com\/es\/wp-json\/wp\/v2\/product\/36374","targetHints":{"allow":["GET"]}}],"collection":[{"href":"https:\/\/www.lifenatura.com\/es\/wp-json\/wp\/v2\/product"}],"about":[{"href":"https:\/\/www.lifenatura.com\/es\/wp-json\/wp\/v2\/types\/product"}],"wp:featuredmedia":[{"embeddable":true,"href":"https:\/\/www.lifenatura.com\/es\/wp-json\/wp\/v2\/media\/130841"}],"wp:attachment":[{"href":"https:\/\/www.lifenatura.com\/es\/wp-json\/wp\/v2\/media?parent=36374"}],"wp:term":[{"taxonomy":"product_brand","embeddable":true,"href":"https:\/\/www.lifenatura.com\/es\/wp-json\/wp\/v2\/product_brand?post=36374"},{"taxonomy":"product_cat","embeddable":true,"href":"https:\/\/www.lifenatura.com\/es\/wp-json\/wp\/v2\/product_cat?post=36374"},{"taxonomy":"product_tag","embeddable":true,"href":"https:\/\/www.lifenatura.com\/es\/wp-json\/wp\/v2\/product_tag?post=36374"}],"curies":[{"name":"wp","href":"https:\/\/api.w.org\/{rel}","templated":true}]}}