{"id":36329,"date":"2021-09-30T09:29:31","date_gmt":"2021-09-30T09:29:31","guid":{"rendered":"https:\/\/lifenatura.dev.agenciagetdigital.com\/produto\/f52-gotas-100-ml-ban-xia-hou-po-tang-botica-homeopatica\/"},"modified":"2023-12-09T00:00:58","modified_gmt":"2023-12-09T00:00:58","slug":"f52-gotas-100-ml-ban-xia-hou-po-tang-botica-homeopatica","status":"publish","type":"product","link":"https:\/\/www.lifenatura.com\/es\/produto\/f52-gotas-100-ml-ban-xia-hou-po-tang-botica-homeopatica\/","title":{"rendered":"F52 Gotas 100 ml &#8211; Ban Xia Hou Po Tang &#8211; Botica Homeopatica"},"content":{"rendered":"<h2 style=\"text-align: left;\"><strong>F52 Gotas de Botica Homeop\u00e1tica<\/strong><\/h2>\n<p>&nbsp;<\/p>\n<p>Las Gotas F52 Ban Xia Hou Po Tang de Botica Homeop\u00e1tica son una cuidada combinaci\u00f3n de ingredientes homeop\u00e1ticos para promover el equilibrio y el bienestar. Esta f\u00f3rmula est\u00e1 inspirada en la medicina tradicional china y tiene como objetivo aliviar suavemente las molestias relacionadas con el sistema gastrointestinal.<\/p>\n<p><strong>Caracter\u00edsticas principales:<\/strong><\/p>\n<p><strong>F\u00f3rmula Tradicional:<\/strong> Desarrollada en base a los principios de la medicina tradicional china, F52 Ban Xia Hou Po Tang Gotas combina ingredientes naturales seleccionados para favorecer el equilibrio del sistema gastrointestinal.<\/p>\n<p><strong>Alivio Gastrointestinal:<\/strong> Esta f\u00f3rmula est\u00e1 formulada para ayudar a reducir las molestias gastrointestinales, como la hinchaz\u00f3n y el malestar estomacal.<\/p>\n<p><strong>Altos Est\u00e1ndares de Calidad:<\/strong> Fabricado con los m\u00e1s altos est\u00e1ndares de calidad, este producto se somete a rigurosas pruebas para garantizar su pureza, eficacia y seguridad.<\/p>\n<p>Las Gotas F52 Ban Xia Hou Po Tang de Botica Homeop\u00e1tica ofrecen un enfoque natural y suave para ayudar a aliviar las molestias gastrointestinales, permitiendo un suave equilibrio y bienestar.<\/p>\n<p><strong>PRESENTACI\u00d3N<\/strong><\/p>\n<p>100ml<\/p>\n<p>&nbsp;<\/p>\n","protected":false},"excerpt":{"rendered":"<p>F52 es un complemento alimenticio a base de plantas de la medicina tradicional china, 100% natural, indicado para trastornos g\u00e1stricos funcionales. [&#8230;]<\/p>\n<p><a class=\"btn btn-secondary understrap-read-more-link\" href=\"https:\/\/www.lifenatura.com\/es\/produto\/f52-gotas-100-ml-ban-xia-hou-po-tang-botica-homeopatica\/\">Leer m\u00e1s&#8230;<span class=\"screen-reader-text\"> from F52 Gotas 100 ml &#8211; Ban Xia Hou Po Tang &#8211; Botica Homeopatica<\/span><\/a><\/p>\n","protected":false},"featured_media":17977,"template":"","meta":{"_acf_changed":false},"product_brand":[8544],"product_cat":[7196,7179],"product_tag":[],"class_list":{"0":"post-36329","1":"product","2":"type-product","3":"status-publish","4":"has-post-thumbnail","6":"product_brand-botica-homeopatica-es","7":"product_cat-homeopatia-salud","8":"product_cat-salud","9":"pa_caracteristicas-gotas-orales-homeopaticas","11":"first","12":"instock","13":"shipping-taxable","14":"purchasable","15":"product-type-simple","16":"add-to-wishlist-before_image"},"acf":[],"yoast_head":"<!-- This site is optimized with the Yoast SEO Premium plugin v27.1 (Yoast SEO v27.3) - https:\/\/yoast.com\/product\/yoast-seo-premium-wordpress\/ -->\n<title>F52 Gotas da Botica Homeopatica - Lifenatura<\/title>\n<meta name=\"description\" content=\"F52 es un complemento alimenticio a base de plantas de la medicina tradicional china, 100% natural, indicado para trastornos g\u00e1stricos funcionales.\" \/>\n<meta name=\"robots\" content=\"index, follow, max-snippet:-1, max-image-preview:large, max-video-preview:-1\" \/>\n<link rel=\"canonical\" href=\"https:\/\/www.lifenatura.com\/es\/produto\/f52-gotas-100-ml-ban-xia-hou-po-tang-botica-homeopatica\/\" \/>\n<meta property=\"og:locale\" content=\"es_ES\" \/>\n<meta property=\"og:type\" content=\"article\" \/>\n<meta property=\"og:title\" content=\"F52 Gotas 100 ml - Ban Xia Hou Po Tang - Botica Homeopatica - Lifenatura\" \/>\n<meta property=\"og:description\" content=\"Compre aqui o seu F52 Gotas 100 ml - Ban Xia Hou Po Tang - Botica Homeopatica e a Lifenatura Online envia em 48 H com Portes Gratis &gt;35\u20ac de Pedido.\" \/>\n<meta property=\"og:url\" content=\"https:\/\/www.lifenatura.com\/es\/produto\/f52-gotas-100-ml-ban-xia-hou-po-tang-botica-homeopatica\/\" \/>\n<meta property=\"og:site_name\" content=\"Lifenatura\" \/>\n<meta property=\"article:publisher\" content=\"https:\/\/www.facebook.com\/lifenatura\" \/>\n<meta property=\"article:modified_time\" content=\"2023-12-09T00:00:58+00:00\" \/>\n<meta property=\"og:image\" content=\"https:\/\/www.lifenatura.com\/wp-content\/uploads\/2021\/09\/gd_f_52_gotas_botica_homeopatica.jpg\" \/>\n\t<meta property=\"og:image:width\" content=\"1000\" \/>\n\t<meta property=\"og:image:height\" content=\"1000\" \/>\n\t<meta property=\"og:image:type\" content=\"image\/jpeg\" \/>\n<meta name=\"twitter:card\" content=\"summary_large_image\" \/>\n<meta name=\"twitter:label1\" content=\"Precio\" \/>\n\t<meta name=\"twitter:data1\" content=\"33,76&nbsp;&euro;\" \/>\n\t<meta name=\"twitter:label2\" content=\"Disponibilidad\" \/>\n\t<meta name=\"twitter:data2\" content=\"Disponible\" \/>\n<meta property=\"product:price:amount\" content=\"33.76\" \/>\n<meta property=\"product:price:currency\" content=\"EUR\" \/>\n<meta property=\"og:availability\" content=\"instock\" \/>\n<meta property=\"product:availability\" content=\"instock\" \/>\n<meta property=\"product:retailer_item_id\" content=\"2000000002309\" \/>\n<meta property=\"product:condition\" content=\"new\" \/>\n<!-- \/ Yoast SEO Premium plugin. -->","yoast_head_json":{"title":"F52 Gotas da Botica Homeopatica - Lifenatura","description":"F52 es un complemento alimenticio a base de plantas de la medicina tradicional china, 100% natural, indicado para trastornos g\u00e1stricos funcionales.","robots":{"index":"index","follow":"follow","max-snippet":"max-snippet:-1","max-image-preview":"max-image-preview:large","max-video-preview":"max-video-preview:-1"},"canonical":"https:\/\/www.lifenatura.com\/es\/produto\/f52-gotas-100-ml-ban-xia-hou-po-tang-botica-homeopatica\/","og_locale":"es_ES","og_type":"article","og_title":"F52 Gotas 100 ml - Ban Xia Hou Po Tang - Botica Homeopatica - Lifenatura","og_description":"Compre aqui o seu F52 Gotas 100 ml - Ban Xia Hou Po Tang - Botica Homeopatica e a Lifenatura Online envia em 48 H com Portes Gratis >35\u20ac de Pedido.","og_url":"https:\/\/www.lifenatura.com\/es\/produto\/f52-gotas-100-ml-ban-xia-hou-po-tang-botica-homeopatica\/","og_site_name":"Lifenatura","article_publisher":"https:\/\/www.facebook.com\/lifenatura","article_modified_time":"2023-12-09T00:00:58+00:00","og_image":[{"width":1000,"height":1000,"url":"https:\/\/www.lifenatura.com\/wp-content\/uploads\/2021\/09\/gd_f_52_gotas_botica_homeopatica.jpg","type":"image\/jpeg"}],"twitter_card":"summary_large_image","twitter_misc":{"Precio":"33,76&nbsp;&euro;","Disponibilidad":"Disponible"},"schema":{"@context":"https:\/\/schema.org","@graph":[{"@type":"WebPage","@id":"https:\/\/www.lifenatura.com\/es\/produto\/f52-gotas-100-ml-ban-xia-hou-po-tang-botica-homeopatica\/","url":"https:\/\/www.lifenatura.com\/es\/produto\/f52-gotas-100-ml-ban-xia-hou-po-tang-botica-homeopatica\/","name":"F52 Gotas da Botica Homeopatica - Lifenatura","isPartOf":{"@id":"https:\/\/www.lifenatura.com\/es\/#website"},"primaryImageOfPage":{"@id":"https:\/\/www.lifenatura.com\/es\/produto\/f52-gotas-100-ml-ban-xia-hou-po-tang-botica-homeopatica\/#primaryimage"},"image":{"@id":"https:\/\/www.lifenatura.com\/es\/produto\/f52-gotas-100-ml-ban-xia-hou-po-tang-botica-homeopatica\/#primaryimage"},"thumbnailUrl":"https:\/\/www.lifenatura.com\/wp-content\/uploads\/2021\/09\/gd_f_52_gotas_botica_homeopatica.jpg","datePublished":"2021-09-30T09:29:31+00:00","dateModified":"2023-12-09T00:00:58+00:00","description":"F52 es un complemento alimenticio a base de plantas de la medicina tradicional china, 100% natural, indicado para trastornos g\u00e1stricos funcionales.","breadcrumb":{"@id":"https:\/\/www.lifenatura.com\/es\/produto\/f52-gotas-100-ml-ban-xia-hou-po-tang-botica-homeopatica\/#breadcrumb"},"inLanguage":"es","potentialAction":[{"@type":"ReadAction","target":["https:\/\/www.lifenatura.com\/es\/produto\/f52-gotas-100-ml-ban-xia-hou-po-tang-botica-homeopatica\/"]}]},{"@type":"ImageObject","inLanguage":"es","@id":"https:\/\/www.lifenatura.com\/es\/produto\/f52-gotas-100-ml-ban-xia-hou-po-tang-botica-homeopatica\/#primaryimage","url":"https:\/\/www.lifenatura.com\/wp-content\/uploads\/2021\/09\/gd_f_52_gotas_botica_homeopatica.jpg","contentUrl":"https:\/\/www.lifenatura.com\/wp-content\/uploads\/2021\/09\/gd_f_52_gotas_botica_homeopatica.jpg","width":1000,"height":1000,"caption":"F52 Gotas 100 ml - Ban Xia Hou Po Tang - Botica Homeopatica"},{"@type":"BreadcrumbList","@id":"https:\/\/www.lifenatura.com\/es\/produto\/f52-gotas-100-ml-ban-xia-hou-po-tang-botica-homeopatica\/#breadcrumb","itemListElement":[{"@type":"ListItem","position":1,"name":"In\u00edcio","item":"https:\/\/www.lifenatura.com\/es\/"},{"@type":"ListItem","position":2,"name":"Todos los Productos","item":"https:\/\/www.lifenatura.com\/es\/tienda\/"},{"@type":"ListItem","position":3,"name":"F52 Gotas 100 ml &#8211; Ban Xia Hou Po Tang &#8211; Botica Homeopatica"}]},{"@type":"WebSite","@id":"https:\/\/www.lifenatura.com\/es\/#website","url":"https:\/\/www.lifenatura.com\/es\/","name":"Lifenatura","description":"A Lifenatura \u00e9 uma loja de produtos naturais, cosm\u00e9tica natural e alimenta\u00e7\u00e3o Biol\u00f3gica.","publisher":{"@id":"https:\/\/www.lifenatura.com\/es\/#organization"},"potentialAction":[{"@type":"SearchAction","target":{"@type":"EntryPoint","urlTemplate":"https:\/\/www.lifenatura.com\/es\/?s={search_term_string}"},"query-input":{"@type":"PropertyValueSpecification","valueRequired":true,"valueName":"search_term_string"}}],"inLanguage":"es"},{"@type":"Organization","@id":"https:\/\/www.lifenatura.com\/es\/#organization","name":"Lifenatura","url":"https:\/\/www.lifenatura.com\/es\/","logo":{"@type":"ImageObject","inLanguage":"es","@id":"https:\/\/www.lifenatura.com\/es\/#\/schema\/logo\/image\/","url":"https:\/\/www.lifenatura.com\/wp-content\/uploads\/2021\/11\/logo.png","contentUrl":"https:\/\/www.lifenatura.com\/wp-content\/uploads\/2021\/11\/logo.png","width":175,"height":55,"caption":"Lifenatura"},"image":{"@id":"https:\/\/www.lifenatura.com\/es\/#\/schema\/logo\/image\/"},"sameAs":["https:\/\/www.facebook.com\/lifenatura","https:\/\/www.instagram.com\/lifenaturapt\/"]}]},"product_price_amount":"33.76","product_price_currency":"EUR","og_availability":"instock","product_availability":"instock","product_retailer_item_id":"2000000002309","product_condition":"new"},"df_price":33.76,"df_sale_price":"","df_regular_price":33.76,"df_image_link":"https:\/\/www.lifenatura.com\/wp-content\/uploads\/2021\/09\/gd_f_52_gotas_botica_homeopatica-300x300.jpg","_links":{"self":[{"href":"https:\/\/www.lifenatura.com\/es\/wp-json\/wp\/v2\/product\/36329","targetHints":{"allow":["GET"]}}],"collection":[{"href":"https:\/\/www.lifenatura.com\/es\/wp-json\/wp\/v2\/product"}],"about":[{"href":"https:\/\/www.lifenatura.com\/es\/wp-json\/wp\/v2\/types\/product"}],"wp:featuredmedia":[{"embeddable":true,"href":"https:\/\/www.lifenatura.com\/es\/wp-json\/wp\/v2\/media\/17977"}],"wp:attachment":[{"href":"https:\/\/www.lifenatura.com\/es\/wp-json\/wp\/v2\/media?parent=36329"}],"wp:term":[{"taxonomy":"product_brand","embeddable":true,"href":"https:\/\/www.lifenatura.com\/es\/wp-json\/wp\/v2\/product_brand?post=36329"},{"taxonomy":"product_cat","embeddable":true,"href":"https:\/\/www.lifenatura.com\/es\/wp-json\/wp\/v2\/product_cat?post=36329"},{"taxonomy":"product_tag","embeddable":true,"href":"https:\/\/www.lifenatura.com\/es\/wp-json\/wp\/v2\/product_tag?post=36329"}],"curies":[{"name":"wp","href":"https:\/\/api.w.org\/{rel}","templated":true}]}}