{"id":36286,"date":"2021-09-30T09:28:50","date_gmt":"2021-09-30T09:28:50","guid":{"rendered":"https:\/\/lifenatura.dev.agenciagetdigital.com\/produto\/propolis-e-equinacea-30-capsulas-biprol\/"},"modified":"2024-12-01T00:01:21","modified_gmt":"2024-12-01T00:01:21","slug":"propolis-e-equinacea-30-capsulas-biprol","status":"publish","type":"product","link":"https:\/\/www.lifenatura.com\/es\/produto\/propolis-e-equinacea-30-capsulas-biprol\/","title":{"rendered":"Pr\u00f3polis e Equin\u00e1cea 30 c\u00e1psulas &#8211; Biprol"},"content":{"rendered":"<h2 style=\"text-align: left;\"><strong>La mezcla de prop\u00f3leo y equin\u00e1cea combate los resfriados y la gripe<\/strong><\/h2>\n<p>&nbsp;<\/p>\n<p>Las c\u00e1psulas Biprol combinan varios ingredientes naturales capaces de estimular y mantener la salud de nuestro sistema inmunitario, ayud\u00e1ndole a combatir infecciones y agentes pat\u00f3genos.<\/p>\n<p>Biprol C\u00e1psulas Prop\u00f3leo Equin\u00e1cea es un complemento natural dise\u00f1ado para reforzar el sistema inmunitario y proteger el organismo contra las infecciones estacionales.<\/p>\n<p>La combinaci\u00f3n del prop\u00f3leo, conocido por sus propiedades antibacterianas y antivirales, con la equin\u00e1cea, una planta utilizada tradicionalmente para prevenir y combatir los resfriados y la gripe, hace de este complemento una soluci\u00f3n eficaz para mantener la salud respiratoria y reforzar las defensas naturales del organismo.<\/p>\n<p>Con una pr\u00e1ctica f\u00f3rmula en c\u00e1psulas, es f\u00e1cil de incluir en su rutina diaria para garantizar una protecci\u00f3n eficaz.<\/p>\n<p><strong>Principales beneficios:<\/strong><\/p>\n<ul>\n<li><strong>Refuerza el sistema inmunitario:<\/strong> El prop\u00f3leo y la equin\u00e1cea juntos ayudan a reforzar las defensas naturales del organismo, previniendo los resfriados y la gripe.<\/li>\n<li><strong>Acci\u00f3n antiviral y antibacteriana:<\/strong> El pr\u00f3polis combate eficazmente las infecciones v\u00edricas y bacterianas, favoreciendo la salud respiratoria.<\/li>\n<li><strong>Prevenci\u00f3n de las infecciones estacionales<\/strong>: Se sabe que la equin\u00e1cea reduce la gravedad y la duraci\u00f3n de las infecciones respiratorias, por lo que es ideal para el oto\u00f1o y el invierno.<\/li>\n<li><strong>F\u00f3rmula natural y pr\u00e1ctica:<\/strong> Las c\u00e1psulas son f\u00e1ciles de tragar, ofreciendo una forma c\u00f3moda de consumir los beneficios del prop\u00f3leo y la equin\u00e1cea de forma continuada.<\/li>\n<li><strong>Ayuda a la recuperaci\u00f3n:<\/strong> Favorece una recuperaci\u00f3n m\u00e1s r\u00e1pida en caso de infecciones, aliviando los s\u00edntomas y acelerando el proceso de curaci\u00f3n.<\/li>\n<\/ul>\n<p><strong>Indicado para:<\/strong><\/p>\n<ul>\n<li><strong>Fortalecimiento del Sistema Inmunitario:<\/strong> Ideal para quienes desean reforzar las defensas naturales del organismo frente a las infecciones estacionales.<\/li>\n<li><strong>Prevenci\u00f3n y tratamiento de resfriados y gripe:<\/strong> Adecuado para quienes buscan una soluci\u00f3n natural para prevenir o tratar infecciones respiratorias leves.<\/li>\n<li><strong>Uso diario o preventivo:<\/strong> Puede utilizarse tanto de forma preventiva como durante los primeros signos de infecci\u00f3n para minimizar los s\u00edntomas.<\/li>\n<li><strong>Personas que prefieren los complementos naturales<\/strong>: Indicado para quienes buscan una soluci\u00f3n a base de plantas e ingredientes naturales para fortalecer su salud.<\/li>\n<\/ul>\n<p><strong>PRESENTACI\u00d3N<\/strong><\/p>\n<p>30 c\u00e1psulas<\/p>\n<p>&nbsp;<\/p>\n","protected":false},"excerpt":{"rendered":"<p>Las C\u00e1psulas de Propolis y Equin\u00e1cea son perfectas para quien desea proteger su organismo contra las infecciones y mantener la salud respiratoria sana. [&#8230;]<\/p>\n<p><a class=\"btn btn-secondary understrap-read-more-link\" href=\"https:\/\/www.lifenatura.com\/es\/produto\/propolis-e-equinacea-30-capsulas-biprol\/\">Leer m\u00e1s&#8230;<span class=\"screen-reader-text\"> from Pr\u00f3polis e Equin\u00e1cea 30 c\u00e1psulas &#8211; Biprol<\/span><\/a><\/p>\n","protected":false},"featured_media":17952,"template":"","meta":{"_acf_changed":false},"product_brand":[8529],"product_cat":[7659,7773,7211,7179],"product_tag":[],"class_list":{"0":"post-36286","1":"product","2":"type-product","3":"status-publish","4":"has-post-thumbnail","6":"product_brand-biprol-es","7":"product_cat-ingrediente-natural-bio","8":"product_cat-propolis-es","9":"product_cat-reforza-la-inmunidad-salud","10":"product_cat-salud","11":"pa_dicas-refuerce-inmunidad-este-invierno","13":"first","14":"instock","15":"sale","16":"featured","17":"shipping-taxable","18":"purchasable","19":"product-type-simple","20":"add-to-wishlist-before_image"},"acf":[],"yoast_head":"<!-- This site is optimized with the Yoast SEO Premium plugin v27.1 (Yoast SEO v27.4) - https:\/\/yoast.com\/product\/yoast-seo-premium-wordpress\/ -->\n<title>Biprol Pr\u00f3polis e Equin\u00e1cea - Lifenatura<\/title>\n<meta name=\"description\" content=\"Las C\u00e1psulas de Propolis y Equin\u00e1cea son perfectas para quien desea proteger su organismo contra las infecciones y mantener la salud respiratoria sana.\" \/>\n<meta name=\"robots\" content=\"index, follow, max-snippet:-1, max-image-preview:large, max-video-preview:-1\" \/>\n<link rel=\"canonical\" href=\"https:\/\/www.lifenatura.com\/es\/produto\/propolis-e-equinacea-30-capsulas-biprol\/\" \/>\n<meta property=\"og:locale\" content=\"es_ES\" \/>\n<meta property=\"og:type\" content=\"article\" \/>\n<meta property=\"og:title\" content=\"Pr\u00f3polis e Equin\u00e1cea 30 c\u00e1psulas - Biprol - Na Lifenatura ao Melhor Pre\u00e7o | Envio 48h\" \/>\n<meta property=\"og:description\" content=\"Compre Pr\u00f3polis e Equin\u00e1cea 30 c\u00e1psulas - Biprol com envio r\u00e1pido. Entrega em 48h e portes gr\u00e1tis em compras &gt;35\u20ac. Aproveite j\u00e1 na Lifenatura\" \/>\n<meta property=\"og:url\" content=\"https:\/\/www.lifenatura.com\/es\/produto\/propolis-e-equinacea-30-capsulas-biprol\/\" \/>\n<meta property=\"og:site_name\" content=\"Lifenatura\" \/>\n<meta property=\"article:publisher\" content=\"https:\/\/www.facebook.com\/lifenatura\" \/>\n<meta property=\"article:modified_time\" content=\"2024-12-01T00:01:21+00:00\" \/>\n<meta property=\"og:image\" content=\"https:\/\/www.lifenatura.com\/wp-content\/uploads\/2021\/09\/gd_capsulas-propolis-equinacia-biprol.jpg\" \/>\n\t<meta property=\"og:image:width\" content=\"1000\" \/>\n\t<meta property=\"og:image:height\" content=\"1000\" \/>\n\t<meta property=\"og:image:type\" content=\"image\/jpeg\" \/>\n<meta name=\"twitter:card\" content=\"summary_large_image\" \/>\n<meta name=\"twitter:label1\" content=\"Precio\" \/>\n\t<meta name=\"twitter:data1\" content=\"13,57&nbsp;&euro;\" \/>\n\t<meta name=\"twitter:label2\" content=\"Disponibilidad\" \/>\n\t<meta name=\"twitter:data2\" content=\"Disponible\" \/>\n<script type=\"application\/ld+json\" class=\"yoast-schema-graph\">{\"@context\":\"https:\\\/\\\/schema.org\",\"@graph\":[{\"@type\":\"WebPage\",\"@id\":\"https:\\\/\\\/www.lifenatura.com\\\/es\\\/produto\\\/propolis-e-equinacea-30-capsulas-biprol\\\/\",\"url\":\"https:\\\/\\\/www.lifenatura.com\\\/es\\\/produto\\\/propolis-e-equinacea-30-capsulas-biprol\\\/\",\"name\":\"Biprol Pr\u00f3polis e Equin\u00e1cea - Lifenatura\",\"isPartOf\":{\"@id\":\"https:\\\/\\\/www.lifenatura.com\\\/es\\\/#website\"},\"primaryImageOfPage\":{\"@id\":\"https:\\\/\\\/www.lifenatura.com\\\/es\\\/produto\\\/propolis-e-equinacea-30-capsulas-biprol\\\/#primaryimage\"},\"image\":{\"@id\":\"https:\\\/\\\/www.lifenatura.com\\\/es\\\/produto\\\/propolis-e-equinacea-30-capsulas-biprol\\\/#primaryimage\"},\"thumbnailUrl\":\"https:\\\/\\\/www.lifenatura.com\\\/wp-content\\\/uploads\\\/2021\\\/09\\\/gd_capsulas-propolis-equinacia-biprol.jpg\",\"datePublished\":\"2021-09-30T09:28:50+00:00\",\"dateModified\":\"2024-12-01T00:01:21+00:00\",\"description\":\"Las C\u00e1psulas de Propolis y Equin\u00e1cea son perfectas para quien desea proteger su organismo contra las infecciones y mantener la salud respiratoria sana.\",\"breadcrumb\":{\"@id\":\"https:\\\/\\\/www.lifenatura.com\\\/es\\\/produto\\\/propolis-e-equinacea-30-capsulas-biprol\\\/#breadcrumb\"},\"inLanguage\":\"es\",\"potentialAction\":[{\"@type\":\"ReadAction\",\"target\":[\"https:\\\/\\\/www.lifenatura.com\\\/es\\\/produto\\\/propolis-e-equinacea-30-capsulas-biprol\\\/\"]}]},{\"@type\":\"ImageObject\",\"inLanguage\":\"es\",\"@id\":\"https:\\\/\\\/www.lifenatura.com\\\/es\\\/produto\\\/propolis-e-equinacea-30-capsulas-biprol\\\/#primaryimage\",\"url\":\"https:\\\/\\\/www.lifenatura.com\\\/wp-content\\\/uploads\\\/2021\\\/09\\\/gd_capsulas-propolis-equinacia-biprol.jpg\",\"contentUrl\":\"https:\\\/\\\/www.lifenatura.com\\\/wp-content\\\/uploads\\\/2021\\\/09\\\/gd_capsulas-propolis-equinacia-biprol.jpg\",\"width\":1000,\"height\":1000,\"caption\":\"Pr\u00f3polis e Equin\u00e1cea 30 c\u00e1psulas - Biprol\"},{\"@type\":\"BreadcrumbList\",\"@id\":\"https:\\\/\\\/www.lifenatura.com\\\/es\\\/produto\\\/propolis-e-equinacea-30-capsulas-biprol\\\/#breadcrumb\",\"itemListElement\":[{\"@type\":\"ListItem\",\"position\":1,\"name\":\"In\u00edcio\",\"item\":\"https:\\\/\\\/www.lifenatura.com\\\/es\\\/\"},{\"@type\":\"ListItem\",\"position\":2,\"name\":\"Todos los Productos\",\"item\":\"https:\\\/\\\/www.lifenatura.com\\\/es\\\/tienda\\\/\"},{\"@type\":\"ListItem\",\"position\":3,\"name\":\"Pr\u00f3polis e Equin\u00e1cea 30 c\u00e1psulas &#8211; Biprol\"}]},{\"@type\":\"WebSite\",\"@id\":\"https:\\\/\\\/www.lifenatura.com\\\/es\\\/#website\",\"url\":\"https:\\\/\\\/www.lifenatura.com\\\/es\\\/\",\"name\":\"Lifenatura\",\"description\":\"A Lifenatura \u00e9 uma loja de produtos naturais, cosm\u00e9tica natural e alimenta\u00e7\u00e3o Biol\u00f3gica.\",\"publisher\":{\"@id\":\"https:\\\/\\\/www.lifenatura.com\\\/es\\\/#organization\"},\"potentialAction\":[{\"@type\":\"SearchAction\",\"target\":{\"@type\":\"EntryPoint\",\"urlTemplate\":\"https:\\\/\\\/www.lifenatura.com\\\/es\\\/?s={search_term_string}\"},\"query-input\":{\"@type\":\"PropertyValueSpecification\",\"valueRequired\":true,\"valueName\":\"search_term_string\"}}],\"inLanguage\":\"es\"},{\"@type\":\"Organization\",\"@id\":\"https:\\\/\\\/www.lifenatura.com\\\/es\\\/#organization\",\"name\":\"Lifenatura\",\"url\":\"https:\\\/\\\/www.lifenatura.com\\\/es\\\/\",\"logo\":{\"@type\":\"ImageObject\",\"inLanguage\":\"es\",\"@id\":\"https:\\\/\\\/www.lifenatura.com\\\/es\\\/#\\\/schema\\\/logo\\\/image\\\/\",\"url\":\"https:\\\/\\\/www.lifenatura.com\\\/wp-content\\\/uploads\\\/2021\\\/07\\\/logo.png\",\"contentUrl\":\"https:\\\/\\\/www.lifenatura.com\\\/wp-content\\\/uploads\\\/2021\\\/07\\\/logo.png\",\"width\":175,\"height\":55,\"caption\":\"Lifenatura\"},\"image\":{\"@id\":\"https:\\\/\\\/www.lifenatura.com\\\/es\\\/#\\\/schema\\\/logo\\\/image\\\/\"},\"sameAs\":[\"https:\\\/\\\/www.facebook.com\\\/lifenatura\",\"https:\\\/\\\/www.instagram.com\\\/lifenaturapt\\\/\"],\"hasMerchantReturnPolicy\":{\"@type\":\"MerchantReturnPolicy\",\"merchantReturnLink\":\"https:\\\/\\\/www.lifenatura.com\\\/termos-condicoes-lifenatura\\\/\"}}]}<\/script>\n<meta property=\"product:price:amount\" content=\"13.57\" \/>\n<meta property=\"product:price:currency\" content=\"EUR\" \/>\n<meta property=\"og:availability\" content=\"instock\" \/>\n<meta property=\"product:availability\" content=\"instock\" \/>\n<meta property=\"product:retailer_item_id\" content=\"5603839004833\" \/>\n<meta property=\"product:condition\" content=\"new\" \/>\n<!-- \/ Yoast SEO Premium plugin. -->","yoast_head_json":{"title":"Biprol Pr\u00f3polis e Equin\u00e1cea - Lifenatura","description":"Las C\u00e1psulas de Propolis y Equin\u00e1cea son perfectas para quien desea proteger su organismo contra las infecciones y mantener la salud respiratoria sana.","robots":{"index":"index","follow":"follow","max-snippet":"max-snippet:-1","max-image-preview":"max-image-preview:large","max-video-preview":"max-video-preview:-1"},"canonical":"https:\/\/www.lifenatura.com\/es\/produto\/propolis-e-equinacea-30-capsulas-biprol\/","og_locale":"es_ES","og_type":"article","og_title":"Pr\u00f3polis e Equin\u00e1cea 30 c\u00e1psulas - Biprol - Na Lifenatura ao Melhor Pre\u00e7o | Envio 48h","og_description":"Compre Pr\u00f3polis e Equin\u00e1cea 30 c\u00e1psulas - Biprol com envio r\u00e1pido. Entrega em 48h e portes gr\u00e1tis em compras >35\u20ac. Aproveite j\u00e1 na Lifenatura","og_url":"https:\/\/www.lifenatura.com\/es\/produto\/propolis-e-equinacea-30-capsulas-biprol\/","og_site_name":"Lifenatura","article_publisher":"https:\/\/www.facebook.com\/lifenatura","article_modified_time":"2024-12-01T00:01:21+00:00","og_image":[{"width":1000,"height":1000,"url":"https:\/\/www.lifenatura.com\/wp-content\/uploads\/2021\/09\/gd_capsulas-propolis-equinacia-biprol.jpg","type":"image\/jpeg"}],"twitter_card":"summary_large_image","twitter_misc":{"Precio":"13,57&nbsp;&euro;","Disponibilidad":"Disponible"},"schema":{"@context":"https:\/\/schema.org","@graph":[{"@type":"WebPage","@id":"https:\/\/www.lifenatura.com\/es\/produto\/propolis-e-equinacea-30-capsulas-biprol\/","url":"https:\/\/www.lifenatura.com\/es\/produto\/propolis-e-equinacea-30-capsulas-biprol\/","name":"Biprol Pr\u00f3polis e Equin\u00e1cea - Lifenatura","isPartOf":{"@id":"https:\/\/www.lifenatura.com\/es\/#website"},"primaryImageOfPage":{"@id":"https:\/\/www.lifenatura.com\/es\/produto\/propolis-e-equinacea-30-capsulas-biprol\/#primaryimage"},"image":{"@id":"https:\/\/www.lifenatura.com\/es\/produto\/propolis-e-equinacea-30-capsulas-biprol\/#primaryimage"},"thumbnailUrl":"https:\/\/www.lifenatura.com\/wp-content\/uploads\/2021\/09\/gd_capsulas-propolis-equinacia-biprol.jpg","datePublished":"2021-09-30T09:28:50+00:00","dateModified":"2024-12-01T00:01:21+00:00","description":"Las C\u00e1psulas de Propolis y Equin\u00e1cea son perfectas para quien desea proteger su organismo contra las infecciones y mantener la salud respiratoria sana.","breadcrumb":{"@id":"https:\/\/www.lifenatura.com\/es\/produto\/propolis-e-equinacea-30-capsulas-biprol\/#breadcrumb"},"inLanguage":"es","potentialAction":[{"@type":"ReadAction","target":["https:\/\/www.lifenatura.com\/es\/produto\/propolis-e-equinacea-30-capsulas-biprol\/"]}]},{"@type":"ImageObject","inLanguage":"es","@id":"https:\/\/www.lifenatura.com\/es\/produto\/propolis-e-equinacea-30-capsulas-biprol\/#primaryimage","url":"https:\/\/www.lifenatura.com\/wp-content\/uploads\/2021\/09\/gd_capsulas-propolis-equinacia-biprol.jpg","contentUrl":"https:\/\/www.lifenatura.com\/wp-content\/uploads\/2021\/09\/gd_capsulas-propolis-equinacia-biprol.jpg","width":1000,"height":1000,"caption":"Pr\u00f3polis e Equin\u00e1cea 30 c\u00e1psulas - Biprol"},{"@type":"BreadcrumbList","@id":"https:\/\/www.lifenatura.com\/es\/produto\/propolis-e-equinacea-30-capsulas-biprol\/#breadcrumb","itemListElement":[{"@type":"ListItem","position":1,"name":"In\u00edcio","item":"https:\/\/www.lifenatura.com\/es\/"},{"@type":"ListItem","position":2,"name":"Todos los Productos","item":"https:\/\/www.lifenatura.com\/es\/tienda\/"},{"@type":"ListItem","position":3,"name":"Pr\u00f3polis e Equin\u00e1cea 30 c\u00e1psulas &#8211; Biprol"}]},{"@type":"WebSite","@id":"https:\/\/www.lifenatura.com\/es\/#website","url":"https:\/\/www.lifenatura.com\/es\/","name":"Lifenatura","description":"A Lifenatura \u00e9 uma loja de produtos naturais, cosm\u00e9tica natural e alimenta\u00e7\u00e3o Biol\u00f3gica.","publisher":{"@id":"https:\/\/www.lifenatura.com\/es\/#organization"},"potentialAction":[{"@type":"SearchAction","target":{"@type":"EntryPoint","urlTemplate":"https:\/\/www.lifenatura.com\/es\/?s={search_term_string}"},"query-input":{"@type":"PropertyValueSpecification","valueRequired":true,"valueName":"search_term_string"}}],"inLanguage":"es"},{"@type":"Organization","@id":"https:\/\/www.lifenatura.com\/es\/#organization","name":"Lifenatura","url":"https:\/\/www.lifenatura.com\/es\/","logo":{"@type":"ImageObject","inLanguage":"es","@id":"https:\/\/www.lifenatura.com\/es\/#\/schema\/logo\/image\/","url":"https:\/\/www.lifenatura.com\/wp-content\/uploads\/2021\/07\/logo.png","contentUrl":"https:\/\/www.lifenatura.com\/wp-content\/uploads\/2021\/07\/logo.png","width":175,"height":55,"caption":"Lifenatura"},"image":{"@id":"https:\/\/www.lifenatura.com\/es\/#\/schema\/logo\/image\/"},"sameAs":["https:\/\/www.facebook.com\/lifenatura","https:\/\/www.instagram.com\/lifenaturapt\/"],"hasMerchantReturnPolicy":{"@type":"MerchantReturnPolicy","merchantReturnLink":"https:\/\/www.lifenatura.com\/termos-condicoes-lifenatura\/"}}]},"product_price_amount":"13.57","product_price_currency":"EUR","og_availability":"instock","product_availability":"instock","product_retailer_item_id":"5603839004833","product_condition":"new"},"df_price":13.57,"df_sale_price":13.57,"df_regular_price":22.61,"df_image_link":"https:\/\/www.lifenatura.com\/wp-content\/uploads\/2021\/09\/gd_capsulas-propolis-equinacia-biprol-300x300.jpg","_links":{"self":[{"href":"https:\/\/www.lifenatura.com\/es\/wp-json\/wp\/v2\/product\/36286","targetHints":{"allow":["GET"]}}],"collection":[{"href":"https:\/\/www.lifenatura.com\/es\/wp-json\/wp\/v2\/product"}],"about":[{"href":"https:\/\/www.lifenatura.com\/es\/wp-json\/wp\/v2\/types\/product"}],"wp:featuredmedia":[{"embeddable":true,"href":"https:\/\/www.lifenatura.com\/es\/wp-json\/wp\/v2\/media\/17952"}],"wp:attachment":[{"href":"https:\/\/www.lifenatura.com\/es\/wp-json\/wp\/v2\/media?parent=36286"}],"wp:term":[{"taxonomy":"product_brand","embeddable":true,"href":"https:\/\/www.lifenatura.com\/es\/wp-json\/wp\/v2\/product_brand?post=36286"},{"taxonomy":"product_cat","embeddable":true,"href":"https:\/\/www.lifenatura.com\/es\/wp-json\/wp\/v2\/product_cat?post=36286"},{"taxonomy":"product_tag","embeddable":true,"href":"https:\/\/www.lifenatura.com\/es\/wp-json\/wp\/v2\/product_tag?post=36286"}],"curies":[{"name":"wp","href":"https:\/\/api.w.org\/{rel}","templated":true}]}}