{"id":36269,"date":"2021-09-30T09:28:28","date_gmt":"2021-09-30T09:28:28","guid":{"rendered":"https:\/\/lifenatura.dev.agenciagetdigital.com\/produto\/jarabe-de-pino-150-ml-sin-azucar-biover\/"},"modified":"2026-01-16T13:09:33","modified_gmt":"2026-01-16T13:09:33","slug":"jarabe-de-pino-150-ml-sin-azucar-biover","status":"publish","type":"product","link":"https:\/\/www.lifenatura.com\/es\/produto\/jarabe-de-pino-150-ml-sin-azucar-biover\/","title":{"rendered":"Jarabe de Pino 150 ml sin Az\u00facar &#8211; Biover"},"content":{"rendered":"<h2><strong>El jarabe de Pino refuerza la inmunidad y act\u00faa sobre la garganta<\/strong><\/h2>\n<p>&nbsp;<\/p>\n<p>El jarabe Pino de Biover, a base de equin\u00e1cea, tomillo y eucalipto, tiene un efecto beneficioso sobre la garganta y el pecho. Esta potente f\u00f3rmula, con prop\u00f3leo, aceites esenciales naturales y extractos y yemas de plantas, es ideal para hacer frente al fr\u00edo invernal.<\/p>\n<p>El jarabe Pino es la elecci\u00f3n perfecta para quien busca un producto natural que favorezca el bienestar y la salud. Elaborado a partir de las hojas del abeto siberiano (Pino) cuidadosamente recolectadas en regiones v\u00edrgenes, este jarabe es un verdadero tesoro de la naturaleza.<\/p>\n<p>Sin az\u00facar.<\/p>\n<ul>\n<li><strong>Alivio respiratorio:<\/strong> El Jarabe de Pino es conocido por su potente efecto en el alivio de problemas respiratorios como la tos, la congesti\u00f3n y las irritaciones de garganta. Su acci\u00f3n calmante proporciona un alivio inmediato.<\/li>\n<li><strong>Refuerza la inmunidad:<\/strong> Rico en antioxidantes y nutrientes, el jarabe de sapina refuerza el sistema inmunitario, ayudando a proteger el organismo contra las enfermedades estacionales.<\/li>\n<li><strong>Sabor naturalmente delicioso:<\/strong> Este jarabe ofrece un sabor agradable y refrescante, lo que facilita su consumo a personas de todas las edades.<\/li>\n<li><strong>100% Natural y Puro:<\/strong> Garantizamos que el Sirope de Sapin no contiene aditivos qu\u00edmicos, colorantes artificiales ni conservantes. Se produce de forma sostenible, respetando el medio ambiente.<\/li>\n<\/ul>\n<p><strong>PRESENTACI\u00d3N<\/strong><\/p>\n<p>150 ml<\/p>\n<p>&nbsp;<\/p>\n","protected":false},"excerpt":{"rendered":"<p>Jarabe de Pino es indicado para reforzar el sistema inmunitario, gripes y resfriados y contiene una acci\u00f3n ben\u00e9fica sobre la garganta y el pecho. [&#8230;]<\/p>\n<p><a class=\"btn btn-secondary understrap-read-more-link\" href=\"https:\/\/www.lifenatura.com\/es\/produto\/jarabe-de-pino-150-ml-sin-azucar-biover\/\">Leer m\u00e1s&#8230;<span class=\"screen-reader-text\"> from Jarabe de Pino 150 ml sin Az\u00facar &#8211; Biover<\/span><\/a><\/p>\n","protected":false},"featured_media":17935,"template":"","meta":{"_acf_changed":false},"product_brand":[8526],"product_cat":[7179,7233],"product_tag":[],"class_list":{"0":"post-36269","1":"product","2":"type-product","3":"status-publish","4":"has-post-thumbnail","6":"product_brand-biover","7":"product_cat-salud","8":"product_cat-tos-garganta-inflamada","9":"pa_dicas-refuerce-inmunidad-este-invierno","11":"first","12":"instock","13":"sale","14":"featured","15":"shipping-taxable","16":"purchasable","17":"product-type-simple","18":"add-to-wishlist-before_image"},"acf":[],"yoast_head":"<!-- This site is optimized with the Yoast SEO Premium plugin v27.1 (Yoast SEO v27.4) - https:\/\/yoast.com\/product\/yoast-seo-premium-wordpress\/ -->\n<title>Jarabe de Pino sin Az\u00facar - Biover - Lifenatura<\/title>\n<meta name=\"description\" content=\"Jarabe de Pino es indicado para reforzar el sistema inmunitario, gripes y resfriados y contiene una acci\u00f3n ben\u00e9fica sobre la garganta y el pecho.\" \/>\n<meta name=\"robots\" content=\"index, follow, max-snippet:-1, max-image-preview:large, max-video-preview:-1\" \/>\n<link rel=\"canonical\" href=\"https:\/\/www.lifenatura.com\/es\/produto\/jarabe-de-pino-150-ml-sin-azucar-biover\/\" \/>\n<meta property=\"og:locale\" content=\"es_ES\" \/>\n<meta property=\"og:type\" content=\"article\" \/>\n<meta property=\"og:title\" content=\"Jarabe de Pino 150 ml sin Az\u00facar - Biover - Na Lifenatura ao Melhor Pre\u00e7o | Envio 48h\" \/>\n<meta property=\"og:description\" content=\"Compre Jarabe de Pino 150 ml sin Az\u00facar - Biover com envio r\u00e1pido. Entrega em 48h e portes gr\u00e1tis em compras &gt;35\u20ac. Aproveite j\u00e1 na Lifenatura\" \/>\n<meta property=\"og:url\" content=\"https:\/\/www.lifenatura.com\/es\/produto\/jarabe-de-pino-150-ml-sin-azucar-biover\/\" \/>\n<meta property=\"og:site_name\" content=\"Lifenatura\" \/>\n<meta property=\"article:publisher\" content=\"https:\/\/www.facebook.com\/lifenatura\" \/>\n<meta property=\"article:modified_time\" content=\"2026-01-16T13:09:33+00:00\" \/>\n<meta property=\"og:image\" content=\"https:\/\/www.lifenatura.com\/wp-content\/uploads\/2021\/09\/gd_xarope_sapin_sem_acucar_biover.jpg\" \/>\n\t<meta property=\"og:image:width\" content=\"1000\" \/>\n\t<meta property=\"og:image:height\" content=\"1000\" \/>\n\t<meta property=\"og:image:type\" content=\"image\/jpeg\" \/>\n<meta name=\"twitter:card\" content=\"summary_large_image\" \/>\n<meta name=\"twitter:label1\" content=\"Precio\" \/>\n\t<meta name=\"twitter:data1\" content=\"16,29&nbsp;&euro;\" \/>\n\t<meta name=\"twitter:label2\" content=\"Disponibilidad\" \/>\n\t<meta name=\"twitter:data2\" content=\"Disponible\" \/>\n<script type=\"application\/ld+json\" class=\"yoast-schema-graph\">{\"@context\":\"https:\\\/\\\/schema.org\",\"@graph\":[{\"@type\":\"WebPage\",\"@id\":\"https:\\\/\\\/www.lifenatura.com\\\/es\\\/produto\\\/jarabe-de-pino-150-ml-sin-azucar-biover\\\/\",\"url\":\"https:\\\/\\\/www.lifenatura.com\\\/es\\\/produto\\\/jarabe-de-pino-150-ml-sin-azucar-biover\\\/\",\"name\":\"Jarabe de Pino sin Az\u00facar - Biover - Lifenatura\",\"isPartOf\":{\"@id\":\"https:\\\/\\\/www.lifenatura.com\\\/es\\\/#website\"},\"primaryImageOfPage\":{\"@id\":\"https:\\\/\\\/www.lifenatura.com\\\/es\\\/produto\\\/jarabe-de-pino-150-ml-sin-azucar-biover\\\/#primaryimage\"},\"image\":{\"@id\":\"https:\\\/\\\/www.lifenatura.com\\\/es\\\/produto\\\/jarabe-de-pino-150-ml-sin-azucar-biover\\\/#primaryimage\"},\"thumbnailUrl\":\"https:\\\/\\\/www.lifenatura.com\\\/wp-content\\\/uploads\\\/2021\\\/09\\\/gd_xarope_sapin_sem_acucar_biover.jpg\",\"datePublished\":\"2021-09-30T09:28:28+00:00\",\"dateModified\":\"2026-01-16T13:09:33+00:00\",\"description\":\"Jarabe de Pino es indicado para reforzar el sistema inmunitario, gripes y resfriados y contiene una acci\u00f3n ben\u00e9fica sobre la garganta y el pecho.\",\"breadcrumb\":{\"@id\":\"https:\\\/\\\/www.lifenatura.com\\\/es\\\/produto\\\/jarabe-de-pino-150-ml-sin-azucar-biover\\\/#breadcrumb\"},\"inLanguage\":\"es\",\"potentialAction\":[{\"@type\":\"ReadAction\",\"target\":[\"https:\\\/\\\/www.lifenatura.com\\\/es\\\/produto\\\/jarabe-de-pino-150-ml-sin-azucar-biover\\\/\"]}]},{\"@type\":\"ImageObject\",\"inLanguage\":\"es\",\"@id\":\"https:\\\/\\\/www.lifenatura.com\\\/es\\\/produto\\\/jarabe-de-pino-150-ml-sin-azucar-biover\\\/#primaryimage\",\"url\":\"https:\\\/\\\/www.lifenatura.com\\\/wp-content\\\/uploads\\\/2021\\\/09\\\/gd_xarope_sapin_sem_acucar_biover.jpg\",\"contentUrl\":\"https:\\\/\\\/www.lifenatura.com\\\/wp-content\\\/uploads\\\/2021\\\/09\\\/gd_xarope_sapin_sem_acucar_biover.jpg\",\"width\":1000,\"height\":1000,\"caption\":\"Jarabe de Pino 150 ml sin Az\u00facar - Biover\"},{\"@type\":\"BreadcrumbList\",\"@id\":\"https:\\\/\\\/www.lifenatura.com\\\/es\\\/produto\\\/jarabe-de-pino-150-ml-sin-azucar-biover\\\/#breadcrumb\",\"itemListElement\":[{\"@type\":\"ListItem\",\"position\":1,\"name\":\"In\u00edcio\",\"item\":\"https:\\\/\\\/www.lifenatura.com\\\/es\\\/\"},{\"@type\":\"ListItem\",\"position\":2,\"name\":\"Todos los Productos\",\"item\":\"https:\\\/\\\/www.lifenatura.com\\\/es\\\/tienda\\\/\"},{\"@type\":\"ListItem\",\"position\":3,\"name\":\"Jarabe de Pino 150 ml sin Az\u00facar &#8211; Biover\"}]},{\"@type\":\"WebSite\",\"@id\":\"https:\\\/\\\/www.lifenatura.com\\\/es\\\/#website\",\"url\":\"https:\\\/\\\/www.lifenatura.com\\\/es\\\/\",\"name\":\"Lifenatura\",\"description\":\"A Lifenatura \u00e9 uma loja de produtos naturais, cosm\u00e9tica natural e alimenta\u00e7\u00e3o Biol\u00f3gica.\",\"publisher\":{\"@id\":\"https:\\\/\\\/www.lifenatura.com\\\/es\\\/#organization\"},\"potentialAction\":[{\"@type\":\"SearchAction\",\"target\":{\"@type\":\"EntryPoint\",\"urlTemplate\":\"https:\\\/\\\/www.lifenatura.com\\\/es\\\/?s={search_term_string}\"},\"query-input\":{\"@type\":\"PropertyValueSpecification\",\"valueRequired\":true,\"valueName\":\"search_term_string\"}}],\"inLanguage\":\"es\"},{\"@type\":\"Organization\",\"@id\":\"https:\\\/\\\/www.lifenatura.com\\\/es\\\/#organization\",\"name\":\"Lifenatura\",\"url\":\"https:\\\/\\\/www.lifenatura.com\\\/es\\\/\",\"logo\":{\"@type\":\"ImageObject\",\"inLanguage\":\"es\",\"@id\":\"https:\\\/\\\/www.lifenatura.com\\\/es\\\/#\\\/schema\\\/logo\\\/image\\\/\",\"url\":\"https:\\\/\\\/www.lifenatura.com\\\/wp-content\\\/uploads\\\/2021\\\/07\\\/logo.png\",\"contentUrl\":\"https:\\\/\\\/www.lifenatura.com\\\/wp-content\\\/uploads\\\/2021\\\/07\\\/logo.png\",\"width\":175,\"height\":55,\"caption\":\"Lifenatura\"},\"image\":{\"@id\":\"https:\\\/\\\/www.lifenatura.com\\\/es\\\/#\\\/schema\\\/logo\\\/image\\\/\"},\"sameAs\":[\"https:\\\/\\\/www.facebook.com\\\/lifenatura\",\"https:\\\/\\\/www.instagram.com\\\/lifenaturapt\\\/\"],\"hasMerchantReturnPolicy\":{\"@type\":\"MerchantReturnPolicy\",\"merchantReturnLink\":\"https:\\\/\\\/www.lifenatura.com\\\/termos-condicoes-lifenatura\\\/\"}}]}<\/script>\n<meta property=\"product:price:amount\" content=\"16.29\" \/>\n<meta property=\"product:price:currency\" content=\"EUR\" \/>\n<meta property=\"og:availability\" content=\"instock\" \/>\n<meta property=\"product:availability\" content=\"instock\" \/>\n<meta property=\"product:retailer_item_id\" content=\"5400713802420\" \/>\n<meta property=\"product:condition\" content=\"new\" \/>\n<!-- \/ Yoast SEO Premium plugin. -->","yoast_head_json":{"title":"Jarabe de Pino sin Az\u00facar - Biover - Lifenatura","description":"Jarabe de Pino es indicado para reforzar el sistema inmunitario, gripes y resfriados y contiene una acci\u00f3n ben\u00e9fica sobre la garganta y el pecho.","robots":{"index":"index","follow":"follow","max-snippet":"max-snippet:-1","max-image-preview":"max-image-preview:large","max-video-preview":"max-video-preview:-1"},"canonical":"https:\/\/www.lifenatura.com\/es\/produto\/jarabe-de-pino-150-ml-sin-azucar-biover\/","og_locale":"es_ES","og_type":"article","og_title":"Jarabe de Pino 150 ml sin Az\u00facar - Biover - Na Lifenatura ao Melhor Pre\u00e7o | Envio 48h","og_description":"Compre Jarabe de Pino 150 ml sin Az\u00facar - Biover com envio r\u00e1pido. Entrega em 48h e portes gr\u00e1tis em compras >35\u20ac. Aproveite j\u00e1 na Lifenatura","og_url":"https:\/\/www.lifenatura.com\/es\/produto\/jarabe-de-pino-150-ml-sin-azucar-biover\/","og_site_name":"Lifenatura","article_publisher":"https:\/\/www.facebook.com\/lifenatura","article_modified_time":"2026-01-16T13:09:33+00:00","og_image":[{"width":1000,"height":1000,"url":"https:\/\/www.lifenatura.com\/wp-content\/uploads\/2021\/09\/gd_xarope_sapin_sem_acucar_biover.jpg","type":"image\/jpeg"}],"twitter_card":"summary_large_image","twitter_misc":{"Precio":"16,29&nbsp;&euro;","Disponibilidad":"Disponible"},"schema":{"@context":"https:\/\/schema.org","@graph":[{"@type":"WebPage","@id":"https:\/\/www.lifenatura.com\/es\/produto\/jarabe-de-pino-150-ml-sin-azucar-biover\/","url":"https:\/\/www.lifenatura.com\/es\/produto\/jarabe-de-pino-150-ml-sin-azucar-biover\/","name":"Jarabe de Pino sin Az\u00facar - Biover - Lifenatura","isPartOf":{"@id":"https:\/\/www.lifenatura.com\/es\/#website"},"primaryImageOfPage":{"@id":"https:\/\/www.lifenatura.com\/es\/produto\/jarabe-de-pino-150-ml-sin-azucar-biover\/#primaryimage"},"image":{"@id":"https:\/\/www.lifenatura.com\/es\/produto\/jarabe-de-pino-150-ml-sin-azucar-biover\/#primaryimage"},"thumbnailUrl":"https:\/\/www.lifenatura.com\/wp-content\/uploads\/2021\/09\/gd_xarope_sapin_sem_acucar_biover.jpg","datePublished":"2021-09-30T09:28:28+00:00","dateModified":"2026-01-16T13:09:33+00:00","description":"Jarabe de Pino es indicado para reforzar el sistema inmunitario, gripes y resfriados y contiene una acci\u00f3n ben\u00e9fica sobre la garganta y el pecho.","breadcrumb":{"@id":"https:\/\/www.lifenatura.com\/es\/produto\/jarabe-de-pino-150-ml-sin-azucar-biover\/#breadcrumb"},"inLanguage":"es","potentialAction":[{"@type":"ReadAction","target":["https:\/\/www.lifenatura.com\/es\/produto\/jarabe-de-pino-150-ml-sin-azucar-biover\/"]}]},{"@type":"ImageObject","inLanguage":"es","@id":"https:\/\/www.lifenatura.com\/es\/produto\/jarabe-de-pino-150-ml-sin-azucar-biover\/#primaryimage","url":"https:\/\/www.lifenatura.com\/wp-content\/uploads\/2021\/09\/gd_xarope_sapin_sem_acucar_biover.jpg","contentUrl":"https:\/\/www.lifenatura.com\/wp-content\/uploads\/2021\/09\/gd_xarope_sapin_sem_acucar_biover.jpg","width":1000,"height":1000,"caption":"Jarabe de Pino 150 ml sin Az\u00facar - Biover"},{"@type":"BreadcrumbList","@id":"https:\/\/www.lifenatura.com\/es\/produto\/jarabe-de-pino-150-ml-sin-azucar-biover\/#breadcrumb","itemListElement":[{"@type":"ListItem","position":1,"name":"In\u00edcio","item":"https:\/\/www.lifenatura.com\/es\/"},{"@type":"ListItem","position":2,"name":"Todos los Productos","item":"https:\/\/www.lifenatura.com\/es\/tienda\/"},{"@type":"ListItem","position":3,"name":"Jarabe de Pino 150 ml sin Az\u00facar &#8211; Biover"}]},{"@type":"WebSite","@id":"https:\/\/www.lifenatura.com\/es\/#website","url":"https:\/\/www.lifenatura.com\/es\/","name":"Lifenatura","description":"A Lifenatura \u00e9 uma loja de produtos naturais, cosm\u00e9tica natural e alimenta\u00e7\u00e3o Biol\u00f3gica.","publisher":{"@id":"https:\/\/www.lifenatura.com\/es\/#organization"},"potentialAction":[{"@type":"SearchAction","target":{"@type":"EntryPoint","urlTemplate":"https:\/\/www.lifenatura.com\/es\/?s={search_term_string}"},"query-input":{"@type":"PropertyValueSpecification","valueRequired":true,"valueName":"search_term_string"}}],"inLanguage":"es"},{"@type":"Organization","@id":"https:\/\/www.lifenatura.com\/es\/#organization","name":"Lifenatura","url":"https:\/\/www.lifenatura.com\/es\/","logo":{"@type":"ImageObject","inLanguage":"es","@id":"https:\/\/www.lifenatura.com\/es\/#\/schema\/logo\/image\/","url":"https:\/\/www.lifenatura.com\/wp-content\/uploads\/2021\/07\/logo.png","contentUrl":"https:\/\/www.lifenatura.com\/wp-content\/uploads\/2021\/07\/logo.png","width":175,"height":55,"caption":"Lifenatura"},"image":{"@id":"https:\/\/www.lifenatura.com\/es\/#\/schema\/logo\/image\/"},"sameAs":["https:\/\/www.facebook.com\/lifenatura","https:\/\/www.instagram.com\/lifenaturapt\/"],"hasMerchantReturnPolicy":{"@type":"MerchantReturnPolicy","merchantReturnLink":"https:\/\/www.lifenatura.com\/termos-condicoes-lifenatura\/"}}]},"product_price_amount":"16.29","product_price_currency":"EUR","og_availability":"instock","product_availability":"instock","product_retailer_item_id":"5400713802420","product_condition":"new"},"df_price":16.29,"df_sale_price":16.29,"df_regular_price":20.37,"df_image_link":"https:\/\/www.lifenatura.com\/wp-content\/uploads\/2021\/09\/gd_xarope_sapin_sem_acucar_biover-300x300.jpg","_links":{"self":[{"href":"https:\/\/www.lifenatura.com\/es\/wp-json\/wp\/v2\/product\/36269","targetHints":{"allow":["GET"]}}],"collection":[{"href":"https:\/\/www.lifenatura.com\/es\/wp-json\/wp\/v2\/product"}],"about":[{"href":"https:\/\/www.lifenatura.com\/es\/wp-json\/wp\/v2\/types\/product"}],"wp:featuredmedia":[{"embeddable":true,"href":"https:\/\/www.lifenatura.com\/es\/wp-json\/wp\/v2\/media\/17935"}],"wp:attachment":[{"href":"https:\/\/www.lifenatura.com\/es\/wp-json\/wp\/v2\/media?parent=36269"}],"wp:term":[{"taxonomy":"product_brand","embeddable":true,"href":"https:\/\/www.lifenatura.com\/es\/wp-json\/wp\/v2\/product_brand?post=36269"},{"taxonomy":"product_cat","embeddable":true,"href":"https:\/\/www.lifenatura.com\/es\/wp-json\/wp\/v2\/product_cat?post=36269"},{"taxonomy":"product_tag","embeddable":true,"href":"https:\/\/www.lifenatura.com\/es\/wp-json\/wp\/v2\/product_tag?post=36269"}],"curies":[{"name":"wp","href":"https:\/\/api.w.org\/{rel}","templated":true}]}}