{"id":36191,"date":"2021-09-30T09:27:05","date_gmt":"2021-09-30T09:27:05","guid":{"rendered":"https:\/\/lifenatura.dev.agenciagetdigital.com\/produto\/lupulo-humulus-lupulus-frasco-de-50-ml-biover\/"},"modified":"2026-01-20T19:56:35","modified_gmt":"2026-01-20T19:56:35","slug":"lupulo-humulus-lupulus-frasco-de-50-ml-biover","status":"publish","type":"product","link":"https:\/\/www.lifenatura.com\/es\/produto\/lupulo-humulus-lupulus-frasco-de-50-ml-biover\/","title":{"rendered":"L\u00fapulo Extracto Humulus Lupulus &#8211; Biover"},"content":{"rendered":"<h2 style=\"text-align: left;\" data-start=\"177\" data-end=\"283\"><strong data-start=\"180\" data-end=\"283\">Extracto de Humulus Lupulus Gotas Biover para la Relajaci\u00f3n, el Sue\u00f1o y el Equilibrio Nervioso<\/strong><\/h2>\n<p>&nbsp;<\/p>\n<p data-start=\"326\" data-end=\"749\">El <strong data-start=\"329\" data-end=\"369\">Extracto de Humulus Lupulus en Gotas<\/strong> de <strong data-start=\"373\" data-end=\"414\"><span class=\"hover:entity-accent entity-underline inline cursor-pointer align-baseline\"><span class=\"whitespace-normal\">Biover<\/span><\/span><\/strong> es un complemento alimenticio de origen vegetal, tradicionalmente utilizado para favorecer la <strong data-start=\"509\" data-end=\"523\">relajaci\u00f3n<\/strong>, el <strong data-start=\"528\" data-end=\"551\">bienestar emocional<\/strong> y la calidad del <strong data-start=\"569\" data-end=\"578\">sue\u00f1o<\/strong>. El <em data-start=\"583\" data-end=\"600\">Humulus lupulus<\/em>, conocido como l\u00fapulo, es ampliamente reconocido en la fitoterapia por sus propiedades calmantes y su acci\u00f3n equilibrante sobre el sistema nervioso.<\/p>\n<p data-start=\"751\" data-end=\"1000\">Su formato l\u00edquido en gotas permite una <strong data-start=\"791\" data-end=\"820\">absorci\u00f3n r\u00e1pida y eficaz<\/strong>, facilitando la toma y el ajuste de la dosis seg\u00fan las necesidades individuales. Es una soluci\u00f3n natural ideal para reducir la tensi\u00f3n diaria y promover un descanso m\u00e1s tranquilo.<\/p>\n<h3 data-start=\"1007\" data-end=\"1037\"><strong data-start=\"1011\" data-end=\"1037\">Principales Beneficios<\/strong><\/h3>\n<ul data-start=\"1038\" data-end=\"1439\">\n<li data-start=\"1038\" data-end=\"1092\">\n<p data-start=\"1040\" data-end=\"1092\">Contribuye a la <strong data-start=\"1056\" data-end=\"1092\">relajaci\u00f3n y al bienestar mental<\/strong><\/p>\n<\/li>\n<li data-start=\"1093\" data-end=\"1150\">\n<p data-start=\"1095\" data-end=\"1150\">Apoya el <strong data-start=\"1104\" data-end=\"1150\">funcionamiento normal del sistema nervioso<\/strong><\/p>\n<\/li>\n<li data-start=\"1151\" data-end=\"1209\">\n<p data-start=\"1153\" data-end=\"1209\">Ayuda a favorecer un <strong data-start=\"1174\" data-end=\"1209\">sue\u00f1o m\u00e1s tranquilo y reparador<\/strong><\/p>\n<\/li>\n<li data-start=\"1210\" data-end=\"1264\">\n<p data-start=\"1212\" data-end=\"1264\">Contribuye a reducir el <strong data-start=\"1236\" data-end=\"1264\">nerviosismo y la tensi\u00f3n<\/strong><\/p>\n<\/li>\n<li data-start=\"1265\" data-end=\"1314\">\n<p data-start=\"1267\" data-end=\"1314\">Ideal en periodos de <strong data-start=\"1288\" data-end=\"1314\">estr\u00e9s o ansiedad leve<\/strong><\/p>\n<\/li>\n<li data-start=\"1315\" data-end=\"1362\">\n<p data-start=\"1317\" data-end=\"1362\">Formato l\u00edquido para una <strong data-start=\"1342\" data-end=\"1362\">r\u00e1pida absorci\u00f3n<\/strong><\/p>\n<\/li>\n<li data-start=\"1363\" data-end=\"1439\">\n<p data-start=\"1365\" data-end=\"1439\">Elaborado a partir de <strong data-start=\"1387\" data-end=\"1439\">planta tradicionalmente utilizada en fitoterapia<\/strong><\/p>\n<\/li>\n<\/ul>\n<h3 data-start=\"1446\" data-end=\"1478\"><strong data-start=\"1450\" data-end=\"1478\">Para Qui\u00e9n Est\u00e1 Indicado<\/strong><\/h3>\n<p data-start=\"1479\" data-end=\"1512\">Este producto est\u00e1 indicado para:<\/p>\n<ul data-start=\"1513\" data-end=\"1811\">\n<li data-start=\"1513\" data-end=\"1567\">\n<p data-start=\"1515\" data-end=\"1567\">Personas con <strong data-start=\"1528\" data-end=\"1567\">estr\u00e9s, nerviosismo o ansiedad leve<\/strong><\/p>\n<\/li>\n<li data-start=\"1568\" data-end=\"1631\">\n<p data-start=\"1570\" data-end=\"1631\">Quienes tienen dificultad para <strong data-start=\"1601\" data-end=\"1631\">relajarse al final del d\u00eda<\/strong><\/p>\n<\/li>\n<li data-start=\"1632\" data-end=\"1673\">\n<p data-start=\"1634\" data-end=\"1673\">Personas con <strong data-start=\"1647\" data-end=\"1673\">alteraciones del sue\u00f1o<\/strong><\/p>\n<\/li>\n<li data-start=\"1674\" data-end=\"1741\">\n<p data-start=\"1676\" data-end=\"1741\">Adultos que buscan apoyo natural para el <strong data-start=\"1717\" data-end=\"1741\">equilibrio emocional<\/strong><\/p>\n<\/li>\n<li data-start=\"1742\" data-end=\"1811\">\n<p data-start=\"1744\" data-end=\"1811\">Personas que valoran complementos a base de <strong data-start=\"1788\" data-end=\"1811\">plantas medicinales<\/strong><\/p>\n<\/li>\n<\/ul>\n<p>El l\u00fapulo puede ayudar a proporcionar naturalmente una buena noche de descanso y de sue\u00f1o y se utiliza en casos de ansiedad.<\/p>\n<p><strong>PRESENTACI\u00d3N<\/strong><\/p>\n<p>50ml<\/p>\n<p>&nbsp;<\/p>\n","protected":false},"excerpt":{"rendered":"<p>Extracto de Humulus Lupulus Biover en gotas \u2013 apoyo natural para la relajaci\u00f3n, el sistema nervioso y la calidad del sue\u00f1o. [&#8230;]<\/p>\n<p><a class=\"btn btn-secondary understrap-read-more-link\" href=\"https:\/\/www.lifenatura.com\/es\/produto\/lupulo-humulus-lupulus-frasco-de-50-ml-biover\/\">Leer m\u00e1s&#8230;<span class=\"screen-reader-text\"> from L\u00fapulo Extracto Humulus Lupulus &#8211; Biover<\/span><\/a><\/p>\n","protected":false},"featured_media":124688,"template":"","meta":{"_acf_changed":false},"product_brand":[8526],"product_cat":[7214,7179],"product_tag":[],"class_list":{"0":"post-36191","1":"product","2":"type-product","3":"status-publish","4":"has-post-thumbnail","6":"product_brand-biover","7":"product_cat-para-dormir","8":"product_cat-salud","10":"first","11":"instock","12":"shipping-taxable","13":"purchasable","14":"product-type-simple","15":"add-to-wishlist-before_image"},"acf":[],"yoast_head":"<!-- This site is optimized with the Yoast SEO Premium plugin v27.1 (Yoast SEO v27.5) - https:\/\/yoast.com\/product\/yoast-seo-premium-wordpress\/ -->\n<title>L\u00fapulo Extracto Humulus Lupulus Biover - Lifenatura<\/title>\n<meta name=\"description\" content=\"Extracto de Humulus Lupulus Biover en gotas \u2013 apoyo natural para la relajaci\u00f3n, el sistema nervioso y la calidad del sue\u00f1o.\" \/>\n<meta name=\"robots\" content=\"index, follow, max-snippet:-1, max-image-preview:large, max-video-preview:-1\" \/>\n<link rel=\"canonical\" href=\"https:\/\/www.lifenatura.com\/es\/produto\/lupulo-humulus-lupulus-frasco-de-50-ml-biover\/\" \/>\n<meta property=\"og:locale\" content=\"es_ES\" \/>\n<meta property=\"og:type\" content=\"article\" \/>\n<meta property=\"og:title\" content=\"L\u00fapulo Extracto Humulus Lupulus - Biover - Na Lifenatura ao Melhor Pre\u00e7o | Envio 48h\" \/>\n<meta property=\"og:description\" content=\"Compre L\u00fapulo Extracto Humulus Lupulus - Biover com envio r\u00e1pido. Entrega em 48h e portes gr\u00e1tis em compras &gt;35\u20ac. Aproveite j\u00e1 na Lifenatura\" \/>\n<meta property=\"og:url\" content=\"https:\/\/www.lifenatura.com\/es\/produto\/lupulo-humulus-lupulus-frasco-de-50-ml-biover\/\" \/>\n<meta property=\"og:site_name\" content=\"Lifenatura\" \/>\n<meta property=\"article:publisher\" content=\"https:\/\/www.facebook.com\/lifenatura\" \/>\n<meta property=\"article:modified_time\" content=\"2026-01-20T19:56:35+00:00\" \/>\n<meta property=\"og:image\" content=\"https:\/\/www.lifenatura.com\/wp-content\/uploads\/2021\/09\/lupulus-extrato-biover.jpg\" \/>\n\t<meta property=\"og:image:width\" content=\"1000\" \/>\n\t<meta property=\"og:image:height\" content=\"1000\" \/>\n\t<meta property=\"og:image:type\" content=\"image\/jpeg\" \/>\n<meta name=\"twitter:card\" content=\"summary_large_image\" \/>\n<meta name=\"twitter:label1\" content=\"Precio\" \/>\n\t<meta name=\"twitter:data1\" content=\"15,08&nbsp;&euro;\" \/>\n\t<meta name=\"twitter:label2\" content=\"Disponibilidad\" \/>\n\t<meta name=\"twitter:data2\" content=\"Disponible\" \/>\n<script type=\"application\/ld+json\" class=\"yoast-schema-graph\">{\"@context\":\"https:\\\/\\\/schema.org\",\"@graph\":[{\"@type\":\"WebPage\",\"@id\":\"https:\\\/\\\/www.lifenatura.com\\\/es\\\/produto\\\/lupulo-humulus-lupulus-frasco-de-50-ml-biover\\\/\",\"url\":\"https:\\\/\\\/www.lifenatura.com\\\/es\\\/produto\\\/lupulo-humulus-lupulus-frasco-de-50-ml-biover\\\/\",\"name\":\"L\u00fapulo Extracto Humulus Lupulus Biover - Lifenatura\",\"isPartOf\":{\"@id\":\"https:\\\/\\\/www.lifenatura.com\\\/es\\\/#website\"},\"primaryImageOfPage\":{\"@id\":\"https:\\\/\\\/www.lifenatura.com\\\/es\\\/produto\\\/lupulo-humulus-lupulus-frasco-de-50-ml-biover\\\/#primaryimage\"},\"image\":{\"@id\":\"https:\\\/\\\/www.lifenatura.com\\\/es\\\/produto\\\/lupulo-humulus-lupulus-frasco-de-50-ml-biover\\\/#primaryimage\"},\"thumbnailUrl\":\"https:\\\/\\\/www.lifenatura.com\\\/wp-content\\\/uploads\\\/2021\\\/09\\\/lupulus-extrato-biover.jpg\",\"datePublished\":\"2021-09-30T09:27:05+00:00\",\"dateModified\":\"2026-01-20T19:56:35+00:00\",\"description\":\"Extracto de Humulus Lupulus Biover en gotas \u2013 apoyo natural para la relajaci\u00f3n, el sistema nervioso y la calidad del sue\u00f1o.\",\"breadcrumb\":{\"@id\":\"https:\\\/\\\/www.lifenatura.com\\\/es\\\/produto\\\/lupulo-humulus-lupulus-frasco-de-50-ml-biover\\\/#breadcrumb\"},\"inLanguage\":\"es\",\"potentialAction\":[{\"@type\":\"ReadAction\",\"target\":[\"https:\\\/\\\/www.lifenatura.com\\\/es\\\/produto\\\/lupulo-humulus-lupulus-frasco-de-50-ml-biover\\\/\"]}]},{\"@type\":\"ImageObject\",\"inLanguage\":\"es\",\"@id\":\"https:\\\/\\\/www.lifenatura.com\\\/es\\\/produto\\\/lupulo-humulus-lupulus-frasco-de-50-ml-biover\\\/#primaryimage\",\"url\":\"https:\\\/\\\/www.lifenatura.com\\\/wp-content\\\/uploads\\\/2021\\\/09\\\/lupulus-extrato-biover.jpg\",\"contentUrl\":\"https:\\\/\\\/www.lifenatura.com\\\/wp-content\\\/uploads\\\/2021\\\/09\\\/lupulus-extrato-biover.jpg\",\"width\":1000,\"height\":1000,\"caption\":\"Extrato de Lupulus da marca Biover\"},{\"@type\":\"BreadcrumbList\",\"@id\":\"https:\\\/\\\/www.lifenatura.com\\\/es\\\/produto\\\/lupulo-humulus-lupulus-frasco-de-50-ml-biover\\\/#breadcrumb\",\"itemListElement\":[{\"@type\":\"ListItem\",\"position\":1,\"name\":\"In\u00edcio\",\"item\":\"https:\\\/\\\/www.lifenatura.com\\\/es\\\/\"},{\"@type\":\"ListItem\",\"position\":2,\"name\":\"Todos los Productos\",\"item\":\"https:\\\/\\\/www.lifenatura.com\\\/es\\\/tienda\\\/\"},{\"@type\":\"ListItem\",\"position\":3,\"name\":\"L\u00fapulo Extracto Humulus Lupulus &#8211; Biover\"}]},{\"@type\":\"WebSite\",\"@id\":\"https:\\\/\\\/www.lifenatura.com\\\/es\\\/#website\",\"url\":\"https:\\\/\\\/www.lifenatura.com\\\/es\\\/\",\"name\":\"Lifenatura\",\"description\":\"A Lifenatura \u00e9 uma loja de produtos naturais, cosm\u00e9tica natural e alimenta\u00e7\u00e3o Biol\u00f3gica.\",\"publisher\":{\"@id\":\"https:\\\/\\\/www.lifenatura.com\\\/es\\\/#organization\"},\"potentialAction\":[{\"@type\":\"SearchAction\",\"target\":{\"@type\":\"EntryPoint\",\"urlTemplate\":\"https:\\\/\\\/www.lifenatura.com\\\/es\\\/?s={search_term_string}\"},\"query-input\":{\"@type\":\"PropertyValueSpecification\",\"valueRequired\":true,\"valueName\":\"search_term_string\"}}],\"inLanguage\":\"es\"},{\"@type\":\"Organization\",\"@id\":\"https:\\\/\\\/www.lifenatura.com\\\/es\\\/#organization\",\"name\":\"Lifenatura\",\"url\":\"https:\\\/\\\/www.lifenatura.com\\\/es\\\/\",\"logo\":{\"@type\":\"ImageObject\",\"inLanguage\":\"es\",\"@id\":\"https:\\\/\\\/www.lifenatura.com\\\/es\\\/#\\\/schema\\\/logo\\\/image\\\/\",\"url\":\"https:\\\/\\\/www.lifenatura.com\\\/wp-content\\\/uploads\\\/2021\\\/07\\\/logo.png\",\"contentUrl\":\"https:\\\/\\\/www.lifenatura.com\\\/wp-content\\\/uploads\\\/2021\\\/07\\\/logo.png\",\"width\":175,\"height\":55,\"caption\":\"Lifenatura\"},\"image\":{\"@id\":\"https:\\\/\\\/www.lifenatura.com\\\/es\\\/#\\\/schema\\\/logo\\\/image\\\/\"},\"sameAs\":[\"https:\\\/\\\/www.facebook.com\\\/lifenatura\",\"https:\\\/\\\/www.instagram.com\\\/lifenaturapt\\\/\"],\"hasMerchantReturnPolicy\":{\"@type\":\"MerchantReturnPolicy\",\"merchantReturnLink\":\"https:\\\/\\\/www.lifenatura.com\\\/termos-condicoes-lifenatura\\\/\"}}]}<\/script>\n<meta property=\"product:price:amount\" content=\"15.08\" \/>\n<meta property=\"product:price:currency\" content=\"EUR\" \/>\n<meta property=\"og:availability\" content=\"instock\" \/>\n<meta property=\"product:availability\" content=\"instock\" \/>\n<meta property=\"product:retailer_item_id\" content=\"5412141002365\" \/>\n<meta property=\"product:condition\" content=\"new\" \/>\n<!-- \/ Yoast SEO Premium plugin. -->","yoast_head_json":{"title":"L\u00fapulo Extracto Humulus Lupulus Biover - Lifenatura","description":"Extracto de Humulus Lupulus Biover en gotas \u2013 apoyo natural para la relajaci\u00f3n, el sistema nervioso y la calidad del sue\u00f1o.","robots":{"index":"index","follow":"follow","max-snippet":"max-snippet:-1","max-image-preview":"max-image-preview:large","max-video-preview":"max-video-preview:-1"},"canonical":"https:\/\/www.lifenatura.com\/es\/produto\/lupulo-humulus-lupulus-frasco-de-50-ml-biover\/","og_locale":"es_ES","og_type":"article","og_title":"L\u00fapulo Extracto Humulus Lupulus - Biover - Na Lifenatura ao Melhor Pre\u00e7o | Envio 48h","og_description":"Compre L\u00fapulo Extracto Humulus Lupulus - Biover com envio r\u00e1pido. Entrega em 48h e portes gr\u00e1tis em compras >35\u20ac. Aproveite j\u00e1 na Lifenatura","og_url":"https:\/\/www.lifenatura.com\/es\/produto\/lupulo-humulus-lupulus-frasco-de-50-ml-biover\/","og_site_name":"Lifenatura","article_publisher":"https:\/\/www.facebook.com\/lifenatura","article_modified_time":"2026-01-20T19:56:35+00:00","og_image":[{"width":1000,"height":1000,"url":"https:\/\/www.lifenatura.com\/wp-content\/uploads\/2021\/09\/lupulus-extrato-biover.jpg","type":"image\/jpeg"}],"twitter_card":"summary_large_image","twitter_misc":{"Precio":"15,08&nbsp;&euro;","Disponibilidad":"Disponible"},"schema":{"@context":"https:\/\/schema.org","@graph":[{"@type":"WebPage","@id":"https:\/\/www.lifenatura.com\/es\/produto\/lupulo-humulus-lupulus-frasco-de-50-ml-biover\/","url":"https:\/\/www.lifenatura.com\/es\/produto\/lupulo-humulus-lupulus-frasco-de-50-ml-biover\/","name":"L\u00fapulo Extracto Humulus Lupulus Biover - Lifenatura","isPartOf":{"@id":"https:\/\/www.lifenatura.com\/es\/#website"},"primaryImageOfPage":{"@id":"https:\/\/www.lifenatura.com\/es\/produto\/lupulo-humulus-lupulus-frasco-de-50-ml-biover\/#primaryimage"},"image":{"@id":"https:\/\/www.lifenatura.com\/es\/produto\/lupulo-humulus-lupulus-frasco-de-50-ml-biover\/#primaryimage"},"thumbnailUrl":"https:\/\/www.lifenatura.com\/wp-content\/uploads\/2021\/09\/lupulus-extrato-biover.jpg","datePublished":"2021-09-30T09:27:05+00:00","dateModified":"2026-01-20T19:56:35+00:00","description":"Extracto de Humulus Lupulus Biover en gotas \u2013 apoyo natural para la relajaci\u00f3n, el sistema nervioso y la calidad del sue\u00f1o.","breadcrumb":{"@id":"https:\/\/www.lifenatura.com\/es\/produto\/lupulo-humulus-lupulus-frasco-de-50-ml-biover\/#breadcrumb"},"inLanguage":"es","potentialAction":[{"@type":"ReadAction","target":["https:\/\/www.lifenatura.com\/es\/produto\/lupulo-humulus-lupulus-frasco-de-50-ml-biover\/"]}]},{"@type":"ImageObject","inLanguage":"es","@id":"https:\/\/www.lifenatura.com\/es\/produto\/lupulo-humulus-lupulus-frasco-de-50-ml-biover\/#primaryimage","url":"https:\/\/www.lifenatura.com\/wp-content\/uploads\/2021\/09\/lupulus-extrato-biover.jpg","contentUrl":"https:\/\/www.lifenatura.com\/wp-content\/uploads\/2021\/09\/lupulus-extrato-biover.jpg","width":1000,"height":1000,"caption":"Extrato de Lupulus da marca Biover"},{"@type":"BreadcrumbList","@id":"https:\/\/www.lifenatura.com\/es\/produto\/lupulo-humulus-lupulus-frasco-de-50-ml-biover\/#breadcrumb","itemListElement":[{"@type":"ListItem","position":1,"name":"In\u00edcio","item":"https:\/\/www.lifenatura.com\/es\/"},{"@type":"ListItem","position":2,"name":"Todos los Productos","item":"https:\/\/www.lifenatura.com\/es\/tienda\/"},{"@type":"ListItem","position":3,"name":"L\u00fapulo Extracto Humulus Lupulus &#8211; Biover"}]},{"@type":"WebSite","@id":"https:\/\/www.lifenatura.com\/es\/#website","url":"https:\/\/www.lifenatura.com\/es\/","name":"Lifenatura","description":"A Lifenatura \u00e9 uma loja de produtos naturais, cosm\u00e9tica natural e alimenta\u00e7\u00e3o Biol\u00f3gica.","publisher":{"@id":"https:\/\/www.lifenatura.com\/es\/#organization"},"potentialAction":[{"@type":"SearchAction","target":{"@type":"EntryPoint","urlTemplate":"https:\/\/www.lifenatura.com\/es\/?s={search_term_string}"},"query-input":{"@type":"PropertyValueSpecification","valueRequired":true,"valueName":"search_term_string"}}],"inLanguage":"es"},{"@type":"Organization","@id":"https:\/\/www.lifenatura.com\/es\/#organization","name":"Lifenatura","url":"https:\/\/www.lifenatura.com\/es\/","logo":{"@type":"ImageObject","inLanguage":"es","@id":"https:\/\/www.lifenatura.com\/es\/#\/schema\/logo\/image\/","url":"https:\/\/www.lifenatura.com\/wp-content\/uploads\/2021\/07\/logo.png","contentUrl":"https:\/\/www.lifenatura.com\/wp-content\/uploads\/2021\/07\/logo.png","width":175,"height":55,"caption":"Lifenatura"},"image":{"@id":"https:\/\/www.lifenatura.com\/es\/#\/schema\/logo\/image\/"},"sameAs":["https:\/\/www.facebook.com\/lifenatura","https:\/\/www.instagram.com\/lifenaturapt\/"],"hasMerchantReturnPolicy":{"@type":"MerchantReturnPolicy","merchantReturnLink":"https:\/\/www.lifenatura.com\/termos-condicoes-lifenatura\/"}}]},"product_price_amount":"15.08","product_price_currency":"EUR","og_availability":"instock","product_availability":"instock","product_retailer_item_id":"5412141002365","product_condition":"new"},"df_price":15.08,"df_sale_price":"","df_regular_price":15.08,"df_image_link":"https:\/\/www.lifenatura.com\/wp-content\/uploads\/2021\/09\/lupulus-extrato-biover-300x300.jpg","_links":{"self":[{"href":"https:\/\/www.lifenatura.com\/es\/wp-json\/wp\/v2\/product\/36191","targetHints":{"allow":["GET"]}}],"collection":[{"href":"https:\/\/www.lifenatura.com\/es\/wp-json\/wp\/v2\/product"}],"about":[{"href":"https:\/\/www.lifenatura.com\/es\/wp-json\/wp\/v2\/types\/product"}],"wp:featuredmedia":[{"embeddable":true,"href":"https:\/\/www.lifenatura.com\/es\/wp-json\/wp\/v2\/media\/124688"}],"wp:attachment":[{"href":"https:\/\/www.lifenatura.com\/es\/wp-json\/wp\/v2\/media?parent=36191"}],"wp:term":[{"taxonomy":"product_brand","embeddable":true,"href":"https:\/\/www.lifenatura.com\/es\/wp-json\/wp\/v2\/product_brand?post=36191"},{"taxonomy":"product_cat","embeddable":true,"href":"https:\/\/www.lifenatura.com\/es\/wp-json\/wp\/v2\/product_cat?post=36191"},{"taxonomy":"product_tag","embeddable":true,"href":"https:\/\/www.lifenatura.com\/es\/wp-json\/wp\/v2\/product_tag?post=36191"}],"curies":[{"name":"wp","href":"https:\/\/api.w.org\/{rel}","templated":true}]}}