{"id":36172,"date":"2021-09-30T09:26:44","date_gmt":"2021-09-30T09:26:44","guid":{"rendered":"https:\/\/lifenatura.dev.agenciagetdigital.com\/produto\/equinacea-purpurea-frasco-de-50-ml-biover\/"},"modified":"2026-01-20T19:21:03","modified_gmt":"2026-01-20T19:21:03","slug":"equinacea-purpurea-frasco-de-50-ml-biover","status":"publish","type":"product","link":"https:\/\/www.lifenatura.com\/es\/produto\/equinacea-purpurea-frasco-de-50-ml-biover\/","title":{"rendered":"Equin\u00e1cea Purpurea gotas 50 ml &#8211; Biover"},"content":{"rendered":"<h2 style=\"text-align: left;\" data-start=\"178\" data-end=\"270\"><strong data-start=\"181\" data-end=\"270\">Equin\u00e1cea Purpurea Gotas Biover para el Refuerzo Natural del Sistema Inmunitario<\/strong><\/h2>\n<p>&nbsp;<\/p>\n<p data-start=\"313\" data-end=\"736\">Las <strong data-start=\"317\" data-end=\"345\">Equin\u00e1cea Purpurea Gotas<\/strong> de <strong data-start=\"349\" data-end=\"390\"><span class=\"hover:entity-accent entity-underline inline cursor-pointer align-baseline\"><span class=\"whitespace-normal\">Biover<\/span><\/span><\/strong> son un complemento alimenticio a base de planta fresca, tradicionalmente utilizada para apoyar el <strong data-start=\"489\" data-end=\"512\">sistema inmunitario<\/strong> y las defensas naturales del organismo. La equin\u00e1cea es especialmente reconocida por su papel en el refuerzo de las defensas, sobre todo en \u00e9pocas de mayor vulnerabilidad como los cambios de estaci\u00f3n o los periodos de fr\u00edo.<\/p>\n<p data-start=\"738\" data-end=\"1015\">Su formato l\u00edquido en gotas permite una <strong data-start=\"778\" data-end=\"807\">absorci\u00f3n r\u00e1pida y eficaz<\/strong>, facilitando la toma y el ajuste de la dosis seg\u00fan las necesidades individuales. Es una soluci\u00f3n natural y pr\u00e1ctica para apoyar el organismo de forma preventiva o en momentos de mayor exigencia inmunol\u00f3gica.<\/p>\n<h3 data-start=\"1022\" data-end=\"1052\"><strong data-start=\"1026\" data-end=\"1052\">Principales Beneficios<\/strong><\/h3>\n<ul data-start=\"1053\" data-end=\"1457\">\n<li data-start=\"1053\" data-end=\"1118\">\n<p data-start=\"1055\" data-end=\"1118\">Contribuye al <strong data-start=\"1069\" data-end=\"1118\">funcionamiento normal del sistema inmunitario<\/strong><\/p>\n<\/li>\n<li data-start=\"1119\" data-end=\"1167\">\n<p data-start=\"1121\" data-end=\"1167\">Apoya las <strong data-start=\"1131\" data-end=\"1167\">defensas naturales del organismo<\/strong><\/p>\n<\/li>\n<li data-start=\"1168\" data-end=\"1235\">\n<p data-start=\"1170\" data-end=\"1235\">Ideal en periodos de <strong data-start=\"1191\" data-end=\"1216\">mayor susceptibilidad<\/strong> (oto\u00f1o e invierno)<\/p>\n<\/li>\n<li data-start=\"1236\" data-end=\"1287\">\n<p data-start=\"1238\" data-end=\"1287\">Ayuda a aumentar la <strong data-start=\"1258\" data-end=\"1287\">resistencia del organismo<\/strong><\/p>\n<\/li>\n<li data-start=\"1288\" data-end=\"1335\">\n<p data-start=\"1290\" data-end=\"1335\">Formato l\u00edquido para una <strong data-start=\"1315\" data-end=\"1335\">r\u00e1pida absorci\u00f3n<\/strong><\/p>\n<\/li>\n<li data-start=\"1336\" data-end=\"1416\">\n<p data-start=\"1338\" data-end=\"1416\">Elaborado a partir de <strong data-start=\"1360\" data-end=\"1377\">planta fresca<\/strong>, respetando la fitoterapia tradicional<\/p>\n<\/li>\n<li data-start=\"1417\" data-end=\"1457\">\n<p data-start=\"1419\" data-end=\"1457\">Apto para uso <strong data-start=\"1433\" data-end=\"1457\">preventivo o puntual<\/strong><\/p>\n<\/li>\n<\/ul>\n<h3 data-start=\"1464\" data-end=\"1496\"><strong data-start=\"1468\" data-end=\"1496\">Para Qui\u00e9n Est\u00e1 Indicado<\/strong><\/h3>\n<p data-start=\"1497\" data-end=\"1530\">Este producto est\u00e1 indicado para:<\/p>\n<ul data-start=\"1531\" data-end=\"1873\">\n<li data-start=\"1531\" data-end=\"1588\">\n<p data-start=\"1533\" data-end=\"1588\">Personas que desean <strong data-start=\"1553\" data-end=\"1588\">reforzar el sistema inmunitario<\/strong><\/p>\n<\/li>\n<li data-start=\"1589\" data-end=\"1651\">\n<p data-start=\"1591\" data-end=\"1651\">Adultos sometidos a estr\u00e9s, cansancio o cambios estacionales<\/p>\n<\/li>\n<li data-start=\"1652\" data-end=\"1744\">\n<p data-start=\"1654\" data-end=\"1744\">Personas con mayor exposici\u00f3n a ambientes cerrados o contacto frecuente con otras personas<\/p>\n<\/li>\n<li data-start=\"1745\" data-end=\"1804\">\n<p data-start=\"1747\" data-end=\"1804\">Quienes buscan una soluci\u00f3n <strong data-start=\"1775\" data-end=\"1804\">natural para las defensas<\/strong><\/p>\n<\/li>\n<li data-start=\"1805\" data-end=\"1873\">\n<p data-start=\"1807\" data-end=\"1873\">Adultos que valoran complementos a base de <strong data-start=\"1850\" data-end=\"1873\">plantas medicinales<\/strong><\/p>\n<\/li>\n<\/ul>\n<p>La Equin\u00e1cea aumenta la resistencia y proporciona al organismo una protecci\u00f3n natural. Tomar Equin\u00e1cea antes del invierno consiste en un seguro natural contra gripes y resfriados.<\/p>\n<p><strong>PRESENTACI\u00d3N<\/strong><\/p>\n<p>50ml<\/p>\n<p>&nbsp;<\/p>\n","protected":false},"excerpt":{"rendered":"<p>Aumenta la resistencia y da al organismo una protecci\u00f3n natural. Tomar antes del invierno consiste en un seguro contra gripes y resfriados. [&#8230;]<\/p>\n<p><a class=\"btn btn-secondary understrap-read-more-link\" href=\"https:\/\/www.lifenatura.com\/es\/produto\/equinacea-purpurea-frasco-de-50-ml-biover\/\">Leer m\u00e1s&#8230;<span class=\"screen-reader-text\"> from Equin\u00e1cea Purpurea gotas 50 ml &#8211; Biover<\/span><\/a><\/p>\n","protected":false},"featured_media":124739,"template":"","meta":{"_acf_changed":false},"product_brand":[8526],"product_cat":[7698,7231,7659,7179],"product_tag":[],"class_list":{"0":"post-36172","1":"product","2":"type-product","3":"status-publish","4":"has-post-thumbnail","6":"product_brand-biover","7":"product_cat-equinacea-bio","8":"product_cat-gripe","9":"product_cat-ingrediente-natural-bio","10":"product_cat-salud","12":"first","13":"outofstock","14":"shipping-taxable","15":"purchasable","16":"product-type-simple","17":"add-to-wishlist-before_image"},"acf":[],"yoast_head":"<!-- This site is optimized with the Yoast SEO Premium plugin v27.1 (Yoast SEO v27.5) - https:\/\/yoast.com\/product\/yoast-seo-premium-wordpress\/ -->\n<title>Equin\u00e1cea Purpurea gotas Biover - Lifenatura<\/title>\n<meta name=\"description\" content=\"Equin\u00e1cea Purpurea aumenta la resistencia y da al organismo una protecci\u00f3n natural. Tomar antes del invierno un seguro contra gripes y resfriados.\" \/>\n<meta name=\"robots\" content=\"index, follow, max-snippet:-1, max-image-preview:large, max-video-preview:-1\" \/>\n<link rel=\"canonical\" href=\"https:\/\/www.lifenatura.com\/es\/produto\/equinacea-purpurea-frasco-de-50-ml-biover\/\" \/>\n<meta property=\"og:locale\" content=\"es_ES\" \/>\n<meta property=\"og:type\" content=\"article\" \/>\n<meta property=\"og:title\" content=\"Equin\u00e1cea Purpurea gotas 50 ml - Biover - Na Lifenatura ao Melhor Pre\u00e7o | Envio 48h\" \/>\n<meta property=\"og:description\" content=\"Compre Equin\u00e1cea Purpurea gotas 50 ml - Biover com envio r\u00e1pido. Entrega em 48h e portes gr\u00e1tis em compras &gt;35\u20ac. Aproveite j\u00e1 na Lifenatura\" \/>\n<meta property=\"og:url\" content=\"https:\/\/www.lifenatura.com\/es\/produto\/equinacea-purpurea-frasco-de-50-ml-biover\/\" \/>\n<meta property=\"og:site_name\" content=\"Lifenatura\" \/>\n<meta property=\"article:publisher\" content=\"https:\/\/www.facebook.com\/lifenatura\" \/>\n<meta property=\"article:modified_time\" content=\"2026-01-20T19:21:03+00:00\" \/>\n<meta property=\"og:image\" content=\"https:\/\/www.lifenatura.com\/wp-content\/uploads\/2021\/09\/gd_echinacea-purpurea-gotas-50ml-biover.jpg\" \/>\n\t<meta property=\"og:image:width\" content=\"1000\" \/>\n\t<meta property=\"og:image:height\" content=\"1000\" \/>\n\t<meta property=\"og:image:type\" content=\"image\/jpeg\" \/>\n<meta name=\"twitter:card\" content=\"summary_large_image\" \/>\n<meta name=\"twitter:label1\" content=\"Precio\" \/>\n\t<meta name=\"twitter:data1\" content=\"15,08&nbsp;&euro;\" \/>\n\t<meta name=\"twitter:label2\" content=\"Disponibilidad\" \/>\n\t<meta name=\"twitter:data2\" content=\"Sin existencias\" \/>\n<script type=\"application\/ld+json\" class=\"yoast-schema-graph\">{\"@context\":\"https:\\\/\\\/schema.org\",\"@graph\":[{\"@type\":\"WebPage\",\"@id\":\"https:\\\/\\\/www.lifenatura.com\\\/es\\\/produto\\\/equinacea-purpurea-frasco-de-50-ml-biover\\\/\",\"url\":\"https:\\\/\\\/www.lifenatura.com\\\/es\\\/produto\\\/equinacea-purpurea-frasco-de-50-ml-biover\\\/\",\"name\":\"Equin\u00e1cea Purpurea gotas Biover - Lifenatura\",\"isPartOf\":{\"@id\":\"https:\\\/\\\/www.lifenatura.com\\\/es\\\/#website\"},\"primaryImageOfPage\":{\"@id\":\"https:\\\/\\\/www.lifenatura.com\\\/es\\\/produto\\\/equinacea-purpurea-frasco-de-50-ml-biover\\\/#primaryimage\"},\"image\":{\"@id\":\"https:\\\/\\\/www.lifenatura.com\\\/es\\\/produto\\\/equinacea-purpurea-frasco-de-50-ml-biover\\\/#primaryimage\"},\"thumbnailUrl\":\"https:\\\/\\\/www.lifenatura.com\\\/wp-content\\\/uploads\\\/2021\\\/09\\\/echinacee-purpurea-biover.jpg\",\"datePublished\":\"2021-09-30T09:26:44+00:00\",\"dateModified\":\"2026-01-20T19:21:03+00:00\",\"description\":\"Equin\u00e1cea Purpurea aumenta la resistencia y da al organismo una protecci\u00f3n natural. Tomar antes del invierno un seguro contra gripes y resfriados.\",\"breadcrumb\":{\"@id\":\"https:\\\/\\\/www.lifenatura.com\\\/es\\\/produto\\\/equinacea-purpurea-frasco-de-50-ml-biover\\\/#breadcrumb\"},\"inLanguage\":\"es\",\"potentialAction\":[{\"@type\":\"ReadAction\",\"target\":[\"https:\\\/\\\/www.lifenatura.com\\\/es\\\/produto\\\/equinacea-purpurea-frasco-de-50-ml-biover\\\/\"]}]},{\"@type\":\"ImageObject\",\"inLanguage\":\"es\",\"@id\":\"https:\\\/\\\/www.lifenatura.com\\\/es\\\/produto\\\/equinacea-purpurea-frasco-de-50-ml-biover\\\/#primaryimage\",\"url\":\"https:\\\/\\\/www.lifenatura.com\\\/wp-content\\\/uploads\\\/2021\\\/09\\\/echinacee-purpurea-biover.jpg\",\"contentUrl\":\"https:\\\/\\\/www.lifenatura.com\\\/wp-content\\\/uploads\\\/2021\\\/09\\\/echinacee-purpurea-biover.jpg\",\"width\":1000,\"height\":1000,\"caption\":\"Echinacea purpurea da biover\"},{\"@type\":\"BreadcrumbList\",\"@id\":\"https:\\\/\\\/www.lifenatura.com\\\/es\\\/produto\\\/equinacea-purpurea-frasco-de-50-ml-biover\\\/#breadcrumb\",\"itemListElement\":[{\"@type\":\"ListItem\",\"position\":1,\"name\":\"In\u00edcio\",\"item\":\"https:\\\/\\\/www.lifenatura.com\\\/es\\\/\"},{\"@type\":\"ListItem\",\"position\":2,\"name\":\"Todos los Productos\",\"item\":\"https:\\\/\\\/www.lifenatura.com\\\/es\\\/tienda\\\/\"},{\"@type\":\"ListItem\",\"position\":3,\"name\":\"Equin\u00e1cea Purpurea gotas 50 ml &#8211; Biover\"}]},{\"@type\":\"WebSite\",\"@id\":\"https:\\\/\\\/www.lifenatura.com\\\/es\\\/#website\",\"url\":\"https:\\\/\\\/www.lifenatura.com\\\/es\\\/\",\"name\":\"Lifenatura\",\"description\":\"A Lifenatura \u00e9 uma loja de produtos naturais, cosm\u00e9tica natural e alimenta\u00e7\u00e3o Biol\u00f3gica.\",\"publisher\":{\"@id\":\"https:\\\/\\\/www.lifenatura.com\\\/es\\\/#organization\"},\"potentialAction\":[{\"@type\":\"SearchAction\",\"target\":{\"@type\":\"EntryPoint\",\"urlTemplate\":\"https:\\\/\\\/www.lifenatura.com\\\/es\\\/?s={search_term_string}\"},\"query-input\":{\"@type\":\"PropertyValueSpecification\",\"valueRequired\":true,\"valueName\":\"search_term_string\"}}],\"inLanguage\":\"es\"},{\"@type\":\"Organization\",\"@id\":\"https:\\\/\\\/www.lifenatura.com\\\/es\\\/#organization\",\"name\":\"Lifenatura\",\"url\":\"https:\\\/\\\/www.lifenatura.com\\\/es\\\/\",\"logo\":{\"@type\":\"ImageObject\",\"inLanguage\":\"es\",\"@id\":\"https:\\\/\\\/www.lifenatura.com\\\/es\\\/#\\\/schema\\\/logo\\\/image\\\/\",\"url\":\"https:\\\/\\\/www.lifenatura.com\\\/wp-content\\\/uploads\\\/2021\\\/07\\\/logo.png\",\"contentUrl\":\"https:\\\/\\\/www.lifenatura.com\\\/wp-content\\\/uploads\\\/2021\\\/07\\\/logo.png\",\"width\":175,\"height\":55,\"caption\":\"Lifenatura\"},\"image\":{\"@id\":\"https:\\\/\\\/www.lifenatura.com\\\/es\\\/#\\\/schema\\\/logo\\\/image\\\/\"},\"sameAs\":[\"https:\\\/\\\/www.facebook.com\\\/lifenatura\",\"https:\\\/\\\/www.instagram.com\\\/lifenaturapt\\\/\"],\"hasMerchantReturnPolicy\":{\"@type\":\"MerchantReturnPolicy\",\"merchantReturnLink\":\"https:\\\/\\\/www.lifenatura.com\\\/termos-condicoes-lifenatura\\\/\"}}]}<\/script>\n<meta property=\"product:price:amount\" content=\"15.08\" \/>\n<meta property=\"product:price:currency\" content=\"EUR\" \/>\n<meta property=\"og:availability\" content=\"out of stock\" \/>\n<meta property=\"product:availability\" content=\"out of stock\" \/>\n<meta property=\"product:retailer_item_id\" content=\"5412141002075\" \/>\n<meta property=\"product:condition\" content=\"new\" \/>\n<!-- \/ Yoast SEO Premium plugin. -->","yoast_head_json":{"title":"Equin\u00e1cea Purpurea gotas Biover - Lifenatura","description":"Equin\u00e1cea Purpurea aumenta la resistencia y da al organismo una protecci\u00f3n natural. Tomar antes del invierno un seguro contra gripes y resfriados.","robots":{"index":"index","follow":"follow","max-snippet":"max-snippet:-1","max-image-preview":"max-image-preview:large","max-video-preview":"max-video-preview:-1"},"canonical":"https:\/\/www.lifenatura.com\/es\/produto\/equinacea-purpurea-frasco-de-50-ml-biover\/","og_locale":"es_ES","og_type":"article","og_title":"Equin\u00e1cea Purpurea gotas 50 ml - Biover - Na Lifenatura ao Melhor Pre\u00e7o | Envio 48h","og_description":"Compre Equin\u00e1cea Purpurea gotas 50 ml - Biover com envio r\u00e1pido. Entrega em 48h e portes gr\u00e1tis em compras >35\u20ac. Aproveite j\u00e1 na Lifenatura","og_url":"https:\/\/www.lifenatura.com\/es\/produto\/equinacea-purpurea-frasco-de-50-ml-biover\/","og_site_name":"Lifenatura","article_publisher":"https:\/\/www.facebook.com\/lifenatura","article_modified_time":"2026-01-20T19:21:03+00:00","og_image":[{"width":1000,"height":1000,"url":"https:\/\/www.lifenatura.com\/wp-content\/uploads\/2021\/09\/gd_echinacea-purpurea-gotas-50ml-biover.jpg","type":"image\/jpeg"}],"twitter_card":"summary_large_image","twitter_misc":{"Precio":"15,08&nbsp;&euro;","Disponibilidad":"Sin existencias"},"schema":{"@context":"https:\/\/schema.org","@graph":[{"@type":"WebPage","@id":"https:\/\/www.lifenatura.com\/es\/produto\/equinacea-purpurea-frasco-de-50-ml-biover\/","url":"https:\/\/www.lifenatura.com\/es\/produto\/equinacea-purpurea-frasco-de-50-ml-biover\/","name":"Equin\u00e1cea Purpurea gotas Biover - Lifenatura","isPartOf":{"@id":"https:\/\/www.lifenatura.com\/es\/#website"},"primaryImageOfPage":{"@id":"https:\/\/www.lifenatura.com\/es\/produto\/equinacea-purpurea-frasco-de-50-ml-biover\/#primaryimage"},"image":{"@id":"https:\/\/www.lifenatura.com\/es\/produto\/equinacea-purpurea-frasco-de-50-ml-biover\/#primaryimage"},"thumbnailUrl":"https:\/\/www.lifenatura.com\/wp-content\/uploads\/2021\/09\/echinacee-purpurea-biover.jpg","datePublished":"2021-09-30T09:26:44+00:00","dateModified":"2026-01-20T19:21:03+00:00","description":"Equin\u00e1cea Purpurea aumenta la resistencia y da al organismo una protecci\u00f3n natural. Tomar antes del invierno un seguro contra gripes y resfriados.","breadcrumb":{"@id":"https:\/\/www.lifenatura.com\/es\/produto\/equinacea-purpurea-frasco-de-50-ml-biover\/#breadcrumb"},"inLanguage":"es","potentialAction":[{"@type":"ReadAction","target":["https:\/\/www.lifenatura.com\/es\/produto\/equinacea-purpurea-frasco-de-50-ml-biover\/"]}]},{"@type":"ImageObject","inLanguage":"es","@id":"https:\/\/www.lifenatura.com\/es\/produto\/equinacea-purpurea-frasco-de-50-ml-biover\/#primaryimage","url":"https:\/\/www.lifenatura.com\/wp-content\/uploads\/2021\/09\/echinacee-purpurea-biover.jpg","contentUrl":"https:\/\/www.lifenatura.com\/wp-content\/uploads\/2021\/09\/echinacee-purpurea-biover.jpg","width":1000,"height":1000,"caption":"Echinacea purpurea da biover"},{"@type":"BreadcrumbList","@id":"https:\/\/www.lifenatura.com\/es\/produto\/equinacea-purpurea-frasco-de-50-ml-biover\/#breadcrumb","itemListElement":[{"@type":"ListItem","position":1,"name":"In\u00edcio","item":"https:\/\/www.lifenatura.com\/es\/"},{"@type":"ListItem","position":2,"name":"Todos los Productos","item":"https:\/\/www.lifenatura.com\/es\/tienda\/"},{"@type":"ListItem","position":3,"name":"Equin\u00e1cea Purpurea gotas 50 ml &#8211; Biover"}]},{"@type":"WebSite","@id":"https:\/\/www.lifenatura.com\/es\/#website","url":"https:\/\/www.lifenatura.com\/es\/","name":"Lifenatura","description":"A Lifenatura \u00e9 uma loja de produtos naturais, cosm\u00e9tica natural e alimenta\u00e7\u00e3o Biol\u00f3gica.","publisher":{"@id":"https:\/\/www.lifenatura.com\/es\/#organization"},"potentialAction":[{"@type":"SearchAction","target":{"@type":"EntryPoint","urlTemplate":"https:\/\/www.lifenatura.com\/es\/?s={search_term_string}"},"query-input":{"@type":"PropertyValueSpecification","valueRequired":true,"valueName":"search_term_string"}}],"inLanguage":"es"},{"@type":"Organization","@id":"https:\/\/www.lifenatura.com\/es\/#organization","name":"Lifenatura","url":"https:\/\/www.lifenatura.com\/es\/","logo":{"@type":"ImageObject","inLanguage":"es","@id":"https:\/\/www.lifenatura.com\/es\/#\/schema\/logo\/image\/","url":"https:\/\/www.lifenatura.com\/wp-content\/uploads\/2021\/07\/logo.png","contentUrl":"https:\/\/www.lifenatura.com\/wp-content\/uploads\/2021\/07\/logo.png","width":175,"height":55,"caption":"Lifenatura"},"image":{"@id":"https:\/\/www.lifenatura.com\/es\/#\/schema\/logo\/image\/"},"sameAs":["https:\/\/www.facebook.com\/lifenatura","https:\/\/www.instagram.com\/lifenaturapt\/"],"hasMerchantReturnPolicy":{"@type":"MerchantReturnPolicy","merchantReturnLink":"https:\/\/www.lifenatura.com\/termos-condicoes-lifenatura\/"}}]},"product_price_amount":"15.08","product_price_currency":"EUR","og_availability":"out of stock","product_availability":"out of stock","product_retailer_item_id":"5412141002075","product_condition":"new"},"df_price":15.08,"df_sale_price":"","df_regular_price":15.08,"df_image_link":"https:\/\/www.lifenatura.com\/wp-content\/uploads\/2021\/09\/echinacee-purpurea-biover-300x300.jpg","_links":{"self":[{"href":"https:\/\/www.lifenatura.com\/es\/wp-json\/wp\/v2\/product\/36172","targetHints":{"allow":["GET"]}}],"collection":[{"href":"https:\/\/www.lifenatura.com\/es\/wp-json\/wp\/v2\/product"}],"about":[{"href":"https:\/\/www.lifenatura.com\/es\/wp-json\/wp\/v2\/types\/product"}],"wp:featuredmedia":[{"embeddable":true,"href":"https:\/\/www.lifenatura.com\/es\/wp-json\/wp\/v2\/media\/124739"}],"wp:attachment":[{"href":"https:\/\/www.lifenatura.com\/es\/wp-json\/wp\/v2\/media?parent=36172"}],"wp:term":[{"taxonomy":"product_brand","embeddable":true,"href":"https:\/\/www.lifenatura.com\/es\/wp-json\/wp\/v2\/product_brand?post=36172"},{"taxonomy":"product_cat","embeddable":true,"href":"https:\/\/www.lifenatura.com\/es\/wp-json\/wp\/v2\/product_cat?post=36172"},{"taxonomy":"product_tag","embeddable":true,"href":"https:\/\/www.lifenatura.com\/es\/wp-json\/wp\/v2\/product_tag?post=36172"}],"curies":[{"name":"wp","href":"https:\/\/api.w.org\/{rel}","templated":true}]}}