{"id":36094,"date":"2021-09-30T09:25:20","date_gmt":"2021-09-30T09:25:20","guid":{"rendered":"https:\/\/lifenatura.dev.agenciagetdigital.com\/produto\/cistoren-20-capsulas-bioserum\/"},"modified":"2026-01-16T13:08:41","modified_gmt":"2026-01-16T13:08:41","slug":"cistoren-20-capsulas-bioserum","status":"publish","type":"product","link":"https:\/\/www.lifenatura.com\/es\/produto\/cistoren-20-capsulas-bioserum\/","title":{"rendered":"Cistoren 20 c\u00e1psulas &#8211; Bioserum"},"content":{"rendered":"<h2 style=\"text-align: left\"><strong>Indicado para el Sistema Urinario<\/strong><\/h2>\n<p>&nbsp;<\/p>\n<p>Cisten es un suplemento alimenticio que busca prevenir y tratar las infecciones del tracto urinario en diferentes etapas de la vida de hombres y mujeres.<\/p>\n<p><strong>PRESENTACI\u00d3N<\/strong><\/p>\n<p>20 C\u00e1psulas.<\/p>\n<p>&nbsp;<\/p>\n","protected":false},"excerpt":{"rendered":"<p>Cisten es un suplemento alimenticio que busca prevenir y tratar las infecciones del tracto urinario en diferentes etapas de la vida de hombres y mujeres. [&#8230;]<\/p>\n<p><a class=\"btn btn-secondary understrap-read-more-link\" href=\"https:\/\/www.lifenatura.com\/es\/produto\/cistoren-20-capsulas-bioserum\/\">Leer m\u00e1s&#8230;<span class=\"screen-reader-text\"> from Cistoren 20 c\u00e1psulas &#8211; Bioserum<\/span><\/a><\/p>\n","protected":false},"featured_media":110436,"template":"","meta":{"_acf_changed":false},"product_brand":[8527],"product_cat":[7249,7179],"product_tag":[],"class_list":{"0":"post-36094","1":"product","2":"type-product","3":"status-publish","4":"has-post-thumbnail","6":"product_brand-bioserum-es","7":"product_cat-infecciones-urinarias","8":"product_cat-salud","10":"first","11":"outofstock","12":"shipping-taxable","13":"purchasable","14":"product-type-simple","15":"add-to-wishlist-before_image"},"acf":[],"yoast_head":"<!-- This site is optimized with the Yoast SEO Premium plugin v27.1 (Yoast SEO v27.3) - https:\/\/yoast.com\/product\/yoast-seo-premium-wordpress\/ -->\n<title>Bioserum Cistoren 20 c\u00e1psulas - Lifenatura<\/title>\n<meta name=\"description\" content=\"Cisten es un suplemento alimenticio que busca prevenir y tratar las infecciones del tracto urinario en diferentes etapas de la vida de hombres y mujeres.\" \/>\n<meta name=\"robots\" content=\"index, follow, max-snippet:-1, max-image-preview:large, max-video-preview:-1\" \/>\n<link rel=\"canonical\" href=\"https:\/\/www.lifenatura.com\/es\/produto\/cistoren-20-capsulas-bioserum\/\" \/>\n<meta property=\"og:locale\" content=\"es_ES\" \/>\n<meta property=\"og:type\" content=\"article\" \/>\n<meta property=\"og:title\" content=\"Cistoren 20 c\u00e1psulas - Bioserum - Lifenatura\" \/>\n<meta property=\"og:description\" content=\"Compre aqui o seu Cistoren 20 c\u00e1psulas - Bioserum e a Lifenatura Online envia em 48 H com Portes Gratis &gt;35\u20ac de Pedido.\" \/>\n<meta property=\"og:url\" content=\"https:\/\/www.lifenatura.com\/es\/produto\/cistoren-20-capsulas-bioserum\/\" \/>\n<meta property=\"og:site_name\" content=\"Lifenatura\" \/>\n<meta property=\"article:publisher\" content=\"https:\/\/www.facebook.com\/lifenatura\" \/>\n<meta property=\"article:modified_time\" content=\"2026-01-16T13:08:41+00:00\" \/>\n<meta property=\"og:image\" content=\"https:\/\/www.lifenatura.com\/wp-content\/uploads\/2021\/09\/gd_cistoren-20-capsulas-bioserum.jpg\" \/>\n\t<meta property=\"og:image:width\" content=\"1000\" \/>\n\t<meta property=\"og:image:height\" content=\"1000\" \/>\n\t<meta property=\"og:image:type\" content=\"image\/jpeg\" \/>\n<meta name=\"twitter:card\" content=\"summary_large_image\" \/>\n<meta name=\"twitter:label1\" content=\"Precio\" \/>\n\t<meta name=\"twitter:data1\" content=\"15,57&nbsp;&euro;\" \/>\n\t<meta name=\"twitter:label2\" content=\"Disponibilidad\" \/>\n\t<meta name=\"twitter:data2\" content=\"Sin existencias\" \/>\n<meta property=\"product:price:amount\" content=\"15.57\" \/>\n<meta property=\"product:price:currency\" content=\"EUR\" \/>\n<meta property=\"og:availability\" content=\"out of stock\" \/>\n<meta property=\"product:availability\" content=\"out of stock\" \/>\n<meta property=\"product:retailer_item_id\" content=\"8427268070163\" \/>\n<meta property=\"product:condition\" content=\"new\" \/>\n<!-- \/ Yoast SEO Premium plugin. -->","yoast_head_json":{"title":"Bioserum Cistoren 20 c\u00e1psulas - Lifenatura","description":"Cisten es un suplemento alimenticio que busca prevenir y tratar las infecciones del tracto urinario en diferentes etapas de la vida de hombres y mujeres.","robots":{"index":"index","follow":"follow","max-snippet":"max-snippet:-1","max-image-preview":"max-image-preview:large","max-video-preview":"max-video-preview:-1"},"canonical":"https:\/\/www.lifenatura.com\/es\/produto\/cistoren-20-capsulas-bioserum\/","og_locale":"es_ES","og_type":"article","og_title":"Cistoren 20 c\u00e1psulas - Bioserum - Lifenatura","og_description":"Compre aqui o seu Cistoren 20 c\u00e1psulas - Bioserum e a Lifenatura Online envia em 48 H com Portes Gratis >35\u20ac de Pedido.","og_url":"https:\/\/www.lifenatura.com\/es\/produto\/cistoren-20-capsulas-bioserum\/","og_site_name":"Lifenatura","article_publisher":"https:\/\/www.facebook.com\/lifenatura","article_modified_time":"2026-01-16T13:08:41+00:00","og_image":[{"width":1000,"height":1000,"url":"https:\/\/www.lifenatura.com\/wp-content\/uploads\/2021\/09\/gd_cistoren-20-capsulas-bioserum.jpg","type":"image\/jpeg"}],"twitter_card":"summary_large_image","twitter_misc":{"Precio":"15,57&nbsp;&euro;","Disponibilidad":"Sin existencias"},"schema":{"@context":"https:\/\/schema.org","@graph":[{"@type":"WebPage","@id":"https:\/\/www.lifenatura.com\/es\/produto\/cistoren-20-capsulas-bioserum\/","url":"https:\/\/www.lifenatura.com\/es\/produto\/cistoren-20-capsulas-bioserum\/","name":"Bioserum Cistoren 20 c\u00e1psulas - Lifenatura","isPartOf":{"@id":"https:\/\/www.lifenatura.com\/es\/#website"},"primaryImageOfPage":{"@id":"https:\/\/www.lifenatura.com\/es\/produto\/cistoren-20-capsulas-bioserum\/#primaryimage"},"image":{"@id":"https:\/\/www.lifenatura.com\/es\/produto\/cistoren-20-capsulas-bioserum\/#primaryimage"},"thumbnailUrl":"https:\/\/www.lifenatura.com\/wp-content\/uploads\/2025\/04\/cistoren-plus-bioserum.jpg","datePublished":"2021-09-30T09:25:20+00:00","dateModified":"2026-01-16T13:08:41+00:00","description":"Cisten es un suplemento alimenticio que busca prevenir y tratar las infecciones del tracto urinario en diferentes etapas de la vida de hombres y mujeres.","breadcrumb":{"@id":"https:\/\/www.lifenatura.com\/es\/produto\/cistoren-20-capsulas-bioserum\/#breadcrumb"},"inLanguage":"es","potentialAction":[{"@type":"ReadAction","target":["https:\/\/www.lifenatura.com\/es\/produto\/cistoren-20-capsulas-bioserum\/"]}]},{"@type":"ImageObject","inLanguage":"es","@id":"https:\/\/www.lifenatura.com\/es\/produto\/cistoren-20-capsulas-bioserum\/#primaryimage","url":"https:\/\/www.lifenatura.com\/wp-content\/uploads\/2025\/04\/cistoren-plus-bioserum.jpg","contentUrl":"https:\/\/www.lifenatura.com\/wp-content\/uploads\/2025\/04\/cistoren-plus-bioserum.jpg","width":1000,"height":1000,"caption":"Cistoren da Bioserum"},{"@type":"BreadcrumbList","@id":"https:\/\/www.lifenatura.com\/es\/produto\/cistoren-20-capsulas-bioserum\/#breadcrumb","itemListElement":[{"@type":"ListItem","position":1,"name":"In\u00edcio","item":"https:\/\/www.lifenatura.com\/es\/"},{"@type":"ListItem","position":2,"name":"Todos los Productos","item":"https:\/\/www.lifenatura.com\/es\/tienda\/"},{"@type":"ListItem","position":3,"name":"Cistoren 20 c\u00e1psulas &#8211; Bioserum"}]},{"@type":"WebSite","@id":"https:\/\/www.lifenatura.com\/es\/#website","url":"https:\/\/www.lifenatura.com\/es\/","name":"Lifenatura","description":"A Lifenatura \u00e9 uma loja de produtos naturais, cosm\u00e9tica natural e alimenta\u00e7\u00e3o Biol\u00f3gica.","publisher":{"@id":"https:\/\/www.lifenatura.com\/es\/#organization"},"potentialAction":[{"@type":"SearchAction","target":{"@type":"EntryPoint","urlTemplate":"https:\/\/www.lifenatura.com\/es\/?s={search_term_string}"},"query-input":{"@type":"PropertyValueSpecification","valueRequired":true,"valueName":"search_term_string"}}],"inLanguage":"es"},{"@type":"Organization","@id":"https:\/\/www.lifenatura.com\/es\/#organization","name":"Lifenatura","url":"https:\/\/www.lifenatura.com\/es\/","logo":{"@type":"ImageObject","inLanguage":"es","@id":"https:\/\/www.lifenatura.com\/es\/#\/schema\/logo\/image\/","url":"https:\/\/www.lifenatura.com\/wp-content\/uploads\/2021\/11\/logo.png","contentUrl":"https:\/\/www.lifenatura.com\/wp-content\/uploads\/2021\/11\/logo.png","width":175,"height":55,"caption":"Lifenatura"},"image":{"@id":"https:\/\/www.lifenatura.com\/es\/#\/schema\/logo\/image\/"},"sameAs":["https:\/\/www.facebook.com\/lifenatura","https:\/\/www.instagram.com\/lifenaturapt\/"]}]},"product_price_amount":"15.57","product_price_currency":"EUR","og_availability":"out of stock","product_availability":"out of stock","product_retailer_item_id":"8427268070163","product_condition":"new"},"df_price":15.57,"df_sale_price":"","df_regular_price":15.57,"df_image_link":"https:\/\/www.lifenatura.com\/wp-content\/uploads\/2025\/04\/cistoren-plus-bioserum-300x300.jpg","_links":{"self":[{"href":"https:\/\/www.lifenatura.com\/es\/wp-json\/wp\/v2\/product\/36094","targetHints":{"allow":["GET"]}}],"collection":[{"href":"https:\/\/www.lifenatura.com\/es\/wp-json\/wp\/v2\/product"}],"about":[{"href":"https:\/\/www.lifenatura.com\/es\/wp-json\/wp\/v2\/types\/product"}],"wp:featuredmedia":[{"embeddable":true,"href":"https:\/\/www.lifenatura.com\/es\/wp-json\/wp\/v2\/media\/110436"}],"wp:attachment":[{"href":"https:\/\/www.lifenatura.com\/es\/wp-json\/wp\/v2\/media?parent=36094"}],"wp:term":[{"taxonomy":"product_brand","embeddable":true,"href":"https:\/\/www.lifenatura.com\/es\/wp-json\/wp\/v2\/product_brand?post=36094"},{"taxonomy":"product_cat","embeddable":true,"href":"https:\/\/www.lifenatura.com\/es\/wp-json\/wp\/v2\/product_cat?post=36094"},{"taxonomy":"product_tag","embeddable":true,"href":"https:\/\/www.lifenatura.com\/es\/wp-json\/wp\/v2\/product_tag?post=36094"}],"curies":[{"name":"wp","href":"https:\/\/api.w.org\/{rel}","templated":true}]}}