{"id":35836,"date":"2022-06-01T00:00:00","date_gmt":"2022-06-01T00:00:00","guid":{"rendered":"https:\/\/lifenatura.dev.agenciagetdigital.com\/produto\/colesterol-40-capsulas-bional\/"},"modified":"2025-07-31T00:06:13","modified_gmt":"2025-07-31T00:06:13","slug":"colesterol-40-capsulas-bional","status":"publish","type":"product","link":"https:\/\/www.lifenatura.com\/es\/produto\/colesterol-40-capsulas-bional\/","title":{"rendered":"Colesterol 40 c\u00e1psulas &#8211; Bional"},"content":{"rendered":"<h2><strong>Indicado para reducir los niveles de colesterol en sangre<\/strong><\/h2>\n<p>&nbsp;<\/p>\n<p>Bional Colesterol es un suplemento formulado para promover la salud cardiovascular y regular los niveles de colesterol en el organismo. Su exclusiva f\u00f3rmula combina una selecci\u00f3n de ingredientes naturales que act\u00faan conjuntamente para reducir el colesterol LDL (colesterol malo) y promover el colesterol HDL (colesterol bueno), proporcionando as\u00ed un apoyo integral al coraz\u00f3n y las arterias.<\/p>\n<p>Bional Colesterol contiene alcachofa, aceite de linaza y levadura roja de arroz.<\/p>\n<p>Bional Colesterol es una combinaci\u00f3n de extracto estandarizado de <strong>alcachofa<\/strong>, que contribuye a niveles normales de l\u00edpidos en sangre, y aceite de linaza, rico en el \u00e1cido graso Omega 3 \u00e1cido alfa-linol\u00e9nico (ALA), que contribuye al mantenimiento de niveles normales de colesterol en sangre. Esta f\u00f3rmula tambi\u00e9n contiene <strong>levadura roja de arroz<\/strong> estandarizada, <strong>coenzima Q10<\/strong>, obtenida por fermentaci\u00f3n, y <strong>policosanol<\/strong> extra\u00eddo de la ca\u00f1a de az\u00facar.<\/p>\n<p><strong>Principales beneficios:<\/strong><\/p>\n<ul>\n<li><strong>Reducci\u00f3n del colesterol LDL:<\/strong> contiene ingredientes como el arroz de levadura roja, conocido por sus efectos en la reducci\u00f3n del colesterol LDL. El arroz de levadura roja contiene monacolina K, una sustancia que inhibe la producci\u00f3n de colesterol en el h\u00edgado, ayudando a reducir los niveles de LDL en la sangre.<\/li>\n<li><strong>Fomento del colesterol HDL: <\/strong>los principios activos contribuyen a aumentar los niveles de HDL, ayudando a eliminar el exceso de colesterol de las arterias y a prevenir la formaci\u00f3n de placas.<\/li>\n<li><strong>Apoyo antioxidante:<\/strong> con la adici\u00f3n de antioxidantes como la vitamina E, las c\u00e1psulas de Colesterol ayudan a proteger las c\u00e9lulas del organismo contra los da\u00f1os causados por los radicales libres. Esto es extremadamente importante para la salud cardiovascular, ya que los radicales libres pueden da\u00f1ar las c\u00e9lulas arteriales, contribuyendo al desarrollo de enfermedades card\u00edacas.<\/li>\n<li><strong>Mantenimiento de la salud del coraz\u00f3n:<\/strong> al reducir los niveles de colesterol LDL y promover el colesterol HDL, ayuda a mantener la salud del coraz\u00f3n y las arterias. Esto puede ayudar a reducir el riesgo de enfermedades cardiovasculares como infartos de miocardio y accidentes cerebrovasculares, proporcionando as\u00ed una protecci\u00f3n adicional para el sistema cardiovascular.<\/li>\n<\/ul>\n<p><strong>PRESENTACI\u00d3N<\/strong><\/p>\n<p>40 c\u00e1psulas.<\/p>\n<p>&nbsp;<\/p>\n","protected":false},"excerpt":{"rendered":"<p>El colesterol de Bional contiene alcachofa, aceite de linaza y arroz de levadura roja. Indicado para reducir los niveles de colesterol. [&#8230;]<\/p>\n<p><a class=\"btn btn-secondary understrap-read-more-link\" href=\"https:\/\/www.lifenatura.com\/es\/produto\/colesterol-40-capsulas-bional\/\">Leer m\u00e1s&#8230;<span class=\"screen-reader-text\"> from Colesterol 40 c\u00e1psulas &#8211; Bional<\/span><\/a><\/p>\n","protected":false},"featured_media":88122,"template":"","meta":{"_acf_changed":false},"product_brand":[8543],"product_cat":[7145,7222,7659,7179],"product_tag":[],"class_list":{"0":"post-35836","1":"product","2":"type-product","3":"status-publish","4":"has-post-thumbnail","6":"product_brand-bional","7":"product_cat-alcachofa","8":"product_cat-colesterol-salud","9":"product_cat-ingrediente-natural-bio","10":"product_cat-salud","12":"first","13":"outofstock","14":"sale","15":"featured","16":"shipping-taxable","17":"purchasable","18":"product-type-simple","19":"add-to-wishlist-before_image"},"acf":[],"yoast_head":"<!-- This site is optimized with the Yoast SEO Premium plugin v27.1 (Yoast SEO v27.5) - https:\/\/yoast.com\/product\/yoast-seo-premium-wordpress\/ -->\n<title>Bional Colesterol 40 c\u00e1psulas - Lifenatura<\/title>\n<meta name=\"description\" content=\"El colesterol de Bional contiene alcachofa, aceite de linaza y arroz de levadura roja. Indicado para reducir los niveles de colesterol.\" \/>\n<meta name=\"robots\" content=\"index, follow, max-snippet:-1, max-image-preview:large, max-video-preview:-1\" \/>\n<link rel=\"canonical\" href=\"https:\/\/www.lifenatura.com\/es\/produto\/colesterol-40-capsulas-bional\/\" \/>\n<meta property=\"og:locale\" content=\"es_ES\" \/>\n<meta property=\"og:type\" content=\"article\" \/>\n<meta property=\"og:title\" content=\"Colesterol 40 c\u00e1psulas - Bional - Na Lifenatura ao Melhor Pre\u00e7o | Envio 48h\" \/>\n<meta property=\"og:description\" content=\"Compre Colesterol 40 c\u00e1psulas - Bional com envio r\u00e1pido. Entrega em 48h e portes gr\u00e1tis em compras &gt;35\u20ac. Aproveite j\u00e1 na Lifenatura\" \/>\n<meta property=\"og:url\" content=\"https:\/\/www.lifenatura.com\/es\/produto\/colesterol-40-capsulas-bional\/\" \/>\n<meta property=\"og:site_name\" content=\"Lifenatura\" \/>\n<meta property=\"article:publisher\" content=\"https:\/\/www.facebook.com\/lifenatura\" \/>\n<meta property=\"article:modified_time\" content=\"2025-07-31T00:06:13+00:00\" \/>\n<meta property=\"og:image\" content=\"https:\/\/www.lifenatura.com\/wp-content\/uploads\/2022\/06\/colesterol-capsulas-bional.jpg\" \/>\n\t<meta property=\"og:image:width\" content=\"1000\" \/>\n\t<meta property=\"og:image:height\" content=\"1000\" \/>\n\t<meta property=\"og:image:type\" content=\"image\/jpeg\" \/>\n<meta name=\"twitter:card\" content=\"summary_large_image\" \/>\n<meta name=\"twitter:label1\" content=\"Precio\" \/>\n\t<meta name=\"twitter:data1\" content=\"16,99&nbsp;&euro;\" \/>\n\t<meta name=\"twitter:label2\" content=\"Disponibilidad\" \/>\n\t<meta name=\"twitter:data2\" content=\"Sin existencias\" \/>\n<script type=\"application\/ld+json\" class=\"yoast-schema-graph\">{\"@context\":\"https:\\\/\\\/schema.org\",\"@graph\":[{\"@type\":\"WebPage\",\"@id\":\"https:\\\/\\\/www.lifenatura.com\\\/es\\\/produto\\\/colesterol-40-capsulas-bional\\\/\",\"url\":\"https:\\\/\\\/www.lifenatura.com\\\/es\\\/produto\\\/colesterol-40-capsulas-bional\\\/\",\"name\":\"Bional Colesterol 40 c\u00e1psulas - Lifenatura\",\"isPartOf\":{\"@id\":\"https:\\\/\\\/www.lifenatura.com\\\/es\\\/#website\"},\"primaryImageOfPage\":{\"@id\":\"https:\\\/\\\/www.lifenatura.com\\\/es\\\/produto\\\/colesterol-40-capsulas-bional\\\/#primaryimage\"},\"image\":{\"@id\":\"https:\\\/\\\/www.lifenatura.com\\\/es\\\/produto\\\/colesterol-40-capsulas-bional\\\/#primaryimage\"},\"thumbnailUrl\":\"https:\\\/\\\/www.lifenatura.com\\\/wp-content\\\/uploads\\\/2022\\\/06\\\/colesterol-capsulas-bional.jpg\",\"datePublished\":\"2022-06-01T00:00:00+00:00\",\"dateModified\":\"2025-07-31T00:06:13+00:00\",\"description\":\"El colesterol de Bional contiene alcachofa, aceite de linaza y arroz de levadura roja. Indicado para reducir los niveles de colesterol.\",\"breadcrumb\":{\"@id\":\"https:\\\/\\\/www.lifenatura.com\\\/es\\\/produto\\\/colesterol-40-capsulas-bional\\\/#breadcrumb\"},\"inLanguage\":\"es\",\"potentialAction\":[{\"@type\":\"ReadAction\",\"target\":[\"https:\\\/\\\/www.lifenatura.com\\\/es\\\/produto\\\/colesterol-40-capsulas-bional\\\/\"]}]},{\"@type\":\"ImageObject\",\"inLanguage\":\"es\",\"@id\":\"https:\\\/\\\/www.lifenatura.com\\\/es\\\/produto\\\/colesterol-40-capsulas-bional\\\/#primaryimage\",\"url\":\"https:\\\/\\\/www.lifenatura.com\\\/wp-content\\\/uploads\\\/2022\\\/06\\\/colesterol-capsulas-bional.jpg\",\"contentUrl\":\"https:\\\/\\\/www.lifenatura.com\\\/wp-content\\\/uploads\\\/2022\\\/06\\\/colesterol-capsulas-bional.jpg\",\"width\":1000,\"height\":1000,\"caption\":\"Baional Colesterol 40 C\u00e1psulas\"},{\"@type\":\"BreadcrumbList\",\"@id\":\"https:\\\/\\\/www.lifenatura.com\\\/es\\\/produto\\\/colesterol-40-capsulas-bional\\\/#breadcrumb\",\"itemListElement\":[{\"@type\":\"ListItem\",\"position\":1,\"name\":\"In\u00edcio\",\"item\":\"https:\\\/\\\/www.lifenatura.com\\\/es\\\/\"},{\"@type\":\"ListItem\",\"position\":2,\"name\":\"Todos los Productos\",\"item\":\"https:\\\/\\\/www.lifenatura.com\\\/es\\\/tienda\\\/\"},{\"@type\":\"ListItem\",\"position\":3,\"name\":\"Colesterol 40 c\u00e1psulas &#8211; Bional\"}]},{\"@type\":\"WebSite\",\"@id\":\"https:\\\/\\\/www.lifenatura.com\\\/es\\\/#website\",\"url\":\"https:\\\/\\\/www.lifenatura.com\\\/es\\\/\",\"name\":\"Lifenatura\",\"description\":\"A Lifenatura \u00e9 uma loja de produtos naturais, cosm\u00e9tica natural e alimenta\u00e7\u00e3o Biol\u00f3gica.\",\"publisher\":{\"@id\":\"https:\\\/\\\/www.lifenatura.com\\\/es\\\/#organization\"},\"potentialAction\":[{\"@type\":\"SearchAction\",\"target\":{\"@type\":\"EntryPoint\",\"urlTemplate\":\"https:\\\/\\\/www.lifenatura.com\\\/es\\\/?s={search_term_string}\"},\"query-input\":{\"@type\":\"PropertyValueSpecification\",\"valueRequired\":true,\"valueName\":\"search_term_string\"}}],\"inLanguage\":\"es\"},{\"@type\":\"Organization\",\"@id\":\"https:\\\/\\\/www.lifenatura.com\\\/es\\\/#organization\",\"name\":\"Lifenatura\",\"url\":\"https:\\\/\\\/www.lifenatura.com\\\/es\\\/\",\"logo\":{\"@type\":\"ImageObject\",\"inLanguage\":\"es\",\"@id\":\"https:\\\/\\\/www.lifenatura.com\\\/es\\\/#\\\/schema\\\/logo\\\/image\\\/\",\"url\":\"https:\\\/\\\/www.lifenatura.com\\\/wp-content\\\/uploads\\\/2021\\\/07\\\/logo.png\",\"contentUrl\":\"https:\\\/\\\/www.lifenatura.com\\\/wp-content\\\/uploads\\\/2021\\\/07\\\/logo.png\",\"width\":175,\"height\":55,\"caption\":\"Lifenatura\"},\"image\":{\"@id\":\"https:\\\/\\\/www.lifenatura.com\\\/es\\\/#\\\/schema\\\/logo\\\/image\\\/\"},\"sameAs\":[\"https:\\\/\\\/www.facebook.com\\\/lifenatura\",\"https:\\\/\\\/www.instagram.com\\\/lifenaturapt\\\/\"],\"hasMerchantReturnPolicy\":{\"@type\":\"MerchantReturnPolicy\",\"merchantReturnLink\":\"https:\\\/\\\/www.lifenatura.com\\\/termos-condicoes-lifenatura\\\/\"}}]}<\/script>\n<meta property=\"product:price:amount\" content=\"16.99\" \/>\n<meta property=\"product:price:currency\" content=\"EUR\" \/>\n<meta property=\"og:availability\" content=\"out of stock\" \/>\n<meta property=\"product:availability\" content=\"out of stock\" \/>\n<meta property=\"product:retailer_item_id\" content=\"8712861100769\" \/>\n<meta property=\"product:condition\" content=\"new\" \/>\n<!-- \/ Yoast SEO Premium plugin. -->","yoast_head_json":{"title":"Bional Colesterol 40 c\u00e1psulas - Lifenatura","description":"El colesterol de Bional contiene alcachofa, aceite de linaza y arroz de levadura roja. Indicado para reducir los niveles de colesterol.","robots":{"index":"index","follow":"follow","max-snippet":"max-snippet:-1","max-image-preview":"max-image-preview:large","max-video-preview":"max-video-preview:-1"},"canonical":"https:\/\/www.lifenatura.com\/es\/produto\/colesterol-40-capsulas-bional\/","og_locale":"es_ES","og_type":"article","og_title":"Colesterol 40 c\u00e1psulas - Bional - Na Lifenatura ao Melhor Pre\u00e7o | Envio 48h","og_description":"Compre Colesterol 40 c\u00e1psulas - Bional com envio r\u00e1pido. Entrega em 48h e portes gr\u00e1tis em compras >35\u20ac. Aproveite j\u00e1 na Lifenatura","og_url":"https:\/\/www.lifenatura.com\/es\/produto\/colesterol-40-capsulas-bional\/","og_site_name":"Lifenatura","article_publisher":"https:\/\/www.facebook.com\/lifenatura","article_modified_time":"2025-07-31T00:06:13+00:00","og_image":[{"width":1000,"height":1000,"url":"https:\/\/www.lifenatura.com\/wp-content\/uploads\/2022\/06\/colesterol-capsulas-bional.jpg","type":"image\/jpeg"}],"twitter_card":"summary_large_image","twitter_misc":{"Precio":"16,99&nbsp;&euro;","Disponibilidad":"Sin existencias"},"schema":{"@context":"https:\/\/schema.org","@graph":[{"@type":"WebPage","@id":"https:\/\/www.lifenatura.com\/es\/produto\/colesterol-40-capsulas-bional\/","url":"https:\/\/www.lifenatura.com\/es\/produto\/colesterol-40-capsulas-bional\/","name":"Bional Colesterol 40 c\u00e1psulas - Lifenatura","isPartOf":{"@id":"https:\/\/www.lifenatura.com\/es\/#website"},"primaryImageOfPage":{"@id":"https:\/\/www.lifenatura.com\/es\/produto\/colesterol-40-capsulas-bional\/#primaryimage"},"image":{"@id":"https:\/\/www.lifenatura.com\/es\/produto\/colesterol-40-capsulas-bional\/#primaryimage"},"thumbnailUrl":"https:\/\/www.lifenatura.com\/wp-content\/uploads\/2022\/06\/colesterol-capsulas-bional.jpg","datePublished":"2022-06-01T00:00:00+00:00","dateModified":"2025-07-31T00:06:13+00:00","description":"El colesterol de Bional contiene alcachofa, aceite de linaza y arroz de levadura roja. Indicado para reducir los niveles de colesterol.","breadcrumb":{"@id":"https:\/\/www.lifenatura.com\/es\/produto\/colesterol-40-capsulas-bional\/#breadcrumb"},"inLanguage":"es","potentialAction":[{"@type":"ReadAction","target":["https:\/\/www.lifenatura.com\/es\/produto\/colesterol-40-capsulas-bional\/"]}]},{"@type":"ImageObject","inLanguage":"es","@id":"https:\/\/www.lifenatura.com\/es\/produto\/colesterol-40-capsulas-bional\/#primaryimage","url":"https:\/\/www.lifenatura.com\/wp-content\/uploads\/2022\/06\/colesterol-capsulas-bional.jpg","contentUrl":"https:\/\/www.lifenatura.com\/wp-content\/uploads\/2022\/06\/colesterol-capsulas-bional.jpg","width":1000,"height":1000,"caption":"Baional Colesterol 40 C\u00e1psulas"},{"@type":"BreadcrumbList","@id":"https:\/\/www.lifenatura.com\/es\/produto\/colesterol-40-capsulas-bional\/#breadcrumb","itemListElement":[{"@type":"ListItem","position":1,"name":"In\u00edcio","item":"https:\/\/www.lifenatura.com\/es\/"},{"@type":"ListItem","position":2,"name":"Todos los Productos","item":"https:\/\/www.lifenatura.com\/es\/tienda\/"},{"@type":"ListItem","position":3,"name":"Colesterol 40 c\u00e1psulas &#8211; Bional"}]},{"@type":"WebSite","@id":"https:\/\/www.lifenatura.com\/es\/#website","url":"https:\/\/www.lifenatura.com\/es\/","name":"Lifenatura","description":"A Lifenatura \u00e9 uma loja de produtos naturais, cosm\u00e9tica natural e alimenta\u00e7\u00e3o Biol\u00f3gica.","publisher":{"@id":"https:\/\/www.lifenatura.com\/es\/#organization"},"potentialAction":[{"@type":"SearchAction","target":{"@type":"EntryPoint","urlTemplate":"https:\/\/www.lifenatura.com\/es\/?s={search_term_string}"},"query-input":{"@type":"PropertyValueSpecification","valueRequired":true,"valueName":"search_term_string"}}],"inLanguage":"es"},{"@type":"Organization","@id":"https:\/\/www.lifenatura.com\/es\/#organization","name":"Lifenatura","url":"https:\/\/www.lifenatura.com\/es\/","logo":{"@type":"ImageObject","inLanguage":"es","@id":"https:\/\/www.lifenatura.com\/es\/#\/schema\/logo\/image\/","url":"https:\/\/www.lifenatura.com\/wp-content\/uploads\/2021\/07\/logo.png","contentUrl":"https:\/\/www.lifenatura.com\/wp-content\/uploads\/2021\/07\/logo.png","width":175,"height":55,"caption":"Lifenatura"},"image":{"@id":"https:\/\/www.lifenatura.com\/es\/#\/schema\/logo\/image\/"},"sameAs":["https:\/\/www.facebook.com\/lifenatura","https:\/\/www.instagram.com\/lifenaturapt\/"],"hasMerchantReturnPolicy":{"@type":"MerchantReturnPolicy","merchantReturnLink":"https:\/\/www.lifenatura.com\/termos-condicoes-lifenatura\/"}}]},"product_price_amount":"16.99","product_price_currency":"EUR","og_availability":"out of stock","product_availability":"out of stock","product_retailer_item_id":"8712861100769","product_condition":"new"},"df_price":16.99,"df_sale_price":16.99,"df_regular_price":24.12,"df_image_link":"https:\/\/www.lifenatura.com\/wp-content\/uploads\/2022\/06\/colesterol-capsulas-bional-300x300.jpg","_links":{"self":[{"href":"https:\/\/www.lifenatura.com\/es\/wp-json\/wp\/v2\/product\/35836","targetHints":{"allow":["GET"]}}],"collection":[{"href":"https:\/\/www.lifenatura.com\/es\/wp-json\/wp\/v2\/product"}],"about":[{"href":"https:\/\/www.lifenatura.com\/es\/wp-json\/wp\/v2\/types\/product"}],"wp:featuredmedia":[{"embeddable":true,"href":"https:\/\/www.lifenatura.com\/es\/wp-json\/wp\/v2\/media\/88122"}],"wp:attachment":[{"href":"https:\/\/www.lifenatura.com\/es\/wp-json\/wp\/v2\/media?parent=35836"}],"wp:term":[{"taxonomy":"product_brand","embeddable":true,"href":"https:\/\/www.lifenatura.com\/es\/wp-json\/wp\/v2\/product_brand?post=35836"},{"taxonomy":"product_cat","embeddable":true,"href":"https:\/\/www.lifenatura.com\/es\/wp-json\/wp\/v2\/product_cat?post=35836"},{"taxonomy":"product_tag","embeddable":true,"href":"https:\/\/www.lifenatura.com\/es\/wp-json\/wp\/v2\/product_tag?post=35836"}],"curies":[{"name":"wp","href":"https:\/\/api.w.org\/{rel}","templated":true}]}}