{"id":35830,"date":"2022-06-01T00:00:00","date_gmt":"2022-06-01T00:00:00","guid":{"rendered":"https:\/\/lifenatura.dev.agenciagetdigital.com\/produto\/peso-ideal-80-capsulas-bional\/"},"modified":"2025-12-18T00:24:43","modified_gmt":"2025-12-18T00:24:43","slug":"peso-ideal-80-capsulas-bional","status":"publish","type":"product","link":"https:\/\/www.lifenatura.com\/es\/produto\/peso-ideal-80-capsulas-bional\/","title":{"rendered":"Peso Ideal sin Sene 60 c\u00e1psulas &#8211; Bional"},"content":{"rendered":"<h2><strong>Peso ideal desintoxica el organismo y ayuda a perder peso<\/strong><\/h2>\n<p>&nbsp;<\/p>\n<p>Peso Ideal de Bional es un suplemento nutricional dise\u00f1ado para apoyar un estilo de vida saludable y promover el mantenimiento del peso ideal. Su f\u00f3rmula exclusiva combina una variedad de ingredientes naturales, incluyendo extractos de t\u00e9 verde, t\u00e9 blanco, t\u00e9 negro, guaran\u00e1 y cromo, que trabajan juntos para ayudar a controlar el apetito, estimular el metabolismo y aumentar la energ\u00eda, apoyando as\u00ed la p\u00e9rdida de peso y el mantenimiento de una figura saludable.<\/p>\n<p>Peso Ideal contiene extractos de sen, abedul, hierba gatera y jud\u00edas. El sen favorece el tr\u00e1nsito intestinal y el abedul afecta beneficiosamente a la digesti\u00f3n y favorece los procesos de desintoxicaci\u00f3n del organismo.<\/p>\n<p>Proporciona la combinaci\u00f3n perfecta para ayudar a acelerar el tr\u00e1nsito intestinal. Es \u00fatil en caso de pereza intestinal. Este producto debe tomarse junto con una dieta racional rica en fibra. Tambi\u00e9n es importante beber mucho l\u00edquido.<\/p>\n<p><strong>Principales beneficios de Bional Peso Ideal:<\/strong><\/p>\n<ul>\n<li><strong>Control del apetito:<\/strong> contiene extractos de t\u00e9 verde y t\u00e9 blanco, conocidos por sus propiedades supresoras del apetito. Estos ingredientes ayudan a reducir la ansiedad por la comida y a controlar la ingesta de calor\u00edas, facilitando as\u00ed el cumplimiento de una dieta equilibrada.<\/li>\n<li><strong>Estimulaci\u00f3n del metabolismo:<\/strong> el guaran\u00e1 presente en la f\u00f3rmula es una fuente natural de cafe\u00edna, que puede ayudar a aumentar el metabolismo y la quema de grasas. Esto se traduce en una mayor eficacia en la utilizaci\u00f3n de las calor\u00edas por el organismo, lo que contribuye a favorecer la p\u00e9rdida de peso y el mantenimiento de una composici\u00f3n corporal sana.<\/li>\n<li><strong>Aumento de la energ\u00eda:<\/strong> ingredientes activos como el guaran\u00e1 y el t\u00e9 negro son conocidos por su potencial energizante. Ayudan a aumentar los niveles de energ\u00eda y a mejorar el rendimiento f\u00edsico y mental, proporcionando as\u00ed m\u00e1s motivaci\u00f3n y vitalidad.<\/li>\n<\/ul>\n<p><strong>PRESENTACI\u00d3N<\/strong><\/p>\n<p>60 c\u00e1psulas<\/p>\n<p>&nbsp;<\/p>\n","protected":false},"excerpt":{"rendered":"<p>Peso ideal de Bional ofrece un apoyo natural y eficaz para el control de peso, ayudando a acelerar el metabolismo, reducir el apetito y quemar grasas. [&#8230;]<\/p>\n<p><a class=\"btn btn-secondary understrap-read-more-link\" href=\"https:\/\/www.lifenatura.com\/es\/produto\/peso-ideal-80-capsulas-bional\/\">Leer m\u00e1s&#8230;<span class=\"screen-reader-text\"> from Peso Ideal sin Sene 60 c\u00e1psulas &#8211; Bional<\/span><\/a><\/p>\n","protected":false},"featured_media":123131,"template":"","meta":{"_acf_changed":false},"product_brand":[8543],"product_cat":[7190,7195,7194,7179,7273],"product_tag":[],"class_list":{"0":"post-35830","1":"product","2":"type-product","3":"status-publish","4":"has-post-thumbnail","6":"product_brand-bional","7":"product_cat-adelgazar","8":"product_cat-quemagrasas","9":"product_cat-saciante","10":"product_cat-salud","11":"product_cat-top-10-ventas","13":"first","14":"instock","15":"sale","16":"featured","17":"shipping-taxable","18":"purchasable","19":"product-type-simple","20":"add-to-wishlist-before_image"},"acf":[],"yoast_head":"<!-- This site is optimized with the Yoast SEO Premium plugin v27.1 (Yoast SEO v27.5) - https:\/\/yoast.com\/product\/yoast-seo-premium-wordpress\/ -->\n<title>Bional Peso Ideal sin Sene 60 c\u00e1psulas - Lifenatura<\/title>\n<meta name=\"description\" content=\"Peso ideal de Bional ofrece un apoyo natural y eficaz para el control de peso, ayudando a acelerar el metabolismo, reducir el apetito y quemar grasas.\" \/>\n<meta name=\"robots\" content=\"index, follow, max-snippet:-1, max-image-preview:large, max-video-preview:-1\" \/>\n<link rel=\"canonical\" href=\"https:\/\/www.lifenatura.com\/es\/produto\/peso-ideal-80-capsulas-bional\/\" \/>\n<meta property=\"og:locale\" content=\"es_ES\" \/>\n<meta property=\"og:type\" content=\"article\" \/>\n<meta property=\"og:title\" content=\"Peso Ideal sin Sene 60 c\u00e1psulas - Bional - Na Lifenatura ao Melhor Pre\u00e7o | Envio 48h\" \/>\n<meta property=\"og:description\" content=\"Compre Peso Ideal sin Sene 60 c\u00e1psulas - Bional com envio r\u00e1pido. Entrega em 48h e portes gr\u00e1tis em compras &gt;35\u20ac. Aproveite j\u00e1 na Lifenatura\" \/>\n<meta property=\"og:url\" content=\"https:\/\/www.lifenatura.com\/es\/produto\/peso-ideal-80-capsulas-bional\/\" \/>\n<meta property=\"og:site_name\" content=\"Lifenatura\" \/>\n<meta property=\"article:publisher\" content=\"https:\/\/www.facebook.com\/lifenatura\" \/>\n<meta property=\"article:modified_time\" content=\"2025-12-18T00:24:43+00:00\" \/>\n<meta property=\"og:image\" content=\"https:\/\/www.lifenatura.com\/wp-content\/uploads\/2022\/06\/peso-ideal-60-caps-bional.jpg\" \/>\n\t<meta property=\"og:image:width\" content=\"1000\" \/>\n\t<meta property=\"og:image:height\" content=\"1000\" \/>\n\t<meta property=\"og:image:type\" content=\"image\/jpeg\" \/>\n<meta name=\"twitter:card\" content=\"summary_large_image\" \/>\n<meta name=\"twitter:label1\" content=\"Precio\" \/>\n\t<meta name=\"twitter:data1\" content=\"10,99&nbsp;&euro;\" \/>\n\t<meta name=\"twitter:label2\" content=\"Disponibilidad\" \/>\n\t<meta name=\"twitter:data2\" content=\"Disponible\" \/>\n<script type=\"application\/ld+json\" class=\"yoast-schema-graph\">{\"@context\":\"https:\\\/\\\/schema.org\",\"@graph\":[{\"@type\":\"WebPage\",\"@id\":\"https:\\\/\\\/www.lifenatura.com\\\/es\\\/produto\\\/peso-ideal-80-capsulas-bional\\\/\",\"url\":\"https:\\\/\\\/www.lifenatura.com\\\/es\\\/produto\\\/peso-ideal-80-capsulas-bional\\\/\",\"name\":\"Bional Peso Ideal sin Sene 60 c\u00e1psulas - Lifenatura\",\"isPartOf\":{\"@id\":\"https:\\\/\\\/www.lifenatura.com\\\/es\\\/#website\"},\"primaryImageOfPage\":{\"@id\":\"https:\\\/\\\/www.lifenatura.com\\\/es\\\/produto\\\/peso-ideal-80-capsulas-bional\\\/#primaryimage\"},\"image\":{\"@id\":\"https:\\\/\\\/www.lifenatura.com\\\/es\\\/produto\\\/peso-ideal-80-capsulas-bional\\\/#primaryimage\"},\"thumbnailUrl\":\"https:\\\/\\\/www.lifenatura.com\\\/wp-content\\\/uploads\\\/2022\\\/06\\\/peso-ideal-60-caps-bional.jpg\",\"datePublished\":\"2022-06-01T00:00:00+00:00\",\"dateModified\":\"2025-12-18T00:24:43+00:00\",\"description\":\"Peso ideal de Bional ofrece un apoyo natural y eficaz para el control de peso, ayudando a acelerar el metabolismo, reducir el apetito y quemar grasas.\",\"breadcrumb\":{\"@id\":\"https:\\\/\\\/www.lifenatura.com\\\/es\\\/produto\\\/peso-ideal-80-capsulas-bional\\\/#breadcrumb\"},\"inLanguage\":\"es\",\"potentialAction\":[{\"@type\":\"ReadAction\",\"target\":[\"https:\\\/\\\/www.lifenatura.com\\\/es\\\/produto\\\/peso-ideal-80-capsulas-bional\\\/\"]}]},{\"@type\":\"ImageObject\",\"inLanguage\":\"es\",\"@id\":\"https:\\\/\\\/www.lifenatura.com\\\/es\\\/produto\\\/peso-ideal-80-capsulas-bional\\\/#primaryimage\",\"url\":\"https:\\\/\\\/www.lifenatura.com\\\/wp-content\\\/uploads\\\/2022\\\/06\\\/peso-ideal-60-caps-bional.jpg\",\"contentUrl\":\"https:\\\/\\\/www.lifenatura.com\\\/wp-content\\\/uploads\\\/2022\\\/06\\\/peso-ideal-60-caps-bional.jpg\",\"width\":1000,\"height\":1000,\"caption\":\"Screenshot\"},{\"@type\":\"BreadcrumbList\",\"@id\":\"https:\\\/\\\/www.lifenatura.com\\\/es\\\/produto\\\/peso-ideal-80-capsulas-bional\\\/#breadcrumb\",\"itemListElement\":[{\"@type\":\"ListItem\",\"position\":1,\"name\":\"In\u00edcio\",\"item\":\"https:\\\/\\\/www.lifenatura.com\\\/es\\\/\"},{\"@type\":\"ListItem\",\"position\":2,\"name\":\"Todos los Productos\",\"item\":\"https:\\\/\\\/www.lifenatura.com\\\/es\\\/tienda\\\/\"},{\"@type\":\"ListItem\",\"position\":3,\"name\":\"Peso Ideal sin Sene 60 c\u00e1psulas &#8211; Bional\"}]},{\"@type\":\"WebSite\",\"@id\":\"https:\\\/\\\/www.lifenatura.com\\\/es\\\/#website\",\"url\":\"https:\\\/\\\/www.lifenatura.com\\\/es\\\/\",\"name\":\"Lifenatura\",\"description\":\"A Lifenatura \u00e9 uma loja de produtos naturais, cosm\u00e9tica natural e alimenta\u00e7\u00e3o Biol\u00f3gica.\",\"publisher\":{\"@id\":\"https:\\\/\\\/www.lifenatura.com\\\/es\\\/#organization\"},\"potentialAction\":[{\"@type\":\"SearchAction\",\"target\":{\"@type\":\"EntryPoint\",\"urlTemplate\":\"https:\\\/\\\/www.lifenatura.com\\\/es\\\/?s={search_term_string}\"},\"query-input\":{\"@type\":\"PropertyValueSpecification\",\"valueRequired\":true,\"valueName\":\"search_term_string\"}}],\"inLanguage\":\"es\"},{\"@type\":\"Organization\",\"@id\":\"https:\\\/\\\/www.lifenatura.com\\\/es\\\/#organization\",\"name\":\"Lifenatura\",\"url\":\"https:\\\/\\\/www.lifenatura.com\\\/es\\\/\",\"logo\":{\"@type\":\"ImageObject\",\"inLanguage\":\"es\",\"@id\":\"https:\\\/\\\/www.lifenatura.com\\\/es\\\/#\\\/schema\\\/logo\\\/image\\\/\",\"url\":\"https:\\\/\\\/www.lifenatura.com\\\/wp-content\\\/uploads\\\/2021\\\/07\\\/logo.png\",\"contentUrl\":\"https:\\\/\\\/www.lifenatura.com\\\/wp-content\\\/uploads\\\/2021\\\/07\\\/logo.png\",\"width\":175,\"height\":55,\"caption\":\"Lifenatura\"},\"image\":{\"@id\":\"https:\\\/\\\/www.lifenatura.com\\\/es\\\/#\\\/schema\\\/logo\\\/image\\\/\"},\"sameAs\":[\"https:\\\/\\\/www.facebook.com\\\/lifenatura\",\"https:\\\/\\\/www.instagram.com\\\/lifenaturapt\\\/\"],\"hasMerchantReturnPolicy\":{\"@type\":\"MerchantReturnPolicy\",\"merchantReturnLink\":\"https:\\\/\\\/www.lifenatura.com\\\/termos-condicoes-lifenatura\\\/\"}}]}<\/script>\n<meta property=\"product:price:amount\" content=\"10.99\" \/>\n<meta property=\"product:price:currency\" content=\"EUR\" \/>\n<meta property=\"og:availability\" content=\"instock\" \/>\n<meta property=\"product:availability\" content=\"instock\" \/>\n<meta property=\"product:retailer_item_id\" content=\"5400713803137\" \/>\n<meta property=\"product:condition\" content=\"new\" \/>\n<!-- \/ Yoast SEO Premium plugin. -->","yoast_head_json":{"title":"Bional Peso Ideal sin Sene 60 c\u00e1psulas - Lifenatura","description":"Peso ideal de Bional ofrece un apoyo natural y eficaz para el control de peso, ayudando a acelerar el metabolismo, reducir el apetito y quemar grasas.","robots":{"index":"index","follow":"follow","max-snippet":"max-snippet:-1","max-image-preview":"max-image-preview:large","max-video-preview":"max-video-preview:-1"},"canonical":"https:\/\/www.lifenatura.com\/es\/produto\/peso-ideal-80-capsulas-bional\/","og_locale":"es_ES","og_type":"article","og_title":"Peso Ideal sin Sene 60 c\u00e1psulas - Bional - Na Lifenatura ao Melhor Pre\u00e7o | Envio 48h","og_description":"Compre Peso Ideal sin Sene 60 c\u00e1psulas - Bional com envio r\u00e1pido. Entrega em 48h e portes gr\u00e1tis em compras >35\u20ac. Aproveite j\u00e1 na Lifenatura","og_url":"https:\/\/www.lifenatura.com\/es\/produto\/peso-ideal-80-capsulas-bional\/","og_site_name":"Lifenatura","article_publisher":"https:\/\/www.facebook.com\/lifenatura","article_modified_time":"2025-12-18T00:24:43+00:00","og_image":[{"width":1000,"height":1000,"url":"https:\/\/www.lifenatura.com\/wp-content\/uploads\/2022\/06\/peso-ideal-60-caps-bional.jpg","type":"image\/jpeg"}],"twitter_card":"summary_large_image","twitter_misc":{"Precio":"10,99&nbsp;&euro;","Disponibilidad":"Disponible"},"schema":{"@context":"https:\/\/schema.org","@graph":[{"@type":"WebPage","@id":"https:\/\/www.lifenatura.com\/es\/produto\/peso-ideal-80-capsulas-bional\/","url":"https:\/\/www.lifenatura.com\/es\/produto\/peso-ideal-80-capsulas-bional\/","name":"Bional Peso Ideal sin Sene 60 c\u00e1psulas - Lifenatura","isPartOf":{"@id":"https:\/\/www.lifenatura.com\/es\/#website"},"primaryImageOfPage":{"@id":"https:\/\/www.lifenatura.com\/es\/produto\/peso-ideal-80-capsulas-bional\/#primaryimage"},"image":{"@id":"https:\/\/www.lifenatura.com\/es\/produto\/peso-ideal-80-capsulas-bional\/#primaryimage"},"thumbnailUrl":"https:\/\/www.lifenatura.com\/wp-content\/uploads\/2022\/06\/peso-ideal-60-caps-bional.jpg","datePublished":"2022-06-01T00:00:00+00:00","dateModified":"2025-12-18T00:24:43+00:00","description":"Peso ideal de Bional ofrece un apoyo natural y eficaz para el control de peso, ayudando a acelerar el metabolismo, reducir el apetito y quemar grasas.","breadcrumb":{"@id":"https:\/\/www.lifenatura.com\/es\/produto\/peso-ideal-80-capsulas-bional\/#breadcrumb"},"inLanguage":"es","potentialAction":[{"@type":"ReadAction","target":["https:\/\/www.lifenatura.com\/es\/produto\/peso-ideal-80-capsulas-bional\/"]}]},{"@type":"ImageObject","inLanguage":"es","@id":"https:\/\/www.lifenatura.com\/es\/produto\/peso-ideal-80-capsulas-bional\/#primaryimage","url":"https:\/\/www.lifenatura.com\/wp-content\/uploads\/2022\/06\/peso-ideal-60-caps-bional.jpg","contentUrl":"https:\/\/www.lifenatura.com\/wp-content\/uploads\/2022\/06\/peso-ideal-60-caps-bional.jpg","width":1000,"height":1000,"caption":"Screenshot"},{"@type":"BreadcrumbList","@id":"https:\/\/www.lifenatura.com\/es\/produto\/peso-ideal-80-capsulas-bional\/#breadcrumb","itemListElement":[{"@type":"ListItem","position":1,"name":"In\u00edcio","item":"https:\/\/www.lifenatura.com\/es\/"},{"@type":"ListItem","position":2,"name":"Todos los Productos","item":"https:\/\/www.lifenatura.com\/es\/tienda\/"},{"@type":"ListItem","position":3,"name":"Peso Ideal sin Sene 60 c\u00e1psulas &#8211; Bional"}]},{"@type":"WebSite","@id":"https:\/\/www.lifenatura.com\/es\/#website","url":"https:\/\/www.lifenatura.com\/es\/","name":"Lifenatura","description":"A Lifenatura \u00e9 uma loja de produtos naturais, cosm\u00e9tica natural e alimenta\u00e7\u00e3o Biol\u00f3gica.","publisher":{"@id":"https:\/\/www.lifenatura.com\/es\/#organization"},"potentialAction":[{"@type":"SearchAction","target":{"@type":"EntryPoint","urlTemplate":"https:\/\/www.lifenatura.com\/es\/?s={search_term_string}"},"query-input":{"@type":"PropertyValueSpecification","valueRequired":true,"valueName":"search_term_string"}}],"inLanguage":"es"},{"@type":"Organization","@id":"https:\/\/www.lifenatura.com\/es\/#organization","name":"Lifenatura","url":"https:\/\/www.lifenatura.com\/es\/","logo":{"@type":"ImageObject","inLanguage":"es","@id":"https:\/\/www.lifenatura.com\/es\/#\/schema\/logo\/image\/","url":"https:\/\/www.lifenatura.com\/wp-content\/uploads\/2021\/07\/logo.png","contentUrl":"https:\/\/www.lifenatura.com\/wp-content\/uploads\/2021\/07\/logo.png","width":175,"height":55,"caption":"Lifenatura"},"image":{"@id":"https:\/\/www.lifenatura.com\/es\/#\/schema\/logo\/image\/"},"sameAs":["https:\/\/www.facebook.com\/lifenatura","https:\/\/www.instagram.com\/lifenaturapt\/"],"hasMerchantReturnPolicy":{"@type":"MerchantReturnPolicy","merchantReturnLink":"https:\/\/www.lifenatura.com\/termos-condicoes-lifenatura\/"}}]},"product_price_amount":"10.99","product_price_currency":"EUR","og_availability":"instock","product_availability":"instock","product_retailer_item_id":"5400713803137","product_condition":"new"},"df_price":10.99,"df_sale_price":10.99,"df_regular_price":16.5,"df_image_link":"https:\/\/www.lifenatura.com\/wp-content\/uploads\/2022\/06\/peso-ideal-60-caps-bional-300x300.jpg","_links":{"self":[{"href":"https:\/\/www.lifenatura.com\/es\/wp-json\/wp\/v2\/product\/35830","targetHints":{"allow":["GET"]}}],"collection":[{"href":"https:\/\/www.lifenatura.com\/es\/wp-json\/wp\/v2\/product"}],"about":[{"href":"https:\/\/www.lifenatura.com\/es\/wp-json\/wp\/v2\/types\/product"}],"wp:featuredmedia":[{"embeddable":true,"href":"https:\/\/www.lifenatura.com\/es\/wp-json\/wp\/v2\/media\/123131"}],"wp:attachment":[{"href":"https:\/\/www.lifenatura.com\/es\/wp-json\/wp\/v2\/media?parent=35830"}],"wp:term":[{"taxonomy":"product_brand","embeddable":true,"href":"https:\/\/www.lifenatura.com\/es\/wp-json\/wp\/v2\/product_brand?post=35830"},{"taxonomy":"product_cat","embeddable":true,"href":"https:\/\/www.lifenatura.com\/es\/wp-json\/wp\/v2\/product_cat?post=35830"},{"taxonomy":"product_tag","embeddable":true,"href":"https:\/\/www.lifenatura.com\/es\/wp-json\/wp\/v2\/product_tag?post=35830"}],"curies":[{"name":"wp","href":"https:\/\/api.w.org\/{rel}","templated":true}]}}