{"id":35825,"date":"2022-06-01T00:00:00","date_gmt":"2022-06-01T00:00:00","guid":{"rendered":"https:\/\/lifenatura.dev.agenciagetdigital.com\/produto\/hepafyt-40-capsulas-bional\/"},"modified":"2025-07-31T00:06:11","modified_gmt":"2025-07-31T00:06:11","slug":"hepafyt-40-capsulas-bional","status":"publish","type":"product","link":"https:\/\/www.lifenatura.com\/es\/produto\/hepafyt-40-capsulas-bional\/","title":{"rendered":"Hepafyt 40 c\u00e1psulas &#8211; Bional"},"content":{"rendered":"<h2><strong>Hepafyt: Promover la salud del h\u00edgado de forma natural<\/strong><\/h2>\n<p>&nbsp;<\/p>\n<p>Hepafyt es el resultado de una combinaci\u00f3n \u00fanica de extractos de plantas, tradicionalmente reconocidas por sus propiedades beneficiosas para la funci\u00f3n del h\u00edgado y la ves\u00edcula biliar, y nutrientes esenciales para el metabolismo.<\/p>\n<p>Hepafyt es un producto \u00fatil para tratar los trastornos hep\u00e1ticos relacionados con el abuso de sustancias t\u00f3xicas como el alcohol, la toma de medicamentos, las carencias nutricionales, la inflamaci\u00f3n (hepatitis) y el h\u00edgado graso.<\/p>\n<p>Su f\u00f3rmula exclusiva combina una mezcla de extractos de plantas medicinales, como el cardo mariano, la alcachofa, el boldo y el diente de le\u00f3n, conocidas por sus propiedades de apoyo al h\u00edgado y a su funci\u00f3n.<\/p>\n<p><strong>Los 3 principales beneficios de Hepafyt<\/strong><\/p>\n<ul>\n<li><strong>Desintoxicaci\u00f3n hep\u00e1tica:<\/strong> El h\u00edgado desempe\u00f1a un papel vital en la desintoxicaci\u00f3n del organismo, ayudando a eliminar las toxinas y los residuos metab\u00f3licos del cuerpo. Los ingredientes activos de Hepafyt, como el cardo mariano y el diente de le\u00f3n, tienen propiedades desintoxicantes que ayudan a eliminar las sustancias nocivas, favoreciendo as\u00ed la salud del h\u00edgado.<\/li>\n<li><strong>Estimulaci\u00f3n de la funci\u00f3n hep\u00e1tica:<\/strong> La alcachofa y el boldo son conocidos por sus propiedades hepatoprotectoras, que ayudan a proteger las c\u00e9lulas hep\u00e1ticas contra el da\u00f1o oxidativo y la inflamaci\u00f3n. Adem\u00e1s, estas hierbas pueden estimular la producci\u00f3n de bilis y mejorar la digesti\u00f3n, promoviendo as\u00ed una funci\u00f3n hep\u00e1tica saludable.<\/li>\n<li><strong>Apoyo a la digesti\u00f3n:<\/strong> La salud del h\u00edgado est\u00e1 estrechamente vinculada a una digesti\u00f3n adecuada. Al promover la producci\u00f3n de bilis y estimular la funci\u00f3n digestiva, este suplemento ayuda a aliviar molestias digestivas como la hinchaz\u00f3n, los gases y la indigesti\u00f3n, proporcionando as\u00ed un sistema digestivo m\u00e1s equilibrado.<\/li>\n<\/ul>\n<p><strong>PRESENTACI\u00d3N<\/strong><\/p>\n<p>40 c\u00e1psulas.<\/p>\n<p>&nbsp;<\/p>\n","protected":false},"excerpt":{"rendered":"<p>Hepafyt de Bional contribuye al funcionamiento del h\u00edgado y de la ves\u00edcula, y de los nutrientes esenciales al metabolismo. [&#8230;]<\/p>\n<p><a class=\"btn btn-secondary understrap-read-more-link\" href=\"https:\/\/www.lifenatura.com\/es\/produto\/hepafyt-40-capsulas-bional\/\">Leer m\u00e1s&#8230;<span class=\"screen-reader-text\"> from Hepafyt 40 c\u00e1psulas &#8211; Bional<\/span><\/a><\/p>\n","protected":false},"featured_media":88392,"template":"","meta":{"_acf_changed":false},"product_brand":[8543],"product_cat":[7254,7179],"product_tag":[],"class_list":{"0":"post-35825","1":"product","2":"type-product","3":"status-publish","4":"has-post-thumbnail","6":"product_brand-bional","7":"product_cat-higado-vesicula","8":"product_cat-salud","10":"first","11":"instock","12":"sale","13":"featured","14":"shipping-taxable","15":"purchasable","16":"product-type-simple","17":"add-to-wishlist-before_image"},"acf":[],"yoast_head":"<!-- This site is optimized with the Yoast SEO Premium plugin v27.1 (Yoast SEO v27.3) - https:\/\/yoast.com\/product\/yoast-seo-premium-wordpress\/ -->\n<title>Bional Hepafyt 40 c\u00e1psulas - Lifenatura<\/title>\n<meta name=\"description\" content=\"Hepafyt de Bional contribuye al funcionamiento del h\u00edgado y de la ves\u00edcula, y de los nutrientes esenciales al metabolismo.\" \/>\n<meta name=\"robots\" content=\"index, follow, max-snippet:-1, max-image-preview:large, max-video-preview:-1\" \/>\n<link rel=\"canonical\" href=\"https:\/\/www.lifenatura.com\/es\/produto\/hepafyt-40-capsulas-bional\/\" \/>\n<meta property=\"og:locale\" content=\"es_ES\" \/>\n<meta property=\"og:type\" content=\"article\" \/>\n<meta property=\"og:title\" content=\"Hepafyt 40 c\u00e1psulas - Bional - Lifenatura\" \/>\n<meta property=\"og:description\" content=\"Compre aqui o seu Hepafyt 40 c\u00e1psulas - Bional e a Lifenatura Online envia em 48 H com Portes Gratis &gt;35\u20ac de Pedido.\" \/>\n<meta property=\"og:url\" content=\"https:\/\/www.lifenatura.com\/es\/produto\/hepafyt-40-capsulas-bional\/\" \/>\n<meta property=\"og:site_name\" content=\"Lifenatura\" \/>\n<meta property=\"article:publisher\" content=\"https:\/\/www.facebook.com\/lifenatura\" \/>\n<meta property=\"article:modified_time\" content=\"2025-07-31T00:06:11+00:00\" \/>\n<meta property=\"og:image\" content=\"https:\/\/www.lifenatura.com\/wp-content\/uploads\/2022\/06\/hepafyt-40-capsulas-bional.jpg\" \/>\n\t<meta property=\"og:image:width\" content=\"1000\" \/>\n\t<meta property=\"og:image:height\" content=\"1000\" \/>\n\t<meta property=\"og:image:type\" content=\"image\/jpeg\" \/>\n<meta name=\"twitter:card\" content=\"summary_large_image\" \/>\n<meta name=\"twitter:label1\" content=\"Precio\" \/>\n\t<meta name=\"twitter:data1\" content=\"17,10&nbsp;&euro;\" \/>\n\t<meta name=\"twitter:label2\" content=\"Disponibilidad\" \/>\n\t<meta name=\"twitter:data2\" content=\"Disponible\" \/>\n<meta property=\"product:price:amount\" content=\"17.10\" \/>\n<meta property=\"product:price:currency\" content=\"EUR\" \/>\n<meta property=\"og:availability\" content=\"instock\" \/>\n<meta property=\"product:availability\" content=\"instock\" \/>\n<meta property=\"product:retailer_item_id\" content=\"8712861200926\" \/>\n<meta property=\"product:condition\" content=\"new\" \/>\n<!-- \/ Yoast SEO Premium plugin. -->","yoast_head_json":{"title":"Bional Hepafyt 40 c\u00e1psulas - Lifenatura","description":"Hepafyt de Bional contribuye al funcionamiento del h\u00edgado y de la ves\u00edcula, y de los nutrientes esenciales al metabolismo.","robots":{"index":"index","follow":"follow","max-snippet":"max-snippet:-1","max-image-preview":"max-image-preview:large","max-video-preview":"max-video-preview:-1"},"canonical":"https:\/\/www.lifenatura.com\/es\/produto\/hepafyt-40-capsulas-bional\/","og_locale":"es_ES","og_type":"article","og_title":"Hepafyt 40 c\u00e1psulas - Bional - Lifenatura","og_description":"Compre aqui o seu Hepafyt 40 c\u00e1psulas - Bional e a Lifenatura Online envia em 48 H com Portes Gratis >35\u20ac de Pedido.","og_url":"https:\/\/www.lifenatura.com\/es\/produto\/hepafyt-40-capsulas-bional\/","og_site_name":"Lifenatura","article_publisher":"https:\/\/www.facebook.com\/lifenatura","article_modified_time":"2025-07-31T00:06:11+00:00","og_image":[{"width":1000,"height":1000,"url":"https:\/\/www.lifenatura.com\/wp-content\/uploads\/2022\/06\/hepafyt-40-capsulas-bional.jpg","type":"image\/jpeg"}],"twitter_card":"summary_large_image","twitter_misc":{"Precio":"17,10&nbsp;&euro;","Disponibilidad":"Disponible"},"schema":{"@context":"https:\/\/schema.org","@graph":[{"@type":"WebPage","@id":"https:\/\/www.lifenatura.com\/es\/produto\/hepafyt-40-capsulas-bional\/","url":"https:\/\/www.lifenatura.com\/es\/produto\/hepafyt-40-capsulas-bional\/","name":"Bional Hepafyt 40 c\u00e1psulas - Lifenatura","isPartOf":{"@id":"https:\/\/www.lifenatura.com\/es\/#website"},"primaryImageOfPage":{"@id":"https:\/\/www.lifenatura.com\/es\/produto\/hepafyt-40-capsulas-bional\/#primaryimage"},"image":{"@id":"https:\/\/www.lifenatura.com\/es\/produto\/hepafyt-40-capsulas-bional\/#primaryimage"},"thumbnailUrl":"https:\/\/www.lifenatura.com\/wp-content\/uploads\/2022\/06\/hepafyt-40-capsulas-bional.jpg","datePublished":"2022-06-01T00:00:00+00:00","dateModified":"2025-07-31T00:06:11+00:00","description":"Hepafyt de Bional contribuye al funcionamiento del h\u00edgado y de la ves\u00edcula, y de los nutrientes esenciales al metabolismo.","breadcrumb":{"@id":"https:\/\/www.lifenatura.com\/es\/produto\/hepafyt-40-capsulas-bional\/#breadcrumb"},"inLanguage":"es","potentialAction":[{"@type":"ReadAction","target":["https:\/\/www.lifenatura.com\/es\/produto\/hepafyt-40-capsulas-bional\/"]}]},{"@type":"ImageObject","inLanguage":"es","@id":"https:\/\/www.lifenatura.com\/es\/produto\/hepafyt-40-capsulas-bional\/#primaryimage","url":"https:\/\/www.lifenatura.com\/wp-content\/uploads\/2022\/06\/hepafyt-40-capsulas-bional.jpg","contentUrl":"https:\/\/www.lifenatura.com\/wp-content\/uploads\/2022\/06\/hepafyt-40-capsulas-bional.jpg","width":1000,"height":1000,"caption":"Hepafyt da marca Bional"},{"@type":"BreadcrumbList","@id":"https:\/\/www.lifenatura.com\/es\/produto\/hepafyt-40-capsulas-bional\/#breadcrumb","itemListElement":[{"@type":"ListItem","position":1,"name":"In\u00edcio","item":"https:\/\/www.lifenatura.com\/es\/"},{"@type":"ListItem","position":2,"name":"Todos los Productos","item":"https:\/\/www.lifenatura.com\/es\/tienda\/"},{"@type":"ListItem","position":3,"name":"Hepafyt 40 c\u00e1psulas &#8211; Bional"}]},{"@type":"WebSite","@id":"https:\/\/www.lifenatura.com\/es\/#website","url":"https:\/\/www.lifenatura.com\/es\/","name":"Lifenatura","description":"A Lifenatura \u00e9 uma loja de produtos naturais, cosm\u00e9tica natural e alimenta\u00e7\u00e3o Biol\u00f3gica.","publisher":{"@id":"https:\/\/www.lifenatura.com\/es\/#organization"},"potentialAction":[{"@type":"SearchAction","target":{"@type":"EntryPoint","urlTemplate":"https:\/\/www.lifenatura.com\/es\/?s={search_term_string}"},"query-input":{"@type":"PropertyValueSpecification","valueRequired":true,"valueName":"search_term_string"}}],"inLanguage":"es"},{"@type":"Organization","@id":"https:\/\/www.lifenatura.com\/es\/#organization","name":"Lifenatura","url":"https:\/\/www.lifenatura.com\/es\/","logo":{"@type":"ImageObject","inLanguage":"es","@id":"https:\/\/www.lifenatura.com\/es\/#\/schema\/logo\/image\/","url":"https:\/\/www.lifenatura.com\/wp-content\/uploads\/2021\/11\/logo.png","contentUrl":"https:\/\/www.lifenatura.com\/wp-content\/uploads\/2021\/11\/logo.png","width":175,"height":55,"caption":"Lifenatura"},"image":{"@id":"https:\/\/www.lifenatura.com\/es\/#\/schema\/logo\/image\/"},"sameAs":["https:\/\/www.facebook.com\/lifenatura","https:\/\/www.instagram.com\/lifenaturapt\/"]}]},"product_price_amount":"17.10","product_price_currency":"EUR","og_availability":"instock","product_availability":"instock","product_retailer_item_id":"8712861200926","product_condition":"new"},"df_price":17.1,"df_sale_price":17.1,"df_regular_price":24.12,"df_image_link":"https:\/\/www.lifenatura.com\/wp-content\/uploads\/2022\/06\/hepafyt-40-capsulas-bional-300x300.jpg","_links":{"self":[{"href":"https:\/\/www.lifenatura.com\/es\/wp-json\/wp\/v2\/product\/35825","targetHints":{"allow":["GET"]}}],"collection":[{"href":"https:\/\/www.lifenatura.com\/es\/wp-json\/wp\/v2\/product"}],"about":[{"href":"https:\/\/www.lifenatura.com\/es\/wp-json\/wp\/v2\/types\/product"}],"wp:featuredmedia":[{"embeddable":true,"href":"https:\/\/www.lifenatura.com\/es\/wp-json\/wp\/v2\/media\/88392"}],"wp:attachment":[{"href":"https:\/\/www.lifenatura.com\/es\/wp-json\/wp\/v2\/media?parent=35825"}],"wp:term":[{"taxonomy":"product_brand","embeddable":true,"href":"https:\/\/www.lifenatura.com\/es\/wp-json\/wp\/v2\/product_brand?post=35825"},{"taxonomy":"product_cat","embeddable":true,"href":"https:\/\/www.lifenatura.com\/es\/wp-json\/wp\/v2\/product_cat?post=35825"},{"taxonomy":"product_tag","embeddable":true,"href":"https:\/\/www.lifenatura.com\/es\/wp-json\/wp\/v2\/product_tag?post=35825"}],"curies":[{"name":"wp","href":"https:\/\/api.w.org\/{rel}","templated":true}]}}