{"id":35824,"date":"2022-06-01T00:00:00","date_gmt":"2022-06-01T00:00:00","guid":{"rendered":"https:\/\/lifenatura.dev.agenciagetdigital.com\/produto\/nuitdor-80-capsulas-bional\/"},"modified":"2026-01-16T13:08:32","modified_gmt":"2026-01-16T13:08:32","slug":"nuitdor-80-capsulas-bional","status":"publish","type":"product","link":"https:\/\/www.lifenatura.com\/es\/produto\/nuitdor-80-capsulas-bional\/","title":{"rendered":"Nuitdor 60 c\u00e1psulas &#8211; Bional"},"content":{"rendered":"<h2><strong>Nuitdor Bional: Suplemento natural para un sue\u00f1o reparador<\/strong><\/h2>\n<p>&nbsp;<\/p>\n<p>Nuitdor es un complemento alimenticio formulado a partir de plantas tradicionalmente reconocidas por favorecer la calma interior y ayudar a conciliar el sue\u00f1o. El estr\u00e9s de la vida moderna conduce a un aumento de la tensi\u00f3n f\u00edsica y psicol\u00f3gica. Esto conduce a menudo a un sue\u00f1o intranquilo y poco reparador.<\/p>\n<p>Su f\u00f3rmula exclusiva combina una selecci\u00f3n de ingredientes naturales y esenciales, como la valeriana, la pasiflora, el l\u00fapulo, la melatonina y el magnesio, que act\u00faan sin\u00e9rgicamente para inducir la relajaci\u00f3n, reducir el tiempo necesario para conciliar el sue\u00f1o y mejorar su calidad.<\/p>\n<p><strong>Los 3 principales beneficios de Nuitdor:<\/strong><\/p>\n<ul>\n<li><strong>Inducir la relajaci\u00f3n:<\/strong> La valeriana, la pasiflora y el l\u00fapulo son tradicionalmente conocidos por sus propiedades relajantes y calmantes. Estos ingredientes ayudan a calmar la mente y el cuerpo, reduciendo el estr\u00e9s y la ansiedad, y preparando el cuerpo para una noche de sue\u00f1o tranquilo.<\/li>\n<li><strong>Reducci\u00f3n del tiempo de sue\u00f1o:<\/strong> La melatonina es una hormona natural del cuerpo humano responsable de regular el ciclo sue\u00f1o-vigilia. La suplementaci\u00f3n con melatonina puede ayudar a reducir el tiempo que se tarda en conciliar el sue\u00f1o, facilitando as\u00ed el proceso de quedarse dormido y promoviendo un sue\u00f1o m\u00e1s r\u00e1pido y eficaz.<\/li>\n<li><strong>Mejora de la calidad del sue\u00f1o:<\/strong> El magnesio desempe\u00f1a un papel crucial en la regulaci\u00f3n de los neurotransmisores responsables del sue\u00f1o, ayudando a promover un sue\u00f1o profundo y reparador. Una ingesta adecuada de magnesio puede ayudar a mejorar la calidad del sue\u00f1o y reducir la incidencia de los despertares nocturnos.<\/li>\n<\/ul>\n<p><strong>PRESENTACI\u00d3N<\/strong><\/p>\n<p>60 c\u00e1psulas.<\/p>\n<p>&nbsp;<\/p>\n","protected":false},"excerpt":{"rendered":"<p>Nuitdor de Bional ofrece una soluci\u00f3n natural y eficaz para favorecer un sue\u00f1o reparador y reparador, promover la relajaci\u00f3n y reducir el estr\u00e9s. [&#8230;]<\/p>\n<p><a class=\"btn btn-secondary understrap-read-more-link\" href=\"https:\/\/www.lifenatura.com\/es\/produto\/nuitdor-80-capsulas-bional\/\">Leer m\u00e1s&#8230;<span class=\"screen-reader-text\"> from Nuitdor 60 c\u00e1psulas &#8211; Bional<\/span><\/a><\/p>\n","protected":false},"featured_media":88343,"template":"","meta":{"_acf_changed":false},"product_brand":[8543],"product_cat":[7214,7179],"product_tag":[],"class_list":{"0":"post-35824","1":"product","2":"type-product","3":"status-publish","4":"has-post-thumbnail","6":"product_brand-bional","7":"product_cat-para-dormir","8":"product_cat-salud","10":"first","11":"instock","12":"shipping-taxable","13":"purchasable","14":"product-type-simple","15":"add-to-wishlist-before_image"},"acf":[],"yoast_head":"<!-- This site is optimized with the Yoast SEO Premium plugin v27.1 (Yoast SEO v27.4) - https:\/\/yoast.com\/product\/yoast-seo-premium-wordpress\/ -->\n<title>Bional Nuitdor 60 c\u00e1psulas - Lifenatura<\/title>\n<meta name=\"description\" content=\"Nuitdor de Bional ofrece una soluci\u00f3n natural y eficaz para favorecer un sue\u00f1o reparador y reparador, promover la relajaci\u00f3n y reducir el estr\u00e9s.\" \/>\n<meta name=\"robots\" content=\"index, follow, max-snippet:-1, max-image-preview:large, max-video-preview:-1\" \/>\n<link rel=\"canonical\" href=\"https:\/\/www.lifenatura.com\/es\/produto\/nuitdor-80-capsulas-bional\/\" \/>\n<meta property=\"og:locale\" content=\"es_ES\" \/>\n<meta property=\"og:type\" content=\"article\" \/>\n<meta property=\"og:title\" content=\"Nuitdor 60 c\u00e1psulas - Bional - Lifenatura\" \/>\n<meta property=\"og:description\" content=\"Compre aqui o seu Nuitdor 60 c\u00e1psulas - Bional e a Lifenatura Online envia em 48 H com Portes Gratis &gt;35\u20ac de Pedido.\" \/>\n<meta property=\"og:url\" content=\"https:\/\/www.lifenatura.com\/es\/produto\/nuitdor-80-capsulas-bional\/\" \/>\n<meta property=\"og:site_name\" content=\"Lifenatura\" \/>\n<meta property=\"article:publisher\" content=\"https:\/\/www.facebook.com\/lifenatura\" \/>\n<meta property=\"article:modified_time\" content=\"2026-01-16T13:08:32+00:00\" \/>\n<meta property=\"og:image\" content=\"https:\/\/www.lifenatura.com\/wp-content\/uploads\/2022\/06\/nuitdor-60-capsulas-bional.jpg\" \/>\n\t<meta property=\"og:image:width\" content=\"1000\" \/>\n\t<meta property=\"og:image:height\" content=\"1000\" \/>\n\t<meta property=\"og:image:type\" content=\"image\/jpeg\" \/>\n<meta name=\"twitter:card\" content=\"summary_large_image\" \/>\n<meta name=\"twitter:label1\" content=\"Precio\" \/>\n\t<meta name=\"twitter:data1\" content=\"25,38&nbsp;&euro;\" \/>\n\t<meta name=\"twitter:label2\" content=\"Disponibilidad\" \/>\n\t<meta name=\"twitter:data2\" content=\"Disponible\" \/>\n<meta property=\"product:price:amount\" content=\"25.38\" \/>\n<meta property=\"product:price:currency\" content=\"EUR\" \/>\n<meta property=\"og:availability\" content=\"instock\" \/>\n<meta property=\"product:availability\" content=\"instock\" \/>\n<meta property=\"product:retailer_item_id\" content=\"5400713801799\" \/>\n<meta property=\"product:condition\" content=\"new\" \/>\n<!-- \/ Yoast SEO Premium plugin. -->","yoast_head_json":{"title":"Bional Nuitdor 60 c\u00e1psulas - Lifenatura","description":"Nuitdor de Bional ofrece una soluci\u00f3n natural y eficaz para favorecer un sue\u00f1o reparador y reparador, promover la relajaci\u00f3n y reducir el estr\u00e9s.","robots":{"index":"index","follow":"follow","max-snippet":"max-snippet:-1","max-image-preview":"max-image-preview:large","max-video-preview":"max-video-preview:-1"},"canonical":"https:\/\/www.lifenatura.com\/es\/produto\/nuitdor-80-capsulas-bional\/","og_locale":"es_ES","og_type":"article","og_title":"Nuitdor 60 c\u00e1psulas - Bional - Lifenatura","og_description":"Compre aqui o seu Nuitdor 60 c\u00e1psulas - Bional e a Lifenatura Online envia em 48 H com Portes Gratis >35\u20ac de Pedido.","og_url":"https:\/\/www.lifenatura.com\/es\/produto\/nuitdor-80-capsulas-bional\/","og_site_name":"Lifenatura","article_publisher":"https:\/\/www.facebook.com\/lifenatura","article_modified_time":"2026-01-16T13:08:32+00:00","og_image":[{"width":1000,"height":1000,"url":"https:\/\/www.lifenatura.com\/wp-content\/uploads\/2022\/06\/nuitdor-60-capsulas-bional.jpg","type":"image\/jpeg"}],"twitter_card":"summary_large_image","twitter_misc":{"Precio":"25,38&nbsp;&euro;","Disponibilidad":"Disponible"},"schema":{"@context":"https:\/\/schema.org","@graph":[{"@type":"WebPage","@id":"https:\/\/www.lifenatura.com\/es\/produto\/nuitdor-80-capsulas-bional\/","url":"https:\/\/www.lifenatura.com\/es\/produto\/nuitdor-80-capsulas-bional\/","name":"Bional Nuitdor 60 c\u00e1psulas - Lifenatura","isPartOf":{"@id":"https:\/\/www.lifenatura.com\/es\/#website"},"primaryImageOfPage":{"@id":"https:\/\/www.lifenatura.com\/es\/produto\/nuitdor-80-capsulas-bional\/#primaryimage"},"image":{"@id":"https:\/\/www.lifenatura.com\/es\/produto\/nuitdor-80-capsulas-bional\/#primaryimage"},"thumbnailUrl":"https:\/\/www.lifenatura.com\/wp-content\/uploads\/2022\/06\/nuitdor-60-capsulas-bional.jpg","datePublished":"2022-06-01T00:00:00+00:00","dateModified":"2026-01-16T13:08:32+00:00","description":"Nuitdor de Bional ofrece una soluci\u00f3n natural y eficaz para favorecer un sue\u00f1o reparador y reparador, promover la relajaci\u00f3n y reducir el estr\u00e9s.","breadcrumb":{"@id":"https:\/\/www.lifenatura.com\/es\/produto\/nuitdor-80-capsulas-bional\/#breadcrumb"},"inLanguage":"es","potentialAction":[{"@type":"ReadAction","target":["https:\/\/www.lifenatura.com\/es\/produto\/nuitdor-80-capsulas-bional\/"]}]},{"@type":"ImageObject","inLanguage":"es","@id":"https:\/\/www.lifenatura.com\/es\/produto\/nuitdor-80-capsulas-bional\/#primaryimage","url":"https:\/\/www.lifenatura.com\/wp-content\/uploads\/2022\/06\/nuitdor-60-capsulas-bional.jpg","contentUrl":"https:\/\/www.lifenatura.com\/wp-content\/uploads\/2022\/06\/nuitdor-60-capsulas-bional.jpg","width":1000,"height":1000,"caption":"Nuitdor da marca Bional"},{"@type":"BreadcrumbList","@id":"https:\/\/www.lifenatura.com\/es\/produto\/nuitdor-80-capsulas-bional\/#breadcrumb","itemListElement":[{"@type":"ListItem","position":1,"name":"In\u00edcio","item":"https:\/\/www.lifenatura.com\/es\/"},{"@type":"ListItem","position":2,"name":"Todos los Productos","item":"https:\/\/www.lifenatura.com\/es\/tienda\/"},{"@type":"ListItem","position":3,"name":"Nuitdor 60 c\u00e1psulas &#8211; Bional"}]},{"@type":"WebSite","@id":"https:\/\/www.lifenatura.com\/es\/#website","url":"https:\/\/www.lifenatura.com\/es\/","name":"Lifenatura","description":"A Lifenatura \u00e9 uma loja de produtos naturais, cosm\u00e9tica natural e alimenta\u00e7\u00e3o Biol\u00f3gica.","publisher":{"@id":"https:\/\/www.lifenatura.com\/es\/#organization"},"potentialAction":[{"@type":"SearchAction","target":{"@type":"EntryPoint","urlTemplate":"https:\/\/www.lifenatura.com\/es\/?s={search_term_string}"},"query-input":{"@type":"PropertyValueSpecification","valueRequired":true,"valueName":"search_term_string"}}],"inLanguage":"es"},{"@type":"Organization","@id":"https:\/\/www.lifenatura.com\/es\/#organization","name":"Lifenatura","url":"https:\/\/www.lifenatura.com\/es\/","logo":{"@type":"ImageObject","inLanguage":"es","@id":"https:\/\/www.lifenatura.com\/es\/#\/schema\/logo\/image\/","url":"https:\/\/www.lifenatura.com\/wp-content\/uploads\/2021\/11\/logo.png","contentUrl":"https:\/\/www.lifenatura.com\/wp-content\/uploads\/2021\/11\/logo.png","width":175,"height":55,"caption":"Lifenatura"},"image":{"@id":"https:\/\/www.lifenatura.com\/es\/#\/schema\/logo\/image\/"},"sameAs":["https:\/\/www.facebook.com\/lifenatura","https:\/\/www.instagram.com\/lifenaturapt\/"]}]},"product_price_amount":"25.38","product_price_currency":"EUR","og_availability":"instock","product_availability":"instock","product_retailer_item_id":"5400713801799","product_condition":"new"},"df_price":25.38,"df_sale_price":"","df_regular_price":25.38,"df_image_link":"https:\/\/www.lifenatura.com\/wp-content\/uploads\/2022\/06\/nuitdor-60-capsulas-bional-300x300.jpg","_links":{"self":[{"href":"https:\/\/www.lifenatura.com\/es\/wp-json\/wp\/v2\/product\/35824","targetHints":{"allow":["GET"]}}],"collection":[{"href":"https:\/\/www.lifenatura.com\/es\/wp-json\/wp\/v2\/product"}],"about":[{"href":"https:\/\/www.lifenatura.com\/es\/wp-json\/wp\/v2\/types\/product"}],"wp:featuredmedia":[{"embeddable":true,"href":"https:\/\/www.lifenatura.com\/es\/wp-json\/wp\/v2\/media\/88343"}],"wp:attachment":[{"href":"https:\/\/www.lifenatura.com\/es\/wp-json\/wp\/v2\/media?parent=35824"}],"wp:term":[{"taxonomy":"product_brand","embeddable":true,"href":"https:\/\/www.lifenatura.com\/es\/wp-json\/wp\/v2\/product_brand?post=35824"},{"taxonomy":"product_cat","embeddable":true,"href":"https:\/\/www.lifenatura.com\/es\/wp-json\/wp\/v2\/product_cat?post=35824"},{"taxonomy":"product_tag","embeddable":true,"href":"https:\/\/www.lifenatura.com\/es\/wp-json\/wp\/v2\/product_tag?post=35824"}],"curies":[{"name":"wp","href":"https:\/\/api.w.org\/{rel}","templated":true}]}}