{"id":35820,"date":"2022-06-01T00:00:00","date_gmt":"2022-06-01T00:00:00","guid":{"rendered":"https:\/\/lifenatura.dev.agenciagetdigital.com\/produto\/mantequilla-de-cacahuete-cacao-230-gr-biomit\/"},"modified":"2023-02-28T09:49:23","modified_gmt":"2023-02-28T09:49:23","slug":"mantequilla-de-cacahuete-cacao-230-gr-biomit","status":"publish","type":"product","link":"https:\/\/www.lifenatura.com\/es\/produto\/mantequilla-de-cacahuete-cacao-230-gr-biomit\/","title":{"rendered":"Mantequilla de Cacahuete + Cacao 230 gr &#8211; Biomit"},"content":{"rendered":"<h2 style=\"text-align: left\"><strong>Mantequilla de man\u00ed natural y chocolate<\/strong><\/h2>\n<p>&nbsp;<\/p>\n<p>La mantequilla de man\u00ed y chocolate de Biomit es 100% natural y est\u00e1 elaborada con los mejores cacahuetes y cacao org\u00e1nicos. No se agregan aceites, leche, sal, az\u00facares, conservantes u otros aditivos a esta formulaci\u00f3n.<\/p>\n<p>Esta mantequilla es deliciosa, perfecta para untar, una fuente saludable de prote\u00ednas, fibra y muchas vitaminas.<\/p>\n<p>Perfecto para un refrigerio o refrigerio saludable.<\/p>\n<p><strong>PRESENTACI\u00d3N<\/strong><\/p>\n<p>230 gr.<\/p>\n<p>&nbsp;<\/p>\n","protected":false},"excerpt":{"rendered":"<p>Esta mantequilla de Cacahuete y Chocolate es 100% natural, elaborada con los mejores cacahuetes org\u00e1nicos y cacao, una rica fuente de prote\u00ednas. [&#8230;]<\/p>\n<p><a class=\"btn btn-secondary understrap-read-more-link\" href=\"https:\/\/www.lifenatura.com\/es\/produto\/mantequilla-de-cacahuete-cacao-230-gr-biomit\/\">Leer m\u00e1s&#8230;<span class=\"screen-reader-text\"> from Mantequilla de Cacahuete + Cacao 230 gr &#8211; Biomit<\/span><\/a><\/p>\n","protected":false},"featured_media":16943,"template":"","meta":{"_acf_changed":false},"product_brand":[8530],"product_cat":[7064,7152,7659,7091,7074],"product_tag":[],"class_list":{"0":"post-35820","1":"product","2":"type-product","3":"status-publish","4":"has-post-thumbnail","6":"product_brand-biomit","7":"product_cat-alimentacion-sana","8":"product_cat-cacao","9":"product_cat-ingrediente-natural-bio","10":"product_cat-mantequillas","11":"product_cat-productos-alimenticios","13":"first","14":"outofstock","15":"shipping-taxable","16":"purchasable","17":"product-type-simple","18":"add-to-wishlist-before_image"},"acf":[],"yoast_head":"<!-- This site is optimized with the Yoast SEO Premium plugin v27.1 (Yoast SEO v27.5) - https:\/\/yoast.com\/product\/yoast-seo-premium-wordpress\/ -->\n<title>Biomit Mantequilla de Cacahuete e Cacao - Lifenatura<\/title>\n<meta name=\"description\" content=\"Mantequilla natural de Cacahuate y Cacao se compone s\u00f3lo de tres ingredientes: man\u00ed tostado, pasta de cacao crudo 100%, az\u00facar de coco.\" \/>\n<meta name=\"robots\" content=\"index, follow, max-snippet:-1, max-image-preview:large, max-video-preview:-1\" \/>\n<link rel=\"canonical\" href=\"https:\/\/www.lifenatura.com\/es\/produto\/mantequilla-de-cacahuete-cacao-230-gr-biomit\/\" \/>\n<meta property=\"og:locale\" content=\"es_ES\" \/>\n<meta property=\"og:type\" content=\"article\" \/>\n<meta property=\"og:title\" content=\"Mantequilla de Cacahuete + Cacao 230 gr - Biomit - Na Lifenatura ao Melhor Pre\u00e7o | Envio 48h\" \/>\n<meta property=\"og:description\" content=\"Compre Mantequilla de Cacahuete + Cacao 230 gr - Biomit com envio r\u00e1pido. Entrega em 48h e portes gr\u00e1tis em compras &gt;35\u20ac. Aproveite j\u00e1 na Lifenatura\" \/>\n<meta property=\"og:url\" content=\"https:\/\/www.lifenatura.com\/es\/produto\/mantequilla-de-cacahuete-cacao-230-gr-biomit\/\" \/>\n<meta property=\"og:site_name\" content=\"Lifenatura\" \/>\n<meta property=\"article:publisher\" content=\"https:\/\/www.facebook.com\/lifenatura\" \/>\n<meta property=\"article:modified_time\" content=\"2023-02-28T09:49:23+00:00\" \/>\n<meta property=\"og:image\" content=\"https:\/\/www.lifenatura.com\/wp-content\/uploads\/2021\/09\/gd_biomit-manteiga-amendoim-cacao.jpg\" \/>\n\t<meta property=\"og:image:width\" content=\"1000\" \/>\n\t<meta property=\"og:image:height\" content=\"1000\" \/>\n\t<meta property=\"og:image:type\" content=\"image\/jpeg\" \/>\n<meta name=\"twitter:card\" content=\"summary_large_image\" \/>\n<meta name=\"twitter:label1\" content=\"Precio\" \/>\n\t<meta name=\"twitter:data1\" content=\"5,50&nbsp;&euro;\" \/>\n\t<meta name=\"twitter:label2\" content=\"Disponibilidad\" \/>\n\t<meta name=\"twitter:data2\" content=\"Sin existencias\" \/>\n<script type=\"application\/ld+json\" class=\"yoast-schema-graph\">{\"@context\":\"https:\\\/\\\/schema.org\",\"@graph\":[{\"@type\":\"WebPage\",\"@id\":\"https:\\\/\\\/www.lifenatura.com\\\/es\\\/produto\\\/mantequilla-de-cacahuete-cacao-230-gr-biomit\\\/\",\"url\":\"https:\\\/\\\/www.lifenatura.com\\\/es\\\/produto\\\/mantequilla-de-cacahuete-cacao-230-gr-biomit\\\/\",\"name\":\"Biomit Mantequilla de Cacahuete e Cacao - Lifenatura\",\"isPartOf\":{\"@id\":\"https:\\\/\\\/www.lifenatura.com\\\/es\\\/#website\"},\"primaryImageOfPage\":{\"@id\":\"https:\\\/\\\/www.lifenatura.com\\\/es\\\/produto\\\/mantequilla-de-cacahuete-cacao-230-gr-biomit\\\/#primaryimage\"},\"image\":{\"@id\":\"https:\\\/\\\/www.lifenatura.com\\\/es\\\/produto\\\/mantequilla-de-cacahuete-cacao-230-gr-biomit\\\/#primaryimage\"},\"thumbnailUrl\":\"https:\\\/\\\/www.lifenatura.com\\\/wp-content\\\/uploads\\\/2021\\\/09\\\/gd_biomit-manteiga-amendoim-cacao.jpg\",\"datePublished\":\"2022-06-01T00:00:00+00:00\",\"dateModified\":\"2023-02-28T09:49:23+00:00\",\"description\":\"Mantequilla natural de Cacahuate y Cacao se compone s\u00f3lo de tres ingredientes: man\u00ed tostado, pasta de cacao crudo 100%, az\u00facar de coco.\",\"breadcrumb\":{\"@id\":\"https:\\\/\\\/www.lifenatura.com\\\/es\\\/produto\\\/mantequilla-de-cacahuete-cacao-230-gr-biomit\\\/#breadcrumb\"},\"inLanguage\":\"es\",\"potentialAction\":[{\"@type\":\"ReadAction\",\"target\":[\"https:\\\/\\\/www.lifenatura.com\\\/es\\\/produto\\\/mantequilla-de-cacahuete-cacao-230-gr-biomit\\\/\"]}]},{\"@type\":\"ImageObject\",\"inLanguage\":\"es\",\"@id\":\"https:\\\/\\\/www.lifenatura.com\\\/es\\\/produto\\\/mantequilla-de-cacahuete-cacao-230-gr-biomit\\\/#primaryimage\",\"url\":\"https:\\\/\\\/www.lifenatura.com\\\/wp-content\\\/uploads\\\/2021\\\/09\\\/gd_biomit-manteiga-amendoim-cacao.jpg\",\"contentUrl\":\"https:\\\/\\\/www.lifenatura.com\\\/wp-content\\\/uploads\\\/2021\\\/09\\\/gd_biomit-manteiga-amendoim-cacao.jpg\",\"width\":1000,\"height\":1000,\"caption\":\"Mantequilla de Cacahuete + Cacao 230 gr - Biomit\"},{\"@type\":\"BreadcrumbList\",\"@id\":\"https:\\\/\\\/www.lifenatura.com\\\/es\\\/produto\\\/mantequilla-de-cacahuete-cacao-230-gr-biomit\\\/#breadcrumb\",\"itemListElement\":[{\"@type\":\"ListItem\",\"position\":1,\"name\":\"In\u00edcio\",\"item\":\"https:\\\/\\\/www.lifenatura.com\\\/es\\\/\"},{\"@type\":\"ListItem\",\"position\":2,\"name\":\"Todos los Productos\",\"item\":\"https:\\\/\\\/www.lifenatura.com\\\/es\\\/tienda\\\/\"},{\"@type\":\"ListItem\",\"position\":3,\"name\":\"Mantequilla de Cacahuete + Cacao 230 gr &#8211; Biomit\"}]},{\"@type\":\"WebSite\",\"@id\":\"https:\\\/\\\/www.lifenatura.com\\\/es\\\/#website\",\"url\":\"https:\\\/\\\/www.lifenatura.com\\\/es\\\/\",\"name\":\"Lifenatura\",\"description\":\"A Lifenatura \u00e9 uma loja de produtos naturais, cosm\u00e9tica natural e alimenta\u00e7\u00e3o Biol\u00f3gica.\",\"publisher\":{\"@id\":\"https:\\\/\\\/www.lifenatura.com\\\/es\\\/#organization\"},\"potentialAction\":[{\"@type\":\"SearchAction\",\"target\":{\"@type\":\"EntryPoint\",\"urlTemplate\":\"https:\\\/\\\/www.lifenatura.com\\\/es\\\/?s={search_term_string}\"},\"query-input\":{\"@type\":\"PropertyValueSpecification\",\"valueRequired\":true,\"valueName\":\"search_term_string\"}}],\"inLanguage\":\"es\"},{\"@type\":\"Organization\",\"@id\":\"https:\\\/\\\/www.lifenatura.com\\\/es\\\/#organization\",\"name\":\"Lifenatura\",\"url\":\"https:\\\/\\\/www.lifenatura.com\\\/es\\\/\",\"logo\":{\"@type\":\"ImageObject\",\"inLanguage\":\"es\",\"@id\":\"https:\\\/\\\/www.lifenatura.com\\\/es\\\/#\\\/schema\\\/logo\\\/image\\\/\",\"url\":\"https:\\\/\\\/www.lifenatura.com\\\/wp-content\\\/uploads\\\/2021\\\/07\\\/logo.png\",\"contentUrl\":\"https:\\\/\\\/www.lifenatura.com\\\/wp-content\\\/uploads\\\/2021\\\/07\\\/logo.png\",\"width\":175,\"height\":55,\"caption\":\"Lifenatura\"},\"image\":{\"@id\":\"https:\\\/\\\/www.lifenatura.com\\\/es\\\/#\\\/schema\\\/logo\\\/image\\\/\"},\"sameAs\":[\"https:\\\/\\\/www.facebook.com\\\/lifenatura\",\"https:\\\/\\\/www.instagram.com\\\/lifenaturapt\\\/\"],\"hasMerchantReturnPolicy\":{\"@type\":\"MerchantReturnPolicy\",\"merchantReturnLink\":\"https:\\\/\\\/www.lifenatura.com\\\/termos-condicoes-lifenatura\\\/\"}}]}<\/script>\n<meta property=\"product:price:amount\" content=\"5.50\" \/>\n<meta property=\"product:price:currency\" content=\"EUR\" \/>\n<meta property=\"og:availability\" content=\"out of stock\" \/>\n<meta property=\"product:availability\" content=\"out of stock\" \/>\n<meta property=\"product:retailer_item_id\" content=\"5600784499035\" \/>\n<meta property=\"product:condition\" content=\"new\" \/>\n<!-- \/ Yoast SEO Premium plugin. -->","yoast_head_json":{"title":"Biomit Mantequilla de Cacahuete e Cacao - Lifenatura","description":"Mantequilla natural de Cacahuate y Cacao se compone s\u00f3lo de tres ingredientes: man\u00ed tostado, pasta de cacao crudo 100%, az\u00facar de coco.","robots":{"index":"index","follow":"follow","max-snippet":"max-snippet:-1","max-image-preview":"max-image-preview:large","max-video-preview":"max-video-preview:-1"},"canonical":"https:\/\/www.lifenatura.com\/es\/produto\/mantequilla-de-cacahuete-cacao-230-gr-biomit\/","og_locale":"es_ES","og_type":"article","og_title":"Mantequilla de Cacahuete + Cacao 230 gr - Biomit - Na Lifenatura ao Melhor Pre\u00e7o | Envio 48h","og_description":"Compre Mantequilla de Cacahuete + Cacao 230 gr - Biomit com envio r\u00e1pido. Entrega em 48h e portes gr\u00e1tis em compras >35\u20ac. Aproveite j\u00e1 na Lifenatura","og_url":"https:\/\/www.lifenatura.com\/es\/produto\/mantequilla-de-cacahuete-cacao-230-gr-biomit\/","og_site_name":"Lifenatura","article_publisher":"https:\/\/www.facebook.com\/lifenatura","article_modified_time":"2023-02-28T09:49:23+00:00","og_image":[{"width":1000,"height":1000,"url":"https:\/\/www.lifenatura.com\/wp-content\/uploads\/2021\/09\/gd_biomit-manteiga-amendoim-cacao.jpg","type":"image\/jpeg"}],"twitter_card":"summary_large_image","twitter_misc":{"Precio":"5,50&nbsp;&euro;","Disponibilidad":"Sin existencias"},"schema":{"@context":"https:\/\/schema.org","@graph":[{"@type":"WebPage","@id":"https:\/\/www.lifenatura.com\/es\/produto\/mantequilla-de-cacahuete-cacao-230-gr-biomit\/","url":"https:\/\/www.lifenatura.com\/es\/produto\/mantequilla-de-cacahuete-cacao-230-gr-biomit\/","name":"Biomit Mantequilla de Cacahuete e Cacao - Lifenatura","isPartOf":{"@id":"https:\/\/www.lifenatura.com\/es\/#website"},"primaryImageOfPage":{"@id":"https:\/\/www.lifenatura.com\/es\/produto\/mantequilla-de-cacahuete-cacao-230-gr-biomit\/#primaryimage"},"image":{"@id":"https:\/\/www.lifenatura.com\/es\/produto\/mantequilla-de-cacahuete-cacao-230-gr-biomit\/#primaryimage"},"thumbnailUrl":"https:\/\/www.lifenatura.com\/wp-content\/uploads\/2021\/09\/gd_biomit-manteiga-amendoim-cacao.jpg","datePublished":"2022-06-01T00:00:00+00:00","dateModified":"2023-02-28T09:49:23+00:00","description":"Mantequilla natural de Cacahuate y Cacao se compone s\u00f3lo de tres ingredientes: man\u00ed tostado, pasta de cacao crudo 100%, az\u00facar de coco.","breadcrumb":{"@id":"https:\/\/www.lifenatura.com\/es\/produto\/mantequilla-de-cacahuete-cacao-230-gr-biomit\/#breadcrumb"},"inLanguage":"es","potentialAction":[{"@type":"ReadAction","target":["https:\/\/www.lifenatura.com\/es\/produto\/mantequilla-de-cacahuete-cacao-230-gr-biomit\/"]}]},{"@type":"ImageObject","inLanguage":"es","@id":"https:\/\/www.lifenatura.com\/es\/produto\/mantequilla-de-cacahuete-cacao-230-gr-biomit\/#primaryimage","url":"https:\/\/www.lifenatura.com\/wp-content\/uploads\/2021\/09\/gd_biomit-manteiga-amendoim-cacao.jpg","contentUrl":"https:\/\/www.lifenatura.com\/wp-content\/uploads\/2021\/09\/gd_biomit-manteiga-amendoim-cacao.jpg","width":1000,"height":1000,"caption":"Mantequilla de Cacahuete + Cacao 230 gr - Biomit"},{"@type":"BreadcrumbList","@id":"https:\/\/www.lifenatura.com\/es\/produto\/mantequilla-de-cacahuete-cacao-230-gr-biomit\/#breadcrumb","itemListElement":[{"@type":"ListItem","position":1,"name":"In\u00edcio","item":"https:\/\/www.lifenatura.com\/es\/"},{"@type":"ListItem","position":2,"name":"Todos los Productos","item":"https:\/\/www.lifenatura.com\/es\/tienda\/"},{"@type":"ListItem","position":3,"name":"Mantequilla de Cacahuete + Cacao 230 gr &#8211; Biomit"}]},{"@type":"WebSite","@id":"https:\/\/www.lifenatura.com\/es\/#website","url":"https:\/\/www.lifenatura.com\/es\/","name":"Lifenatura","description":"A Lifenatura \u00e9 uma loja de produtos naturais, cosm\u00e9tica natural e alimenta\u00e7\u00e3o Biol\u00f3gica.","publisher":{"@id":"https:\/\/www.lifenatura.com\/es\/#organization"},"potentialAction":[{"@type":"SearchAction","target":{"@type":"EntryPoint","urlTemplate":"https:\/\/www.lifenatura.com\/es\/?s={search_term_string}"},"query-input":{"@type":"PropertyValueSpecification","valueRequired":true,"valueName":"search_term_string"}}],"inLanguage":"es"},{"@type":"Organization","@id":"https:\/\/www.lifenatura.com\/es\/#organization","name":"Lifenatura","url":"https:\/\/www.lifenatura.com\/es\/","logo":{"@type":"ImageObject","inLanguage":"es","@id":"https:\/\/www.lifenatura.com\/es\/#\/schema\/logo\/image\/","url":"https:\/\/www.lifenatura.com\/wp-content\/uploads\/2021\/07\/logo.png","contentUrl":"https:\/\/www.lifenatura.com\/wp-content\/uploads\/2021\/07\/logo.png","width":175,"height":55,"caption":"Lifenatura"},"image":{"@id":"https:\/\/www.lifenatura.com\/es\/#\/schema\/logo\/image\/"},"sameAs":["https:\/\/www.facebook.com\/lifenatura","https:\/\/www.instagram.com\/lifenaturapt\/"],"hasMerchantReturnPolicy":{"@type":"MerchantReturnPolicy","merchantReturnLink":"https:\/\/www.lifenatura.com\/termos-condicoes-lifenatura\/"}}]},"product_price_amount":"5.50","product_price_currency":"EUR","og_availability":"out of stock","product_availability":"out of stock","product_retailer_item_id":"5600784499035","product_condition":"new"},"df_price":5.5,"df_sale_price":"","df_regular_price":5.5,"df_image_link":"https:\/\/www.lifenatura.com\/wp-content\/uploads\/2021\/09\/gd_biomit-manteiga-amendoim-cacao-300x300.jpg","_links":{"self":[{"href":"https:\/\/www.lifenatura.com\/es\/wp-json\/wp\/v2\/product\/35820","targetHints":{"allow":["GET"]}}],"collection":[{"href":"https:\/\/www.lifenatura.com\/es\/wp-json\/wp\/v2\/product"}],"about":[{"href":"https:\/\/www.lifenatura.com\/es\/wp-json\/wp\/v2\/types\/product"}],"wp:featuredmedia":[{"embeddable":true,"href":"https:\/\/www.lifenatura.com\/es\/wp-json\/wp\/v2\/media\/16943"}],"wp:attachment":[{"href":"https:\/\/www.lifenatura.com\/es\/wp-json\/wp\/v2\/media?parent=35820"}],"wp:term":[{"taxonomy":"product_brand","embeddable":true,"href":"https:\/\/www.lifenatura.com\/es\/wp-json\/wp\/v2\/product_brand?post=35820"},{"taxonomy":"product_cat","embeddable":true,"href":"https:\/\/www.lifenatura.com\/es\/wp-json\/wp\/v2\/product_cat?post=35820"},{"taxonomy":"product_tag","embeddable":true,"href":"https:\/\/www.lifenatura.com\/es\/wp-json\/wp\/v2\/product_tag?post=35820"}],"curies":[{"name":"wp","href":"https:\/\/api.w.org\/{rel}","templated":true}]}}