{"id":35814,"date":"2022-06-01T00:00:00","date_gmt":"2022-06-01T00:00:00","guid":{"rendered":"https:\/\/lifenatura.dev.agenciagetdigital.com\/produto\/biomemoria-magnesio-30-comprimidos-fharmonat\/"},"modified":"2022-10-14T11:41:06","modified_gmt":"2022-10-14T11:41:06","slug":"biomemoria-magnesio-30-comprimidos-fharmonat","status":"publish","type":"product","link":"https:\/\/www.lifenatura.com\/es\/produto\/biomemoria-magnesio-30-comprimidos-fharmonat\/","title":{"rendered":"BioMem\u00f3ria + Magn\u00e9sio 30 comprimidos &#8211; Fharmonat"},"content":{"rendered":"<h2 style=\"text-align: left;\"><strong>Mejora la concentraci\u00f3n y la capacidad de memoria<\/strong><\/h2>\n<p>&nbsp;<\/p>\n<p>BioMemoria + Magnesio es una excelente opci\u00f3n, pues contiene en su composici\u00f3n ingredientes, como el cobre y el magnesio que van a ayudar en el funcionamiento del sistema nervioso. La <strong>vitamina C<\/strong>, que adem\u00e1s de ser importante para el sistema inmunitario, tambi\u00e9n contribuir\u00e1 a una normal funci\u00f3n psicol\u00f3gica.<\/p>\n<p><strong>El Magnesio<\/strong> va a contribuir a la reducci\u00f3n del cansancio, de la fatiga y a\u00fan para el normal funcionamiento muscular. No dejes que nada te impide tener una vida llena de energ\u00eda f\u00edsica y mental.<\/p>\n<p><strong>PRESENTACI\u00d3N <\/strong><\/p>\n<p>30 comprimidos.<\/p>\n<p>&nbsp;<\/p>\n","protected":false},"excerpt":{"rendered":"<p>BioMemory + Magnesium es una excelente opci\u00f3n para mejorar la memoria y la concentraci\u00f3n<\/p>\n<p><img decoding=\"async\" class=\"alignnone size-full wp-image-53200\" src=\"https:\/\/www.lifenatura.com\/wp-content\/uploads\/2022\/10\/banner-promo-lep2-espanol.png\" alt=\"banner promo l3p2 espanhol\" width=\"500\" height=\"125\" srcset=\"https:\/\/www.lifenatura.com\/wp-content\/uploads\/2022\/10\/banner-promo-lep2-espanol.png 500w, https:\/\/www.lifenatura.com\/wp-content\/uploads\/2022\/10\/banner-promo-lep2-espanol-300x75.png 300w, https:\/\/www.lifenatura.com\/wp-content\/uploads\/2022\/10\/banner-promo-lep2-espanol-64x16.png 64w\" sizes=\"(max-width: 500px) 100vw, 500px\" \/> [&#8230;]<\/p>\n<p><a class=\"btn btn-secondary understrap-read-more-link\" href=\"https:\/\/www.lifenatura.com\/es\/produto\/biomemoria-magnesio-30-comprimidos-fharmonat\/\">Leer m\u00e1s&#8230;<span class=\"screen-reader-text\"> from BioMem\u00f3ria + Magn\u00e9sio 30 comprimidos &#8211; Fharmonat<\/span><\/a><\/p>\n","protected":false},"featured_media":53175,"template":"","meta":{"_acf_changed":false},"product_brand":[8540,8287],"product_cat":[7223,7659,7276,7740,7263,7179],"product_tag":[8705],"class_list":{"0":"post-35814","1":"product","2":"type-product","3":"status-publish","4":"has-post-thumbnail","6":"product_brand-biomemoria","7":"product_brand-fharmonat","8":"product_cat-concentracion-memoria-salud","9":"product_cat-ingrediente-natural-bio","10":"product_cat-lleve-3-pago-2","11":"product_cat-magnesio-es","12":"product_cat-packs-de-salud","13":"product_cat-salud","14":"product_tag-fharmonat","16":"first","17":"instock","18":"sale","19":"shipping-taxable","20":"purchasable","21":"product-type-simple","22":"add-to-wishlist-before_image"},"acf":[],"yoast_head":"<!-- This site is optimized with the Yoast SEO Premium plugin v27.1 (Yoast SEO v27.4) - https:\/\/yoast.com\/product\/yoast-seo-premium-wordpress\/ -->\n<title>BioMem\u00f3ria + Magn\u00e9sio Fharmonat - Lifenatura<\/title>\n<meta name=\"description\" content=\"BioMemoria + Magnesio es una excelente opci\u00f3n pues van a ayudar en la memoria y la concentraci\u00f3n, en el funcionamiento del sistema nervioso.\" \/>\n<meta name=\"robots\" content=\"index, follow, max-snippet:-1, max-image-preview:large, max-video-preview:-1\" \/>\n<link rel=\"canonical\" href=\"https:\/\/www.lifenatura.com\/es\/produto\/biomemoria-magnesio-30-comprimidos-fharmonat\/\" \/>\n<meta property=\"og:locale\" content=\"es_ES\" \/>\n<meta property=\"og:type\" content=\"article\" \/>\n<meta property=\"og:title\" content=\"BioMem\u00f3ria + Magn\u00e9sio 30 comprimidos - Fharmonat - Lifenatura\" \/>\n<meta property=\"og:description\" content=\"Compre aqui o seu BioMem\u00f3ria + Magn\u00e9sio 30 comprimidos - Fharmonat e a Lifenatura Online envia em 48 H com Portes Gratis &gt;35\u20ac de Pedido.\" \/>\n<meta property=\"og:url\" content=\"https:\/\/www.lifenatura.com\/es\/produto\/biomemoria-magnesio-30-comprimidos-fharmonat\/\" \/>\n<meta property=\"og:site_name\" content=\"Lifenatura\" \/>\n<meta property=\"article:publisher\" content=\"https:\/\/www.facebook.com\/lifenatura\" \/>\n<meta property=\"article:modified_time\" content=\"2022-10-14T11:41:06+00:00\" \/>\n<meta property=\"og:image\" content=\"https:\/\/www.lifenatura.com\/wp-content\/uploads\/2022\/06\/Biomemoria-Magnesio-Comprimidos-fharmonat.jpg\" \/>\n\t<meta property=\"og:image:width\" content=\"1000\" \/>\n\t<meta property=\"og:image:height\" content=\"1000\" \/>\n\t<meta property=\"og:image:type\" content=\"image\/jpeg\" \/>\n<meta name=\"twitter:card\" content=\"summary_large_image\" \/>\n<meta name=\"twitter:label1\" content=\"Precio\" \/>\n\t<meta name=\"twitter:data1\" content=\"9,54&nbsp;&euro;\" \/>\n\t<meta name=\"twitter:label2\" content=\"Disponibilidad\" \/>\n\t<meta name=\"twitter:data2\" content=\"Disponible\" \/>\n<meta property=\"product:price:amount\" content=\"9.54\" \/>\n<meta property=\"product:price:currency\" content=\"EUR\" \/>\n<meta property=\"og:availability\" content=\"instock\" \/>\n<meta property=\"product:availability\" content=\"instock\" \/>\n<meta property=\"product:retailer_item_id\" content=\"5600315093503\" \/>\n<meta property=\"product:condition\" content=\"new\" \/>\n<!-- \/ Yoast SEO Premium plugin. -->","yoast_head_json":{"title":"BioMem\u00f3ria + Magn\u00e9sio Fharmonat - Lifenatura","description":"BioMemoria + Magnesio es una excelente opci\u00f3n pues van a ayudar en la memoria y la concentraci\u00f3n, en el funcionamiento del sistema nervioso.","robots":{"index":"index","follow":"follow","max-snippet":"max-snippet:-1","max-image-preview":"max-image-preview:large","max-video-preview":"max-video-preview:-1"},"canonical":"https:\/\/www.lifenatura.com\/es\/produto\/biomemoria-magnesio-30-comprimidos-fharmonat\/","og_locale":"es_ES","og_type":"article","og_title":"BioMem\u00f3ria + Magn\u00e9sio 30 comprimidos - Fharmonat - Lifenatura","og_description":"Compre aqui o seu BioMem\u00f3ria + Magn\u00e9sio 30 comprimidos - Fharmonat e a Lifenatura Online envia em 48 H com Portes Gratis >35\u20ac de Pedido.","og_url":"https:\/\/www.lifenatura.com\/es\/produto\/biomemoria-magnesio-30-comprimidos-fharmonat\/","og_site_name":"Lifenatura","article_publisher":"https:\/\/www.facebook.com\/lifenatura","article_modified_time":"2022-10-14T11:41:06+00:00","og_image":[{"width":1000,"height":1000,"url":"https:\/\/www.lifenatura.com\/wp-content\/uploads\/2022\/06\/Biomemoria-Magnesio-Comprimidos-fharmonat.jpg","type":"image\/jpeg"}],"twitter_card":"summary_large_image","twitter_misc":{"Precio":"9,54&nbsp;&euro;","Disponibilidad":"Disponible"},"schema":{"@context":"https:\/\/schema.org","@graph":[{"@type":"WebPage","@id":"https:\/\/www.lifenatura.com\/es\/produto\/biomemoria-magnesio-30-comprimidos-fharmonat\/","url":"https:\/\/www.lifenatura.com\/es\/produto\/biomemoria-magnesio-30-comprimidos-fharmonat\/","name":"BioMem\u00f3ria + Magn\u00e9sio Fharmonat - Lifenatura","isPartOf":{"@id":"https:\/\/www.lifenatura.com\/es\/#website"},"primaryImageOfPage":{"@id":"https:\/\/www.lifenatura.com\/es\/produto\/biomemoria-magnesio-30-comprimidos-fharmonat\/#primaryimage"},"image":{"@id":"https:\/\/www.lifenatura.com\/es\/produto\/biomemoria-magnesio-30-comprimidos-fharmonat\/#primaryimage"},"thumbnailUrl":"https:\/\/www.lifenatura.com\/wp-content\/uploads\/2022\/06\/Biomemoria-Magnesio-Comprimidos-fharmonat.jpg","datePublished":"2022-06-01T00:00:00+00:00","dateModified":"2022-10-14T11:41:06+00:00","description":"BioMemoria + Magnesio es una excelente opci\u00f3n pues van a ayudar en la memoria y la concentraci\u00f3n, en el funcionamiento del sistema nervioso.","breadcrumb":{"@id":"https:\/\/www.lifenatura.com\/es\/produto\/biomemoria-magnesio-30-comprimidos-fharmonat\/#breadcrumb"},"inLanguage":"es","potentialAction":[{"@type":"ReadAction","target":["https:\/\/www.lifenatura.com\/es\/produto\/biomemoria-magnesio-30-comprimidos-fharmonat\/"]}]},{"@type":"ImageObject","inLanguage":"es","@id":"https:\/\/www.lifenatura.com\/es\/produto\/biomemoria-magnesio-30-comprimidos-fharmonat\/#primaryimage","url":"https:\/\/www.lifenatura.com\/wp-content\/uploads\/2022\/06\/Biomemoria-Magnesio-Comprimidos-fharmonat.jpg","contentUrl":"https:\/\/www.lifenatura.com\/wp-content\/uploads\/2022\/06\/Biomemoria-Magnesio-Comprimidos-fharmonat.jpg","width":1000,"height":1000,"caption":"biomemoria com magn\u00e9sio da fharmonat"},{"@type":"BreadcrumbList","@id":"https:\/\/www.lifenatura.com\/es\/produto\/biomemoria-magnesio-30-comprimidos-fharmonat\/#breadcrumb","itemListElement":[{"@type":"ListItem","position":1,"name":"In\u00edcio","item":"https:\/\/www.lifenatura.com\/es\/"},{"@type":"ListItem","position":2,"name":"Todos los Productos","item":"https:\/\/www.lifenatura.com\/es\/tienda\/"},{"@type":"ListItem","position":3,"name":"BioMem\u00f3ria + Magn\u00e9sio 30 comprimidos &#8211; Fharmonat"}]},{"@type":"WebSite","@id":"https:\/\/www.lifenatura.com\/es\/#website","url":"https:\/\/www.lifenatura.com\/es\/","name":"Lifenatura","description":"A Lifenatura \u00e9 uma loja de produtos naturais, cosm\u00e9tica natural e alimenta\u00e7\u00e3o Biol\u00f3gica.","publisher":{"@id":"https:\/\/www.lifenatura.com\/es\/#organization"},"potentialAction":[{"@type":"SearchAction","target":{"@type":"EntryPoint","urlTemplate":"https:\/\/www.lifenatura.com\/es\/?s={search_term_string}"},"query-input":{"@type":"PropertyValueSpecification","valueRequired":true,"valueName":"search_term_string"}}],"inLanguage":"es"},{"@type":"Organization","@id":"https:\/\/www.lifenatura.com\/es\/#organization","name":"Lifenatura","url":"https:\/\/www.lifenatura.com\/es\/","logo":{"@type":"ImageObject","inLanguage":"es","@id":"https:\/\/www.lifenatura.com\/es\/#\/schema\/logo\/image\/","url":"https:\/\/www.lifenatura.com\/wp-content\/uploads\/2021\/11\/logo.png","contentUrl":"https:\/\/www.lifenatura.com\/wp-content\/uploads\/2021\/11\/logo.png","width":175,"height":55,"caption":"Lifenatura"},"image":{"@id":"https:\/\/www.lifenatura.com\/es\/#\/schema\/logo\/image\/"},"sameAs":["https:\/\/www.facebook.com\/lifenatura","https:\/\/www.instagram.com\/lifenaturapt\/"]}]},"product_price_amount":"9.54","product_price_currency":"EUR","og_availability":"instock","product_availability":"instock","product_retailer_item_id":"5600315093503","product_condition":"new"},"df_price":9.54,"df_sale_price":9.54,"df_regular_price":15.9,"df_image_link":"https:\/\/www.lifenatura.com\/wp-content\/uploads\/2022\/06\/Biomemoria-Magnesio-Comprimidos-fharmonat-300x300.jpg","_links":{"self":[{"href":"https:\/\/www.lifenatura.com\/es\/wp-json\/wp\/v2\/product\/35814","targetHints":{"allow":["GET"]}}],"collection":[{"href":"https:\/\/www.lifenatura.com\/es\/wp-json\/wp\/v2\/product"}],"about":[{"href":"https:\/\/www.lifenatura.com\/es\/wp-json\/wp\/v2\/types\/product"}],"wp:featuredmedia":[{"embeddable":true,"href":"https:\/\/www.lifenatura.com\/es\/wp-json\/wp\/v2\/media\/53175"}],"wp:attachment":[{"href":"https:\/\/www.lifenatura.com\/es\/wp-json\/wp\/v2\/media?parent=35814"}],"wp:term":[{"taxonomy":"product_brand","embeddable":true,"href":"https:\/\/www.lifenatura.com\/es\/wp-json\/wp\/v2\/product_brand?post=35814"},{"taxonomy":"product_cat","embeddable":true,"href":"https:\/\/www.lifenatura.com\/es\/wp-json\/wp\/v2\/product_cat?post=35814"},{"taxonomy":"product_tag","embeddable":true,"href":"https:\/\/www.lifenatura.com\/es\/wp-json\/wp\/v2\/product_tag?post=35814"}],"curies":[{"name":"wp","href":"https:\/\/api.w.org\/{rel}","templated":true}]}}