{"id":35782,"date":"2022-06-01T00:00:00","date_gmt":"2022-06-01T00:00:00","guid":{"rendered":"https:\/\/lifenatura.dev.agenciagetdigital.com\/produto\/groselera-negra-complejo-no5-bioligo\/"},"modified":"2026-01-16T13:08:24","modified_gmt":"2026-01-16T13:08:24","slug":"groselera-negra-complejo-no5-bioligo","status":"publish","type":"product","link":"https:\/\/www.lifenatura.com\/es\/produto\/groselera-negra-complejo-no5-bioligo\/","title":{"rendered":"Groselera Negra &#8211; Complejo n\u00ba5 &#8211; Bioligo"},"content":{"rendered":"<h2 style=\"text-align: left\"><strong>Oligoterapia con Grosella Negra para Alergia<\/strong><\/h2>\n<p>&nbsp;<\/p>\n<p>Oligoterapia Global, con Groselheira Negra, Cobre y Manganeso, entre otros.<\/p>\n<p><strong>PRESENTACI\u00d3N<\/strong><\/p>\n<p>100 ml.<\/p>\n<p>&nbsp;<\/p>\n","protected":false},"excerpt":{"rendered":"<p>Oligoterapia con grosellero negro para la alergia, el asma, la rinitis al\u00e9rgica, la conjuntivitis, la autointoxicaci\u00f3n y los trastornos dermatol\u00f3gicos. [&#8230;]<\/p>\n<p><a class=\"btn btn-secondary understrap-read-more-link\" href=\"https:\/\/www.lifenatura.com\/es\/produto\/groselera-negra-complejo-no5-bioligo\/\">Leer m\u00e1s&#8230;<span class=\"screen-reader-text\"> from Groselera Negra &#8211; Complejo n\u00ba5 &#8211; Bioligo<\/span><\/a><\/p>\n","protected":false},"featured_media":61342,"template":"","meta":{"_acf_changed":false},"product_brand":[8359],"product_cat":[7196,7179],"product_tag":[],"class_list":{"0":"post-35782","1":"product","2":"type-product","3":"status-publish","4":"has-post-thumbnail","6":"product_brand-bioligo","7":"product_cat-homeopatia-salud","8":"product_cat-salud","10":"first","11":"outofstock","12":"shipping-taxable","13":"purchasable","14":"product-type-simple","15":"add-to-wishlist-before_image"},"acf":[],"yoast_head":"<!-- This site is optimized with the Yoast SEO Premium plugin v27.1 (Yoast SEO v27.3) - https:\/\/yoast.com\/product\/yoast-seo-premium-wordpress\/ -->\n<title>Bioligo Groselera Negra - Complejo n\u00ba5 - Lifenatura<\/title>\n<meta name=\"description\" content=\"Oligoterapia con grosellero negro para la alergia, el asma, la rinitis al\u00e9rgica, la conjuntivitis, la autointoxicaci\u00f3n y los trastornos dermatol\u00f3gicos.\" \/>\n<meta name=\"robots\" content=\"index, follow, max-snippet:-1, max-image-preview:large, max-video-preview:-1\" \/>\n<link rel=\"canonical\" href=\"https:\/\/www.lifenatura.com\/es\/produto\/groselera-negra-complejo-no5-bioligo\/\" \/>\n<meta property=\"og:locale\" content=\"es_ES\" \/>\n<meta property=\"og:type\" content=\"article\" \/>\n<meta property=\"og:title\" content=\"Groselera Negra - Complejo n\u00ba5 - Bioligo - Lifenatura\" \/>\n<meta property=\"og:description\" content=\"Compre aqui o seu Groselera Negra - Complejo n\u00ba5 - Bioligo e a Lifenatura Online envia em 48 H com Portes Gratis &gt;35\u20ac de Pedido.\" \/>\n<meta property=\"og:url\" content=\"https:\/\/www.lifenatura.com\/es\/produto\/groselera-negra-complejo-no5-bioligo\/\" \/>\n<meta property=\"og:site_name\" content=\"Lifenatura\" \/>\n<meta property=\"article:publisher\" content=\"https:\/\/www.facebook.com\/lifenatura\" \/>\n<meta property=\"article:modified_time\" content=\"2026-01-16T13:08:24+00:00\" \/>\n<meta property=\"og:image\" content=\"https:\/\/www.lifenatura.com\/wp-content\/uploads\/2022\/06\/groselha-negra-complexo-n5-bioligo.jpg\" \/>\n\t<meta property=\"og:image:width\" content=\"1000\" \/>\n\t<meta property=\"og:image:height\" content=\"1000\" \/>\n\t<meta property=\"og:image:type\" content=\"image\/jpeg\" \/>\n<meta name=\"twitter:card\" content=\"summary_large_image\" \/>\n<meta name=\"twitter:label1\" content=\"Precio\" \/>\n\t<meta name=\"twitter:data1\" content=\"20,21&nbsp;&euro;\" \/>\n\t<meta name=\"twitter:label2\" content=\"Disponibilidad\" \/>\n\t<meta name=\"twitter:data2\" content=\"Sin existencias\" \/>\n<meta property=\"product:price:amount\" content=\"20.21\" \/>\n<meta property=\"product:price:currency\" content=\"EUR\" \/>\n<meta property=\"og:availability\" content=\"out of stock\" \/>\n<meta property=\"product:availability\" content=\"out of stock\" \/>\n<meta property=\"product:retailer_item_id\" content=\"7611883002406\" \/>\n<meta property=\"product:condition\" content=\"new\" \/>\n<!-- \/ Yoast SEO Premium plugin. -->","yoast_head_json":{"title":"Bioligo Groselera Negra - Complejo n\u00ba5 - Lifenatura","description":"Oligoterapia con grosellero negro para la alergia, el asma, la rinitis al\u00e9rgica, la conjuntivitis, la autointoxicaci\u00f3n y los trastornos dermatol\u00f3gicos.","robots":{"index":"index","follow":"follow","max-snippet":"max-snippet:-1","max-image-preview":"max-image-preview:large","max-video-preview":"max-video-preview:-1"},"canonical":"https:\/\/www.lifenatura.com\/es\/produto\/groselera-negra-complejo-no5-bioligo\/","og_locale":"es_ES","og_type":"article","og_title":"Groselera Negra - Complejo n\u00ba5 - Bioligo - Lifenatura","og_description":"Compre aqui o seu Groselera Negra - Complejo n\u00ba5 - Bioligo e a Lifenatura Online envia em 48 H com Portes Gratis >35\u20ac de Pedido.","og_url":"https:\/\/www.lifenatura.com\/es\/produto\/groselera-negra-complejo-no5-bioligo\/","og_site_name":"Lifenatura","article_publisher":"https:\/\/www.facebook.com\/lifenatura","article_modified_time":"2026-01-16T13:08:24+00:00","og_image":[{"width":1000,"height":1000,"url":"https:\/\/www.lifenatura.com\/wp-content\/uploads\/2022\/06\/groselha-negra-complexo-n5-bioligo.jpg","type":"image\/jpeg"}],"twitter_card":"summary_large_image","twitter_misc":{"Precio":"20,21&nbsp;&euro;","Disponibilidad":"Sin existencias"},"schema":{"@context":"https:\/\/schema.org","@graph":[{"@type":"WebPage","@id":"https:\/\/www.lifenatura.com\/es\/produto\/groselera-negra-complejo-no5-bioligo\/","url":"https:\/\/www.lifenatura.com\/es\/produto\/groselera-negra-complejo-no5-bioligo\/","name":"Bioligo Groselera Negra - Complejo n\u00ba5 - Lifenatura","isPartOf":{"@id":"https:\/\/www.lifenatura.com\/es\/#website"},"primaryImageOfPage":{"@id":"https:\/\/www.lifenatura.com\/es\/produto\/groselera-negra-complejo-no5-bioligo\/#primaryimage"},"image":{"@id":"https:\/\/www.lifenatura.com\/es\/produto\/groselera-negra-complejo-no5-bioligo\/#primaryimage"},"thumbnailUrl":"https:\/\/www.lifenatura.com\/wp-content\/uploads\/2022\/06\/groselha-negra-complexo-n5-bioligo.jpg","datePublished":"2022-06-01T00:00:00+00:00","dateModified":"2026-01-16T13:08:24+00:00","description":"Oligoterapia con grosellero negro para la alergia, el asma, la rinitis al\u00e9rgica, la conjuntivitis, la autointoxicaci\u00f3n y los trastornos dermatol\u00f3gicos.","breadcrumb":{"@id":"https:\/\/www.lifenatura.com\/es\/produto\/groselera-negra-complejo-no5-bioligo\/#breadcrumb"},"inLanguage":"es","potentialAction":[{"@type":"ReadAction","target":["https:\/\/www.lifenatura.com\/es\/produto\/groselera-negra-complejo-no5-bioligo\/"]}]},{"@type":"ImageObject","inLanguage":"es","@id":"https:\/\/www.lifenatura.com\/es\/produto\/groselera-negra-complejo-no5-bioligo\/#primaryimage","url":"https:\/\/www.lifenatura.com\/wp-content\/uploads\/2022\/06\/groselha-negra-complexo-n5-bioligo.jpg","contentUrl":"https:\/\/www.lifenatura.com\/wp-content\/uploads\/2022\/06\/groselha-negra-complexo-n5-bioligo.jpg","width":1000,"height":1000,"caption":"Groselha Negra da marca Bioligo"},{"@type":"BreadcrumbList","@id":"https:\/\/www.lifenatura.com\/es\/produto\/groselera-negra-complejo-no5-bioligo\/#breadcrumb","itemListElement":[{"@type":"ListItem","position":1,"name":"In\u00edcio","item":"https:\/\/www.lifenatura.com\/es\/"},{"@type":"ListItem","position":2,"name":"Todos los Productos","item":"https:\/\/www.lifenatura.com\/es\/tienda\/"},{"@type":"ListItem","position":3,"name":"Groselera Negra &#8211; Complejo n\u00ba5 &#8211; Bioligo"}]},{"@type":"WebSite","@id":"https:\/\/www.lifenatura.com\/es\/#website","url":"https:\/\/www.lifenatura.com\/es\/","name":"Lifenatura","description":"A Lifenatura \u00e9 uma loja de produtos naturais, cosm\u00e9tica natural e alimenta\u00e7\u00e3o Biol\u00f3gica.","publisher":{"@id":"https:\/\/www.lifenatura.com\/es\/#organization"},"potentialAction":[{"@type":"SearchAction","target":{"@type":"EntryPoint","urlTemplate":"https:\/\/www.lifenatura.com\/es\/?s={search_term_string}"},"query-input":{"@type":"PropertyValueSpecification","valueRequired":true,"valueName":"search_term_string"}}],"inLanguage":"es"},{"@type":"Organization","@id":"https:\/\/www.lifenatura.com\/es\/#organization","name":"Lifenatura","url":"https:\/\/www.lifenatura.com\/es\/","logo":{"@type":"ImageObject","inLanguage":"es","@id":"https:\/\/www.lifenatura.com\/es\/#\/schema\/logo\/image\/","url":"https:\/\/www.lifenatura.com\/wp-content\/uploads\/2021\/11\/logo.png","contentUrl":"https:\/\/www.lifenatura.com\/wp-content\/uploads\/2021\/11\/logo.png","width":175,"height":55,"caption":"Lifenatura"},"image":{"@id":"https:\/\/www.lifenatura.com\/es\/#\/schema\/logo\/image\/"},"sameAs":["https:\/\/www.facebook.com\/lifenatura","https:\/\/www.instagram.com\/lifenaturapt\/"]}]},"product_price_amount":"20.21","product_price_currency":"EUR","og_availability":"out of stock","product_availability":"out of stock","product_retailer_item_id":"7611883002406","product_condition":"new"},"df_price":20.21,"df_sale_price":"","df_regular_price":20.21,"df_image_link":"https:\/\/www.lifenatura.com\/wp-content\/uploads\/2022\/06\/groselha-negra-complexo-n5-bioligo-300x300.jpg","_links":{"self":[{"href":"https:\/\/www.lifenatura.com\/es\/wp-json\/wp\/v2\/product\/35782","targetHints":{"allow":["GET"]}}],"collection":[{"href":"https:\/\/www.lifenatura.com\/es\/wp-json\/wp\/v2\/product"}],"about":[{"href":"https:\/\/www.lifenatura.com\/es\/wp-json\/wp\/v2\/types\/product"}],"wp:featuredmedia":[{"embeddable":true,"href":"https:\/\/www.lifenatura.com\/es\/wp-json\/wp\/v2\/media\/61342"}],"wp:attachment":[{"href":"https:\/\/www.lifenatura.com\/es\/wp-json\/wp\/v2\/media?parent=35782"}],"wp:term":[{"taxonomy":"product_brand","embeddable":true,"href":"https:\/\/www.lifenatura.com\/es\/wp-json\/wp\/v2\/product_brand?post=35782"},{"taxonomy":"product_cat","embeddable":true,"href":"https:\/\/www.lifenatura.com\/es\/wp-json\/wp\/v2\/product_cat?post=35782"},{"taxonomy":"product_tag","embeddable":true,"href":"https:\/\/www.lifenatura.com\/es\/wp-json\/wp\/v2\/product_tag?post=35782"}],"curies":[{"name":"wp","href":"https:\/\/api.w.org\/{rel}","templated":true}]}}