{"id":35736,"date":"2022-06-01T00:00:00","date_gmt":"2022-06-01T00:00:00","guid":{"rendered":"https:\/\/lifenatura.dev.agenciagetdigital.com\/produto\/dha-materna-70-capsulas-biofil\/"},"modified":"2022-11-04T17:27:03","modified_gmt":"2022-11-04T17:27:03","slug":"dha-materna-70-capsulas-biofil","status":"publish","type":"product","link":"https:\/\/www.lifenatura.com\/es\/produto\/dha-materna-70-capsulas-biofil\/","title":{"rendered":"DHA Materna 70 c\u00e1psulas &#8211; Biofil"},"content":{"rendered":"<h2 style=\"text-align: left\"><strong>DHA para ayudar en el per\u00edodo de maternidad <\/strong><\/h2>\n<p>&nbsp;<\/p>\n<p>Biofil c\u00e1psulas de DHA es un suplemento alimenticio natural que ayuda a las madres en la fase materna, ya que ayudan en el desarrollo del feto a todos los niveles. Ayudan tambi\u00e9n en la fase del amamantar que es un acto natural y constituye la mejor forma de alimentar, proteger y amar a su beb\u00e9.<\/p>\n<p>El consumo de DHA por la madre contribuye al desarrollo normal del cerebro y de los ojos en el feto y en el lactante alimentado con leche materna, efecto que s\u00f3lo se obtiene con la ingesta diaria de al menos 200 mg de DHA.<\/p>\n<p>El Biofil Dha Materna est\u00e1 exento de az\u00facares, almid\u00f3n, gluten y lactosa.<\/p>\n<p><strong>PRESENTACI\u00d3N <\/strong><\/p>\n<p>70 C\u00e1psulas.<\/p>\n<p>&nbsp;<\/p>\n","protected":false},"excerpt":{"rendered":"<p>Biofil DHA es un complemento alimenticio natural que ayuda a las madres en la etapa materna, ya que ayudan en el desarrollo del feto a todos los niveles. [&#8230;]<\/p>\n<p><a class=\"btn btn-secondary understrap-read-more-link\" href=\"https:\/\/www.lifenatura.com\/es\/produto\/dha-materna-70-capsulas-biofil\/\">Leer m\u00e1s&#8230;<span class=\"screen-reader-text\"> from DHA Materna 70 c\u00e1psulas &#8211; Biofil<\/span><\/a><\/p>\n","protected":false},"featured_media":16775,"template":"","meta":{"_acf_changed":false},"product_brand":[8532],"product_cat":[7242,7179],"product_tag":[],"class_list":{"0":"post-35736","1":"product","2":"type-product","3":"status-publish","4":"has-post-thumbnail","6":"product_brand-biofil","7":"product_cat-embarazo","8":"product_cat-salud","10":"first","11":"outofstock","12":"shipping-taxable","13":"purchasable","14":"product-type-simple","15":"add-to-wishlist-before_image"},"acf":[],"yoast_head":"<!-- This site is optimized with the Yoast SEO Premium plugin v27.1 (Yoast SEO v27.4) - https:\/\/yoast.com\/product\/yoast-seo-premium-wordpress\/ -->\n<title>Biofil DHA Materna - Lifenatura<\/title>\n<meta name=\"description\" content=\"Biofil c\u00e1psulas de DHA ayuda a las madres en la fase materna, ya que ayudan en el desarrollo del feto a todos los niveles.\" \/>\n<meta name=\"robots\" content=\"index, follow, max-snippet:-1, max-image-preview:large, max-video-preview:-1\" \/>\n<link rel=\"canonical\" href=\"https:\/\/www.lifenatura.com\/es\/produto\/dha-materna-70-capsulas-biofil\/\" \/>\n<meta property=\"og:locale\" content=\"es_ES\" \/>\n<meta property=\"og:type\" content=\"article\" \/>\n<meta property=\"og:title\" content=\"DHA Materna 70 c\u00e1psulas - Biofil - Lifenatura\" \/>\n<meta property=\"og:description\" content=\"Compre aqui o seu DHA Materna 70 c\u00e1psulas - Biofil e a Lifenatura Online envia em 48 H com Portes Gratis &gt;35\u20ac de Pedido.\" \/>\n<meta property=\"og:url\" content=\"https:\/\/www.lifenatura.com\/es\/produto\/dha-materna-70-capsulas-biofil\/\" \/>\n<meta property=\"og:site_name\" content=\"Lifenatura\" \/>\n<meta property=\"article:publisher\" content=\"https:\/\/www.facebook.com\/lifenatura\" \/>\n<meta property=\"article:modified_time\" content=\"2022-11-04T17:27:03+00:00\" \/>\n<meta property=\"og:image\" content=\"https:\/\/www.lifenatura.com\/wp-content\/uploads\/2021\/09\/gd_dha-materna-70-capsulas-biofil.jpg\" \/>\n\t<meta property=\"og:image:width\" content=\"1000\" \/>\n\t<meta property=\"og:image:height\" content=\"1000\" \/>\n\t<meta property=\"og:image:type\" content=\"image\/jpeg\" \/>\n<meta name=\"twitter:card\" content=\"summary_large_image\" \/>\n<meta name=\"twitter:label1\" content=\"Precio\" \/>\n\t<meta name=\"twitter:data1\" content=\"16,71&nbsp;&euro;\" \/>\n\t<meta name=\"twitter:label2\" content=\"Disponibilidad\" \/>\n\t<meta name=\"twitter:data2\" content=\"Sin existencias\" \/>\n<meta property=\"product:price:amount\" content=\"16.71\" \/>\n<meta property=\"product:price:currency\" content=\"EUR\" \/>\n<meta property=\"og:availability\" content=\"out of stock\" \/>\n<meta property=\"product:availability\" content=\"out of stock\" \/>\n<meta property=\"product:retailer_item_id\" content=\"5603877002945\" \/>\n<meta property=\"product:condition\" content=\"new\" \/>\n<!-- \/ Yoast SEO Premium plugin. -->","yoast_head_json":{"title":"Biofil DHA Materna - Lifenatura","description":"Biofil c\u00e1psulas de DHA ayuda a las madres en la fase materna, ya que ayudan en el desarrollo del feto a todos los niveles.","robots":{"index":"index","follow":"follow","max-snippet":"max-snippet:-1","max-image-preview":"max-image-preview:large","max-video-preview":"max-video-preview:-1"},"canonical":"https:\/\/www.lifenatura.com\/es\/produto\/dha-materna-70-capsulas-biofil\/","og_locale":"es_ES","og_type":"article","og_title":"DHA Materna 70 c\u00e1psulas - Biofil - Lifenatura","og_description":"Compre aqui o seu DHA Materna 70 c\u00e1psulas - Biofil e a Lifenatura Online envia em 48 H com Portes Gratis >35\u20ac de Pedido.","og_url":"https:\/\/www.lifenatura.com\/es\/produto\/dha-materna-70-capsulas-biofil\/","og_site_name":"Lifenatura","article_publisher":"https:\/\/www.facebook.com\/lifenatura","article_modified_time":"2022-11-04T17:27:03+00:00","og_image":[{"width":1000,"height":1000,"url":"https:\/\/www.lifenatura.com\/wp-content\/uploads\/2021\/09\/gd_dha-materna-70-capsulas-biofil.jpg","type":"image\/jpeg"}],"twitter_card":"summary_large_image","twitter_misc":{"Precio":"16,71&nbsp;&euro;","Disponibilidad":"Sin existencias"},"schema":{"@context":"https:\/\/schema.org","@graph":[{"@type":"WebPage","@id":"https:\/\/www.lifenatura.com\/es\/produto\/dha-materna-70-capsulas-biofil\/","url":"https:\/\/www.lifenatura.com\/es\/produto\/dha-materna-70-capsulas-biofil\/","name":"Biofil DHA Materna - Lifenatura","isPartOf":{"@id":"https:\/\/www.lifenatura.com\/#website"},"primaryImageOfPage":{"@id":"https:\/\/www.lifenatura.com\/es\/produto\/dha-materna-70-capsulas-biofil\/#primaryimage"},"image":{"@id":"https:\/\/www.lifenatura.com\/es\/produto\/dha-materna-70-capsulas-biofil\/#primaryimage"},"thumbnailUrl":"https:\/\/www.lifenatura.com\/wp-content\/uploads\/2021\/09\/gd_dha-materna-70-capsulas-biofil.jpg","datePublished":"2022-06-01T00:00:00+00:00","dateModified":"2022-11-04T17:27:03+00:00","description":"Biofil c\u00e1psulas de DHA ayuda a las madres en la fase materna, ya que ayudan en el desarrollo del feto a todos los niveles.","breadcrumb":{"@id":"https:\/\/www.lifenatura.com\/es\/produto\/dha-materna-70-capsulas-biofil\/#breadcrumb"},"inLanguage":"es","potentialAction":[{"@type":"ReadAction","target":["https:\/\/www.lifenatura.com\/es\/produto\/dha-materna-70-capsulas-biofil\/"]}]},{"@type":"ImageObject","inLanguage":"es","@id":"https:\/\/www.lifenatura.com\/es\/produto\/dha-materna-70-capsulas-biofil\/#primaryimage","url":"https:\/\/www.lifenatura.com\/wp-content\/uploads\/2021\/09\/gd_dha-materna-70-capsulas-biofil.jpg","contentUrl":"https:\/\/www.lifenatura.com\/wp-content\/uploads\/2021\/09\/gd_dha-materna-70-capsulas-biofil.jpg","width":1000,"height":1000,"caption":"DHA Materna 70 c\u00e1psulas - Biofil"},{"@type":"BreadcrumbList","@id":"https:\/\/www.lifenatura.com\/es\/produto\/dha-materna-70-capsulas-biofil\/#breadcrumb","itemListElement":[{"@type":"ListItem","position":1,"name":"In\u00edcio","item":"https:\/\/www.lifenatura.com\/es\/"},{"@type":"ListItem","position":2,"name":"Todos los Productos","item":"https:\/\/www.lifenatura.com\/es\/tienda\/"},{"@type":"ListItem","position":3,"name":"DHA Materna 70 c\u00e1psulas &#8211; Biofil"}]},{"@type":"WebSite","@id":"https:\/\/www.lifenatura.com\/#website","url":"https:\/\/www.lifenatura.com\/","name":"Lifenatura","description":"A Lifenatura \u00e9 uma loja de produtos naturais, cosm\u00e9tica natural e alimenta\u00e7\u00e3o Biol\u00f3gica.","publisher":{"@id":"https:\/\/www.lifenatura.com\/#organization"},"potentialAction":[{"@type":"SearchAction","target":{"@type":"EntryPoint","urlTemplate":"https:\/\/www.lifenatura.com\/?s={search_term_string}"},"query-input":{"@type":"PropertyValueSpecification","valueRequired":true,"valueName":"search_term_string"}}],"inLanguage":"es"},{"@type":"Organization","@id":"https:\/\/www.lifenatura.com\/#organization","name":"Lifenatura","url":"https:\/\/www.lifenatura.com\/","logo":{"@type":"ImageObject","inLanguage":"es","@id":"https:\/\/www.lifenatura.com\/#\/schema\/logo\/image\/","url":"https:\/\/www.lifenatura.com\/wp-content\/uploads\/2021\/11\/logo.png","contentUrl":"https:\/\/www.lifenatura.com\/wp-content\/uploads\/2021\/11\/logo.png","width":175,"height":55,"caption":"Lifenatura"},"image":{"@id":"https:\/\/www.lifenatura.com\/#\/schema\/logo\/image\/"},"sameAs":["https:\/\/www.facebook.com\/lifenatura","https:\/\/www.instagram.com\/lifenaturapt\/"]}]},"product_price_amount":"16.71","product_price_currency":"EUR","og_availability":"out of stock","product_availability":"out of stock","product_retailer_item_id":"5603877002945","product_condition":"new"},"df_price":16.71,"df_sale_price":"","df_regular_price":16.71,"df_image_link":"https:\/\/www.lifenatura.com\/wp-content\/uploads\/2021\/09\/gd_dha-materna-70-capsulas-biofil-300x300.jpg","_links":{"self":[{"href":"https:\/\/www.lifenatura.com\/es\/wp-json\/wp\/v2\/product\/35736","targetHints":{"allow":["GET"]}}],"collection":[{"href":"https:\/\/www.lifenatura.com\/es\/wp-json\/wp\/v2\/product"}],"about":[{"href":"https:\/\/www.lifenatura.com\/es\/wp-json\/wp\/v2\/types\/product"}],"wp:featuredmedia":[{"embeddable":true,"href":"https:\/\/www.lifenatura.com\/es\/wp-json\/wp\/v2\/media\/16775"}],"wp:attachment":[{"href":"https:\/\/www.lifenatura.com\/es\/wp-json\/wp\/v2\/media?parent=35736"}],"wp:term":[{"taxonomy":"product_brand","embeddable":true,"href":"https:\/\/www.lifenatura.com\/es\/wp-json\/wp\/v2\/product_brand?post=35736"},{"taxonomy":"product_cat","embeddable":true,"href":"https:\/\/www.lifenatura.com\/es\/wp-json\/wp\/v2\/product_cat?post=35736"},{"taxonomy":"product_tag","embeddable":true,"href":"https:\/\/www.lifenatura.com\/es\/wp-json\/wp\/v2\/product_tag?post=35736"}],"curies":[{"name":"wp","href":"https:\/\/api.w.org\/{rel}","templated":true}]}}