{"id":35701,"date":"2022-06-01T00:00:00","date_gmt":"2022-06-01T00:00:00","guid":{"rendered":"https:\/\/lifenatura.dev.agenciagetdigital.com\/produto\/neucontrol-60-capsulas-bio-axo\/"},"modified":"2026-01-16T11:36:54","modified_gmt":"2026-01-16T11:36:54","slug":"neucontrol-60-capsulas-bio-axo","status":"publish","type":"product","link":"https:\/\/www.lifenatura.com\/es\/produto\/neucontrol-60-capsulas-bio-axo\/","title":{"rendered":"NeuControl 60 c\u00e1psulas &#8211; Bio Axo"},"content":{"rendered":"<h2 style=\"text-align: left\"><strong>Indicado para el Sistema Nervioso<\/strong><\/h2>\n<p>&nbsp;<\/p>\n<p>NeuControl contiene Gaba es un amino\u00e1cido que act\u00faa como neurotransmisor inhibidor. Su uso terap\u00e9utico es similar a un sedante, induce el sue\u00f1o y disminuye la ansiedad. El GABA puede sustituir a los tranquilizantes qu\u00edmicos como el Valium. Dos c\u00e1psulas de GABA tienen un efecto sedante notorio. Asociado a la vitamina B3, el GABA ayuda a prevenir y tratar el estr\u00e9s y la ansiedad.<\/p>\n<p><strong>PRESENTACI\u00d3N<\/strong><\/p>\n<p>60 C\u00e1psulas.<\/p>\n<p>&nbsp;<\/p>\n","protected":false},"excerpt":{"rendered":"<p>NeuControl act\u00faa como neurotransmisor inhibidor. Su uso terap\u00e9utico es similar a un sedante, induce el sue\u00f1o y disminuye la ansiedad. [&#8230;]<\/p>\n<p><a class=\"btn btn-secondary understrap-read-more-link\" href=\"https:\/\/www.lifenatura.com\/es\/produto\/neucontrol-60-capsulas-bio-axo\/\">Leer m\u00e1s&#8230;<span class=\"screen-reader-text\"> from NeuControl 60 c\u00e1psulas &#8211; Bio Axo<\/span><\/a><\/p>\n","protected":false},"featured_media":16705,"template":"","meta":{"_acf_changed":false},"product_brand":[8362],"product_cat":[7213,7179],"product_tag":[],"class_list":{"0":"post-35701","1":"product","2":"type-product","3":"status-publish","4":"has-post-thumbnail","6":"product_brand-bio-axo-es","7":"product_cat-ansiedad-y-depresion","8":"product_cat-salud","10":"first","11":"instock","12":"shipping-taxable","13":"purchasable","14":"product-type-simple","15":"add-to-wishlist-before_image"},"acf":[],"yoast_head":"<!-- This site is optimized with the Yoast SEO Premium plugin v27.1 (Yoast SEO v27.4) - https:\/\/yoast.com\/product\/yoast-seo-premium-wordpress\/ -->\n<title>Bio Axo NeuControl 60 c\u00e1psulas - Lifenatura<\/title>\n<meta name=\"description\" content=\"NeuControl act\u00faa como neurotransmisor inhibidor. Su uso terap\u00e9utico es similar a un sedante, induce el sue\u00f1o y disminuye la ansiedad.\" \/>\n<meta name=\"robots\" content=\"index, follow, max-snippet:-1, max-image-preview:large, max-video-preview:-1\" \/>\n<link rel=\"canonical\" href=\"https:\/\/www.lifenatura.com\/es\/produto\/neucontrol-60-capsulas-bio-axo\/\" \/>\n<meta property=\"og:locale\" content=\"es_ES\" \/>\n<meta property=\"og:type\" content=\"article\" \/>\n<meta property=\"og:title\" content=\"NeuControl 60 c\u00e1psulas - Bio Axo - Na Lifenatura ao Melhor Pre\u00e7o | Envio 48h\" \/>\n<meta property=\"og:description\" content=\"Compre NeuControl 60 c\u00e1psulas - Bio Axo com envio r\u00e1pido. Entrega em 48h e portes gr\u00e1tis em compras &gt;35\u20ac. Aproveite j\u00e1 na Lifenatura\" \/>\n<meta property=\"og:url\" content=\"https:\/\/www.lifenatura.com\/es\/produto\/neucontrol-60-capsulas-bio-axo\/\" \/>\n<meta property=\"og:site_name\" content=\"Lifenatura\" \/>\n<meta property=\"article:publisher\" content=\"https:\/\/www.facebook.com\/lifenatura\" \/>\n<meta property=\"article:modified_time\" content=\"2026-01-16T11:36:54+00:00\" \/>\n<meta property=\"og:image\" content=\"https:\/\/www.lifenatura.com\/wp-content\/uploads\/2021\/09\/gd_neucontrol-60-capsulas-bio-axo.jpg\" \/>\n\t<meta property=\"og:image:width\" content=\"1000\" \/>\n\t<meta property=\"og:image:height\" content=\"1000\" \/>\n\t<meta property=\"og:image:type\" content=\"image\/jpeg\" \/>\n<meta name=\"twitter:card\" content=\"summary_large_image\" \/>\n<meta name=\"twitter:label1\" content=\"Precio\" \/>\n\t<meta name=\"twitter:data1\" content=\"17,19&nbsp;&euro;\" \/>\n\t<meta name=\"twitter:label2\" content=\"Disponibilidad\" \/>\n\t<meta name=\"twitter:data2\" content=\"Disponible\" \/>\n<script type=\"application\/ld+json\" class=\"yoast-schema-graph\">{\"@context\":\"https:\\\/\\\/schema.org\",\"@graph\":[{\"@type\":\"WebPage\",\"@id\":\"https:\\\/\\\/www.lifenatura.com\\\/es\\\/produto\\\/neucontrol-60-capsulas-bio-axo\\\/\",\"url\":\"https:\\\/\\\/www.lifenatura.com\\\/es\\\/produto\\\/neucontrol-60-capsulas-bio-axo\\\/\",\"name\":\"Bio Axo NeuControl 60 c\u00e1psulas - Lifenatura\",\"isPartOf\":{\"@id\":\"https:\\\/\\\/www.lifenatura.com\\\/es\\\/#website\"},\"primaryImageOfPage\":{\"@id\":\"https:\\\/\\\/www.lifenatura.com\\\/es\\\/produto\\\/neucontrol-60-capsulas-bio-axo\\\/#primaryimage\"},\"image\":{\"@id\":\"https:\\\/\\\/www.lifenatura.com\\\/es\\\/produto\\\/neucontrol-60-capsulas-bio-axo\\\/#primaryimage\"},\"thumbnailUrl\":\"https:\\\/\\\/www.lifenatura.com\\\/wp-content\\\/uploads\\\/2021\\\/09\\\/gd_neucontrol-60-capsulas-bio-axo.jpg\",\"datePublished\":\"2022-06-01T00:00:00+00:00\",\"dateModified\":\"2026-01-16T11:36:54+00:00\",\"description\":\"NeuControl act\u00faa como neurotransmisor inhibidor. Su uso terap\u00e9utico es similar a un sedante, induce el sue\u00f1o y disminuye la ansiedad.\",\"breadcrumb\":{\"@id\":\"https:\\\/\\\/www.lifenatura.com\\\/es\\\/produto\\\/neucontrol-60-capsulas-bio-axo\\\/#breadcrumb\"},\"inLanguage\":\"es\",\"potentialAction\":[{\"@type\":\"ReadAction\",\"target\":[\"https:\\\/\\\/www.lifenatura.com\\\/es\\\/produto\\\/neucontrol-60-capsulas-bio-axo\\\/\"]}]},{\"@type\":\"ImageObject\",\"inLanguage\":\"es\",\"@id\":\"https:\\\/\\\/www.lifenatura.com\\\/es\\\/produto\\\/neucontrol-60-capsulas-bio-axo\\\/#primaryimage\",\"url\":\"https:\\\/\\\/www.lifenatura.com\\\/wp-content\\\/uploads\\\/2021\\\/09\\\/gd_neucontrol-60-capsulas-bio-axo.jpg\",\"contentUrl\":\"https:\\\/\\\/www.lifenatura.com\\\/wp-content\\\/uploads\\\/2021\\\/09\\\/gd_neucontrol-60-capsulas-bio-axo.jpg\",\"width\":1000,\"height\":1000,\"caption\":\"NeuControl 60 c\u00e1psulas - Bio Axo\"},{\"@type\":\"BreadcrumbList\",\"@id\":\"https:\\\/\\\/www.lifenatura.com\\\/es\\\/produto\\\/neucontrol-60-capsulas-bio-axo\\\/#breadcrumb\",\"itemListElement\":[{\"@type\":\"ListItem\",\"position\":1,\"name\":\"In\u00edcio\",\"item\":\"https:\\\/\\\/www.lifenatura.com\\\/es\\\/\"},{\"@type\":\"ListItem\",\"position\":2,\"name\":\"Todos los Productos\",\"item\":\"https:\\\/\\\/www.lifenatura.com\\\/es\\\/tienda\\\/\"},{\"@type\":\"ListItem\",\"position\":3,\"name\":\"NeuControl 60 c\u00e1psulas &#8211; Bio Axo\"}]},{\"@type\":\"WebSite\",\"@id\":\"https:\\\/\\\/www.lifenatura.com\\\/es\\\/#website\",\"url\":\"https:\\\/\\\/www.lifenatura.com\\\/es\\\/\",\"name\":\"Lifenatura\",\"description\":\"A Lifenatura \u00e9 uma loja de produtos naturais, cosm\u00e9tica natural e alimenta\u00e7\u00e3o Biol\u00f3gica.\",\"publisher\":{\"@id\":\"https:\\\/\\\/www.lifenatura.com\\\/es\\\/#organization\"},\"potentialAction\":[{\"@type\":\"SearchAction\",\"target\":{\"@type\":\"EntryPoint\",\"urlTemplate\":\"https:\\\/\\\/www.lifenatura.com\\\/es\\\/?s={search_term_string}\"},\"query-input\":{\"@type\":\"PropertyValueSpecification\",\"valueRequired\":true,\"valueName\":\"search_term_string\"}}],\"inLanguage\":\"es\"},{\"@type\":\"Organization\",\"@id\":\"https:\\\/\\\/www.lifenatura.com\\\/es\\\/#organization\",\"name\":\"Lifenatura\",\"url\":\"https:\\\/\\\/www.lifenatura.com\\\/es\\\/\",\"logo\":{\"@type\":\"ImageObject\",\"inLanguage\":\"es\",\"@id\":\"https:\\\/\\\/www.lifenatura.com\\\/es\\\/#\\\/schema\\\/logo\\\/image\\\/\",\"url\":\"https:\\\/\\\/www.lifenatura.com\\\/wp-content\\\/uploads\\\/2021\\\/07\\\/logo.png\",\"contentUrl\":\"https:\\\/\\\/www.lifenatura.com\\\/wp-content\\\/uploads\\\/2021\\\/07\\\/logo.png\",\"width\":175,\"height\":55,\"caption\":\"Lifenatura\"},\"image\":{\"@id\":\"https:\\\/\\\/www.lifenatura.com\\\/es\\\/#\\\/schema\\\/logo\\\/image\\\/\"},\"sameAs\":[\"https:\\\/\\\/www.facebook.com\\\/lifenatura\",\"https:\\\/\\\/www.instagram.com\\\/lifenaturapt\\\/\"],\"hasMerchantReturnPolicy\":{\"@type\":\"MerchantReturnPolicy\",\"merchantReturnLink\":\"https:\\\/\\\/www.lifenatura.com\\\/termos-condicoes-lifenatura\\\/\"}}]}<\/script>\n<meta property=\"product:price:amount\" content=\"17.19\" \/>\n<meta property=\"product:price:currency\" content=\"EUR\" \/>\n<meta property=\"og:availability\" content=\"instock\" \/>\n<meta property=\"product:availability\" content=\"instock\" \/>\n<meta property=\"product:retailer_item_id\" content=\"5600304260121\" \/>\n<meta property=\"product:condition\" content=\"new\" \/>\n<!-- \/ Yoast SEO Premium plugin. -->","yoast_head_json":{"title":"Bio Axo NeuControl 60 c\u00e1psulas - Lifenatura","description":"NeuControl act\u00faa como neurotransmisor inhibidor. Su uso terap\u00e9utico es similar a un sedante, induce el sue\u00f1o y disminuye la ansiedad.","robots":{"index":"index","follow":"follow","max-snippet":"max-snippet:-1","max-image-preview":"max-image-preview:large","max-video-preview":"max-video-preview:-1"},"canonical":"https:\/\/www.lifenatura.com\/es\/produto\/neucontrol-60-capsulas-bio-axo\/","og_locale":"es_ES","og_type":"article","og_title":"NeuControl 60 c\u00e1psulas - Bio Axo - Na Lifenatura ao Melhor Pre\u00e7o | Envio 48h","og_description":"Compre NeuControl 60 c\u00e1psulas - Bio Axo com envio r\u00e1pido. Entrega em 48h e portes gr\u00e1tis em compras >35\u20ac. Aproveite j\u00e1 na Lifenatura","og_url":"https:\/\/www.lifenatura.com\/es\/produto\/neucontrol-60-capsulas-bio-axo\/","og_site_name":"Lifenatura","article_publisher":"https:\/\/www.facebook.com\/lifenatura","article_modified_time":"2026-01-16T11:36:54+00:00","og_image":[{"width":1000,"height":1000,"url":"https:\/\/www.lifenatura.com\/wp-content\/uploads\/2021\/09\/gd_neucontrol-60-capsulas-bio-axo.jpg","type":"image\/jpeg"}],"twitter_card":"summary_large_image","twitter_misc":{"Precio":"17,19&nbsp;&euro;","Disponibilidad":"Disponible"},"schema":{"@context":"https:\/\/schema.org","@graph":[{"@type":"WebPage","@id":"https:\/\/www.lifenatura.com\/es\/produto\/neucontrol-60-capsulas-bio-axo\/","url":"https:\/\/www.lifenatura.com\/es\/produto\/neucontrol-60-capsulas-bio-axo\/","name":"Bio Axo NeuControl 60 c\u00e1psulas - Lifenatura","isPartOf":{"@id":"https:\/\/www.lifenatura.com\/es\/#website"},"primaryImageOfPage":{"@id":"https:\/\/www.lifenatura.com\/es\/produto\/neucontrol-60-capsulas-bio-axo\/#primaryimage"},"image":{"@id":"https:\/\/www.lifenatura.com\/es\/produto\/neucontrol-60-capsulas-bio-axo\/#primaryimage"},"thumbnailUrl":"https:\/\/www.lifenatura.com\/wp-content\/uploads\/2021\/09\/gd_neucontrol-60-capsulas-bio-axo.jpg","datePublished":"2022-06-01T00:00:00+00:00","dateModified":"2026-01-16T11:36:54+00:00","description":"NeuControl act\u00faa como neurotransmisor inhibidor. Su uso terap\u00e9utico es similar a un sedante, induce el sue\u00f1o y disminuye la ansiedad.","breadcrumb":{"@id":"https:\/\/www.lifenatura.com\/es\/produto\/neucontrol-60-capsulas-bio-axo\/#breadcrumb"},"inLanguage":"es","potentialAction":[{"@type":"ReadAction","target":["https:\/\/www.lifenatura.com\/es\/produto\/neucontrol-60-capsulas-bio-axo\/"]}]},{"@type":"ImageObject","inLanguage":"es","@id":"https:\/\/www.lifenatura.com\/es\/produto\/neucontrol-60-capsulas-bio-axo\/#primaryimage","url":"https:\/\/www.lifenatura.com\/wp-content\/uploads\/2021\/09\/gd_neucontrol-60-capsulas-bio-axo.jpg","contentUrl":"https:\/\/www.lifenatura.com\/wp-content\/uploads\/2021\/09\/gd_neucontrol-60-capsulas-bio-axo.jpg","width":1000,"height":1000,"caption":"NeuControl 60 c\u00e1psulas - Bio Axo"},{"@type":"BreadcrumbList","@id":"https:\/\/www.lifenatura.com\/es\/produto\/neucontrol-60-capsulas-bio-axo\/#breadcrumb","itemListElement":[{"@type":"ListItem","position":1,"name":"In\u00edcio","item":"https:\/\/www.lifenatura.com\/es\/"},{"@type":"ListItem","position":2,"name":"Todos los Productos","item":"https:\/\/www.lifenatura.com\/es\/tienda\/"},{"@type":"ListItem","position":3,"name":"NeuControl 60 c\u00e1psulas &#8211; Bio Axo"}]},{"@type":"WebSite","@id":"https:\/\/www.lifenatura.com\/es\/#website","url":"https:\/\/www.lifenatura.com\/es\/","name":"Lifenatura","description":"A Lifenatura \u00e9 uma loja de produtos naturais, cosm\u00e9tica natural e alimenta\u00e7\u00e3o Biol\u00f3gica.","publisher":{"@id":"https:\/\/www.lifenatura.com\/es\/#organization"},"potentialAction":[{"@type":"SearchAction","target":{"@type":"EntryPoint","urlTemplate":"https:\/\/www.lifenatura.com\/es\/?s={search_term_string}"},"query-input":{"@type":"PropertyValueSpecification","valueRequired":true,"valueName":"search_term_string"}}],"inLanguage":"es"},{"@type":"Organization","@id":"https:\/\/www.lifenatura.com\/es\/#organization","name":"Lifenatura","url":"https:\/\/www.lifenatura.com\/es\/","logo":{"@type":"ImageObject","inLanguage":"es","@id":"https:\/\/www.lifenatura.com\/es\/#\/schema\/logo\/image\/","url":"https:\/\/www.lifenatura.com\/wp-content\/uploads\/2021\/07\/logo.png","contentUrl":"https:\/\/www.lifenatura.com\/wp-content\/uploads\/2021\/07\/logo.png","width":175,"height":55,"caption":"Lifenatura"},"image":{"@id":"https:\/\/www.lifenatura.com\/es\/#\/schema\/logo\/image\/"},"sameAs":["https:\/\/www.facebook.com\/lifenatura","https:\/\/www.instagram.com\/lifenaturapt\/"],"hasMerchantReturnPolicy":{"@type":"MerchantReturnPolicy","merchantReturnLink":"https:\/\/www.lifenatura.com\/termos-condicoes-lifenatura\/"}}]},"product_price_amount":"17.19","product_price_currency":"EUR","og_availability":"instock","product_availability":"instock","product_retailer_item_id":"5600304260121","product_condition":"new"},"df_price":17.19,"df_sale_price":"","df_regular_price":17.19,"df_image_link":"https:\/\/www.lifenatura.com\/wp-content\/uploads\/2021\/09\/gd_neucontrol-60-capsulas-bio-axo-300x300.jpg","_links":{"self":[{"href":"https:\/\/www.lifenatura.com\/es\/wp-json\/wp\/v2\/product\/35701","targetHints":{"allow":["GET"]}}],"collection":[{"href":"https:\/\/www.lifenatura.com\/es\/wp-json\/wp\/v2\/product"}],"about":[{"href":"https:\/\/www.lifenatura.com\/es\/wp-json\/wp\/v2\/types\/product"}],"wp:featuredmedia":[{"embeddable":true,"href":"https:\/\/www.lifenatura.com\/es\/wp-json\/wp\/v2\/media\/16705"}],"wp:attachment":[{"href":"https:\/\/www.lifenatura.com\/es\/wp-json\/wp\/v2\/media?parent=35701"}],"wp:term":[{"taxonomy":"product_brand","embeddable":true,"href":"https:\/\/www.lifenatura.com\/es\/wp-json\/wp\/v2\/product_brand?post=35701"},{"taxonomy":"product_cat","embeddable":true,"href":"https:\/\/www.lifenatura.com\/es\/wp-json\/wp\/v2\/product_cat?post=35701"},{"taxonomy":"product_tag","embeddable":true,"href":"https:\/\/www.lifenatura.com\/es\/wp-json\/wp\/v2\/product_tag?post=35701"}],"curies":[{"name":"wp","href":"https:\/\/api.w.org\/{rel}","templated":true}]}}