{"id":35653,"date":"2022-06-01T00:00:00","date_gmt":"2022-06-01T00:00:00","guid":{"rendered":"https:\/\/lifenatura.dev.agenciagetdigital.com\/produto\/l-glutamina-800-60-capsulas-be-life\/"},"modified":"2026-01-14T08:33:43","modified_gmt":"2026-01-14T08:33:43","slug":"l-glutamina-800-60-capsulas-be-life","status":"publish","type":"product","link":"https:\/\/www.lifenatura.com\/es\/produto\/l-glutamina-800-60-capsulas-be-life\/","title":{"rendered":"L-glutamina 800 60 c\u00e1psulas &#8211; Be-life"},"content":{"rendered":"<h2 style=\"text-align: left\"><strong>Glutamina para ayudar en la reconstituci\u00f3n muscular<\/strong><\/h2>\n<p>&nbsp;<\/p>\n<p>El amino\u00e1cido L-Glutamina es abundante en los m\u00fasculos y la sangre. Interviene en la cadena de las prote\u00ednas. Permeabilidad intestinal, recuperaci\u00f3n muscular, aporte energ\u00e9tico, destete del alcohol o az\u00facar. La Glutamina es el amino\u00e1cido no esencial m\u00e1s abundante en el organismo desempe\u00f1ando un papel importante en la funci\u00f3n inmunitaria. Puede ser utilizada para apoyar la funci\u00f3n muscular y la integridad del tracto gastrointestinal.<\/p>\n<p>&nbsp;<\/p>\n<p><strong>PRESENTACI\u00d3N<\/strong><\/p>\n<p>60 C\u00e1psulas.<\/p>\n<p>&nbsp;<\/p>\n","protected":false},"excerpt":{"rendered":"<p>La Glutamina es el amino\u00e1cido no esencial m\u00e1s abundante en el organismo desempe\u00f1ando un papel importante en la funci\u00f3n inmunitaria. [&#8230;]<\/p>\n<p><a class=\"btn btn-secondary understrap-read-more-link\" href=\"https:\/\/www.lifenatura.com\/es\/produto\/l-glutamina-800-60-capsulas-be-life\/\">Leer m\u00e1s&#8230;<span class=\"screen-reader-text\"> from L-glutamina 800 60 c\u00e1psulas &#8211; Be-life<\/span><\/a><\/p>\n","protected":false},"featured_media":16609,"template":"","meta":{"_acf_changed":false},"product_brand":[8534],"product_cat":[7206,7179],"product_tag":[],"class_list":{"0":"post-35653","1":"product","2":"type-product","3":"status-publish","4":"has-post-thumbnail","6":"product_brand-be-life-es","7":"product_cat-musculos-salud","8":"product_cat-salud","10":"first","11":"instock","12":"shipping-taxable","13":"purchasable","14":"product-type-simple","15":"add-to-wishlist-before_image"},"acf":[],"yoast_head":"<!-- This site is optimized with the Yoast SEO Premium plugin v27.1 (Yoast SEO v27.3) - https:\/\/yoast.com\/product\/yoast-seo-premium-wordpress\/ -->\n<title>L-glutamina 800 - Be-life - Lifenatura<\/title>\n<meta name=\"description\" content=\"La Glutamina es el amino\u00e1cido no esencial m\u00e1s abundante en el organismo desempe\u00f1ando un papel importante en la funci\u00f3n inmunitaria.\" \/>\n<meta name=\"robots\" content=\"index, follow, max-snippet:-1, max-image-preview:large, max-video-preview:-1\" \/>\n<link rel=\"canonical\" href=\"https:\/\/www.lifenatura.com\/es\/produto\/l-glutamina-800-60-capsulas-be-life\/\" \/>\n<meta property=\"og:locale\" content=\"es_ES\" \/>\n<meta property=\"og:type\" content=\"article\" \/>\n<meta property=\"og:title\" content=\"L-glutamina 800 60 c\u00e1psulas - Be-life - Lifenatura\" \/>\n<meta property=\"og:description\" content=\"Compre aqui o seu L-glutamina 800 60 c\u00e1psulas - Be-life e a Lifenatura Online envia em 48 H com Portes Gratis &gt;35\u20ac de Pedido.\" \/>\n<meta property=\"og:url\" content=\"https:\/\/www.lifenatura.com\/es\/produto\/l-glutamina-800-60-capsulas-be-life\/\" \/>\n<meta property=\"og:site_name\" content=\"Lifenatura\" \/>\n<meta property=\"article:publisher\" content=\"https:\/\/www.facebook.com\/lifenatura\" \/>\n<meta property=\"article:modified_time\" content=\"2026-01-14T08:33:43+00:00\" \/>\n<meta property=\"og:image\" content=\"https:\/\/www.lifenatura.com\/wp-content\/uploads\/2021\/09\/gd_l-glutamina-800-60-caps-be-life.jpg\" \/>\n\t<meta property=\"og:image:width\" content=\"1000\" \/>\n\t<meta property=\"og:image:height\" content=\"1000\" \/>\n\t<meta property=\"og:image:type\" content=\"image\/jpeg\" \/>\n<meta name=\"twitter:card\" content=\"summary_large_image\" \/>\n<meta name=\"twitter:label1\" content=\"Precio\" \/>\n\t<meta name=\"twitter:data1\" content=\"17,90&nbsp;&euro;\" \/>\n\t<meta name=\"twitter:label2\" content=\"Disponibilidad\" \/>\n\t<meta name=\"twitter:data2\" content=\"Disponible\" \/>\n<meta property=\"product:price:amount\" content=\"17.90\" \/>\n<meta property=\"product:price:currency\" content=\"EUR\" \/>\n<meta property=\"og:availability\" content=\"instock\" \/>\n<meta property=\"product:availability\" content=\"instock\" \/>\n<meta property=\"product:retailer_item_id\" content=\"5413134001310\" \/>\n<meta property=\"product:condition\" content=\"new\" \/>\n<!-- \/ Yoast SEO Premium plugin. -->","yoast_head_json":{"title":"L-glutamina 800 - Be-life - Lifenatura","description":"La Glutamina es el amino\u00e1cido no esencial m\u00e1s abundante en el organismo desempe\u00f1ando un papel importante en la funci\u00f3n inmunitaria.","robots":{"index":"index","follow":"follow","max-snippet":"max-snippet:-1","max-image-preview":"max-image-preview:large","max-video-preview":"max-video-preview:-1"},"canonical":"https:\/\/www.lifenatura.com\/es\/produto\/l-glutamina-800-60-capsulas-be-life\/","og_locale":"es_ES","og_type":"article","og_title":"L-glutamina 800 60 c\u00e1psulas - Be-life - Lifenatura","og_description":"Compre aqui o seu L-glutamina 800 60 c\u00e1psulas - Be-life e a Lifenatura Online envia em 48 H com Portes Gratis >35\u20ac de Pedido.","og_url":"https:\/\/www.lifenatura.com\/es\/produto\/l-glutamina-800-60-capsulas-be-life\/","og_site_name":"Lifenatura","article_publisher":"https:\/\/www.facebook.com\/lifenatura","article_modified_time":"2026-01-14T08:33:43+00:00","og_image":[{"width":1000,"height":1000,"url":"https:\/\/www.lifenatura.com\/wp-content\/uploads\/2021\/09\/gd_l-glutamina-800-60-caps-be-life.jpg","type":"image\/jpeg"}],"twitter_card":"summary_large_image","twitter_misc":{"Precio":"17,90&nbsp;&euro;","Disponibilidad":"Disponible"},"schema":{"@context":"https:\/\/schema.org","@graph":[{"@type":"WebPage","@id":"https:\/\/www.lifenatura.com\/es\/produto\/l-glutamina-800-60-capsulas-be-life\/","url":"https:\/\/www.lifenatura.com\/es\/produto\/l-glutamina-800-60-capsulas-be-life\/","name":"L-glutamina 800 - Be-life - Lifenatura","isPartOf":{"@id":"https:\/\/www.lifenatura.com\/es\/#website"},"primaryImageOfPage":{"@id":"https:\/\/www.lifenatura.com\/es\/produto\/l-glutamina-800-60-capsulas-be-life\/#primaryimage"},"image":{"@id":"https:\/\/www.lifenatura.com\/es\/produto\/l-glutamina-800-60-capsulas-be-life\/#primaryimage"},"thumbnailUrl":"https:\/\/www.lifenatura.com\/wp-content\/uploads\/2021\/09\/gd_l-glutamina-800-60-caps-be-life.jpg","datePublished":"2022-06-01T00:00:00+00:00","dateModified":"2026-01-14T08:33:43+00:00","description":"La Glutamina es el amino\u00e1cido no esencial m\u00e1s abundante en el organismo desempe\u00f1ando un papel importante en la funci\u00f3n inmunitaria.","breadcrumb":{"@id":"https:\/\/www.lifenatura.com\/es\/produto\/l-glutamina-800-60-capsulas-be-life\/#breadcrumb"},"inLanguage":"es","potentialAction":[{"@type":"ReadAction","target":["https:\/\/www.lifenatura.com\/es\/produto\/l-glutamina-800-60-capsulas-be-life\/"]}]},{"@type":"ImageObject","inLanguage":"es","@id":"https:\/\/www.lifenatura.com\/es\/produto\/l-glutamina-800-60-capsulas-be-life\/#primaryimage","url":"https:\/\/www.lifenatura.com\/wp-content\/uploads\/2021\/09\/gd_l-glutamina-800-60-caps-be-life.jpg","contentUrl":"https:\/\/www.lifenatura.com\/wp-content\/uploads\/2021\/09\/gd_l-glutamina-800-60-caps-be-life.jpg","width":1000,"height":1000,"caption":"L-glutamina 800 60 c\u00e1psulas - Be-life"},{"@type":"BreadcrumbList","@id":"https:\/\/www.lifenatura.com\/es\/produto\/l-glutamina-800-60-capsulas-be-life\/#breadcrumb","itemListElement":[{"@type":"ListItem","position":1,"name":"In\u00edcio","item":"https:\/\/www.lifenatura.com\/es\/"},{"@type":"ListItem","position":2,"name":"Todos los Productos","item":"https:\/\/www.lifenatura.com\/es\/tienda\/"},{"@type":"ListItem","position":3,"name":"L-glutamina 800 60 c\u00e1psulas &#8211; Be-life"}]},{"@type":"WebSite","@id":"https:\/\/www.lifenatura.com\/es\/#website","url":"https:\/\/www.lifenatura.com\/es\/","name":"Lifenatura","description":"A Lifenatura \u00e9 uma loja de produtos naturais, cosm\u00e9tica natural e alimenta\u00e7\u00e3o Biol\u00f3gica.","publisher":{"@id":"https:\/\/www.lifenatura.com\/es\/#organization"},"potentialAction":[{"@type":"SearchAction","target":{"@type":"EntryPoint","urlTemplate":"https:\/\/www.lifenatura.com\/es\/?s={search_term_string}"},"query-input":{"@type":"PropertyValueSpecification","valueRequired":true,"valueName":"search_term_string"}}],"inLanguage":"es"},{"@type":"Organization","@id":"https:\/\/www.lifenatura.com\/es\/#organization","name":"Lifenatura","url":"https:\/\/www.lifenatura.com\/es\/","logo":{"@type":"ImageObject","inLanguage":"es","@id":"https:\/\/www.lifenatura.com\/es\/#\/schema\/logo\/image\/","url":"https:\/\/www.lifenatura.com\/wp-content\/uploads\/2021\/11\/logo.png","contentUrl":"https:\/\/www.lifenatura.com\/wp-content\/uploads\/2021\/11\/logo.png","width":175,"height":55,"caption":"Lifenatura"},"image":{"@id":"https:\/\/www.lifenatura.com\/es\/#\/schema\/logo\/image\/"},"sameAs":["https:\/\/www.facebook.com\/lifenatura","https:\/\/www.instagram.com\/lifenaturapt\/"]}]},"product_price_amount":"17.90","product_price_currency":"EUR","og_availability":"instock","product_availability":"instock","product_retailer_item_id":"5413134001310","product_condition":"new"},"df_price":17.9,"df_sale_price":"","df_regular_price":17.9,"df_image_link":"https:\/\/www.lifenatura.com\/wp-content\/uploads\/2021\/09\/gd_l-glutamina-800-60-caps-be-life-300x300.jpg","_links":{"self":[{"href":"https:\/\/www.lifenatura.com\/es\/wp-json\/wp\/v2\/product\/35653","targetHints":{"allow":["GET"]}}],"collection":[{"href":"https:\/\/www.lifenatura.com\/es\/wp-json\/wp\/v2\/product"}],"about":[{"href":"https:\/\/www.lifenatura.com\/es\/wp-json\/wp\/v2\/types\/product"}],"wp:featuredmedia":[{"embeddable":true,"href":"https:\/\/www.lifenatura.com\/es\/wp-json\/wp\/v2\/media\/16609"}],"wp:attachment":[{"href":"https:\/\/www.lifenatura.com\/es\/wp-json\/wp\/v2\/media?parent=35653"}],"wp:term":[{"taxonomy":"product_brand","embeddable":true,"href":"https:\/\/www.lifenatura.com\/es\/wp-json\/wp\/v2\/product_brand?post=35653"},{"taxonomy":"product_cat","embeddable":true,"href":"https:\/\/www.lifenatura.com\/es\/wp-json\/wp\/v2\/product_cat?post=35653"},{"taxonomy":"product_tag","embeddable":true,"href":"https:\/\/www.lifenatura.com\/es\/wp-json\/wp\/v2\/product_tag?post=35653"}],"curies":[{"name":"wp","href":"https:\/\/api.w.org\/{rel}","templated":true}]}}