{"id":35596,"date":"2022-06-01T00:00:00","date_gmt":"2022-06-01T00:00:00","guid":{"rendered":"https:\/\/lifenatura.dev.agenciagetdigital.com\/produto\/arnica-massage-fluid-500-ml-asam\/"},"modified":"2026-01-14T08:14:34","modified_gmt":"2026-01-14T08:14:34","slug":"arnica-massage-fluid-500-ml-asam","status":"publish","type":"product","link":"https:\/\/www.lifenatura.com\/es\/produto\/arnica-massage-fluid-500-ml-asam\/","title":{"rendered":"Arnica Massage Fluid 500 ml &#8211; Asam"},"content":{"rendered":"<h2><strong>Fluido de masaje de \u00e1rnica<\/strong><\/h2>\n<p>&nbsp;<\/p>\n<p>El l\u00edquido de masaje de \u00e1rnica contiene \u00fanicamente ingredientes naturales a base de flores de \u00e1rnica, ricos en aceites esenciales, flavonoides y lactonas sesquiterp\u00e9nicas.<\/p>\n<p>Fluido de masaje de acci\u00f3n refrescante y tonificante para la piel. Ofrece un cuidado calmante de acci\u00f3n r\u00e1pida para las piernas, los brazos y la espalda, evitando la fatiga durante el esfuerzo f\u00edsico.<\/p>\n<p>Con una fragancia refrescante y estimulante, despu\u00e9s del masaje, aumenta el bienestar f\u00edsico, vigorizando el cuerpo cansado o dolorido.<\/p>\n<p>El \u00e1rnica tiene una acci\u00f3n calmante, relajante y tonificante. Por sus propiedades antis\u00e9pticas, antiinflamatorias y descongestionantes, tambi\u00e9n puede utilizarse en caso de heridas leves. Se recomienda especialmente para las lesiones deportivas y los hematomas, y es beneficioso para las piernas cansadas e hinchadas por su acci\u00f3n revitalizante y estimulante de la circulaci\u00f3n sangu\u00ednea.<\/p>\n<p><strong>PRESENTACI\u00d3N<\/strong><\/p>\n<p>500ml<\/p>\n<p>&nbsp;<\/p>\n","protected":false},"excerpt":{"rendered":"<p>Contiene s\u00f3lo ingredientes naturales a base de flores de arnica, ricas en aceites esenciales, flavonoides y lactonas sesquiterp\u00e9nica. [&#8230;]<\/p>\n<p><a class=\"btn btn-secondary understrap-read-more-link\" href=\"https:\/\/www.lifenatura.com\/es\/produto\/arnica-massage-fluid-500-ml-asam\/\">Leer m\u00e1s&#8230;<span class=\"screen-reader-text\"> from Arnica Massage Fluid 500 ml &#8211; Asam<\/span><\/a><\/p>\n","protected":false},"featured_media":16495,"template":"","meta":{"_acf_changed":false},"product_brand":[8460],"product_cat":[7671,7653,7102,7659,7206,7113,7179],"product_tag":[],"class_list":{"0":"post-35596","1":"product","2":"type-product","3":"status-publish","4":"has-post-thumbnail","6":"product_brand-krauterhof-es","7":"product_cat-arnica-bio","8":"product_cat-cosmetica-natural-lifenatura","9":"product_cat-cuidado-del-cuerpo","10":"product_cat-ingrediente-natural-bio","11":"product_cat-musculos-salud","12":"product_cat-piernas-cansadas","13":"product_cat-salud","15":"first","16":"instock","17":"shipping-taxable","18":"purchasable","19":"product-type-simple","20":"add-to-wishlist-before_image"},"acf":[],"yoast_head":"<!-- This site is optimized with the Yoast SEO Premium plugin v27.1 (Yoast SEO v27.4) - https:\/\/yoast.com\/product\/yoast-seo-premium-wordpress\/ -->\n<title>Arnica Massage Fluid 500 ml - Asam<\/title>\n<meta name=\"description\" content=\"Contiene s\u00f3lo ingredientes naturales a base de flores de arnica, ricas en aceites esenciales, flavonoides y lactonas sesquiterp\u00e9nica.\" \/>\n<meta name=\"robots\" content=\"index, follow, max-snippet:-1, max-image-preview:large, max-video-preview:-1\" \/>\n<link rel=\"canonical\" href=\"https:\/\/www.lifenatura.com\/es\/produto\/arnica-massage-fluid-500-ml-asam\/\" \/>\n<meta property=\"og:locale\" content=\"es_ES\" \/>\n<meta property=\"og:type\" content=\"article\" \/>\n<meta property=\"og:title\" content=\"Arnica Massage Fluid 500 ml - Asam - Lifenatura\" \/>\n<meta property=\"og:description\" content=\"Compre aqui o seu Arnica Massage Fluid 500 ml - Asam e a Lifenatura Online envia em 48 H com Portes Gratis &gt;35\u20ac de Pedido.\" \/>\n<meta property=\"og:url\" content=\"https:\/\/www.lifenatura.com\/es\/produto\/arnica-massage-fluid-500-ml-asam\/\" \/>\n<meta property=\"og:site_name\" content=\"Lifenatura\" \/>\n<meta property=\"article:publisher\" content=\"https:\/\/www.facebook.com\/lifenatura\" \/>\n<meta property=\"article:modified_time\" content=\"2026-01-14T08:14:34+00:00\" \/>\n<meta property=\"og:image\" content=\"https:\/\/www.lifenatura.com\/wp-content\/uploads\/2021\/09\/gd_arnica-massage-fluid-500-ml-asam.jpg\" \/>\n\t<meta property=\"og:image:width\" content=\"1000\" \/>\n\t<meta property=\"og:image:height\" content=\"1000\" \/>\n\t<meta property=\"og:image:type\" content=\"image\/jpeg\" \/>\n<meta name=\"twitter:card\" content=\"summary_large_image\" \/>\n<meta name=\"twitter:label1\" content=\"Precio\" \/>\n\t<meta name=\"twitter:data1\" content=\"8,84&nbsp;&euro;\" \/>\n\t<meta name=\"twitter:label2\" content=\"Disponibilidad\" \/>\n\t<meta name=\"twitter:data2\" content=\"Disponible\" \/>\n<meta property=\"product:price:amount\" content=\"8.84\" \/>\n<meta property=\"product:price:currency\" content=\"EUR\" \/>\n<meta property=\"og:availability\" content=\"instock\" \/>\n<meta property=\"product:availability\" content=\"instock\" \/>\n<meta property=\"product:retailer_item_id\" content=\"4075700044605\" \/>\n<meta property=\"product:condition\" content=\"new\" \/>\n<!-- \/ Yoast SEO Premium plugin. -->","yoast_head_json":{"title":"Arnica Massage Fluid 500 ml - Asam","description":"Contiene s\u00f3lo ingredientes naturales a base de flores de arnica, ricas en aceites esenciales, flavonoides y lactonas sesquiterp\u00e9nica.","robots":{"index":"index","follow":"follow","max-snippet":"max-snippet:-1","max-image-preview":"max-image-preview:large","max-video-preview":"max-video-preview:-1"},"canonical":"https:\/\/www.lifenatura.com\/es\/produto\/arnica-massage-fluid-500-ml-asam\/","og_locale":"es_ES","og_type":"article","og_title":"Arnica Massage Fluid 500 ml - Asam - Lifenatura","og_description":"Compre aqui o seu Arnica Massage Fluid 500 ml - Asam e a Lifenatura Online envia em 48 H com Portes Gratis >35\u20ac de Pedido.","og_url":"https:\/\/www.lifenatura.com\/es\/produto\/arnica-massage-fluid-500-ml-asam\/","og_site_name":"Lifenatura","article_publisher":"https:\/\/www.facebook.com\/lifenatura","article_modified_time":"2026-01-14T08:14:34+00:00","og_image":[{"width":1000,"height":1000,"url":"https:\/\/www.lifenatura.com\/wp-content\/uploads\/2021\/09\/gd_arnica-massage-fluid-500-ml-asam.jpg","type":"image\/jpeg"}],"twitter_card":"summary_large_image","twitter_misc":{"Precio":"8,84&nbsp;&euro;","Disponibilidad":"Disponible"},"schema":{"@context":"https:\/\/schema.org","@graph":[{"@type":"WebPage","@id":"https:\/\/www.lifenatura.com\/es\/produto\/arnica-massage-fluid-500-ml-asam\/","url":"https:\/\/www.lifenatura.com\/es\/produto\/arnica-massage-fluid-500-ml-asam\/","name":"Arnica Massage Fluid 500 ml - Asam","isPartOf":{"@id":"https:\/\/www.lifenatura.com\/es\/#website"},"primaryImageOfPage":{"@id":"https:\/\/www.lifenatura.com\/es\/produto\/arnica-massage-fluid-500-ml-asam\/#primaryimage"},"image":{"@id":"https:\/\/www.lifenatura.com\/es\/produto\/arnica-massage-fluid-500-ml-asam\/#primaryimage"},"thumbnailUrl":"https:\/\/www.lifenatura.com\/wp-content\/uploads\/2021\/09\/gd_arnica-massage-fluid-500-ml-asam.jpg","datePublished":"2022-06-01T00:00:00+00:00","dateModified":"2026-01-14T08:14:34+00:00","description":"Contiene s\u00f3lo ingredientes naturales a base de flores de arnica, ricas en aceites esenciales, flavonoides y lactonas sesquiterp\u00e9nica.","breadcrumb":{"@id":"https:\/\/www.lifenatura.com\/es\/produto\/arnica-massage-fluid-500-ml-asam\/#breadcrumb"},"inLanguage":"es","potentialAction":[{"@type":"ReadAction","target":["https:\/\/www.lifenatura.com\/es\/produto\/arnica-massage-fluid-500-ml-asam\/"]}]},{"@type":"ImageObject","inLanguage":"es","@id":"https:\/\/www.lifenatura.com\/es\/produto\/arnica-massage-fluid-500-ml-asam\/#primaryimage","url":"https:\/\/www.lifenatura.com\/wp-content\/uploads\/2021\/09\/gd_arnica-massage-fluid-500-ml-asam.jpg","contentUrl":"https:\/\/www.lifenatura.com\/wp-content\/uploads\/2021\/09\/gd_arnica-massage-fluid-500-ml-asam.jpg","width":1000,"height":1000,"caption":"Arnica Massage Fluid 500 ml - Asam"},{"@type":"BreadcrumbList","@id":"https:\/\/www.lifenatura.com\/es\/produto\/arnica-massage-fluid-500-ml-asam\/#breadcrumb","itemListElement":[{"@type":"ListItem","position":1,"name":"In\u00edcio","item":"https:\/\/www.lifenatura.com\/es\/"},{"@type":"ListItem","position":2,"name":"Todos los Productos","item":"https:\/\/www.lifenatura.com\/es\/tienda\/"},{"@type":"ListItem","position":3,"name":"Arnica Massage Fluid 500 ml &#8211; Asam"}]},{"@type":"WebSite","@id":"https:\/\/www.lifenatura.com\/es\/#website","url":"https:\/\/www.lifenatura.com\/es\/","name":"Lifenatura","description":"A Lifenatura \u00e9 uma loja de produtos naturais, cosm\u00e9tica natural e alimenta\u00e7\u00e3o Biol\u00f3gica.","publisher":{"@id":"https:\/\/www.lifenatura.com\/es\/#organization"},"potentialAction":[{"@type":"SearchAction","target":{"@type":"EntryPoint","urlTemplate":"https:\/\/www.lifenatura.com\/es\/?s={search_term_string}"},"query-input":{"@type":"PropertyValueSpecification","valueRequired":true,"valueName":"search_term_string"}}],"inLanguage":"es"},{"@type":"Organization","@id":"https:\/\/www.lifenatura.com\/es\/#organization","name":"Lifenatura","url":"https:\/\/www.lifenatura.com\/es\/","logo":{"@type":"ImageObject","inLanguage":"es","@id":"https:\/\/www.lifenatura.com\/es\/#\/schema\/logo\/image\/","url":"https:\/\/www.lifenatura.com\/wp-content\/uploads\/2021\/11\/logo.png","contentUrl":"https:\/\/www.lifenatura.com\/wp-content\/uploads\/2021\/11\/logo.png","width":175,"height":55,"caption":"Lifenatura"},"image":{"@id":"https:\/\/www.lifenatura.com\/es\/#\/schema\/logo\/image\/"},"sameAs":["https:\/\/www.facebook.com\/lifenatura","https:\/\/www.instagram.com\/lifenaturapt\/"]}]},"product_price_amount":"8.84","product_price_currency":"EUR","og_availability":"instock","product_availability":"instock","product_retailer_item_id":"4075700044605","product_condition":"new"},"df_price":8.84,"df_sale_price":"","df_regular_price":8.84,"df_image_link":"https:\/\/www.lifenatura.com\/wp-content\/uploads\/2021\/09\/gd_arnica-massage-fluid-500-ml-asam-300x300.jpg","_links":{"self":[{"href":"https:\/\/www.lifenatura.com\/es\/wp-json\/wp\/v2\/product\/35596","targetHints":{"allow":["GET"]}}],"collection":[{"href":"https:\/\/www.lifenatura.com\/es\/wp-json\/wp\/v2\/product"}],"about":[{"href":"https:\/\/www.lifenatura.com\/es\/wp-json\/wp\/v2\/types\/product"}],"wp:featuredmedia":[{"embeddable":true,"href":"https:\/\/www.lifenatura.com\/es\/wp-json\/wp\/v2\/media\/16495"}],"wp:attachment":[{"href":"https:\/\/www.lifenatura.com\/es\/wp-json\/wp\/v2\/media?parent=35596"}],"wp:term":[{"taxonomy":"product_brand","embeddable":true,"href":"https:\/\/www.lifenatura.com\/es\/wp-json\/wp\/v2\/product_brand?post=35596"},{"taxonomy":"product_cat","embeddable":true,"href":"https:\/\/www.lifenatura.com\/es\/wp-json\/wp\/v2\/product_cat?post=35596"},{"taxonomy":"product_tag","embeddable":true,"href":"https:\/\/www.lifenatura.com\/es\/wp-json\/wp\/v2\/product_tag?post=35596"}],"curies":[{"name":"wp","href":"https:\/\/api.w.org\/{rel}","templated":true}]}}