{"id":35593,"date":"2022-06-01T00:00:00","date_gmt":"2022-06-01T00:00:00","guid":{"rendered":"https:\/\/lifenatura.dev.agenciagetdigital.com\/produto\/artronat-flex-gel-200-ml-natiris\/"},"modified":"2026-03-23T01:04:50","modified_gmt":"2026-03-23T01:04:50","slug":"artronat-flex-gel-200-ml-natiris","status":"publish","type":"product","link":"https:\/\/www.lifenatura.com\/es\/produto\/artronat-flex-gel-200-ml-natiris\/","title":{"rendered":"Artronat Flex Gel 200 ml &#8211; Natiris"},"content":{"rendered":"<h2 style=\"text-align: left;\"><strong>Gel con Col\u00e1geno, Glucosamina y Condroitina <\/strong><\/h2>\n<p>&nbsp;<\/p>\n<p>El Artronat gel t\u00f3pico de alta calidad con Col\u00e1geno, Glucosamina, Condroitina, Arnica y Harpagophytum. El gel t\u00f3pico de alta calidad, ha sido concebido para aliviar los dolores musculares y articulares.<\/p>\n<p>Cuando se masajea suavemente la zona dolorida, los ingredientes contenidos en el artronat favorecen un alivio r\u00e1pido y en profundidad de los dolores musculares y articulares.<\/p>\n<p><strong> PRESENTACI\u00d3N <\/strong><\/p>\n<p>200 ml.<\/p>\n<p>&nbsp;<\/p>\n","protected":false},"excerpt":{"rendered":"<p>El Artronat Flex, gel t\u00f3pico de alta calidad, ha sido concebido para aliviar los dolores musculares y articulares.<\/p>\n<p><img decoding=\"async\" class=\"alignnone size-full wp-image-53200\" src=\"https:\/\/www.lifenatura.com\/wp-content\/uploads\/2022\/10\/banner-promo-lep2-espanol.png\" alt=\"banner promo l3p2 espanhol\" width=\"500\" height=\"125\" srcset=\"https:\/\/www.lifenatura.com\/wp-content\/uploads\/2022\/10\/banner-promo-lep2-espanol.png 500w, https:\/\/www.lifenatura.com\/wp-content\/uploads\/2022\/10\/banner-promo-lep2-espanol-300x75.png 300w, https:\/\/www.lifenatura.com\/wp-content\/uploads\/2022\/10\/banner-promo-lep2-espanol-64x16.png 64w\" sizes=\"(max-width: 500px) 100vw, 500px\" \/> [&#8230;]<\/p>\n<p><a class=\"btn btn-secondary understrap-read-more-link\" href=\"https:\/\/www.lifenatura.com\/es\/produto\/artronat-flex-gel-200-ml-natiris\/\">Leer m\u00e1s&#8230;<span class=\"screen-reader-text\"> from Artronat Flex Gel 200 ml &#8211; Natiris<\/span><\/a><\/p>\n","protected":false},"featured_media":130558,"template":"","meta":{"_acf_changed":false},"product_brand":[8302],"product_cat":[7671,7205,7689,7713,7659,7276,7206,7263,7179],"product_tag":[8701],"class_list":{"0":"post-35593","1":"product","2":"type-product","3":"status-publish","4":"has-post-thumbnail","6":"product_brand-artronat","7":"product_cat-arnica-bio","8":"product_cat-articulaciones","9":"product_cat-colagenio-natural","10":"product_cat-glucosamina-es","11":"product_cat-ingrediente-natural-bio","12":"product_cat-lleve-3-pago-2","13":"product_cat-musculos-salud","14":"product_cat-packs-de-salud","15":"product_cat-salud","16":"product_tag-natiris","18":"first","19":"outofstock","20":"sale","21":"featured","22":"shipping-taxable","23":"purchasable","24":"product-type-simple","25":"add-to-wishlist-before_image"},"acf":[],"yoast_head":"<!-- This site is optimized with the Yoast SEO Premium plugin v27.1 (Yoast SEO v27.4) - https:\/\/yoast.com\/product\/yoast-seo-premium-wordpress\/ -->\n<title>Artronat Flex Gel Natiris - Lifenatura<\/title>\n<meta name=\"description\" content=\"El Artronat Flex es un gel t\u00f3pico de alta calidad, ha sido concebido para aliviar los dolores musculares y articulares, con Glucosamina y Arnica.\" \/>\n<meta name=\"robots\" content=\"index, follow, max-snippet:-1, max-image-preview:large, max-video-preview:-1\" \/>\n<link rel=\"canonical\" href=\"https:\/\/www.lifenatura.com\/es\/produto\/artronat-flex-gel-200-ml-natiris\/\" \/>\n<meta property=\"og:locale\" content=\"es_ES\" \/>\n<meta property=\"og:type\" content=\"article\" \/>\n<meta property=\"og:title\" content=\"Artronat Flex Gel 200 ml - Natiris - Lifenatura\" \/>\n<meta property=\"og:description\" content=\"Compre aqui o seu Artronat Flex Gel 200 ml - Natiris e a Lifenatura Online envia em 48 H com Portes Gratis &gt;35\u20ac de Pedido.\" \/>\n<meta property=\"og:url\" content=\"https:\/\/www.lifenatura.com\/es\/produto\/artronat-flex-gel-200-ml-natiris\/\" \/>\n<meta property=\"og:site_name\" content=\"Lifenatura\" \/>\n<meta property=\"article:publisher\" content=\"https:\/\/www.facebook.com\/lifenatura\" \/>\n<meta property=\"article:modified_time\" content=\"2026-03-23T01:04:50+00:00\" \/>\n<meta property=\"og:image\" content=\"https:\/\/www.lifenatura.com\/wp-content\/uploads\/2022\/06\/artronat-flex-gel.jpg\" \/>\n\t<meta property=\"og:image:width\" content=\"1000\" \/>\n\t<meta property=\"og:image:height\" content=\"1000\" \/>\n\t<meta property=\"og:image:type\" content=\"image\/jpeg\" \/>\n<meta name=\"twitter:card\" content=\"summary_large_image\" \/>\n<meta name=\"twitter:label1\" content=\"Precio\" \/>\n\t<meta name=\"twitter:data1\" content=\"17,95&nbsp;&euro;\" \/>\n\t<meta name=\"twitter:label2\" content=\"Disponibilidad\" \/>\n\t<meta name=\"twitter:data2\" content=\"Sin existencias\" \/>\n<meta property=\"product:price:amount\" content=\"17.95\" \/>\n<meta property=\"product:price:currency\" content=\"EUR\" \/>\n<meta property=\"og:availability\" content=\"out of stock\" \/>\n<meta property=\"product:availability\" content=\"out of stock\" \/>\n<meta property=\"product:retailer_item_id\" content=\"5601436106035\" \/>\n<meta property=\"product:condition\" content=\"new\" \/>\n<!-- \/ Yoast SEO Premium plugin. -->","yoast_head_json":{"title":"Artronat Flex Gel Natiris - Lifenatura","description":"El Artronat Flex es un gel t\u00f3pico de alta calidad, ha sido concebido para aliviar los dolores musculares y articulares, con Glucosamina y Arnica.","robots":{"index":"index","follow":"follow","max-snippet":"max-snippet:-1","max-image-preview":"max-image-preview:large","max-video-preview":"max-video-preview:-1"},"canonical":"https:\/\/www.lifenatura.com\/es\/produto\/artronat-flex-gel-200-ml-natiris\/","og_locale":"es_ES","og_type":"article","og_title":"Artronat Flex Gel 200 ml - Natiris - Lifenatura","og_description":"Compre aqui o seu Artronat Flex Gel 200 ml - Natiris e a Lifenatura Online envia em 48 H com Portes Gratis >35\u20ac de Pedido.","og_url":"https:\/\/www.lifenatura.com\/es\/produto\/artronat-flex-gel-200-ml-natiris\/","og_site_name":"Lifenatura","article_publisher":"https:\/\/www.facebook.com\/lifenatura","article_modified_time":"2026-03-23T01:04:50+00:00","og_image":[{"width":1000,"height":1000,"url":"https:\/\/www.lifenatura.com\/wp-content\/uploads\/2022\/06\/artronat-flex-gel.jpg","type":"image\/jpeg"}],"twitter_card":"summary_large_image","twitter_misc":{"Precio":"17,95&nbsp;&euro;","Disponibilidad":"Sin existencias"},"schema":{"@context":"https:\/\/schema.org","@graph":[{"@type":"WebPage","@id":"https:\/\/www.lifenatura.com\/es\/produto\/artronat-flex-gel-200-ml-natiris\/","url":"https:\/\/www.lifenatura.com\/es\/produto\/artronat-flex-gel-200-ml-natiris\/","name":"Artronat Flex Gel Natiris - Lifenatura","isPartOf":{"@id":"https:\/\/www.lifenatura.com\/#website"},"primaryImageOfPage":{"@id":"https:\/\/www.lifenatura.com\/es\/produto\/artronat-flex-gel-200-ml-natiris\/#primaryimage"},"image":{"@id":"https:\/\/www.lifenatura.com\/es\/produto\/artronat-flex-gel-200-ml-natiris\/#primaryimage"},"thumbnailUrl":"https:\/\/www.lifenatura.com\/wp-content\/uploads\/2026\/03\/ARTRONAT_FLEX_GEL.jpg","datePublished":"2022-06-01T00:00:00+00:00","dateModified":"2026-03-23T01:04:50+00:00","description":"El Artronat Flex es un gel t\u00f3pico de alta calidad, ha sido concebido para aliviar los dolores musculares y articulares, con Glucosamina y Arnica.","breadcrumb":{"@id":"https:\/\/www.lifenatura.com\/es\/produto\/artronat-flex-gel-200-ml-natiris\/#breadcrumb"},"inLanguage":"es","potentialAction":[{"@type":"ReadAction","target":["https:\/\/www.lifenatura.com\/es\/produto\/artronat-flex-gel-200-ml-natiris\/"]}]},{"@type":"ImageObject","inLanguage":"es","@id":"https:\/\/www.lifenatura.com\/es\/produto\/artronat-flex-gel-200-ml-natiris\/#primaryimage","url":"https:\/\/www.lifenatura.com\/wp-content\/uploads\/2026\/03\/ARTRONAT_FLEX_GEL.jpg","contentUrl":"https:\/\/www.lifenatura.com\/wp-content\/uploads\/2026\/03\/ARTRONAT_FLEX_GEL.jpg","width":600,"height":600},{"@type":"BreadcrumbList","@id":"https:\/\/www.lifenatura.com\/es\/produto\/artronat-flex-gel-200-ml-natiris\/#breadcrumb","itemListElement":[{"@type":"ListItem","position":1,"name":"In\u00edcio","item":"https:\/\/www.lifenatura.com\/es\/"},{"@type":"ListItem","position":2,"name":"Todos los Productos","item":"https:\/\/www.lifenatura.com\/es\/tienda\/"},{"@type":"ListItem","position":3,"name":"Artronat Flex Gel 200 ml &#8211; Natiris"}]},{"@type":"WebSite","@id":"https:\/\/www.lifenatura.com\/#website","url":"https:\/\/www.lifenatura.com\/","name":"Lifenatura","description":"A Lifenatura \u00e9 uma loja de produtos naturais, cosm\u00e9tica natural e alimenta\u00e7\u00e3o Biol\u00f3gica.","publisher":{"@id":"https:\/\/www.lifenatura.com\/#organization"},"potentialAction":[{"@type":"SearchAction","target":{"@type":"EntryPoint","urlTemplate":"https:\/\/www.lifenatura.com\/?s={search_term_string}"},"query-input":{"@type":"PropertyValueSpecification","valueRequired":true,"valueName":"search_term_string"}}],"inLanguage":"es"},{"@type":"Organization","@id":"https:\/\/www.lifenatura.com\/#organization","name":"Lifenatura","url":"https:\/\/www.lifenatura.com\/","logo":{"@type":"ImageObject","inLanguage":"es","@id":"https:\/\/www.lifenatura.com\/#\/schema\/logo\/image\/","url":"https:\/\/www.lifenatura.com\/wp-content\/uploads\/2021\/11\/logo.png","contentUrl":"https:\/\/www.lifenatura.com\/wp-content\/uploads\/2021\/11\/logo.png","width":175,"height":55,"caption":"Lifenatura"},"image":{"@id":"https:\/\/www.lifenatura.com\/#\/schema\/logo\/image\/"},"sameAs":["https:\/\/www.facebook.com\/lifenatura","https:\/\/www.instagram.com\/lifenaturapt\/"]}]},"product_price_amount":"17.95","product_price_currency":"EUR","og_availability":"out of stock","product_availability":"out of stock","product_retailer_item_id":"5601436106035","product_condition":"new"},"df_price":17.95,"df_sale_price":17.95,"df_regular_price":27.61,"df_image_link":"https:\/\/www.lifenatura.com\/wp-content\/uploads\/2026\/03\/ARTRONAT_FLEX_GEL-300x300.jpg","_links":{"self":[{"href":"https:\/\/www.lifenatura.com\/es\/wp-json\/wp\/v2\/product\/35593","targetHints":{"allow":["GET"]}}],"collection":[{"href":"https:\/\/www.lifenatura.com\/es\/wp-json\/wp\/v2\/product"}],"about":[{"href":"https:\/\/www.lifenatura.com\/es\/wp-json\/wp\/v2\/types\/product"}],"wp:featuredmedia":[{"embeddable":true,"href":"https:\/\/www.lifenatura.com\/es\/wp-json\/wp\/v2\/media\/130558"}],"wp:attachment":[{"href":"https:\/\/www.lifenatura.com\/es\/wp-json\/wp\/v2\/media?parent=35593"}],"wp:term":[{"taxonomy":"product_brand","embeddable":true,"href":"https:\/\/www.lifenatura.com\/es\/wp-json\/wp\/v2\/product_brand?post=35593"},{"taxonomy":"product_cat","embeddable":true,"href":"https:\/\/www.lifenatura.com\/es\/wp-json\/wp\/v2\/product_cat?post=35593"},{"taxonomy":"product_tag","embeddable":true,"href":"https:\/\/www.lifenatura.com\/es\/wp-json\/wp\/v2\/product_tag?post=35593"}],"curies":[{"name":"wp","href":"https:\/\/api.w.org\/{rel}","templated":true}]}}