{"id":35560,"date":"2022-06-01T00:00:00","date_gmt":"2022-06-01T00:00:00","guid":{"rendered":"https:\/\/lifenatura.dev.agenciagetdigital.com\/produto\/colagenio-bioactivado-fortigel-180-comprimidos-almond-laboratorios\/"},"modified":"2026-01-14T08:14:30","modified_gmt":"2026-01-14T08:14:30","slug":"colagenio-bioactivado-fortigel-180-comprimidos-almond-laboratorios","status":"publish","type":"product","link":"https:\/\/www.lifenatura.com\/es\/produto\/colagenio-bioactivado-fortigel-180-comprimidos-almond-laboratorios\/","title":{"rendered":"Forticoll Colagenio Bioactivado 180 comprimidos &#8211; Almond Lab"},"content":{"rendered":"<h2 style=\"text-align: left;\"><strong>Regenera el cart\u00edlago y alivia el dolor <\/strong><\/h2>\n<p>&nbsp;<\/p>\n<p>Col\u00e1geno Bioactivado contribuye a la regeneraci\u00f3n del cart\u00edlago de las articulaciones actuando directamente en las c\u00e9lulas del cuerpo. Este suplemento alimenticio contiene adem\u00e1s otros componentes beneficiosos para la salud osteoarticular tales como Calcio, Magnesio, Vitamina C, \u00c1cido Hialur\u00f3nico, Vitamina K y Vitamina D.<\/p>\n<p><strong>PRESENTACI\u00d3N <\/strong><\/p>\n<p>300g<\/p>\n<p>&nbsp;<\/p>\n","protected":false},"excerpt":{"rendered":"<p>Contribuye a la regeneraci\u00f3n del cart\u00edlago de las articulaciones actuando directamente en las c\u00e9lulas del cuerpo. [&#8230;]<\/p>\n<p><a class=\"btn btn-secondary understrap-read-more-link\" href=\"https:\/\/www.lifenatura.com\/es\/produto\/colagenio-bioactivado-fortigel-180-comprimidos-almond-laboratorios\/\">Leer m\u00e1s&#8230;<span class=\"screen-reader-text\"> from Forticoll Colagenio Bioactivado 180 comprimidos &#8211; Almond Lab<\/span><\/a><\/p>\n","protected":false},"featured_media":50420,"template":"","meta":{"_acf_changed":false},"product_brand":[8293],"product_cat":[7665,7205,7689,7659,7740,7179],"product_tag":[],"class_list":{"0":"post-35560","1":"product","2":"type-product","3":"status-publish","4":"has-post-thumbnail","6":"product_brand-almond-lab","7":"product_cat-acido-hialuronico-bio","8":"product_cat-articulaciones","9":"product_cat-colagenio-natural","10":"product_cat-ingrediente-natural-bio","11":"product_cat-magnesio-es","12":"product_cat-salud","14":"first","15":"instock","16":"shipping-taxable","17":"purchasable","18":"product-type-simple","19":"add-to-wishlist-before_image"},"acf":[],"yoast_head":"<!-- This site is optimized with the Yoast SEO Premium plugin v27.1 (Yoast SEO v27.5) - https:\/\/yoast.com\/product\/yoast-seo-premium-wordpress\/ -->\n<title>Colagenio Bioactivado Fortigel Almond Lab - Lifenatura<\/title>\n<meta name=\"description\" content=\"Forticoll Colagenio contribuye a la regeneraci\u00f3n del cart\u00edlago de las articulaciones actuando directamente en las c\u00e9lulas del cuerpo.\" \/>\n<meta name=\"robots\" content=\"index, follow, max-snippet:-1, max-image-preview:large, max-video-preview:-1\" \/>\n<link rel=\"canonical\" href=\"https:\/\/www.lifenatura.com\/es\/produto\/colagenio-bioactivado-fortigel-180-comprimidos-almond-laboratorios\/\" \/>\n<meta property=\"og:locale\" content=\"es_ES\" \/>\n<meta property=\"og:type\" content=\"article\" \/>\n<meta property=\"og:title\" content=\"Forticoll Colagenio Bioactivado 180 comprimidos - Almond Lab - Na Lifenatura ao Melhor Pre\u00e7o | Envio 48h\" \/>\n<meta property=\"og:description\" content=\"Compre Forticoll Colagenio Bioactivado 180 comprimidos - Almond Lab com envio r\u00e1pido. Entrega em 48h e portes gr\u00e1tis em compras &gt;35\u20ac. Aproveite j\u00e1 na Lifenatura\" \/>\n<meta property=\"og:url\" content=\"https:\/\/www.lifenatura.com\/es\/produto\/colagenio-bioactivado-fortigel-180-comprimidos-almond-laboratorios\/\" \/>\n<meta property=\"og:site_name\" content=\"Lifenatura\" \/>\n<meta property=\"article:publisher\" content=\"https:\/\/www.facebook.com\/lifenatura\" \/>\n<meta property=\"article:modified_time\" content=\"2026-01-14T08:14:30+00:00\" \/>\n<meta property=\"og:image\" content=\"https:\/\/www.lifenatura.com\/wp-content\/uploads\/2022\/06\/forticoll-colagenio-bioativado-180-comprimidos-almond-lab.jpg\" \/>\n\t<meta property=\"og:image:width\" content=\"1000\" \/>\n\t<meta property=\"og:image:height\" content=\"1000\" \/>\n\t<meta property=\"og:image:type\" content=\"image\/jpeg\" \/>\n<meta name=\"twitter:card\" content=\"summary_large_image\" \/>\n<meta name=\"twitter:label1\" content=\"Precio\" \/>\n\t<meta name=\"twitter:data1\" content=\"22,90&nbsp;&euro;\" \/>\n\t<meta name=\"twitter:label2\" content=\"Disponibilidad\" \/>\n\t<meta name=\"twitter:data2\" content=\"Disponible\" \/>\n<script type=\"application\/ld+json\" class=\"yoast-schema-graph\">{\"@context\":\"https:\\\/\\\/schema.org\",\"@graph\":[{\"@type\":\"WebPage\",\"@id\":\"https:\\\/\\\/www.lifenatura.com\\\/es\\\/produto\\\/colagenio-bioactivado-fortigel-180-comprimidos-almond-laboratorios\\\/\",\"url\":\"https:\\\/\\\/www.lifenatura.com\\\/es\\\/produto\\\/colagenio-bioactivado-fortigel-180-comprimidos-almond-laboratorios\\\/\",\"name\":\"Colagenio Bioactivado Fortigel Almond Lab - Lifenatura\",\"isPartOf\":{\"@id\":\"https:\\\/\\\/www.lifenatura.com\\\/es\\\/#website\"},\"primaryImageOfPage\":{\"@id\":\"https:\\\/\\\/www.lifenatura.com\\\/es\\\/produto\\\/colagenio-bioactivado-fortigel-180-comprimidos-almond-laboratorios\\\/#primaryimage\"},\"image\":{\"@id\":\"https:\\\/\\\/www.lifenatura.com\\\/es\\\/produto\\\/colagenio-bioactivado-fortigel-180-comprimidos-almond-laboratorios\\\/#primaryimage\"},\"thumbnailUrl\":\"https:\\\/\\\/www.lifenatura.com\\\/wp-content\\\/uploads\\\/2022\\\/06\\\/forticoll-colagenio-bioativado-180-comprimidos-almond-lab.jpg\",\"datePublished\":\"2022-06-01T00:00:00+00:00\",\"dateModified\":\"2026-01-14T08:14:30+00:00\",\"description\":\"Forticoll Colagenio contribuye a la regeneraci\u00f3n del cart\u00edlago de las articulaciones actuando directamente en las c\u00e9lulas del cuerpo.\",\"breadcrumb\":{\"@id\":\"https:\\\/\\\/www.lifenatura.com\\\/es\\\/produto\\\/colagenio-bioactivado-fortigel-180-comprimidos-almond-laboratorios\\\/#breadcrumb\"},\"inLanguage\":\"es\",\"potentialAction\":[{\"@type\":\"ReadAction\",\"target\":[\"https:\\\/\\\/www.lifenatura.com\\\/es\\\/produto\\\/colagenio-bioactivado-fortigel-180-comprimidos-almond-laboratorios\\\/\"]}]},{\"@type\":\"ImageObject\",\"inLanguage\":\"es\",\"@id\":\"https:\\\/\\\/www.lifenatura.com\\\/es\\\/produto\\\/colagenio-bioactivado-fortigel-180-comprimidos-almond-laboratorios\\\/#primaryimage\",\"url\":\"https:\\\/\\\/www.lifenatura.com\\\/wp-content\\\/uploads\\\/2022\\\/06\\\/forticoll-colagenio-bioativado-180-comprimidos-almond-lab.jpg\",\"contentUrl\":\"https:\\\/\\\/www.lifenatura.com\\\/wp-content\\\/uploads\\\/2022\\\/06\\\/forticoll-colagenio-bioativado-180-comprimidos-almond-lab.jpg\",\"width\":1000,\"height\":1000,\"caption\":\"forticoll colagenio da Almond Lab\"},{\"@type\":\"BreadcrumbList\",\"@id\":\"https:\\\/\\\/www.lifenatura.com\\\/es\\\/produto\\\/colagenio-bioactivado-fortigel-180-comprimidos-almond-laboratorios\\\/#breadcrumb\",\"itemListElement\":[{\"@type\":\"ListItem\",\"position\":1,\"name\":\"In\u00edcio\",\"item\":\"https:\\\/\\\/www.lifenatura.com\\\/es\\\/\"},{\"@type\":\"ListItem\",\"position\":2,\"name\":\"Todos los Productos\",\"item\":\"https:\\\/\\\/www.lifenatura.com\\\/es\\\/tienda\\\/\"},{\"@type\":\"ListItem\",\"position\":3,\"name\":\"Forticoll Colagenio Bioactivado 180 comprimidos &#8211; Almond Lab\"}]},{\"@type\":\"WebSite\",\"@id\":\"https:\\\/\\\/www.lifenatura.com\\\/es\\\/#website\",\"url\":\"https:\\\/\\\/www.lifenatura.com\\\/es\\\/\",\"name\":\"Lifenatura\",\"description\":\"A Lifenatura \u00e9 uma loja de produtos naturais, cosm\u00e9tica natural e alimenta\u00e7\u00e3o Biol\u00f3gica.\",\"publisher\":{\"@id\":\"https:\\\/\\\/www.lifenatura.com\\\/es\\\/#organization\"},\"potentialAction\":[{\"@type\":\"SearchAction\",\"target\":{\"@type\":\"EntryPoint\",\"urlTemplate\":\"https:\\\/\\\/www.lifenatura.com\\\/es\\\/?s={search_term_string}\"},\"query-input\":{\"@type\":\"PropertyValueSpecification\",\"valueRequired\":true,\"valueName\":\"search_term_string\"}}],\"inLanguage\":\"es\"},{\"@type\":\"Organization\",\"@id\":\"https:\\\/\\\/www.lifenatura.com\\\/es\\\/#organization\",\"name\":\"Lifenatura\",\"url\":\"https:\\\/\\\/www.lifenatura.com\\\/es\\\/\",\"logo\":{\"@type\":\"ImageObject\",\"inLanguage\":\"es\",\"@id\":\"https:\\\/\\\/www.lifenatura.com\\\/es\\\/#\\\/schema\\\/logo\\\/image\\\/\",\"url\":\"https:\\\/\\\/www.lifenatura.com\\\/wp-content\\\/uploads\\\/2021\\\/07\\\/logo.png\",\"contentUrl\":\"https:\\\/\\\/www.lifenatura.com\\\/wp-content\\\/uploads\\\/2021\\\/07\\\/logo.png\",\"width\":175,\"height\":55,\"caption\":\"Lifenatura\"},\"image\":{\"@id\":\"https:\\\/\\\/www.lifenatura.com\\\/es\\\/#\\\/schema\\\/logo\\\/image\\\/\"},\"sameAs\":[\"https:\\\/\\\/www.facebook.com\\\/lifenatura\",\"https:\\\/\\\/www.instagram.com\\\/lifenaturapt\\\/\"],\"hasMerchantReturnPolicy\":{\"@type\":\"MerchantReturnPolicy\",\"merchantReturnLink\":\"https:\\\/\\\/www.lifenatura.com\\\/termos-condicoes-lifenatura\\\/\"}}]}<\/script>\n<meta property=\"product:price:amount\" content=\"22.90\" \/>\n<meta property=\"product:price:currency\" content=\"EUR\" \/>\n<meta property=\"og:availability\" content=\"instock\" \/>\n<meta property=\"product:availability\" content=\"instock\" \/>\n<meta property=\"product:retailer_item_id\" content=\"8436542192354\" \/>\n<meta property=\"product:condition\" content=\"new\" \/>\n<!-- \/ Yoast SEO Premium plugin. -->","yoast_head_json":{"title":"Colagenio Bioactivado Fortigel Almond Lab - Lifenatura","description":"Forticoll Colagenio contribuye a la regeneraci\u00f3n del cart\u00edlago de las articulaciones actuando directamente en las c\u00e9lulas del cuerpo.","robots":{"index":"index","follow":"follow","max-snippet":"max-snippet:-1","max-image-preview":"max-image-preview:large","max-video-preview":"max-video-preview:-1"},"canonical":"https:\/\/www.lifenatura.com\/es\/produto\/colagenio-bioactivado-fortigel-180-comprimidos-almond-laboratorios\/","og_locale":"es_ES","og_type":"article","og_title":"Forticoll Colagenio Bioactivado 180 comprimidos - Almond Lab - Na Lifenatura ao Melhor Pre\u00e7o | Envio 48h","og_description":"Compre Forticoll Colagenio Bioactivado 180 comprimidos - Almond Lab com envio r\u00e1pido. Entrega em 48h e portes gr\u00e1tis em compras >35\u20ac. Aproveite j\u00e1 na Lifenatura","og_url":"https:\/\/www.lifenatura.com\/es\/produto\/colagenio-bioactivado-fortigel-180-comprimidos-almond-laboratorios\/","og_site_name":"Lifenatura","article_publisher":"https:\/\/www.facebook.com\/lifenatura","article_modified_time":"2026-01-14T08:14:30+00:00","og_image":[{"width":1000,"height":1000,"url":"https:\/\/www.lifenatura.com\/wp-content\/uploads\/2022\/06\/forticoll-colagenio-bioativado-180-comprimidos-almond-lab.jpg","type":"image\/jpeg"}],"twitter_card":"summary_large_image","twitter_misc":{"Precio":"22,90&nbsp;&euro;","Disponibilidad":"Disponible"},"schema":{"@context":"https:\/\/schema.org","@graph":[{"@type":"WebPage","@id":"https:\/\/www.lifenatura.com\/es\/produto\/colagenio-bioactivado-fortigel-180-comprimidos-almond-laboratorios\/","url":"https:\/\/www.lifenatura.com\/es\/produto\/colagenio-bioactivado-fortigel-180-comprimidos-almond-laboratorios\/","name":"Colagenio Bioactivado Fortigel Almond Lab - Lifenatura","isPartOf":{"@id":"https:\/\/www.lifenatura.com\/es\/#website"},"primaryImageOfPage":{"@id":"https:\/\/www.lifenatura.com\/es\/produto\/colagenio-bioactivado-fortigel-180-comprimidos-almond-laboratorios\/#primaryimage"},"image":{"@id":"https:\/\/www.lifenatura.com\/es\/produto\/colagenio-bioactivado-fortigel-180-comprimidos-almond-laboratorios\/#primaryimage"},"thumbnailUrl":"https:\/\/www.lifenatura.com\/wp-content\/uploads\/2022\/06\/forticoll-colagenio-bioativado-180-comprimidos-almond-lab.jpg","datePublished":"2022-06-01T00:00:00+00:00","dateModified":"2026-01-14T08:14:30+00:00","description":"Forticoll Colagenio contribuye a la regeneraci\u00f3n del cart\u00edlago de las articulaciones actuando directamente en las c\u00e9lulas del cuerpo.","breadcrumb":{"@id":"https:\/\/www.lifenatura.com\/es\/produto\/colagenio-bioactivado-fortigel-180-comprimidos-almond-laboratorios\/#breadcrumb"},"inLanguage":"es","potentialAction":[{"@type":"ReadAction","target":["https:\/\/www.lifenatura.com\/es\/produto\/colagenio-bioactivado-fortigel-180-comprimidos-almond-laboratorios\/"]}]},{"@type":"ImageObject","inLanguage":"es","@id":"https:\/\/www.lifenatura.com\/es\/produto\/colagenio-bioactivado-fortigel-180-comprimidos-almond-laboratorios\/#primaryimage","url":"https:\/\/www.lifenatura.com\/wp-content\/uploads\/2022\/06\/forticoll-colagenio-bioativado-180-comprimidos-almond-lab.jpg","contentUrl":"https:\/\/www.lifenatura.com\/wp-content\/uploads\/2022\/06\/forticoll-colagenio-bioativado-180-comprimidos-almond-lab.jpg","width":1000,"height":1000,"caption":"forticoll colagenio da Almond Lab"},{"@type":"BreadcrumbList","@id":"https:\/\/www.lifenatura.com\/es\/produto\/colagenio-bioactivado-fortigel-180-comprimidos-almond-laboratorios\/#breadcrumb","itemListElement":[{"@type":"ListItem","position":1,"name":"In\u00edcio","item":"https:\/\/www.lifenatura.com\/es\/"},{"@type":"ListItem","position":2,"name":"Todos los Productos","item":"https:\/\/www.lifenatura.com\/es\/tienda\/"},{"@type":"ListItem","position":3,"name":"Forticoll Colagenio Bioactivado 180 comprimidos &#8211; Almond Lab"}]},{"@type":"WebSite","@id":"https:\/\/www.lifenatura.com\/es\/#website","url":"https:\/\/www.lifenatura.com\/es\/","name":"Lifenatura","description":"A Lifenatura \u00e9 uma loja de produtos naturais, cosm\u00e9tica natural e alimenta\u00e7\u00e3o Biol\u00f3gica.","publisher":{"@id":"https:\/\/www.lifenatura.com\/es\/#organization"},"potentialAction":[{"@type":"SearchAction","target":{"@type":"EntryPoint","urlTemplate":"https:\/\/www.lifenatura.com\/es\/?s={search_term_string}"},"query-input":{"@type":"PropertyValueSpecification","valueRequired":true,"valueName":"search_term_string"}}],"inLanguage":"es"},{"@type":"Organization","@id":"https:\/\/www.lifenatura.com\/es\/#organization","name":"Lifenatura","url":"https:\/\/www.lifenatura.com\/es\/","logo":{"@type":"ImageObject","inLanguage":"es","@id":"https:\/\/www.lifenatura.com\/es\/#\/schema\/logo\/image\/","url":"https:\/\/www.lifenatura.com\/wp-content\/uploads\/2021\/07\/logo.png","contentUrl":"https:\/\/www.lifenatura.com\/wp-content\/uploads\/2021\/07\/logo.png","width":175,"height":55,"caption":"Lifenatura"},"image":{"@id":"https:\/\/www.lifenatura.com\/es\/#\/schema\/logo\/image\/"},"sameAs":["https:\/\/www.facebook.com\/lifenatura","https:\/\/www.instagram.com\/lifenaturapt\/"],"hasMerchantReturnPolicy":{"@type":"MerchantReturnPolicy","merchantReturnLink":"https:\/\/www.lifenatura.com\/termos-condicoes-lifenatura\/"}}]},"product_price_amount":"22.90","product_price_currency":"EUR","og_availability":"instock","product_availability":"instock","product_retailer_item_id":"8436542192354","product_condition":"new"},"df_price":22.9,"df_sale_price":"","df_regular_price":22.9,"df_image_link":"https:\/\/www.lifenatura.com\/wp-content\/uploads\/2022\/06\/forticoll-colagenio-bioativado-180-comprimidos-almond-lab-300x300.jpg","_links":{"self":[{"href":"https:\/\/www.lifenatura.com\/es\/wp-json\/wp\/v2\/product\/35560","targetHints":{"allow":["GET"]}}],"collection":[{"href":"https:\/\/www.lifenatura.com\/es\/wp-json\/wp\/v2\/product"}],"about":[{"href":"https:\/\/www.lifenatura.com\/es\/wp-json\/wp\/v2\/types\/product"}],"wp:featuredmedia":[{"embeddable":true,"href":"https:\/\/www.lifenatura.com\/es\/wp-json\/wp\/v2\/media\/50420"}],"wp:attachment":[{"href":"https:\/\/www.lifenatura.com\/es\/wp-json\/wp\/v2\/media?parent=35560"}],"wp:term":[{"taxonomy":"product_brand","embeddable":true,"href":"https:\/\/www.lifenatura.com\/es\/wp-json\/wp\/v2\/product_brand?post=35560"},{"taxonomy":"product_cat","embeddable":true,"href":"https:\/\/www.lifenatura.com\/es\/wp-json\/wp\/v2\/product_cat?post=35560"},{"taxonomy":"product_tag","embeddable":true,"href":"https:\/\/www.lifenatura.com\/es\/wp-json\/wp\/v2\/product_tag?post=35560"}],"curies":[{"name":"wp","href":"https:\/\/api.w.org\/{rel}","templated":true}]}}