{"id":35555,"date":"2022-06-01T00:00:00","date_gmt":"2022-06-01T00:00:00","guid":{"rendered":"https:\/\/lifenatura.dev.agenciagetdigital.com\/produto\/caja-de-barritas-proteicas-chocolate-e-avellana-30-unidades-allpura\/"},"modified":"2026-01-14T08:14:29","modified_gmt":"2026-01-14T08:14:29","slug":"caja-de-barritas-proteicas-chocolate-e-avellana-30-unidades-allpura","status":"publish","type":"product","link":"https:\/\/www.lifenatura.com\/es\/produto\/caja-de-barritas-proteicas-chocolate-e-avellana-30-unidades-allpura\/","title":{"rendered":"Barritas Proteicas Chocolate e Avellana 24 unidades &#8211; Allpura"},"content":{"rendered":"<h2 style=\"text-align: left;\"><strong>barritas de prote\u00ednas de chocolate y avellanas <\/strong><\/h2>\n<p>&nbsp;<\/p>\n<p>Las barritas de prote\u00edna de chocolate y avellanas por sus caracter\u00edsticas de hiperprote\u00edna es una alternativa pr\u00e1ctica y saludable como alimento entre comidas principales o como postre.<\/p>\n<p>La barra de prote\u00ednas de chocolate y avellana Allpura\u00ae contiene prote\u00ednas que contribuyen al mantenimiento y crecimiento de la masa muscular. Se recomienda aumentar su consumo de agua a un m\u00ednimo de 1.5 L por d\u00eda.<\/p>\n<p><strong>Presentaci\u00f3n <\/strong><\/p>\n<p>24 unidades<\/p>\n<p>&nbsp;<\/p>\n","protected":false},"excerpt":{"rendered":"<p>La barra de prote\u00ednas de chocolate y avellana Allpura\u00ae contiene prote\u00ednas que contribuyen al mantenimiento y crecimiento de la masa muscular. [&#8230;]<\/p>\n<p><a class=\"btn btn-secondary understrap-read-more-link\" href=\"https:\/\/www.lifenatura.com\/es\/produto\/caja-de-barritas-proteicas-chocolate-e-avellana-30-unidades-allpura\/\">Leer m\u00e1s&#8230;<span class=\"screen-reader-text\"> from Barritas Proteicas Chocolate e Avellana 24 unidades &#8211; Allpura<\/span><\/a><\/p>\n","protected":false},"featured_media":51660,"template":"","meta":{"_acf_changed":false},"product_brand":[8292],"product_cat":[7064,7287,7074],"product_tag":[],"class_list":{"0":"post-35555","1":"product","2":"type-product","3":"status-publish","4":"has-post-thumbnail","6":"product_brand-all-pura","7":"product_cat-alimentacion-sana","8":"product_cat-barritas-y-snacks","9":"product_cat-productos-alimenticios","11":"first","12":"instock","13":"featured","14":"shipping-taxable","15":"purchasable","16":"product-type-simple","17":"add-to-wishlist-before_image"},"acf":[],"yoast_head":"<!-- This site is optimized with the Yoast SEO Premium plugin v27.1 (Yoast SEO v27.5) - https:\/\/yoast.com\/product\/yoast-seo-premium-wordpress\/ -->\n<title>Barritas Proteicas Chocolate e Avellana Allpura - Lifenatura<\/title>\n<meta name=\"description\" content=\"La barra de prote\u00ednas de chocolate y avellana Allpura\u00ae contiene prote\u00ednas que contribuyen al mantenimiento y crecimiento de la masa muscular.\" \/>\n<meta name=\"robots\" content=\"index, follow, max-snippet:-1, max-image-preview:large, max-video-preview:-1\" \/>\n<link rel=\"canonical\" href=\"https:\/\/www.lifenatura.com\/es\/produto\/caja-de-barritas-proteicas-chocolate-e-avellana-30-unidades-allpura\/\" \/>\n<meta property=\"og:locale\" content=\"es_ES\" \/>\n<meta property=\"og:type\" content=\"article\" \/>\n<meta property=\"og:title\" content=\"Barritas Proteicas Chocolate e Avellana 24 unidades - Allpura - Na Lifenatura ao Melhor Pre\u00e7o | Envio 48h\" \/>\n<meta property=\"og:description\" content=\"Compre Barritas Proteicas Chocolate e Avellana 24 unidades - Allpura com envio r\u00e1pido. Entrega em 48h e portes gr\u00e1tis em compras &gt;35\u20ac. Aproveite j\u00e1 na Lifenatura\" \/>\n<meta property=\"og:url\" content=\"https:\/\/www.lifenatura.com\/es\/produto\/caja-de-barritas-proteicas-chocolate-e-avellana-30-unidades-allpura\/\" \/>\n<meta property=\"og:site_name\" content=\"Lifenatura\" \/>\n<meta property=\"article:publisher\" content=\"https:\/\/www.facebook.com\/lifenatura\" \/>\n<meta property=\"article:modified_time\" content=\"2026-01-14T08:14:29+00:00\" \/>\n<meta property=\"og:image\" content=\"https:\/\/www.lifenatura.com\/wp-content\/uploads\/2022\/06\/barras-proteica-chocolate-avela\u0303-allpura.jpg\" \/>\n\t<meta property=\"og:image:width\" content=\"1000\" \/>\n\t<meta property=\"og:image:height\" content=\"1000\" \/>\n\t<meta property=\"og:image:type\" content=\"image\/jpeg\" \/>\n<meta name=\"twitter:card\" content=\"summary_large_image\" \/>\n<meta name=\"twitter:label1\" content=\"Precio\" \/>\n\t<meta name=\"twitter:data1\" content=\"66,88&nbsp;&euro;\" \/>\n\t<meta name=\"twitter:label2\" content=\"Disponibilidad\" \/>\n\t<meta name=\"twitter:data2\" content=\"Disponible\" \/>\n<script type=\"application\/ld+json\" class=\"yoast-schema-graph\">{\"@context\":\"https:\\\/\\\/schema.org\",\"@graph\":[{\"@type\":\"WebPage\",\"@id\":\"https:\\\/\\\/www.lifenatura.com\\\/es\\\/produto\\\/caja-de-barritas-proteicas-chocolate-e-avellana-30-unidades-allpura\\\/\",\"url\":\"https:\\\/\\\/www.lifenatura.com\\\/es\\\/produto\\\/caja-de-barritas-proteicas-chocolate-e-avellana-30-unidades-allpura\\\/\",\"name\":\"Barritas Proteicas Chocolate e Avellana Allpura - Lifenatura\",\"isPartOf\":{\"@id\":\"https:\\\/\\\/www.lifenatura.com\\\/es\\\/#website\"},\"primaryImageOfPage\":{\"@id\":\"https:\\\/\\\/www.lifenatura.com\\\/es\\\/produto\\\/caja-de-barritas-proteicas-chocolate-e-avellana-30-unidades-allpura\\\/#primaryimage\"},\"image\":{\"@id\":\"https:\\\/\\\/www.lifenatura.com\\\/es\\\/produto\\\/caja-de-barritas-proteicas-chocolate-e-avellana-30-unidades-allpura\\\/#primaryimage\"},\"thumbnailUrl\":\"https:\\\/\\\/www.lifenatura.com\\\/wp-content\\\/uploads\\\/2022\\\/06\\\/barras-proteica-chocolate-avela\u0303-allpura.jpg\",\"datePublished\":\"2022-06-01T00:00:00+00:00\",\"dateModified\":\"2026-01-14T08:14:29+00:00\",\"description\":\"La barra de prote\u00ednas de chocolate y avellana Allpura\u00ae contiene prote\u00ednas que contribuyen al mantenimiento y crecimiento de la masa muscular.\",\"breadcrumb\":{\"@id\":\"https:\\\/\\\/www.lifenatura.com\\\/es\\\/produto\\\/caja-de-barritas-proteicas-chocolate-e-avellana-30-unidades-allpura\\\/#breadcrumb\"},\"inLanguage\":\"es\",\"potentialAction\":[{\"@type\":\"ReadAction\",\"target\":[\"https:\\\/\\\/www.lifenatura.com\\\/es\\\/produto\\\/caja-de-barritas-proteicas-chocolate-e-avellana-30-unidades-allpura\\\/\"]}]},{\"@type\":\"ImageObject\",\"inLanguage\":\"es\",\"@id\":\"https:\\\/\\\/www.lifenatura.com\\\/es\\\/produto\\\/caja-de-barritas-proteicas-chocolate-e-avellana-30-unidades-allpura\\\/#primaryimage\",\"url\":\"https:\\\/\\\/www.lifenatura.com\\\/wp-content\\\/uploads\\\/2022\\\/06\\\/barras-proteica-chocolate-avela\u0303-allpura.jpg\",\"contentUrl\":\"https:\\\/\\\/www.lifenatura.com\\\/wp-content\\\/uploads\\\/2022\\\/06\\\/barras-proteica-chocolate-avela\u0303-allpura.jpg\",\"width\":1000,\"height\":1000,\"caption\":\"barra protieca de chocolate e avel\u00e3 da allpura\"},{\"@type\":\"BreadcrumbList\",\"@id\":\"https:\\\/\\\/www.lifenatura.com\\\/es\\\/produto\\\/caja-de-barritas-proteicas-chocolate-e-avellana-30-unidades-allpura\\\/#breadcrumb\",\"itemListElement\":[{\"@type\":\"ListItem\",\"position\":1,\"name\":\"In\u00edcio\",\"item\":\"https:\\\/\\\/www.lifenatura.com\\\/es\\\/\"},{\"@type\":\"ListItem\",\"position\":2,\"name\":\"Todos los Productos\",\"item\":\"https:\\\/\\\/www.lifenatura.com\\\/es\\\/tienda\\\/\"},{\"@type\":\"ListItem\",\"position\":3,\"name\":\"Barritas Proteicas Chocolate e Avellana 24 unidades &#8211; Allpura\"}]},{\"@type\":\"WebSite\",\"@id\":\"https:\\\/\\\/www.lifenatura.com\\\/es\\\/#website\",\"url\":\"https:\\\/\\\/www.lifenatura.com\\\/es\\\/\",\"name\":\"Lifenatura\",\"description\":\"A Lifenatura \u00e9 uma loja de produtos naturais, cosm\u00e9tica natural e alimenta\u00e7\u00e3o Biol\u00f3gica.\",\"publisher\":{\"@id\":\"https:\\\/\\\/www.lifenatura.com\\\/es\\\/#organization\"},\"potentialAction\":[{\"@type\":\"SearchAction\",\"target\":{\"@type\":\"EntryPoint\",\"urlTemplate\":\"https:\\\/\\\/www.lifenatura.com\\\/es\\\/?s={search_term_string}\"},\"query-input\":{\"@type\":\"PropertyValueSpecification\",\"valueRequired\":true,\"valueName\":\"search_term_string\"}}],\"inLanguage\":\"es\"},{\"@type\":\"Organization\",\"@id\":\"https:\\\/\\\/www.lifenatura.com\\\/es\\\/#organization\",\"name\":\"Lifenatura\",\"url\":\"https:\\\/\\\/www.lifenatura.com\\\/es\\\/\",\"logo\":{\"@type\":\"ImageObject\",\"inLanguage\":\"es\",\"@id\":\"https:\\\/\\\/www.lifenatura.com\\\/es\\\/#\\\/schema\\\/logo\\\/image\\\/\",\"url\":\"https:\\\/\\\/www.lifenatura.com\\\/wp-content\\\/uploads\\\/2021\\\/07\\\/logo.png\",\"contentUrl\":\"https:\\\/\\\/www.lifenatura.com\\\/wp-content\\\/uploads\\\/2021\\\/07\\\/logo.png\",\"width\":175,\"height\":55,\"caption\":\"Lifenatura\"},\"image\":{\"@id\":\"https:\\\/\\\/www.lifenatura.com\\\/es\\\/#\\\/schema\\\/logo\\\/image\\\/\"},\"sameAs\":[\"https:\\\/\\\/www.facebook.com\\\/lifenatura\",\"https:\\\/\\\/www.instagram.com\\\/lifenaturapt\\\/\"],\"hasMerchantReturnPolicy\":{\"@type\":\"MerchantReturnPolicy\",\"merchantReturnLink\":\"https:\\\/\\\/www.lifenatura.com\\\/termos-condicoes-lifenatura\\\/\"}}]}<\/script>\n<meta property=\"product:price:amount\" content=\"66.88\" \/>\n<meta property=\"product:price:currency\" content=\"EUR\" \/>\n<meta property=\"og:availability\" content=\"instock\" \/>\n<meta property=\"product:availability\" content=\"instock\" \/>\n<meta property=\"product:retailer_item_id\" content=\"5605481612114\" \/>\n<meta property=\"product:condition\" content=\"new\" \/>\n<!-- \/ Yoast SEO Premium plugin. -->","yoast_head_json":{"title":"Barritas Proteicas Chocolate e Avellana Allpura - Lifenatura","description":"La barra de prote\u00ednas de chocolate y avellana Allpura\u00ae contiene prote\u00ednas que contribuyen al mantenimiento y crecimiento de la masa muscular.","robots":{"index":"index","follow":"follow","max-snippet":"max-snippet:-1","max-image-preview":"max-image-preview:large","max-video-preview":"max-video-preview:-1"},"canonical":"https:\/\/www.lifenatura.com\/es\/produto\/caja-de-barritas-proteicas-chocolate-e-avellana-30-unidades-allpura\/","og_locale":"es_ES","og_type":"article","og_title":"Barritas Proteicas Chocolate e Avellana 24 unidades - Allpura - Na Lifenatura ao Melhor Pre\u00e7o | Envio 48h","og_description":"Compre Barritas Proteicas Chocolate e Avellana 24 unidades - Allpura com envio r\u00e1pido. Entrega em 48h e portes gr\u00e1tis em compras >35\u20ac. Aproveite j\u00e1 na Lifenatura","og_url":"https:\/\/www.lifenatura.com\/es\/produto\/caja-de-barritas-proteicas-chocolate-e-avellana-30-unidades-allpura\/","og_site_name":"Lifenatura","article_publisher":"https:\/\/www.facebook.com\/lifenatura","article_modified_time":"2026-01-14T08:14:29+00:00","og_image":[{"width":1000,"height":1000,"url":"https:\/\/www.lifenatura.com\/wp-content\/uploads\/2022\/06\/barras-proteica-chocolate-avela\u0303-allpura.jpg","type":"image\/jpeg"}],"twitter_card":"summary_large_image","twitter_misc":{"Precio":"66,88&nbsp;&euro;","Disponibilidad":"Disponible"},"schema":{"@context":"https:\/\/schema.org","@graph":[{"@type":"WebPage","@id":"https:\/\/www.lifenatura.com\/es\/produto\/caja-de-barritas-proteicas-chocolate-e-avellana-30-unidades-allpura\/","url":"https:\/\/www.lifenatura.com\/es\/produto\/caja-de-barritas-proteicas-chocolate-e-avellana-30-unidades-allpura\/","name":"Barritas Proteicas Chocolate e Avellana Allpura - Lifenatura","isPartOf":{"@id":"https:\/\/www.lifenatura.com\/es\/#website"},"primaryImageOfPage":{"@id":"https:\/\/www.lifenatura.com\/es\/produto\/caja-de-barritas-proteicas-chocolate-e-avellana-30-unidades-allpura\/#primaryimage"},"image":{"@id":"https:\/\/www.lifenatura.com\/es\/produto\/caja-de-barritas-proteicas-chocolate-e-avellana-30-unidades-allpura\/#primaryimage"},"thumbnailUrl":"https:\/\/www.lifenatura.com\/wp-content\/uploads\/2022\/06\/barras-proteica-chocolate-avela\u0303-allpura.jpg","datePublished":"2022-06-01T00:00:00+00:00","dateModified":"2026-01-14T08:14:29+00:00","description":"La barra de prote\u00ednas de chocolate y avellana Allpura\u00ae contiene prote\u00ednas que contribuyen al mantenimiento y crecimiento de la masa muscular.","breadcrumb":{"@id":"https:\/\/www.lifenatura.com\/es\/produto\/caja-de-barritas-proteicas-chocolate-e-avellana-30-unidades-allpura\/#breadcrumb"},"inLanguage":"es","potentialAction":[{"@type":"ReadAction","target":["https:\/\/www.lifenatura.com\/es\/produto\/caja-de-barritas-proteicas-chocolate-e-avellana-30-unidades-allpura\/"]}]},{"@type":"ImageObject","inLanguage":"es","@id":"https:\/\/www.lifenatura.com\/es\/produto\/caja-de-barritas-proteicas-chocolate-e-avellana-30-unidades-allpura\/#primaryimage","url":"https:\/\/www.lifenatura.com\/wp-content\/uploads\/2022\/06\/barras-proteica-chocolate-avela\u0303-allpura.jpg","contentUrl":"https:\/\/www.lifenatura.com\/wp-content\/uploads\/2022\/06\/barras-proteica-chocolate-avela\u0303-allpura.jpg","width":1000,"height":1000,"caption":"barra protieca de chocolate e avel\u00e3 da allpura"},{"@type":"BreadcrumbList","@id":"https:\/\/www.lifenatura.com\/es\/produto\/caja-de-barritas-proteicas-chocolate-e-avellana-30-unidades-allpura\/#breadcrumb","itemListElement":[{"@type":"ListItem","position":1,"name":"In\u00edcio","item":"https:\/\/www.lifenatura.com\/es\/"},{"@type":"ListItem","position":2,"name":"Todos los Productos","item":"https:\/\/www.lifenatura.com\/es\/tienda\/"},{"@type":"ListItem","position":3,"name":"Barritas Proteicas Chocolate e Avellana 24 unidades &#8211; Allpura"}]},{"@type":"WebSite","@id":"https:\/\/www.lifenatura.com\/es\/#website","url":"https:\/\/www.lifenatura.com\/es\/","name":"Lifenatura","description":"A Lifenatura \u00e9 uma loja de produtos naturais, cosm\u00e9tica natural e alimenta\u00e7\u00e3o Biol\u00f3gica.","publisher":{"@id":"https:\/\/www.lifenatura.com\/es\/#organization"},"potentialAction":[{"@type":"SearchAction","target":{"@type":"EntryPoint","urlTemplate":"https:\/\/www.lifenatura.com\/es\/?s={search_term_string}"},"query-input":{"@type":"PropertyValueSpecification","valueRequired":true,"valueName":"search_term_string"}}],"inLanguage":"es"},{"@type":"Organization","@id":"https:\/\/www.lifenatura.com\/es\/#organization","name":"Lifenatura","url":"https:\/\/www.lifenatura.com\/es\/","logo":{"@type":"ImageObject","inLanguage":"es","@id":"https:\/\/www.lifenatura.com\/es\/#\/schema\/logo\/image\/","url":"https:\/\/www.lifenatura.com\/wp-content\/uploads\/2021\/07\/logo.png","contentUrl":"https:\/\/www.lifenatura.com\/wp-content\/uploads\/2021\/07\/logo.png","width":175,"height":55,"caption":"Lifenatura"},"image":{"@id":"https:\/\/www.lifenatura.com\/es\/#\/schema\/logo\/image\/"},"sameAs":["https:\/\/www.facebook.com\/lifenatura","https:\/\/www.instagram.com\/lifenaturapt\/"],"hasMerchantReturnPolicy":{"@type":"MerchantReturnPolicy","merchantReturnLink":"https:\/\/www.lifenatura.com\/termos-condicoes-lifenatura\/"}}]},"product_price_amount":"66.88","product_price_currency":"EUR","og_availability":"instock","product_availability":"instock","product_retailer_item_id":"5605481612114","product_condition":"new"},"df_price":66.88,"df_sale_price":"","df_regular_price":66.88,"df_image_link":"https:\/\/www.lifenatura.com\/wp-content\/uploads\/2022\/06\/barras-proteica-chocolate-avela\u0303-allpura-300x300.jpg","_links":{"self":[{"href":"https:\/\/www.lifenatura.com\/es\/wp-json\/wp\/v2\/product\/35555","targetHints":{"allow":["GET"]}}],"collection":[{"href":"https:\/\/www.lifenatura.com\/es\/wp-json\/wp\/v2\/product"}],"about":[{"href":"https:\/\/www.lifenatura.com\/es\/wp-json\/wp\/v2\/types\/product"}],"wp:featuredmedia":[{"embeddable":true,"href":"https:\/\/www.lifenatura.com\/es\/wp-json\/wp\/v2\/media\/51660"}],"wp:attachment":[{"href":"https:\/\/www.lifenatura.com\/es\/wp-json\/wp\/v2\/media?parent=35555"}],"wp:term":[{"taxonomy":"product_brand","embeddable":true,"href":"https:\/\/www.lifenatura.com\/es\/wp-json\/wp\/v2\/product_brand?post=35555"},{"taxonomy":"product_cat","embeddable":true,"href":"https:\/\/www.lifenatura.com\/es\/wp-json\/wp\/v2\/product_cat?post=35555"},{"taxonomy":"product_tag","embeddable":true,"href":"https:\/\/www.lifenatura.com\/es\/wp-json\/wp\/v2\/product_tag?post=35555"}],"curies":[{"name":"wp","href":"https:\/\/api.w.org\/{rel}","templated":true}]}}