{"id":35542,"date":"2022-06-01T00:00:00","date_gmt":"2022-06-01T00:00:00","guid":{"rendered":"https:\/\/lifenatura.dev.agenciagetdigital.com\/produto\/gelatina-frutos-vermelhos-con-stevia-allpura\/"},"modified":"2026-01-14T08:14:28","modified_gmt":"2026-01-14T08:14:28","slug":"gelatina-frutos-vermelhos-con-stevia-allpura","status":"publish","type":"product","link":"https:\/\/www.lifenatura.com\/es\/produto\/gelatina-frutos-vermelhos-con-stevia-allpura\/","title":{"rendered":"Gelatina Frutos Rojos con Stevia &#8211; Allpura"},"content":{"rendered":"<h2 style=\"text-align: left\"><strong>Gelatina con St\u00e9via sabor frutos rojos <\/strong><\/h2>\n<p>&nbsp;<\/p>\n<p>La Gelatina Stevia AllPura por sus caracter\u00edsticas hiperproteicas es una alternativa pr\u00e1ctica y sana como alimento en el intervalo de las principales comidas o como postre. Contiene prote\u00ednas que contribuyen al mantenimiento y crecimiento de la masa muscular.<\/p>\n<p>Un sobre, debido al alto contenido de prote\u00ednas, proporciona la cantidad diaria necesaria para producir los efectos ben\u00e9ficos alegados, siendo una excelente elecci\u00f3n para las dietas, en particular con el apoyo de nutricionistas y dietistas.<\/p>\n<p><strong>PRESENTACI\u00d3N <\/strong><\/p>\n<p>2 Bolsitas de 15g<\/p>\n<p>&nbsp;<\/p>\n","protected":false},"excerpt":{"rendered":"<p>La Gelatina con Stevia sabor a Frutos Rojos AllPura por sus caracter\u00edsticas hiperproteicas es una alternativa pr\u00e1ctica y sana. [&#8230;]<\/p>\n<p><a class=\"btn btn-secondary understrap-read-more-link\" href=\"https:\/\/www.lifenatura.com\/es\/produto\/gelatina-frutos-vermelhos-con-stevia-allpura\/\">Leer m\u00e1s&#8230;<span class=\"screen-reader-text\"> from Gelatina Frutos Rojos con Stevia &#8211; Allpura<\/span><\/a><\/p>\n","protected":false},"featured_media":51609,"template":"","meta":{"_acf_changed":false},"product_brand":[8292],"product_cat":[7064,7087,7074],"product_tag":[],"class_list":{"0":"post-35542","1":"product","2":"type-product","3":"status-publish","4":"has-post-thumbnail","6":"product_brand-all-pura","7":"product_cat-alimentacion-sana","8":"product_cat-gelatina-sin-azucar","9":"product_cat-productos-alimenticios","10":"pa_caracteristicas-sin-azucares-anadidos","12":"first","13":"instock","14":"featured","15":"shipping-taxable","16":"purchasable","17":"product-type-simple","18":"add-to-wishlist-before_image"},"acf":[],"yoast_head":"<!-- This site is optimized with the Yoast SEO Premium plugin v27.1 (Yoast SEO v27.5) - https:\/\/yoast.com\/product\/yoast-seo-premium-wordpress\/ -->\n<title>Gelatina Frutos Vermelhos con Stevia - Allpura<\/title>\n<meta name=\"description\" content=\"La Gelatina con Stevia sabor a Frutos Rojos AllPura por sus caracter\u00edsticas hiperproteicas es una alternativa pr\u00e1ctica y sana.\" \/>\n<meta name=\"robots\" content=\"index, follow, max-snippet:-1, max-image-preview:large, max-video-preview:-1\" \/>\n<link rel=\"canonical\" href=\"https:\/\/www.lifenatura.com\/es\/produto\/gelatina-frutos-vermelhos-con-stevia-allpura\/\" \/>\n<meta property=\"og:locale\" content=\"es_ES\" \/>\n<meta property=\"og:type\" content=\"article\" \/>\n<meta property=\"og:title\" content=\"Gelatina Frutos Rojos con Stevia - Allpura - Na Lifenatura ao Melhor Pre\u00e7o | Envio 48h\" \/>\n<meta property=\"og:description\" content=\"Compre Gelatina Frutos Rojos con Stevia - Allpura com envio r\u00e1pido. Entrega em 48h e portes gr\u00e1tis em compras &gt;35\u20ac. Aproveite j\u00e1 na Lifenatura\" \/>\n<meta property=\"og:url\" content=\"https:\/\/www.lifenatura.com\/es\/produto\/gelatina-frutos-vermelhos-con-stevia-allpura\/\" \/>\n<meta property=\"og:site_name\" content=\"Lifenatura\" \/>\n<meta property=\"article:publisher\" content=\"https:\/\/www.facebook.com\/lifenatura\" \/>\n<meta property=\"article:modified_time\" content=\"2026-01-14T08:14:28+00:00\" \/>\n<meta property=\"og:image\" content=\"https:\/\/www.lifenatura.com\/wp-content\/uploads\/2022\/06\/Gelatina-Frutos-Vermelhos-Stevia-allpura-.jpg\" \/>\n\t<meta property=\"og:image:width\" content=\"1000\" \/>\n\t<meta property=\"og:image:height\" content=\"1000\" \/>\n\t<meta property=\"og:image:type\" content=\"image\/jpeg\" \/>\n<meta name=\"twitter:card\" content=\"summary_large_image\" \/>\n<meta name=\"twitter:label1\" content=\"Precio\" \/>\n\t<meta name=\"twitter:data1\" content=\"2,44&nbsp;&euro;\" \/>\n\t<meta name=\"twitter:label2\" content=\"Disponibilidad\" \/>\n\t<meta name=\"twitter:data2\" content=\"Disponible\" \/>\n<script type=\"application\/ld+json\" class=\"yoast-schema-graph\">{\"@context\":\"https:\\\/\\\/schema.org\",\"@graph\":[{\"@type\":\"WebPage\",\"@id\":\"https:\\\/\\\/www.lifenatura.com\\\/es\\\/produto\\\/gelatina-frutos-vermelhos-con-stevia-allpura\\\/\",\"url\":\"https:\\\/\\\/www.lifenatura.com\\\/es\\\/produto\\\/gelatina-frutos-vermelhos-con-stevia-allpura\\\/\",\"name\":\"Gelatina Frutos Vermelhos con Stevia - Allpura\",\"isPartOf\":{\"@id\":\"https:\\\/\\\/www.lifenatura.com\\\/es\\\/#website\"},\"primaryImageOfPage\":{\"@id\":\"https:\\\/\\\/www.lifenatura.com\\\/es\\\/produto\\\/gelatina-frutos-vermelhos-con-stevia-allpura\\\/#primaryimage\"},\"image\":{\"@id\":\"https:\\\/\\\/www.lifenatura.com\\\/es\\\/produto\\\/gelatina-frutos-vermelhos-con-stevia-allpura\\\/#primaryimage\"},\"thumbnailUrl\":\"https:\\\/\\\/www.lifenatura.com\\\/wp-content\\\/uploads\\\/2022\\\/06\\\/Gelatina-Frutos-Vermelhos-Stevia-allpura-.jpg\",\"datePublished\":\"2022-06-01T00:00:00+00:00\",\"dateModified\":\"2026-01-14T08:14:28+00:00\",\"description\":\"La Gelatina con Stevia sabor a Frutos Rojos AllPura por sus caracter\u00edsticas hiperproteicas es una alternativa pr\u00e1ctica y sana.\",\"breadcrumb\":{\"@id\":\"https:\\\/\\\/www.lifenatura.com\\\/es\\\/produto\\\/gelatina-frutos-vermelhos-con-stevia-allpura\\\/#breadcrumb\"},\"inLanguage\":\"es\",\"potentialAction\":[{\"@type\":\"ReadAction\",\"target\":[\"https:\\\/\\\/www.lifenatura.com\\\/es\\\/produto\\\/gelatina-frutos-vermelhos-con-stevia-allpura\\\/\"]}]},{\"@type\":\"ImageObject\",\"inLanguage\":\"es\",\"@id\":\"https:\\\/\\\/www.lifenatura.com\\\/es\\\/produto\\\/gelatina-frutos-vermelhos-con-stevia-allpura\\\/#primaryimage\",\"url\":\"https:\\\/\\\/www.lifenatura.com\\\/wp-content\\\/uploads\\\/2022\\\/06\\\/Gelatina-Frutos-Vermelhos-Stevia-allpura-.jpg\",\"contentUrl\":\"https:\\\/\\\/www.lifenatura.com\\\/wp-content\\\/uploads\\\/2022\\\/06\\\/Gelatina-Frutos-Vermelhos-Stevia-allpura-.jpg\",\"width\":1000,\"height\":1000,\"caption\":\"gelatina frutos vermelhos allpura\"},{\"@type\":\"BreadcrumbList\",\"@id\":\"https:\\\/\\\/www.lifenatura.com\\\/es\\\/produto\\\/gelatina-frutos-vermelhos-con-stevia-allpura\\\/#breadcrumb\",\"itemListElement\":[{\"@type\":\"ListItem\",\"position\":1,\"name\":\"In\u00edcio\",\"item\":\"https:\\\/\\\/www.lifenatura.com\\\/es\\\/\"},{\"@type\":\"ListItem\",\"position\":2,\"name\":\"Todos los Productos\",\"item\":\"https:\\\/\\\/www.lifenatura.com\\\/es\\\/tienda\\\/\"},{\"@type\":\"ListItem\",\"position\":3,\"name\":\"Gelatina Frutos Rojos con Stevia &#8211; Allpura\"}]},{\"@type\":\"WebSite\",\"@id\":\"https:\\\/\\\/www.lifenatura.com\\\/es\\\/#website\",\"url\":\"https:\\\/\\\/www.lifenatura.com\\\/es\\\/\",\"name\":\"Lifenatura\",\"description\":\"A Lifenatura \u00e9 uma loja de produtos naturais, cosm\u00e9tica natural e alimenta\u00e7\u00e3o Biol\u00f3gica.\",\"publisher\":{\"@id\":\"https:\\\/\\\/www.lifenatura.com\\\/es\\\/#organization\"},\"potentialAction\":[{\"@type\":\"SearchAction\",\"target\":{\"@type\":\"EntryPoint\",\"urlTemplate\":\"https:\\\/\\\/www.lifenatura.com\\\/es\\\/?s={search_term_string}\"},\"query-input\":{\"@type\":\"PropertyValueSpecification\",\"valueRequired\":true,\"valueName\":\"search_term_string\"}}],\"inLanguage\":\"es\"},{\"@type\":\"Organization\",\"@id\":\"https:\\\/\\\/www.lifenatura.com\\\/es\\\/#organization\",\"name\":\"Lifenatura\",\"url\":\"https:\\\/\\\/www.lifenatura.com\\\/es\\\/\",\"logo\":{\"@type\":\"ImageObject\",\"inLanguage\":\"es\",\"@id\":\"https:\\\/\\\/www.lifenatura.com\\\/es\\\/#\\\/schema\\\/logo\\\/image\\\/\",\"url\":\"https:\\\/\\\/www.lifenatura.com\\\/wp-content\\\/uploads\\\/2021\\\/07\\\/logo.png\",\"contentUrl\":\"https:\\\/\\\/www.lifenatura.com\\\/wp-content\\\/uploads\\\/2021\\\/07\\\/logo.png\",\"width\":175,\"height\":55,\"caption\":\"Lifenatura\"},\"image\":{\"@id\":\"https:\\\/\\\/www.lifenatura.com\\\/es\\\/#\\\/schema\\\/logo\\\/image\\\/\"},\"sameAs\":[\"https:\\\/\\\/www.facebook.com\\\/lifenatura\",\"https:\\\/\\\/www.instagram.com\\\/lifenaturapt\\\/\"],\"hasMerchantReturnPolicy\":{\"@type\":\"MerchantReturnPolicy\",\"merchantReturnLink\":\"https:\\\/\\\/www.lifenatura.com\\\/termos-condicoes-lifenatura\\\/\"}}]}<\/script>\n<meta property=\"product:price:amount\" content=\"2.44\" \/>\n<meta property=\"product:price:currency\" content=\"EUR\" \/>\n<meta property=\"og:availability\" content=\"instock\" \/>\n<meta property=\"product:availability\" content=\"instock\" \/>\n<meta property=\"product:retailer_item_id\" content=\"5605481612008\" \/>\n<meta property=\"product:condition\" content=\"new\" \/>\n<!-- \/ Yoast SEO Premium plugin. -->","yoast_head_json":{"title":"Gelatina Frutos Vermelhos con Stevia - Allpura","description":"La Gelatina con Stevia sabor a Frutos Rojos AllPura por sus caracter\u00edsticas hiperproteicas es una alternativa pr\u00e1ctica y sana.","robots":{"index":"index","follow":"follow","max-snippet":"max-snippet:-1","max-image-preview":"max-image-preview:large","max-video-preview":"max-video-preview:-1"},"canonical":"https:\/\/www.lifenatura.com\/es\/produto\/gelatina-frutos-vermelhos-con-stevia-allpura\/","og_locale":"es_ES","og_type":"article","og_title":"Gelatina Frutos Rojos con Stevia - Allpura - Na Lifenatura ao Melhor Pre\u00e7o | Envio 48h","og_description":"Compre Gelatina Frutos Rojos con Stevia - Allpura com envio r\u00e1pido. Entrega em 48h e portes gr\u00e1tis em compras >35\u20ac. Aproveite j\u00e1 na Lifenatura","og_url":"https:\/\/www.lifenatura.com\/es\/produto\/gelatina-frutos-vermelhos-con-stevia-allpura\/","og_site_name":"Lifenatura","article_publisher":"https:\/\/www.facebook.com\/lifenatura","article_modified_time":"2026-01-14T08:14:28+00:00","og_image":[{"width":1000,"height":1000,"url":"https:\/\/www.lifenatura.com\/wp-content\/uploads\/2022\/06\/Gelatina-Frutos-Vermelhos-Stevia-allpura-.jpg","type":"image\/jpeg"}],"twitter_card":"summary_large_image","twitter_misc":{"Precio":"2,44&nbsp;&euro;","Disponibilidad":"Disponible"},"schema":{"@context":"https:\/\/schema.org","@graph":[{"@type":"WebPage","@id":"https:\/\/www.lifenatura.com\/es\/produto\/gelatina-frutos-vermelhos-con-stevia-allpura\/","url":"https:\/\/www.lifenatura.com\/es\/produto\/gelatina-frutos-vermelhos-con-stevia-allpura\/","name":"Gelatina Frutos Vermelhos con Stevia - Allpura","isPartOf":{"@id":"https:\/\/www.lifenatura.com\/es\/#website"},"primaryImageOfPage":{"@id":"https:\/\/www.lifenatura.com\/es\/produto\/gelatina-frutos-vermelhos-con-stevia-allpura\/#primaryimage"},"image":{"@id":"https:\/\/www.lifenatura.com\/es\/produto\/gelatina-frutos-vermelhos-con-stevia-allpura\/#primaryimage"},"thumbnailUrl":"https:\/\/www.lifenatura.com\/wp-content\/uploads\/2022\/06\/Gelatina-Frutos-Vermelhos-Stevia-allpura-.jpg","datePublished":"2022-06-01T00:00:00+00:00","dateModified":"2026-01-14T08:14:28+00:00","description":"La Gelatina con Stevia sabor a Frutos Rojos AllPura por sus caracter\u00edsticas hiperproteicas es una alternativa pr\u00e1ctica y sana.","breadcrumb":{"@id":"https:\/\/www.lifenatura.com\/es\/produto\/gelatina-frutos-vermelhos-con-stevia-allpura\/#breadcrumb"},"inLanguage":"es","potentialAction":[{"@type":"ReadAction","target":["https:\/\/www.lifenatura.com\/es\/produto\/gelatina-frutos-vermelhos-con-stevia-allpura\/"]}]},{"@type":"ImageObject","inLanguage":"es","@id":"https:\/\/www.lifenatura.com\/es\/produto\/gelatina-frutos-vermelhos-con-stevia-allpura\/#primaryimage","url":"https:\/\/www.lifenatura.com\/wp-content\/uploads\/2022\/06\/Gelatina-Frutos-Vermelhos-Stevia-allpura-.jpg","contentUrl":"https:\/\/www.lifenatura.com\/wp-content\/uploads\/2022\/06\/Gelatina-Frutos-Vermelhos-Stevia-allpura-.jpg","width":1000,"height":1000,"caption":"gelatina frutos vermelhos allpura"},{"@type":"BreadcrumbList","@id":"https:\/\/www.lifenatura.com\/es\/produto\/gelatina-frutos-vermelhos-con-stevia-allpura\/#breadcrumb","itemListElement":[{"@type":"ListItem","position":1,"name":"In\u00edcio","item":"https:\/\/www.lifenatura.com\/es\/"},{"@type":"ListItem","position":2,"name":"Todos los Productos","item":"https:\/\/www.lifenatura.com\/es\/tienda\/"},{"@type":"ListItem","position":3,"name":"Gelatina Frutos Rojos con Stevia &#8211; Allpura"}]},{"@type":"WebSite","@id":"https:\/\/www.lifenatura.com\/es\/#website","url":"https:\/\/www.lifenatura.com\/es\/","name":"Lifenatura","description":"A Lifenatura \u00e9 uma loja de produtos naturais, cosm\u00e9tica natural e alimenta\u00e7\u00e3o Biol\u00f3gica.","publisher":{"@id":"https:\/\/www.lifenatura.com\/es\/#organization"},"potentialAction":[{"@type":"SearchAction","target":{"@type":"EntryPoint","urlTemplate":"https:\/\/www.lifenatura.com\/es\/?s={search_term_string}"},"query-input":{"@type":"PropertyValueSpecification","valueRequired":true,"valueName":"search_term_string"}}],"inLanguage":"es"},{"@type":"Organization","@id":"https:\/\/www.lifenatura.com\/es\/#organization","name":"Lifenatura","url":"https:\/\/www.lifenatura.com\/es\/","logo":{"@type":"ImageObject","inLanguage":"es","@id":"https:\/\/www.lifenatura.com\/es\/#\/schema\/logo\/image\/","url":"https:\/\/www.lifenatura.com\/wp-content\/uploads\/2021\/07\/logo.png","contentUrl":"https:\/\/www.lifenatura.com\/wp-content\/uploads\/2021\/07\/logo.png","width":175,"height":55,"caption":"Lifenatura"},"image":{"@id":"https:\/\/www.lifenatura.com\/es\/#\/schema\/logo\/image\/"},"sameAs":["https:\/\/www.facebook.com\/lifenatura","https:\/\/www.instagram.com\/lifenaturapt\/"],"hasMerchantReturnPolicy":{"@type":"MerchantReturnPolicy","merchantReturnLink":"https:\/\/www.lifenatura.com\/termos-condicoes-lifenatura\/"}}]},"product_price_amount":"2.44","product_price_currency":"EUR","og_availability":"instock","product_availability":"instock","product_retailer_item_id":"5605481612008","product_condition":"new"},"df_price":2.44,"df_sale_price":"","df_regular_price":2.44,"df_image_link":"https:\/\/www.lifenatura.com\/wp-content\/uploads\/2022\/06\/Gelatina-Frutos-Vermelhos-Stevia-allpura--300x300.jpg","_links":{"self":[{"href":"https:\/\/www.lifenatura.com\/es\/wp-json\/wp\/v2\/product\/35542","targetHints":{"allow":["GET"]}}],"collection":[{"href":"https:\/\/www.lifenatura.com\/es\/wp-json\/wp\/v2\/product"}],"about":[{"href":"https:\/\/www.lifenatura.com\/es\/wp-json\/wp\/v2\/types\/product"}],"wp:featuredmedia":[{"embeddable":true,"href":"https:\/\/www.lifenatura.com\/es\/wp-json\/wp\/v2\/media\/51609"}],"wp:attachment":[{"href":"https:\/\/www.lifenatura.com\/es\/wp-json\/wp\/v2\/media?parent=35542"}],"wp:term":[{"taxonomy":"product_brand","embeddable":true,"href":"https:\/\/www.lifenatura.com\/es\/wp-json\/wp\/v2\/product_brand?post=35542"},{"taxonomy":"product_cat","embeddable":true,"href":"https:\/\/www.lifenatura.com\/es\/wp-json\/wp\/v2\/product_cat?post=35542"},{"taxonomy":"product_tag","embeddable":true,"href":"https:\/\/www.lifenatura.com\/es\/wp-json\/wp\/v2\/product_tag?post=35542"}],"curies":[{"name":"wp","href":"https:\/\/api.w.org\/{rel}","templated":true}]}}