{"id":35502,"date":"2022-05-20T15:54:06","date_gmt":"2022-05-20T15:54:06","guid":{"rendered":"https:\/\/lifenatura.dev.agenciagetdigital.com\/produto\/adelgaslim-cell-pack-emagrecimento-anticelulitico\/"},"modified":"2026-03-29T11:49:44","modified_gmt":"2026-03-29T11:49:44","slug":"adelgaslim-cell-pack-emagrecimento-anticelulitico","status":"publish","type":"product","link":"https:\/\/www.lifenatura.com\/es\/produto\/adelgaslim-cell-pack-emagrecimento-anticelulitico\/","title":{"rendered":"AdelgaSlim + Cell Pack Emagrecimento Anticelul\u00edtico"},"content":{"rendered":"<h2 style=\"text-align: left;\"><strong>Pack anticelul\u00edtico m\u00e1s quemagrasas <\/strong><\/h2>\n<p>&nbsp;<\/p>\n<p>Este pack espec\u00edfico para quienes quieren quemar grasa en la zona abdominal y adem\u00e1s reducir la celulitis, por eso a\u00f1adimos la nueva crema de noche Adelgacell m\u00e1s Adelgaslim barriga zero.<\/p>\n<p>Adelgaslim barriga zero es el nuevo producto adelgazante de Dietmed, est\u00e1 compuesto por ingredientes naturales y tiene como objetivo acelerar el metabolismo para quemar grasas r\u00e1pidamente.<\/p>\n<p>Adelgacell crema intensivo noche es una crema anticelul\u00edtica que ayuda a reducir la celulitis visible, as\u00ed como las imperfecciones cut\u00e1neas provocadas por los dep\u00f3sitos de grasa. La combinaci\u00f3n de estos dos productos tiene una eficiencia muy alta con resultados obtenidos m\u00e1s r\u00e1pidamente.<\/p>\n<p><strong>PRESENTACI\u00d3N<\/strong><\/p>\n<p>500ml + 30 c\u00e1psulas<\/p>\n<p>&nbsp;<\/p>\n","protected":false},"excerpt":{"rendered":"<p>Pack Adelgaslim + Adelgacell para ayudar a reducir la celulitis y quemar grasa en la zona abdominal. [&#8230;]<\/p>\n<p><a class=\"btn btn-secondary understrap-read-more-link\" href=\"https:\/\/www.lifenatura.com\/es\/produto\/adelgaslim-cell-pack-emagrecimento-anticelulitico\/\">Leer m\u00e1s&#8230;<span class=\"screen-reader-text\"> from AdelgaSlim + Cell Pack Emagrecimento Anticelul\u00edtico<\/span><\/a><\/p>\n","protected":false},"featured_media":49959,"template":"","meta":{"_acf_changed":false},"product_brand":[8280],"product_cat":[7264,7190,7192,7263,7195,7179],"product_tag":[],"class_list":{"0":"post-35502","1":"product","2":"type-product","3":"status-publish","4":"has-post-thumbnail","6":"product_brand-adelgaslim","7":"product_cat-adelgaslim-packs-salud","8":"product_cat-adelgazar","9":"product_cat-celulitis","10":"product_cat-packs-de-salud","11":"product_cat-quemagrasas","12":"product_cat-salud","14":"first","15":"instock","16":"sale","17":"shipping-taxable","18":"purchasable","19":"product-type-woosb","20":"add-to-wishlist-before_image"},"acf":[],"yoast_head":"<!-- This site is optimized with the Yoast SEO Premium plugin v27.1 (Yoast SEO v27.5) - https:\/\/yoast.com\/product\/yoast-seo-premium-wordpress\/ -->\n<title>AdelgaSlim + Cell Pack Emagrecimento Anticelul\u00edtico<\/title>\n<meta name=\"description\" content=\"Este pack espec\u00edfico para quemar grasa en la zona abdominal y adem\u00e1s reducir la celulitis. Este pack esta indicado a mujeres.\" \/>\n<meta name=\"robots\" content=\"index, follow, max-snippet:-1, max-image-preview:large, max-video-preview:-1\" \/>\n<link rel=\"canonical\" href=\"https:\/\/www.lifenatura.com\/es\/produto\/adelgaslim-cell-pack-emagrecimento-anticelulitico\/\" \/>\n<meta property=\"og:locale\" content=\"es_ES\" \/>\n<meta property=\"og:type\" content=\"article\" \/>\n<meta property=\"og:title\" content=\"AdelgaSlim + Cell Pack Emagrecimento Anticelul\u00edtico - Na Lifenatura ao Melhor Pre\u00e7o | Envio 48h\" \/>\n<meta property=\"og:description\" content=\"Compre AdelgaSlim + Cell Pack Emagrecimento Anticelul\u00edtico com envio r\u00e1pido. Entrega em 48h e portes gr\u00e1tis em compras &gt;35\u20ac. Aproveite j\u00e1 na Lifenatura\" \/>\n<meta property=\"og:url\" content=\"https:\/\/www.lifenatura.com\/es\/produto\/adelgaslim-cell-pack-emagrecimento-anticelulitico\/\" \/>\n<meta property=\"og:site_name\" content=\"Lifenatura\" \/>\n<meta property=\"article:publisher\" content=\"https:\/\/www.facebook.com\/lifenatura\" \/>\n<meta property=\"article:modified_time\" content=\"2026-03-29T11:49:44+00:00\" \/>\n<meta property=\"og:image\" content=\"https:\/\/www.lifenatura.com\/wp-content\/uploads\/2022\/05\/adelgaslim-pack-creme-noite-barriga-zero.jpg\" \/>\n\t<meta property=\"og:image:width\" content=\"1000\" \/>\n\t<meta property=\"og:image:height\" content=\"1000\" \/>\n\t<meta property=\"og:image:type\" content=\"image\/jpeg\" \/>\n<meta name=\"twitter:card\" content=\"summary_large_image\" \/>\n<meta name=\"twitter:label1\" content=\"Precio\" \/>\n\t<meta name=\"twitter:data1\" content=\"43,55&nbsp;&euro;\" \/>\n\t<meta name=\"twitter:label2\" content=\"Disponibilidad\" \/>\n\t<meta name=\"twitter:data2\" content=\"Disponible\" \/>\n<script type=\"application\/ld+json\" class=\"yoast-schema-graph\">{\"@context\":\"https:\\\/\\\/schema.org\",\"@graph\":[{\"@type\":\"WebPage\",\"@id\":\"https:\\\/\\\/www.lifenatura.com\\\/es\\\/produto\\\/adelgaslim-cell-pack-emagrecimento-anticelulitico\\\/\",\"url\":\"https:\\\/\\\/www.lifenatura.com\\\/es\\\/produto\\\/adelgaslim-cell-pack-emagrecimento-anticelulitico\\\/\",\"name\":\"AdelgaSlim + Cell Pack Emagrecimento Anticelul\u00edtico\",\"isPartOf\":{\"@id\":\"https:\\\/\\\/www.lifenatura.com\\\/es\\\/#website\"},\"primaryImageOfPage\":{\"@id\":\"https:\\\/\\\/www.lifenatura.com\\\/es\\\/produto\\\/adelgaslim-cell-pack-emagrecimento-anticelulitico\\\/#primaryimage\"},\"image\":{\"@id\":\"https:\\\/\\\/www.lifenatura.com\\\/es\\\/produto\\\/adelgaslim-cell-pack-emagrecimento-anticelulitico\\\/#primaryimage\"},\"thumbnailUrl\":\"https:\\\/\\\/www.lifenatura.com\\\/wp-content\\\/uploads\\\/2022\\\/05\\\/adelgaslim-pack-creme-noite-barriga-zero.jpg\",\"datePublished\":\"2022-05-20T15:54:06+00:00\",\"dateModified\":\"2026-03-29T11:49:44+00:00\",\"description\":\"Este pack espec\u00edfico para quemar grasa en la zona abdominal y adem\u00e1s reducir la celulitis. Este pack esta indicado a mujeres.\",\"breadcrumb\":{\"@id\":\"https:\\\/\\\/www.lifenatura.com\\\/es\\\/produto\\\/adelgaslim-cell-pack-emagrecimento-anticelulitico\\\/#breadcrumb\"},\"inLanguage\":\"es\",\"potentialAction\":[{\"@type\":\"ReadAction\",\"target\":[\"https:\\\/\\\/www.lifenatura.com\\\/es\\\/produto\\\/adelgaslim-cell-pack-emagrecimento-anticelulitico\\\/\"]}]},{\"@type\":\"ImageObject\",\"inLanguage\":\"es\",\"@id\":\"https:\\\/\\\/www.lifenatura.com\\\/es\\\/produto\\\/adelgaslim-cell-pack-emagrecimento-anticelulitico\\\/#primaryimage\",\"url\":\"https:\\\/\\\/www.lifenatura.com\\\/wp-content\\\/uploads\\\/2022\\\/05\\\/adelgaslim-pack-creme-noite-barriga-zero.jpg\",\"contentUrl\":\"https:\\\/\\\/www.lifenatura.com\\\/wp-content\\\/uploads\\\/2022\\\/05\\\/adelgaslim-pack-creme-noite-barriga-zero.jpg\",\"width\":1000,\"height\":1000,\"caption\":\"Pack adelgacell mais adelgaslim\"},{\"@type\":\"BreadcrumbList\",\"@id\":\"https:\\\/\\\/www.lifenatura.com\\\/es\\\/produto\\\/adelgaslim-cell-pack-emagrecimento-anticelulitico\\\/#breadcrumb\",\"itemListElement\":[{\"@type\":\"ListItem\",\"position\":1,\"name\":\"In\u00edcio\",\"item\":\"https:\\\/\\\/www.lifenatura.com\\\/es\\\/\"},{\"@type\":\"ListItem\",\"position\":2,\"name\":\"Todos los Productos\",\"item\":\"https:\\\/\\\/www.lifenatura.com\\\/es\\\/tienda\\\/\"},{\"@type\":\"ListItem\",\"position\":3,\"name\":\"AdelgaSlim + Cell Pack Emagrecimento Anticelul\u00edtico\"}]},{\"@type\":\"WebSite\",\"@id\":\"https:\\\/\\\/www.lifenatura.com\\\/es\\\/#website\",\"url\":\"https:\\\/\\\/www.lifenatura.com\\\/es\\\/\",\"name\":\"Lifenatura\",\"description\":\"A Lifenatura \u00e9 uma loja de produtos naturais, cosm\u00e9tica natural e alimenta\u00e7\u00e3o Biol\u00f3gica.\",\"publisher\":{\"@id\":\"https:\\\/\\\/www.lifenatura.com\\\/es\\\/#organization\"},\"potentialAction\":[{\"@type\":\"SearchAction\",\"target\":{\"@type\":\"EntryPoint\",\"urlTemplate\":\"https:\\\/\\\/www.lifenatura.com\\\/es\\\/?s={search_term_string}\"},\"query-input\":{\"@type\":\"PropertyValueSpecification\",\"valueRequired\":true,\"valueName\":\"search_term_string\"}}],\"inLanguage\":\"es\"},{\"@type\":\"Organization\",\"@id\":\"https:\\\/\\\/www.lifenatura.com\\\/es\\\/#organization\",\"name\":\"Lifenatura\",\"url\":\"https:\\\/\\\/www.lifenatura.com\\\/es\\\/\",\"logo\":{\"@type\":\"ImageObject\",\"inLanguage\":\"es\",\"@id\":\"https:\\\/\\\/www.lifenatura.com\\\/es\\\/#\\\/schema\\\/logo\\\/image\\\/\",\"url\":\"https:\\\/\\\/www.lifenatura.com\\\/wp-content\\\/uploads\\\/2021\\\/07\\\/logo.png\",\"contentUrl\":\"https:\\\/\\\/www.lifenatura.com\\\/wp-content\\\/uploads\\\/2021\\\/07\\\/logo.png\",\"width\":175,\"height\":55,\"caption\":\"Lifenatura\"},\"image\":{\"@id\":\"https:\\\/\\\/www.lifenatura.com\\\/es\\\/#\\\/schema\\\/logo\\\/image\\\/\"},\"sameAs\":[\"https:\\\/\\\/www.facebook.com\\\/lifenatura\",\"https:\\\/\\\/www.instagram.com\\\/lifenaturapt\\\/\"],\"hasMerchantReturnPolicy\":{\"@type\":\"MerchantReturnPolicy\",\"merchantReturnLink\":\"https:\\\/\\\/www.lifenatura.com\\\/termos-condicoes-lifenatura\\\/\"}}]}<\/script>\n<meta property=\"product:price:amount\" content=\"43.55\" \/>\n<meta property=\"product:price:currency\" content=\"EUR\" \/>\n<meta property=\"og:availability\" content=\"instock\" \/>\n<meta property=\"product:availability\" content=\"instock\" \/>\n<meta property=\"product:retailer_item_id\" content=\"560548110912666\" \/>\n<meta property=\"product:condition\" content=\"new\" \/>\n<!-- \/ Yoast SEO Premium plugin. -->","yoast_head_json":{"title":"AdelgaSlim + Cell Pack Emagrecimento Anticelul\u00edtico","description":"Este pack espec\u00edfico para quemar grasa en la zona abdominal y adem\u00e1s reducir la celulitis. Este pack esta indicado a mujeres.","robots":{"index":"index","follow":"follow","max-snippet":"max-snippet:-1","max-image-preview":"max-image-preview:large","max-video-preview":"max-video-preview:-1"},"canonical":"https:\/\/www.lifenatura.com\/es\/produto\/adelgaslim-cell-pack-emagrecimento-anticelulitico\/","og_locale":"es_ES","og_type":"article","og_title":"AdelgaSlim + Cell Pack Emagrecimento Anticelul\u00edtico - Na Lifenatura ao Melhor Pre\u00e7o | Envio 48h","og_description":"Compre AdelgaSlim + Cell Pack Emagrecimento Anticelul\u00edtico com envio r\u00e1pido. Entrega em 48h e portes gr\u00e1tis em compras >35\u20ac. Aproveite j\u00e1 na Lifenatura","og_url":"https:\/\/www.lifenatura.com\/es\/produto\/adelgaslim-cell-pack-emagrecimento-anticelulitico\/","og_site_name":"Lifenatura","article_publisher":"https:\/\/www.facebook.com\/lifenatura","article_modified_time":"2026-03-29T11:49:44+00:00","og_image":[{"width":1000,"height":1000,"url":"https:\/\/www.lifenatura.com\/wp-content\/uploads\/2022\/05\/adelgaslim-pack-creme-noite-barriga-zero.jpg","type":"image\/jpeg"}],"twitter_card":"summary_large_image","twitter_misc":{"Precio":"43,55&nbsp;&euro;","Disponibilidad":"Disponible"},"schema":{"@context":"https:\/\/schema.org","@graph":[{"@type":"WebPage","@id":"https:\/\/www.lifenatura.com\/es\/produto\/adelgaslim-cell-pack-emagrecimento-anticelulitico\/","url":"https:\/\/www.lifenatura.com\/es\/produto\/adelgaslim-cell-pack-emagrecimento-anticelulitico\/","name":"AdelgaSlim + Cell Pack Emagrecimento Anticelul\u00edtico","isPartOf":{"@id":"https:\/\/www.lifenatura.com\/es\/#website"},"primaryImageOfPage":{"@id":"https:\/\/www.lifenatura.com\/es\/produto\/adelgaslim-cell-pack-emagrecimento-anticelulitico\/#primaryimage"},"image":{"@id":"https:\/\/www.lifenatura.com\/es\/produto\/adelgaslim-cell-pack-emagrecimento-anticelulitico\/#primaryimage"},"thumbnailUrl":"https:\/\/www.lifenatura.com\/wp-content\/uploads\/2022\/05\/adelgaslim-pack-creme-noite-barriga-zero.jpg","datePublished":"2022-05-20T15:54:06+00:00","dateModified":"2026-03-29T11:49:44+00:00","description":"Este pack espec\u00edfico para quemar grasa en la zona abdominal y adem\u00e1s reducir la celulitis. Este pack esta indicado a mujeres.","breadcrumb":{"@id":"https:\/\/www.lifenatura.com\/es\/produto\/adelgaslim-cell-pack-emagrecimento-anticelulitico\/#breadcrumb"},"inLanguage":"es","potentialAction":[{"@type":"ReadAction","target":["https:\/\/www.lifenatura.com\/es\/produto\/adelgaslim-cell-pack-emagrecimento-anticelulitico\/"]}]},{"@type":"ImageObject","inLanguage":"es","@id":"https:\/\/www.lifenatura.com\/es\/produto\/adelgaslim-cell-pack-emagrecimento-anticelulitico\/#primaryimage","url":"https:\/\/www.lifenatura.com\/wp-content\/uploads\/2022\/05\/adelgaslim-pack-creme-noite-barriga-zero.jpg","contentUrl":"https:\/\/www.lifenatura.com\/wp-content\/uploads\/2022\/05\/adelgaslim-pack-creme-noite-barriga-zero.jpg","width":1000,"height":1000,"caption":"Pack adelgacell mais adelgaslim"},{"@type":"BreadcrumbList","@id":"https:\/\/www.lifenatura.com\/es\/produto\/adelgaslim-cell-pack-emagrecimento-anticelulitico\/#breadcrumb","itemListElement":[{"@type":"ListItem","position":1,"name":"In\u00edcio","item":"https:\/\/www.lifenatura.com\/es\/"},{"@type":"ListItem","position":2,"name":"Todos los Productos","item":"https:\/\/www.lifenatura.com\/es\/tienda\/"},{"@type":"ListItem","position":3,"name":"AdelgaSlim + Cell Pack Emagrecimento Anticelul\u00edtico"}]},{"@type":"WebSite","@id":"https:\/\/www.lifenatura.com\/es\/#website","url":"https:\/\/www.lifenatura.com\/es\/","name":"Lifenatura","description":"A Lifenatura \u00e9 uma loja de produtos naturais, cosm\u00e9tica natural e alimenta\u00e7\u00e3o Biol\u00f3gica.","publisher":{"@id":"https:\/\/www.lifenatura.com\/es\/#organization"},"potentialAction":[{"@type":"SearchAction","target":{"@type":"EntryPoint","urlTemplate":"https:\/\/www.lifenatura.com\/es\/?s={search_term_string}"},"query-input":{"@type":"PropertyValueSpecification","valueRequired":true,"valueName":"search_term_string"}}],"inLanguage":"es"},{"@type":"Organization","@id":"https:\/\/www.lifenatura.com\/es\/#organization","name":"Lifenatura","url":"https:\/\/www.lifenatura.com\/es\/","logo":{"@type":"ImageObject","inLanguage":"es","@id":"https:\/\/www.lifenatura.com\/es\/#\/schema\/logo\/image\/","url":"https:\/\/www.lifenatura.com\/wp-content\/uploads\/2021\/07\/logo.png","contentUrl":"https:\/\/www.lifenatura.com\/wp-content\/uploads\/2021\/07\/logo.png","width":175,"height":55,"caption":"Lifenatura"},"image":{"@id":"https:\/\/www.lifenatura.com\/es\/#\/schema\/logo\/image\/"},"sameAs":["https:\/\/www.facebook.com\/lifenatura","https:\/\/www.instagram.com\/lifenaturapt\/"],"hasMerchantReturnPolicy":{"@type":"MerchantReturnPolicy","merchantReturnLink":"https:\/\/www.lifenatura.com\/termos-condicoes-lifenatura\/"}}]},"product_price_amount":"43.55","product_price_currency":"EUR","og_availability":"instock","product_availability":"instock","product_retailer_item_id":"560548110912666","product_condition":"new"},"df_price":43.55,"df_sale_price":43.61,"df_regular_price":64.13,"df_image_link":"https:\/\/www.lifenatura.com\/wp-content\/uploads\/2022\/05\/adelgaslim-pack-creme-noite-barriga-zero-300x300.jpg","_links":{"self":[{"href":"https:\/\/www.lifenatura.com\/es\/wp-json\/wp\/v2\/product\/35502","targetHints":{"allow":["GET"]}}],"collection":[{"href":"https:\/\/www.lifenatura.com\/es\/wp-json\/wp\/v2\/product"}],"about":[{"href":"https:\/\/www.lifenatura.com\/es\/wp-json\/wp\/v2\/types\/product"}],"wp:featuredmedia":[{"embeddable":true,"href":"https:\/\/www.lifenatura.com\/es\/wp-json\/wp\/v2\/media\/49959"}],"wp:attachment":[{"href":"https:\/\/www.lifenatura.com\/es\/wp-json\/wp\/v2\/media?parent=35502"}],"wp:term":[{"taxonomy":"product_brand","embeddable":true,"href":"https:\/\/www.lifenatura.com\/es\/wp-json\/wp\/v2\/product_brand?post=35502"},{"taxonomy":"product_cat","embeddable":true,"href":"https:\/\/www.lifenatura.com\/es\/wp-json\/wp\/v2\/product_cat?post=35502"},{"taxonomy":"product_tag","embeddable":true,"href":"https:\/\/www.lifenatura.com\/es\/wp-json\/wp\/v2\/product_tag?post=35502"}],"curies":[{"name":"wp","href":"https:\/\/api.w.org\/{rel}","templated":true}]}}