{"id":35495,"date":"2022-06-01T00:00:00","date_gmt":"2022-06-01T00:00:00","guid":{"rendered":"https:\/\/lifenatura.dev.agenciagetdigital.com\/produto\/adelgaslim-cut-pack-dietmed\/"},"modified":"2026-03-29T11:46:57","modified_gmt":"2026-03-29T11:46:57","slug":"adelgaslim-cut-pack-dietmed","status":"publish","type":"product","link":"https:\/\/www.lifenatura.com\/es\/produto\/adelgaslim-cut-pack-dietmed\/","title":{"rendered":"Adelgaslim Cut Paga 3 Lleva 4"},"content":{"rendered":"<h2 style=\"text-align: left;\"><strong>Adelgaslim Cut para controlar el apetito con glucomanano <\/strong><\/h2>\n<p><strong>Ahora con la OFERTA Paga 3 Lleva 4<\/strong><\/p>\n<p>El pack Adelgaslim Cut es un complemento alimenticio natural con Glucomanano indicado para aquellas personas que tienen mucho apetito y necesitan ayuda para reducir y hacer un r\u00e9gimen para adelgazar. Est\u00e1 indicado para quienes tienen apetito por los dulces y los snacks.<\/p>\n<p>Ahora disponible en paquetes de 3 unidades para tratamientos de 3 meses.<\/p>\n<p><strong>P\u00c9RDIDA DE PESO <\/strong><\/p>\n<p>El glucomanano, en el contexto de una dieta baja en energ\u00eda, contribuye a la p\u00e9rdida de peso.<\/p>\n<p><strong>PRESENTACI\u00d3N <\/strong><\/p>\n<p>84 c\u00e1psulas x 4<\/p>\n<p class=\"p1\">Puedes consultar otras <a href=\"https:\/\/www.lifenatura.com\/es\/categoria-produto\/salud\/packs-de-salud\/adelgaslim-packs-salud\/\"><span class=\"s1\">ofertas de la marca Adelgaslim, como Paga 3 Lleva 4<\/span><\/a><\/p>\n<p>&nbsp;<\/p>\n","protected":false},"excerpt":{"rendered":"<p>Adelgaslim Cut ahora con oferta Paga 3 Ll\u00e9vate 4 tiene como acci\u00f3n principal bloquear la absorci\u00f3n de az\u00facar y tambi\u00e9n controlar el apetito. [&#8230;]<\/p>\n<p><a class=\"btn btn-secondary understrap-read-more-link\" href=\"https:\/\/www.lifenatura.com\/es\/produto\/adelgaslim-cut-pack-dietmed\/\">Leer m\u00e1s&#8230;<span class=\"screen-reader-text\"> from Adelgaslim Cut Paga 3 Lleva 4<\/span><\/a><\/p>\n","protected":false},"featured_media":105757,"template":"","meta":{"_acf_changed":false},"product_brand":[8280],"product_cat":[7264,7190,7785,7710,7659,7263,8048,7194,7179],"product_tag":[],"class_list":{"0":"post-35495","1":"product","2":"type-product","3":"status-publish","4":"has-post-thumbnail","6":"product_brand-adelgaslim","7":"product_cat-adelgaslim-packs-salud","8":"product_cat-adelgazar","9":"product_cat-spirulina-es","10":"product_cat-glucomanano-es","11":"product_cat-ingrediente-natural-bio","12":"product_cat-packs-de-salud","13":"product_cat-paga-3-lleva-4","14":"product_cat-saciante","15":"product_cat-salud","17":"first","18":"instock","19":"sale","20":"shipping-taxable","21":"purchasable","22":"product-type-woosb","23":"add-to-wishlist-before_image"},"acf":[],"yoast_head":"<!-- This site is optimized with the Yoast SEO Premium plugin v27.1 (Yoast SEO v27.3) - https:\/\/yoast.com\/product\/yoast-seo-premium-wordpress\/ -->\n<title>Adelgaslim Cut Paga 3 Lleva 4 - Lifenatura<\/title>\n<meta name=\"description\" content=\"Adelgaslim Cut ahora con oferta Paga 3 Ll\u00e9vate 4 tiene como acci\u00f3n principal bloquear la absorci\u00f3n de az\u00facar y tambi\u00e9n controlar el apetito.\" \/>\n<meta name=\"robots\" content=\"index, follow, max-snippet:-1, max-image-preview:large, max-video-preview:-1\" \/>\n<link rel=\"canonical\" href=\"https:\/\/www.lifenatura.com\/es\/produto\/adelgaslim-cut-pack-dietmed\/\" \/>\n<meta property=\"og:locale\" content=\"es_ES\" \/>\n<meta property=\"og:type\" content=\"article\" \/>\n<meta property=\"og:title\" content=\"Adelgaslim Cut Paga 3 Lleva 4 - Lifenatura\" \/>\n<meta property=\"og:description\" content=\"Compre aqui o seu Adelgaslim Cut Paga 3 Lleva 4 e a Lifenatura Online envia em 48 H com Portes Gratis &gt;35\u20ac de Pedido.\" \/>\n<meta property=\"og:url\" content=\"https:\/\/www.lifenatura.com\/es\/produto\/adelgaslim-cut-pack-dietmed\/\" \/>\n<meta property=\"og:site_name\" content=\"Lifenatura\" \/>\n<meta property=\"article:publisher\" content=\"https:\/\/www.facebook.com\/lifenatura\" \/>\n<meta property=\"article:modified_time\" content=\"2026-03-29T11:46:57+00:00\" \/>\n<meta property=\"og:image\" content=\"https:\/\/www.lifenatura.com\/wp-content\/uploads\/2022\/06\/adelgaslim-cut-p3l4.jpg\" \/>\n\t<meta property=\"og:image:width\" content=\"1000\" \/>\n\t<meta property=\"og:image:height\" content=\"1000\" \/>\n\t<meta property=\"og:image:type\" content=\"image\/jpeg\" \/>\n<meta name=\"twitter:card\" content=\"summary_large_image\" \/>\n<meta name=\"twitter:label1\" content=\"Precio\" \/>\n\t<meta name=\"twitter:data1\" content=\"75,80&nbsp;&euro;\" \/>\n\t<meta name=\"twitter:label2\" content=\"Disponibilidad\" \/>\n\t<meta name=\"twitter:data2\" content=\"Disponible\" \/>\n<meta property=\"product:price:amount\" content=\"75.80\" \/>\n<meta property=\"product:price:currency\" content=\"EUR\" \/>\n<meta property=\"og:availability\" content=\"instock\" \/>\n<meta property=\"product:availability\" content=\"instock\" \/>\n<meta property=\"product:retailer_item_id\" content=\"56054811076411\" \/>\n<meta property=\"product:condition\" content=\"new\" \/>\n<!-- \/ Yoast SEO Premium plugin. -->","yoast_head_json":{"title":"Adelgaslim Cut Paga 3 Lleva 4 - Lifenatura","description":"Adelgaslim Cut ahora con oferta Paga 3 Ll\u00e9vate 4 tiene como acci\u00f3n principal bloquear la absorci\u00f3n de az\u00facar y tambi\u00e9n controlar el apetito.","robots":{"index":"index","follow":"follow","max-snippet":"max-snippet:-1","max-image-preview":"max-image-preview:large","max-video-preview":"max-video-preview:-1"},"canonical":"https:\/\/www.lifenatura.com\/es\/produto\/adelgaslim-cut-pack-dietmed\/","og_locale":"es_ES","og_type":"article","og_title":"Adelgaslim Cut Paga 3 Lleva 4 - Lifenatura","og_description":"Compre aqui o seu Adelgaslim Cut Paga 3 Lleva 4 e a Lifenatura Online envia em 48 H com Portes Gratis >35\u20ac de Pedido.","og_url":"https:\/\/www.lifenatura.com\/es\/produto\/adelgaslim-cut-pack-dietmed\/","og_site_name":"Lifenatura","article_publisher":"https:\/\/www.facebook.com\/lifenatura","article_modified_time":"2026-03-29T11:46:57+00:00","og_image":[{"width":1000,"height":1000,"url":"https:\/\/www.lifenatura.com\/wp-content\/uploads\/2022\/06\/adelgaslim-cut-p3l4.jpg","type":"image\/jpeg"}],"twitter_card":"summary_large_image","twitter_misc":{"Precio":"75,80&nbsp;&euro;","Disponibilidad":"Disponible"},"schema":{"@context":"https:\/\/schema.org","@graph":[{"@type":"WebPage","@id":"https:\/\/www.lifenatura.com\/es\/produto\/adelgaslim-cut-pack-dietmed\/","url":"https:\/\/www.lifenatura.com\/es\/produto\/adelgaslim-cut-pack-dietmed\/","name":"Adelgaslim Cut Paga 3 Lleva 4 - Lifenatura","isPartOf":{"@id":"https:\/\/www.lifenatura.com\/es\/#website"},"primaryImageOfPage":{"@id":"https:\/\/www.lifenatura.com\/es\/produto\/adelgaslim-cut-pack-dietmed\/#primaryimage"},"image":{"@id":"https:\/\/www.lifenatura.com\/es\/produto\/adelgaslim-cut-pack-dietmed\/#primaryimage"},"thumbnailUrl":"https:\/\/www.lifenatura.com\/wp-content\/uploads\/2022\/06\/adelgaslim-cut-p3l4.jpg","datePublished":"2022-06-01T00:00:00+00:00","dateModified":"2026-03-29T11:46:57+00:00","description":"Adelgaslim Cut ahora con oferta Paga 3 Ll\u00e9vate 4 tiene como acci\u00f3n principal bloquear la absorci\u00f3n de az\u00facar y tambi\u00e9n controlar el apetito.","breadcrumb":{"@id":"https:\/\/www.lifenatura.com\/es\/produto\/adelgaslim-cut-pack-dietmed\/#breadcrumb"},"inLanguage":"es","potentialAction":[{"@type":"ReadAction","target":["https:\/\/www.lifenatura.com\/es\/produto\/adelgaslim-cut-pack-dietmed\/"]}]},{"@type":"ImageObject","inLanguage":"es","@id":"https:\/\/www.lifenatura.com\/es\/produto\/adelgaslim-cut-pack-dietmed\/#primaryimage","url":"https:\/\/www.lifenatura.com\/wp-content\/uploads\/2022\/06\/adelgaslim-cut-p3l4.jpg","contentUrl":"https:\/\/www.lifenatura.com\/wp-content\/uploads\/2022\/06\/adelgaslim-cut-p3l4.jpg","width":1000,"height":1000,"caption":"Adelgaslim cut oferta Pague 3 Leve 4"},{"@type":"BreadcrumbList","@id":"https:\/\/www.lifenatura.com\/es\/produto\/adelgaslim-cut-pack-dietmed\/#breadcrumb","itemListElement":[{"@type":"ListItem","position":1,"name":"In\u00edcio","item":"https:\/\/www.lifenatura.com\/es\/"},{"@type":"ListItem","position":2,"name":"Todos los Productos","item":"https:\/\/www.lifenatura.com\/es\/tienda\/"},{"@type":"ListItem","position":3,"name":"Adelgaslim Cut Paga 3 Lleva 4"}]},{"@type":"WebSite","@id":"https:\/\/www.lifenatura.com\/es\/#website","url":"https:\/\/www.lifenatura.com\/es\/","name":"Lifenatura","description":"A Lifenatura \u00e9 uma loja de produtos naturais, cosm\u00e9tica natural e alimenta\u00e7\u00e3o Biol\u00f3gica.","publisher":{"@id":"https:\/\/www.lifenatura.com\/es\/#organization"},"potentialAction":[{"@type":"SearchAction","target":{"@type":"EntryPoint","urlTemplate":"https:\/\/www.lifenatura.com\/es\/?s={search_term_string}"},"query-input":{"@type":"PropertyValueSpecification","valueRequired":true,"valueName":"search_term_string"}}],"inLanguage":"es"},{"@type":"Organization","@id":"https:\/\/www.lifenatura.com\/es\/#organization","name":"Lifenatura","url":"https:\/\/www.lifenatura.com\/es\/","logo":{"@type":"ImageObject","inLanguage":"es","@id":"https:\/\/www.lifenatura.com\/es\/#\/schema\/logo\/image\/","url":"https:\/\/www.lifenatura.com\/wp-content\/uploads\/2021\/11\/logo.png","contentUrl":"https:\/\/www.lifenatura.com\/wp-content\/uploads\/2021\/11\/logo.png","width":175,"height":55,"caption":"Lifenatura"},"image":{"@id":"https:\/\/www.lifenatura.com\/es\/#\/schema\/logo\/image\/"},"sameAs":["https:\/\/www.facebook.com\/lifenatura","https:\/\/www.instagram.com\/lifenaturapt\/"]}]},"product_price_amount":"75.80","product_price_currency":"EUR","og_availability":"instock","product_availability":"instock","product_retailer_item_id":"56054811076411","product_condition":"new"},"df_price":75.8,"df_sale_price":75.81,"df_regular_price":126.36,"df_image_link":"https:\/\/www.lifenatura.com\/wp-content\/uploads\/2022\/06\/adelgaslim-cut-p3l4-300x300.jpg","_links":{"self":[{"href":"https:\/\/www.lifenatura.com\/es\/wp-json\/wp\/v2\/product\/35495","targetHints":{"allow":["GET"]}}],"collection":[{"href":"https:\/\/www.lifenatura.com\/es\/wp-json\/wp\/v2\/product"}],"about":[{"href":"https:\/\/www.lifenatura.com\/es\/wp-json\/wp\/v2\/types\/product"}],"wp:featuredmedia":[{"embeddable":true,"href":"https:\/\/www.lifenatura.com\/es\/wp-json\/wp\/v2\/media\/105757"}],"wp:attachment":[{"href":"https:\/\/www.lifenatura.com\/es\/wp-json\/wp\/v2\/media?parent=35495"}],"wp:term":[{"taxonomy":"product_brand","embeddable":true,"href":"https:\/\/www.lifenatura.com\/es\/wp-json\/wp\/v2\/product_brand?post=35495"},{"taxonomy":"product_cat","embeddable":true,"href":"https:\/\/www.lifenatura.com\/es\/wp-json\/wp\/v2\/product_cat?post=35495"},{"taxonomy":"product_tag","embeddable":true,"href":"https:\/\/www.lifenatura.com\/es\/wp-json\/wp\/v2\/product_tag?post=35495"}],"curies":[{"name":"wp","href":"https:\/\/api.w.org\/{rel}","templated":true}]}}