{"id":35489,"date":"2022-06-01T00:00:00","date_gmt":"2022-06-01T00:00:00","guid":{"rendered":"https:\/\/lifenatura.dev.agenciagetdigital.com\/produto\/adelgaslim-express-60-capsulas-dietmed\/"},"modified":"2025-07-31T00:06:00","modified_gmt":"2025-07-31T00:06:00","slug":"adelgaslim-express-60-capsulas-dietmed","status":"publish","type":"product","link":"https:\/\/www.lifenatura.com\/es\/produto\/adelgaslim-express-60-capsulas-dietmed\/","title":{"rendered":"Adelgaslim Express 60 c\u00e1psulas &#8211; Dietmed"},"content":{"rendered":"<h2 style=\"text-align: left;\"><strong>Adelaslim Express para adelgazar r\u00e1pidamente <\/strong><\/h2>\n<p>&nbsp;<\/p>\n<p>Adelgaslim express es ideal para perder peso r\u00e1pidamente, es decir, perder peso r\u00e1pidamente. Este es un suplemento natural que combate todos los frentes de la p\u00e9rdida de peso:<\/p>\n<ul>\n<li>Disminuye el consumo de alimentos,<\/li>\n<li>Act\u00faa sobre las grasas desde el primer momento,<\/li>\n<li>Act\u00faa en carbohidratos y grasas,<\/li>\n<li>Act\u00faa sobre las grasas externas (a trav\u00e9s de los alimentos) y combate las grasas internas (acumuladas).<\/li>\n<\/ul>\n<p><strong>PERDIDA DE PESO <\/strong><\/p>\n<p>Las alcachofas, como parte de una dieta baja en energ\u00eda, contribuyen a la p\u00e9rdida de peso.<\/p>\n<p><strong>GRASAS<\/strong><\/p>\n<p>La colina contribuye al metabolismo normal de los l\u00edpidos y contribuye al mantenimiento de la funci\u00f3n hep\u00e1tica normal.<\/p>\n<p><strong>PRESENTACI\u00d3N <\/strong><\/p>\n<p>60 c\u00e1psulas.<\/p>\n<p>&nbsp;<\/p>\n","protected":false},"excerpt":{"rendered":"<p>Adelgaslim Express disminui el consumo de alimentos, actua en los Hidratos de Carbono y Grasas [&#8230;]<\/p>\n<p><a class=\"btn btn-secondary understrap-read-more-link\" href=\"https:\/\/www.lifenatura.com\/es\/produto\/adelgaslim-express-60-capsulas-dietmed\/\">Leer m\u00e1s&#8230;<span class=\"screen-reader-text\"> from Adelgaslim Express 60 c\u00e1psulas &#8211; Dietmed<\/span><\/a><\/p>\n","protected":false},"featured_media":49989,"template":"","meta":{"_acf_changed":false},"product_brand":[8280],"product_cat":[7190,7145,7659,7195,7194,7179],"product_tag":[],"class_list":{"0":"post-35489","1":"product","2":"type-product","3":"status-publish","4":"has-post-thumbnail","6":"product_brand-adelgaslim","7":"product_cat-adelgazar","8":"product_cat-alcachofa","9":"product_cat-ingrediente-natural-bio","10":"product_cat-quemagrasas","11":"product_cat-saciante","12":"product_cat-salud","14":"first","15":"instock","16":"sale","17":"shipping-taxable","18":"purchasable","19":"product-type-simple","20":"add-to-wishlist-before_image"},"acf":[],"yoast_head":"<!-- This site is optimized with the Yoast SEO Premium plugin v27.1 (Yoast SEO v27.3) - https:\/\/yoast.com\/product\/yoast-seo-premium-wordpress\/ -->\n<title>Adelgaslim Express Dietmed - Lifenatura<\/title>\n<meta name=\"description\" content=\"Adelgaslim express es ideal para perder peso r\u00e1pidamente, es un suplemento natural que combate todos los frentes de la p\u00e9rdida de peso.\" \/>\n<meta name=\"robots\" content=\"index, follow, max-snippet:-1, max-image-preview:large, max-video-preview:-1\" \/>\n<link rel=\"canonical\" href=\"https:\/\/www.lifenatura.com\/es\/produto\/adelgaslim-express-60-capsulas-dietmed\/\" \/>\n<meta property=\"og:locale\" content=\"es_ES\" \/>\n<meta property=\"og:type\" content=\"article\" \/>\n<meta property=\"og:title\" content=\"Adelgaslim Express 60 c\u00e1psulas - Dietmed - Lifenatura\" \/>\n<meta property=\"og:description\" content=\"Compre aqui o seu Adelgaslim Express 60 c\u00e1psulas - Dietmed e a Lifenatura Online envia em 48 H com Portes Gratis &gt;35\u20ac de Pedido.\" \/>\n<meta property=\"og:url\" content=\"https:\/\/www.lifenatura.com\/es\/produto\/adelgaslim-express-60-capsulas-dietmed\/\" \/>\n<meta property=\"og:site_name\" content=\"Lifenatura\" \/>\n<meta property=\"article:publisher\" content=\"https:\/\/www.facebook.com\/lifenatura\" \/>\n<meta property=\"article:modified_time\" content=\"2025-07-31T00:06:00+00:00\" \/>\n<meta property=\"og:image\" content=\"https:\/\/www.lifenatura.com\/wp-content\/uploads\/2022\/06\/Adelgaslim-Express-dietmed.jpg\" \/>\n\t<meta property=\"og:image:width\" content=\"1000\" \/>\n\t<meta property=\"og:image:height\" content=\"1000\" \/>\n\t<meta property=\"og:image:type\" content=\"image\/jpeg\" \/>\n<meta name=\"twitter:card\" content=\"summary_large_image\" \/>\n<meta name=\"twitter:label1\" content=\"Precio\" \/>\n\t<meta name=\"twitter:data1\" content=\"23,20&nbsp;&euro;\" \/>\n\t<meta name=\"twitter:label2\" content=\"Disponibilidad\" \/>\n\t<meta name=\"twitter:data2\" content=\"Disponible\" \/>\n<meta property=\"product:price:amount\" content=\"23.20\" \/>\n<meta property=\"product:price:currency\" content=\"EUR\" \/>\n<meta property=\"og:availability\" content=\"instock\" \/>\n<meta property=\"product:availability\" content=\"instock\" \/>\n<meta property=\"product:retailer_item_id\" content=\"5605481107740\" \/>\n<meta property=\"product:condition\" content=\"new\" \/>\n<!-- \/ Yoast SEO Premium plugin. -->","yoast_head_json":{"title":"Adelgaslim Express Dietmed - Lifenatura","description":"Adelgaslim express es ideal para perder peso r\u00e1pidamente, es un suplemento natural que combate todos los frentes de la p\u00e9rdida de peso.","robots":{"index":"index","follow":"follow","max-snippet":"max-snippet:-1","max-image-preview":"max-image-preview:large","max-video-preview":"max-video-preview:-1"},"canonical":"https:\/\/www.lifenatura.com\/es\/produto\/adelgaslim-express-60-capsulas-dietmed\/","og_locale":"es_ES","og_type":"article","og_title":"Adelgaslim Express 60 c\u00e1psulas - Dietmed - Lifenatura","og_description":"Compre aqui o seu Adelgaslim Express 60 c\u00e1psulas - Dietmed e a Lifenatura Online envia em 48 H com Portes Gratis >35\u20ac de Pedido.","og_url":"https:\/\/www.lifenatura.com\/es\/produto\/adelgaslim-express-60-capsulas-dietmed\/","og_site_name":"Lifenatura","article_publisher":"https:\/\/www.facebook.com\/lifenatura","article_modified_time":"2025-07-31T00:06:00+00:00","og_image":[{"width":1000,"height":1000,"url":"https:\/\/www.lifenatura.com\/wp-content\/uploads\/2022\/06\/Adelgaslim-Express-dietmed.jpg","type":"image\/jpeg"}],"twitter_card":"summary_large_image","twitter_misc":{"Precio":"23,20&nbsp;&euro;","Disponibilidad":"Disponible"},"schema":{"@context":"https:\/\/schema.org","@graph":[{"@type":"WebPage","@id":"https:\/\/www.lifenatura.com\/es\/produto\/adelgaslim-express-60-capsulas-dietmed\/","url":"https:\/\/www.lifenatura.com\/es\/produto\/adelgaslim-express-60-capsulas-dietmed\/","name":"Adelgaslim Express Dietmed - Lifenatura","isPartOf":{"@id":"https:\/\/www.lifenatura.com\/es\/#website"},"primaryImageOfPage":{"@id":"https:\/\/www.lifenatura.com\/es\/produto\/adelgaslim-express-60-capsulas-dietmed\/#primaryimage"},"image":{"@id":"https:\/\/www.lifenatura.com\/es\/produto\/adelgaslim-express-60-capsulas-dietmed\/#primaryimage"},"thumbnailUrl":"https:\/\/www.lifenatura.com\/wp-content\/uploads\/2022\/06\/Adelgaslim-Express-dietmed.jpg","datePublished":"2022-06-01T00:00:00+00:00","dateModified":"2025-07-31T00:06:00+00:00","description":"Adelgaslim express es ideal para perder peso r\u00e1pidamente, es un suplemento natural que combate todos los frentes de la p\u00e9rdida de peso.","breadcrumb":{"@id":"https:\/\/www.lifenatura.com\/es\/produto\/adelgaslim-express-60-capsulas-dietmed\/#breadcrumb"},"inLanguage":"es","potentialAction":[{"@type":"ReadAction","target":["https:\/\/www.lifenatura.com\/es\/produto\/adelgaslim-express-60-capsulas-dietmed\/"]}]},{"@type":"ImageObject","inLanguage":"es","@id":"https:\/\/www.lifenatura.com\/es\/produto\/adelgaslim-express-60-capsulas-dietmed\/#primaryimage","url":"https:\/\/www.lifenatura.com\/wp-content\/uploads\/2022\/06\/Adelgaslim-Express-dietmed.jpg","contentUrl":"https:\/\/www.lifenatura.com\/wp-content\/uploads\/2022\/06\/Adelgaslim-Express-dietmed.jpg","width":1000,"height":1000,"caption":"Adelgaslim express da dietmed"},{"@type":"BreadcrumbList","@id":"https:\/\/www.lifenatura.com\/es\/produto\/adelgaslim-express-60-capsulas-dietmed\/#breadcrumb","itemListElement":[{"@type":"ListItem","position":1,"name":"In\u00edcio","item":"https:\/\/www.lifenatura.com\/es\/"},{"@type":"ListItem","position":2,"name":"Todos los Productos","item":"https:\/\/www.lifenatura.com\/es\/tienda\/"},{"@type":"ListItem","position":3,"name":"Adelgaslim Express 60 c\u00e1psulas &#8211; Dietmed"}]},{"@type":"WebSite","@id":"https:\/\/www.lifenatura.com\/es\/#website","url":"https:\/\/www.lifenatura.com\/es\/","name":"Lifenatura","description":"A Lifenatura \u00e9 uma loja de produtos naturais, cosm\u00e9tica natural e alimenta\u00e7\u00e3o Biol\u00f3gica.","publisher":{"@id":"https:\/\/www.lifenatura.com\/es\/#organization"},"potentialAction":[{"@type":"SearchAction","target":{"@type":"EntryPoint","urlTemplate":"https:\/\/www.lifenatura.com\/es\/?s={search_term_string}"},"query-input":{"@type":"PropertyValueSpecification","valueRequired":true,"valueName":"search_term_string"}}],"inLanguage":"es"},{"@type":"Organization","@id":"https:\/\/www.lifenatura.com\/es\/#organization","name":"Lifenatura","url":"https:\/\/www.lifenatura.com\/es\/","logo":{"@type":"ImageObject","inLanguage":"es","@id":"https:\/\/www.lifenatura.com\/es\/#\/schema\/logo\/image\/","url":"https:\/\/www.lifenatura.com\/wp-content\/uploads\/2021\/11\/logo.png","contentUrl":"https:\/\/www.lifenatura.com\/wp-content\/uploads\/2021\/11\/logo.png","width":175,"height":55,"caption":"Lifenatura"},"image":{"@id":"https:\/\/www.lifenatura.com\/es\/#\/schema\/logo\/image\/"},"sameAs":["https:\/\/www.facebook.com\/lifenatura","https:\/\/www.instagram.com\/lifenaturapt\/"]}]},"product_price_amount":"23.20","product_price_currency":"EUR","og_availability":"instock","product_availability":"instock","product_retailer_item_id":"5605481107740","product_condition":"new"},"df_price":23.2,"df_sale_price":23.2,"df_regular_price":29,"df_image_link":"https:\/\/www.lifenatura.com\/wp-content\/uploads\/2022\/06\/Adelgaslim-Express-dietmed-300x300.jpg","_links":{"self":[{"href":"https:\/\/www.lifenatura.com\/es\/wp-json\/wp\/v2\/product\/35489","targetHints":{"allow":["GET"]}}],"collection":[{"href":"https:\/\/www.lifenatura.com\/es\/wp-json\/wp\/v2\/product"}],"about":[{"href":"https:\/\/www.lifenatura.com\/es\/wp-json\/wp\/v2\/types\/product"}],"wp:featuredmedia":[{"embeddable":true,"href":"https:\/\/www.lifenatura.com\/es\/wp-json\/wp\/v2\/media\/49989"}],"wp:attachment":[{"href":"https:\/\/www.lifenatura.com\/es\/wp-json\/wp\/v2\/media?parent=35489"}],"wp:term":[{"taxonomy":"product_brand","embeddable":true,"href":"https:\/\/www.lifenatura.com\/es\/wp-json\/wp\/v2\/product_brand?post=35489"},{"taxonomy":"product_cat","embeddable":true,"href":"https:\/\/www.lifenatura.com\/es\/wp-json\/wp\/v2\/product_cat?post=35489"},{"taxonomy":"product_tag","embeddable":true,"href":"https:\/\/www.lifenatura.com\/es\/wp-json\/wp\/v2\/product_tag?post=35489"}],"curies":[{"name":"wp","href":"https:\/\/api.w.org\/{rel}","templated":true}]}}