{"id":35479,"date":"2022-06-01T00:00:00","date_gmt":"2022-06-01T00:00:00","guid":{"rendered":"https:\/\/lifenatura.dev.agenciagetdigital.com\/produto\/activ-ozone-dentifrico-75-ml-justnat\/"},"modified":"2026-04-21T00:08:26","modified_gmt":"2026-04-21T00:08:26","slug":"activ-ozone-dentifrico-75-ml-justnat","status":"publish","type":"product","link":"https:\/\/www.lifenatura.com\/es\/produto\/activ-ozone-dentifrico-75-ml-justnat\/","title":{"rendered":"Activ Ozone Dentifrico 75 ml &#8211; Justnat"},"content":{"rendered":"<h2 style=\"text-align: left;\"><strong>Pasta de dientes sin fl\u00faor Activ Ozone &#8211; Ozonoterapia<\/strong><\/h2>\n<p>&nbsp;<\/p>\n<p>El dent\u00edfrico Activ Ozone es un dent\u00edfrico sin fl\u00faor con extractos naturales. Esta f\u00f3rmula \u00fanica y exclusiva, con un nivel de Ph entre 7,0 y 8,0, contiene una mezcla equilibrada de aceites vegetales ozonizados que conservan muchos de los beneficios del ozono.<\/p>\n<p>El ozono tiene excepcionales propiedades regeneradoras, reparadoras y purificadoras que favorecen la salud de los dientes y las enc\u00edas.<\/p>\n<p>Para una sensaci\u00f3n de frescura energizante.<\/p>\n<p><strong>PRESENTACI\u00d3N<\/strong><\/p>\n<p>75 ml.<\/p>\n<p>&nbsp;<\/p>\n","protected":false},"excerpt":{"rendered":"<p>Dent\u00edfrico Activo Ozone contiene una equilibrada mezcla de aceites vegetales ozonizados que conservan muchos de los beneficios del ozono. [&#8230;]<\/p>\n<p><a class=\"btn btn-secondary understrap-read-more-link\" href=\"https:\/\/www.lifenatura.com\/es\/produto\/activ-ozone-dentifrico-75-ml-justnat\/\">Leer m\u00e1s&#8230;<span class=\"screen-reader-text\"> from Activ Ozone Dentifrico 75 ml &#8211; Justnat<\/span><\/a><\/p>\n","protected":false},"featured_media":140932,"template":"","meta":{"_acf_changed":false},"product_brand":[8283],"product_cat":[7653,7136,7138],"product_tag":[],"class_list":{"0":"post-35479","1":"product","2":"type-product","3":"status-publish","4":"has-post-thumbnail","6":"product_brand-activ-ozone","7":"product_cat-cosmetica-natural-lifenatura","8":"product_cat-higiene-bucodental","9":"product_cat-pasta-de-dientes","11":"first","12":"outofstock","13":"sale","14":"featured","15":"shipping-taxable","16":"purchasable","17":"product-type-simple","18":"add-to-wishlist-before_image"},"acf":[],"yoast_head":"<!-- This site is optimized with the Yoast SEO Premium plugin v27.1 (Yoast SEO v27.6) - https:\/\/yoast.com\/product\/yoast-seo-premium-wordpress\/ -->\n<title>Activ Ozone Dentifrico 75 ml - Justnat<\/title>\n<meta name=\"description\" content=\"Dent\u00edfrico Activo Ozone contiene una equilibrada mezcla de aceites vegetales ozonizados que conservan muchos de los beneficios del ozono.\" \/>\n<meta name=\"robots\" content=\"index, follow, max-snippet:-1, max-image-preview:large, max-video-preview:-1\" \/>\n<link rel=\"canonical\" href=\"https:\/\/www.lifenatura.com\/es\/produto\/activ-ozone-dentifrico-75-ml-justnat\/\" \/>\n<meta property=\"og:locale\" content=\"es_ES\" \/>\n<meta property=\"og:type\" content=\"article\" \/>\n<meta property=\"og:title\" content=\"Activ Ozone Dentifrico 75 ml - Justnat - Na Lifenatura ao Melhor Pre\u00e7o | Envio 48h\" \/>\n<meta property=\"og:description\" content=\"Compre Activ Ozone Dentifrico 75 ml - Justnat com envio r\u00e1pido. Entrega em 48h e portes gr\u00e1tis em compras &gt;35\u20ac. Aproveite j\u00e1 na Lifenatura\" \/>\n<meta property=\"og:url\" content=\"https:\/\/www.lifenatura.com\/es\/produto\/activ-ozone-dentifrico-75-ml-justnat\/\" \/>\n<meta property=\"og:site_name\" content=\"Lifenatura\" \/>\n<meta property=\"article:publisher\" content=\"https:\/\/www.facebook.com\/lifenatura\" \/>\n<meta property=\"article:modified_time\" content=\"2026-04-21T00:08:26+00:00\" \/>\n<meta property=\"og:image\" content=\"https:\/\/www.lifenatura.com\/wp-content\/uploads\/2021\/09\/gd_activ-ozone-pasta-de-dentes-75-ml-justnat.jpg\" \/>\n\t<meta property=\"og:image:width\" content=\"1000\" \/>\n\t<meta property=\"og:image:height\" content=\"1000\" \/>\n\t<meta property=\"og:image:type\" content=\"image\/jpeg\" \/>\n<meta name=\"twitter:card\" content=\"summary_large_image\" \/>\n<meta name=\"twitter:label1\" content=\"Precio\" \/>\n\t<meta name=\"twitter:data1\" content=\"10,42&nbsp;&euro;\" \/>\n\t<meta name=\"twitter:label2\" content=\"Disponibilidad\" \/>\n\t<meta name=\"twitter:data2\" content=\"Sin existencias\" \/>\n<script type=\"application\/ld+json\" class=\"yoast-schema-graph\">{\"@context\":\"https:\\\/\\\/schema.org\",\"@graph\":[{\"@type\":\"WebPage\",\"@id\":\"https:\\\/\\\/www.lifenatura.com\\\/es\\\/produto\\\/activ-ozone-dentifrico-75-ml-justnat\\\/\",\"url\":\"https:\\\/\\\/www.lifenatura.com\\\/es\\\/produto\\\/activ-ozone-dentifrico-75-ml-justnat\\\/\",\"name\":\"Activ Ozone Dentifrico 75 ml - Justnat\",\"isPartOf\":{\"@id\":\"https:\\\/\\\/www.lifenatura.com\\\/es\\\/#website\"},\"primaryImageOfPage\":{\"@id\":\"https:\\\/\\\/www.lifenatura.com\\\/es\\\/produto\\\/activ-ozone-dentifrico-75-ml-justnat\\\/#primaryimage\"},\"image\":{\"@id\":\"https:\\\/\\\/www.lifenatura.com\\\/es\\\/produto\\\/activ-ozone-dentifrico-75-ml-justnat\\\/#primaryimage\"},\"thumbnailUrl\":\"https:\\\/\\\/www.lifenatura.com\\\/wp-content\\\/uploads\\\/2026\\\/05\\\/5600493220104-Activ-Ozone-Dental-Fresh-75ml-Justnat-nutribio.png\",\"datePublished\":\"2022-06-01T00:00:00+00:00\",\"dateModified\":\"2026-04-21T00:08:26+00:00\",\"description\":\"Dent\u00edfrico Activo Ozone contiene una equilibrada mezcla de aceites vegetales ozonizados que conservan muchos de los beneficios del ozono.\",\"breadcrumb\":{\"@id\":\"https:\\\/\\\/www.lifenatura.com\\\/es\\\/produto\\\/activ-ozone-dentifrico-75-ml-justnat\\\/#breadcrumb\"},\"inLanguage\":\"es\",\"potentialAction\":[{\"@type\":\"ReadAction\",\"target\":[\"https:\\\/\\\/www.lifenatura.com\\\/es\\\/produto\\\/activ-ozone-dentifrico-75-ml-justnat\\\/\"]}]},{\"@type\":\"ImageObject\",\"inLanguage\":\"es\",\"@id\":\"https:\\\/\\\/www.lifenatura.com\\\/es\\\/produto\\\/activ-ozone-dentifrico-75-ml-justnat\\\/#primaryimage\",\"url\":\"https:\\\/\\\/www.lifenatura.com\\\/wp-content\\\/uploads\\\/2026\\\/05\\\/5600493220104-Activ-Ozone-Dental-Fresh-75ml-Justnat-nutribio.png\",\"contentUrl\":\"https:\\\/\\\/www.lifenatura.com\\\/wp-content\\\/uploads\\\/2026\\\/05\\\/5600493220104-Activ-Ozone-Dental-Fresh-75ml-Justnat-nutribio.png\",\"width\":450,\"height\":600},{\"@type\":\"BreadcrumbList\",\"@id\":\"https:\\\/\\\/www.lifenatura.com\\\/es\\\/produto\\\/activ-ozone-dentifrico-75-ml-justnat\\\/#breadcrumb\",\"itemListElement\":[{\"@type\":\"ListItem\",\"position\":1,\"name\":\"In\u00edcio\",\"item\":\"https:\\\/\\\/www.lifenatura.com\\\/es\\\/\"},{\"@type\":\"ListItem\",\"position\":2,\"name\":\"Todos los Productos\",\"item\":\"https:\\\/\\\/www.lifenatura.com\\\/es\\\/tienda\\\/\"},{\"@type\":\"ListItem\",\"position\":3,\"name\":\"Activ Ozone Dentifrico 75 ml &#8211; Justnat\"}]},{\"@type\":\"WebSite\",\"@id\":\"https:\\\/\\\/www.lifenatura.com\\\/es\\\/#website\",\"url\":\"https:\\\/\\\/www.lifenatura.com\\\/es\\\/\",\"name\":\"Lifenatura\",\"description\":\"A Lifenatura \u00e9 uma loja de produtos naturais, cosm\u00e9tica natural e alimenta\u00e7\u00e3o Biol\u00f3gica.\",\"publisher\":{\"@id\":\"https:\\\/\\\/www.lifenatura.com\\\/es\\\/#organization\"},\"potentialAction\":[{\"@type\":\"SearchAction\",\"target\":{\"@type\":\"EntryPoint\",\"urlTemplate\":\"https:\\\/\\\/www.lifenatura.com\\\/es\\\/?s={search_term_string}\"},\"query-input\":{\"@type\":\"PropertyValueSpecification\",\"valueRequired\":true,\"valueName\":\"search_term_string\"}}],\"inLanguage\":\"es\"},{\"@type\":\"Organization\",\"@id\":\"https:\\\/\\\/www.lifenatura.com\\\/es\\\/#organization\",\"name\":\"Lifenatura\",\"url\":\"https:\\\/\\\/www.lifenatura.com\\\/es\\\/\",\"logo\":{\"@type\":\"ImageObject\",\"inLanguage\":\"es\",\"@id\":\"https:\\\/\\\/www.lifenatura.com\\\/es\\\/#\\\/schema\\\/logo\\\/image\\\/\",\"url\":\"https:\\\/\\\/www.lifenatura.com\\\/wp-content\\\/uploads\\\/2021\\\/07\\\/logo.png\",\"contentUrl\":\"https:\\\/\\\/www.lifenatura.com\\\/wp-content\\\/uploads\\\/2021\\\/07\\\/logo.png\",\"width\":175,\"height\":55,\"caption\":\"Lifenatura\"},\"image\":{\"@id\":\"https:\\\/\\\/www.lifenatura.com\\\/es\\\/#\\\/schema\\\/logo\\\/image\\\/\"},\"sameAs\":[\"https:\\\/\\\/www.facebook.com\\\/lifenatura\",\"https:\\\/\\\/www.instagram.com\\\/lifenaturapt\\\/\"],\"hasMerchantReturnPolicy\":{\"@type\":\"MerchantReturnPolicy\",\"merchantReturnLink\":\"https:\\\/\\\/www.lifenatura.com\\\/termos-condicoes-lifenatura\\\/\"}}]}<\/script>\n<meta property=\"product:price:amount\" content=\"10.42\" \/>\n<meta property=\"product:price:currency\" content=\"EUR\" \/>\n<meta property=\"og:availability\" content=\"out of stock\" \/>\n<meta property=\"product:availability\" content=\"out of stock\" \/>\n<meta property=\"product:retailer_item_id\" content=\"5600493220104\" \/>\n<meta property=\"product:condition\" content=\"new\" \/>\n<!-- \/ Yoast SEO Premium plugin. -->","yoast_head_json":{"title":"Activ Ozone Dentifrico 75 ml - Justnat","description":"Dent\u00edfrico Activo Ozone contiene una equilibrada mezcla de aceites vegetales ozonizados que conservan muchos de los beneficios del ozono.","robots":{"index":"index","follow":"follow","max-snippet":"max-snippet:-1","max-image-preview":"max-image-preview:large","max-video-preview":"max-video-preview:-1"},"canonical":"https:\/\/www.lifenatura.com\/es\/produto\/activ-ozone-dentifrico-75-ml-justnat\/","og_locale":"es_ES","og_type":"article","og_title":"Activ Ozone Dentifrico 75 ml - Justnat - Na Lifenatura ao Melhor Pre\u00e7o | Envio 48h","og_description":"Compre Activ Ozone Dentifrico 75 ml - Justnat com envio r\u00e1pido. Entrega em 48h e portes gr\u00e1tis em compras >35\u20ac. Aproveite j\u00e1 na Lifenatura","og_url":"https:\/\/www.lifenatura.com\/es\/produto\/activ-ozone-dentifrico-75-ml-justnat\/","og_site_name":"Lifenatura","article_publisher":"https:\/\/www.facebook.com\/lifenatura","article_modified_time":"2026-04-21T00:08:26+00:00","og_image":[{"width":1000,"height":1000,"url":"https:\/\/www.lifenatura.com\/wp-content\/uploads\/2021\/09\/gd_activ-ozone-pasta-de-dentes-75-ml-justnat.jpg","type":"image\/jpeg"}],"twitter_card":"summary_large_image","twitter_misc":{"Precio":"10,42&nbsp;&euro;","Disponibilidad":"Sin existencias"},"schema":{"@context":"https:\/\/schema.org","@graph":[{"@type":"WebPage","@id":"https:\/\/www.lifenatura.com\/es\/produto\/activ-ozone-dentifrico-75-ml-justnat\/","url":"https:\/\/www.lifenatura.com\/es\/produto\/activ-ozone-dentifrico-75-ml-justnat\/","name":"Activ Ozone Dentifrico 75 ml - Justnat","isPartOf":{"@id":"https:\/\/www.lifenatura.com\/es\/#website"},"primaryImageOfPage":{"@id":"https:\/\/www.lifenatura.com\/es\/produto\/activ-ozone-dentifrico-75-ml-justnat\/#primaryimage"},"image":{"@id":"https:\/\/www.lifenatura.com\/es\/produto\/activ-ozone-dentifrico-75-ml-justnat\/#primaryimage"},"thumbnailUrl":"https:\/\/www.lifenatura.com\/wp-content\/uploads\/2026\/05\/5600493220104-Activ-Ozone-Dental-Fresh-75ml-Justnat-nutribio.png","datePublished":"2022-06-01T00:00:00+00:00","dateModified":"2026-04-21T00:08:26+00:00","description":"Dent\u00edfrico Activo Ozone contiene una equilibrada mezcla de aceites vegetales ozonizados que conservan muchos de los beneficios del ozono.","breadcrumb":{"@id":"https:\/\/www.lifenatura.com\/es\/produto\/activ-ozone-dentifrico-75-ml-justnat\/#breadcrumb"},"inLanguage":"es","potentialAction":[{"@type":"ReadAction","target":["https:\/\/www.lifenatura.com\/es\/produto\/activ-ozone-dentifrico-75-ml-justnat\/"]}]},{"@type":"ImageObject","inLanguage":"es","@id":"https:\/\/www.lifenatura.com\/es\/produto\/activ-ozone-dentifrico-75-ml-justnat\/#primaryimage","url":"https:\/\/www.lifenatura.com\/wp-content\/uploads\/2026\/05\/5600493220104-Activ-Ozone-Dental-Fresh-75ml-Justnat-nutribio.png","contentUrl":"https:\/\/www.lifenatura.com\/wp-content\/uploads\/2026\/05\/5600493220104-Activ-Ozone-Dental-Fresh-75ml-Justnat-nutribio.png","width":450,"height":600},{"@type":"BreadcrumbList","@id":"https:\/\/www.lifenatura.com\/es\/produto\/activ-ozone-dentifrico-75-ml-justnat\/#breadcrumb","itemListElement":[{"@type":"ListItem","position":1,"name":"In\u00edcio","item":"https:\/\/www.lifenatura.com\/es\/"},{"@type":"ListItem","position":2,"name":"Todos los Productos","item":"https:\/\/www.lifenatura.com\/es\/tienda\/"},{"@type":"ListItem","position":3,"name":"Activ Ozone Dentifrico 75 ml &#8211; Justnat"}]},{"@type":"WebSite","@id":"https:\/\/www.lifenatura.com\/es\/#website","url":"https:\/\/www.lifenatura.com\/es\/","name":"Lifenatura","description":"A Lifenatura \u00e9 uma loja de produtos naturais, cosm\u00e9tica natural e alimenta\u00e7\u00e3o Biol\u00f3gica.","publisher":{"@id":"https:\/\/www.lifenatura.com\/es\/#organization"},"potentialAction":[{"@type":"SearchAction","target":{"@type":"EntryPoint","urlTemplate":"https:\/\/www.lifenatura.com\/es\/?s={search_term_string}"},"query-input":{"@type":"PropertyValueSpecification","valueRequired":true,"valueName":"search_term_string"}}],"inLanguage":"es"},{"@type":"Organization","@id":"https:\/\/www.lifenatura.com\/es\/#organization","name":"Lifenatura","url":"https:\/\/www.lifenatura.com\/es\/","logo":{"@type":"ImageObject","inLanguage":"es","@id":"https:\/\/www.lifenatura.com\/es\/#\/schema\/logo\/image\/","url":"https:\/\/www.lifenatura.com\/wp-content\/uploads\/2021\/07\/logo.png","contentUrl":"https:\/\/www.lifenatura.com\/wp-content\/uploads\/2021\/07\/logo.png","width":175,"height":55,"caption":"Lifenatura"},"image":{"@id":"https:\/\/www.lifenatura.com\/es\/#\/schema\/logo\/image\/"},"sameAs":["https:\/\/www.facebook.com\/lifenatura","https:\/\/www.instagram.com\/lifenaturapt\/"],"hasMerchantReturnPolicy":{"@type":"MerchantReturnPolicy","merchantReturnLink":"https:\/\/www.lifenatura.com\/termos-condicoes-lifenatura\/"}}]},"product_price_amount":"10.42","product_price_currency":"EUR","og_availability":"out of stock","product_availability":"out of stock","product_retailer_item_id":"5600493220104","product_condition":"new"},"df_price":10.42,"df_sale_price":10.42,"df_regular_price":12.26,"df_image_link":"https:\/\/www.lifenatura.com\/wp-content\/uploads\/2026\/05\/5600493220104-Activ-Ozone-Dental-Fresh-75ml-Justnat-nutribio-225x300.png","_links":{"self":[{"href":"https:\/\/www.lifenatura.com\/es\/wp-json\/wp\/v2\/product\/35479","targetHints":{"allow":["GET"]}}],"collection":[{"href":"https:\/\/www.lifenatura.com\/es\/wp-json\/wp\/v2\/product"}],"about":[{"href":"https:\/\/www.lifenatura.com\/es\/wp-json\/wp\/v2\/types\/product"}],"wp:featuredmedia":[{"embeddable":true,"href":"https:\/\/www.lifenatura.com\/es\/wp-json\/wp\/v2\/media\/140932"}],"wp:attachment":[{"href":"https:\/\/www.lifenatura.com\/es\/wp-json\/wp\/v2\/media?parent=35479"}],"wp:term":[{"taxonomy":"product_brand","embeddable":true,"href":"https:\/\/www.lifenatura.com\/es\/wp-json\/wp\/v2\/product_brand?post=35479"},{"taxonomy":"product_cat","embeddable":true,"href":"https:\/\/www.lifenatura.com\/es\/wp-json\/wp\/v2\/product_cat?post=35479"},{"taxonomy":"product_tag","embeddable":true,"href":"https:\/\/www.lifenatura.com\/es\/wp-json\/wp\/v2\/product_tag?post=35479"}],"curies":[{"name":"wp","href":"https:\/\/api.w.org\/{rel}","templated":true}]}}