{"id":35474,"date":"2022-06-01T00:00:00","date_gmt":"2022-06-01T00:00:00","guid":{"rendered":"https:\/\/lifenatura.dev.agenciagetdigital.com\/produto\/activ-ozone-oleo-ozonizado-100-ml-justnat\/"},"modified":"2026-04-21T00:08:25","modified_gmt":"2026-04-21T00:08:25","slug":"activ-ozone-oleo-ozonizado-100-ml-justnat","status":"publish","type":"product","link":"https:\/\/www.lifenatura.com\/es\/produto\/activ-ozone-oleo-ozonizado-100-ml-justnat\/","title":{"rendered":"Activ Ozone \u00d3leo Ozonizado 100 ml &#8211; Justnat"},"content":{"rendered":"<h2><strong>Activ Ozone aceite antif\u00fangico: Ozonoterapia<\/strong><\/h2>\n<p>&nbsp;<\/p>\n<p>El aceite Activ Ozone 100ml es 100% principio activo y su f\u00f3rmula contiene \u00fanicamente aceites vegetales ozonizados. Es germicida, cicatrizante, regenerador, ligeramente analg\u00e9sico y antiinflamatorio.<\/p>\n<p>Puede utilizarse a cualquier edad, durante el embarazo y puede aplicarse con la frecuencia necesaria.<br \/>\nPuede utilizarse en la zona genital, en la zona anal, en las mucosas, en los pezones y en cualquier parte del cuerpo.<\/p>\n<p>En la piel, los aceites vegetales ozonizados se absorben en profundidad y aportan muchas de las propiedades del ozono, como las antioxidantes, regeneradoras y purificadoras.<\/p>\n<p>Cuando se aplican aceites ozonizados a la piel, se libera ozono. Esto act\u00faa sobre los pat\u00f3genos transitorios a\u00f1adi\u00e9ndoles cargas negativas, desestabilizando su metabolismo e impidiendo su proliferaci\u00f3n.<\/p>\n<p>Activa la energ\u00eda celular de los tejidos da\u00f1ados, dando a la piel las herramientas para su recuperaci\u00f3n y evitando la necrosis.<\/p>\n<p><strong>PRESENTACI\u00d3N<\/strong><\/p>\n<p>100ml<\/p>\n<p>&nbsp;<\/p>\n","protected":false},"excerpt":{"rendered":"<p>Ozone Oil de 100ml puede utilizarse todas las veces que sean necesarias, aplicando una cantidad generosa sobre la zona afectada. [&#8230;]<\/p>\n<p><a class=\"btn btn-secondary understrap-read-more-link\" href=\"https:\/\/www.lifenatura.com\/es\/produto\/activ-ozone-oleo-ozonizado-100-ml-justnat\/\">Leer m\u00e1s&#8230;<span class=\"screen-reader-text\"> from Activ Ozone \u00d3leo Ozonizado 100 ml &#8211; Justnat<\/span><\/a><\/p>\n","protected":false},"featured_media":140916,"template":"","meta":{"_acf_changed":false},"product_brand":[8283],"product_cat":[7117,7653,7115,7216],"product_tag":[],"class_list":{"0":"post-35474","1":"product","2":"type-product","3":"status-publish","4":"has-post-thumbnail","6":"product_brand-activ-ozone","7":"product_cat-cicatrizacion-de-la-piel","8":"product_cat-cosmetica-natural-lifenatura","9":"product_cat-cuidado-de-la-cara","10":"product_cat-ozonoterapia-salud","11":"pa_dicas-aceite-ozonizado-que-son","13":"first","14":"outofstock","15":"sale","16":"featured","17":"shipping-taxable","18":"purchasable","19":"product-type-simple","20":"add-to-wishlist-before_image"},"acf":[],"yoast_head":"<!-- This site is optimized with the Yoast SEO Premium plugin v27.1 (Yoast SEO v27.5) - https:\/\/yoast.com\/product\/yoast-seo-premium-wordpress\/ -->\n<title>Activ Ozone \u00d3leo Ozonizado 100 ml - Justnat<\/title>\n<meta name=\"description\" content=\"Ozone Oil de 100ml puede utilizarse todas las veces que sean necesarias, aplicando una cantidad generosa sobre la zona afectada.\" \/>\n<meta name=\"robots\" content=\"index, follow, max-snippet:-1, max-image-preview:large, max-video-preview:-1\" \/>\n<link rel=\"canonical\" href=\"https:\/\/www.lifenatura.com\/es\/produto\/activ-ozone-oleo-ozonizado-100-ml-justnat\/\" \/>\n<meta property=\"og:locale\" content=\"es_ES\" \/>\n<meta property=\"og:type\" content=\"article\" \/>\n<meta property=\"og:title\" content=\"Activ Ozone \u00d3leo Ozonizado 100 ml - Justnat - Na Lifenatura ao Melhor Pre\u00e7o | Envio 48h\" \/>\n<meta property=\"og:description\" content=\"Compre Activ Ozone \u00d3leo Ozonizado 100 ml - Justnat com envio r\u00e1pido. Entrega em 48h e portes gr\u00e1tis em compras &gt;35\u20ac. Aproveite j\u00e1 na Lifenatura\" \/>\n<meta property=\"og:url\" content=\"https:\/\/www.lifenatura.com\/es\/produto\/activ-ozone-oleo-ozonizado-100-ml-justnat\/\" \/>\n<meta property=\"og:site_name\" content=\"Lifenatura\" \/>\n<meta property=\"article:publisher\" content=\"https:\/\/www.facebook.com\/lifenatura\" \/>\n<meta property=\"article:modified_time\" content=\"2026-04-21T00:08:25+00:00\" \/>\n<meta property=\"og:image\" content=\"https:\/\/www.lifenatura.com\/wp-content\/uploads\/2021\/09\/gd_activ-ozone-oleo-ozonizado-100-ml-justnat.jpg\" \/>\n\t<meta property=\"og:image:width\" content=\"1000\" \/>\n\t<meta property=\"og:image:height\" content=\"1000\" \/>\n\t<meta property=\"og:image:type\" content=\"image\/jpeg\" \/>\n<meta name=\"twitter:card\" content=\"summary_large_image\" \/>\n<meta name=\"twitter:label1\" content=\"Precio\" \/>\n\t<meta name=\"twitter:data1\" content=\"26,72&nbsp;&euro;\" \/>\n\t<meta name=\"twitter:label2\" content=\"Disponibilidad\" \/>\n\t<meta name=\"twitter:data2\" content=\"Sin existencias\" \/>\n<script type=\"application\/ld+json\" class=\"yoast-schema-graph\">{\"@context\":\"https:\\\/\\\/schema.org\",\"@graph\":[{\"@type\":\"WebPage\",\"@id\":\"https:\\\/\\\/www.lifenatura.com\\\/es\\\/produto\\\/activ-ozone-oleo-ozonizado-100-ml-justnat\\\/\",\"url\":\"https:\\\/\\\/www.lifenatura.com\\\/es\\\/produto\\\/activ-ozone-oleo-ozonizado-100-ml-justnat\\\/\",\"name\":\"Activ Ozone \u00d3leo Ozonizado 100 ml - Justnat\",\"isPartOf\":{\"@id\":\"https:\\\/\\\/www.lifenatura.com\\\/es\\\/#website\"},\"primaryImageOfPage\":{\"@id\":\"https:\\\/\\\/www.lifenatura.com\\\/es\\\/produto\\\/activ-ozone-oleo-ozonizado-100-ml-justnat\\\/#primaryimage\"},\"image\":{\"@id\":\"https:\\\/\\\/www.lifenatura.com\\\/es\\\/produto\\\/activ-ozone-oleo-ozonizado-100-ml-justnat\\\/#primaryimage\"},\"thumbnailUrl\":\"https:\\\/\\\/www.lifenatura.com\\\/wp-content\\\/uploads\\\/2026\\\/05\\\/3D-activozone-ozone-oil-100ml-1.png\",\"datePublished\":\"2022-06-01T00:00:00+00:00\",\"dateModified\":\"2026-04-21T00:08:25+00:00\",\"description\":\"Ozone Oil de 100ml puede utilizarse todas las veces que sean necesarias, aplicando una cantidad generosa sobre la zona afectada.\",\"breadcrumb\":{\"@id\":\"https:\\\/\\\/www.lifenatura.com\\\/es\\\/produto\\\/activ-ozone-oleo-ozonizado-100-ml-justnat\\\/#breadcrumb\"},\"inLanguage\":\"es\",\"potentialAction\":[{\"@type\":\"ReadAction\",\"target\":[\"https:\\\/\\\/www.lifenatura.com\\\/es\\\/produto\\\/activ-ozone-oleo-ozonizado-100-ml-justnat\\\/\"]}]},{\"@type\":\"ImageObject\",\"inLanguage\":\"es\",\"@id\":\"https:\\\/\\\/www.lifenatura.com\\\/es\\\/produto\\\/activ-ozone-oleo-ozonizado-100-ml-justnat\\\/#primaryimage\",\"url\":\"https:\\\/\\\/www.lifenatura.com\\\/wp-content\\\/uploads\\\/2026\\\/05\\\/3D-activozone-ozone-oil-100ml-1.png\",\"contentUrl\":\"https:\\\/\\\/www.lifenatura.com\\\/wp-content\\\/uploads\\\/2026\\\/05\\\/3D-activozone-ozone-oil-100ml-1.png\",\"width\":1000,\"height\":1000},{\"@type\":\"BreadcrumbList\",\"@id\":\"https:\\\/\\\/www.lifenatura.com\\\/es\\\/produto\\\/activ-ozone-oleo-ozonizado-100-ml-justnat\\\/#breadcrumb\",\"itemListElement\":[{\"@type\":\"ListItem\",\"position\":1,\"name\":\"In\u00edcio\",\"item\":\"https:\\\/\\\/www.lifenatura.com\\\/es\\\/\"},{\"@type\":\"ListItem\",\"position\":2,\"name\":\"Todos los Productos\",\"item\":\"https:\\\/\\\/www.lifenatura.com\\\/es\\\/tienda\\\/\"},{\"@type\":\"ListItem\",\"position\":3,\"name\":\"Activ Ozone \u00d3leo Ozonizado 100 ml &#8211; Justnat\"}]},{\"@type\":\"WebSite\",\"@id\":\"https:\\\/\\\/www.lifenatura.com\\\/es\\\/#website\",\"url\":\"https:\\\/\\\/www.lifenatura.com\\\/es\\\/\",\"name\":\"Lifenatura\",\"description\":\"A Lifenatura \u00e9 uma loja de produtos naturais, cosm\u00e9tica natural e alimenta\u00e7\u00e3o Biol\u00f3gica.\",\"publisher\":{\"@id\":\"https:\\\/\\\/www.lifenatura.com\\\/es\\\/#organization\"},\"potentialAction\":[{\"@type\":\"SearchAction\",\"target\":{\"@type\":\"EntryPoint\",\"urlTemplate\":\"https:\\\/\\\/www.lifenatura.com\\\/es\\\/?s={search_term_string}\"},\"query-input\":{\"@type\":\"PropertyValueSpecification\",\"valueRequired\":true,\"valueName\":\"search_term_string\"}}],\"inLanguage\":\"es\"},{\"@type\":\"Organization\",\"@id\":\"https:\\\/\\\/www.lifenatura.com\\\/es\\\/#organization\",\"name\":\"Lifenatura\",\"url\":\"https:\\\/\\\/www.lifenatura.com\\\/es\\\/\",\"logo\":{\"@type\":\"ImageObject\",\"inLanguage\":\"es\",\"@id\":\"https:\\\/\\\/www.lifenatura.com\\\/es\\\/#\\\/schema\\\/logo\\\/image\\\/\",\"url\":\"https:\\\/\\\/www.lifenatura.com\\\/wp-content\\\/uploads\\\/2021\\\/07\\\/logo.png\",\"contentUrl\":\"https:\\\/\\\/www.lifenatura.com\\\/wp-content\\\/uploads\\\/2021\\\/07\\\/logo.png\",\"width\":175,\"height\":55,\"caption\":\"Lifenatura\"},\"image\":{\"@id\":\"https:\\\/\\\/www.lifenatura.com\\\/es\\\/#\\\/schema\\\/logo\\\/image\\\/\"},\"sameAs\":[\"https:\\\/\\\/www.facebook.com\\\/lifenatura\",\"https:\\\/\\\/www.instagram.com\\\/lifenaturapt\\\/\"],\"hasMerchantReturnPolicy\":{\"@type\":\"MerchantReturnPolicy\",\"merchantReturnLink\":\"https:\\\/\\\/www.lifenatura.com\\\/termos-condicoes-lifenatura\\\/\"}}]}<\/script>\n<meta property=\"product:price:amount\" content=\"26.72\" \/>\n<meta property=\"product:price:currency\" content=\"EUR\" \/>\n<meta property=\"og:availability\" content=\"out of stock\" \/>\n<meta property=\"product:availability\" content=\"out of stock\" \/>\n<meta property=\"product:retailer_item_id\" content=\"5600493220043\" \/>\n<meta property=\"product:condition\" content=\"new\" \/>\n<!-- \/ Yoast SEO Premium plugin. -->","yoast_head_json":{"title":"Activ Ozone \u00d3leo Ozonizado 100 ml - Justnat","description":"Ozone Oil de 100ml puede utilizarse todas las veces que sean necesarias, aplicando una cantidad generosa sobre la zona afectada.","robots":{"index":"index","follow":"follow","max-snippet":"max-snippet:-1","max-image-preview":"max-image-preview:large","max-video-preview":"max-video-preview:-1"},"canonical":"https:\/\/www.lifenatura.com\/es\/produto\/activ-ozone-oleo-ozonizado-100-ml-justnat\/","og_locale":"es_ES","og_type":"article","og_title":"Activ Ozone \u00d3leo Ozonizado 100 ml - Justnat - Na Lifenatura ao Melhor Pre\u00e7o | Envio 48h","og_description":"Compre Activ Ozone \u00d3leo Ozonizado 100 ml - Justnat com envio r\u00e1pido. Entrega em 48h e portes gr\u00e1tis em compras >35\u20ac. Aproveite j\u00e1 na Lifenatura","og_url":"https:\/\/www.lifenatura.com\/es\/produto\/activ-ozone-oleo-ozonizado-100-ml-justnat\/","og_site_name":"Lifenatura","article_publisher":"https:\/\/www.facebook.com\/lifenatura","article_modified_time":"2026-04-21T00:08:25+00:00","og_image":[{"width":1000,"height":1000,"url":"https:\/\/www.lifenatura.com\/wp-content\/uploads\/2021\/09\/gd_activ-ozone-oleo-ozonizado-100-ml-justnat.jpg","type":"image\/jpeg"}],"twitter_card":"summary_large_image","twitter_misc":{"Precio":"26,72&nbsp;&euro;","Disponibilidad":"Sin existencias"},"schema":{"@context":"https:\/\/schema.org","@graph":[{"@type":"WebPage","@id":"https:\/\/www.lifenatura.com\/es\/produto\/activ-ozone-oleo-ozonizado-100-ml-justnat\/","url":"https:\/\/www.lifenatura.com\/es\/produto\/activ-ozone-oleo-ozonizado-100-ml-justnat\/","name":"Activ Ozone \u00d3leo Ozonizado 100 ml - Justnat","isPartOf":{"@id":"https:\/\/www.lifenatura.com\/es\/#website"},"primaryImageOfPage":{"@id":"https:\/\/www.lifenatura.com\/es\/produto\/activ-ozone-oleo-ozonizado-100-ml-justnat\/#primaryimage"},"image":{"@id":"https:\/\/www.lifenatura.com\/es\/produto\/activ-ozone-oleo-ozonizado-100-ml-justnat\/#primaryimage"},"thumbnailUrl":"https:\/\/www.lifenatura.com\/wp-content\/uploads\/2026\/05\/3D-activozone-ozone-oil-100ml-1.png","datePublished":"2022-06-01T00:00:00+00:00","dateModified":"2026-04-21T00:08:25+00:00","description":"Ozone Oil de 100ml puede utilizarse todas las veces que sean necesarias, aplicando una cantidad generosa sobre la zona afectada.","breadcrumb":{"@id":"https:\/\/www.lifenatura.com\/es\/produto\/activ-ozone-oleo-ozonizado-100-ml-justnat\/#breadcrumb"},"inLanguage":"es","potentialAction":[{"@type":"ReadAction","target":["https:\/\/www.lifenatura.com\/es\/produto\/activ-ozone-oleo-ozonizado-100-ml-justnat\/"]}]},{"@type":"ImageObject","inLanguage":"es","@id":"https:\/\/www.lifenatura.com\/es\/produto\/activ-ozone-oleo-ozonizado-100-ml-justnat\/#primaryimage","url":"https:\/\/www.lifenatura.com\/wp-content\/uploads\/2026\/05\/3D-activozone-ozone-oil-100ml-1.png","contentUrl":"https:\/\/www.lifenatura.com\/wp-content\/uploads\/2026\/05\/3D-activozone-ozone-oil-100ml-1.png","width":1000,"height":1000},{"@type":"BreadcrumbList","@id":"https:\/\/www.lifenatura.com\/es\/produto\/activ-ozone-oleo-ozonizado-100-ml-justnat\/#breadcrumb","itemListElement":[{"@type":"ListItem","position":1,"name":"In\u00edcio","item":"https:\/\/www.lifenatura.com\/es\/"},{"@type":"ListItem","position":2,"name":"Todos los Productos","item":"https:\/\/www.lifenatura.com\/es\/tienda\/"},{"@type":"ListItem","position":3,"name":"Activ Ozone \u00d3leo Ozonizado 100 ml &#8211; Justnat"}]},{"@type":"WebSite","@id":"https:\/\/www.lifenatura.com\/es\/#website","url":"https:\/\/www.lifenatura.com\/es\/","name":"Lifenatura","description":"A Lifenatura \u00e9 uma loja de produtos naturais, cosm\u00e9tica natural e alimenta\u00e7\u00e3o Biol\u00f3gica.","publisher":{"@id":"https:\/\/www.lifenatura.com\/es\/#organization"},"potentialAction":[{"@type":"SearchAction","target":{"@type":"EntryPoint","urlTemplate":"https:\/\/www.lifenatura.com\/es\/?s={search_term_string}"},"query-input":{"@type":"PropertyValueSpecification","valueRequired":true,"valueName":"search_term_string"}}],"inLanguage":"es"},{"@type":"Organization","@id":"https:\/\/www.lifenatura.com\/es\/#organization","name":"Lifenatura","url":"https:\/\/www.lifenatura.com\/es\/","logo":{"@type":"ImageObject","inLanguage":"es","@id":"https:\/\/www.lifenatura.com\/es\/#\/schema\/logo\/image\/","url":"https:\/\/www.lifenatura.com\/wp-content\/uploads\/2021\/07\/logo.png","contentUrl":"https:\/\/www.lifenatura.com\/wp-content\/uploads\/2021\/07\/logo.png","width":175,"height":55,"caption":"Lifenatura"},"image":{"@id":"https:\/\/www.lifenatura.com\/es\/#\/schema\/logo\/image\/"},"sameAs":["https:\/\/www.facebook.com\/lifenatura","https:\/\/www.instagram.com\/lifenaturapt\/"],"hasMerchantReturnPolicy":{"@type":"MerchantReturnPolicy","merchantReturnLink":"https:\/\/www.lifenatura.com\/termos-condicoes-lifenatura\/"}}]},"product_price_amount":"26.72","product_price_currency":"EUR","og_availability":"out of stock","product_availability":"out of stock","product_retailer_item_id":"5600493220043","product_condition":"new"},"df_price":26.72,"df_sale_price":26.72,"df_regular_price":31.43,"df_image_link":"https:\/\/www.lifenatura.com\/wp-content\/uploads\/2026\/05\/3D-activozone-ozone-oil-100ml-1-300x300.png","_links":{"self":[{"href":"https:\/\/www.lifenatura.com\/es\/wp-json\/wp\/v2\/product\/35474","targetHints":{"allow":["GET"]}}],"collection":[{"href":"https:\/\/www.lifenatura.com\/es\/wp-json\/wp\/v2\/product"}],"about":[{"href":"https:\/\/www.lifenatura.com\/es\/wp-json\/wp\/v2\/types\/product"}],"wp:featuredmedia":[{"embeddable":true,"href":"https:\/\/www.lifenatura.com\/es\/wp-json\/wp\/v2\/media\/140916"}],"wp:attachment":[{"href":"https:\/\/www.lifenatura.com\/es\/wp-json\/wp\/v2\/media?parent=35474"}],"wp:term":[{"taxonomy":"product_brand","embeddable":true,"href":"https:\/\/www.lifenatura.com\/es\/wp-json\/wp\/v2\/product_brand?post=35474"},{"taxonomy":"product_cat","embeddable":true,"href":"https:\/\/www.lifenatura.com\/es\/wp-json\/wp\/v2\/product_cat?post=35474"},{"taxonomy":"product_tag","embeddable":true,"href":"https:\/\/www.lifenatura.com\/es\/wp-json\/wp\/v2\/product_tag?post=35474"}],"curies":[{"name":"wp","href":"https:\/\/api.w.org\/{rel}","templated":true}]}}