{"id":35471,"date":"2022-06-01T00:00:00","date_gmt":"2022-06-01T00:00:00","guid":{"rendered":"https:\/\/lifenatura.dev.agenciagetdigital.com\/produto\/activ-ozone-crema-hidratante-de-cara-50-ml-justnat\/"},"modified":"2026-04-21T00:08:24","modified_gmt":"2026-04-21T00:08:24","slug":"activ-ozone-crema-hidratante-de-cara-50-ml-justnat","status":"publish","type":"product","link":"https:\/\/www.lifenatura.com\/es\/produto\/activ-ozone-crema-hidratante-de-cara-50-ml-justnat\/","title":{"rendered":"Activ Ozone Crema Hidratante de Cara 50 ml &#8211; Justnat"},"content":{"rendered":"<h2 style=\"text-align: left;\"><strong>Crema antiarrugas e hidratante Activ Ozone &#8211; Ozonoterapia<\/strong><\/h2>\n<p>&nbsp;<\/p>\n<p>La crema hidratante Activ Ozone est\u00e1 formulada con una mezcla equilibrada de aceites vegetales ozonizados, de oliva y de girasol, en una base ultrasuave e hidratante, con manteca de karit\u00e9 y enriquecida con un complejo activador de c\u00e9lulas madre a base de prote\u00edna hidrolizada de guisante, lecitina, aceite de oliva y fitoesteroles.<\/p>\n<p>Los aceites ozonizados conservan muchas de las propiedades y beneficios del ozono, como agente antioxidante, regenerador y purificador.<\/p>\n<p>Es adecuado para todo tipo de pieles.<\/p>\n<p>La crema Activ Ozone es ultra hidratante, est\u00e1 especialmente indicada para la sequedad intensa de la piel.<\/p>\n<ul>\n<li>No contiene sustancias irritantes o potencialmente reactivas.<\/li>\n<li>Se recomienda para el cuidado de la piel at\u00f3pica.<\/li>\n<li>Alivia el enrojecimiento, el picor y las manchas de la piel sensible y disminuye la hipersensibilidad cut\u00e1nea.<\/li>\n<\/ul>\n<p>El efecto antis\u00e9ptico de la crema de ozono, la convierte en una crema ideal para el tratamiento del acn\u00e9, adem\u00e1s de otros efectos, puede atenuar las marcas y cicatrices.<\/p>\n<p>La crema es el complemento ideal para la belleza de la piel, previene y combate la pigmentaci\u00f3n y tiene una acci\u00f3n &#8220;antienvejecimiento&#8221;, lo que la sit\u00faa como una crema de noche muy eficaz.<\/p>\n<p>Tambi\u00e9n puede estar indicado para el tratamiento de problemas cut\u00e1neos como la ros\u00e1cea, la psoriasis, la piel sensible, el acn\u00e9, etc.<\/p>\n<p><strong>PRESENTACI\u00d3N<\/strong><\/p>\n<p>50ml<\/p>\n<p>&nbsp;<\/p>\n","protected":false},"excerpt":{"rendered":"<p>Crema facial hidratante Activ Ozone, especialmente aplicada contra el picor, la dermatitis, la inflamaci\u00f3n, las quemaduras; la ros\u00e1cea; la psoriasis y el acn\u00e9. [&#8230;]<\/p>\n<p><a class=\"btn btn-secondary understrap-read-more-link\" href=\"https:\/\/www.lifenatura.com\/es\/produto\/activ-ozone-crema-hidratante-de-cara-50-ml-justnat\/\">Leer m\u00e1s&#8230;<span class=\"screen-reader-text\"> from Activ Ozone Crema Hidratante de Cara 50 ml &#8211; Justnat<\/span><\/a><\/p>\n","protected":false},"featured_media":16247,"template":"","meta":{"_acf_changed":false},"product_brand":[8283],"product_cat":[7116,7653,7119,7115,7216],"product_tag":[],"class_list":{"0":"post-35471","1":"product","2":"type-product","3":"status-publish","4":"has-post-thumbnail","6":"product_brand-activ-ozone","7":"product_cat-antiedad","8":"product_cat-cosmetica-natural-lifenatura","9":"product_cat-crema-hidratante-cara","10":"product_cat-cuidado-de-la-cara","11":"product_cat-ozonoterapia-salud","13":"first","14":"instock","15":"sale","16":"featured","17":"shipping-taxable","18":"purchasable","19":"product-type-simple","20":"add-to-wishlist-before_image"},"acf":[],"yoast_head":"<!-- This site is optimized with the Yoast SEO Premium plugin v27.1 (Yoast SEO v27.4) - https:\/\/yoast.com\/product\/yoast-seo-premium-wordpress\/ -->\n<title>Activ Ozone Crema Hidratante Justnat - Lifenatura<\/title>\n<meta name=\"description\" content=\"Crema facial hidratante Activ Ozone, aplicada contra el picor, la dermatitis, la inflamaci\u00f3n, las quemaduras; la ros\u00e1cea; la psoriasis y el acn\u00e9.\" \/>\n<meta name=\"robots\" content=\"index, follow, max-snippet:-1, max-image-preview:large, max-video-preview:-1\" \/>\n<link rel=\"canonical\" href=\"https:\/\/www.lifenatura.com\/es\/produto\/activ-ozone-crema-hidratante-de-cara-50-ml-justnat\/\" \/>\n<meta property=\"og:locale\" content=\"es_ES\" \/>\n<meta property=\"og:type\" content=\"article\" \/>\n<meta property=\"og:title\" content=\"Activ Ozone Crema Hidratante de Cara 50 ml - Justnat - Lifenatura\" \/>\n<meta property=\"og:description\" content=\"Compre aqui o seu Activ Ozone Crema Hidratante de Cara 50 ml - Justnat e a Lifenatura Online envia em 48 H com Portes Gratis &gt;35\u20ac de Pedido.\" \/>\n<meta property=\"og:url\" content=\"https:\/\/www.lifenatura.com\/es\/produto\/activ-ozone-crema-hidratante-de-cara-50-ml-justnat\/\" \/>\n<meta property=\"og:site_name\" content=\"Lifenatura\" \/>\n<meta property=\"article:publisher\" content=\"https:\/\/www.facebook.com\/lifenatura\" \/>\n<meta property=\"article:modified_time\" content=\"2026-04-21T00:08:24+00:00\" \/>\n<meta property=\"og:image\" content=\"https:\/\/www.lifenatura.com\/wp-content\/uploads\/2021\/09\/gd_activ-ozone-creme-hidratante-de-rosto-50-ml-justnat.jpg\" \/>\n\t<meta property=\"og:image:width\" content=\"1000\" \/>\n\t<meta property=\"og:image:height\" content=\"1000\" \/>\n\t<meta property=\"og:image:type\" content=\"image\/jpeg\" \/>\n<meta name=\"twitter:card\" content=\"summary_large_image\" \/>\n<meta name=\"twitter:label1\" content=\"Precio\" \/>\n\t<meta name=\"twitter:data1\" content=\"24,57&nbsp;&euro;\" \/>\n\t<meta name=\"twitter:label2\" content=\"Disponibilidad\" \/>\n\t<meta name=\"twitter:data2\" content=\"Disponible\" \/>\n<meta property=\"product:price:amount\" content=\"24.57\" \/>\n<meta property=\"product:price:currency\" content=\"EUR\" \/>\n<meta property=\"og:availability\" content=\"instock\" \/>\n<meta property=\"product:availability\" content=\"instock\" \/>\n<meta property=\"product:retailer_item_id\" content=\"5600493220067\" \/>\n<meta property=\"product:condition\" content=\"new\" \/>\n<!-- \/ Yoast SEO Premium plugin. -->","yoast_head_json":{"title":"Activ Ozone Crema Hidratante Justnat - Lifenatura","description":"Crema facial hidratante Activ Ozone, aplicada contra el picor, la dermatitis, la inflamaci\u00f3n, las quemaduras; la ros\u00e1cea; la psoriasis y el acn\u00e9.","robots":{"index":"index","follow":"follow","max-snippet":"max-snippet:-1","max-image-preview":"max-image-preview:large","max-video-preview":"max-video-preview:-1"},"canonical":"https:\/\/www.lifenatura.com\/es\/produto\/activ-ozone-crema-hidratante-de-cara-50-ml-justnat\/","og_locale":"es_ES","og_type":"article","og_title":"Activ Ozone Crema Hidratante de Cara 50 ml - Justnat - Lifenatura","og_description":"Compre aqui o seu Activ Ozone Crema Hidratante de Cara 50 ml - Justnat e a Lifenatura Online envia em 48 H com Portes Gratis >35\u20ac de Pedido.","og_url":"https:\/\/www.lifenatura.com\/es\/produto\/activ-ozone-crema-hidratante-de-cara-50-ml-justnat\/","og_site_name":"Lifenatura","article_publisher":"https:\/\/www.facebook.com\/lifenatura","article_modified_time":"2026-04-21T00:08:24+00:00","og_image":[{"width":1000,"height":1000,"url":"https:\/\/www.lifenatura.com\/wp-content\/uploads\/2021\/09\/gd_activ-ozone-creme-hidratante-de-rosto-50-ml-justnat.jpg","type":"image\/jpeg"}],"twitter_card":"summary_large_image","twitter_misc":{"Precio":"24,57&nbsp;&euro;","Disponibilidad":"Disponible"},"schema":{"@context":"https:\/\/schema.org","@graph":[{"@type":"WebPage","@id":"https:\/\/www.lifenatura.com\/es\/produto\/activ-ozone-crema-hidratante-de-cara-50-ml-justnat\/","url":"https:\/\/www.lifenatura.com\/es\/produto\/activ-ozone-crema-hidratante-de-cara-50-ml-justnat\/","name":"Activ Ozone Crema Hidratante Justnat - Lifenatura","isPartOf":{"@id":"https:\/\/www.lifenatura.com\/es\/#website"},"primaryImageOfPage":{"@id":"https:\/\/www.lifenatura.com\/es\/produto\/activ-ozone-crema-hidratante-de-cara-50-ml-justnat\/#primaryimage"},"image":{"@id":"https:\/\/www.lifenatura.com\/es\/produto\/activ-ozone-crema-hidratante-de-cara-50-ml-justnat\/#primaryimage"},"thumbnailUrl":"https:\/\/www.lifenatura.com\/wp-content\/uploads\/2021\/09\/gd_activ-ozone-creme-hidratante-de-rosto-50-ml-justnat.jpg","datePublished":"2022-06-01T00:00:00+00:00","dateModified":"2026-04-21T00:08:24+00:00","description":"Crema facial hidratante Activ Ozone, aplicada contra el picor, la dermatitis, la inflamaci\u00f3n, las quemaduras; la ros\u00e1cea; la psoriasis y el acn\u00e9.","breadcrumb":{"@id":"https:\/\/www.lifenatura.com\/es\/produto\/activ-ozone-crema-hidratante-de-cara-50-ml-justnat\/#breadcrumb"},"inLanguage":"es","potentialAction":[{"@type":"ReadAction","target":["https:\/\/www.lifenatura.com\/es\/produto\/activ-ozone-crema-hidratante-de-cara-50-ml-justnat\/"]}]},{"@type":"ImageObject","inLanguage":"es","@id":"https:\/\/www.lifenatura.com\/es\/produto\/activ-ozone-crema-hidratante-de-cara-50-ml-justnat\/#primaryimage","url":"https:\/\/www.lifenatura.com\/wp-content\/uploads\/2021\/09\/gd_activ-ozone-creme-hidratante-de-rosto-50-ml-justnat.jpg","contentUrl":"https:\/\/www.lifenatura.com\/wp-content\/uploads\/2021\/09\/gd_activ-ozone-creme-hidratante-de-rosto-50-ml-justnat.jpg","width":1000,"height":1000,"caption":"Activ Ozone Crema Hidratante de Cara 50 ml - Justnat"},{"@type":"BreadcrumbList","@id":"https:\/\/www.lifenatura.com\/es\/produto\/activ-ozone-crema-hidratante-de-cara-50-ml-justnat\/#breadcrumb","itemListElement":[{"@type":"ListItem","position":1,"name":"In\u00edcio","item":"https:\/\/www.lifenatura.com\/es\/"},{"@type":"ListItem","position":2,"name":"Todos los Productos","item":"https:\/\/www.lifenatura.com\/es\/tienda\/"},{"@type":"ListItem","position":3,"name":"Activ Ozone Crema Hidratante de Cara 50 ml &#8211; Justnat"}]},{"@type":"WebSite","@id":"https:\/\/www.lifenatura.com\/es\/#website","url":"https:\/\/www.lifenatura.com\/es\/","name":"Lifenatura","description":"A Lifenatura \u00e9 uma loja de produtos naturais, cosm\u00e9tica natural e alimenta\u00e7\u00e3o Biol\u00f3gica.","publisher":{"@id":"https:\/\/www.lifenatura.com\/es\/#organization"},"potentialAction":[{"@type":"SearchAction","target":{"@type":"EntryPoint","urlTemplate":"https:\/\/www.lifenatura.com\/es\/?s={search_term_string}"},"query-input":{"@type":"PropertyValueSpecification","valueRequired":true,"valueName":"search_term_string"}}],"inLanguage":"es"},{"@type":"Organization","@id":"https:\/\/www.lifenatura.com\/es\/#organization","name":"Lifenatura","url":"https:\/\/www.lifenatura.com\/es\/","logo":{"@type":"ImageObject","inLanguage":"es","@id":"https:\/\/www.lifenatura.com\/es\/#\/schema\/logo\/image\/","url":"https:\/\/www.lifenatura.com\/wp-content\/uploads\/2021\/11\/logo.png","contentUrl":"https:\/\/www.lifenatura.com\/wp-content\/uploads\/2021\/11\/logo.png","width":175,"height":55,"caption":"Lifenatura"},"image":{"@id":"https:\/\/www.lifenatura.com\/es\/#\/schema\/logo\/image\/"},"sameAs":["https:\/\/www.facebook.com\/lifenatura","https:\/\/www.instagram.com\/lifenaturapt\/"]}]},"product_price_amount":"24.57","product_price_currency":"EUR","og_availability":"instock","product_availability":"instock","product_retailer_item_id":"5600493220067","product_condition":"new"},"df_price":24.57,"df_sale_price":24.57,"df_regular_price":28.91,"df_image_link":"https:\/\/www.lifenatura.com\/wp-content\/uploads\/2021\/09\/gd_activ-ozone-creme-hidratante-de-rosto-50-ml-justnat-300x300.jpg","_links":{"self":[{"href":"https:\/\/www.lifenatura.com\/es\/wp-json\/wp\/v2\/product\/35471","targetHints":{"allow":["GET"]}}],"collection":[{"href":"https:\/\/www.lifenatura.com\/es\/wp-json\/wp\/v2\/product"}],"about":[{"href":"https:\/\/www.lifenatura.com\/es\/wp-json\/wp\/v2\/types\/product"}],"wp:featuredmedia":[{"embeddable":true,"href":"https:\/\/www.lifenatura.com\/es\/wp-json\/wp\/v2\/media\/16247"}],"wp:attachment":[{"href":"https:\/\/www.lifenatura.com\/es\/wp-json\/wp\/v2\/media?parent=35471"}],"wp:term":[{"taxonomy":"product_brand","embeddable":true,"href":"https:\/\/www.lifenatura.com\/es\/wp-json\/wp\/v2\/product_brand?post=35471"},{"taxonomy":"product_cat","embeddable":true,"href":"https:\/\/www.lifenatura.com\/es\/wp-json\/wp\/v2\/product_cat?post=35471"},{"taxonomy":"product_tag","embeddable":true,"href":"https:\/\/www.lifenatura.com\/es\/wp-json\/wp\/v2\/product_tag?post=35471"}],"curies":[{"name":"wp","href":"https:\/\/api.w.org\/{rel}","templated":true}]}}