{"id":35469,"date":"2022-06-01T00:00:00","date_gmt":"2022-06-01T00:00:00","guid":{"rendered":"https:\/\/lifenatura.dev.agenciagetdigital.com\/produto\/santasapina-bonbons-100-gr-a-vogel\/"},"modified":"2026-03-23T01:04:49","modified_gmt":"2026-03-23T01:04:49","slug":"santasapina-bonbons-100-gr-a-vogel","status":"publish","type":"product","link":"https:\/\/www.lifenatura.com\/es\/produto\/santasapina-bonbons-100-gr-a-vogel\/","title":{"rendered":"Santasapina Bonbons 100 gr &#8211; A. Vogel"},"content":{"rendered":"<h2 style=\"text-align: left;\"><strong>Santasapina bonbons son caramelos refrescantes con extracto de yemas de abeto<\/strong><\/h2>\n<p>&nbsp;<\/p>\n<p>Santasapina Bonbons, caramelos refrescantes con extracto de yemas de abeto de planta fresca y cultivo silvestre.<\/p>\n<p><strong>PRESENTACI\u00d3N <\/strong><\/p>\n<p>100g.<\/p>\n<p>&nbsp;<\/p>\n","protected":false},"excerpt":{"rendered":"<p>Santasapina Bonbons, caramelos refrescantes con extracto de yemas de abeto de planta fresca y cultivo silvestre. [&#8230;]<\/p>\n<p><a class=\"btn btn-secondary understrap-read-more-link\" href=\"https:\/\/www.lifenatura.com\/es\/produto\/santasapina-bonbons-100-gr-a-vogel\/\">Leer m\u00e1s&#8230;<span class=\"screen-reader-text\"> from Santasapina Bonbons 100 gr &#8211; A. Vogel<\/span><\/a><\/p>\n","protected":false},"featured_media":130653,"template":"","meta":{"_acf_changed":false},"product_brand":[8279],"product_cat":[7232,7179],"product_tag":[8701],"class_list":{"0":"post-35469","1":"product","2":"type-product","3":"status-publish","4":"has-post-thumbnail","6":"product_brand-a-vogel","7":"product_cat-pastillas-sin-azucar","8":"product_cat-salud","9":"product_tag-natiris","11":"first","12":"instock","13":"sale","14":"featured","15":"shipping-taxable","16":"purchasable","17":"product-type-simple","18":"add-to-wishlist-before_image"},"acf":[],"yoast_head":"<!-- This site is optimized with the Yoast SEO Premium plugin v27.1 (Yoast SEO v27.4) - https:\/\/yoast.com\/product\/yoast-seo-premium-wordpress\/ -->\n<title>Santasapina - A. Vogel - Lifenatura<\/title>\n<meta name=\"description\" content=\"Santasapina Bonbons, caramelos refrescantes con extracto de yemas de abeto de planta fresca y cultivo silvestre, ahora disponible en Lifenatura.\" \/>\n<meta name=\"robots\" content=\"index, follow, max-snippet:-1, max-image-preview:large, max-video-preview:-1\" \/>\n<link rel=\"canonical\" href=\"https:\/\/www.lifenatura.com\/es\/produto\/santasapina-bonbons-100-gr-a-vogel\/\" \/>\n<meta property=\"og:locale\" content=\"es_ES\" \/>\n<meta property=\"og:type\" content=\"article\" \/>\n<meta property=\"og:title\" content=\"Santasapina Bonbons 100 gr - A. Vogel - Lifenatura\" \/>\n<meta property=\"og:description\" content=\"Compre aqui o seu Santasapina Bonbons 100 gr - A. Vogel e a Lifenatura Online envia em 48 H com Portes Gratis &gt;35\u20ac de Pedido.\" \/>\n<meta property=\"og:url\" content=\"https:\/\/www.lifenatura.com\/es\/produto\/santasapina-bonbons-100-gr-a-vogel\/\" \/>\n<meta property=\"og:site_name\" content=\"Lifenatura\" \/>\n<meta property=\"article:publisher\" content=\"https:\/\/www.facebook.com\/lifenatura\" \/>\n<meta property=\"article:modified_time\" content=\"2026-03-23T01:04:49+00:00\" \/>\n<meta property=\"og:image\" content=\"https:\/\/www.lifenatura.com\/wp-content\/uploads\/2021\/09\/gd_santasapina-rebucados-100gr-a-vogel.jpg\" \/>\n\t<meta property=\"og:image:width\" content=\"1000\" \/>\n\t<meta property=\"og:image:height\" content=\"1000\" \/>\n\t<meta property=\"og:image:type\" content=\"image\/jpeg\" \/>\n<meta name=\"twitter:card\" content=\"summary_large_image\" \/>\n<meta name=\"twitter:label1\" content=\"Precio\" \/>\n\t<meta name=\"twitter:data1\" content=\"5,25&nbsp;&euro;\" \/>\n\t<meta name=\"twitter:label2\" content=\"Disponibilidad\" \/>\n\t<meta name=\"twitter:data2\" content=\"Disponible\" \/>\n<meta property=\"product:price:amount\" content=\"5.25\" \/>\n<meta property=\"product:price:currency\" content=\"EUR\" \/>\n<meta property=\"og:availability\" content=\"instock\" \/>\n<meta property=\"product:availability\" content=\"instock\" \/>\n<meta property=\"product:retailer_item_id\" content=\"7610313431885\" \/>\n<meta property=\"product:condition\" content=\"new\" \/>\n<!-- \/ Yoast SEO Premium plugin. -->","yoast_head_json":{"title":"Santasapina - A. Vogel - Lifenatura","description":"Santasapina Bonbons, caramelos refrescantes con extracto de yemas de abeto de planta fresca y cultivo silvestre, ahora disponible en Lifenatura.","robots":{"index":"index","follow":"follow","max-snippet":"max-snippet:-1","max-image-preview":"max-image-preview:large","max-video-preview":"max-video-preview:-1"},"canonical":"https:\/\/www.lifenatura.com\/es\/produto\/santasapina-bonbons-100-gr-a-vogel\/","og_locale":"es_ES","og_type":"article","og_title":"Santasapina Bonbons 100 gr - A. Vogel - Lifenatura","og_description":"Compre aqui o seu Santasapina Bonbons 100 gr - A. Vogel e a Lifenatura Online envia em 48 H com Portes Gratis >35\u20ac de Pedido.","og_url":"https:\/\/www.lifenatura.com\/es\/produto\/santasapina-bonbons-100-gr-a-vogel\/","og_site_name":"Lifenatura","article_publisher":"https:\/\/www.facebook.com\/lifenatura","article_modified_time":"2026-03-23T01:04:49+00:00","og_image":[{"width":1000,"height":1000,"url":"https:\/\/www.lifenatura.com\/wp-content\/uploads\/2021\/09\/gd_santasapina-rebucados-100gr-a-vogel.jpg","type":"image\/jpeg"}],"twitter_card":"summary_large_image","twitter_misc":{"Precio":"5,25&nbsp;&euro;","Disponibilidad":"Disponible"},"schema":{"@context":"https:\/\/schema.org","@graph":[{"@type":"WebPage","@id":"https:\/\/www.lifenatura.com\/es\/produto\/santasapina-bonbons-100-gr-a-vogel\/","url":"https:\/\/www.lifenatura.com\/es\/produto\/santasapina-bonbons-100-gr-a-vogel\/","name":"Santasapina - A. Vogel - Lifenatura","isPartOf":{"@id":"https:\/\/www.lifenatura.com\/es\/#website"},"primaryImageOfPage":{"@id":"https:\/\/www.lifenatura.com\/es\/produto\/santasapina-bonbons-100-gr-a-vogel\/#primaryimage"},"image":{"@id":"https:\/\/www.lifenatura.com\/es\/produto\/santasapina-bonbons-100-gr-a-vogel\/#primaryimage"},"thumbnailUrl":"https:\/\/www.lifenatura.com\/wp-content\/uploads\/2026\/03\/santapina_.jpg","datePublished":"2022-06-01T00:00:00+00:00","dateModified":"2026-03-23T01:04:49+00:00","description":"Santasapina Bonbons, caramelos refrescantes con extracto de yemas de abeto de planta fresca y cultivo silvestre, ahora disponible en Lifenatura.","breadcrumb":{"@id":"https:\/\/www.lifenatura.com\/es\/produto\/santasapina-bonbons-100-gr-a-vogel\/#breadcrumb"},"inLanguage":"es","potentialAction":[{"@type":"ReadAction","target":["https:\/\/www.lifenatura.com\/es\/produto\/santasapina-bonbons-100-gr-a-vogel\/"]}]},{"@type":"ImageObject","inLanguage":"es","@id":"https:\/\/www.lifenatura.com\/es\/produto\/santasapina-bonbons-100-gr-a-vogel\/#primaryimage","url":"https:\/\/www.lifenatura.com\/wp-content\/uploads\/2026\/03\/santapina_.jpg","contentUrl":"https:\/\/www.lifenatura.com\/wp-content\/uploads\/2026\/03\/santapina_.jpg","width":700,"height":700},{"@type":"BreadcrumbList","@id":"https:\/\/www.lifenatura.com\/es\/produto\/santasapina-bonbons-100-gr-a-vogel\/#breadcrumb","itemListElement":[{"@type":"ListItem","position":1,"name":"In\u00edcio","item":"https:\/\/www.lifenatura.com\/es\/"},{"@type":"ListItem","position":2,"name":"Todos los Productos","item":"https:\/\/www.lifenatura.com\/es\/tienda\/"},{"@type":"ListItem","position":3,"name":"Santasapina Bonbons 100 gr &#8211; A. Vogel"}]},{"@type":"WebSite","@id":"https:\/\/www.lifenatura.com\/es\/#website","url":"https:\/\/www.lifenatura.com\/es\/","name":"Lifenatura","description":"A Lifenatura \u00e9 uma loja de produtos naturais, cosm\u00e9tica natural e alimenta\u00e7\u00e3o Biol\u00f3gica.","publisher":{"@id":"https:\/\/www.lifenatura.com\/es\/#organization"},"potentialAction":[{"@type":"SearchAction","target":{"@type":"EntryPoint","urlTemplate":"https:\/\/www.lifenatura.com\/es\/?s={search_term_string}"},"query-input":{"@type":"PropertyValueSpecification","valueRequired":true,"valueName":"search_term_string"}}],"inLanguage":"es"},{"@type":"Organization","@id":"https:\/\/www.lifenatura.com\/es\/#organization","name":"Lifenatura","url":"https:\/\/www.lifenatura.com\/es\/","logo":{"@type":"ImageObject","inLanguage":"es","@id":"https:\/\/www.lifenatura.com\/es\/#\/schema\/logo\/image\/","url":"https:\/\/www.lifenatura.com\/wp-content\/uploads\/2021\/11\/logo.png","contentUrl":"https:\/\/www.lifenatura.com\/wp-content\/uploads\/2021\/11\/logo.png","width":175,"height":55,"caption":"Lifenatura"},"image":{"@id":"https:\/\/www.lifenatura.com\/es\/#\/schema\/logo\/image\/"},"sameAs":["https:\/\/www.facebook.com\/lifenatura","https:\/\/www.instagram.com\/lifenaturapt\/"]}]},"product_price_amount":"5.25","product_price_currency":"EUR","og_availability":"instock","product_availability":"instock","product_retailer_item_id":"7610313431885","product_condition":"new"},"df_price":5.25,"df_sale_price":5.25,"df_regular_price":6.17,"df_image_link":"https:\/\/www.lifenatura.com\/wp-content\/uploads\/2026\/03\/santapina_-300x300.jpg","_links":{"self":[{"href":"https:\/\/www.lifenatura.com\/es\/wp-json\/wp\/v2\/product\/35469","targetHints":{"allow":["GET"]}}],"collection":[{"href":"https:\/\/www.lifenatura.com\/es\/wp-json\/wp\/v2\/product"}],"about":[{"href":"https:\/\/www.lifenatura.com\/es\/wp-json\/wp\/v2\/types\/product"}],"wp:featuredmedia":[{"embeddable":true,"href":"https:\/\/www.lifenatura.com\/es\/wp-json\/wp\/v2\/media\/130653"}],"wp:attachment":[{"href":"https:\/\/www.lifenatura.com\/es\/wp-json\/wp\/v2\/media?parent=35469"}],"wp:term":[{"taxonomy":"product_brand","embeddable":true,"href":"https:\/\/www.lifenatura.com\/es\/wp-json\/wp\/v2\/product_brand?post=35469"},{"taxonomy":"product_cat","embeddable":true,"href":"https:\/\/www.lifenatura.com\/es\/wp-json\/wp\/v2\/product_cat?post=35469"},{"taxonomy":"product_tag","embeddable":true,"href":"https:\/\/www.lifenatura.com\/es\/wp-json\/wp\/v2\/product_tag?post=35469"}],"curies":[{"name":"wp","href":"https:\/\/api.w.org\/{rel}","templated":true}]}}