{"id":35427,"date":"2022-06-01T00:00:00","date_gmt":"2022-06-01T00:00:00","guid":{"rendered":"https:\/\/lifenatura.dev.agenciagetdigital.com\/produto\/foie-radis-noir-bio-30-ampollas-3-chenes\/"},"modified":"2025-04-16T14:26:59","modified_gmt":"2025-04-16T14:26:59","slug":"detox-foie-20-ampollas-3-chenes","status":"publish","type":"product","link":"https:\/\/www.lifenatura.com\/es\/produto\/detox-foie-20-ampollas-3-chenes\/","title":{"rendered":"Detox Foie 20 Ampollas &#8211; 3 Ch\u00eanes"},"content":{"rendered":"<h2 style=\"text-align: left;\"><strong>Desintoxica el h\u00edgado y la ves\u00edcula biliar<\/strong><\/h2>\n<p>&nbsp;<\/p>\n<p>Detox Foie es un complemento alimenticio a base de extractos de plantas ecol\u00f3gicas y de aceite esencial elaborado con la innovadora tecnolog\u00eda de Phyto Aromicell&#8217;R\u00ae. Esta tecnolog\u00eda permite solubilizar principios activos liposolubles, como el aceite esencial de lim\u00f3n, en soluciones acuosas como los extractos vegetales hidr\u00f3filos, obteniendo as\u00ed un producto con una doble acci\u00f3n sin\u00e9rgica: instant\u00e1nea y duradera.<\/p>\n<p>D\u00e9tox Foie Bio contiene r\u00e1bano negro y alcachofa que favorecen la digesti\u00f3n, ayudan al h\u00edgado en su funci\u00f3n de limpieza y desintoxicaci\u00f3n y contribuyen al bienestar intestinal.<\/p>\n<p>La alcachofa tambi\u00e9n contribuye a un nivel normal de colesterol. El extracto de bardana ayuda a eliminar las sustancias t\u00f3xicas del organismo y protege el h\u00edgado. El aceite esencial de lim\u00f3n favorece el flujo de los jugos digestivos y, por tanto, los procesos de digesti\u00f3n y eliminaci\u00f3n, y es tambi\u00e9n un antioxidante natural que ayuda a proteger las c\u00e9lulas del estr\u00e9s oxidativo.<\/p>\n<p><strong>PRESENTACI\u00d3N<\/strong><\/p>\n<p>20 ampollas<\/p>\n<p>&nbsp;<\/p>\n","protected":false},"excerpt":{"rendered":"<p>D\u00e9tox Foie contiene extracto de bardana que ayuda a eliminar las sustancias t\u00f3xicas del organismo y protege el h\u00edgado y la ves\u00edcula biliar. [&#8230;]<\/p>\n<p><a class=\"btn btn-secondary understrap-read-more-link\" href=\"https:\/\/www.lifenatura.com\/es\/produto\/detox-foie-20-ampollas-3-chenes\/\">Leer m\u00e1s&#8230;<span class=\"screen-reader-text\"> from Detox Foie 20 Ampollas &#8211; 3 Ch\u00eanes<\/span><\/a><\/p>\n","protected":false},"featured_media":49859,"template":"","meta":{"_acf_changed":false},"product_brand":[8278],"product_cat":[7190,7145,7193,7659,7179],"product_tag":[],"class_list":{"0":"post-35427","1":"product","2":"type-product","3":"status-publish","4":"has-post-thumbnail","6":"product_brand-3-chenes","7":"product_cat-adelgazar","8":"product_cat-alcachofa","9":"product_cat-drenante-y-detox","10":"product_cat-ingrediente-natural-bio","11":"product_cat-salud","13":"first","14":"instock","15":"sale","16":"featured","17":"shipping-taxable","18":"purchasable","19":"product-type-simple","20":"add-to-wishlist-before_image"},"acf":[],"yoast_head":"<!-- This site is optimized with the Yoast SEO Premium plugin v27.1 (Yoast SEO v27.5) - https:\/\/yoast.com\/product\/yoast-seo-premium-wordpress\/ -->\n<title>Detox Foie 3 Ch\u00eanes - Lifenatura<\/title>\n<meta name=\"description\" content=\"D\u00e9tox Foie contiene extracto de bardana que ayuda a eliminar las sustancias t\u00f3xicas del organismo y protege el h\u00edgado y la ves\u00edcula biliar.\" \/>\n<meta name=\"robots\" content=\"index, follow, max-snippet:-1, max-image-preview:large, max-video-preview:-1\" \/>\n<link rel=\"canonical\" href=\"https:\/\/www.lifenatura.com\/es\/produto\/detox-foie-20-ampollas-3-chenes\/\" \/>\n<meta property=\"og:locale\" content=\"es_ES\" \/>\n<meta property=\"og:type\" content=\"article\" \/>\n<meta property=\"og:title\" content=\"Detox Foie 20 Ampollas - 3 Ch\u00eanes - Na Lifenatura ao Melhor Pre\u00e7o | Envio 48h\" \/>\n<meta property=\"og:description\" content=\"Compre Detox Foie 20 Ampollas - 3 Ch\u00eanes com envio r\u00e1pido. Entrega em 48h e portes gr\u00e1tis em compras &gt;35\u20ac. Aproveite j\u00e1 na Lifenatura\" \/>\n<meta property=\"og:url\" content=\"https:\/\/www.lifenatura.com\/es\/produto\/detox-foie-20-ampollas-3-chenes\/\" \/>\n<meta property=\"og:site_name\" content=\"Lifenatura\" \/>\n<meta property=\"article:publisher\" content=\"https:\/\/www.facebook.com\/lifenatura\" \/>\n<meta property=\"article:modified_time\" content=\"2025-04-16T14:26:59+00:00\" \/>\n<meta property=\"og:image\" content=\"https:\/\/www.lifenatura.com\/wp-content\/uploads\/2022\/06\/detox-foie-3-chenes.jpg\" \/>\n\t<meta property=\"og:image:width\" content=\"1000\" \/>\n\t<meta property=\"og:image:height\" content=\"1000\" \/>\n\t<meta property=\"og:image:type\" content=\"image\/jpeg\" \/>\n<meta name=\"twitter:card\" content=\"summary_large_image\" \/>\n<meta name=\"twitter:label1\" content=\"Precio\" \/>\n\t<meta name=\"twitter:data1\" content=\"26,52&nbsp;&euro;\" \/>\n\t<meta name=\"twitter:label2\" content=\"Disponibilidad\" \/>\n\t<meta name=\"twitter:data2\" content=\"Disponible\" \/>\n<script type=\"application\/ld+json\" class=\"yoast-schema-graph\">{\"@context\":\"https:\\\/\\\/schema.org\",\"@graph\":[{\"@type\":\"WebPage\",\"@id\":\"https:\\\/\\\/www.lifenatura.com\\\/es\\\/produto\\\/detox-foie-20-ampollas-3-chenes\\\/\",\"url\":\"https:\\\/\\\/www.lifenatura.com\\\/es\\\/produto\\\/detox-foie-20-ampollas-3-chenes\\\/\",\"name\":\"Detox Foie 3 Ch\u00eanes - Lifenatura\",\"isPartOf\":{\"@id\":\"https:\\\/\\\/www.lifenatura.com\\\/es\\\/#website\"},\"primaryImageOfPage\":{\"@id\":\"https:\\\/\\\/www.lifenatura.com\\\/es\\\/produto\\\/detox-foie-20-ampollas-3-chenes\\\/#primaryimage\"},\"image\":{\"@id\":\"https:\\\/\\\/www.lifenatura.com\\\/es\\\/produto\\\/detox-foie-20-ampollas-3-chenes\\\/#primaryimage\"},\"thumbnailUrl\":\"https:\\\/\\\/www.lifenatura.com\\\/wp-content\\\/uploads\\\/2022\\\/06\\\/detox-foie-3-chenes.jpg\",\"datePublished\":\"2022-06-01T00:00:00+00:00\",\"dateModified\":\"2025-04-16T14:26:59+00:00\",\"description\":\"D\u00e9tox Foie contiene extracto de bardana que ayuda a eliminar las sustancias t\u00f3xicas del organismo y protege el h\u00edgado y la ves\u00edcula biliar.\",\"breadcrumb\":{\"@id\":\"https:\\\/\\\/www.lifenatura.com\\\/es\\\/produto\\\/detox-foie-20-ampollas-3-chenes\\\/#breadcrumb\"},\"inLanguage\":\"es\",\"potentialAction\":[{\"@type\":\"ReadAction\",\"target\":[\"https:\\\/\\\/www.lifenatura.com\\\/es\\\/produto\\\/detox-foie-20-ampollas-3-chenes\\\/\"]}]},{\"@type\":\"ImageObject\",\"inLanguage\":\"es\",\"@id\":\"https:\\\/\\\/www.lifenatura.com\\\/es\\\/produto\\\/detox-foie-20-ampollas-3-chenes\\\/#primaryimage\",\"url\":\"https:\\\/\\\/www.lifenatura.com\\\/wp-content\\\/uploads\\\/2022\\\/06\\\/detox-foie-3-chenes.jpg\",\"contentUrl\":\"https:\\\/\\\/www.lifenatura.com\\\/wp-content\\\/uploads\\\/2022\\\/06\\\/detox-foie-3-chenes.jpg\",\"width\":1000,\"height\":1000,\"caption\":\"Detox foie da marca 3 Chenes\"},{\"@type\":\"BreadcrumbList\",\"@id\":\"https:\\\/\\\/www.lifenatura.com\\\/es\\\/produto\\\/detox-foie-20-ampollas-3-chenes\\\/#breadcrumb\",\"itemListElement\":[{\"@type\":\"ListItem\",\"position\":1,\"name\":\"In\u00edcio\",\"item\":\"https:\\\/\\\/www.lifenatura.com\\\/es\\\/\"},{\"@type\":\"ListItem\",\"position\":2,\"name\":\"Todos los Productos\",\"item\":\"https:\\\/\\\/www.lifenatura.com\\\/es\\\/tienda\\\/\"},{\"@type\":\"ListItem\",\"position\":3,\"name\":\"Detox Foie 20 Ampollas &#8211; 3 Ch\u00eanes\"}]},{\"@type\":\"WebSite\",\"@id\":\"https:\\\/\\\/www.lifenatura.com\\\/es\\\/#website\",\"url\":\"https:\\\/\\\/www.lifenatura.com\\\/es\\\/\",\"name\":\"Lifenatura\",\"description\":\"A Lifenatura \u00e9 uma loja de produtos naturais, cosm\u00e9tica natural e alimenta\u00e7\u00e3o Biol\u00f3gica.\",\"publisher\":{\"@id\":\"https:\\\/\\\/www.lifenatura.com\\\/es\\\/#organization\"},\"potentialAction\":[{\"@type\":\"SearchAction\",\"target\":{\"@type\":\"EntryPoint\",\"urlTemplate\":\"https:\\\/\\\/www.lifenatura.com\\\/es\\\/?s={search_term_string}\"},\"query-input\":{\"@type\":\"PropertyValueSpecification\",\"valueRequired\":true,\"valueName\":\"search_term_string\"}}],\"inLanguage\":\"es\"},{\"@type\":\"Organization\",\"@id\":\"https:\\\/\\\/www.lifenatura.com\\\/es\\\/#organization\",\"name\":\"Lifenatura\",\"url\":\"https:\\\/\\\/www.lifenatura.com\\\/es\\\/\",\"logo\":{\"@type\":\"ImageObject\",\"inLanguage\":\"es\",\"@id\":\"https:\\\/\\\/www.lifenatura.com\\\/es\\\/#\\\/schema\\\/logo\\\/image\\\/\",\"url\":\"https:\\\/\\\/www.lifenatura.com\\\/wp-content\\\/uploads\\\/2021\\\/07\\\/logo.png\",\"contentUrl\":\"https:\\\/\\\/www.lifenatura.com\\\/wp-content\\\/uploads\\\/2021\\\/07\\\/logo.png\",\"width\":175,\"height\":55,\"caption\":\"Lifenatura\"},\"image\":{\"@id\":\"https:\\\/\\\/www.lifenatura.com\\\/es\\\/#\\\/schema\\\/logo\\\/image\\\/\"},\"sameAs\":[\"https:\\\/\\\/www.facebook.com\\\/lifenatura\",\"https:\\\/\\\/www.instagram.com\\\/lifenaturapt\\\/\"],\"hasMerchantReturnPolicy\":{\"@type\":\"MerchantReturnPolicy\",\"merchantReturnLink\":\"https:\\\/\\\/www.lifenatura.com\\\/termos-condicoes-lifenatura\\\/\"}}]}<\/script>\n<meta property=\"product:price:amount\" content=\"26.52\" \/>\n<meta property=\"product:price:currency\" content=\"EUR\" \/>\n<meta property=\"og:availability\" content=\"instock\" \/>\n<meta property=\"product:availability\" content=\"instock\" \/>\n<meta property=\"product:retailer_item_id\" content=\"3525722029445\" \/>\n<meta property=\"product:condition\" content=\"new\" \/>\n<!-- \/ Yoast SEO Premium plugin. -->","yoast_head_json":{"title":"Detox Foie 3 Ch\u00eanes - Lifenatura","description":"D\u00e9tox Foie contiene extracto de bardana que ayuda a eliminar las sustancias t\u00f3xicas del organismo y protege el h\u00edgado y la ves\u00edcula biliar.","robots":{"index":"index","follow":"follow","max-snippet":"max-snippet:-1","max-image-preview":"max-image-preview:large","max-video-preview":"max-video-preview:-1"},"canonical":"https:\/\/www.lifenatura.com\/es\/produto\/detox-foie-20-ampollas-3-chenes\/","og_locale":"es_ES","og_type":"article","og_title":"Detox Foie 20 Ampollas - 3 Ch\u00eanes - Na Lifenatura ao Melhor Pre\u00e7o | Envio 48h","og_description":"Compre Detox Foie 20 Ampollas - 3 Ch\u00eanes com envio r\u00e1pido. Entrega em 48h e portes gr\u00e1tis em compras >35\u20ac. Aproveite j\u00e1 na Lifenatura","og_url":"https:\/\/www.lifenatura.com\/es\/produto\/detox-foie-20-ampollas-3-chenes\/","og_site_name":"Lifenatura","article_publisher":"https:\/\/www.facebook.com\/lifenatura","article_modified_time":"2025-04-16T14:26:59+00:00","og_image":[{"width":1000,"height":1000,"url":"https:\/\/www.lifenatura.com\/wp-content\/uploads\/2022\/06\/detox-foie-3-chenes.jpg","type":"image\/jpeg"}],"twitter_card":"summary_large_image","twitter_misc":{"Precio":"26,52&nbsp;&euro;","Disponibilidad":"Disponible"},"schema":{"@context":"https:\/\/schema.org","@graph":[{"@type":"WebPage","@id":"https:\/\/www.lifenatura.com\/es\/produto\/detox-foie-20-ampollas-3-chenes\/","url":"https:\/\/www.lifenatura.com\/es\/produto\/detox-foie-20-ampollas-3-chenes\/","name":"Detox Foie 3 Ch\u00eanes - Lifenatura","isPartOf":{"@id":"https:\/\/www.lifenatura.com\/es\/#website"},"primaryImageOfPage":{"@id":"https:\/\/www.lifenatura.com\/es\/produto\/detox-foie-20-ampollas-3-chenes\/#primaryimage"},"image":{"@id":"https:\/\/www.lifenatura.com\/es\/produto\/detox-foie-20-ampollas-3-chenes\/#primaryimage"},"thumbnailUrl":"https:\/\/www.lifenatura.com\/wp-content\/uploads\/2022\/06\/detox-foie-3-chenes.jpg","datePublished":"2022-06-01T00:00:00+00:00","dateModified":"2025-04-16T14:26:59+00:00","description":"D\u00e9tox Foie contiene extracto de bardana que ayuda a eliminar las sustancias t\u00f3xicas del organismo y protege el h\u00edgado y la ves\u00edcula biliar.","breadcrumb":{"@id":"https:\/\/www.lifenatura.com\/es\/produto\/detox-foie-20-ampollas-3-chenes\/#breadcrumb"},"inLanguage":"es","potentialAction":[{"@type":"ReadAction","target":["https:\/\/www.lifenatura.com\/es\/produto\/detox-foie-20-ampollas-3-chenes\/"]}]},{"@type":"ImageObject","inLanguage":"es","@id":"https:\/\/www.lifenatura.com\/es\/produto\/detox-foie-20-ampollas-3-chenes\/#primaryimage","url":"https:\/\/www.lifenatura.com\/wp-content\/uploads\/2022\/06\/detox-foie-3-chenes.jpg","contentUrl":"https:\/\/www.lifenatura.com\/wp-content\/uploads\/2022\/06\/detox-foie-3-chenes.jpg","width":1000,"height":1000,"caption":"Detox foie da marca 3 Chenes"},{"@type":"BreadcrumbList","@id":"https:\/\/www.lifenatura.com\/es\/produto\/detox-foie-20-ampollas-3-chenes\/#breadcrumb","itemListElement":[{"@type":"ListItem","position":1,"name":"In\u00edcio","item":"https:\/\/www.lifenatura.com\/es\/"},{"@type":"ListItem","position":2,"name":"Todos los Productos","item":"https:\/\/www.lifenatura.com\/es\/tienda\/"},{"@type":"ListItem","position":3,"name":"Detox Foie 20 Ampollas &#8211; 3 Ch\u00eanes"}]},{"@type":"WebSite","@id":"https:\/\/www.lifenatura.com\/es\/#website","url":"https:\/\/www.lifenatura.com\/es\/","name":"Lifenatura","description":"A Lifenatura \u00e9 uma loja de produtos naturais, cosm\u00e9tica natural e alimenta\u00e7\u00e3o Biol\u00f3gica.","publisher":{"@id":"https:\/\/www.lifenatura.com\/es\/#organization"},"potentialAction":[{"@type":"SearchAction","target":{"@type":"EntryPoint","urlTemplate":"https:\/\/www.lifenatura.com\/es\/?s={search_term_string}"},"query-input":{"@type":"PropertyValueSpecification","valueRequired":true,"valueName":"search_term_string"}}],"inLanguage":"es"},{"@type":"Organization","@id":"https:\/\/www.lifenatura.com\/es\/#organization","name":"Lifenatura","url":"https:\/\/www.lifenatura.com\/es\/","logo":{"@type":"ImageObject","inLanguage":"es","@id":"https:\/\/www.lifenatura.com\/es\/#\/schema\/logo\/image\/","url":"https:\/\/www.lifenatura.com\/wp-content\/uploads\/2021\/07\/logo.png","contentUrl":"https:\/\/www.lifenatura.com\/wp-content\/uploads\/2021\/07\/logo.png","width":175,"height":55,"caption":"Lifenatura"},"image":{"@id":"https:\/\/www.lifenatura.com\/es\/#\/schema\/logo\/image\/"},"sameAs":["https:\/\/www.facebook.com\/lifenatura","https:\/\/www.instagram.com\/lifenaturapt\/"],"hasMerchantReturnPolicy":{"@type":"MerchantReturnPolicy","merchantReturnLink":"https:\/\/www.lifenatura.com\/termos-condicoes-lifenatura\/"}}]},"product_price_amount":"26.52","product_price_currency":"EUR","og_availability":"instock","product_availability":"instock","product_retailer_item_id":"3525722029445","product_condition":"new"},"df_price":26.52,"df_sale_price":26.52,"df_regular_price":33.15,"df_image_link":"https:\/\/www.lifenatura.com\/wp-content\/uploads\/2022\/06\/detox-foie-3-chenes-300x300.jpg","_links":{"self":[{"href":"https:\/\/www.lifenatura.com\/es\/wp-json\/wp\/v2\/product\/35427","targetHints":{"allow":["GET"]}}],"collection":[{"href":"https:\/\/www.lifenatura.com\/es\/wp-json\/wp\/v2\/product"}],"about":[{"href":"https:\/\/www.lifenatura.com\/es\/wp-json\/wp\/v2\/types\/product"}],"wp:featuredmedia":[{"embeddable":true,"href":"https:\/\/www.lifenatura.com\/es\/wp-json\/wp\/v2\/media\/49859"}],"wp:attachment":[{"href":"https:\/\/www.lifenatura.com\/es\/wp-json\/wp\/v2\/media?parent=35427"}],"wp:term":[{"taxonomy":"product_brand","embeddable":true,"href":"https:\/\/www.lifenatura.com\/es\/wp-json\/wp\/v2\/product_brand?post=35427"},{"taxonomy":"product_cat","embeddable":true,"href":"https:\/\/www.lifenatura.com\/es\/wp-json\/wp\/v2\/product_cat?post=35427"},{"taxonomy":"product_tag","embeddable":true,"href":"https:\/\/www.lifenatura.com\/es\/wp-json\/wp\/v2\/product_tag?post=35427"}],"curies":[{"name":"wp","href":"https:\/\/api.w.org\/{rel}","templated":true}]}}