{"id":140885,"date":"2026-05-05T14:14:32","date_gmt":"2026-05-05T14:14:32","guid":{"rendered":"https:\/\/www.lifenatura.com\/produto\/dentifrico-blanco-natural-regaliz-y-carbon-activo-bio-sin-fluor-75ml\/"},"modified":"2026-05-06T09:53:35","modified_gmt":"2026-05-06T09:53:35","slug":"dentifrico-blanco-natural-regaliz-y-carbon-activo-bio-sin-fluor-75ml","status":"publish","type":"product","link":"https:\/\/www.lifenatura.com\/es\/produto\/dentifrico-blanco-natural-regaliz-y-carbon-activo-bio-sin-fluor-75ml\/","title":{"rendered":"Dent\u00edfrico Blanco Natural Regaliz y Carb\u00f3n Activo BIO sin fl\u00faor 75ml"},"content":{"rendered":"","protected":false},"excerpt":{"rendered":"<p> [&#8230;]<\/p>\n<p><a class=\"btn btn-secondary understrap-read-more-link\" href=\"https:\/\/www.lifenatura.com\/es\/produto\/dentifrico-blanco-natural-regaliz-y-carbon-activo-bio-sin-fluor-75ml\/\">Leer m\u00e1s&#8230;<span class=\"screen-reader-text\"> from Dent\u00edfrico Blanco Natural Regaliz y Carb\u00f3n Activo BIO sin fl\u00faor 75ml<\/span><\/a><\/p>\n","protected":false},"featured_media":140886,"template":"","meta":{"_acf_changed":false},"product_brand":[],"product_cat":[7929],"product_tag":[8786],"class_list":{"0":"post-140885","1":"product","2":"type-product","3":"status-publish","4":"has-post-thumbnail","6":"product_cat-sin-categoria","7":"product_tag-cosmeticos-naturabio","9":"first","10":"instock","11":"sale","12":"featured","13":"shipping-taxable","14":"purchasable","15":"product-type-simple","16":"add-to-wishlist-before_image"},"acf":[],"yoast_head":"<!-- This site is optimized with the Yoast SEO Premium plugin v27.1 (Yoast SEO v27.5) - https:\/\/yoast.com\/product\/yoast-seo-premium-wordpress\/ -->\n<title>Dent\u00edfrico Blanco Natural Regaliz y Carb\u00f3n Activo BIO sin fl\u00faor 75ml - Na Lifenatura ao Melhor Pre\u00e7o | Envio em 48h<\/title>\n<meta name=\"description\" content=\"Compre Dent\u00edfrico Blanco Natural Regaliz y Carb\u00f3n Activo BIO sin fl\u00faor 75ml com envio r\u00e1pido. Entrega em 48h e portes gr\u00e1tis em compras &gt;35\u20ac. Aproveite j\u00e1 na Lifenatura\" \/>\n<meta name=\"robots\" content=\"index, follow, max-snippet:-1, max-image-preview:large, max-video-preview:-1\" \/>\n<link rel=\"canonical\" href=\"https:\/\/www.lifenatura.com\/es\/produto\/dentifrico-blanco-natural-regaliz-y-carbon-activo-bio-sin-fluor-75ml\/\" \/>\n<meta property=\"og:locale\" content=\"es_ES\" \/>\n<meta property=\"og:type\" content=\"article\" \/>\n<meta property=\"og:title\" content=\"Dent\u00edfrico Blanco Natural Regaliz y Carb\u00f3n Activo BIO sin fl\u00faor 75ml - Na Lifenatura ao Melhor Pre\u00e7o | Envio 48h\" \/>\n<meta property=\"og:description\" content=\"Compre Dent\u00edfrico Blanco Natural Regaliz y Carb\u00f3n Activo BIO sin fl\u00faor 75ml com envio r\u00e1pido. Entrega em 48h e portes gr\u00e1tis em compras &gt;35\u20ac. Aproveite j\u00e1 na Lifenatura\" \/>\n<meta property=\"og:url\" content=\"https:\/\/www.lifenatura.com\/es\/produto\/dentifrico-blanco-natural-regaliz-y-carbon-activo-bio-sin-fluor-75ml\/\" \/>\n<meta property=\"og:site_name\" content=\"Lifenatura\" \/>\n<meta property=\"article:publisher\" content=\"https:\/\/www.facebook.com\/lifenatura\" \/>\n<meta property=\"article:modified_time\" content=\"2026-05-06T09:53:35+00:00\" \/>\n<meta property=\"og:image\" content=\"https:\/\/www.lifenatura.com\/wp-content\/uploads\/2026\/05\/gd_pasta_de_dientes_blanco_natural_regaliz_carbon_activo_naturabio_cosmetics.jpg\" \/>\n\t<meta property=\"og:image:width\" content=\"800\" \/>\n\t<meta property=\"og:image:height\" content=\"800\" \/>\n\t<meta property=\"og:image:type\" content=\"image\/jpeg\" \/>\n<meta name=\"twitter:card\" content=\"summary_large_image\" \/>\n<meta name=\"twitter:label1\" content=\"Precio\" \/>\n\t<meta name=\"twitter:data1\" content=\"4,57&nbsp;&euro;\" \/>\n\t<meta name=\"twitter:label2\" content=\"Disponibilidad\" \/>\n\t<meta name=\"twitter:data2\" content=\"Disponible\" \/>\n<script type=\"application\/ld+json\" class=\"yoast-schema-graph\">{\"@context\":\"https:\\\/\\\/schema.org\",\"@graph\":[{\"@type\":\"WebPage\",\"@id\":\"https:\\\/\\\/www.lifenatura.com\\\/es\\\/produto\\\/dentifrico-blanco-natural-regaliz-y-carbon-activo-bio-sin-fluor-75ml\\\/\",\"url\":\"https:\\\/\\\/www.lifenatura.com\\\/es\\\/produto\\\/dentifrico-blanco-natural-regaliz-y-carbon-activo-bio-sin-fluor-75ml\\\/\",\"name\":\"Dent\u00edfrico Blanco Natural Regaliz y Carb\u00f3n Activo BIO sin fl\u00faor 75ml - Na Lifenatura ao Melhor Pre\u00e7o | Envio em 48h\",\"isPartOf\":{\"@id\":\"https:\\\/\\\/www.lifenatura.com\\\/es\\\/#website\"},\"primaryImageOfPage\":{\"@id\":\"https:\\\/\\\/www.lifenatura.com\\\/es\\\/produto\\\/dentifrico-blanco-natural-regaliz-y-carbon-activo-bio-sin-fluor-75ml\\\/#primaryimage\"},\"image\":{\"@id\":\"https:\\\/\\\/www.lifenatura.com\\\/es\\\/produto\\\/dentifrico-blanco-natural-regaliz-y-carbon-activo-bio-sin-fluor-75ml\\\/#primaryimage\"},\"thumbnailUrl\":\"https:\\\/\\\/www.lifenatura.com\\\/wp-content\\\/uploads\\\/2026\\\/05\\\/gd_pasta_de_dientes_blanco_natural_regaliz_carbon_activo_naturabio_cosmetics.jpg\",\"datePublished\":\"2026-05-05T14:14:32+00:00\",\"dateModified\":\"2026-05-06T09:53:35+00:00\",\"description\":\"Compre Dent\u00edfrico Blanco Natural Regaliz y Carb\u00f3n Activo BIO sin fl\u00faor 75ml com envio r\u00e1pido. Entrega em 48h e portes gr\u00e1tis em compras >35\u20ac. Aproveite j\u00e1 na Lifenatura\",\"breadcrumb\":{\"@id\":\"https:\\\/\\\/www.lifenatura.com\\\/es\\\/produto\\\/dentifrico-blanco-natural-regaliz-y-carbon-activo-bio-sin-fluor-75ml\\\/#breadcrumb\"},\"inLanguage\":\"es\",\"potentialAction\":[{\"@type\":\"ReadAction\",\"target\":[\"https:\\\/\\\/www.lifenatura.com\\\/es\\\/produto\\\/dentifrico-blanco-natural-regaliz-y-carbon-activo-bio-sin-fluor-75ml\\\/\"]}]},{\"@type\":\"ImageObject\",\"inLanguage\":\"es\",\"@id\":\"https:\\\/\\\/www.lifenatura.com\\\/es\\\/produto\\\/dentifrico-blanco-natural-regaliz-y-carbon-activo-bio-sin-fluor-75ml\\\/#primaryimage\",\"url\":\"https:\\\/\\\/www.lifenatura.com\\\/wp-content\\\/uploads\\\/2026\\\/05\\\/gd_pasta_de_dientes_blanco_natural_regaliz_carbon_activo_naturabio_cosmetics.jpg\",\"contentUrl\":\"https:\\\/\\\/www.lifenatura.com\\\/wp-content\\\/uploads\\\/2026\\\/05\\\/gd_pasta_de_dientes_blanco_natural_regaliz_carbon_activo_naturabio_cosmetics.jpg\",\"width\":800,\"height\":800},{\"@type\":\"BreadcrumbList\",\"@id\":\"https:\\\/\\\/www.lifenatura.com\\\/es\\\/produto\\\/dentifrico-blanco-natural-regaliz-y-carbon-activo-bio-sin-fluor-75ml\\\/#breadcrumb\",\"itemListElement\":[{\"@type\":\"ListItem\",\"position\":1,\"name\":\"In\u00edcio\",\"item\":\"https:\\\/\\\/www.lifenatura.com\\\/es\\\/\"},{\"@type\":\"ListItem\",\"position\":2,\"name\":\"Todos los Productos\",\"item\":\"https:\\\/\\\/www.lifenatura.com\\\/es\\\/tienda\\\/\"},{\"@type\":\"ListItem\",\"position\":3,\"name\":\"Dent\u00edfrico Blanco Natural Regaliz y Carb\u00f3n Activo BIO sin fl\u00faor 75ml\"}]},{\"@type\":\"WebSite\",\"@id\":\"https:\\\/\\\/www.lifenatura.com\\\/es\\\/#website\",\"url\":\"https:\\\/\\\/www.lifenatura.com\\\/es\\\/\",\"name\":\"Lifenatura\",\"description\":\"A Lifenatura \u00e9 uma loja de produtos naturais, cosm\u00e9tica natural e alimenta\u00e7\u00e3o Biol\u00f3gica.\",\"publisher\":{\"@id\":\"https:\\\/\\\/www.lifenatura.com\\\/es\\\/#organization\"},\"potentialAction\":[{\"@type\":\"SearchAction\",\"target\":{\"@type\":\"EntryPoint\",\"urlTemplate\":\"https:\\\/\\\/www.lifenatura.com\\\/es\\\/?s={search_term_string}\"},\"query-input\":{\"@type\":\"PropertyValueSpecification\",\"valueRequired\":true,\"valueName\":\"search_term_string\"}}],\"inLanguage\":\"es\"},{\"@type\":\"Organization\",\"@id\":\"https:\\\/\\\/www.lifenatura.com\\\/es\\\/#organization\",\"name\":\"Lifenatura\",\"url\":\"https:\\\/\\\/www.lifenatura.com\\\/es\\\/\",\"logo\":{\"@type\":\"ImageObject\",\"inLanguage\":\"es\",\"@id\":\"https:\\\/\\\/www.lifenatura.com\\\/es\\\/#\\\/schema\\\/logo\\\/image\\\/\",\"url\":\"https:\\\/\\\/www.lifenatura.com\\\/wp-content\\\/uploads\\\/2021\\\/07\\\/logo.png\",\"contentUrl\":\"https:\\\/\\\/www.lifenatura.com\\\/wp-content\\\/uploads\\\/2021\\\/07\\\/logo.png\",\"width\":175,\"height\":55,\"caption\":\"Lifenatura\"},\"image\":{\"@id\":\"https:\\\/\\\/www.lifenatura.com\\\/es\\\/#\\\/schema\\\/logo\\\/image\\\/\"},\"sameAs\":[\"https:\\\/\\\/www.facebook.com\\\/lifenatura\",\"https:\\\/\\\/www.instagram.com\\\/lifenaturapt\\\/\"],\"hasMerchantReturnPolicy\":{\"@type\":\"MerchantReturnPolicy\",\"merchantReturnLink\":\"https:\\\/\\\/www.lifenatura.com\\\/termos-condicoes-lifenatura\\\/\"}}]}<\/script>\n<meta property=\"product:price:amount\" content=\"4.57\" \/>\n<meta property=\"product:price:currency\" content=\"EUR\" \/>\n<meta property=\"og:availability\" content=\"instock\" \/>\n<meta property=\"product:availability\" content=\"instock\" \/>\n<meta property=\"product:retailer_item_id\" content=\"8436619340480\" \/>\n<meta property=\"product:condition\" content=\"new\" \/>\n<!-- \/ Yoast SEO Premium plugin. -->","yoast_head_json":{"title":"Dent\u00edfrico Blanco Natural Regaliz y Carb\u00f3n Activo BIO sin fl\u00faor 75ml - Na Lifenatura ao Melhor Pre\u00e7o | Envio em 48h","description":"Compre Dent\u00edfrico Blanco Natural Regaliz y Carb\u00f3n Activo BIO sin fl\u00faor 75ml com envio r\u00e1pido. Entrega em 48h e portes gr\u00e1tis em compras >35\u20ac. Aproveite j\u00e1 na Lifenatura","robots":{"index":"index","follow":"follow","max-snippet":"max-snippet:-1","max-image-preview":"max-image-preview:large","max-video-preview":"max-video-preview:-1"},"canonical":"https:\/\/www.lifenatura.com\/es\/produto\/dentifrico-blanco-natural-regaliz-y-carbon-activo-bio-sin-fluor-75ml\/","og_locale":"es_ES","og_type":"article","og_title":"Dent\u00edfrico Blanco Natural Regaliz y Carb\u00f3n Activo BIO sin fl\u00faor 75ml - Na Lifenatura ao Melhor Pre\u00e7o | Envio 48h","og_description":"Compre Dent\u00edfrico Blanco Natural Regaliz y Carb\u00f3n Activo BIO sin fl\u00faor 75ml com envio r\u00e1pido. Entrega em 48h e portes gr\u00e1tis em compras >35\u20ac. Aproveite j\u00e1 na Lifenatura","og_url":"https:\/\/www.lifenatura.com\/es\/produto\/dentifrico-blanco-natural-regaliz-y-carbon-activo-bio-sin-fluor-75ml\/","og_site_name":"Lifenatura","article_publisher":"https:\/\/www.facebook.com\/lifenatura","article_modified_time":"2026-05-06T09:53:35+00:00","og_image":[{"width":800,"height":800,"url":"https:\/\/www.lifenatura.com\/wp-content\/uploads\/2026\/05\/gd_pasta_de_dientes_blanco_natural_regaliz_carbon_activo_naturabio_cosmetics.jpg","type":"image\/jpeg"}],"twitter_card":"summary_large_image","twitter_misc":{"Precio":"4,57&nbsp;&euro;","Disponibilidad":"Disponible"},"schema":{"@context":"https:\/\/schema.org","@graph":[{"@type":"WebPage","@id":"https:\/\/www.lifenatura.com\/es\/produto\/dentifrico-blanco-natural-regaliz-y-carbon-activo-bio-sin-fluor-75ml\/","url":"https:\/\/www.lifenatura.com\/es\/produto\/dentifrico-blanco-natural-regaliz-y-carbon-activo-bio-sin-fluor-75ml\/","name":"Dent\u00edfrico Blanco Natural Regaliz y Carb\u00f3n Activo BIO sin fl\u00faor 75ml - Na Lifenatura ao Melhor Pre\u00e7o | Envio em 48h","isPartOf":{"@id":"https:\/\/www.lifenatura.com\/es\/#website"},"primaryImageOfPage":{"@id":"https:\/\/www.lifenatura.com\/es\/produto\/dentifrico-blanco-natural-regaliz-y-carbon-activo-bio-sin-fluor-75ml\/#primaryimage"},"image":{"@id":"https:\/\/www.lifenatura.com\/es\/produto\/dentifrico-blanco-natural-regaliz-y-carbon-activo-bio-sin-fluor-75ml\/#primaryimage"},"thumbnailUrl":"https:\/\/www.lifenatura.com\/wp-content\/uploads\/2026\/05\/gd_pasta_de_dientes_blanco_natural_regaliz_carbon_activo_naturabio_cosmetics.jpg","datePublished":"2026-05-05T14:14:32+00:00","dateModified":"2026-05-06T09:53:35+00:00","description":"Compre Dent\u00edfrico Blanco Natural Regaliz y Carb\u00f3n Activo BIO sin fl\u00faor 75ml com envio r\u00e1pido. Entrega em 48h e portes gr\u00e1tis em compras >35\u20ac. Aproveite j\u00e1 na Lifenatura","breadcrumb":{"@id":"https:\/\/www.lifenatura.com\/es\/produto\/dentifrico-blanco-natural-regaliz-y-carbon-activo-bio-sin-fluor-75ml\/#breadcrumb"},"inLanguage":"es","potentialAction":[{"@type":"ReadAction","target":["https:\/\/www.lifenatura.com\/es\/produto\/dentifrico-blanco-natural-regaliz-y-carbon-activo-bio-sin-fluor-75ml\/"]}]},{"@type":"ImageObject","inLanguage":"es","@id":"https:\/\/www.lifenatura.com\/es\/produto\/dentifrico-blanco-natural-regaliz-y-carbon-activo-bio-sin-fluor-75ml\/#primaryimage","url":"https:\/\/www.lifenatura.com\/wp-content\/uploads\/2026\/05\/gd_pasta_de_dientes_blanco_natural_regaliz_carbon_activo_naturabio_cosmetics.jpg","contentUrl":"https:\/\/www.lifenatura.com\/wp-content\/uploads\/2026\/05\/gd_pasta_de_dientes_blanco_natural_regaliz_carbon_activo_naturabio_cosmetics.jpg","width":800,"height":800},{"@type":"BreadcrumbList","@id":"https:\/\/www.lifenatura.com\/es\/produto\/dentifrico-blanco-natural-regaliz-y-carbon-activo-bio-sin-fluor-75ml\/#breadcrumb","itemListElement":[{"@type":"ListItem","position":1,"name":"In\u00edcio","item":"https:\/\/www.lifenatura.com\/es\/"},{"@type":"ListItem","position":2,"name":"Todos los Productos","item":"https:\/\/www.lifenatura.com\/es\/tienda\/"},{"@type":"ListItem","position":3,"name":"Dent\u00edfrico Blanco Natural Regaliz y Carb\u00f3n Activo BIO sin fl\u00faor 75ml"}]},{"@type":"WebSite","@id":"https:\/\/www.lifenatura.com\/es\/#website","url":"https:\/\/www.lifenatura.com\/es\/","name":"Lifenatura","description":"A Lifenatura \u00e9 uma loja de produtos naturais, cosm\u00e9tica natural e alimenta\u00e7\u00e3o Biol\u00f3gica.","publisher":{"@id":"https:\/\/www.lifenatura.com\/es\/#organization"},"potentialAction":[{"@type":"SearchAction","target":{"@type":"EntryPoint","urlTemplate":"https:\/\/www.lifenatura.com\/es\/?s={search_term_string}"},"query-input":{"@type":"PropertyValueSpecification","valueRequired":true,"valueName":"search_term_string"}}],"inLanguage":"es"},{"@type":"Organization","@id":"https:\/\/www.lifenatura.com\/es\/#organization","name":"Lifenatura","url":"https:\/\/www.lifenatura.com\/es\/","logo":{"@type":"ImageObject","inLanguage":"es","@id":"https:\/\/www.lifenatura.com\/es\/#\/schema\/logo\/image\/","url":"https:\/\/www.lifenatura.com\/wp-content\/uploads\/2021\/07\/logo.png","contentUrl":"https:\/\/www.lifenatura.com\/wp-content\/uploads\/2021\/07\/logo.png","width":175,"height":55,"caption":"Lifenatura"},"image":{"@id":"https:\/\/www.lifenatura.com\/es\/#\/schema\/logo\/image\/"},"sameAs":["https:\/\/www.facebook.com\/lifenatura","https:\/\/www.instagram.com\/lifenaturapt\/"],"hasMerchantReturnPolicy":{"@type":"MerchantReturnPolicy","merchantReturnLink":"https:\/\/www.lifenatura.com\/termos-condicoes-lifenatura\/"}}]},"product_price_amount":"4.57","product_price_currency":"EUR","og_availability":"instock","product_availability":"instock","product_retailer_item_id":"8436619340480","product_condition":"new"},"df_price":4.57,"df_sale_price":4.57,"df_regular_price":5.08,"df_image_link":"https:\/\/www.lifenatura.com\/wp-content\/uploads\/2026\/05\/gd_pasta_de_dientes_blanco_natural_regaliz_carbon_activo_naturabio_cosmetics-300x300.jpg","_links":{"self":[{"href":"https:\/\/www.lifenatura.com\/es\/wp-json\/wp\/v2\/product\/140885","targetHints":{"allow":["GET"]}}],"collection":[{"href":"https:\/\/www.lifenatura.com\/es\/wp-json\/wp\/v2\/product"}],"about":[{"href":"https:\/\/www.lifenatura.com\/es\/wp-json\/wp\/v2\/types\/product"}],"wp:featuredmedia":[{"embeddable":true,"href":"https:\/\/www.lifenatura.com\/es\/wp-json\/wp\/v2\/media\/140886"}],"wp:attachment":[{"href":"https:\/\/www.lifenatura.com\/es\/wp-json\/wp\/v2\/media?parent=140885"}],"wp:term":[{"taxonomy":"product_brand","embeddable":true,"href":"https:\/\/www.lifenatura.com\/es\/wp-json\/wp\/v2\/product_brand?post=140885"},{"taxonomy":"product_cat","embeddable":true,"href":"https:\/\/www.lifenatura.com\/es\/wp-json\/wp\/v2\/product_cat?post=140885"},{"taxonomy":"product_tag","embeddable":true,"href":"https:\/\/www.lifenatura.com\/es\/wp-json\/wp\/v2\/product_tag?post=140885"}],"curies":[{"name":"wp","href":"https:\/\/api.w.org\/{rel}","templated":true}]}}