{"id":137043,"date":"2026-04-22T12:54:27","date_gmt":"2026-04-22T12:54:27","guid":{"rendered":"https:\/\/www.lifenatura.com\/produto\/sativago-forte-90-capsulas-farmoplex\/"},"modified":"2026-04-22T19:14:36","modified_gmt":"2026-04-22T19:14:36","slug":"sativago-forte-90-capsulas-farmoplex","status":"publish","type":"product","link":"https:\/\/www.lifenatura.com\/es\/produto\/sativago-forte-90-capsulas-farmoplex\/","title":{"rendered":"Sativago Forte 90 C\u00e1psulas &#8211; Farmoplex"},"content":{"rendered":"","protected":false},"excerpt":{"rendered":"<p> [&#8230;]<\/p>\n<p><a class=\"btn btn-secondary understrap-read-more-link\" href=\"https:\/\/www.lifenatura.com\/es\/produto\/sativago-forte-90-capsulas-farmoplex\/\">Leer m\u00e1s&#8230;<span class=\"screen-reader-text\"> from Sativago Forte 90 C\u00e1psulas &#8211; Farmoplex<\/span><\/a><\/p>\n","protected":false},"featured_media":137044,"template":"","meta":{"_acf_changed":false},"product_brand":[],"product_cat":[7929],"product_tag":[8729],"class_list":{"0":"post-137043","1":"product","2":"type-product","3":"status-publish","4":"has-post-thumbnail","6":"product_cat-sin-categoria","7":"product_tag-farmoplex","9":"first","10":"instock","11":"sale","12":"featured","13":"shipping-taxable","14":"purchasable","15":"product-type-simple","16":"add-to-wishlist-before_image"},"acf":[],"yoast_head":"<!-- This site is optimized with the Yoast SEO Premium plugin v27.1 (Yoast SEO v27.4) - https:\/\/yoast.com\/product\/yoast-seo-premium-wordpress\/ -->\n<title>Sativago Forte 90 C\u00e1psulas - Farmoplex - Lifenatura<\/title>\n<meta name=\"description\" content=\"Compre aqui o seu Sativago Forte 90 C\u00e1psulas - Farmoplex e a Lifenatura Online envia em 48 H com Portes Gratis &gt;35\u20ac de Pedido.\" \/>\n<meta name=\"robots\" content=\"index, follow, max-snippet:-1, max-image-preview:large, max-video-preview:-1\" \/>\n<link rel=\"canonical\" href=\"https:\/\/www.lifenatura.com\/es\/produto\/sativago-forte-90-capsulas-farmoplex\/\" \/>\n<meta property=\"og:locale\" content=\"es_ES\" \/>\n<meta property=\"og:type\" content=\"article\" \/>\n<meta property=\"og:title\" content=\"Sativago Forte 90 C\u00e1psulas - Farmoplex - Lifenatura\" \/>\n<meta property=\"og:description\" content=\"Compre aqui o seu Sativago Forte 90 C\u00e1psulas - Farmoplex e a Lifenatura Online envia em 48 H com Portes Gratis &gt;35\u20ac de Pedido.\" \/>\n<meta property=\"og:url\" content=\"https:\/\/www.lifenatura.com\/es\/produto\/sativago-forte-90-capsulas-farmoplex\/\" \/>\n<meta property=\"og:site_name\" content=\"Lifenatura\" \/>\n<meta property=\"article:publisher\" content=\"https:\/\/www.facebook.com\/lifenatura\" \/>\n<meta property=\"article:modified_time\" content=\"2026-04-22T19:14:36+00:00\" \/>\n<meta property=\"og:image\" content=\"https:\/\/www.lifenatura.com\/wp-content\/uploads\/2026\/04\/farmoplex-lda-sativago-forte-2021-3d-USPUA20240220100201.png\" \/>\n\t<meta property=\"og:image:width\" content=\"595\" \/>\n\t<meta property=\"og:image:height\" content=\"842\" \/>\n\t<meta property=\"og:image:type\" content=\"image\/png\" \/>\n<meta name=\"twitter:card\" content=\"summary_large_image\" \/>\n<meta name=\"twitter:label1\" content=\"Precio\" \/>\n\t<meta name=\"twitter:data1\" content=\"17,26&nbsp;&euro;\" \/>\n\t<meta name=\"twitter:label2\" content=\"Disponibilidad\" \/>\n\t<meta name=\"twitter:data2\" content=\"Disponible\" \/>\n<meta property=\"product:price:amount\" content=\"17.26\" \/>\n<meta property=\"product:price:currency\" content=\"EUR\" \/>\n<meta property=\"og:availability\" content=\"instock\" \/>\n<meta property=\"product:availability\" content=\"instock\" \/>\n<meta property=\"product:retailer_item_id\" content=\"5606131620220\" \/>\n<meta property=\"product:condition\" content=\"new\" \/>\n<!-- \/ Yoast SEO Premium plugin. -->","yoast_head_json":{"title":"Sativago Forte 90 C\u00e1psulas - Farmoplex - Lifenatura","description":"Compre aqui o seu Sativago Forte 90 C\u00e1psulas - Farmoplex e a Lifenatura Online envia em 48 H com Portes Gratis >35\u20ac de Pedido.","robots":{"index":"index","follow":"follow","max-snippet":"max-snippet:-1","max-image-preview":"max-image-preview:large","max-video-preview":"max-video-preview:-1"},"canonical":"https:\/\/www.lifenatura.com\/es\/produto\/sativago-forte-90-capsulas-farmoplex\/","og_locale":"es_ES","og_type":"article","og_title":"Sativago Forte 90 C\u00e1psulas - Farmoplex - Lifenatura","og_description":"Compre aqui o seu Sativago Forte 90 C\u00e1psulas - Farmoplex e a Lifenatura Online envia em 48 H com Portes Gratis >35\u20ac de Pedido.","og_url":"https:\/\/www.lifenatura.com\/es\/produto\/sativago-forte-90-capsulas-farmoplex\/","og_site_name":"Lifenatura","article_publisher":"https:\/\/www.facebook.com\/lifenatura","article_modified_time":"2026-04-22T19:14:36+00:00","og_image":[{"width":595,"height":842,"url":"https:\/\/www.lifenatura.com\/wp-content\/uploads\/2026\/04\/farmoplex-lda-sativago-forte-2021-3d-USPUA20240220100201.png","type":"image\/png"}],"twitter_card":"summary_large_image","twitter_misc":{"Precio":"17,26&nbsp;&euro;","Disponibilidad":"Disponible"},"schema":{"@context":"https:\/\/schema.org","@graph":[{"@type":"WebPage","@id":"https:\/\/www.lifenatura.com\/es\/produto\/sativago-forte-90-capsulas-farmoplex\/","url":"https:\/\/www.lifenatura.com\/es\/produto\/sativago-forte-90-capsulas-farmoplex\/","name":"Sativago Forte 90 C\u00e1psulas - Farmoplex - Lifenatura","isPartOf":{"@id":"https:\/\/www.lifenatura.com\/es\/#website"},"primaryImageOfPage":{"@id":"https:\/\/www.lifenatura.com\/es\/produto\/sativago-forte-90-capsulas-farmoplex\/#primaryimage"},"image":{"@id":"https:\/\/www.lifenatura.com\/es\/produto\/sativago-forte-90-capsulas-farmoplex\/#primaryimage"},"thumbnailUrl":"https:\/\/www.lifenatura.com\/wp-content\/uploads\/2026\/04\/farmoplex-lda-sativago-forte-2021-3d-USPUA20240220100201.png","datePublished":"2026-04-22T12:54:27+00:00","dateModified":"2026-04-22T19:14:36+00:00","description":"Compre aqui o seu Sativago Forte 90 C\u00e1psulas - Farmoplex e a Lifenatura Online envia em 48 H com Portes Gratis >35\u20ac de Pedido.","breadcrumb":{"@id":"https:\/\/www.lifenatura.com\/es\/produto\/sativago-forte-90-capsulas-farmoplex\/#breadcrumb"},"inLanguage":"es","potentialAction":[{"@type":"ReadAction","target":["https:\/\/www.lifenatura.com\/es\/produto\/sativago-forte-90-capsulas-farmoplex\/"]}]},{"@type":"ImageObject","inLanguage":"es","@id":"https:\/\/www.lifenatura.com\/es\/produto\/sativago-forte-90-capsulas-farmoplex\/#primaryimage","url":"https:\/\/www.lifenatura.com\/wp-content\/uploads\/2026\/04\/farmoplex-lda-sativago-forte-2021-3d-USPUA20240220100201.png","contentUrl":"https:\/\/www.lifenatura.com\/wp-content\/uploads\/2026\/04\/farmoplex-lda-sativago-forte-2021-3d-USPUA20240220100201.png","width":595,"height":842},{"@type":"BreadcrumbList","@id":"https:\/\/www.lifenatura.com\/es\/produto\/sativago-forte-90-capsulas-farmoplex\/#breadcrumb","itemListElement":[{"@type":"ListItem","position":1,"name":"In\u00edcio","item":"https:\/\/www.lifenatura.com\/es\/"},{"@type":"ListItem","position":2,"name":"Todos los Productos","item":"https:\/\/www.lifenatura.com\/es\/tienda\/"},{"@type":"ListItem","position":3,"name":"Sativago Forte 90 C\u00e1psulas &#8211; Farmoplex"}]},{"@type":"WebSite","@id":"https:\/\/www.lifenatura.com\/es\/#website","url":"https:\/\/www.lifenatura.com\/es\/","name":"Lifenatura","description":"A Lifenatura \u00e9 uma loja de produtos naturais, cosm\u00e9tica natural e alimenta\u00e7\u00e3o Biol\u00f3gica.","publisher":{"@id":"https:\/\/www.lifenatura.com\/es\/#organization"},"potentialAction":[{"@type":"SearchAction","target":{"@type":"EntryPoint","urlTemplate":"https:\/\/www.lifenatura.com\/es\/?s={search_term_string}"},"query-input":{"@type":"PropertyValueSpecification","valueRequired":true,"valueName":"search_term_string"}}],"inLanguage":"es"},{"@type":"Organization","@id":"https:\/\/www.lifenatura.com\/es\/#organization","name":"Lifenatura","url":"https:\/\/www.lifenatura.com\/es\/","logo":{"@type":"ImageObject","inLanguage":"es","@id":"https:\/\/www.lifenatura.com\/es\/#\/schema\/logo\/image\/","url":"https:\/\/www.lifenatura.com\/wp-content\/uploads\/2021\/11\/logo.png","contentUrl":"https:\/\/www.lifenatura.com\/wp-content\/uploads\/2021\/11\/logo.png","width":175,"height":55,"caption":"Lifenatura"},"image":{"@id":"https:\/\/www.lifenatura.com\/es\/#\/schema\/logo\/image\/"},"sameAs":["https:\/\/www.facebook.com\/lifenatura","https:\/\/www.instagram.com\/lifenaturapt\/"]}]},"product_price_amount":"17.26","product_price_currency":"EUR","og_availability":"instock","product_availability":"instock","product_retailer_item_id":"5606131620220","product_condition":"new"},"df_price":17.26,"df_sale_price":17.26,"df_regular_price":24.65,"df_image_link":"https:\/\/www.lifenatura.com\/wp-content\/uploads\/2026\/04\/farmoplex-lda-sativago-forte-2021-3d-USPUA20240220100201-212x300.png","_links":{"self":[{"href":"https:\/\/www.lifenatura.com\/es\/wp-json\/wp\/v2\/product\/137043","targetHints":{"allow":["GET"]}}],"collection":[{"href":"https:\/\/www.lifenatura.com\/es\/wp-json\/wp\/v2\/product"}],"about":[{"href":"https:\/\/www.lifenatura.com\/es\/wp-json\/wp\/v2\/types\/product"}],"wp:featuredmedia":[{"embeddable":true,"href":"https:\/\/www.lifenatura.com\/es\/wp-json\/wp\/v2\/media\/137044"}],"wp:attachment":[{"href":"https:\/\/www.lifenatura.com\/es\/wp-json\/wp\/v2\/media?parent=137043"}],"wp:term":[{"taxonomy":"product_brand","embeddable":true,"href":"https:\/\/www.lifenatura.com\/es\/wp-json\/wp\/v2\/product_brand?post=137043"},{"taxonomy":"product_cat","embeddable":true,"href":"https:\/\/www.lifenatura.com\/es\/wp-json\/wp\/v2\/product_cat?post=137043"},{"taxonomy":"product_tag","embeddable":true,"href":"https:\/\/www.lifenatura.com\/es\/wp-json\/wp\/v2\/product_tag?post=137043"}],"curies":[{"name":"wp","href":"https:\/\/api.w.org\/{rel}","templated":true}]}}