{"id":132806,"date":"2026-03-29T08:34:02","date_gmt":"2026-03-29T08:34:02","guid":{"rendered":"https:\/\/www.lifenatura.com\/?post_type=product&#038;p=132806"},"modified":"2026-03-29T23:12:23","modified_gmt":"2026-03-29T23:12:23","slug":"vertigoheel-50-comprimidos-heel-copia","status":"publish","type":"product","link":"https:\/\/www.lifenatura.com\/es\/produto\/vertigoheel-50-comprimidos-heel-copia\/","title":{"rendered":"Vertigoheel 3&#215;50 comprimidos &#8211; Tal\u00f3n &#8211; Envase 3"},"content":{"rendered":"<h2 style=\"text-align: left;\"><strong>La homeopat\u00eda Vertigoheel est\u00e1 indicada para combatir el v\u00e9rtigo<\/strong><\/h2>\n<p>&nbsp;<\/p>\n<p>Vertigoheel es un suplemento homeop\u00e1tico desarrollado por Heel con el objetivo de aliviar los s\u00edntomas relacionados con el mareo y el v\u00e9rtigo.<\/p>\n<p data-start=\"207\" data-end=\"635\"><strong data-start=\"207\" data-end=\"230\">Vertigoheel de Heel<\/strong> es un medicamento homeop\u00e1tico indicado para <strong data-start=\"276\" data-end=\"336\">aliviar el mareo, el v\u00e9rtigo y los trastornos del equilibrio<\/strong>, ya sean de origen vascular, neurol\u00f3gico o relacionados con la edad. Su f\u00f3rmula exclusiva combina varios ingredientes homeop\u00e1ticos que act\u00faan sin\u00e9rgicamente para <strong data-start=\"495\" data-end=\"567\">reducir la sensaci\u00f3n de inestabilidad y aliviar los s\u00edntomas asociados<\/strong>, como n\u00e1useas leves, &#8220;mareo&#8221; o desorientaci\u00f3n. <\/p>\n<p data-start=\"637\" data-end=\"972\">Es especialmente \u00fatil en casos de <strong data-start=\"670\" data-end=\"695\">v\u00e9rtigo posicional<\/strong>, <strong data-start=\"697\" data-end=\"712\">laberintitis<\/strong>, cambios circulatorios o <strong data-start=\"742\" data-end=\"783\">mareos asociados al envejecimiento<\/strong>, y se tolera bien y es adecuado para adultos y ancianos. Puede utilizarse como parte de un enfoque natural, sin los efectos adversos sedantes o limitantes de los tratamientos convencionales. <\/p>\n<h3 data-start=\"1186\" data-end=\"1212\">Principales ventajas:<\/h3>\n<ul data-start=\"1213\" data-end=\"1479\">\n<li data-start=\"1213\" data-end=\"1271\">\n<p data-start=\"1215\" data-end=\"1271\">Alivio eficaz de los mareos y v\u00e9rtigos de diversos or\u00edgenes;<\/p>\n<\/li>\n<li data-start=\"1272\" data-end=\"1331\">\n<p data-start=\"1274\" data-end=\"1331\">Mejora el equilibrio y reduce la sensaci\u00f3n de inestabilidad;<\/p>\n<\/li>\n<li data-start=\"1332\" data-end=\"1393\">\n<p data-start=\"1334\" data-end=\"1393\">Ayuda natural en casos de laberintitis y mareos en ancianos;<\/p>\n<\/li>\n<li data-start=\"1394\" data-end=\"1434\">\n<p data-start=\"1396\" data-end=\"1434\">No provoca somnolencia ni habituaci\u00f3n;<\/p>\n<\/li>\n<li data-start=\"1435\" data-end=\"1479\">\n<p data-start=\"1437\" data-end=\"1479\">F\u00f3rmula homeop\u00e1tica segura y bien tolerada.<\/p>\n<\/li>\n<\/ul>\n<h3 data-start=\"1481\" data-end=\"1496\">Indicaciones:<\/h3>\n<p data-start=\"1497\" data-end=\"1545\">Adecuado para adultos y mayores que experimentan:<\/p>\n<ul data-start=\"1546\" data-end=\"1754\">\n<li data-start=\"1546\" data-end=\"1583\">\n<p data-start=\"1548\" data-end=\"1583\">Mareos ocasionales o recurrentes;<\/p>\n<\/li>\n<li data-start=\"1584\" data-end=\"1640\">\n<p data-start=\"1586\" data-end=\"1640\">V\u00e9rtigo de origen postural, vascular o neurol\u00f3gico;<\/p>\n<\/li>\n<li data-start=\"1641\" data-end=\"1686\">\n<p data-start=\"1643\" data-end=\"1686\">Sensaci\u00f3n de desequilibrio o inestabilidad;<\/p>\n<\/li>\n<li data-start=\"1687\" data-end=\"1754\">\n<p data-start=\"1689\" data-end=\"1754\">S\u00edntomas asociados a alteraciones del o\u00eddo interno (laberintitis).<\/p>\n<\/li>\n<\/ul>\n<p>Con una combinaci\u00f3n cuidadosamente seleccionada de ingredientes naturales, Vertigoheel pretende reducir la sensaci\u00f3n de mareo, v\u00e9rtigo, n\u00e1useas y otras molestias asociadas a los trastornos del equilibrio.<\/p>\n<p>Algunos de los principios activos presentes en este medicamento son Cocculus indicus, Conium maculatum y Ambra grisea, conocidos por sus propiedades terap\u00e9uticas en homeopat\u00eda para el tratamiento de mareos y desequilibrios.<\/p>\n<p>El v\u00e9rtigoheel puede utilizarse para aliviar los s\u00edntomas del mareo causado por distintas afecciones, como el v\u00e9rtigo posicional parox\u00edstico benigno y otras disfunciones del sistema vestibular.<\/p>\n<p><strong>PRESENTACI\u00d3N  <\/strong><\/p>\n<p>50 Comprimidos<\/p>\n<p>&nbsp;<\/p>\n","protected":false},"excerpt":{"rendered":"<p><span style=\"color: #ff0000;\">10% DE DESCUENTO en compras superiores a 50\u20ac con el cup\u00f3n <strong>LIFE1009<\/strong> y 15% DE DESCUENTO en compras superiores a 100\u20ac con el cup\u00f3n <strong>LIFE1509<\/strong> &#8211; HASTA <strong>EL 30 DE MAYO DE 2026<\/strong><\/span> [&#8230;]<\/p>\n<p><a class=\"btn btn-secondary understrap-read-more-link\" href=\"https:\/\/www.lifenatura.com\/es\/produto\/vertigoheel-50-comprimidos-heel-copia\/\">Leer m\u00e1s&#8230;<span class=\"screen-reader-text\"> from Vertigoheel 3&#215;50 comprimidos &#8211; Tal\u00f3n &#8211; Envase 3<\/span><\/a><\/p>\n","protected":false},"featured_media":67247,"template":"","meta":{"_acf_changed":false},"product_brand":[8478],"product_cat":[7196,7179],"product_tag":[],"class_list":{"0":"post-132806","1":"product","2":"type-product","3":"status-publish","4":"has-post-thumbnail","6":"product_brand-heel","7":"product_cat-homeopatia-salud","8":"product_cat-salud","9":"pa_caracteristicas-comprimidos-homeopaticos-es","11":"first","12":"instock","13":"sale","14":"shipping-taxable","15":"purchasable","16":"product-type-woosb","17":"add-to-wishlist-before_image"},"acf":[],"yoast_head":"<!-- This site is optimized with the Yoast SEO Premium plugin v27.1 (Yoast SEO v27.6) - https:\/\/yoast.com\/product\/yoast-seo-premium-wordpress\/ -->\n<title>Vertigoheel 3x50 comprimidos - Tal\u00f3n - Envase 3 - Na Lifenatura ao Melhor Pre\u00e7o | Envio em 48h<\/title>\n<meta name=\"description\" content=\"V\u00e9rtigoheel, suplemento homeop\u00e1tico, est\u00e1 indicado para combatir el v\u00e9rtigo, reducir la sensaci\u00f3n de mareo y las n\u00e1useas. Trata de restablecer el equilibrio.\" \/>\n<meta name=\"robots\" content=\"index, follow, max-snippet:-1, max-image-preview:large, max-video-preview:-1\" \/>\n<link rel=\"canonical\" href=\"https:\/\/www.lifenatura.com\/es\/produto\/vertigoheel-50-comprimidos-heel-copia\/\" \/>\n<meta property=\"og:locale\" content=\"es_ES\" \/>\n<meta property=\"og:type\" content=\"article\" \/>\n<meta property=\"og:title\" content=\"Vertigoheel 3x50 comprimidos - Tal\u00f3n - Envase 3 - Na Lifenatura ao Melhor Pre\u00e7o | Envio 48h\" \/>\n<meta property=\"og:description\" content=\"Compre Vertigoheel 3x50 comprimidos - Tal\u00f3n - Envase 3 com envio r\u00e1pido. Entrega em 48h e portes gr\u00e1tis em compras &gt;35\u20ac. Aproveite j\u00e1 na Lifenatura\" \/>\n<meta property=\"og:url\" content=\"https:\/\/www.lifenatura.com\/es\/produto\/vertigoheel-50-comprimidos-heel-copia\/\" \/>\n<meta property=\"og:site_name\" content=\"Lifenatura\" \/>\n<meta property=\"article:publisher\" content=\"https:\/\/www.facebook.com\/lifenatura\" \/>\n<meta property=\"article:modified_time\" content=\"2026-03-29T23:12:23+00:00\" \/>\n<meta property=\"og:image\" content=\"https:\/\/www.lifenatura.com\/wp-content\/uploads\/2021\/09\/vertigoheel-50-comprimidos-heel.jpg\" \/>\n\t<meta property=\"og:image:width\" content=\"1000\" \/>\n\t<meta property=\"og:image:height\" content=\"1000\" \/>\n\t<meta property=\"og:image:type\" content=\"image\/jpeg\" \/>\n<meta name=\"twitter:card\" content=\"summary_large_image\" \/>\n<meta name=\"twitter:label1\" content=\"Precio\" \/>\n\t<meta name=\"twitter:data1\" content=\"40,92&nbsp;&euro;\" \/>\n\t<meta name=\"twitter:label2\" content=\"Disponibilidad\" \/>\n\t<meta name=\"twitter:data2\" content=\"Disponible\" \/>\n<script type=\"application\/ld+json\" class=\"yoast-schema-graph\">{\"@context\":\"https:\\\/\\\/schema.org\",\"@graph\":[{\"@type\":\"WebPage\",\"@id\":\"https:\\\/\\\/www.lifenatura.com\\\/es\\\/produto\\\/vertigoheel-50-comprimidos-heel-copia\\\/\",\"url\":\"https:\\\/\\\/www.lifenatura.com\\\/es\\\/produto\\\/vertigoheel-50-comprimidos-heel-copia\\\/\",\"name\":\"Vertigoheel 3x50 comprimidos - Tal\u00f3n - Envase 3 - Na Lifenatura ao Melhor Pre\u00e7o | Envio em 48h\",\"isPartOf\":{\"@id\":\"https:\\\/\\\/www.lifenatura.com\\\/es\\\/#website\"},\"primaryImageOfPage\":{\"@id\":\"https:\\\/\\\/www.lifenatura.com\\\/es\\\/produto\\\/vertigoheel-50-comprimidos-heel-copia\\\/#primaryimage\"},\"image\":{\"@id\":\"https:\\\/\\\/www.lifenatura.com\\\/es\\\/produto\\\/vertigoheel-50-comprimidos-heel-copia\\\/#primaryimage\"},\"thumbnailUrl\":\"https:\\\/\\\/www.lifenatura.com\\\/wp-content\\\/uploads\\\/2021\\\/09\\\/vertigoheel-50-comprimidos-heel.jpg\",\"datePublished\":\"2026-03-29T08:34:02+00:00\",\"dateModified\":\"2026-03-29T23:12:23+00:00\",\"description\":\"V\u00e9rtigoheel, suplemento homeop\u00e1tico, est\u00e1 indicado para combatir el v\u00e9rtigo, reducir la sensaci\u00f3n de mareo y las n\u00e1useas. Trata de restablecer el equilibrio.\",\"breadcrumb\":{\"@id\":\"https:\\\/\\\/www.lifenatura.com\\\/es\\\/produto\\\/vertigoheel-50-comprimidos-heel-copia\\\/#breadcrumb\"},\"inLanguage\":\"es\",\"potentialAction\":[{\"@type\":\"ReadAction\",\"target\":[\"https:\\\/\\\/www.lifenatura.com\\\/es\\\/produto\\\/vertigoheel-50-comprimidos-heel-copia\\\/\"]}]},{\"@type\":\"ImageObject\",\"inLanguage\":\"es\",\"@id\":\"https:\\\/\\\/www.lifenatura.com\\\/es\\\/produto\\\/vertigoheel-50-comprimidos-heel-copia\\\/#primaryimage\",\"url\":\"https:\\\/\\\/www.lifenatura.com\\\/wp-content\\\/uploads\\\/2021\\\/09\\\/vertigoheel-50-comprimidos-heel.jpg\",\"contentUrl\":\"https:\\\/\\\/www.lifenatura.com\\\/wp-content\\\/uploads\\\/2021\\\/09\\\/vertigoheel-50-comprimidos-heel.jpg\",\"width\":1000,\"height\":1000,\"caption\":\"V\u00e9rtigo del tal\u00f3npastillas para el tal\u00f3n\"},{\"@type\":\"BreadcrumbList\",\"@id\":\"https:\\\/\\\/www.lifenatura.com\\\/es\\\/produto\\\/vertigoheel-50-comprimidos-heel-copia\\\/#breadcrumb\",\"itemListElement\":[{\"@type\":\"ListItem\",\"position\":1,\"name\":\"In\u00edcio\",\"item\":\"https:\\\/\\\/www.lifenatura.com\\\/es\\\/\"},{\"@type\":\"ListItem\",\"position\":2,\"name\":\"Todos los Productos\",\"item\":\"https:\\\/\\\/www.lifenatura.com\\\/es\\\/tienda\\\/\"},{\"@type\":\"ListItem\",\"position\":3,\"name\":\"Vertigoheel 3&#215;50 comprimidos &#8211; Tal\u00f3n &#8211; Envase 3\"}]},{\"@type\":\"WebSite\",\"@id\":\"https:\\\/\\\/www.lifenatura.com\\\/es\\\/#website\",\"url\":\"https:\\\/\\\/www.lifenatura.com\\\/es\\\/\",\"name\":\"Lifenatura\",\"description\":\"A Lifenatura \u00e9 uma loja de produtos naturais, cosm\u00e9tica natural e alimenta\u00e7\u00e3o Biol\u00f3gica.\",\"publisher\":{\"@id\":\"https:\\\/\\\/www.lifenatura.com\\\/es\\\/#organization\"},\"potentialAction\":[{\"@type\":\"SearchAction\",\"target\":{\"@type\":\"EntryPoint\",\"urlTemplate\":\"https:\\\/\\\/www.lifenatura.com\\\/es\\\/?s={search_term_string}\"},\"query-input\":{\"@type\":\"PropertyValueSpecification\",\"valueRequired\":true,\"valueName\":\"search_term_string\"}}],\"inLanguage\":\"es\"},{\"@type\":\"Organization\",\"@id\":\"https:\\\/\\\/www.lifenatura.com\\\/es\\\/#organization\",\"name\":\"Lifenatura\",\"url\":\"https:\\\/\\\/www.lifenatura.com\\\/es\\\/\",\"logo\":{\"@type\":\"ImageObject\",\"inLanguage\":\"es\",\"@id\":\"https:\\\/\\\/www.lifenatura.com\\\/es\\\/#\\\/schema\\\/logo\\\/image\\\/\",\"url\":\"https:\\\/\\\/www.lifenatura.com\\\/wp-content\\\/uploads\\\/2021\\\/07\\\/logo.png\",\"contentUrl\":\"https:\\\/\\\/www.lifenatura.com\\\/wp-content\\\/uploads\\\/2021\\\/07\\\/logo.png\",\"width\":175,\"height\":55,\"caption\":\"Lifenatura\"},\"image\":{\"@id\":\"https:\\\/\\\/www.lifenatura.com\\\/es\\\/#\\\/schema\\\/logo\\\/image\\\/\"},\"sameAs\":[\"https:\\\/\\\/www.facebook.com\\\/lifenatura\",\"https:\\\/\\\/www.instagram.com\\\/lifenaturapt\\\/\"],\"hasMerchantReturnPolicy\":{\"@type\":\"MerchantReturnPolicy\",\"merchantReturnLink\":\"https:\\\/\\\/www.lifenatura.com\\\/termos-condicoes-lifenatura\\\/\"}}]}<\/script>\n<meta property=\"product:price:amount\" content=\"40.92\" \/>\n<meta property=\"product:price:currency\" content=\"EUR\" \/>\n<meta property=\"og:availability\" content=\"instock\" \/>\n<meta property=\"product:availability\" content=\"instock\" \/>\n<meta property=\"product:retailer_item_id\" content=\"66566522\" \/>\n<meta property=\"product:condition\" content=\"new\" \/>\n<!-- \/ Yoast SEO Premium plugin. -->","yoast_head_json":{"title":"Vertigoheel 3x50 comprimidos - Tal\u00f3n - Envase 3 - Na Lifenatura ao Melhor Pre\u00e7o | Envio em 48h","description":"V\u00e9rtigoheel, suplemento homeop\u00e1tico, est\u00e1 indicado para combatir el v\u00e9rtigo, reducir la sensaci\u00f3n de mareo y las n\u00e1useas. Trata de restablecer el equilibrio.","robots":{"index":"index","follow":"follow","max-snippet":"max-snippet:-1","max-image-preview":"max-image-preview:large","max-video-preview":"max-video-preview:-1"},"canonical":"https:\/\/www.lifenatura.com\/es\/produto\/vertigoheel-50-comprimidos-heel-copia\/","og_locale":"es_ES","og_type":"article","og_title":"Vertigoheel 3x50 comprimidos - Tal\u00f3n - Envase 3 - Na Lifenatura ao Melhor Pre\u00e7o | Envio 48h","og_description":"Compre Vertigoheel 3x50 comprimidos - Tal\u00f3n - Envase 3 com envio r\u00e1pido. Entrega em 48h e portes gr\u00e1tis em compras >35\u20ac. Aproveite j\u00e1 na Lifenatura","og_url":"https:\/\/www.lifenatura.com\/es\/produto\/vertigoheel-50-comprimidos-heel-copia\/","og_site_name":"Lifenatura","article_publisher":"https:\/\/www.facebook.com\/lifenatura","article_modified_time":"2026-03-29T23:12:23+00:00","og_image":[{"width":1000,"height":1000,"url":"https:\/\/www.lifenatura.com\/wp-content\/uploads\/2021\/09\/vertigoheel-50-comprimidos-heel.jpg","type":"image\/jpeg"}],"twitter_card":"summary_large_image","twitter_misc":{"Precio":"40,92&nbsp;&euro;","Disponibilidad":"Disponible"},"schema":{"@context":"https:\/\/schema.org","@graph":[{"@type":"WebPage","@id":"https:\/\/www.lifenatura.com\/es\/produto\/vertigoheel-50-comprimidos-heel-copia\/","url":"https:\/\/www.lifenatura.com\/es\/produto\/vertigoheel-50-comprimidos-heel-copia\/","name":"Vertigoheel 3x50 comprimidos - Tal\u00f3n - Envase 3 - Na Lifenatura ao Melhor Pre\u00e7o | Envio em 48h","isPartOf":{"@id":"https:\/\/www.lifenatura.com\/es\/#website"},"primaryImageOfPage":{"@id":"https:\/\/www.lifenatura.com\/es\/produto\/vertigoheel-50-comprimidos-heel-copia\/#primaryimage"},"image":{"@id":"https:\/\/www.lifenatura.com\/es\/produto\/vertigoheel-50-comprimidos-heel-copia\/#primaryimage"},"thumbnailUrl":"https:\/\/www.lifenatura.com\/wp-content\/uploads\/2021\/09\/vertigoheel-50-comprimidos-heel.jpg","datePublished":"2026-03-29T08:34:02+00:00","dateModified":"2026-03-29T23:12:23+00:00","description":"V\u00e9rtigoheel, suplemento homeop\u00e1tico, est\u00e1 indicado para combatir el v\u00e9rtigo, reducir la sensaci\u00f3n de mareo y las n\u00e1useas. Trata de restablecer el equilibrio.","breadcrumb":{"@id":"https:\/\/www.lifenatura.com\/es\/produto\/vertigoheel-50-comprimidos-heel-copia\/#breadcrumb"},"inLanguage":"es","potentialAction":[{"@type":"ReadAction","target":["https:\/\/www.lifenatura.com\/es\/produto\/vertigoheel-50-comprimidos-heel-copia\/"]}]},{"@type":"ImageObject","inLanguage":"es","@id":"https:\/\/www.lifenatura.com\/es\/produto\/vertigoheel-50-comprimidos-heel-copia\/#primaryimage","url":"https:\/\/www.lifenatura.com\/wp-content\/uploads\/2021\/09\/vertigoheel-50-comprimidos-heel.jpg","contentUrl":"https:\/\/www.lifenatura.com\/wp-content\/uploads\/2021\/09\/vertigoheel-50-comprimidos-heel.jpg","width":1000,"height":1000,"caption":"V\u00e9rtigo del tal\u00f3npastillas para el tal\u00f3n"},{"@type":"BreadcrumbList","@id":"https:\/\/www.lifenatura.com\/es\/produto\/vertigoheel-50-comprimidos-heel-copia\/#breadcrumb","itemListElement":[{"@type":"ListItem","position":1,"name":"In\u00edcio","item":"https:\/\/www.lifenatura.com\/es\/"},{"@type":"ListItem","position":2,"name":"Todos los Productos","item":"https:\/\/www.lifenatura.com\/es\/tienda\/"},{"@type":"ListItem","position":3,"name":"Vertigoheel 3&#215;50 comprimidos &#8211; Tal\u00f3n &#8211; Envase 3"}]},{"@type":"WebSite","@id":"https:\/\/www.lifenatura.com\/es\/#website","url":"https:\/\/www.lifenatura.com\/es\/","name":"Lifenatura","description":"A Lifenatura \u00e9 uma loja de produtos naturais, cosm\u00e9tica natural e alimenta\u00e7\u00e3o Biol\u00f3gica.","publisher":{"@id":"https:\/\/www.lifenatura.com\/es\/#organization"},"potentialAction":[{"@type":"SearchAction","target":{"@type":"EntryPoint","urlTemplate":"https:\/\/www.lifenatura.com\/es\/?s={search_term_string}"},"query-input":{"@type":"PropertyValueSpecification","valueRequired":true,"valueName":"search_term_string"}}],"inLanguage":"es"},{"@type":"Organization","@id":"https:\/\/www.lifenatura.com\/es\/#organization","name":"Lifenatura","url":"https:\/\/www.lifenatura.com\/es\/","logo":{"@type":"ImageObject","inLanguage":"es","@id":"https:\/\/www.lifenatura.com\/es\/#\/schema\/logo\/image\/","url":"https:\/\/www.lifenatura.com\/wp-content\/uploads\/2021\/07\/logo.png","contentUrl":"https:\/\/www.lifenatura.com\/wp-content\/uploads\/2021\/07\/logo.png","width":175,"height":55,"caption":"Lifenatura"},"image":{"@id":"https:\/\/www.lifenatura.com\/es\/#\/schema\/logo\/image\/"},"sameAs":["https:\/\/www.facebook.com\/lifenatura","https:\/\/www.instagram.com\/lifenaturapt\/"],"hasMerchantReturnPolicy":{"@type":"MerchantReturnPolicy","merchantReturnLink":"https:\/\/www.lifenatura.com\/termos-condicoes-lifenatura\/"}}]},"product_price_amount":"40.92","product_price_currency":"EUR","og_availability":"instock","product_availability":"instock","product_retailer_item_id":"66566522","product_condition":"new"},"df_price":40.92,"df_sale_price":40.93,"df_regular_price":55.199999999999996,"df_image_link":"https:\/\/www.lifenatura.com\/wp-content\/uploads\/2021\/09\/vertigoheel-50-comprimidos-heel-300x300.jpg","_links":{"self":[{"href":"https:\/\/www.lifenatura.com\/es\/wp-json\/wp\/v2\/product\/132806","targetHints":{"allow":["GET"]}}],"collection":[{"href":"https:\/\/www.lifenatura.com\/es\/wp-json\/wp\/v2\/product"}],"about":[{"href":"https:\/\/www.lifenatura.com\/es\/wp-json\/wp\/v2\/types\/product"}],"wp:featuredmedia":[{"embeddable":true,"href":"https:\/\/www.lifenatura.com\/es\/wp-json\/wp\/v2\/media\/67247"}],"wp:attachment":[{"href":"https:\/\/www.lifenatura.com\/es\/wp-json\/wp\/v2\/media?parent=132806"}],"wp:term":[{"taxonomy":"product_brand","embeddable":true,"href":"https:\/\/www.lifenatura.com\/es\/wp-json\/wp\/v2\/product_brand?post=132806"},{"taxonomy":"product_cat","embeddable":true,"href":"https:\/\/www.lifenatura.com\/es\/wp-json\/wp\/v2\/product_cat?post=132806"},{"taxonomy":"product_tag","embeddable":true,"href":"https:\/\/www.lifenatura.com\/es\/wp-json\/wp\/v2\/product_tag?post=132806"}],"curies":[{"name":"wp","href":"https:\/\/api.w.org\/{rel}","templated":true}]}}