{"id":132804,"date":"2026-03-29T08:32:44","date_gmt":"2026-03-29T08:32:44","guid":{"rendered":"https:\/\/www.lifenatura.com\/?post_type=product&#038;p=132804"},"modified":"2026-03-29T23:12:25","modified_gmt":"2026-03-29T23:12:25","slug":"nux-vomica-homaccord-gotas-30-ml-heel-copia","status":"publish","type":"product","link":"https:\/\/www.lifenatura.com\/es\/produto\/nux-vomica-homaccord-gotas-30-ml-heel-copia\/","title":{"rendered":"Nux Vomica Homaccord Gotas 3&#215;30 ml &#8211; Tal\u00f3n &#8211; Pack 3"},"content":{"rendered":"<h2><strong>Nux Vomica est\u00e1 indicada para el tratamiento de los trastornos gastrointestinales y hep\u00e1ticos<\/strong><\/h2>\n<p>&nbsp;<\/p>\n<p>Nux Vomica es un suplemento homeop\u00e1tico muy utilizado para tratar diversas afecciones relacionadas con el aparato digestivo, el sistema nervioso y el bienestar general.<\/p>\n<p data-start=\"246\" data-end=\"656\"><strong data-start=\"246\" data-end=\"268\">Nux Vomica de Heel<\/strong> es un medicamento homeop\u00e1tico indicado para el alivio de <strong data-start=\"324\" data-end=\"360\">trastornos digestivos funcionales<\/strong> como <strong data-start=\"367\" data-end=\"425\">acidez, mala digesti\u00f3n, flatulencia, n\u00e1useas e hinchaz\u00f3n<\/strong>, a menudo asociados al <strong data-start=\"456\" data-end=\"510\">estr\u00e9s, a comer en exceso o al consumo de alcohol<\/strong>. Este producto tambi\u00e9n act\u00faa sobre el <strong data-start=\"548\" data-end=\"567\">sistema nervioso<\/strong>, ayudando a aliviar s\u00edntomas como la irritabilidad, la tensi\u00f3n o la dificultad para concentrarse. <\/p>\n<p data-start=\"658\" data-end=\"921\">Formulado a partir del extracto homeop\u00e1tico de <em data-start=\"703\" data-end=\"725\">Strychnos nux-vomica<\/em>, Nux Vomica es ideal para quienes viven bajo <strong data-start=\"765\" data-end=\"818\">una presi\u00f3n constante, llevan un ritmo de vida acelerado<\/strong> y sufren desequilibrios digestivos recurrentes causados por malos h\u00e1bitos o sobreestimulaci\u00f3n.<\/p>\n<p data-start=\"923\" data-end=\"1101\">Su acci\u00f3n es suave y eficaz, sin causar efectos adversos no deseados. Pueden utilizarlo los adultos y, en algunos casos, los adolescentes, bajo consejo profesional. <\/p>\n<p data-start=\"1103\" data-end=\"1276\">Es especialmente \u00fatil <strong data-start=\"1129\" data-end=\"1200\">en \u00e9pocas festivas, periodos de mayor estr\u00e9s o despu\u00e9s de comidas copiosas<\/strong>, pues proporciona un alivio r\u00e1pido y natural de las molestias g\u00e1stricas y emocionales.<\/p>\n<p>Este suplemento es conocido por sus propiedades terap\u00e9uticas en homeopat\u00eda y se utiliza para aliviar s\u00edntomas como la indigesti\u00f3n, el ardor de est\u00f3mago, la sensaci\u00f3n de plenitud en el est\u00f3mago despu\u00e9s de las comidas, las n\u00e1useas y los v\u00f3mitos.<\/p>\n<h3 data-start=\"1278\" data-end=\"1304\">Principales ventajas:<\/h3>\n<ul data-start=\"1305\" data-end=\"1606\">\n<li data-start=\"1305\" data-end=\"1362\">\n<p data-start=\"1307\" data-end=\"1362\">Alivia los s\u00edntomas de mala digesti\u00f3n, acidez e hinchaz\u00f3n;<\/p>\n<\/li>\n<li data-start=\"1363\" data-end=\"1413\">\n<p data-start=\"1365\" data-end=\"1413\">Reducci\u00f3n de las n\u00e1useas, los gases y la distensi\u00f3n abdominal;<\/p>\n<\/li>\n<li data-start=\"1414\" data-end=\"1491\">\n<p data-start=\"1416\" data-end=\"1491\">Ayuda a equilibrar el sistema nervioso en estados de irritabilidad y estr\u00e9s;<\/p>\n<\/li>\n<li data-start=\"1492\" data-end=\"1554\">\n<p data-start=\"1494\" data-end=\"1554\">Ideal para las molestias causadas por comer en exceso;<\/p>\n<\/li>\n<li data-start=\"1555\" data-end=\"1606\">\n<p data-start=\"1557\" data-end=\"1606\">Bien tolerado, sin efectos secundarios significativos.<\/p>\n<\/li>\n<\/ul>\n<h3 data-start=\"1608\" data-end=\"1623\">Indicaciones:<\/h3>\n<p data-start=\"1624\" data-end=\"1650\">Adecuado para adultos que:<\/p>\n<ul data-start=\"1651\" data-end=\"1890\">\n<li data-start=\"1651\" data-end=\"1688\">\n<p data-start=\"1653\" data-end=\"1688\">Sufren digestiones lentas o pesadas;<\/p>\n<\/li>\n<li data-start=\"1689\" data-end=\"1758\">\n<p data-start=\"1691\" data-end=\"1758\">Tienen s\u00edntomas digestivos despu\u00e9s de comer o beber en exceso;<\/p>\n<\/li>\n<li data-start=\"1759\" data-end=\"1821\">\n<p data-start=\"1761\" data-end=\"1821\">Viven con un estr\u00e9s frecuente, que afecta a su bienestar digestivo;<\/p>\n<\/li>\n<li data-start=\"1822\" data-end=\"1890\">\n<p data-start=\"1824\" data-end=\"1890\">Buscan ayuda homeop\u00e1tica para el equilibrio digestivo y nervioso.<\/p>\n<\/li>\n<\/ul>\n<p data-start=\"1892\" data-end=\"2019\"><strong data-start=\"1892\" data-end=\"1911\">Nux Vomica Heel<\/strong> es la soluci\u00f3n natural para quien busca restablecer el bienestar digestivo y el equilibrio emocional en la vida cotidiana.<\/p>\n<p>Act\u00faa sobre el organismo estimulando el equilibrio y la armon\u00eda naturales de los sistemas afectados. Trata de restablecer el buen funcionamiento del aparato digestivo, aliviar la irritaci\u00f3n y la inflamaci\u00f3n y promover una digesti\u00f3n sana. <\/p>\n<p><strong>PRESENTACI\u00d3N<\/strong><\/p>\n<p>30 ml<\/p>\n<p>&nbsp;<\/p>\n","protected":false},"excerpt":{"rendered":"<p><span style=\"color: #ff0000;\">10% DE DESCUENTO en compras superiores a 50\u20ac con el cup\u00f3n <strong>LIFE1009<\/strong> y 15% DE DESCUENTO en compras superiores a 100\u20ac con el cup\u00f3n <strong>LIFE1509<\/strong> &#8211; HASTA <strong>EL 30 DE MAYO DE 2026<\/strong><\/span> [&#8230;]<\/p>\n<p><a class=\"btn btn-secondary understrap-read-more-link\" href=\"https:\/\/www.lifenatura.com\/es\/produto\/nux-vomica-homaccord-gotas-30-ml-heel-copia\/\">Leer m\u00e1s&#8230;<span class=\"screen-reader-text\"> from Nux Vomica Homaccord Gotas 3&#215;30 ml &#8211; Tal\u00f3n &#8211; Pack 3<\/span><\/a><\/p>\n","protected":false},"featured_media":67203,"template":"","meta":{"_acf_changed":false},"product_brand":[8478],"product_cat":[7196,7179],"product_tag":[],"class_list":{"0":"post-132804","1":"product","2":"type-product","3":"status-publish","4":"has-post-thumbnail","6":"product_brand-heel","7":"product_cat-homeopatia-salud","8":"product_cat-salud","9":"pa_caracteristicas-gotas-orales-homeopaticas","11":"first","12":"instock","13":"sale","14":"shipping-taxable","15":"purchasable","16":"product-type-woosb","17":"add-to-wishlist-before_image"},"acf":[],"yoast_head":"<!-- This site is optimized with the Yoast SEO Premium plugin v27.1 (Yoast SEO v27.6) - https:\/\/yoast.com\/product\/yoast-seo-premium-wordpress\/ -->\n<title>Nux Vomica Homaccord Gotas para el Tal\u00f3n - Lifenatura<\/title>\n<meta name=\"description\" content=\"Nux Vomica Homaccord est\u00e1 indicado para el tratamiento de trastornos funcionales gastrointestinales y hep\u00e1ticos, aliviando los s\u00edntomas de indigesti\u00f3n y acidez estomacal.\" \/>\n<meta name=\"robots\" content=\"index, follow, max-snippet:-1, max-image-preview:large, max-video-preview:-1\" \/>\n<link rel=\"canonical\" href=\"https:\/\/www.lifenatura.com\/es\/produto\/nux-vomica-homaccord-gotas-30-ml-heel-copia\/\" \/>\n<meta property=\"og:locale\" content=\"es_ES\" \/>\n<meta property=\"og:type\" content=\"article\" \/>\n<meta property=\"og:title\" content=\"Nux Vomica Homaccord Gotas 3x30 ml - Tal\u00f3n - Pack 3 - Na Lifenatura ao Melhor Pre\u00e7o | Envio 48h\" \/>\n<meta property=\"og:description\" content=\"Compre Nux Vomica Homaccord Gotas 3x30 ml - Tal\u00f3n - Pack 3 com envio r\u00e1pido. Entrega em 48h e portes gr\u00e1tis em compras &gt;35\u20ac. Aproveite j\u00e1 na Lifenatura\" \/>\n<meta property=\"og:url\" content=\"https:\/\/www.lifenatura.com\/es\/produto\/nux-vomica-homaccord-gotas-30-ml-heel-copia\/\" \/>\n<meta property=\"og:site_name\" content=\"Lifenatura\" \/>\n<meta property=\"article:publisher\" content=\"https:\/\/www.facebook.com\/lifenatura\" \/>\n<meta property=\"article:modified_time\" content=\"2026-03-29T23:12:25+00:00\" \/>\n<meta property=\"og:image\" content=\"https:\/\/www.lifenatura.com\/wp-content\/uploads\/2021\/09\/nux-vomica-homaccord-gotas-heel.jpg\" \/>\n\t<meta property=\"og:image:width\" content=\"1000\" \/>\n\t<meta property=\"og:image:height\" content=\"1000\" \/>\n\t<meta property=\"og:image:type\" content=\"image\/jpeg\" \/>\n<meta name=\"twitter:card\" content=\"summary_large_image\" \/>\n<meta name=\"twitter:label1\" content=\"Precio\" \/>\n\t<meta name=\"twitter:data1\" content=\"42,93&nbsp;&euro;\" \/>\n\t<meta name=\"twitter:label2\" content=\"Disponibilidad\" \/>\n\t<meta name=\"twitter:data2\" content=\"Disponible\" \/>\n<script type=\"application\/ld+json\" class=\"yoast-schema-graph\">{\"@context\":\"https:\\\/\\\/schema.org\",\"@graph\":[{\"@type\":\"WebPage\",\"@id\":\"https:\\\/\\\/www.lifenatura.com\\\/es\\\/produto\\\/nux-vomica-homaccord-gotas-30-ml-heel-copia\\\/\",\"url\":\"https:\\\/\\\/www.lifenatura.com\\\/es\\\/produto\\\/nux-vomica-homaccord-gotas-30-ml-heel-copia\\\/\",\"name\":\"Nux Vomica Homaccord Gotas para el Tal\u00f3n - Lifenatura\",\"isPartOf\":{\"@id\":\"https:\\\/\\\/www.lifenatura.com\\\/es\\\/#website\"},\"primaryImageOfPage\":{\"@id\":\"https:\\\/\\\/www.lifenatura.com\\\/es\\\/produto\\\/nux-vomica-homaccord-gotas-30-ml-heel-copia\\\/#primaryimage\"},\"image\":{\"@id\":\"https:\\\/\\\/www.lifenatura.com\\\/es\\\/produto\\\/nux-vomica-homaccord-gotas-30-ml-heel-copia\\\/#primaryimage\"},\"thumbnailUrl\":\"https:\\\/\\\/www.lifenatura.com\\\/wp-content\\\/uploads\\\/2021\\\/09\\\/nux-vomica-homaccord-gotas-heel.jpg\",\"datePublished\":\"2026-03-29T08:32:44+00:00\",\"dateModified\":\"2026-03-29T23:12:25+00:00\",\"description\":\"Nux Vomica Homaccord est\u00e1 indicado para el tratamiento de trastornos funcionales gastrointestinales y hep\u00e1ticos, aliviando los s\u00edntomas de indigesti\u00f3n y acidez estomacal.\",\"breadcrumb\":{\"@id\":\"https:\\\/\\\/www.lifenatura.com\\\/es\\\/produto\\\/nux-vomica-homaccord-gotas-30-ml-heel-copia\\\/#breadcrumb\"},\"inLanguage\":\"es\",\"potentialAction\":[{\"@type\":\"ReadAction\",\"target\":[\"https:\\\/\\\/www.lifenatura.com\\\/es\\\/produto\\\/nux-vomica-homaccord-gotas-30-ml-heel-copia\\\/\"]}]},{\"@type\":\"ImageObject\",\"inLanguage\":\"es\",\"@id\":\"https:\\\/\\\/www.lifenatura.com\\\/es\\\/produto\\\/nux-vomica-homaccord-gotas-30-ml-heel-copia\\\/#primaryimage\",\"url\":\"https:\\\/\\\/www.lifenatura.com\\\/wp-content\\\/uploads\\\/2021\\\/09\\\/nux-vomica-homaccord-gotas-heel.jpg\",\"contentUrl\":\"https:\\\/\\\/www.lifenatura.com\\\/wp-content\\\/uploads\\\/2021\\\/09\\\/nux-vomica-homaccord-gotas-heel.jpg\",\"width\":1000,\"height\":1000,\"caption\":\"Nux Vomica marca Heel\"},{\"@type\":\"BreadcrumbList\",\"@id\":\"https:\\\/\\\/www.lifenatura.com\\\/es\\\/produto\\\/nux-vomica-homaccord-gotas-30-ml-heel-copia\\\/#breadcrumb\",\"itemListElement\":[{\"@type\":\"ListItem\",\"position\":1,\"name\":\"In\u00edcio\",\"item\":\"https:\\\/\\\/www.lifenatura.com\\\/es\\\/\"},{\"@type\":\"ListItem\",\"position\":2,\"name\":\"Todos los Productos\",\"item\":\"https:\\\/\\\/www.lifenatura.com\\\/es\\\/tienda\\\/\"},{\"@type\":\"ListItem\",\"position\":3,\"name\":\"Nux Vomica Homaccord Gotas 3&#215;30 ml &#8211; Tal\u00f3n &#8211; Pack 3\"}]},{\"@type\":\"WebSite\",\"@id\":\"https:\\\/\\\/www.lifenatura.com\\\/es\\\/#website\",\"url\":\"https:\\\/\\\/www.lifenatura.com\\\/es\\\/\",\"name\":\"Lifenatura\",\"description\":\"A Lifenatura \u00e9 uma loja de produtos naturais, cosm\u00e9tica natural e alimenta\u00e7\u00e3o Biol\u00f3gica.\",\"publisher\":{\"@id\":\"https:\\\/\\\/www.lifenatura.com\\\/es\\\/#organization\"},\"potentialAction\":[{\"@type\":\"SearchAction\",\"target\":{\"@type\":\"EntryPoint\",\"urlTemplate\":\"https:\\\/\\\/www.lifenatura.com\\\/es\\\/?s={search_term_string}\"},\"query-input\":{\"@type\":\"PropertyValueSpecification\",\"valueRequired\":true,\"valueName\":\"search_term_string\"}}],\"inLanguage\":\"es\"},{\"@type\":\"Organization\",\"@id\":\"https:\\\/\\\/www.lifenatura.com\\\/es\\\/#organization\",\"name\":\"Lifenatura\",\"url\":\"https:\\\/\\\/www.lifenatura.com\\\/es\\\/\",\"logo\":{\"@type\":\"ImageObject\",\"inLanguage\":\"es\",\"@id\":\"https:\\\/\\\/www.lifenatura.com\\\/es\\\/#\\\/schema\\\/logo\\\/image\\\/\",\"url\":\"https:\\\/\\\/www.lifenatura.com\\\/wp-content\\\/uploads\\\/2021\\\/07\\\/logo.png\",\"contentUrl\":\"https:\\\/\\\/www.lifenatura.com\\\/wp-content\\\/uploads\\\/2021\\\/07\\\/logo.png\",\"width\":175,\"height\":55,\"caption\":\"Lifenatura\"},\"image\":{\"@id\":\"https:\\\/\\\/www.lifenatura.com\\\/es\\\/#\\\/schema\\\/logo\\\/image\\\/\"},\"sameAs\":[\"https:\\\/\\\/www.facebook.com\\\/lifenatura\",\"https:\\\/\\\/www.instagram.com\\\/lifenaturapt\\\/\"],\"hasMerchantReturnPolicy\":{\"@type\":\"MerchantReturnPolicy\",\"merchantReturnLink\":\"https:\\\/\\\/www.lifenatura.com\\\/termos-condicoes-lifenatura\\\/\"}}]}<\/script>\n<meta property=\"product:price:amount\" content=\"42.93\" \/>\n<meta property=\"product:price:currency\" content=\"EUR\" \/>\n<meta property=\"og:availability\" content=\"instock\" \/>\n<meta property=\"product:availability\" content=\"instock\" \/>\n<meta property=\"product:retailer_item_id\" content=\"56001300000077\" \/>\n<meta property=\"product:condition\" content=\"new\" \/>\n<!-- \/ Yoast SEO Premium plugin. -->","yoast_head_json":{"title":"Nux Vomica Homaccord Gotas para el Tal\u00f3n - Lifenatura","description":"Nux Vomica Homaccord est\u00e1 indicado para el tratamiento de trastornos funcionales gastrointestinales y hep\u00e1ticos, aliviando los s\u00edntomas de indigesti\u00f3n y acidez estomacal.","robots":{"index":"index","follow":"follow","max-snippet":"max-snippet:-1","max-image-preview":"max-image-preview:large","max-video-preview":"max-video-preview:-1"},"canonical":"https:\/\/www.lifenatura.com\/es\/produto\/nux-vomica-homaccord-gotas-30-ml-heel-copia\/","og_locale":"es_ES","og_type":"article","og_title":"Nux Vomica Homaccord Gotas 3x30 ml - Tal\u00f3n - Pack 3 - Na Lifenatura ao Melhor Pre\u00e7o | Envio 48h","og_description":"Compre Nux Vomica Homaccord Gotas 3x30 ml - Tal\u00f3n - Pack 3 com envio r\u00e1pido. Entrega em 48h e portes gr\u00e1tis em compras >35\u20ac. Aproveite j\u00e1 na Lifenatura","og_url":"https:\/\/www.lifenatura.com\/es\/produto\/nux-vomica-homaccord-gotas-30-ml-heel-copia\/","og_site_name":"Lifenatura","article_publisher":"https:\/\/www.facebook.com\/lifenatura","article_modified_time":"2026-03-29T23:12:25+00:00","og_image":[{"width":1000,"height":1000,"url":"https:\/\/www.lifenatura.com\/wp-content\/uploads\/2021\/09\/nux-vomica-homaccord-gotas-heel.jpg","type":"image\/jpeg"}],"twitter_card":"summary_large_image","twitter_misc":{"Precio":"42,93&nbsp;&euro;","Disponibilidad":"Disponible"},"schema":{"@context":"https:\/\/schema.org","@graph":[{"@type":"WebPage","@id":"https:\/\/www.lifenatura.com\/es\/produto\/nux-vomica-homaccord-gotas-30-ml-heel-copia\/","url":"https:\/\/www.lifenatura.com\/es\/produto\/nux-vomica-homaccord-gotas-30-ml-heel-copia\/","name":"Nux Vomica Homaccord Gotas para el Tal\u00f3n - Lifenatura","isPartOf":{"@id":"https:\/\/www.lifenatura.com\/es\/#website"},"primaryImageOfPage":{"@id":"https:\/\/www.lifenatura.com\/es\/produto\/nux-vomica-homaccord-gotas-30-ml-heel-copia\/#primaryimage"},"image":{"@id":"https:\/\/www.lifenatura.com\/es\/produto\/nux-vomica-homaccord-gotas-30-ml-heel-copia\/#primaryimage"},"thumbnailUrl":"https:\/\/www.lifenatura.com\/wp-content\/uploads\/2021\/09\/nux-vomica-homaccord-gotas-heel.jpg","datePublished":"2026-03-29T08:32:44+00:00","dateModified":"2026-03-29T23:12:25+00:00","description":"Nux Vomica Homaccord est\u00e1 indicado para el tratamiento de trastornos funcionales gastrointestinales y hep\u00e1ticos, aliviando los s\u00edntomas de indigesti\u00f3n y acidez estomacal.","breadcrumb":{"@id":"https:\/\/www.lifenatura.com\/es\/produto\/nux-vomica-homaccord-gotas-30-ml-heel-copia\/#breadcrumb"},"inLanguage":"es","potentialAction":[{"@type":"ReadAction","target":["https:\/\/www.lifenatura.com\/es\/produto\/nux-vomica-homaccord-gotas-30-ml-heel-copia\/"]}]},{"@type":"ImageObject","inLanguage":"es","@id":"https:\/\/www.lifenatura.com\/es\/produto\/nux-vomica-homaccord-gotas-30-ml-heel-copia\/#primaryimage","url":"https:\/\/www.lifenatura.com\/wp-content\/uploads\/2021\/09\/nux-vomica-homaccord-gotas-heel.jpg","contentUrl":"https:\/\/www.lifenatura.com\/wp-content\/uploads\/2021\/09\/nux-vomica-homaccord-gotas-heel.jpg","width":1000,"height":1000,"caption":"Nux Vomica marca Heel"},{"@type":"BreadcrumbList","@id":"https:\/\/www.lifenatura.com\/es\/produto\/nux-vomica-homaccord-gotas-30-ml-heel-copia\/#breadcrumb","itemListElement":[{"@type":"ListItem","position":1,"name":"In\u00edcio","item":"https:\/\/www.lifenatura.com\/es\/"},{"@type":"ListItem","position":2,"name":"Todos los Productos","item":"https:\/\/www.lifenatura.com\/es\/tienda\/"},{"@type":"ListItem","position":3,"name":"Nux Vomica Homaccord Gotas 3&#215;30 ml &#8211; Tal\u00f3n &#8211; Pack 3"}]},{"@type":"WebSite","@id":"https:\/\/www.lifenatura.com\/es\/#website","url":"https:\/\/www.lifenatura.com\/es\/","name":"Lifenatura","description":"A Lifenatura \u00e9 uma loja de produtos naturais, cosm\u00e9tica natural e alimenta\u00e7\u00e3o Biol\u00f3gica.","publisher":{"@id":"https:\/\/www.lifenatura.com\/es\/#organization"},"potentialAction":[{"@type":"SearchAction","target":{"@type":"EntryPoint","urlTemplate":"https:\/\/www.lifenatura.com\/es\/?s={search_term_string}"},"query-input":{"@type":"PropertyValueSpecification","valueRequired":true,"valueName":"search_term_string"}}],"inLanguage":"es"},{"@type":"Organization","@id":"https:\/\/www.lifenatura.com\/es\/#organization","name":"Lifenatura","url":"https:\/\/www.lifenatura.com\/es\/","logo":{"@type":"ImageObject","inLanguage":"es","@id":"https:\/\/www.lifenatura.com\/es\/#\/schema\/logo\/image\/","url":"https:\/\/www.lifenatura.com\/wp-content\/uploads\/2021\/07\/logo.png","contentUrl":"https:\/\/www.lifenatura.com\/wp-content\/uploads\/2021\/07\/logo.png","width":175,"height":55,"caption":"Lifenatura"},"image":{"@id":"https:\/\/www.lifenatura.com\/es\/#\/schema\/logo\/image\/"},"sameAs":["https:\/\/www.facebook.com\/lifenatura","https:\/\/www.instagram.com\/lifenaturapt\/"],"hasMerchantReturnPolicy":{"@type":"MerchantReturnPolicy","merchantReturnLink":"https:\/\/www.lifenatura.com\/termos-condicoes-lifenatura\/"}}]},"product_price_amount":"42.93","product_price_currency":"EUR","og_availability":"instock","product_availability":"instock","product_retailer_item_id":"56001300000077","product_condition":"new"},"df_price":42.93,"df_sale_price":42.93,"df_regular_price":65.28,"df_image_link":"https:\/\/www.lifenatura.com\/wp-content\/uploads\/2021\/09\/nux-vomica-homaccord-gotas-heel-300x300.jpg","_links":{"self":[{"href":"https:\/\/www.lifenatura.com\/es\/wp-json\/wp\/v2\/product\/132804","targetHints":{"allow":["GET"]}}],"collection":[{"href":"https:\/\/www.lifenatura.com\/es\/wp-json\/wp\/v2\/product"}],"about":[{"href":"https:\/\/www.lifenatura.com\/es\/wp-json\/wp\/v2\/types\/product"}],"wp:featuredmedia":[{"embeddable":true,"href":"https:\/\/www.lifenatura.com\/es\/wp-json\/wp\/v2\/media\/67203"}],"wp:attachment":[{"href":"https:\/\/www.lifenatura.com\/es\/wp-json\/wp\/v2\/media?parent=132804"}],"wp:term":[{"taxonomy":"product_brand","embeddable":true,"href":"https:\/\/www.lifenatura.com\/es\/wp-json\/wp\/v2\/product_brand?post=132804"},{"taxonomy":"product_cat","embeddable":true,"href":"https:\/\/www.lifenatura.com\/es\/wp-json\/wp\/v2\/product_cat?post=132804"},{"taxonomy":"product_tag","embeddable":true,"href":"https:\/\/www.lifenatura.com\/es\/wp-json\/wp\/v2\/product_tag?post=132804"}],"curies":[{"name":"wp","href":"https:\/\/api.w.org\/{rel}","templated":true}]}}