{"id":132800,"date":"2026-03-29T08:28:12","date_gmt":"2026-03-29T08:28:12","guid":{"rendered":"https:\/\/www.lifenatura.com\/?post_type=product&#038;p=132800"},"modified":"2026-03-29T23:12:28","modified_gmt":"2026-03-29T23:12:28","slug":"engystol-50-comprimidos-heel-copia","status":"publish","type":"product","link":"https:\/\/www.lifenatura.com\/es\/produto\/engystol-50-comprimidos-heel-copia\/","title":{"rendered":"Engystol 3&#215;50 comprimidos &#8211; Tal\u00f3n &#8211; Envase 3"},"content":{"rendered":"<h2><strong>Producto homeop\u00e1tico Engystol para tratar los resfriados y la gripe<\/strong><\/h2>\n<p>&nbsp;<\/p>\n<p>Engystol es un suplemento homeop\u00e1tico producido por Heel, y est\u00e1 formulado para reforzar el sistema inmunitario y ayudar a tratar y prevenir infecciones v\u00edricas como los resfriados y la gripe.<\/p>\n<p><strong data-start=\"258\" data-end=\"278\">Engystol de Heel<\/strong> es un medicamento homeop\u00e1tico dise\u00f1ado para <strong data-start=\"323\" data-end=\"356\">reforzar el sistema inmunitario<\/strong> y <strong data-start=\"359\" data-end=\"421\">aumentar la resistencia del organismo a las infecciones v\u00edricas<\/strong>, especialmente las de las v\u00edas respiratorias, como los resfriados, la gripe y los virus estacionales.<\/p>\n<p data-start=\"510\" data-end=\"972\">Su f\u00f3rmula \u00fanica combina ingredientes homeop\u00e1ticos como <strong data-start=\"569\" data-end=\"615\">el Vincetoxicum hirundinaria<\/strong> y <strong data-start=\"618\" data-end=\"628\">el Azufre<\/strong>, que act\u00faan sin\u00e9rgicamente para <strong data-start=\"662\" data-end=\"698\">modular la respuesta inmunitaria<\/strong>, ayudando a prevenir y reducir la duraci\u00f3n e intensidad de los s\u00edntomas v\u00edricos. Engystol puede utilizarse tanto como medida <strong data-start=\"816\" data-end=\"829\">preventiva<\/strong>, especialmente en periodos cr\u00edticos como el oto\u00f1o y el invierno, como <strong data-start=\"903\" data-end=\"931\">durante episodios agudos<\/strong>, favoreciendo una recuperaci\u00f3n m\u00e1s r\u00e1pida. <\/p>\n<p data-start=\"974\" data-end=\"1230\">Este producto se tolera bien y pueden utilizarlo adultos y ni\u00f1os, por lo que es una opci\u00f3n excelente para quienes buscan <strong data-start=\"1091\" data-end=\"1173\">una alternativa natural y eficaz al tratamiento convencional de las infecciones v\u00edricas<\/strong>, sin los efectos secundarios de los medicamentos sint\u00e9ticos.<\/p>\n<h3 data-start=\"1232\" data-end=\"1258\">Principales ventajas:<\/h3>\n<ul data-start=\"1259\" data-end=\"1511\">\n<li data-start=\"1259\" data-end=\"1303\">\n<p data-start=\"1261\" data-end=\"1303\">Estimula las defensas naturales del organismo;<\/p>\n<\/li>\n<li data-start=\"1304\" data-end=\"1362\">\n<p data-start=\"1306\" data-end=\"1362\">Ayuda a prevenir la gripe, los resfriados y las infecciones v\u00edricas;<\/p>\n<\/li>\n<li data-start=\"1363\" data-end=\"1415\">\n<p data-start=\"1365\" data-end=\"1415\">Puede reducir la duraci\u00f3n y la intensidad de los s\u00edntomas;<\/p>\n<\/li>\n<li data-start=\"1416\" data-end=\"1468\">\n<p data-start=\"1418\" data-end=\"1468\">Bien tolerado, sin efectos adversos significativos;<\/p>\n<\/li>\n<li data-start=\"1469\" data-end=\"1511\">\n<p data-start=\"1471\" data-end=\"1511\">Adecuado para un uso prolongado o estacional.<\/p>\n<\/li>\n<\/ul>\n<h3 data-start=\"1513\" data-end=\"1528\">Indicaciones:<\/h3>\n<p data-start=\"1529\" data-end=\"1566\">Adecuado para adultos y ni\u00f1os que:<\/p>\n<ul data-start=\"1567\" data-end=\"1790\">\n<li data-start=\"1567\" data-end=\"1616\">\n<p data-start=\"1569\" data-end=\"1616\">Tienen poca resistencia a las infecciones v\u00edricas;<\/p>\n<\/li>\n<li data-start=\"1617\" data-end=\"1663\">\n<p data-start=\"1619\" data-end=\"1663\">Sufren resfriados o gripes frecuentes;<\/p>\n<\/li>\n<li data-start=\"1664\" data-end=\"1721\">\n<p data-start=\"1666\" data-end=\"1721\">Su objetivo es reforzar el sistema inmunitario de forma natural;<\/p>\n<\/li>\n<li data-start=\"1722\" data-end=\"1790\">\n<p data-start=\"1724\" data-end=\"1790\">Buscan ayuda para recuperarse de virus e infecciones respiratorias.<\/p>\n<\/li>\n<\/ul>\n<p data-start=\"1792\" data-end=\"1950\"><strong data-start=\"1792\" data-end=\"1809\">Engystol Heel<\/strong> es una soluci\u00f3n segura, natural y eficaz para reforzar el sistema inmunitario y ayudar al organismo a defenderse mejor contra los agentes v\u00edricos.<\/p>\n<p>Ayuda a reducir la duraci\u00f3n y la gravedad de los s\u00edntomas, favoreciendo una recuperaci\u00f3n m\u00e1s r\u00e1pida y aliviando las molestias asociadas a las infecciones respiratorias.<\/p>\n<p><strong>PRESENTACI\u00d3N  <\/strong><\/p>\n<p>50 Comprimidos<\/p>\n<p>&nbsp;<\/p>\n","protected":false},"excerpt":{"rendered":"<p><span style=\"color: #ff0000;\">10% DE DESCUENTO en compras superiores a 50\u20ac con el cup\u00f3n <strong>LIFE1009<\/strong> y 15% DE DESCUENTO en compras superiores a 100\u20ac con el cup\u00f3n <strong>LIFE1509<\/strong> &#8211; HASTA <strong>EL 30 DE MAYO DE 2026<\/strong><\/span> [&#8230;]<\/p>\n<p><a class=\"btn btn-secondary understrap-read-more-link\" href=\"https:\/\/www.lifenatura.com\/es\/produto\/engystol-50-comprimidos-heel-copia\/\">Leer m\u00e1s&#8230;<span class=\"screen-reader-text\"> from Engystol 3&#215;50 comprimidos &#8211; Tal\u00f3n &#8211; Envase 3<\/span><\/a><\/p>\n","protected":false},"featured_media":130194,"template":"","meta":{"_acf_changed":false},"product_brand":[8478],"product_cat":[7196,7179],"product_tag":[],"class_list":{"0":"post-132800","1":"product","2":"type-product","3":"status-publish","4":"has-post-thumbnail","6":"product_brand-heel","7":"product_cat-homeopatia-salud","8":"product_cat-salud","9":"pa_caracteristicas-comprimidos-homeopaticos-es","11":"first","12":"instock","13":"sale","14":"shipping-taxable","15":"purchasable","16":"product-type-woosb","17":"add-to-wishlist-before_image"},"acf":[],"yoast_head":"<!-- This site is optimized with the Yoast SEO Premium plugin v27.1 (Yoast SEO v27.6) - https:\/\/yoast.com\/product\/yoast-seo-premium-wordpress\/ -->\n<title>Engystol 50 comprimidos Heel - Lifenatura<\/title>\n<meta name=\"description\" content=\"Engystol es un complemento homeop\u00e1tico indicado para reforzar la inmunidad y ayudar a tratar y, sobre todo, a prevenir los resfriados y la gripe.\" \/>\n<meta name=\"robots\" content=\"index, follow, max-snippet:-1, max-image-preview:large, max-video-preview:-1\" \/>\n<link rel=\"canonical\" href=\"https:\/\/www.lifenatura.com\/es\/produto\/engystol-50-comprimidos-heel-copia\/\" \/>\n<meta property=\"og:locale\" content=\"es_ES\" \/>\n<meta property=\"og:type\" content=\"article\" \/>\n<meta property=\"og:title\" content=\"Engystol 3x50 comprimidos - Tal\u00f3n - Envase 3 - Na Lifenatura ao Melhor Pre\u00e7o | Envio 48h\" \/>\n<meta property=\"og:description\" content=\"Compre Engystol 3x50 comprimidos - Tal\u00f3n - Envase 3 com envio r\u00e1pido. Entrega em 48h e portes gr\u00e1tis em compras &gt;35\u20ac. Aproveite j\u00e1 na Lifenatura\" \/>\n<meta property=\"og:url\" content=\"https:\/\/www.lifenatura.com\/es\/produto\/engystol-50-comprimidos-heel-copia\/\" \/>\n<meta property=\"og:site_name\" content=\"Lifenatura\" \/>\n<meta property=\"article:publisher\" content=\"https:\/\/www.facebook.com\/lifenatura\" \/>\n<meta property=\"article:modified_time\" content=\"2026-03-29T23:12:28+00:00\" \/>\n<meta property=\"og:image\" content=\"https:\/\/www.lifenatura.com\/wp-content\/uploads\/2021\/09\/engystol-heel.jpg\" \/>\n\t<meta property=\"og:image:width\" content=\"1080\" \/>\n\t<meta property=\"og:image:height\" content=\"1080\" \/>\n\t<meta property=\"og:image:type\" content=\"image\/jpeg\" \/>\n<meta name=\"twitter:card\" content=\"summary_large_image\" \/>\n<meta name=\"twitter:label1\" content=\"Precio\" \/>\n\t<meta name=\"twitter:data1\" content=\"32,94&nbsp;&euro;\" \/>\n\t<meta name=\"twitter:label2\" content=\"Disponibilidad\" \/>\n\t<meta name=\"twitter:data2\" content=\"Disponible\" \/>\n<script type=\"application\/ld+json\" class=\"yoast-schema-graph\">{\"@context\":\"https:\\\/\\\/schema.org\",\"@graph\":[{\"@type\":\"WebPage\",\"@id\":\"https:\\\/\\\/www.lifenatura.com\\\/es\\\/produto\\\/engystol-50-comprimidos-heel-copia\\\/\",\"url\":\"https:\\\/\\\/www.lifenatura.com\\\/es\\\/produto\\\/engystol-50-comprimidos-heel-copia\\\/\",\"name\":\"Engystol 50 comprimidos Heel - Lifenatura\",\"isPartOf\":{\"@id\":\"https:\\\/\\\/www.lifenatura.com\\\/es\\\/#website\"},\"primaryImageOfPage\":{\"@id\":\"https:\\\/\\\/www.lifenatura.com\\\/es\\\/produto\\\/engystol-50-comprimidos-heel-copia\\\/#primaryimage\"},\"image\":{\"@id\":\"https:\\\/\\\/www.lifenatura.com\\\/es\\\/produto\\\/engystol-50-comprimidos-heel-copia\\\/#primaryimage\"},\"thumbnailUrl\":\"https:\\\/\\\/www.lifenatura.com\\\/wp-content\\\/uploads\\\/2021\\\/09\\\/engystol-heel.jpg\",\"datePublished\":\"2026-03-29T08:28:12+00:00\",\"dateModified\":\"2026-03-29T23:12:28+00:00\",\"description\":\"Engystol es un complemento homeop\u00e1tico indicado para reforzar la inmunidad y ayudar a tratar y, sobre todo, a prevenir los resfriados y la gripe.\",\"breadcrumb\":{\"@id\":\"https:\\\/\\\/www.lifenatura.com\\\/es\\\/produto\\\/engystol-50-comprimidos-heel-copia\\\/#breadcrumb\"},\"inLanguage\":\"es\",\"potentialAction\":[{\"@type\":\"ReadAction\",\"target\":[\"https:\\\/\\\/www.lifenatura.com\\\/es\\\/produto\\\/engystol-50-comprimidos-heel-copia\\\/\"]}]},{\"@type\":\"ImageObject\",\"inLanguage\":\"es\",\"@id\":\"https:\\\/\\\/www.lifenatura.com\\\/es\\\/produto\\\/engystol-50-comprimidos-heel-copia\\\/#primaryimage\",\"url\":\"https:\\\/\\\/www.lifenatura.com\\\/wp-content\\\/uploads\\\/2021\\\/09\\\/engystol-heel.jpg\",\"contentUrl\":\"https:\\\/\\\/www.lifenatura.com\\\/wp-content\\\/uploads\\\/2021\\\/09\\\/engystol-heel.jpg\",\"width\":1080,\"height\":1080,\"caption\":\"Engystol 50 comprimidos - Tal\u00f3n\"},{\"@type\":\"BreadcrumbList\",\"@id\":\"https:\\\/\\\/www.lifenatura.com\\\/es\\\/produto\\\/engystol-50-comprimidos-heel-copia\\\/#breadcrumb\",\"itemListElement\":[{\"@type\":\"ListItem\",\"position\":1,\"name\":\"In\u00edcio\",\"item\":\"https:\\\/\\\/www.lifenatura.com\\\/es\\\/\"},{\"@type\":\"ListItem\",\"position\":2,\"name\":\"Todos los Productos\",\"item\":\"https:\\\/\\\/www.lifenatura.com\\\/es\\\/tienda\\\/\"},{\"@type\":\"ListItem\",\"position\":3,\"name\":\"Engystol 3&#215;50 comprimidos &#8211; Tal\u00f3n &#8211; Envase 3\"}]},{\"@type\":\"WebSite\",\"@id\":\"https:\\\/\\\/www.lifenatura.com\\\/es\\\/#website\",\"url\":\"https:\\\/\\\/www.lifenatura.com\\\/es\\\/\",\"name\":\"Lifenatura\",\"description\":\"A Lifenatura \u00e9 uma loja de produtos naturais, cosm\u00e9tica natural e alimenta\u00e7\u00e3o Biol\u00f3gica.\",\"publisher\":{\"@id\":\"https:\\\/\\\/www.lifenatura.com\\\/es\\\/#organization\"},\"potentialAction\":[{\"@type\":\"SearchAction\",\"target\":{\"@type\":\"EntryPoint\",\"urlTemplate\":\"https:\\\/\\\/www.lifenatura.com\\\/es\\\/?s={search_term_string}\"},\"query-input\":{\"@type\":\"PropertyValueSpecification\",\"valueRequired\":true,\"valueName\":\"search_term_string\"}}],\"inLanguage\":\"es\"},{\"@type\":\"Organization\",\"@id\":\"https:\\\/\\\/www.lifenatura.com\\\/es\\\/#organization\",\"name\":\"Lifenatura\",\"url\":\"https:\\\/\\\/www.lifenatura.com\\\/es\\\/\",\"logo\":{\"@type\":\"ImageObject\",\"inLanguage\":\"es\",\"@id\":\"https:\\\/\\\/www.lifenatura.com\\\/es\\\/#\\\/schema\\\/logo\\\/image\\\/\",\"url\":\"https:\\\/\\\/www.lifenatura.com\\\/wp-content\\\/uploads\\\/2021\\\/07\\\/logo.png\",\"contentUrl\":\"https:\\\/\\\/www.lifenatura.com\\\/wp-content\\\/uploads\\\/2021\\\/07\\\/logo.png\",\"width\":175,\"height\":55,\"caption\":\"Lifenatura\"},\"image\":{\"@id\":\"https:\\\/\\\/www.lifenatura.com\\\/es\\\/#\\\/schema\\\/logo\\\/image\\\/\"},\"sameAs\":[\"https:\\\/\\\/www.facebook.com\\\/lifenatura\",\"https:\\\/\\\/www.instagram.com\\\/lifenaturapt\\\/\"],\"hasMerchantReturnPolicy\":{\"@type\":\"MerchantReturnPolicy\",\"merchantReturnLink\":\"https:\\\/\\\/www.lifenatura.com\\\/termos-condicoes-lifenatura\\\/\"}}]}<\/script>\n<meta property=\"product:price:amount\" content=\"32.94\" \/>\n<meta property=\"product:price:currency\" content=\"EUR\" \/>\n<meta property=\"og:availability\" content=\"instock\" \/>\n<meta property=\"product:availability\" content=\"instock\" \/>\n<meta property=\"product:retailer_item_id\" content=\"66079866\" \/>\n<meta property=\"product:condition\" content=\"new\" \/>\n<!-- \/ Yoast SEO Premium plugin. -->","yoast_head_json":{"title":"Engystol 50 comprimidos Heel - Lifenatura","description":"Engystol es un complemento homeop\u00e1tico indicado para reforzar la inmunidad y ayudar a tratar y, sobre todo, a prevenir los resfriados y la gripe.","robots":{"index":"index","follow":"follow","max-snippet":"max-snippet:-1","max-image-preview":"max-image-preview:large","max-video-preview":"max-video-preview:-1"},"canonical":"https:\/\/www.lifenatura.com\/es\/produto\/engystol-50-comprimidos-heel-copia\/","og_locale":"es_ES","og_type":"article","og_title":"Engystol 3x50 comprimidos - Tal\u00f3n - Envase 3 - Na Lifenatura ao Melhor Pre\u00e7o | Envio 48h","og_description":"Compre Engystol 3x50 comprimidos - Tal\u00f3n - Envase 3 com envio r\u00e1pido. Entrega em 48h e portes gr\u00e1tis em compras >35\u20ac. Aproveite j\u00e1 na Lifenatura","og_url":"https:\/\/www.lifenatura.com\/es\/produto\/engystol-50-comprimidos-heel-copia\/","og_site_name":"Lifenatura","article_publisher":"https:\/\/www.facebook.com\/lifenatura","article_modified_time":"2026-03-29T23:12:28+00:00","og_image":[{"width":1080,"height":1080,"url":"https:\/\/www.lifenatura.com\/wp-content\/uploads\/2021\/09\/engystol-heel.jpg","type":"image\/jpeg"}],"twitter_card":"summary_large_image","twitter_misc":{"Precio":"32,94&nbsp;&euro;","Disponibilidad":"Disponible"},"schema":{"@context":"https:\/\/schema.org","@graph":[{"@type":"WebPage","@id":"https:\/\/www.lifenatura.com\/es\/produto\/engystol-50-comprimidos-heel-copia\/","url":"https:\/\/www.lifenatura.com\/es\/produto\/engystol-50-comprimidos-heel-copia\/","name":"Engystol 50 comprimidos Heel - Lifenatura","isPartOf":{"@id":"https:\/\/www.lifenatura.com\/es\/#website"},"primaryImageOfPage":{"@id":"https:\/\/www.lifenatura.com\/es\/produto\/engystol-50-comprimidos-heel-copia\/#primaryimage"},"image":{"@id":"https:\/\/www.lifenatura.com\/es\/produto\/engystol-50-comprimidos-heel-copia\/#primaryimage"},"thumbnailUrl":"https:\/\/www.lifenatura.com\/wp-content\/uploads\/2021\/09\/engystol-heel.jpg","datePublished":"2026-03-29T08:28:12+00:00","dateModified":"2026-03-29T23:12:28+00:00","description":"Engystol es un complemento homeop\u00e1tico indicado para reforzar la inmunidad y ayudar a tratar y, sobre todo, a prevenir los resfriados y la gripe.","breadcrumb":{"@id":"https:\/\/www.lifenatura.com\/es\/produto\/engystol-50-comprimidos-heel-copia\/#breadcrumb"},"inLanguage":"es","potentialAction":[{"@type":"ReadAction","target":["https:\/\/www.lifenatura.com\/es\/produto\/engystol-50-comprimidos-heel-copia\/"]}]},{"@type":"ImageObject","inLanguage":"es","@id":"https:\/\/www.lifenatura.com\/es\/produto\/engystol-50-comprimidos-heel-copia\/#primaryimage","url":"https:\/\/www.lifenatura.com\/wp-content\/uploads\/2021\/09\/engystol-heel.jpg","contentUrl":"https:\/\/www.lifenatura.com\/wp-content\/uploads\/2021\/09\/engystol-heel.jpg","width":1080,"height":1080,"caption":"Engystol 50 comprimidos - Tal\u00f3n"},{"@type":"BreadcrumbList","@id":"https:\/\/www.lifenatura.com\/es\/produto\/engystol-50-comprimidos-heel-copia\/#breadcrumb","itemListElement":[{"@type":"ListItem","position":1,"name":"In\u00edcio","item":"https:\/\/www.lifenatura.com\/es\/"},{"@type":"ListItem","position":2,"name":"Todos los Productos","item":"https:\/\/www.lifenatura.com\/es\/tienda\/"},{"@type":"ListItem","position":3,"name":"Engystol 3&#215;50 comprimidos &#8211; Tal\u00f3n &#8211; Envase 3"}]},{"@type":"WebSite","@id":"https:\/\/www.lifenatura.com\/es\/#website","url":"https:\/\/www.lifenatura.com\/es\/","name":"Lifenatura","description":"A Lifenatura \u00e9 uma loja de produtos naturais, cosm\u00e9tica natural e alimenta\u00e7\u00e3o Biol\u00f3gica.","publisher":{"@id":"https:\/\/www.lifenatura.com\/es\/#organization"},"potentialAction":[{"@type":"SearchAction","target":{"@type":"EntryPoint","urlTemplate":"https:\/\/www.lifenatura.com\/es\/?s={search_term_string}"},"query-input":{"@type":"PropertyValueSpecification","valueRequired":true,"valueName":"search_term_string"}}],"inLanguage":"es"},{"@type":"Organization","@id":"https:\/\/www.lifenatura.com\/es\/#organization","name":"Lifenatura","url":"https:\/\/www.lifenatura.com\/es\/","logo":{"@type":"ImageObject","inLanguage":"es","@id":"https:\/\/www.lifenatura.com\/es\/#\/schema\/logo\/image\/","url":"https:\/\/www.lifenatura.com\/wp-content\/uploads\/2021\/07\/logo.png","contentUrl":"https:\/\/www.lifenatura.com\/wp-content\/uploads\/2021\/07\/logo.png","width":175,"height":55,"caption":"Lifenatura"},"image":{"@id":"https:\/\/www.lifenatura.com\/es\/#\/schema\/logo\/image\/"},"sameAs":["https:\/\/www.facebook.com\/lifenatura","https:\/\/www.instagram.com\/lifenaturapt\/"],"hasMerchantReturnPolicy":{"@type":"MerchantReturnPolicy","merchantReturnLink":"https:\/\/www.lifenatura.com\/termos-condicoes-lifenatura\/"}}]},"product_price_amount":"32.94","product_price_currency":"EUR","og_availability":"instock","product_availability":"instock","product_retailer_item_id":"66079866","product_condition":"new"},"df_price":32.94,"df_sale_price":32.94,"df_regular_price":54.06,"df_image_link":"https:\/\/www.lifenatura.com\/wp-content\/uploads\/2021\/09\/engystol-heel-300x300.jpg","_links":{"self":[{"href":"https:\/\/www.lifenatura.com\/es\/wp-json\/wp\/v2\/product\/132800","targetHints":{"allow":["GET"]}}],"collection":[{"href":"https:\/\/www.lifenatura.com\/es\/wp-json\/wp\/v2\/product"}],"about":[{"href":"https:\/\/www.lifenatura.com\/es\/wp-json\/wp\/v2\/types\/product"}],"wp:featuredmedia":[{"embeddable":true,"href":"https:\/\/www.lifenatura.com\/es\/wp-json\/wp\/v2\/media\/130194"}],"wp:attachment":[{"href":"https:\/\/www.lifenatura.com\/es\/wp-json\/wp\/v2\/media?parent=132800"}],"wp:term":[{"taxonomy":"product_brand","embeddable":true,"href":"https:\/\/www.lifenatura.com\/es\/wp-json\/wp\/v2\/product_brand?post=132800"},{"taxonomy":"product_cat","embeddable":true,"href":"https:\/\/www.lifenatura.com\/es\/wp-json\/wp\/v2\/product_cat?post=132800"},{"taxonomy":"product_tag","embeddable":true,"href":"https:\/\/www.lifenatura.com\/es\/wp-json\/wp\/v2\/product_tag?post=132800"}],"curies":[{"name":"wp","href":"https:\/\/api.w.org\/{rel}","templated":true}]}}