{"id":132798,"date":"2026-03-29T08:26:51","date_gmt":"2026-03-29T08:26:51","guid":{"rendered":"https:\/\/www.lifenatura.com\/?post_type=product&#038;p=132798"},"modified":"2026-03-29T23:12:30","modified_gmt":"2026-03-29T23:12:30","slug":"euphorbium-spray-nasal-20-ml-heel-copia","status":"publish","type":"product","link":"https:\/\/www.lifenatura.com\/es\/produto\/euphorbium-spray-nasal-20-ml-heel-copia\/","title":{"rendered":"Aerosol Nasal Euforbio 3&#215;20 ml &#8211; Tal\u00f3n &#8211; Envase 3"},"content":{"rendered":"<h2 style=\"text-align: left;\"><strong>Euphorbium compositum est\u00e1 indicado para el tratamiento de la rinitis y la sinusitis<\/strong><\/h2>\n<p>&nbsp;<\/p>\n<p>Euphorbium compositum es un complemento homeop\u00e1tico de la marca Heel, formulado a partir de los principios de la homeopat\u00eda y desarrollado para ayudar a tratar enfermedades respiratorias como la rinitis, la sinusitis y la congesti\u00f3n nasal.<\/p>\n<p>Este producto est\u00e1 compuesto por una combinaci\u00f3n de ingredientes naturales, incluidos extractos de plantas medicinales como Euphorbia resinifera, Pulsatilla pratensis y Luffa operculata. Estos ingredientes son conocidos por sus propiedades terap\u00e9uticas, que ayudan a aliviar los s\u00edntomas relacionados con los problemas respiratorios. <\/p>\n<p>El Tal\u00f3n de Euforbio act\u00faa aliviando la congesti\u00f3n nasal, los estornudos, el goteo nasal, la inflamaci\u00f3n de las fosas nasales y el dolor sinusal. Trata de restablecer el equilibrio de las v\u00edas respiratorias, reducir la inflamaci\u00f3n y favorecer el correcto drenaje de las secreciones, aliviando as\u00ed los molestos s\u00edntomas asociados a las enfermedades respiratorias. <\/p>\n<p><strong>PRESENTACI\u00d3N<\/strong><\/p>\n<p>20 ml<\/p>\n<p>&nbsp;<\/p>\n","protected":false},"excerpt":{"rendered":"<p><span style=\"color: #ff0000;\">10% DE DESCUENTO en compras superiores a 50\u20ac con el cup\u00f3n <strong>LIFE1009<\/strong> y 15% DE DESCUENTO en compras superiores a 100\u20ac con el cup\u00f3n <strong>LIFE1509<\/strong> &#8211; HASTA <strong>EL 30 DE MAYO DE 2026<\/strong><\/span> [&#8230;]<\/p>\n<p><a class=\"btn btn-secondary understrap-read-more-link\" href=\"https:\/\/www.lifenatura.com\/es\/produto\/euphorbium-spray-nasal-20-ml-heel-copia\/\">Leer m\u00e1s&#8230;<span class=\"screen-reader-text\"> from Aerosol Nasal Euforbio 3&#215;20 ml &#8211; Tal\u00f3n &#8211; Envase 3<\/span><\/a><\/p>\n","protected":false},"featured_media":129993,"template":"","meta":{"_acf_changed":false},"product_brand":[8478],"product_cat":[7231,7196,7179],"product_tag":[],"class_list":{"0":"post-132798","1":"product","2":"type-product","3":"status-publish","4":"has-post-thumbnail","6":"product_brand-heel","7":"product_cat-gripe","8":"product_cat-homeopatia-salud","9":"product_cat-salud","10":"pa_caracteristicas-outras-formulaciones-homeopaticas","12":"first","13":"instock","14":"sale","15":"shipping-taxable","16":"purchasable","17":"product-type-woosb","18":"add-to-wishlist-before_image"},"acf":[],"yoast_head":"<!-- This site is optimized with the Yoast SEO Premium plugin v27.1 (Yoast SEO v27.6) - https:\/\/yoast.com\/product\/yoast-seo-premium-wordpress\/ -->\n<title>Euphorbium Tal\u00f3n Spray Nasal - Lifenatura<\/title>\n<meta name=\"description\" content=\"Euphorbium compositum es un aerosol nasal homeop\u00e1tico para el tratamiento de la congesti\u00f3n nasal, la sinusitis y la rinitis al\u00e9rgica, que reduce la inflamaci\u00f3n nasal.\" \/>\n<meta name=\"robots\" content=\"index, follow, max-snippet:-1, max-image-preview:large, max-video-preview:-1\" \/>\n<link rel=\"canonical\" href=\"https:\/\/www.lifenatura.com\/es\/produto\/euphorbium-spray-nasal-20-ml-heel-copia\/\" \/>\n<meta property=\"og:locale\" content=\"es_ES\" \/>\n<meta property=\"og:type\" content=\"article\" \/>\n<meta property=\"og:title\" content=\"Aerosol Nasal Euforbio 3x20 ml - Tal\u00f3n - Envase 3 - Na Lifenatura ao Melhor Pre\u00e7o | Envio 48h\" \/>\n<meta property=\"og:description\" content=\"Compre Aerosol Nasal Euforbio 3x20 ml - Tal\u00f3n - Envase 3 com envio r\u00e1pido. Entrega em 48h e portes gr\u00e1tis em compras &gt;35\u20ac. Aproveite j\u00e1 na Lifenatura\" \/>\n<meta property=\"og:url\" content=\"https:\/\/www.lifenatura.com\/es\/produto\/euphorbium-spray-nasal-20-ml-heel-copia\/\" \/>\n<meta property=\"og:site_name\" content=\"Lifenatura\" \/>\n<meta property=\"article:publisher\" content=\"https:\/\/www.facebook.com\/lifenatura\" \/>\n<meta property=\"article:modified_time\" content=\"2026-03-29T23:12:30+00:00\" \/>\n<meta property=\"og:image\" content=\"https:\/\/www.lifenatura.com\/wp-content\/uploads\/2021\/09\/euphorbium-compositum-heel.jpg\" \/>\n\t<meta property=\"og:image:width\" content=\"1080\" \/>\n\t<meta property=\"og:image:height\" content=\"1080\" \/>\n\t<meta property=\"og:image:type\" content=\"image\/jpeg\" \/>\n<meta name=\"twitter:card\" content=\"summary_large_image\" \/>\n<meta name=\"twitter:label1\" content=\"Precio\" \/>\n\t<meta name=\"twitter:data1\" content=\"31,05&nbsp;&euro;\" \/>\n\t<meta name=\"twitter:label2\" content=\"Disponibilidad\" \/>\n\t<meta name=\"twitter:data2\" content=\"Disponible\" \/>\n<script type=\"application\/ld+json\" class=\"yoast-schema-graph\">{\"@context\":\"https:\\\/\\\/schema.org\",\"@graph\":[{\"@type\":\"WebPage\",\"@id\":\"https:\\\/\\\/www.lifenatura.com\\\/es\\\/produto\\\/euphorbium-spray-nasal-20-ml-heel-copia\\\/\",\"url\":\"https:\\\/\\\/www.lifenatura.com\\\/es\\\/produto\\\/euphorbium-spray-nasal-20-ml-heel-copia\\\/\",\"name\":\"Euphorbium Tal\u00f3n Spray Nasal - Lifenatura\",\"isPartOf\":{\"@id\":\"https:\\\/\\\/www.lifenatura.com\\\/es\\\/#website\"},\"primaryImageOfPage\":{\"@id\":\"https:\\\/\\\/www.lifenatura.com\\\/es\\\/produto\\\/euphorbium-spray-nasal-20-ml-heel-copia\\\/#primaryimage\"},\"image\":{\"@id\":\"https:\\\/\\\/www.lifenatura.com\\\/es\\\/produto\\\/euphorbium-spray-nasal-20-ml-heel-copia\\\/#primaryimage\"},\"thumbnailUrl\":\"https:\\\/\\\/www.lifenatura.com\\\/wp-content\\\/uploads\\\/2021\\\/09\\\/euphorbium-compositum-heel.jpg\",\"datePublished\":\"2026-03-29T08:26:51+00:00\",\"dateModified\":\"2026-03-29T23:12:30+00:00\",\"description\":\"Euphorbium compositum es un aerosol nasal homeop\u00e1tico para el tratamiento de la congesti\u00f3n nasal, la sinusitis y la rinitis al\u00e9rgica, que reduce la inflamaci\u00f3n nasal.\",\"breadcrumb\":{\"@id\":\"https:\\\/\\\/www.lifenatura.com\\\/es\\\/produto\\\/euphorbium-spray-nasal-20-ml-heel-copia\\\/#breadcrumb\"},\"inLanguage\":\"es\",\"potentialAction\":[{\"@type\":\"ReadAction\",\"target\":[\"https:\\\/\\\/www.lifenatura.com\\\/es\\\/produto\\\/euphorbium-spray-nasal-20-ml-heel-copia\\\/\"]}]},{\"@type\":\"ImageObject\",\"inLanguage\":\"es\",\"@id\":\"https:\\\/\\\/www.lifenatura.com\\\/es\\\/produto\\\/euphorbium-spray-nasal-20-ml-heel-copia\\\/#primaryimage\",\"url\":\"https:\\\/\\\/www.lifenatura.com\\\/wp-content\\\/uploads\\\/2021\\\/09\\\/euphorbium-compositum-heel.jpg\",\"contentUrl\":\"https:\\\/\\\/www.lifenatura.com\\\/wp-content\\\/uploads\\\/2021\\\/09\\\/euphorbium-compositum-heel.jpg\",\"width\":1080,\"height\":1080,\"caption\":\"Euphorbium Compositum Tal\u00f3n\"},{\"@type\":\"BreadcrumbList\",\"@id\":\"https:\\\/\\\/www.lifenatura.com\\\/es\\\/produto\\\/euphorbium-spray-nasal-20-ml-heel-copia\\\/#breadcrumb\",\"itemListElement\":[{\"@type\":\"ListItem\",\"position\":1,\"name\":\"In\u00edcio\",\"item\":\"https:\\\/\\\/www.lifenatura.com\\\/es\\\/\"},{\"@type\":\"ListItem\",\"position\":2,\"name\":\"Todos los Productos\",\"item\":\"https:\\\/\\\/www.lifenatura.com\\\/es\\\/tienda\\\/\"},{\"@type\":\"ListItem\",\"position\":3,\"name\":\"Aerosol Nasal Euforbio 3&#215;20 ml &#8211; Tal\u00f3n &#8211; Envase 3\"}]},{\"@type\":\"WebSite\",\"@id\":\"https:\\\/\\\/www.lifenatura.com\\\/es\\\/#website\",\"url\":\"https:\\\/\\\/www.lifenatura.com\\\/es\\\/\",\"name\":\"Lifenatura\",\"description\":\"A Lifenatura \u00e9 uma loja de produtos naturais, cosm\u00e9tica natural e alimenta\u00e7\u00e3o Biol\u00f3gica.\",\"publisher\":{\"@id\":\"https:\\\/\\\/www.lifenatura.com\\\/es\\\/#organization\"},\"potentialAction\":[{\"@type\":\"SearchAction\",\"target\":{\"@type\":\"EntryPoint\",\"urlTemplate\":\"https:\\\/\\\/www.lifenatura.com\\\/es\\\/?s={search_term_string}\"},\"query-input\":{\"@type\":\"PropertyValueSpecification\",\"valueRequired\":true,\"valueName\":\"search_term_string\"}}],\"inLanguage\":\"es\"},{\"@type\":\"Organization\",\"@id\":\"https:\\\/\\\/www.lifenatura.com\\\/es\\\/#organization\",\"name\":\"Lifenatura\",\"url\":\"https:\\\/\\\/www.lifenatura.com\\\/es\\\/\",\"logo\":{\"@type\":\"ImageObject\",\"inLanguage\":\"es\",\"@id\":\"https:\\\/\\\/www.lifenatura.com\\\/es\\\/#\\\/schema\\\/logo\\\/image\\\/\",\"url\":\"https:\\\/\\\/www.lifenatura.com\\\/wp-content\\\/uploads\\\/2021\\\/07\\\/logo.png\",\"contentUrl\":\"https:\\\/\\\/www.lifenatura.com\\\/wp-content\\\/uploads\\\/2021\\\/07\\\/logo.png\",\"width\":175,\"height\":55,\"caption\":\"Lifenatura\"},\"image\":{\"@id\":\"https:\\\/\\\/www.lifenatura.com\\\/es\\\/#\\\/schema\\\/logo\\\/image\\\/\"},\"sameAs\":[\"https:\\\/\\\/www.facebook.com\\\/lifenatura\",\"https:\\\/\\\/www.instagram.com\\\/lifenaturapt\\\/\"],\"hasMerchantReturnPolicy\":{\"@type\":\"MerchantReturnPolicy\",\"merchantReturnLink\":\"https:\\\/\\\/www.lifenatura.com\\\/termos-condicoes-lifenatura\\\/\"}}]}<\/script>\n<meta property=\"product:price:amount\" content=\"31.05\" \/>\n<meta property=\"product:price:currency\" content=\"EUR\" \/>\n<meta property=\"og:availability\" content=\"instock\" \/>\n<meta property=\"product:availability\" content=\"instock\" \/>\n<meta property=\"product:retailer_item_id\" content=\"56011111160077\" \/>\n<meta property=\"product:condition\" content=\"new\" \/>\n<!-- \/ Yoast SEO Premium plugin. -->","yoast_head_json":{"title":"Euphorbium Tal\u00f3n Spray Nasal - Lifenatura","description":"Euphorbium compositum es un aerosol nasal homeop\u00e1tico para el tratamiento de la congesti\u00f3n nasal, la sinusitis y la rinitis al\u00e9rgica, que reduce la inflamaci\u00f3n nasal.","robots":{"index":"index","follow":"follow","max-snippet":"max-snippet:-1","max-image-preview":"max-image-preview:large","max-video-preview":"max-video-preview:-1"},"canonical":"https:\/\/www.lifenatura.com\/es\/produto\/euphorbium-spray-nasal-20-ml-heel-copia\/","og_locale":"es_ES","og_type":"article","og_title":"Aerosol Nasal Euforbio 3x20 ml - Tal\u00f3n - Envase 3 - Na Lifenatura ao Melhor Pre\u00e7o | Envio 48h","og_description":"Compre Aerosol Nasal Euforbio 3x20 ml - Tal\u00f3n - Envase 3 com envio r\u00e1pido. Entrega em 48h e portes gr\u00e1tis em compras >35\u20ac. Aproveite j\u00e1 na Lifenatura","og_url":"https:\/\/www.lifenatura.com\/es\/produto\/euphorbium-spray-nasal-20-ml-heel-copia\/","og_site_name":"Lifenatura","article_publisher":"https:\/\/www.facebook.com\/lifenatura","article_modified_time":"2026-03-29T23:12:30+00:00","og_image":[{"width":1080,"height":1080,"url":"https:\/\/www.lifenatura.com\/wp-content\/uploads\/2021\/09\/euphorbium-compositum-heel.jpg","type":"image\/jpeg"}],"twitter_card":"summary_large_image","twitter_misc":{"Precio":"31,05&nbsp;&euro;","Disponibilidad":"Disponible"},"schema":{"@context":"https:\/\/schema.org","@graph":[{"@type":"WebPage","@id":"https:\/\/www.lifenatura.com\/es\/produto\/euphorbium-spray-nasal-20-ml-heel-copia\/","url":"https:\/\/www.lifenatura.com\/es\/produto\/euphorbium-spray-nasal-20-ml-heel-copia\/","name":"Euphorbium Tal\u00f3n Spray Nasal - Lifenatura","isPartOf":{"@id":"https:\/\/www.lifenatura.com\/es\/#website"},"primaryImageOfPage":{"@id":"https:\/\/www.lifenatura.com\/es\/produto\/euphorbium-spray-nasal-20-ml-heel-copia\/#primaryimage"},"image":{"@id":"https:\/\/www.lifenatura.com\/es\/produto\/euphorbium-spray-nasal-20-ml-heel-copia\/#primaryimage"},"thumbnailUrl":"https:\/\/www.lifenatura.com\/wp-content\/uploads\/2021\/09\/euphorbium-compositum-heel.jpg","datePublished":"2026-03-29T08:26:51+00:00","dateModified":"2026-03-29T23:12:30+00:00","description":"Euphorbium compositum es un aerosol nasal homeop\u00e1tico para el tratamiento de la congesti\u00f3n nasal, la sinusitis y la rinitis al\u00e9rgica, que reduce la inflamaci\u00f3n nasal.","breadcrumb":{"@id":"https:\/\/www.lifenatura.com\/es\/produto\/euphorbium-spray-nasal-20-ml-heel-copia\/#breadcrumb"},"inLanguage":"es","potentialAction":[{"@type":"ReadAction","target":["https:\/\/www.lifenatura.com\/es\/produto\/euphorbium-spray-nasal-20-ml-heel-copia\/"]}]},{"@type":"ImageObject","inLanguage":"es","@id":"https:\/\/www.lifenatura.com\/es\/produto\/euphorbium-spray-nasal-20-ml-heel-copia\/#primaryimage","url":"https:\/\/www.lifenatura.com\/wp-content\/uploads\/2021\/09\/euphorbium-compositum-heel.jpg","contentUrl":"https:\/\/www.lifenatura.com\/wp-content\/uploads\/2021\/09\/euphorbium-compositum-heel.jpg","width":1080,"height":1080,"caption":"Euphorbium Compositum Tal\u00f3n"},{"@type":"BreadcrumbList","@id":"https:\/\/www.lifenatura.com\/es\/produto\/euphorbium-spray-nasal-20-ml-heel-copia\/#breadcrumb","itemListElement":[{"@type":"ListItem","position":1,"name":"In\u00edcio","item":"https:\/\/www.lifenatura.com\/es\/"},{"@type":"ListItem","position":2,"name":"Todos los Productos","item":"https:\/\/www.lifenatura.com\/es\/tienda\/"},{"@type":"ListItem","position":3,"name":"Aerosol Nasal Euforbio 3&#215;20 ml &#8211; Tal\u00f3n &#8211; Envase 3"}]},{"@type":"WebSite","@id":"https:\/\/www.lifenatura.com\/es\/#website","url":"https:\/\/www.lifenatura.com\/es\/","name":"Lifenatura","description":"A Lifenatura \u00e9 uma loja de produtos naturais, cosm\u00e9tica natural e alimenta\u00e7\u00e3o Biol\u00f3gica.","publisher":{"@id":"https:\/\/www.lifenatura.com\/es\/#organization"},"potentialAction":[{"@type":"SearchAction","target":{"@type":"EntryPoint","urlTemplate":"https:\/\/www.lifenatura.com\/es\/?s={search_term_string}"},"query-input":{"@type":"PropertyValueSpecification","valueRequired":true,"valueName":"search_term_string"}}],"inLanguage":"es"},{"@type":"Organization","@id":"https:\/\/www.lifenatura.com\/es\/#organization","name":"Lifenatura","url":"https:\/\/www.lifenatura.com\/es\/","logo":{"@type":"ImageObject","inLanguage":"es","@id":"https:\/\/www.lifenatura.com\/es\/#\/schema\/logo\/image\/","url":"https:\/\/www.lifenatura.com\/wp-content\/uploads\/2021\/07\/logo.png","contentUrl":"https:\/\/www.lifenatura.com\/wp-content\/uploads\/2021\/07\/logo.png","width":175,"height":55,"caption":"Lifenatura"},"image":{"@id":"https:\/\/www.lifenatura.com\/es\/#\/schema\/logo\/image\/"},"sameAs":["https:\/\/www.facebook.com\/lifenatura","https:\/\/www.instagram.com\/lifenaturapt\/"],"hasMerchantReturnPolicy":{"@type":"MerchantReturnPolicy","merchantReturnLink":"https:\/\/www.lifenatura.com\/termos-condicoes-lifenatura\/"}}]},"product_price_amount":"31.05","product_price_currency":"EUR","og_availability":"instock","product_availability":"instock","product_retailer_item_id":"56011111160077","product_condition":"new"},"df_price":31.05,"df_sale_price":31.05,"df_regular_price":55.5,"df_image_link":"https:\/\/www.lifenatura.com\/wp-content\/uploads\/2021\/09\/euphorbium-compositum-heel-300x300.jpg","_links":{"self":[{"href":"https:\/\/www.lifenatura.com\/es\/wp-json\/wp\/v2\/product\/132798","targetHints":{"allow":["GET"]}}],"collection":[{"href":"https:\/\/www.lifenatura.com\/es\/wp-json\/wp\/v2\/product"}],"about":[{"href":"https:\/\/www.lifenatura.com\/es\/wp-json\/wp\/v2\/types\/product"}],"wp:featuredmedia":[{"embeddable":true,"href":"https:\/\/www.lifenatura.com\/es\/wp-json\/wp\/v2\/media\/129993"}],"wp:attachment":[{"href":"https:\/\/www.lifenatura.com\/es\/wp-json\/wp\/v2\/media?parent=132798"}],"wp:term":[{"taxonomy":"product_brand","embeddable":true,"href":"https:\/\/www.lifenatura.com\/es\/wp-json\/wp\/v2\/product_brand?post=132798"},{"taxonomy":"product_cat","embeddable":true,"href":"https:\/\/www.lifenatura.com\/es\/wp-json\/wp\/v2\/product_cat?post=132798"},{"taxonomy":"product_tag","embeddable":true,"href":"https:\/\/www.lifenatura.com\/es\/wp-json\/wp\/v2\/product_tag?post=132798"}],"curies":[{"name":"wp","href":"https:\/\/api.w.org\/{rel}","templated":true}]}}