{"id":132794,"date":"2026-03-29T08:22:54","date_gmt":"2026-03-29T08:22:54","guid":{"rendered":"https:\/\/www.lifenatura.com\/?post_type=product&#038;p=132794"},"modified":"2026-03-29T23:12:33","modified_gmt":"2026-03-29T23:12:33","slug":"lymphomyosot-gotas-30-ml-heel-copia","status":"publish","type":"product","link":"https:\/\/www.lifenatura.com\/es\/produto\/lymphomyosot-gotas-30-ml-heel-copia\/","title":{"rendered":"Gotas Linfomiosot 3&#215;30 ml &#8211; Tal\u00f3n &#8211; Envase 3"},"content":{"rendered":"<h2 style=\"text-align: left;\"><strong>La homeopat\u00eda Lymphomyosot est\u00e1 indicada para favorecer el drenaje linf\u00e1tico<\/strong><\/h2>\n<p>&nbsp;<\/p>\n<p>La homeopat\u00eda Lymphomyosot est\u00e1 indicada para resolver problemas relacionados con un mal drenaje linf\u00e1tico con hipertrofia benigna de los \u00f3rganos linf\u00e1ticos, edemas y predisposici\u00f3n a enfermedades infecciosas.<\/p>\n<p><strong data-start=\"274\" data-end=\"298\">Lymphomyosot de Heel<\/strong> es un medicamento homeop\u00e1tico dise\u00f1ado para favorecer <strong data-start=\"353\" data-end=\"375\">el drenaje linf\u00e1tico<\/strong> y estimular los <strong data-start=\"391\" data-end=\"432\">mecanismos naturales de desintoxicaci\u00f3n<\/strong> del organismo. Act\u00faa eficazmente para eliminar toxinas, apoyar el sistema linf\u00e1tico y aliviar afecciones congestivas como edemas, inflamaciones cr\u00f3nicas o infecciones recurrentes. <\/p>\n<p>Este producto contiene una combinaci\u00f3n de ingredientes naturales seleccionados por sus propiedades terap\u00e9uticas en homeopat\u00eda. Algunos de los principios activos de Lymphomyosot son Equisetum hyemale, Myosotis arvensis, Veronica officinalis, y son conocidos por su capacidad para estimular la funci\u00f3n del sistema linf\u00e1tico, reducir la retenci\u00f3n de l\u00edquidos y favorecer la eliminaci\u00f3n de toxinas del organismo. <\/p>\n<p><strong data-start=\"982\" data-end=\"998\">Lymphomyosot<\/strong> puede utilizarse solo o como parte de un protocolo terap\u00e9utico m\u00e1s completo, y es bien tolerado y adecuado para adultos y ni\u00f1os. Est\u00e1 disponible en una soluci\u00f3n oral (gotas) f\u00e1cil de administrar. <\/p>\n<h3 data-start=\"1203\" data-end=\"1229\">Principales ventajas:<\/h3>\n<ul data-start=\"1230\" data-end=\"1533\">\n<li data-start=\"1230\" data-end=\"1288\">\n<p data-start=\"1232\" data-end=\"1288\">Estimula el drenaje linf\u00e1tico y la eliminaci\u00f3n de toxinas;<\/p>\n<\/li>\n<li data-start=\"1289\" data-end=\"1352\">\n<p data-start=\"1291\" data-end=\"1352\">Favorece el sistema inmunitario y el equilibrio general del organismo;<\/p>\n<\/li>\n<li data-start=\"1353\" data-end=\"1417\">\n<p data-start=\"1355\" data-end=\"1417\">Alivia los s\u00edntomas de la congesti\u00f3n linf\u00e1tica y la retenci\u00f3n de l\u00edquidos;<\/p>\n<\/li>\n<li data-start=\"1418\" data-end=\"1480\">\n<p data-start=\"1420\" data-end=\"1480\">\u00datil en casos de inflamaci\u00f3n cr\u00f3nica o infecciones recurrentes;<\/p>\n<\/li>\n<li data-start=\"1481\" data-end=\"1533\">\n<p data-start=\"1483\" data-end=\"1533\">Bien tolerado, sin efectos adversos significativos.<\/p>\n<\/li>\n<\/ul>\n<h3 data-start=\"1535\" data-end=\"1550\">Indicaciones:<\/h3>\n<p data-start=\"1551\" data-end=\"1599\">Adecuado para adultos y ni\u00f1os:<\/p>\n<ul data-start=\"1600\" data-end=\"1818\">\n<li data-start=\"1600\" data-end=\"1644\">\n<p data-start=\"1602\" data-end=\"1644\">Retenci\u00f3n de l\u00edquidos o hinchaz\u00f3n linf\u00e1tica;<\/p>\n<\/li>\n<li data-start=\"1645\" data-end=\"1704\">\n<p data-start=\"1647\" data-end=\"1704\">Infecciones repetidas (respiratorias, amigdalitis, etc.);<\/p>\n<\/li>\n<li data-start=\"1705\" data-end=\"1755\">\n<p data-start=\"1707\" data-end=\"1755\">S\u00edntomas de fatiga cr\u00f3nica o sobrecarga t\u00f3xica;<\/p>\n<\/li>\n<li data-start=\"1756\" data-end=\"1818\">\n<p data-start=\"1758\" data-end=\"1818\">La necesidad de reforzar el drenaje y la desintoxicaci\u00f3n natural.<\/p>\n<\/li>\n<\/ul>\n<p data-start=\"1820\" data-end=\"1971\"><strong data-start=\"1820\" data-end=\"1841\">Lymphomyosot Heel<\/strong> es la opci\u00f3n ideal para quien busque una ayuda natural y segura para regular el sistema linf\u00e1tico y fortalecer el organismo.<\/p>\n<p>Lymphomyosot act\u00faa sobre el sistema linf\u00e1tico, ayudando a equilibrar el flujo y la circulaci\u00f3n de la linfa. Este suplemento homeop\u00e1tico pretende estimular el drenaje linf\u00e1tico, reducir la hinchaz\u00f3n, mejorar la funci\u00f3n inmunitaria y promover una sensaci\u00f3n de bienestar general. <\/p>\n<p><strong>PRESENTACI\u00d3N<\/strong><\/p>\n<p>30 ml<\/p>\n<p>&nbsp;<\/p>\n","protected":false},"excerpt":{"rendered":"<p><span style=\"color: #ff0000;\">10% DE DESCUENTO en compras superiores a 50\u20ac con el cup\u00f3n <strong>LIFE1009<\/strong> y 15% DE DESCUENTO en compras superiores a 100\u20ac con el cup\u00f3n <strong>LIFE1509<\/strong> &#8211; HASTA <strong>EL 30 DE MAYO DE 2026<\/strong><\/span> [&#8230;]<\/p>\n<p><a class=\"btn btn-secondary understrap-read-more-link\" href=\"https:\/\/www.lifenatura.com\/es\/produto\/lymphomyosot-gotas-30-ml-heel-copia\/\">Leer m\u00e1s&#8230;<span class=\"screen-reader-text\"> from Gotas Linfomiosot 3&#215;30 ml &#8211; Tal\u00f3n &#8211; Envase 3<\/span><\/a><\/p>\n","protected":false},"featured_media":67196,"template":"","meta":{"_acf_changed":false},"product_brand":[8478],"product_cat":[7196,7179],"product_tag":[],"class_list":{"0":"post-132794","1":"product","2":"type-product","3":"status-publish","4":"has-post-thumbnail","6":"product_brand-heel","7":"product_cat-homeopatia-salud","8":"product_cat-salud","9":"pa_caracteristicas-gotas-orales-homeopaticas","11":"first","12":"instock","13":"sale","14":"shipping-taxable","15":"purchasable","16":"product-type-woosb","17":"add-to-wishlist-before_image"},"acf":[],"yoast_head":"<!-- This site is optimized with the Yoast SEO Premium plugin v27.1 (Yoast SEO v27.3) - https:\/\/yoast.com\/product\/yoast-seo-premium-wordpress\/ -->\n<title>Lymphomyosot Gotas Heel - Lifenatura<\/title>\n<meta name=\"description\" content=\"Lymphomyosot un complemento homeop\u00e1tico indicado para solucionar problemas relacionados con un mal drenaje linf\u00e1tico, reduce la pesadez de piernas.\" \/>\n<meta name=\"robots\" content=\"index, follow, max-snippet:-1, max-image-preview:large, max-video-preview:-1\" \/>\n<link rel=\"canonical\" href=\"https:\/\/www.lifenatura.com\/es\/produto\/lymphomyosot-gotas-30-ml-heel-copia\/\" \/>\n<meta property=\"og:locale\" content=\"es_ES\" \/>\n<meta property=\"og:type\" content=\"article\" \/>\n<meta property=\"og:title\" content=\"Gotas Linfomiosot 3x30 ml - Tal\u00f3n - Envase 3 - Lifenatura\" \/>\n<meta property=\"og:description\" content=\"Compre aqui o seu Gotas Linfomiosot 3x30 ml - Tal\u00f3n - Envase 3 e a Lifenatura Online envia em 48 H com Portes Gratis &gt;35\u20ac de Pedido.\" \/>\n<meta property=\"og:url\" content=\"https:\/\/www.lifenatura.com\/es\/produto\/lymphomyosot-gotas-30-ml-heel-copia\/\" \/>\n<meta property=\"og:site_name\" content=\"Lifenatura\" \/>\n<meta property=\"article:publisher\" content=\"https:\/\/www.facebook.com\/lifenatura\" \/>\n<meta property=\"article:modified_time\" content=\"2026-03-29T23:12:33+00:00\" \/>\n<meta property=\"og:image\" content=\"https:\/\/www.lifenatura.com\/wp-content\/uploads\/2021\/09\/lymphomyosot-gotas-heel.jpg\" \/>\n\t<meta property=\"og:image:width\" content=\"1000\" \/>\n\t<meta property=\"og:image:height\" content=\"1000\" \/>\n\t<meta property=\"og:image:type\" content=\"image\/jpeg\" \/>\n<meta name=\"twitter:card\" content=\"summary_large_image\" \/>\n<meta name=\"twitter:label1\" content=\"Precio\" \/>\n\t<meta name=\"twitter:data1\" content=\"42,93&nbsp;&euro;\" \/>\n\t<meta name=\"twitter:label2\" content=\"Disponibilidad\" \/>\n\t<meta name=\"twitter:data2\" content=\"Disponible\" \/>\n<meta property=\"product:price:amount\" content=\"42.93\" \/>\n<meta property=\"product:price:currency\" content=\"EUR\" \/>\n<meta property=\"og:availability\" content=\"instock\" \/>\n<meta property=\"product:availability\" content=\"instock\" \/>\n<meta property=\"product:retailer_item_id\" content=\"7377069-377070\" \/>\n<meta property=\"product:condition\" content=\"new\" \/>\n<!-- \/ Yoast SEO Premium plugin. -->","yoast_head_json":{"title":"Lymphomyosot Gotas Heel - Lifenatura","description":"Lymphomyosot un complemento homeop\u00e1tico indicado para solucionar problemas relacionados con un mal drenaje linf\u00e1tico, reduce la pesadez de piernas.","robots":{"index":"index","follow":"follow","max-snippet":"max-snippet:-1","max-image-preview":"max-image-preview:large","max-video-preview":"max-video-preview:-1"},"canonical":"https:\/\/www.lifenatura.com\/es\/produto\/lymphomyosot-gotas-30-ml-heel-copia\/","og_locale":"es_ES","og_type":"article","og_title":"Gotas Linfomiosot 3x30 ml - Tal\u00f3n - Envase 3 - Lifenatura","og_description":"Compre aqui o seu Gotas Linfomiosot 3x30 ml - Tal\u00f3n - Envase 3 e a Lifenatura Online envia em 48 H com Portes Gratis >35\u20ac de Pedido.","og_url":"https:\/\/www.lifenatura.com\/es\/produto\/lymphomyosot-gotas-30-ml-heel-copia\/","og_site_name":"Lifenatura","article_publisher":"https:\/\/www.facebook.com\/lifenatura","article_modified_time":"2026-03-29T23:12:33+00:00","og_image":[{"width":1000,"height":1000,"url":"https:\/\/www.lifenatura.com\/wp-content\/uploads\/2021\/09\/lymphomyosot-gotas-heel.jpg","type":"image\/jpeg"}],"twitter_card":"summary_large_image","twitter_misc":{"Precio":"42,93&nbsp;&euro;","Disponibilidad":"Disponible"},"schema":{"@context":"https:\/\/schema.org","@graph":[{"@type":"WebPage","@id":"https:\/\/www.lifenatura.com\/es\/produto\/lymphomyosot-gotas-30-ml-heel-copia\/","url":"https:\/\/www.lifenatura.com\/es\/produto\/lymphomyosot-gotas-30-ml-heel-copia\/","name":"Lymphomyosot Gotas Heel - Lifenatura","isPartOf":{"@id":"https:\/\/www.lifenatura.com\/es\/#website"},"primaryImageOfPage":{"@id":"https:\/\/www.lifenatura.com\/es\/produto\/lymphomyosot-gotas-30-ml-heel-copia\/#primaryimage"},"image":{"@id":"https:\/\/www.lifenatura.com\/es\/produto\/lymphomyosot-gotas-30-ml-heel-copia\/#primaryimage"},"thumbnailUrl":"https:\/\/www.lifenatura.com\/wp-content\/uploads\/2021\/09\/lymphomyosot-gotas-heel.jpg","datePublished":"2026-03-29T08:22:54+00:00","dateModified":"2026-03-29T23:12:33+00:00","description":"Lymphomyosot un complemento homeop\u00e1tico indicado para solucionar problemas relacionados con un mal drenaje linf\u00e1tico, reduce la pesadez de piernas.","breadcrumb":{"@id":"https:\/\/www.lifenatura.com\/es\/produto\/lymphomyosot-gotas-30-ml-heel-copia\/#breadcrumb"},"inLanguage":"es","potentialAction":[{"@type":"ReadAction","target":["https:\/\/www.lifenatura.com\/es\/produto\/lymphomyosot-gotas-30-ml-heel-copia\/"]}]},{"@type":"ImageObject","inLanguage":"es","@id":"https:\/\/www.lifenatura.com\/es\/produto\/lymphomyosot-gotas-30-ml-heel-copia\/#primaryimage","url":"https:\/\/www.lifenatura.com\/wp-content\/uploads\/2021\/09\/lymphomyosot-gotas-heel.jpg","contentUrl":"https:\/\/www.lifenatura.com\/wp-content\/uploads\/2021\/09\/lymphomyosot-gotas-heel.jpg","width":1000,"height":1000,"caption":"Gotas Lymphomyosot de la marca Heel"},{"@type":"BreadcrumbList","@id":"https:\/\/www.lifenatura.com\/es\/produto\/lymphomyosot-gotas-30-ml-heel-copia\/#breadcrumb","itemListElement":[{"@type":"ListItem","position":1,"name":"In\u00edcio","item":"https:\/\/www.lifenatura.com\/es\/"},{"@type":"ListItem","position":2,"name":"Todos los Productos","item":"https:\/\/www.lifenatura.com\/es\/tienda\/"},{"@type":"ListItem","position":3,"name":"Gotas Linfomiosot 3&#215;30 ml &#8211; Tal\u00f3n &#8211; Envase 3"}]},{"@type":"WebSite","@id":"https:\/\/www.lifenatura.com\/es\/#website","url":"https:\/\/www.lifenatura.com\/es\/","name":"Lifenatura","description":"A Lifenatura \u00e9 uma loja de produtos naturais, cosm\u00e9tica natural e alimenta\u00e7\u00e3o Biol\u00f3gica.","publisher":{"@id":"https:\/\/www.lifenatura.com\/es\/#organization"},"potentialAction":[{"@type":"SearchAction","target":{"@type":"EntryPoint","urlTemplate":"https:\/\/www.lifenatura.com\/es\/?s={search_term_string}"},"query-input":{"@type":"PropertyValueSpecification","valueRequired":true,"valueName":"search_term_string"}}],"inLanguage":"es"},{"@type":"Organization","@id":"https:\/\/www.lifenatura.com\/es\/#organization","name":"Lifenatura","url":"https:\/\/www.lifenatura.com\/es\/","logo":{"@type":"ImageObject","inLanguage":"es","@id":"https:\/\/www.lifenatura.com\/es\/#\/schema\/logo\/image\/","url":"https:\/\/www.lifenatura.com\/wp-content\/uploads\/2021\/11\/logo.png","contentUrl":"https:\/\/www.lifenatura.com\/wp-content\/uploads\/2021\/11\/logo.png","width":175,"height":55,"caption":"Lifenatura"},"image":{"@id":"https:\/\/www.lifenatura.com\/es\/#\/schema\/logo\/image\/"},"sameAs":["https:\/\/www.facebook.com\/lifenatura","https:\/\/www.instagram.com\/lifenaturapt\/"]}]},"product_price_amount":"42.93","product_price_currency":"EUR","og_availability":"instock","product_availability":"instock","product_retailer_item_id":"7377069-377070","product_condition":"new"},"df_price":42.93,"df_sale_price":42.93,"df_regular_price":65.28,"df_image_link":"https:\/\/www.lifenatura.com\/wp-content\/uploads\/2021\/09\/lymphomyosot-gotas-heel-300x300.jpg","_links":{"self":[{"href":"https:\/\/www.lifenatura.com\/es\/wp-json\/wp\/v2\/product\/132794","targetHints":{"allow":["GET"]}}],"collection":[{"href":"https:\/\/www.lifenatura.com\/es\/wp-json\/wp\/v2\/product"}],"about":[{"href":"https:\/\/www.lifenatura.com\/es\/wp-json\/wp\/v2\/types\/product"}],"wp:featuredmedia":[{"embeddable":true,"href":"https:\/\/www.lifenatura.com\/es\/wp-json\/wp\/v2\/media\/67196"}],"wp:attachment":[{"href":"https:\/\/www.lifenatura.com\/es\/wp-json\/wp\/v2\/media?parent=132794"}],"wp:term":[{"taxonomy":"product_brand","embeddable":true,"href":"https:\/\/www.lifenatura.com\/es\/wp-json\/wp\/v2\/product_brand?post=132794"},{"taxonomy":"product_cat","embeddable":true,"href":"https:\/\/www.lifenatura.com\/es\/wp-json\/wp\/v2\/product_cat?post=132794"},{"taxonomy":"product_tag","embeddable":true,"href":"https:\/\/www.lifenatura.com\/es\/wp-json\/wp\/v2\/product_tag?post=132794"}],"curies":[{"name":"wp","href":"https:\/\/api.w.org\/{rel}","templated":true}]}}