{"id":132783,"date":"2026-03-28T17:16:06","date_gmt":"2026-03-28T17:16:06","guid":{"rendered":"https:\/\/www.lifenatura.com\/?post_type=product&#038;p=132783"},"modified":"2026-03-29T23:12:35","modified_gmt":"2026-03-29T23:12:35","slug":"oculoheel-gotas-oftalmicas-heel-copia","status":"publish","type":"product","link":"https:\/\/www.lifenatura.com\/es\/produto\/oculoheel-gotas-oftalmicas-heel-copia\/","title":{"rendered":"Oculoheel Gotas Oft\u00e1lmicas 3&#215;15 Monodosis &#8211; Tal\u00f3n &#8211; Envase 3"},"content":{"rendered":"<h2 style=\"text-align: left;\"><strong>Oculoheel est\u00e1 indicado para la irritaci\u00f3n e inflamaci\u00f3n ocular leve<\/strong><\/h2>\n<p>&nbsp;<\/p>\n<p>Oculoheel es un complemento homeop\u00e1tico desarrollado por Heel, especializado en el tratamiento de los trastornos oculares, cuyo objetivo es aliviar los s\u00edntomas relacionados con la irritaci\u00f3n, la inflamaci\u00f3n y las molestias oculares.<\/p>\n<p>Con una combinaci\u00f3n cuidadosamente seleccionada de ingredientes naturales, Oculoheel estimula el proceso de curaci\u00f3n y favorece el equilibrio de la zona ocular.<\/p>\n<p>Algunos de los principios activos de este medicamento son Euphrasia officinalis, Hepar sulphuris calcareum y Mercurius sublimatus corrosivus, conocidos por sus propiedades terap\u00e9uticas en homeopat\u00eda.<\/p>\n<p>Oculoheel puede utilizarse para aliviar diversos s\u00edntomas oculares, como enrojecimiento, picor, quemaz\u00f3n, sequedad ocular, lagrimeo excesivo y sensibilidad a la luz.<\/p>\n<p><strong>PRESENTACI\u00d3N <\/strong><\/p>\n<p>15 ampollas.<\/p>\n<p>&nbsp;<\/p>\n","protected":false},"excerpt":{"rendered":"<p><span style=\"color: #ff0000;\">10% DE DESCUENTO en compras superiores a 50\u20ac con el cup\u00f3n <strong>LIFE1009<\/strong> y 15% DE DESCUENTO en compras superiores a 100\u20ac con el cup\u00f3n <strong>LIFE1509<\/strong> &#8211; HASTA <strong>EL 30 DE MAYO DE 2026<\/strong><\/span> [&#8230;]<\/p>\n<p><a class=\"btn btn-secondary understrap-read-more-link\" href=\"https:\/\/www.lifenatura.com\/es\/produto\/oculoheel-gotas-oftalmicas-heel-copia\/\">Leer m\u00e1s&#8230;<span class=\"screen-reader-text\"> from Oculoheel Gotas Oft\u00e1lmicas 3&#215;15 Monodosis &#8211; Tal\u00f3n &#8211; Envase 3<\/span><\/a><\/p>\n","protected":false},"featured_media":132785,"template":"","meta":{"_acf_changed":false},"product_brand":[8478],"product_cat":[7196,7179,7218],"product_tag":[],"class_list":{"0":"post-132783","1":"product","2":"type-product","3":"status-publish","4":"has-post-thumbnail","6":"product_brand-heel","7":"product_cat-homeopatia-salud","8":"product_cat-salud","9":"product_cat-salud-ocular","10":"pa_caracteristicas-gotas-orales-homeopaticas","12":"first","13":"instock","14":"sale","15":"shipping-taxable","16":"purchasable","17":"product-type-woosb","18":"add-to-wishlist-before_image"},"acf":[],"yoast_head":"<!-- This site is optimized with the Yoast SEO Premium plugin v27.1 (Yoast SEO v27.3) - https:\/\/yoast.com\/product\/yoast-seo-premium-wordpress\/ -->\n<title>Oculoheel Gotas Oft\u00e1lmicas 3x15 Monodosis - Tal\u00f3n - Envase 3 - Lifenatura<\/title>\n<meta name=\"description\" content=\"Compre aqui o seu Oculoheel Gotas Oft\u00e1lmicas 3x15 Monodosis - Tal\u00f3n - Envase 3 e a Lifenatura Online envia em 48 H com Portes Gratis &gt;35\u20ac de Pedido.\" \/>\n<meta name=\"robots\" content=\"index, follow, max-snippet:-1, max-image-preview:large, max-video-preview:-1\" \/>\n<link rel=\"canonical\" href=\"https:\/\/www.lifenatura.com\/es\/produto\/oculoheel-gotas-oftalmicas-heel-copia\/\" \/>\n<meta property=\"og:locale\" content=\"es_ES\" \/>\n<meta property=\"og:type\" content=\"article\" \/>\n<meta property=\"og:title\" content=\"Oculoheel Gotas Oft\u00e1lmicas 3x15 Monodosis - Tal\u00f3n - Envase 3 - Lifenatura\" \/>\n<meta property=\"og:description\" content=\"Compre aqui o seu Oculoheel Gotas Oft\u00e1lmicas 3x15 Monodosis - Tal\u00f3n - Envase 3 e a Lifenatura Online envia em 48 H com Portes Gratis &gt;35\u20ac de Pedido.\" \/>\n<meta property=\"og:url\" content=\"https:\/\/www.lifenatura.com\/es\/produto\/oculoheel-gotas-oftalmicas-heel-copia\/\" \/>\n<meta property=\"og:site_name\" content=\"Lifenatura\" \/>\n<meta property=\"article:publisher\" content=\"https:\/\/www.facebook.com\/lifenatura\" \/>\n<meta property=\"article:modified_time\" content=\"2026-03-29T23:12:35+00:00\" \/>\n<meta property=\"og:image\" content=\"https:\/\/www.lifenatura.com\/wp-content\/uploads\/2026\/03\/Oculoheel-Colirio-Oftalmicas-3x15-Monodoses-Heel-Pack-3.jpg\" \/>\n\t<meta property=\"og:image:width\" content=\"1000\" \/>\n\t<meta property=\"og:image:height\" content=\"1000\" \/>\n\t<meta property=\"og:image:type\" content=\"image\/jpeg\" \/>\n<meta name=\"twitter:card\" content=\"summary_large_image\" \/>\n<meta name=\"twitter:label1\" content=\"Precio\" \/>\n\t<meta name=\"twitter:data1\" content=\"34,41&nbsp;&euro;\" \/>\n\t<meta name=\"twitter:label2\" content=\"Disponibilidad\" \/>\n\t<meta name=\"twitter:data2\" content=\"Disponible\" \/>\n<meta property=\"product:price:amount\" content=\"34.41\" \/>\n<meta property=\"product:price:currency\" content=\"EUR\" \/>\n<meta property=\"og:availability\" content=\"instock\" \/>\n<meta property=\"product:availability\" content=\"instock\" \/>\n<meta property=\"product:retailer_item_id\" content=\"73771277\" \/>\n<meta property=\"product:condition\" content=\"new\" \/>\n<!-- \/ Yoast SEO Premium plugin. -->","yoast_head_json":{"title":"Oculoheel Gotas Oft\u00e1lmicas 3x15 Monodosis - Tal\u00f3n - Envase 3 - Lifenatura","description":"Compre aqui o seu Oculoheel Gotas Oft\u00e1lmicas 3x15 Monodosis - Tal\u00f3n - Envase 3 e a Lifenatura Online envia em 48 H com Portes Gratis >35\u20ac de Pedido.","robots":{"index":"index","follow":"follow","max-snippet":"max-snippet:-1","max-image-preview":"max-image-preview:large","max-video-preview":"max-video-preview:-1"},"canonical":"https:\/\/www.lifenatura.com\/es\/produto\/oculoheel-gotas-oftalmicas-heel-copia\/","og_locale":"es_ES","og_type":"article","og_title":"Oculoheel Gotas Oft\u00e1lmicas 3x15 Monodosis - Tal\u00f3n - Envase 3 - Lifenatura","og_description":"Compre aqui o seu Oculoheel Gotas Oft\u00e1lmicas 3x15 Monodosis - Tal\u00f3n - Envase 3 e a Lifenatura Online envia em 48 H com Portes Gratis >35\u20ac de Pedido.","og_url":"https:\/\/www.lifenatura.com\/es\/produto\/oculoheel-gotas-oftalmicas-heel-copia\/","og_site_name":"Lifenatura","article_publisher":"https:\/\/www.facebook.com\/lifenatura","article_modified_time":"2026-03-29T23:12:35+00:00","og_image":[{"width":1000,"height":1000,"url":"https:\/\/www.lifenatura.com\/wp-content\/uploads\/2026\/03\/Oculoheel-Colirio-Oftalmicas-3x15-Monodoses-Heel-Pack-3.jpg","type":"image\/jpeg"}],"twitter_card":"summary_large_image","twitter_misc":{"Precio":"34,41&nbsp;&euro;","Disponibilidad":"Disponible"},"schema":{"@context":"https:\/\/schema.org","@graph":[{"@type":"WebPage","@id":"https:\/\/www.lifenatura.com\/es\/produto\/oculoheel-gotas-oftalmicas-heel-copia\/","url":"https:\/\/www.lifenatura.com\/es\/produto\/oculoheel-gotas-oftalmicas-heel-copia\/","name":"Oculoheel Gotas Oft\u00e1lmicas 3x15 Monodosis - Tal\u00f3n - Envase 3 - Lifenatura","isPartOf":{"@id":"https:\/\/www.lifenatura.com\/es\/#website"},"primaryImageOfPage":{"@id":"https:\/\/www.lifenatura.com\/es\/produto\/oculoheel-gotas-oftalmicas-heel-copia\/#primaryimage"},"image":{"@id":"https:\/\/www.lifenatura.com\/es\/produto\/oculoheel-gotas-oftalmicas-heel-copia\/#primaryimage"},"thumbnailUrl":"https:\/\/www.lifenatura.com\/wp-content\/uploads\/2026\/03\/Oculoheel-Colirio-Oftalmicas-3x15-Monodoses-Heel-Pack-3.jpg","datePublished":"2026-03-28T17:16:06+00:00","dateModified":"2026-03-29T23:12:35+00:00","description":"Compre aqui o seu Oculoheel Gotas Oft\u00e1lmicas 3x15 Monodosis - Tal\u00f3n - Envase 3 e a Lifenatura Online envia em 48 H com Portes Gratis >35\u20ac de Pedido.","breadcrumb":{"@id":"https:\/\/www.lifenatura.com\/es\/produto\/oculoheel-gotas-oftalmicas-heel-copia\/#breadcrumb"},"inLanguage":"es","potentialAction":[{"@type":"ReadAction","target":["https:\/\/www.lifenatura.com\/es\/produto\/oculoheel-gotas-oftalmicas-heel-copia\/"]}]},{"@type":"ImageObject","inLanguage":"es","@id":"https:\/\/www.lifenatura.com\/es\/produto\/oculoheel-gotas-oftalmicas-heel-copia\/#primaryimage","url":"https:\/\/www.lifenatura.com\/wp-content\/uploads\/2026\/03\/Oculoheel-Colirio-Oftalmicas-3x15-Monodoses-Heel-Pack-3.jpg","contentUrl":"https:\/\/www.lifenatura.com\/wp-content\/uploads\/2026\/03\/Oculoheel-Colirio-Oftalmicas-3x15-Monodoses-Heel-Pack-3.jpg","width":1000,"height":1000},{"@type":"BreadcrumbList","@id":"https:\/\/www.lifenatura.com\/es\/produto\/oculoheel-gotas-oftalmicas-heel-copia\/#breadcrumb","itemListElement":[{"@type":"ListItem","position":1,"name":"In\u00edcio","item":"https:\/\/www.lifenatura.com\/es\/"},{"@type":"ListItem","position":2,"name":"Todos los Productos","item":"https:\/\/www.lifenatura.com\/es\/tienda\/"},{"@type":"ListItem","position":3,"name":"Oculoheel Gotas Oft\u00e1lmicas 3&#215;15 Monodosis &#8211; Tal\u00f3n &#8211; Envase 3"}]},{"@type":"WebSite","@id":"https:\/\/www.lifenatura.com\/es\/#website","url":"https:\/\/www.lifenatura.com\/es\/","name":"Lifenatura","description":"A Lifenatura \u00e9 uma loja de produtos naturais, cosm\u00e9tica natural e alimenta\u00e7\u00e3o Biol\u00f3gica.","publisher":{"@id":"https:\/\/www.lifenatura.com\/es\/#organization"},"potentialAction":[{"@type":"SearchAction","target":{"@type":"EntryPoint","urlTemplate":"https:\/\/www.lifenatura.com\/es\/?s={search_term_string}"},"query-input":{"@type":"PropertyValueSpecification","valueRequired":true,"valueName":"search_term_string"}}],"inLanguage":"es"},{"@type":"Organization","@id":"https:\/\/www.lifenatura.com\/es\/#organization","name":"Lifenatura","url":"https:\/\/www.lifenatura.com\/es\/","logo":{"@type":"ImageObject","inLanguage":"es","@id":"https:\/\/www.lifenatura.com\/es\/#\/schema\/logo\/image\/","url":"https:\/\/www.lifenatura.com\/wp-content\/uploads\/2021\/11\/logo.png","contentUrl":"https:\/\/www.lifenatura.com\/wp-content\/uploads\/2021\/11\/logo.png","width":175,"height":55,"caption":"Lifenatura"},"image":{"@id":"https:\/\/www.lifenatura.com\/es\/#\/schema\/logo\/image\/"},"sameAs":["https:\/\/www.facebook.com\/lifenatura","https:\/\/www.instagram.com\/lifenaturapt\/"]}]},"product_price_amount":"34.41","product_price_currency":"EUR","og_availability":"instock","product_availability":"instock","product_retailer_item_id":"73771277","product_condition":"new"},"df_price":34.41,"df_sale_price":34.43,"df_regular_price":55.199999999999996,"df_image_link":"https:\/\/www.lifenatura.com\/wp-content\/uploads\/2026\/03\/Oculoheel-Colirio-Oftalmicas-3x15-Monodoses-Heel-Pack-3-300x300.jpg","_links":{"self":[{"href":"https:\/\/www.lifenatura.com\/es\/wp-json\/wp\/v2\/product\/132783","targetHints":{"allow":["GET"]}}],"collection":[{"href":"https:\/\/www.lifenatura.com\/es\/wp-json\/wp\/v2\/product"}],"about":[{"href":"https:\/\/www.lifenatura.com\/es\/wp-json\/wp\/v2\/types\/product"}],"wp:featuredmedia":[{"embeddable":true,"href":"https:\/\/www.lifenatura.com\/es\/wp-json\/wp\/v2\/media\/132785"}],"wp:attachment":[{"href":"https:\/\/www.lifenatura.com\/es\/wp-json\/wp\/v2\/media?parent=132783"}],"wp:term":[{"taxonomy":"product_brand","embeddable":true,"href":"https:\/\/www.lifenatura.com\/es\/wp-json\/wp\/v2\/product_brand?post=132783"},{"taxonomy":"product_cat","embeddable":true,"href":"https:\/\/www.lifenatura.com\/es\/wp-json\/wp\/v2\/product_cat?post=132783"},{"taxonomy":"product_tag","embeddable":true,"href":"https:\/\/www.lifenatura.com\/es\/wp-json\/wp\/v2\/product_tag?post=132783"}],"curies":[{"name":"wp","href":"https:\/\/api.w.org\/{rel}","templated":true}]}}