{"id":132777,"date":"2026-03-28T16:59:41","date_gmt":"2026-03-28T16:59:41","guid":{"rendered":"https:\/\/www.lifenatura.com\/?post_type=product&#038;p=132777"},"modified":"2026-03-29T23:12:36","modified_gmt":"2026-03-29T23:12:36","slug":"berberis-homaccord-gotas-30-ml-heel-copia","status":"publish","type":"product","link":"https:\/\/www.lifenatura.com\/es\/produto\/berberis-homaccord-gotas-30-ml-heel-copia\/","title":{"rendered":"Gotas de Berberis Homaccord 3&#215;30 ml &#8211; Tal\u00f3n &#8211; Pack 3"},"content":{"rendered":"<h2 style=\"text-align: left;\"><strong>Berberis-Homaccord est\u00e1 indicado para reducir la inflamaci\u00f3n urinaria<\/strong><\/h2>\n<p>&nbsp;<\/p>\n<p>Berberis-Homaccord es un suplemento homeop\u00e1tico de la marca Heel, disponible en forma l\u00edquida. Est\u00e1 formulado bas\u00e1ndose en principios homeop\u00e1ticos para proporcionar apoyo terap\u00e9utico en diversas afecciones relacionadas con los sistemas urinario y musculoesquel\u00e9tico. <\/p>\n<p>El Berberis-Homaccord est\u00e1 indicado para ayudar a tratar los procesos inflamatorios e irritativos del tracto urogenital y los conductos biliares.<\/p>\n<p>Este producto contiene un extracto de la planta medicinal Berberis vulgaris, conocida por sus propiedades medicinales. La Berberis vulgaris se utiliza tradicionalmente en medicina homeop\u00e1tica para tratar s\u00edntomas como el dolor, la inflamaci\u00f3n, la irritaci\u00f3n y las molestias en distintas partes del cuerpo. <\/p>\n<p>El Berberis-Homaccord est\u00e1 indicado para aliviar los s\u00edntomas asociados a trastornos renales, como dolor lumbar, dolor o ardor al orinar, sensaci\u00f3n de quemaz\u00f3n y molestias en la zona renal. Tambi\u00e9n puede utilizarse para tratar el dolor muscular y articular, como el dolor de espalda, la rigidez y la inflamaci\u00f3n. <\/p>\n<p><strong>PRESENTACI\u00d3N<\/strong><\/p>\n<p>30 ml<\/p>\n","protected":false},"excerpt":{"rendered":"<p>Berberis-Homaccord de Heel est\u00e1 indicado para ayudar a tratar los procesos inflamatorios e irritativos del tracto urogenital y los conductos biliares. [&#8230;]<\/p>\n<p><a class=\"btn btn-secondary understrap-read-more-link\" href=\"https:\/\/www.lifenatura.com\/es\/produto\/berberis-homaccord-gotas-30-ml-heel-copia\/\">Leer m\u00e1s&#8230;<span class=\"screen-reader-text\"> from Gotas de Berberis Homaccord 3&#215;30 ml &#8211; Tal\u00f3n &#8211; Pack 3<\/span><\/a><\/p>\n","protected":false},"featured_media":132779,"template":"","meta":{"_acf_changed":false},"product_brand":[8478],"product_cat":[7196,7179],"product_tag":[],"class_list":{"0":"post-132777","1":"product","2":"type-product","3":"status-publish","4":"has-post-thumbnail","6":"product_brand-heel","7":"product_cat-homeopatia-salud","8":"product_cat-salud","9":"pa_caracteristicas-gotas-orales-homeopaticas","11":"first","12":"instock","13":"sale","14":"shipping-taxable","15":"purchasable","16":"product-type-woosb","17":"add-to-wishlist-before_image"},"acf":[],"yoast_head":"<!-- This site is optimized with the Yoast SEO Premium plugin v27.1 (Yoast SEO v27.3) - https:\/\/yoast.com\/product\/yoast-seo-premium-wordpress\/ -->\n<title>Gotas para el Tal\u00f3n Berberis Homaccord - Lifenatura<\/title>\n<meta name=\"description\" content=\"Berberis-Homaccord de Heel est\u00e1 indicado para ayudar a tratar los procesos inflamatorios e irritativos del tracto urogenital y los conductos biliares.\" \/>\n<meta name=\"robots\" content=\"index, follow, max-snippet:-1, max-image-preview:large, max-video-preview:-1\" \/>\n<link rel=\"canonical\" href=\"https:\/\/www.lifenatura.com\/es\/produto\/berberis-homaccord-gotas-30-ml-heel-copia\/\" \/>\n<meta property=\"og:locale\" content=\"es_ES\" \/>\n<meta property=\"og:type\" content=\"article\" \/>\n<meta property=\"og:title\" content=\"Gotas de Berberis Homaccord 3x30 ml - Tal\u00f3n - Pack 3 - Lifenatura\" \/>\n<meta property=\"og:description\" content=\"Compre aqui o seu Gotas de Berberis Homaccord 3x30 ml - Tal\u00f3n - Pack 3 e a Lifenatura Online envia em 48 H com Portes Gratis &gt;35\u20ac de Pedido.\" \/>\n<meta property=\"og:url\" content=\"https:\/\/www.lifenatura.com\/es\/produto\/berberis-homaccord-gotas-30-ml-heel-copia\/\" \/>\n<meta property=\"og:site_name\" content=\"Lifenatura\" \/>\n<meta property=\"article:publisher\" content=\"https:\/\/www.facebook.com\/lifenatura\" \/>\n<meta property=\"article:modified_time\" content=\"2026-03-29T23:12:36+00:00\" \/>\n<meta property=\"og:image\" content=\"https:\/\/www.lifenatura.com\/wp-content\/uploads\/2026\/03\/Berberis-Homaccord-Gotas-3x.jpg\" \/>\n\t<meta property=\"og:image:width\" content=\"1000\" \/>\n\t<meta property=\"og:image:height\" content=\"1000\" \/>\n\t<meta property=\"og:image:type\" content=\"image\/jpeg\" \/>\n<meta name=\"twitter:card\" content=\"summary_large_image\" \/>\n<meta name=\"twitter:label1\" content=\"Precio\" \/>\n\t<meta name=\"twitter:data1\" content=\"37,53&nbsp;&euro;\" \/>\n\t<meta name=\"twitter:label2\" content=\"Disponibilidad\" \/>\n\t<meta name=\"twitter:data2\" content=\"Disponible\" \/>\n<meta property=\"product:price:amount\" content=\"37.53\" \/>\n<meta property=\"product:price:currency\" content=\"EUR\" \/>\n<meta property=\"og:availability\" content=\"instock\" \/>\n<meta property=\"product:availability\" content=\"instock\" \/>\n<meta property=\"product:retailer_item_id\" content=\"73770288\" \/>\n<meta property=\"product:condition\" content=\"new\" \/>\n<!-- \/ Yoast SEO Premium plugin. -->","yoast_head_json":{"title":"Gotas para el Tal\u00f3n Berberis Homaccord - Lifenatura","description":"Berberis-Homaccord de Heel est\u00e1 indicado para ayudar a tratar los procesos inflamatorios e irritativos del tracto urogenital y los conductos biliares.","robots":{"index":"index","follow":"follow","max-snippet":"max-snippet:-1","max-image-preview":"max-image-preview:large","max-video-preview":"max-video-preview:-1"},"canonical":"https:\/\/www.lifenatura.com\/es\/produto\/berberis-homaccord-gotas-30-ml-heel-copia\/","og_locale":"es_ES","og_type":"article","og_title":"Gotas de Berberis Homaccord 3x30 ml - Tal\u00f3n - Pack 3 - Lifenatura","og_description":"Compre aqui o seu Gotas de Berberis Homaccord 3x30 ml - Tal\u00f3n - Pack 3 e a Lifenatura Online envia em 48 H com Portes Gratis >35\u20ac de Pedido.","og_url":"https:\/\/www.lifenatura.com\/es\/produto\/berberis-homaccord-gotas-30-ml-heel-copia\/","og_site_name":"Lifenatura","article_publisher":"https:\/\/www.facebook.com\/lifenatura","article_modified_time":"2026-03-29T23:12:36+00:00","og_image":[{"width":1000,"height":1000,"url":"https:\/\/www.lifenatura.com\/wp-content\/uploads\/2026\/03\/Berberis-Homaccord-Gotas-3x.jpg","type":"image\/jpeg"}],"twitter_card":"summary_large_image","twitter_misc":{"Precio":"37,53&nbsp;&euro;","Disponibilidad":"Disponible"},"schema":{"@context":"https:\/\/schema.org","@graph":[{"@type":"WebPage","@id":"https:\/\/www.lifenatura.com\/es\/produto\/berberis-homaccord-gotas-30-ml-heel-copia\/","url":"https:\/\/www.lifenatura.com\/es\/produto\/berberis-homaccord-gotas-30-ml-heel-copia\/","name":"Gotas para el Tal\u00f3n Berberis Homaccord - Lifenatura","isPartOf":{"@id":"https:\/\/www.lifenatura.com\/es\/#website"},"primaryImageOfPage":{"@id":"https:\/\/www.lifenatura.com\/es\/produto\/berberis-homaccord-gotas-30-ml-heel-copia\/#primaryimage"},"image":{"@id":"https:\/\/www.lifenatura.com\/es\/produto\/berberis-homaccord-gotas-30-ml-heel-copia\/#primaryimage"},"thumbnailUrl":"https:\/\/www.lifenatura.com\/wp-content\/uploads\/2026\/03\/Berberis-Homaccord-Gotas-3x.jpg","datePublished":"2026-03-28T16:59:41+00:00","dateModified":"2026-03-29T23:12:36+00:00","description":"Berberis-Homaccord de Heel est\u00e1 indicado para ayudar a tratar los procesos inflamatorios e irritativos del tracto urogenital y los conductos biliares.","breadcrumb":{"@id":"https:\/\/www.lifenatura.com\/es\/produto\/berberis-homaccord-gotas-30-ml-heel-copia\/#breadcrumb"},"inLanguage":"es","potentialAction":[{"@type":"ReadAction","target":["https:\/\/www.lifenatura.com\/es\/produto\/berberis-homaccord-gotas-30-ml-heel-copia\/"]}]},{"@type":"ImageObject","inLanguage":"es","@id":"https:\/\/www.lifenatura.com\/es\/produto\/berberis-homaccord-gotas-30-ml-heel-copia\/#primaryimage","url":"https:\/\/www.lifenatura.com\/wp-content\/uploads\/2026\/03\/Berberis-Homaccord-Gotas-3x.jpg","contentUrl":"https:\/\/www.lifenatura.com\/wp-content\/uploads\/2026\/03\/Berberis-Homaccord-Gotas-3x.jpg","width":1000,"height":1000},{"@type":"BreadcrumbList","@id":"https:\/\/www.lifenatura.com\/es\/produto\/berberis-homaccord-gotas-30-ml-heel-copia\/#breadcrumb","itemListElement":[{"@type":"ListItem","position":1,"name":"In\u00edcio","item":"https:\/\/www.lifenatura.com\/es\/"},{"@type":"ListItem","position":2,"name":"Todos los Productos","item":"https:\/\/www.lifenatura.com\/es\/tienda\/"},{"@type":"ListItem","position":3,"name":"Gotas de Berberis Homaccord 3&#215;30 ml &#8211; Tal\u00f3n &#8211; Pack 3"}]},{"@type":"WebSite","@id":"https:\/\/www.lifenatura.com\/es\/#website","url":"https:\/\/www.lifenatura.com\/es\/","name":"Lifenatura","description":"A Lifenatura \u00e9 uma loja de produtos naturais, cosm\u00e9tica natural e alimenta\u00e7\u00e3o Biol\u00f3gica.","publisher":{"@id":"https:\/\/www.lifenatura.com\/es\/#organization"},"potentialAction":[{"@type":"SearchAction","target":{"@type":"EntryPoint","urlTemplate":"https:\/\/www.lifenatura.com\/es\/?s={search_term_string}"},"query-input":{"@type":"PropertyValueSpecification","valueRequired":true,"valueName":"search_term_string"}}],"inLanguage":"es"},{"@type":"Organization","@id":"https:\/\/www.lifenatura.com\/es\/#organization","name":"Lifenatura","url":"https:\/\/www.lifenatura.com\/es\/","logo":{"@type":"ImageObject","inLanguage":"es","@id":"https:\/\/www.lifenatura.com\/es\/#\/schema\/logo\/image\/","url":"https:\/\/www.lifenatura.com\/wp-content\/uploads\/2021\/11\/logo.png","contentUrl":"https:\/\/www.lifenatura.com\/wp-content\/uploads\/2021\/11\/logo.png","width":175,"height":55,"caption":"Lifenatura"},"image":{"@id":"https:\/\/www.lifenatura.com\/es\/#\/schema\/logo\/image\/"},"sameAs":["https:\/\/www.facebook.com\/lifenatura","https:\/\/www.instagram.com\/lifenaturapt\/"]}]},"product_price_amount":"37.53","product_price_currency":"EUR","og_availability":"instock","product_availability":"instock","product_retailer_item_id":"73770288","product_condition":"new"},"df_price":37.53,"df_sale_price":37.53,"df_regular_price":60.96,"df_image_link":"https:\/\/www.lifenatura.com\/wp-content\/uploads\/2026\/03\/Berberis-Homaccord-Gotas-3x-300x300.jpg","_links":{"self":[{"href":"https:\/\/www.lifenatura.com\/es\/wp-json\/wp\/v2\/product\/132777","targetHints":{"allow":["GET"]}}],"collection":[{"href":"https:\/\/www.lifenatura.com\/es\/wp-json\/wp\/v2\/product"}],"about":[{"href":"https:\/\/www.lifenatura.com\/es\/wp-json\/wp\/v2\/types\/product"}],"wp:featuredmedia":[{"embeddable":true,"href":"https:\/\/www.lifenatura.com\/es\/wp-json\/wp\/v2\/media\/132779"}],"wp:attachment":[{"href":"https:\/\/www.lifenatura.com\/es\/wp-json\/wp\/v2\/media?parent=132777"}],"wp:term":[{"taxonomy":"product_brand","embeddable":true,"href":"https:\/\/www.lifenatura.com\/es\/wp-json\/wp\/v2\/product_brand?post=132777"},{"taxonomy":"product_cat","embeddable":true,"href":"https:\/\/www.lifenatura.com\/es\/wp-json\/wp\/v2\/product_cat?post=132777"},{"taxonomy":"product_tag","embeddable":true,"href":"https:\/\/www.lifenatura.com\/es\/wp-json\/wp\/v2\/product_tag?post=132777"}],"curies":[{"name":"wp","href":"https:\/\/api.w.org\/{rel}","templated":true}]}}