{"id":132243,"date":"2026-03-24T00:27:27","date_gmt":"2026-03-24T00:27:27","guid":{"rendered":"https:\/\/www.lifenatura.com\/produto\/formulas-de-oxigeno-zell-14-ampollas-toma-4-paga-3-dr-wolz\/"},"modified":"2026-03-26T18:15:03","modified_gmt":"2026-03-26T18:15:03","slug":"formulas-de-oxigeno-zell-14-ampollas-toma-4-paga-3-dr-wolz","status":"publish","type":"product","link":"https:\/\/www.lifenatura.com\/es\/produto\/formulas-de-oxigeno-zell-14-ampollas-toma-4-paga-3-dr-wolz\/","title":{"rendered":"F\u00f3rmulas de Ox\u00edgeno Zell &#8211; 14 Ampollas &#8211; Toma 4 Paga 3 &#8211; Dr.Wolz"},"content":{"rendered":"","protected":false},"excerpt":{"rendered":"<p> [&#8230;]<\/p>\n<p><a class=\"btn btn-secondary understrap-read-more-link\" href=\"https:\/\/www.lifenatura.com\/es\/produto\/formulas-de-oxigeno-zell-14-ampollas-toma-4-paga-3-dr-wolz\/\">Leer m\u00e1s&#8230;<span class=\"screen-reader-text\"> from F\u00f3rmulas de Ox\u00edgeno Zell &#8211; 14 Ampollas &#8211; Toma 4 Paga 3 &#8211; Dr.Wolz<\/span><\/a><\/p>\n","protected":false},"featured_media":132244,"template":"","meta":{"_acf_changed":false},"product_brand":[8500],"product_cat":[7929],"product_tag":[8701],"class_list":{"0":"post-132243","1":"product","2":"type-product","3":"status-publish","4":"has-post-thumbnail","6":"product_brand-dr-wolz","7":"product_cat-sin-categoria","8":"product_tag-natiris","10":"first","11":"instock","12":"sale","13":"featured","14":"shipping-taxable","15":"purchasable","16":"product-type-simple","17":"add-to-wishlist-before_image"},"acf":[],"yoast_head":"<!-- This site is optimized with the Yoast SEO Premium plugin v27.1 (Yoast SEO v27.3) - https:\/\/yoast.com\/product\/yoast-seo-premium-wordpress\/ -->\n<title>F\u00f3rmulas de Ox\u00edgeno Zell - 14 Ampollas - Toma 4 Paga 3 - Dr.Wolz - Lifenatura<\/title>\n<meta name=\"description\" content=\"Compre aqui o seu F\u00f3rmulas de Ox\u00edgeno Zell - 14 Ampollas - Toma 4 Paga 3 - Dr.Wolz e a Lifenatura Online envia em 48 H com Portes Gratis &gt;35\u20ac de Pedido.\" \/>\n<meta name=\"robots\" content=\"index, follow, max-snippet:-1, max-image-preview:large, max-video-preview:-1\" \/>\n<link rel=\"canonical\" href=\"https:\/\/www.lifenatura.com\/es\/produto\/formulas-de-oxigeno-zell-14-ampollas-toma-4-paga-3-dr-wolz\/\" \/>\n<meta property=\"og:locale\" content=\"es_ES\" \/>\n<meta property=\"og:type\" content=\"article\" \/>\n<meta property=\"og:title\" content=\"F\u00f3rmulas de Ox\u00edgeno Zell - 14 Ampollas - Toma 4 Paga 3 - Dr.Wolz - Lifenatura\" \/>\n<meta property=\"og:description\" content=\"Compre aqui o seu F\u00f3rmulas de Ox\u00edgeno Zell - 14 Ampollas - Toma 4 Paga 3 - Dr.Wolz e a Lifenatura Online envia em 48 H com Portes Gratis &gt;35\u20ac de Pedido.\" \/>\n<meta property=\"og:url\" content=\"https:\/\/www.lifenatura.com\/es\/produto\/formulas-de-oxigeno-zell-14-ampollas-toma-4-paga-3-dr-wolz\/\" \/>\n<meta property=\"og:site_name\" content=\"Lifenatura\" \/>\n<meta property=\"article:publisher\" content=\"https:\/\/www.facebook.com\/lifenatura\" \/>\n<meta property=\"article:modified_time\" content=\"2026-03-26T18:15:03+00:00\" \/>\n<meta property=\"og:image\" content=\"https:\/\/www.lifenatura.com\/wp-content\/uploads\/2026\/03\/Zell-Oxygen-Formulas-14-Ampolas-Leve-4-Pague-3-Dr.Wolz_.jpg\" \/>\n\t<meta property=\"og:image:width\" content=\"1000\" \/>\n\t<meta property=\"og:image:height\" content=\"1000\" \/>\n\t<meta property=\"og:image:type\" content=\"image\/jpeg\" \/>\n<meta name=\"twitter:card\" content=\"summary_large_image\" \/>\n<meta name=\"twitter:label1\" content=\"Precio\" \/>\n\t<meta name=\"twitter:data1\" content=\"227,15&nbsp;&euro;\" \/>\n\t<meta name=\"twitter:label2\" content=\"Disponibilidad\" \/>\n\t<meta name=\"twitter:data2\" content=\"Disponible\" \/>\n<meta property=\"product:price:amount\" content=\"227.15\" \/>\n<meta property=\"product:price:currency\" content=\"EUR\" \/>\n<meta property=\"og:availability\" content=\"instock\" \/>\n<meta property=\"product:availability\" content=\"instock\" \/>\n<meta property=\"product:retailer_item_id\" content=\"40219014610555\" \/>\n<meta property=\"product:condition\" content=\"new\" \/>\n<!-- \/ Yoast SEO Premium plugin. -->","yoast_head_json":{"title":"F\u00f3rmulas de Ox\u00edgeno Zell - 14 Ampollas - Toma 4 Paga 3 - Dr.Wolz - Lifenatura","description":"Compre aqui o seu F\u00f3rmulas de Ox\u00edgeno Zell - 14 Ampollas - Toma 4 Paga 3 - Dr.Wolz e a Lifenatura Online envia em 48 H com Portes Gratis >35\u20ac de Pedido.","robots":{"index":"index","follow":"follow","max-snippet":"max-snippet:-1","max-image-preview":"max-image-preview:large","max-video-preview":"max-video-preview:-1"},"canonical":"https:\/\/www.lifenatura.com\/es\/produto\/formulas-de-oxigeno-zell-14-ampollas-toma-4-paga-3-dr-wolz\/","og_locale":"es_ES","og_type":"article","og_title":"F\u00f3rmulas de Ox\u00edgeno Zell - 14 Ampollas - Toma 4 Paga 3 - Dr.Wolz - Lifenatura","og_description":"Compre aqui o seu F\u00f3rmulas de Ox\u00edgeno Zell - 14 Ampollas - Toma 4 Paga 3 - Dr.Wolz e a Lifenatura Online envia em 48 H com Portes Gratis >35\u20ac de Pedido.","og_url":"https:\/\/www.lifenatura.com\/es\/produto\/formulas-de-oxigeno-zell-14-ampollas-toma-4-paga-3-dr-wolz\/","og_site_name":"Lifenatura","article_publisher":"https:\/\/www.facebook.com\/lifenatura","article_modified_time":"2026-03-26T18:15:03+00:00","og_image":[{"width":1000,"height":1000,"url":"https:\/\/www.lifenatura.com\/wp-content\/uploads\/2026\/03\/Zell-Oxygen-Formulas-14-Ampolas-Leve-4-Pague-3-Dr.Wolz_.jpg","type":"image\/jpeg"}],"twitter_card":"summary_large_image","twitter_misc":{"Precio":"227,15&nbsp;&euro;","Disponibilidad":"Disponible"},"schema":{"@context":"https:\/\/schema.org","@graph":[{"@type":"WebPage","@id":"https:\/\/www.lifenatura.com\/es\/produto\/formulas-de-oxigeno-zell-14-ampollas-toma-4-paga-3-dr-wolz\/","url":"https:\/\/www.lifenatura.com\/es\/produto\/formulas-de-oxigeno-zell-14-ampollas-toma-4-paga-3-dr-wolz\/","name":"F\u00f3rmulas de Ox\u00edgeno Zell - 14 Ampollas - Toma 4 Paga 3 - Dr.Wolz - Lifenatura","isPartOf":{"@id":"https:\/\/www.lifenatura.com\/es\/#website"},"primaryImageOfPage":{"@id":"https:\/\/www.lifenatura.com\/es\/produto\/formulas-de-oxigeno-zell-14-ampollas-toma-4-paga-3-dr-wolz\/#primaryimage"},"image":{"@id":"https:\/\/www.lifenatura.com\/es\/produto\/formulas-de-oxigeno-zell-14-ampollas-toma-4-paga-3-dr-wolz\/#primaryimage"},"thumbnailUrl":"https:\/\/www.lifenatura.com\/wp-content\/uploads\/2026\/03\/Zell-Oxygen-Formulas-14-Ampolas-Leve-4-Pague-3-Dr.Wolz_.jpg","datePublished":"2026-03-24T00:27:27+00:00","dateModified":"2026-03-26T18:15:03+00:00","description":"Compre aqui o seu F\u00f3rmulas de Ox\u00edgeno Zell - 14 Ampollas - Toma 4 Paga 3 - Dr.Wolz e a Lifenatura Online envia em 48 H com Portes Gratis >35\u20ac de Pedido.","breadcrumb":{"@id":"https:\/\/www.lifenatura.com\/es\/produto\/formulas-de-oxigeno-zell-14-ampollas-toma-4-paga-3-dr-wolz\/#breadcrumb"},"inLanguage":"es","potentialAction":[{"@type":"ReadAction","target":["https:\/\/www.lifenatura.com\/es\/produto\/formulas-de-oxigeno-zell-14-ampollas-toma-4-paga-3-dr-wolz\/"]}]},{"@type":"ImageObject","inLanguage":"es","@id":"https:\/\/www.lifenatura.com\/es\/produto\/formulas-de-oxigeno-zell-14-ampollas-toma-4-paga-3-dr-wolz\/#primaryimage","url":"https:\/\/www.lifenatura.com\/wp-content\/uploads\/2026\/03\/Zell-Oxygen-Formulas-14-Ampolas-Leve-4-Pague-3-Dr.Wolz_.jpg","contentUrl":"https:\/\/www.lifenatura.com\/wp-content\/uploads\/2026\/03\/Zell-Oxygen-Formulas-14-Ampolas-Leve-4-Pague-3-Dr.Wolz_.jpg","width":1000,"height":1000},{"@type":"BreadcrumbList","@id":"https:\/\/www.lifenatura.com\/es\/produto\/formulas-de-oxigeno-zell-14-ampollas-toma-4-paga-3-dr-wolz\/#breadcrumb","itemListElement":[{"@type":"ListItem","position":1,"name":"In\u00edcio","item":"https:\/\/www.lifenatura.com\/es\/"},{"@type":"ListItem","position":2,"name":"Todos los Productos","item":"https:\/\/www.lifenatura.com\/es\/tienda\/"},{"@type":"ListItem","position":3,"name":"F\u00f3rmulas de Ox\u00edgeno Zell &#8211; 14 Ampollas &#8211; Toma 4 Paga 3 &#8211; Dr.Wolz"}]},{"@type":"WebSite","@id":"https:\/\/www.lifenatura.com\/es\/#website","url":"https:\/\/www.lifenatura.com\/es\/","name":"Lifenatura","description":"A Lifenatura \u00e9 uma loja de produtos naturais, cosm\u00e9tica natural e alimenta\u00e7\u00e3o Biol\u00f3gica.","publisher":{"@id":"https:\/\/www.lifenatura.com\/es\/#organization"},"potentialAction":[{"@type":"SearchAction","target":{"@type":"EntryPoint","urlTemplate":"https:\/\/www.lifenatura.com\/es\/?s={search_term_string}"},"query-input":{"@type":"PropertyValueSpecification","valueRequired":true,"valueName":"search_term_string"}}],"inLanguage":"es"},{"@type":"Organization","@id":"https:\/\/www.lifenatura.com\/es\/#organization","name":"Lifenatura","url":"https:\/\/www.lifenatura.com\/es\/","logo":{"@type":"ImageObject","inLanguage":"es","@id":"https:\/\/www.lifenatura.com\/es\/#\/schema\/logo\/image\/","url":"https:\/\/www.lifenatura.com\/wp-content\/uploads\/2021\/11\/logo.png","contentUrl":"https:\/\/www.lifenatura.com\/wp-content\/uploads\/2021\/11\/logo.png","width":175,"height":55,"caption":"Lifenatura"},"image":{"@id":"https:\/\/www.lifenatura.com\/es\/#\/schema\/logo\/image\/"},"sameAs":["https:\/\/www.facebook.com\/lifenatura","https:\/\/www.instagram.com\/lifenaturapt\/"]}]},"product_price_amount":"227.15","product_price_currency":"EUR","og_availability":"instock","product_availability":"instock","product_retailer_item_id":"40219014610555","product_condition":"new"},"df_price":227.15,"df_sale_price":227.15,"df_regular_price":324.5,"df_image_link":"https:\/\/www.lifenatura.com\/wp-content\/uploads\/2026\/03\/Zell-Oxygen-Formulas-14-Ampolas-Leve-4-Pague-3-Dr.Wolz_-300x300.jpg","_links":{"self":[{"href":"https:\/\/www.lifenatura.com\/es\/wp-json\/wp\/v2\/product\/132243","targetHints":{"allow":["GET"]}}],"collection":[{"href":"https:\/\/www.lifenatura.com\/es\/wp-json\/wp\/v2\/product"}],"about":[{"href":"https:\/\/www.lifenatura.com\/es\/wp-json\/wp\/v2\/types\/product"}],"wp:featuredmedia":[{"embeddable":true,"href":"https:\/\/www.lifenatura.com\/es\/wp-json\/wp\/v2\/media\/132244"}],"wp:attachment":[{"href":"https:\/\/www.lifenatura.com\/es\/wp-json\/wp\/v2\/media?parent=132243"}],"wp:term":[{"taxonomy":"product_brand","embeddable":true,"href":"https:\/\/www.lifenatura.com\/es\/wp-json\/wp\/v2\/product_brand?post=132243"},{"taxonomy":"product_cat","embeddable":true,"href":"https:\/\/www.lifenatura.com\/es\/wp-json\/wp\/v2\/product_cat?post=132243"},{"taxonomy":"product_tag","embeddable":true,"href":"https:\/\/www.lifenatura.com\/es\/wp-json\/wp\/v2\/product_tag?post=132243"}],"curies":[{"name":"wp","href":"https:\/\/api.w.org\/{rel}","templated":true}]}}