{"id":132077,"date":"2026-03-24T00:25:06","date_gmt":"2026-03-24T00:25:06","guid":{"rendered":"https:\/\/www.lifenatura.com\/produto\/florazen-15-capsulas-natiris\/"},"modified":"2026-03-26T18:12:18","modified_gmt":"2026-03-26T18:12:18","slug":"florazen-15-capsulas-natiris","status":"publish","type":"product","link":"https:\/\/www.lifenatura.com\/es\/produto\/florazen-15-capsulas-natiris\/","title":{"rendered":"Florazen &#8211; 15 C\u00e1psulas &#8211; Natiris"},"content":{"rendered":"","protected":false},"excerpt":{"rendered":"<p> [&#8230;]<\/p>\n<p><a class=\"btn btn-secondary understrap-read-more-link\" href=\"https:\/\/www.lifenatura.com\/es\/produto\/florazen-15-capsulas-natiris\/\">Leer m\u00e1s&#8230;<span class=\"screen-reader-text\"> from Florazen &#8211; 15 C\u00e1psulas &#8211; Natiris<\/span><\/a><\/p>\n","protected":false},"featured_media":132078,"template":"","meta":{"_acf_changed":false},"product_brand":[8441],"product_cat":[7929],"product_tag":[8701],"class_list":{"0":"post-132077","1":"product","2":"type-product","3":"status-publish","4":"has-post-thumbnail","6":"product_brand-natiris","7":"product_cat-sin-categoria","8":"product_tag-natiris","10":"first","11":"instock","12":"sale","13":"featured","14":"shipping-taxable","15":"purchasable","16":"product-type-simple","17":"add-to-wishlist-before_image"},"acf":[],"yoast_head":"<!-- This site is optimized with the Yoast SEO Premium plugin v27.1 (Yoast SEO v27.3) - https:\/\/yoast.com\/product\/yoast-seo-premium-wordpress\/ -->\n<title>Florazen - 15 C\u00e1psulas - Natiris - Lifenatura<\/title>\n<meta name=\"description\" content=\"Compre aqui o seu Florazen - 15 C\u00e1psulas - Natiris e a Lifenatura Online envia em 48 H com Portes Gratis &gt;35\u20ac de Pedido.\" \/>\n<meta name=\"robots\" content=\"index, follow, max-snippet:-1, max-image-preview:large, max-video-preview:-1\" \/>\n<link rel=\"canonical\" href=\"https:\/\/www.lifenatura.com\/es\/produto\/florazen-15-capsulas-natiris\/\" \/>\n<meta property=\"og:locale\" content=\"es_ES\" \/>\n<meta property=\"og:type\" content=\"article\" \/>\n<meta property=\"og:title\" content=\"Florazen - 15 C\u00e1psulas - Natiris - Lifenatura\" \/>\n<meta property=\"og:description\" content=\"Compre aqui o seu Florazen - 15 C\u00e1psulas - Natiris e a Lifenatura Online envia em 48 H com Portes Gratis &gt;35\u20ac de Pedido.\" \/>\n<meta property=\"og:url\" content=\"https:\/\/www.lifenatura.com\/es\/produto\/florazen-15-capsulas-natiris\/\" \/>\n<meta property=\"og:site_name\" content=\"Lifenatura\" \/>\n<meta property=\"article:publisher\" content=\"https:\/\/www.facebook.com\/lifenatura\" \/>\n<meta property=\"article:modified_time\" content=\"2026-03-26T18:12:18+00:00\" \/>\n<meta property=\"og:image\" content=\"https:\/\/www.lifenatura.com\/wp-content\/uploads\/2026\/03\/FLORAZEN_15CAPS.jpg\" \/>\n\t<meta property=\"og:image:width\" content=\"600\" \/>\n\t<meta property=\"og:image:height\" content=\"600\" \/>\n\t<meta property=\"og:image:type\" content=\"image\/jpeg\" \/>\n<meta name=\"twitter:card\" content=\"summary_large_image\" \/>\n<meta name=\"twitter:label1\" content=\"Precio\" \/>\n\t<meta name=\"twitter:data1\" content=\"6,78&nbsp;&euro;\" \/>\n\t<meta name=\"twitter:label2\" content=\"Disponibilidad\" \/>\n\t<meta name=\"twitter:data2\" content=\"Disponible\" \/>\n<meta property=\"product:price:amount\" content=\"6.78\" \/>\n<meta property=\"product:price:currency\" content=\"EUR\" \/>\n<meta property=\"og:availability\" content=\"instock\" \/>\n<meta property=\"product:availability\" content=\"instock\" \/>\n<meta property=\"product:retailer_item_id\" content=\"5601436106363\" \/>\n<meta property=\"product:condition\" content=\"new\" \/>\n<!-- \/ Yoast SEO Premium plugin. -->","yoast_head_json":{"title":"Florazen - 15 C\u00e1psulas - Natiris - Lifenatura","description":"Compre aqui o seu Florazen - 15 C\u00e1psulas - Natiris e a Lifenatura Online envia em 48 H com Portes Gratis >35\u20ac de Pedido.","robots":{"index":"index","follow":"follow","max-snippet":"max-snippet:-1","max-image-preview":"max-image-preview:large","max-video-preview":"max-video-preview:-1"},"canonical":"https:\/\/www.lifenatura.com\/es\/produto\/florazen-15-capsulas-natiris\/","og_locale":"es_ES","og_type":"article","og_title":"Florazen - 15 C\u00e1psulas - Natiris - Lifenatura","og_description":"Compre aqui o seu Florazen - 15 C\u00e1psulas - Natiris e a Lifenatura Online envia em 48 H com Portes Gratis >35\u20ac de Pedido.","og_url":"https:\/\/www.lifenatura.com\/es\/produto\/florazen-15-capsulas-natiris\/","og_site_name":"Lifenatura","article_publisher":"https:\/\/www.facebook.com\/lifenatura","article_modified_time":"2026-03-26T18:12:18+00:00","og_image":[{"width":600,"height":600,"url":"https:\/\/www.lifenatura.com\/wp-content\/uploads\/2026\/03\/FLORAZEN_15CAPS.jpg","type":"image\/jpeg"}],"twitter_card":"summary_large_image","twitter_misc":{"Precio":"6,78&nbsp;&euro;","Disponibilidad":"Disponible"},"schema":{"@context":"https:\/\/schema.org","@graph":[{"@type":"WebPage","@id":"https:\/\/www.lifenatura.com\/es\/produto\/florazen-15-capsulas-natiris\/","url":"https:\/\/www.lifenatura.com\/es\/produto\/florazen-15-capsulas-natiris\/","name":"Florazen - 15 C\u00e1psulas - Natiris - Lifenatura","isPartOf":{"@id":"https:\/\/www.lifenatura.com\/es\/#website"},"primaryImageOfPage":{"@id":"https:\/\/www.lifenatura.com\/es\/produto\/florazen-15-capsulas-natiris\/#primaryimage"},"image":{"@id":"https:\/\/www.lifenatura.com\/es\/produto\/florazen-15-capsulas-natiris\/#primaryimage"},"thumbnailUrl":"https:\/\/www.lifenatura.com\/wp-content\/uploads\/2026\/03\/FLORAZEN_15CAPS.jpg","datePublished":"2026-03-24T00:25:06+00:00","dateModified":"2026-03-26T18:12:18+00:00","description":"Compre aqui o seu Florazen - 15 C\u00e1psulas - Natiris e a Lifenatura Online envia em 48 H com Portes Gratis >35\u20ac de Pedido.","breadcrumb":{"@id":"https:\/\/www.lifenatura.com\/es\/produto\/florazen-15-capsulas-natiris\/#breadcrumb"},"inLanguage":"es","potentialAction":[{"@type":"ReadAction","target":["https:\/\/www.lifenatura.com\/es\/produto\/florazen-15-capsulas-natiris\/"]}]},{"@type":"ImageObject","inLanguage":"es","@id":"https:\/\/www.lifenatura.com\/es\/produto\/florazen-15-capsulas-natiris\/#primaryimage","url":"https:\/\/www.lifenatura.com\/wp-content\/uploads\/2026\/03\/FLORAZEN_15CAPS.jpg","contentUrl":"https:\/\/www.lifenatura.com\/wp-content\/uploads\/2026\/03\/FLORAZEN_15CAPS.jpg","width":600,"height":600},{"@type":"BreadcrumbList","@id":"https:\/\/www.lifenatura.com\/es\/produto\/florazen-15-capsulas-natiris\/#breadcrumb","itemListElement":[{"@type":"ListItem","position":1,"name":"In\u00edcio","item":"https:\/\/www.lifenatura.com\/es\/"},{"@type":"ListItem","position":2,"name":"Todos los Productos","item":"https:\/\/www.lifenatura.com\/es\/tienda\/"},{"@type":"ListItem","position":3,"name":"Florazen &#8211; 15 C\u00e1psulas &#8211; Natiris"}]},{"@type":"WebSite","@id":"https:\/\/www.lifenatura.com\/es\/#website","url":"https:\/\/www.lifenatura.com\/es\/","name":"Lifenatura","description":"A Lifenatura \u00e9 uma loja de produtos naturais, cosm\u00e9tica natural e alimenta\u00e7\u00e3o Biol\u00f3gica.","publisher":{"@id":"https:\/\/www.lifenatura.com\/es\/#organization"},"potentialAction":[{"@type":"SearchAction","target":{"@type":"EntryPoint","urlTemplate":"https:\/\/www.lifenatura.com\/es\/?s={search_term_string}"},"query-input":{"@type":"PropertyValueSpecification","valueRequired":true,"valueName":"search_term_string"}}],"inLanguage":"es"},{"@type":"Organization","@id":"https:\/\/www.lifenatura.com\/es\/#organization","name":"Lifenatura","url":"https:\/\/www.lifenatura.com\/es\/","logo":{"@type":"ImageObject","inLanguage":"es","@id":"https:\/\/www.lifenatura.com\/es\/#\/schema\/logo\/image\/","url":"https:\/\/www.lifenatura.com\/wp-content\/uploads\/2021\/11\/logo.png","contentUrl":"https:\/\/www.lifenatura.com\/wp-content\/uploads\/2021\/11\/logo.png","width":175,"height":55,"caption":"Lifenatura"},"image":{"@id":"https:\/\/www.lifenatura.com\/es\/#\/schema\/logo\/image\/"},"sameAs":["https:\/\/www.facebook.com\/lifenatura","https:\/\/www.instagram.com\/lifenaturapt\/"]}]},"product_price_amount":"6.78","product_price_currency":"EUR","og_availability":"instock","product_availability":"instock","product_retailer_item_id":"5601436106363","product_condition":"new"},"df_price":6.78,"df_sale_price":6.78,"df_regular_price":10.44,"df_image_link":"https:\/\/www.lifenatura.com\/wp-content\/uploads\/2026\/03\/FLORAZEN_15CAPS-300x300.jpg","_links":{"self":[{"href":"https:\/\/www.lifenatura.com\/es\/wp-json\/wp\/v2\/product\/132077","targetHints":{"allow":["GET"]}}],"collection":[{"href":"https:\/\/www.lifenatura.com\/es\/wp-json\/wp\/v2\/product"}],"about":[{"href":"https:\/\/www.lifenatura.com\/es\/wp-json\/wp\/v2\/types\/product"}],"wp:featuredmedia":[{"embeddable":true,"href":"https:\/\/www.lifenatura.com\/es\/wp-json\/wp\/v2\/media\/132078"}],"wp:attachment":[{"href":"https:\/\/www.lifenatura.com\/es\/wp-json\/wp\/v2\/media?parent=132077"}],"wp:term":[{"taxonomy":"product_brand","embeddable":true,"href":"https:\/\/www.lifenatura.com\/es\/wp-json\/wp\/v2\/product_brand?post=132077"},{"taxonomy":"product_cat","embeddable":true,"href":"https:\/\/www.lifenatura.com\/es\/wp-json\/wp\/v2\/product_cat?post=132077"},{"taxonomy":"product_tag","embeddable":true,"href":"https:\/\/www.lifenatura.com\/es\/wp-json\/wp\/v2\/product_tag?post=132077"}],"curies":[{"name":"wp","href":"https:\/\/api.w.org\/{rel}","templated":true}]}}