{"id":131699,"date":"2026-03-24T00:23:48","date_gmt":"2026-03-24T00:23:48","guid":{"rendered":"https:\/\/www.lifenatura.com\/produto\/vinagre-de-sidra-de-manzana-45-gummies-aya\/"},"modified":"2026-03-26T18:06:01","modified_gmt":"2026-03-26T18:06:01","slug":"vinagre-de-sidra-de-manzana-45-gummies-aya","status":"publish","type":"product","link":"https:\/\/www.lifenatura.com\/es\/produto\/vinagre-de-sidra-de-manzana-45-gummies-aya\/","title":{"rendered":"Vinagre de sidra de manzana 45 gummies &#8211; AYA"},"content":{"rendered":"","protected":false},"excerpt":{"rendered":"<p> [&#8230;]<\/p>\n<p><a class=\"btn btn-secondary understrap-read-more-link\" href=\"https:\/\/www.lifenatura.com\/es\/produto\/vinagre-de-sidra-de-manzana-45-gummies-aya\/\">Leer m\u00e1s&#8230;<span class=\"screen-reader-text\"> from Vinagre de sidra de manzana 45 gummies &#8211; AYA<\/span><\/a><\/p>\n","protected":false},"featured_media":131701,"template":"","meta":{"_acf_changed":false},"product_brand":[],"product_cat":[7929],"product_tag":[8701],"class_list":{"0":"post-131699","1":"product","2":"type-product","3":"status-publish","4":"has-post-thumbnail","6":"product_cat-sin-categoria","7":"product_tag-natiris","9":"first","10":"instock","11":"sale","12":"featured","13":"shipping-taxable","14":"purchasable","15":"product-type-simple","16":"add-to-wishlist-before_image"},"acf":[],"yoast_head":"<!-- This site is optimized with the Yoast SEO Premium plugin v27.1 (Yoast SEO v27.3) - https:\/\/yoast.com\/product\/yoast-seo-premium-wordpress\/ -->\n<title>Vinagre de sidra de manzana 45 gummies - AYA - Lifenatura<\/title>\n<meta name=\"description\" content=\"Compre aqui o seu Vinagre de sidra de manzana 45 gummies - AYA e a Lifenatura Online envia em 48 H com Portes Gratis &gt;35\u20ac de Pedido.\" \/>\n<meta name=\"robots\" content=\"index, follow, max-snippet:-1, max-image-preview:large, max-video-preview:-1\" \/>\n<link rel=\"canonical\" href=\"https:\/\/www.lifenatura.com\/es\/produto\/vinagre-de-sidra-de-manzana-45-gummies-aya\/\" \/>\n<meta property=\"og:locale\" content=\"es_ES\" \/>\n<meta property=\"og:type\" content=\"article\" \/>\n<meta property=\"og:title\" content=\"Vinagre de sidra de manzana 45 gummies - AYA - Lifenatura\" \/>\n<meta property=\"og:description\" content=\"Compre aqui o seu Vinagre de sidra de manzana 45 gummies - AYA e a Lifenatura Online envia em 48 H com Portes Gratis &gt;35\u20ac de Pedido.\" \/>\n<meta property=\"og:url\" content=\"https:\/\/www.lifenatura.com\/es\/produto\/vinagre-de-sidra-de-manzana-45-gummies-aya\/\" \/>\n<meta property=\"og:site_name\" content=\"Lifenatura\" \/>\n<meta property=\"article:publisher\" content=\"https:\/\/www.facebook.com\/lifenatura\" \/>\n<meta property=\"article:modified_time\" content=\"2026-03-26T18:06:01+00:00\" \/>\n<meta property=\"og:image\" content=\"https:\/\/www.lifenatura.com\/wp-content\/uploads\/2026\/03\/aya-apple-cider-vinegar-45-gomas.webp\" \/>\n\t<meta property=\"og:image:width\" content=\"800\" \/>\n\t<meta property=\"og:image:height\" content=\"800\" \/>\n\t<meta property=\"og:image:type\" content=\"image\/webp\" \/>\n<meta name=\"twitter:card\" content=\"summary_large_image\" \/>\n<meta name=\"twitter:label1\" content=\"Precio\" \/>\n\t<meta name=\"twitter:data1\" content=\"22,59&nbsp;&euro;\" \/>\n\t<meta name=\"twitter:label2\" content=\"Disponibilidad\" \/>\n\t<meta name=\"twitter:data2\" content=\"Disponible\" \/>\n<meta property=\"product:price:amount\" content=\"22.59\" \/>\n<meta property=\"product:price:currency\" content=\"EUR\" \/>\n<meta property=\"og:availability\" content=\"instock\" \/>\n<meta property=\"product:availability\" content=\"instock\" \/>\n<meta property=\"product:retailer_item_id\" content=\"5601436109234\" \/>\n<meta property=\"product:condition\" content=\"new\" \/>\n<!-- \/ Yoast SEO Premium plugin. -->","yoast_head_json":{"title":"Vinagre de sidra de manzana 45 gummies - AYA - Lifenatura","description":"Compre aqui o seu Vinagre de sidra de manzana 45 gummies - AYA e a Lifenatura Online envia em 48 H com Portes Gratis >35\u20ac de Pedido.","robots":{"index":"index","follow":"follow","max-snippet":"max-snippet:-1","max-image-preview":"max-image-preview:large","max-video-preview":"max-video-preview:-1"},"canonical":"https:\/\/www.lifenatura.com\/es\/produto\/vinagre-de-sidra-de-manzana-45-gummies-aya\/","og_locale":"es_ES","og_type":"article","og_title":"Vinagre de sidra de manzana 45 gummies - AYA - Lifenatura","og_description":"Compre aqui o seu Vinagre de sidra de manzana 45 gummies - AYA e a Lifenatura Online envia em 48 H com Portes Gratis >35\u20ac de Pedido.","og_url":"https:\/\/www.lifenatura.com\/es\/produto\/vinagre-de-sidra-de-manzana-45-gummies-aya\/","og_site_name":"Lifenatura","article_publisher":"https:\/\/www.facebook.com\/lifenatura","article_modified_time":"2026-03-26T18:06:01+00:00","og_image":[{"width":800,"height":800,"url":"https:\/\/www.lifenatura.com\/wp-content\/uploads\/2026\/03\/aya-apple-cider-vinegar-45-gomas.webp","type":"image\/webp"}],"twitter_card":"summary_large_image","twitter_misc":{"Precio":"22,59&nbsp;&euro;","Disponibilidad":"Disponible"},"schema":{"@context":"https:\/\/schema.org","@graph":[{"@type":"WebPage","@id":"https:\/\/www.lifenatura.com\/es\/produto\/vinagre-de-sidra-de-manzana-45-gummies-aya\/","url":"https:\/\/www.lifenatura.com\/es\/produto\/vinagre-de-sidra-de-manzana-45-gummies-aya\/","name":"Vinagre de sidra de manzana 45 gummies - AYA - Lifenatura","isPartOf":{"@id":"https:\/\/www.lifenatura.com\/es\/#website"},"primaryImageOfPage":{"@id":"https:\/\/www.lifenatura.com\/es\/produto\/vinagre-de-sidra-de-manzana-45-gummies-aya\/#primaryimage"},"image":{"@id":"https:\/\/www.lifenatura.com\/es\/produto\/vinagre-de-sidra-de-manzana-45-gummies-aya\/#primaryimage"},"thumbnailUrl":"https:\/\/www.lifenatura.com\/wp-content\/uploads\/2026\/03\/aya-apple-cider-vinegar-45-gomas.webp","datePublished":"2026-03-24T00:23:48+00:00","dateModified":"2026-03-26T18:06:01+00:00","description":"Compre aqui o seu Vinagre de sidra de manzana 45 gummies - AYA e a Lifenatura Online envia em 48 H com Portes Gratis >35\u20ac de Pedido.","breadcrumb":{"@id":"https:\/\/www.lifenatura.com\/es\/produto\/vinagre-de-sidra-de-manzana-45-gummies-aya\/#breadcrumb"},"inLanguage":"es","potentialAction":[{"@type":"ReadAction","target":["https:\/\/www.lifenatura.com\/es\/produto\/vinagre-de-sidra-de-manzana-45-gummies-aya\/"]}]},{"@type":"ImageObject","inLanguage":"es","@id":"https:\/\/www.lifenatura.com\/es\/produto\/vinagre-de-sidra-de-manzana-45-gummies-aya\/#primaryimage","url":"https:\/\/www.lifenatura.com\/wp-content\/uploads\/2026\/03\/aya-apple-cider-vinegar-45-gomas.webp","contentUrl":"https:\/\/www.lifenatura.com\/wp-content\/uploads\/2026\/03\/aya-apple-cider-vinegar-45-gomas.webp","width":800,"height":800},{"@type":"BreadcrumbList","@id":"https:\/\/www.lifenatura.com\/es\/produto\/vinagre-de-sidra-de-manzana-45-gummies-aya\/#breadcrumb","itemListElement":[{"@type":"ListItem","position":1,"name":"In\u00edcio","item":"https:\/\/www.lifenatura.com\/es\/"},{"@type":"ListItem","position":2,"name":"Todos los Productos","item":"https:\/\/www.lifenatura.com\/es\/tienda\/"},{"@type":"ListItem","position":3,"name":"Vinagre de sidra de manzana 45 gummies &#8211; AYA"}]},{"@type":"WebSite","@id":"https:\/\/www.lifenatura.com\/es\/#website","url":"https:\/\/www.lifenatura.com\/es\/","name":"Lifenatura","description":"A Lifenatura \u00e9 uma loja de produtos naturais, cosm\u00e9tica natural e alimenta\u00e7\u00e3o Biol\u00f3gica.","publisher":{"@id":"https:\/\/www.lifenatura.com\/es\/#organization"},"potentialAction":[{"@type":"SearchAction","target":{"@type":"EntryPoint","urlTemplate":"https:\/\/www.lifenatura.com\/es\/?s={search_term_string}"},"query-input":{"@type":"PropertyValueSpecification","valueRequired":true,"valueName":"search_term_string"}}],"inLanguage":"es"},{"@type":"Organization","@id":"https:\/\/www.lifenatura.com\/es\/#organization","name":"Lifenatura","url":"https:\/\/www.lifenatura.com\/es\/","logo":{"@type":"ImageObject","inLanguage":"es","@id":"https:\/\/www.lifenatura.com\/es\/#\/schema\/logo\/image\/","url":"https:\/\/www.lifenatura.com\/wp-content\/uploads\/2021\/11\/logo.png","contentUrl":"https:\/\/www.lifenatura.com\/wp-content\/uploads\/2021\/11\/logo.png","width":175,"height":55,"caption":"Lifenatura"},"image":{"@id":"https:\/\/www.lifenatura.com\/es\/#\/schema\/logo\/image\/"},"sameAs":["https:\/\/www.facebook.com\/lifenatura","https:\/\/www.instagram.com\/lifenaturapt\/"]}]},"product_price_amount":"22.59","product_price_currency":"EUR","og_availability":"instock","product_availability":"instock","product_retailer_item_id":"5601436109234","product_condition":"new"},"df_price":22.59,"df_sale_price":22.59,"df_regular_price":30.12,"df_image_link":"https:\/\/www.lifenatura.com\/wp-content\/uploads\/2026\/03\/aya-apple-cider-vinegar-45-gomas-300x300.webp","_links":{"self":[{"href":"https:\/\/www.lifenatura.com\/es\/wp-json\/wp\/v2\/product\/131699","targetHints":{"allow":["GET"]}}],"collection":[{"href":"https:\/\/www.lifenatura.com\/es\/wp-json\/wp\/v2\/product"}],"about":[{"href":"https:\/\/www.lifenatura.com\/es\/wp-json\/wp\/v2\/types\/product"}],"wp:featuredmedia":[{"embeddable":true,"href":"https:\/\/www.lifenatura.com\/es\/wp-json\/wp\/v2\/media\/131701"}],"wp:attachment":[{"href":"https:\/\/www.lifenatura.com\/es\/wp-json\/wp\/v2\/media?parent=131699"}],"wp:term":[{"taxonomy":"product_brand","embeddable":true,"href":"https:\/\/www.lifenatura.com\/es\/wp-json\/wp\/v2\/product_brand?post=131699"},{"taxonomy":"product_cat","embeddable":true,"href":"https:\/\/www.lifenatura.com\/es\/wp-json\/wp\/v2\/product_cat?post=131699"},{"taxonomy":"product_tag","embeddable":true,"href":"https:\/\/www.lifenatura.com\/es\/wp-json\/wp\/v2\/product_tag?post=131699"}],"curies":[{"name":"wp","href":"https:\/\/api.w.org\/{rel}","templated":true}]}}