{"id":128598,"date":"2026-03-02T00:30:13","date_gmt":"2026-03-02T00:30:13","guid":{"rendered":"https:\/\/www.lifenatura.com\/produto\/dietmed-digestion-confort\/"},"modified":"2026-03-11T16:34:13","modified_gmt":"2026-03-11T16:34:13","slug":"dietmed-digestion-confort","status":"publish","type":"product","link":"https:\/\/www.lifenatura.com\/es\/produto\/dietmed-digestion-confort\/","title":{"rendered":"Dietmed Digesti\u00f3n Confort+"},"content":{"rendered":"<h2 data-path-to-node=\"2\">Pack Digesti\u00f3n Confort+<\/h2>\n<p data-path-to-node=\"3\"><b data-path-to-node=\"3\" data-index-in-node=\"0\">El equilibrio completo para tu bienestar digestivo<\/b><\/p>\n<p data-path-to-node=\"4\">El ritmo de vida actual y las elecciones alimentarias pueden a veces poner en peligro el equilibrio de nuestro aparato digestivo. El pack <b data-path-to-node=\"4\" data-index-in-node=\"123\">Digesti\u00f3n Confort+<\/b> combina la sabidur\u00eda de la naturaleza con el rigor cient\u00edfico, reuniendo tres f\u00f3rmulas complementarias que act\u00faan sin\u00e9rgicamente para favorecer el proceso digestivo y la salud de las mucosas.<\/p>\n<h3 data-path-to-node=\"5\">\u00bfPor qu\u00e9 elegir este Pack?<\/h3>\n<p data-path-to-node=\"6\">Este conjunto est\u00e1 pensado para quienes buscan un enfoque de 360\u00ba. Mientras que las enzimas facilitan la descomposici\u00f3n de los alimentos, los extractos de plantas como el hinojo y la manzanilla favorecen el bienestar abdominal, y las vitaminas esenciales garantizan la integridad de las mucosas gastrointestinales.<\/p>\n<hr data-path-to-node=\"7\" \/>\n<h3 data-path-to-node=\"8\">Qu\u00e9 incluye este Pack:<\/h3>\n<h4 data-path-to-node=\"9\">1. Gastopan (50 ml) &#8211; Acci\u00f3n bot\u00e1nica y multivitam\u00ednica<\/h4>\n<p data-path-to-node=\"10\">Una f\u00f3rmula l\u00edquida concentrada con <b data-path-to-node=\"10\" data-index-in-node=\"38\">extracto fluido de Gastopan\u00ae<\/b> (compuesto de 8 plantas, entre ellas manzanilla, regaliz y menta).<\/p>\n<ul data-path-to-node=\"11\">\n<li>\n<p data-path-to-node=\"11,0,0\"><b data-path-to-node=\"11,0,0\" data-index-in-node=\"0\">Salud de las mucosas:<\/b> Rico en vitaminas A, B2, biotina y niacina, que contribuyen al mantenimiento de unas mucosas normales.<\/p>\n<\/li>\n<li>\n<p data-path-to-node=\"11,1,0\"><b data-path-to-node=\"11,1,0\" data-index-in-node=\"0\">Funci\u00f3n muscular:<\/b> Contiene vitamina D, que ayuda a la funci\u00f3n muscular normal y es importante para la motilidad digestiva.<\/p>\n<\/li>\n<\/ul>\n<h4 data-path-to-node=\"12\">2. Complejo enzim\u00e1tico de papaya (90 comprimidos) &#8211; Apoyo enzim\u00e1tico<\/h4>\n<p data-path-to-node=\"13\">Ideal para facilitar la digesti\u00f3n de prote\u00ednas e hidratos de carbono mediante un complejo enzim\u00e1tico de origen natural.<\/p>\n<ul data-path-to-node=\"14\">\n<li>\n<p data-path-to-node=\"14,0,0\"><b data-path-to-node=\"14,0,0\" data-index-in-node=\"0\">Composici\u00f3n:<\/b> Combina papa\u00edna, bromelina, proteasa y <span class=\"math-inline\" data-math=\"\\alpha\" data-index-in-node=\"52\">$\\alfa$-amilasa<\/span>.<\/p>\n<\/li>\n<li>\n<p data-path-to-node=\"14,1,0\"><b data-path-to-node=\"14,1,0\" data-index-in-node=\"0\">Practicidad:<\/b> F\u00e1cil de tomar los comprimidos antes de las comidas principales.<\/p>\n<\/li>\n<\/ul>\n<h4 data-path-to-node=\"15\">3. Hinojo 500 mg (60 comprimidos) &#8211; Confort postprandial<\/h4>\n<p data-path-to-node=\"16\">El hinojo se utiliza tradicionalmente por su capacidad para favorecer el bienestar abdominal despu\u00e9s de las comidas.<\/p>\n<ul data-path-to-node=\"17\">\n<li>\n<p data-path-to-node=\"17,0,0\"><b data-path-to-node=\"17,0,0\" data-index-in-node=\"0\">Aporte de biotina:<\/b> Contribuye al metabolismo normal de los macronutrientes y al mantenimiento de las mucosas.<\/p>\n<\/li>\n<li>\n<p data-path-to-node=\"17,1,0\"><b data-path-to-node=\"17,1,0\" data-index-in-node=\"0\">Ideal para:<\/b> Tomar despu\u00e9s de las comidas para una sensaci\u00f3n de ligereza.<\/p>\n<\/li>\n<\/ul>\n<hr data-path-to-node=\"18\" \/>\n<h3 data-path-to-node=\"19\">C\u00f3mo utilizarlo<\/h3>\n<p data-path-to-node=\"20\">Para obtener los mejores resultados, sigue el plan sugerido:<\/p>\n<table data-path-to-node=\"21\">\n<thead>\n<tr>\n<td><strong>Producto<\/strong><\/td>\n<td><strong>Dosis recomendada<\/strong><\/td>\n<td><strong>Momento<\/strong><\/td>\n<\/tr>\n<\/thead>\n<tbody>\n<tr>\n<td><span data-path-to-node=\"21,1,0,0\"><b data-path-to-node=\"21,1,0,0\" data-index-in-node=\"0\">Enzimas de papaya<\/b><\/span><\/td>\n<td><span data-path-to-node=\"21,1,1,0\">1 comprimido<\/span><\/td>\n<td><span data-path-to-node=\"21,1,2,0\">Antes de las 3 comidas principales<\/span><\/td>\n<\/tr>\n<tr>\n<td><span data-path-to-node=\"21,2,0,0\"><b data-path-to-node=\"21,2,0,0\" data-index-in-node=\"0\">Gastopan<\/b><\/span><\/td>\n<td><span data-path-to-node=\"21,2,1,0\">10 gotas diluidas en agua<\/span><\/td>\n<td><span data-path-to-node=\"21,2,2,0\">2 veces al d\u00eda (antes de las comidas)<\/span><\/td>\n<\/tr>\n<tr>\n<td><span data-path-to-node=\"21,3,0,0\"><b data-path-to-node=\"21,3,0,0\" data-index-in-node=\"0\">Hinojo<\/b><\/span><\/td>\n<td><span data-path-to-node=\"21,3,1,0\">1 \u00f3 2 comprimidos<\/span><\/td>\n<td><span data-path-to-node=\"21,3,2,0\">2 veces al d\u00eda (despu\u00e9s de las comidas)<\/span><\/td>\n<\/tr>\n<\/tbody>\n<\/table>\n<hr data-path-to-node=\"22\" \/>\n<blockquote data-path-to-node=\"23\">\n<p data-path-to-node=\"23,0\"><b data-path-to-node=\"23,0\" data-index-in-node=\"0\">Aviso legal:<\/b> Los complementos alimenticios no deben utilizarse como sustitutos de una dieta variada y equilibrada y un estilo de vida saludable. No superar la dosis diaria recomendada. Gu\u00e1rdalo en un lugar fresco, seco y protegido de la luz. Mantener fuera del alcance de los ni\u00f1os.<\/p>\n<\/blockquote>\n","protected":false},"excerpt":{"rendered":"<p><span style=\"color: #ff0000;\">10% DE DESCUENTO en compras superiores a 50\u20ac con el cup\u00f3n <strong>LIFE1009<\/strong> y 15% DE DESCUENTO en compras superiores a 100\u20ac con el cup\u00f3n <strong>LIFE1509<\/strong> &#8211; HASTA <strong>EL 30 DE MAYO DE 2026<\/strong><\/span> [&#8230;]<\/p>\n<p><a class=\"btn btn-secondary understrap-read-more-link\" href=\"https:\/\/www.lifenatura.com\/es\/produto\/dietmed-digestion-confort\/\">Leer m\u00e1s&#8230;<span class=\"screen-reader-text\"> from Dietmed Digesti\u00f3n Confort+<\/span><\/a><\/p>\n","protected":false},"featured_media":0,"template":"","meta":{"_acf_changed":false},"product_brand":[8509],"product_cat":[8610,8619],"product_tag":[8681],"class_list":{"0":"post-128598","1":"product","2":"type-product","3":"status-publish","5":"product_brand-dietmed-es","6":"product_cat-base-nutricional-y-multivitaminicos","7":"product_cat-piel-cabello-y-belleza","8":"product_tag-pack-dietmed","10":"first","11":"instock","12":"sale","13":"shipping-taxable","14":"purchasable","15":"product-type-woosb","16":"add-to-wishlist-before_image"},"acf":[],"yoast_head":"<!-- This site is optimized with the Yoast SEO Premium plugin v27.1 (Yoast SEO v27.4) - https:\/\/yoast.com\/product\/yoast-seo-premium-wordpress\/ -->\n<title>Dietmed Digesti\u00f3n Confort+ - Na Lifenatura ao Melhor Pre\u00e7o | Envio em 48h<\/title>\n<meta name=\"description\" content=\"Compre Dietmed Digesti\u00f3n Confort+ com envio r\u00e1pido. Entrega em 48h e portes gr\u00e1tis em compras &gt;35\u20ac. Aproveite j\u00e1 na Lifenatura\" \/>\n<meta name=\"robots\" content=\"index, follow, max-snippet:-1, max-image-preview:large, max-video-preview:-1\" \/>\n<link rel=\"canonical\" href=\"https:\/\/www.lifenatura.com\/es\/produto\/dietmed-digestion-confort\/\" \/>\n<meta property=\"og:locale\" content=\"es_ES\" \/>\n<meta property=\"og:type\" content=\"article\" \/>\n<meta property=\"og:title\" content=\"Dietmed Digesti\u00f3n Confort+ - Na Lifenatura ao Melhor Pre\u00e7o | Envio 48h\" \/>\n<meta property=\"og:description\" content=\"Compre Dietmed Digesti\u00f3n Confort+ com envio r\u00e1pido. Entrega em 48h e portes gr\u00e1tis em compras &gt;35\u20ac. Aproveite j\u00e1 na Lifenatura\" \/>\n<meta property=\"og:url\" content=\"https:\/\/www.lifenatura.com\/es\/produto\/dietmed-digestion-confort\/\" \/>\n<meta property=\"og:site_name\" content=\"Lifenatura\" \/>\n<meta property=\"article:publisher\" content=\"https:\/\/www.facebook.com\/lifenatura\" \/>\n<meta property=\"article:modified_time\" content=\"2026-03-11T16:34:13+00:00\" \/>\n<meta property=\"og:image\" content=\"https:\/\/www.lifenatura.com\/wp-content\/uploads\/2021\/07\/logo.png\" \/>\n\t<meta property=\"og:image:width\" content=\"175\" \/>\n\t<meta property=\"og:image:height\" content=\"55\" \/>\n\t<meta property=\"og:image:type\" content=\"image\/png\" \/>\n<meta name=\"twitter:card\" content=\"summary_large_image\" \/>\n<meta name=\"twitter:label1\" content=\"Precio\" \/>\n\t<meta name=\"twitter:data1\" content=\"26,58&nbsp;&euro;\" \/>\n\t<meta name=\"twitter:label2\" content=\"Disponibilidad\" \/>\n\t<meta name=\"twitter:data2\" content=\"Disponible\" \/>\n<script type=\"application\/ld+json\" class=\"yoast-schema-graph\">{\"@context\":\"https:\\\/\\\/schema.org\",\"@graph\":[{\"@type\":\"WebPage\",\"@id\":\"https:\\\/\\\/www.lifenatura.com\\\/es\\\/produto\\\/dietmed-digestion-confort\\\/\",\"url\":\"https:\\\/\\\/www.lifenatura.com\\\/es\\\/produto\\\/dietmed-digestion-confort\\\/\",\"name\":\"Dietmed Digesti\u00f3n Confort+ - Na Lifenatura ao Melhor Pre\u00e7o | Envio em 48h\",\"isPartOf\":{\"@id\":\"https:\\\/\\\/www.lifenatura.com\\\/es\\\/#website\"},\"datePublished\":\"2026-03-02T00:30:13+00:00\",\"dateModified\":\"2026-03-11T16:34:13+00:00\",\"description\":\"Compre Dietmed Digesti\u00f3n Confort+ com envio r\u00e1pido. Entrega em 48h e portes gr\u00e1tis em compras >35\u20ac. Aproveite j\u00e1 na Lifenatura\",\"breadcrumb\":{\"@id\":\"https:\\\/\\\/www.lifenatura.com\\\/es\\\/produto\\\/dietmed-digestion-confort\\\/#breadcrumb\"},\"inLanguage\":\"es\",\"potentialAction\":[{\"@type\":\"ReadAction\",\"target\":[\"https:\\\/\\\/www.lifenatura.com\\\/es\\\/produto\\\/dietmed-digestion-confort\\\/\"]}]},{\"@type\":\"BreadcrumbList\",\"@id\":\"https:\\\/\\\/www.lifenatura.com\\\/es\\\/produto\\\/dietmed-digestion-confort\\\/#breadcrumb\",\"itemListElement\":[{\"@type\":\"ListItem\",\"position\":1,\"name\":\"In\u00edcio\",\"item\":\"https:\\\/\\\/www.lifenatura.com\\\/es\\\/\"},{\"@type\":\"ListItem\",\"position\":2,\"name\":\"Todos los Productos\",\"item\":\"https:\\\/\\\/www.lifenatura.com\\\/es\\\/tienda\\\/\"},{\"@type\":\"ListItem\",\"position\":3,\"name\":\"Dietmed Digesti\u00f3n Confort+\"}]},{\"@type\":\"WebSite\",\"@id\":\"https:\\\/\\\/www.lifenatura.com\\\/es\\\/#website\",\"url\":\"https:\\\/\\\/www.lifenatura.com\\\/es\\\/\",\"name\":\"Lifenatura\",\"description\":\"A Lifenatura \u00e9 uma loja de produtos naturais, cosm\u00e9tica natural e alimenta\u00e7\u00e3o Biol\u00f3gica.\",\"publisher\":{\"@id\":\"https:\\\/\\\/www.lifenatura.com\\\/es\\\/#organization\"},\"potentialAction\":[{\"@type\":\"SearchAction\",\"target\":{\"@type\":\"EntryPoint\",\"urlTemplate\":\"https:\\\/\\\/www.lifenatura.com\\\/es\\\/?s={search_term_string}\"},\"query-input\":{\"@type\":\"PropertyValueSpecification\",\"valueRequired\":true,\"valueName\":\"search_term_string\"}}],\"inLanguage\":\"es\"},{\"@type\":\"Organization\",\"@id\":\"https:\\\/\\\/www.lifenatura.com\\\/es\\\/#organization\",\"name\":\"Lifenatura\",\"url\":\"https:\\\/\\\/www.lifenatura.com\\\/es\\\/\",\"logo\":{\"@type\":\"ImageObject\",\"inLanguage\":\"es\",\"@id\":\"https:\\\/\\\/www.lifenatura.com\\\/es\\\/#\\\/schema\\\/logo\\\/image\\\/\",\"url\":\"https:\\\/\\\/www.lifenatura.com\\\/wp-content\\\/uploads\\\/2021\\\/07\\\/logo.png\",\"contentUrl\":\"https:\\\/\\\/www.lifenatura.com\\\/wp-content\\\/uploads\\\/2021\\\/07\\\/logo.png\",\"width\":175,\"height\":55,\"caption\":\"Lifenatura\"},\"image\":{\"@id\":\"https:\\\/\\\/www.lifenatura.com\\\/es\\\/#\\\/schema\\\/logo\\\/image\\\/\"},\"sameAs\":[\"https:\\\/\\\/www.facebook.com\\\/lifenatura\",\"https:\\\/\\\/www.instagram.com\\\/lifenaturapt\\\/\"],\"hasMerchantReturnPolicy\":{\"@type\":\"MerchantReturnPolicy\",\"merchantReturnLink\":\"https:\\\/\\\/www.lifenatura.com\\\/termos-condicoes-lifenatura\\\/\"}}]}<\/script>\n<meta property=\"product:price:amount\" content=\"26.58\" \/>\n<meta property=\"product:price:currency\" content=\"EUR\" \/>\n<meta property=\"og:availability\" content=\"instock\" \/>\n<meta property=\"product:availability\" content=\"instock\" \/>\n<meta property=\"product:retailer_item_id\" content=\"100200596\" \/>\n<meta property=\"product:condition\" content=\"new\" \/>\n<!-- \/ Yoast SEO Premium plugin. -->","yoast_head_json":{"title":"Dietmed Digesti\u00f3n Confort+ - Na Lifenatura ao Melhor Pre\u00e7o | Envio em 48h","description":"Compre Dietmed Digesti\u00f3n Confort+ com envio r\u00e1pido. Entrega em 48h e portes gr\u00e1tis em compras >35\u20ac. Aproveite j\u00e1 na Lifenatura","robots":{"index":"index","follow":"follow","max-snippet":"max-snippet:-1","max-image-preview":"max-image-preview:large","max-video-preview":"max-video-preview:-1"},"canonical":"https:\/\/www.lifenatura.com\/es\/produto\/dietmed-digestion-confort\/","og_locale":"es_ES","og_type":"article","og_title":"Dietmed Digesti\u00f3n Confort+ - Na Lifenatura ao Melhor Pre\u00e7o | Envio 48h","og_description":"Compre Dietmed Digesti\u00f3n Confort+ com envio r\u00e1pido. Entrega em 48h e portes gr\u00e1tis em compras >35\u20ac. Aproveite j\u00e1 na Lifenatura","og_url":"https:\/\/www.lifenatura.com\/es\/produto\/dietmed-digestion-confort\/","og_site_name":"Lifenatura","article_publisher":"https:\/\/www.facebook.com\/lifenatura","article_modified_time":"2026-03-11T16:34:13+00:00","og_image":[{"width":175,"height":55,"url":"https:\/\/www.lifenatura.com\/wp-content\/uploads\/2021\/07\/logo.png","type":"image\/png"}],"twitter_card":"summary_large_image","twitter_misc":{"Precio":"26,58&nbsp;&euro;","Disponibilidad":"Disponible"},"schema":{"@context":"https:\/\/schema.org","@graph":[{"@type":"WebPage","@id":"https:\/\/www.lifenatura.com\/es\/produto\/dietmed-digestion-confort\/","url":"https:\/\/www.lifenatura.com\/es\/produto\/dietmed-digestion-confort\/","name":"Dietmed Digesti\u00f3n Confort+ - Na Lifenatura ao Melhor Pre\u00e7o | Envio em 48h","isPartOf":{"@id":"https:\/\/www.lifenatura.com\/es\/#website"},"datePublished":"2026-03-02T00:30:13+00:00","dateModified":"2026-03-11T16:34:13+00:00","description":"Compre Dietmed Digesti\u00f3n Confort+ com envio r\u00e1pido. Entrega em 48h e portes gr\u00e1tis em compras >35\u20ac. Aproveite j\u00e1 na Lifenatura","breadcrumb":{"@id":"https:\/\/www.lifenatura.com\/es\/produto\/dietmed-digestion-confort\/#breadcrumb"},"inLanguage":"es","potentialAction":[{"@type":"ReadAction","target":["https:\/\/www.lifenatura.com\/es\/produto\/dietmed-digestion-confort\/"]}]},{"@type":"BreadcrumbList","@id":"https:\/\/www.lifenatura.com\/es\/produto\/dietmed-digestion-confort\/#breadcrumb","itemListElement":[{"@type":"ListItem","position":1,"name":"In\u00edcio","item":"https:\/\/www.lifenatura.com\/es\/"},{"@type":"ListItem","position":2,"name":"Todos los Productos","item":"https:\/\/www.lifenatura.com\/es\/tienda\/"},{"@type":"ListItem","position":3,"name":"Dietmed Digesti\u00f3n Confort+"}]},{"@type":"WebSite","@id":"https:\/\/www.lifenatura.com\/es\/#website","url":"https:\/\/www.lifenatura.com\/es\/","name":"Lifenatura","description":"A Lifenatura \u00e9 uma loja de produtos naturais, cosm\u00e9tica natural e alimenta\u00e7\u00e3o Biol\u00f3gica.","publisher":{"@id":"https:\/\/www.lifenatura.com\/es\/#organization"},"potentialAction":[{"@type":"SearchAction","target":{"@type":"EntryPoint","urlTemplate":"https:\/\/www.lifenatura.com\/es\/?s={search_term_string}"},"query-input":{"@type":"PropertyValueSpecification","valueRequired":true,"valueName":"search_term_string"}}],"inLanguage":"es"},{"@type":"Organization","@id":"https:\/\/www.lifenatura.com\/es\/#organization","name":"Lifenatura","url":"https:\/\/www.lifenatura.com\/es\/","logo":{"@type":"ImageObject","inLanguage":"es","@id":"https:\/\/www.lifenatura.com\/es\/#\/schema\/logo\/image\/","url":"https:\/\/www.lifenatura.com\/wp-content\/uploads\/2021\/07\/logo.png","contentUrl":"https:\/\/www.lifenatura.com\/wp-content\/uploads\/2021\/07\/logo.png","width":175,"height":55,"caption":"Lifenatura"},"image":{"@id":"https:\/\/www.lifenatura.com\/es\/#\/schema\/logo\/image\/"},"sameAs":["https:\/\/www.facebook.com\/lifenatura","https:\/\/www.instagram.com\/lifenaturapt\/"],"hasMerchantReturnPolicy":{"@type":"MerchantReturnPolicy","merchantReturnLink":"https:\/\/www.lifenatura.com\/termos-condicoes-lifenatura\/"}}]},"product_price_amount":"26.58","product_price_currency":"EUR","og_availability":"instock","product_availability":"instock","product_retailer_item_id":"100200596","product_condition":"new"},"df_price":26.58,"df_sale_price":29.39,"df_regular_price":43.24,"df_image_link":"https:\/\/www.lifenatura.com\/wp-content\/uploads\/woocommerce-placeholder-300x300.png","_links":{"self":[{"href":"https:\/\/www.lifenatura.com\/es\/wp-json\/wp\/v2\/product\/128598","targetHints":{"allow":["GET"]}}],"collection":[{"href":"https:\/\/www.lifenatura.com\/es\/wp-json\/wp\/v2\/product"}],"about":[{"href":"https:\/\/www.lifenatura.com\/es\/wp-json\/wp\/v2\/types\/product"}],"wp:attachment":[{"href":"https:\/\/www.lifenatura.com\/es\/wp-json\/wp\/v2\/media?parent=128598"}],"wp:term":[{"taxonomy":"product_brand","embeddable":true,"href":"https:\/\/www.lifenatura.com\/es\/wp-json\/wp\/v2\/product_brand?post=128598"},{"taxonomy":"product_cat","embeddable":true,"href":"https:\/\/www.lifenatura.com\/es\/wp-json\/wp\/v2\/product_cat?post=128598"},{"taxonomy":"product_tag","embeddable":true,"href":"https:\/\/www.lifenatura.com\/es\/wp-json\/wp\/v2\/product_tag?post=128598"}],"curies":[{"name":"wp","href":"https:\/\/api.w.org\/{rel}","templated":true}]}}