{"id":128156,"date":"2026-03-06T12:09:10","date_gmt":"2026-03-06T12:09:10","guid":{"rendered":"https:\/\/www.lifenatura.com\/?post_type=product&#038;p=128156"},"modified":"2026-03-06T12:12:42","modified_gmt":"2026-03-06T12:12:42","slug":"alga-hiziki-50gr-terrasana","status":"publish","type":"product","link":"https:\/\/www.lifenatura.com\/es\/produto\/alga-hiziki-50gr-terrasana\/","title":{"rendered":"Alga Hiziki 50gr &#8211; Terrasana"},"content":{"rendered":"<h2 style=\"text-align: left;\"><strong>Alto contenido en fibra alimentaria que favorece el tr\u00e1nsito intestinal<\/strong><\/h2>\n<p>&nbsp;<\/p>\n<p>El alga hijiki de TerraSana es un alga marina silvestre, recolectada de forma sostenible en Jap\u00f3n. Se presenta en peque\u00f1os filamentos negros que, tras hidratarse, aumentan considerablemente de tama\u00f1o.<\/p>\n<p>Es conocida por su sabor intenso y terroso, con una textura firme que se mantiene incluso despu\u00e9s de la cocci\u00f3n, siendo un ingrediente cl\u00e1sico de la macrobi\u00f3tica.<\/p>\n<p><strong>PRESENTACI\u00d3N<\/strong><\/p>\n<p>50 g<\/p>\n<p>&nbsp;<\/p>\n","protected":false},"excerpt":{"rendered":"<p>El alga hijiki de TerraSana es un alga marina silvestre, recolectada de forma sostenible en Jap\u00f3n, y es un ingrediente cl\u00e1sico de la macrobi\u00f3tica. [&#8230;]<\/p>\n<p><a class=\"btn btn-secondary understrap-read-more-link\" href=\"https:\/\/www.lifenatura.com\/es\/produto\/alga-hiziki-50gr-terrasana\/\">Leer m\u00e1s&#8230;<span class=\"screen-reader-text\"> from Alga Hiziki 50gr &#8211; Terrasana<\/span><\/a><\/p>\n","protected":false},"featured_media":128278,"template":"","meta":{"_acf_changed":false},"product_brand":[8354],"product_cat":[7982,7064,7074],"product_tag":[],"class_list":{"0":"post-128156","1":"product","2":"type-product","3":"status-publish","4":"has-post-thumbnail","6":"product_brand-terrasana-es","7":"product_cat-algas-marinas","8":"product_cat-alimentacion-sana","9":"product_cat-productos-alimenticios","10":"pa_caracteristicas-sin-azucares-anadidos","11":"pa_caracteristicas-sin-conservantes","12":"pa_caracteristicas-vegano","14":"first","15":"instock","16":"shipping-taxable","17":"purchasable","18":"product-type-simple","19":"add-to-wishlist-before_image"},"acf":[],"yoast_head":"<!-- This site is optimized with the Yoast SEO Premium plugin v27.1 (Yoast SEO v27.4) - https:\/\/yoast.com\/product\/yoast-seo-premium-wordpress\/ -->\n<title>Alga Hiziki 50gr - Terrasana - Lifenatura<\/title>\n<meta name=\"description\" content=\"El alga hijiki de TerraSana es un alga marina silvestre, recolectada de forma sostenible en Jap\u00f3n, y es un ingrediente cl\u00e1sico de la macrobi\u00f3tica.\" \/>\n<meta name=\"robots\" content=\"index, follow, max-snippet:-1, max-image-preview:large, max-video-preview:-1\" \/>\n<link rel=\"canonical\" href=\"https:\/\/www.lifenatura.com\/es\/produto\/alga-hiziki-50gr-terrasana\/\" \/>\n<meta property=\"og:locale\" content=\"es_ES\" \/>\n<meta property=\"og:type\" content=\"article\" \/>\n<meta property=\"og:title\" content=\"Alga Hiziki 50gr - Terrasana - Lifenatura\" \/>\n<meta property=\"og:description\" content=\"Compre aqui o seu Alga Hiziki 50gr - Terrasana e a Lifenatura Online envia em 48 H com Portes Gratis &gt;35\u20ac de Pedido.\" \/>\n<meta property=\"og:url\" content=\"https:\/\/www.lifenatura.com\/es\/produto\/alga-hiziki-50gr-terrasana\/\" \/>\n<meta property=\"og:site_name\" content=\"Lifenatura\" \/>\n<meta property=\"article:publisher\" content=\"https:\/\/www.facebook.com\/lifenatura\" \/>\n<meta property=\"article:modified_time\" content=\"2026-03-06T12:12:42+00:00\" \/>\n<meta property=\"og:image\" content=\"https:\/\/www.lifenatura.com\/wp-content\/uploads\/2026\/03\/alga-hiziki-terrasana.jpg\" \/>\n\t<meta property=\"og:image:width\" content=\"500\" \/>\n\t<meta property=\"og:image:height\" content=\"733\" \/>\n\t<meta property=\"og:image:type\" content=\"image\/jpeg\" \/>\n<meta name=\"twitter:card\" content=\"summary_large_image\" \/>\n<meta name=\"twitter:label1\" content=\"Precio\" \/>\n\t<meta name=\"twitter:data1\" content=\"10,56&nbsp;&euro;\" \/>\n\t<meta name=\"twitter:label2\" content=\"Disponibilidad\" \/>\n\t<meta name=\"twitter:data2\" content=\"Disponible\" \/>\n<meta property=\"product:price:amount\" content=\"10.56\" \/>\n<meta property=\"product:price:currency\" content=\"EUR\" \/>\n<meta property=\"og:availability\" content=\"instock\" \/>\n<meta property=\"product:availability\" content=\"instock\" \/>\n<meta property=\"product:retailer_item_id\" content=\"8713576271706\" \/>\n<meta property=\"product:condition\" content=\"new\" \/>\n<!-- \/ Yoast SEO Premium plugin. -->","yoast_head_json":{"title":"Alga Hiziki 50gr - Terrasana - Lifenatura","description":"El alga hijiki de TerraSana es un alga marina silvestre, recolectada de forma sostenible en Jap\u00f3n, y es un ingrediente cl\u00e1sico de la macrobi\u00f3tica.","robots":{"index":"index","follow":"follow","max-snippet":"max-snippet:-1","max-image-preview":"max-image-preview:large","max-video-preview":"max-video-preview:-1"},"canonical":"https:\/\/www.lifenatura.com\/es\/produto\/alga-hiziki-50gr-terrasana\/","og_locale":"es_ES","og_type":"article","og_title":"Alga Hiziki 50gr - Terrasana - Lifenatura","og_description":"Compre aqui o seu Alga Hiziki 50gr - Terrasana e a Lifenatura Online envia em 48 H com Portes Gratis >35\u20ac de Pedido.","og_url":"https:\/\/www.lifenatura.com\/es\/produto\/alga-hiziki-50gr-terrasana\/","og_site_name":"Lifenatura","article_publisher":"https:\/\/www.facebook.com\/lifenatura","article_modified_time":"2026-03-06T12:12:42+00:00","og_image":[{"width":500,"height":733,"url":"https:\/\/www.lifenatura.com\/wp-content\/uploads\/2026\/03\/alga-hiziki-terrasana.jpg","type":"image\/jpeg"}],"twitter_card":"summary_large_image","twitter_misc":{"Precio":"10,56&nbsp;&euro;","Disponibilidad":"Disponible"},"schema":{"@context":"https:\/\/schema.org","@graph":[{"@type":"WebPage","@id":"https:\/\/www.lifenatura.com\/es\/produto\/alga-hiziki-50gr-terrasana\/","url":"https:\/\/www.lifenatura.com\/es\/produto\/alga-hiziki-50gr-terrasana\/","name":"Alga Hiziki 50gr - Terrasana - Lifenatura","isPartOf":{"@id":"https:\/\/www.lifenatura.com\/es\/#website"},"primaryImageOfPage":{"@id":"https:\/\/www.lifenatura.com\/es\/produto\/alga-hiziki-50gr-terrasana\/#primaryimage"},"image":{"@id":"https:\/\/www.lifenatura.com\/es\/produto\/alga-hiziki-50gr-terrasana\/#primaryimage"},"thumbnailUrl":"https:\/\/www.lifenatura.com\/wp-content\/uploads\/2026\/03\/alga-hiziki-terrasana.jpg","datePublished":"2026-03-06T12:09:10+00:00","dateModified":"2026-03-06T12:12:42+00:00","description":"El alga hijiki de TerraSana es un alga marina silvestre, recolectada de forma sostenible en Jap\u00f3n, y es un ingrediente cl\u00e1sico de la macrobi\u00f3tica.","breadcrumb":{"@id":"https:\/\/www.lifenatura.com\/es\/produto\/alga-hiziki-50gr-terrasana\/#breadcrumb"},"inLanguage":"es","potentialAction":[{"@type":"ReadAction","target":["https:\/\/www.lifenatura.com\/es\/produto\/alga-hiziki-50gr-terrasana\/"]}]},{"@type":"ImageObject","inLanguage":"es","@id":"https:\/\/www.lifenatura.com\/es\/produto\/alga-hiziki-50gr-terrasana\/#primaryimage","url":"https:\/\/www.lifenatura.com\/wp-content\/uploads\/2026\/03\/alga-hiziki-terrasana.jpg","contentUrl":"https:\/\/www.lifenatura.com\/wp-content\/uploads\/2026\/03\/alga-hiziki-terrasana.jpg","width":1080,"height":1080,"caption":"Alga Hiziki Terrasana"},{"@type":"BreadcrumbList","@id":"https:\/\/www.lifenatura.com\/es\/produto\/alga-hiziki-50gr-terrasana\/#breadcrumb","itemListElement":[{"@type":"ListItem","position":1,"name":"In\u00edcio","item":"https:\/\/www.lifenatura.com\/es\/"},{"@type":"ListItem","position":2,"name":"Todos los Productos","item":"https:\/\/www.lifenatura.com\/es\/tienda\/"},{"@type":"ListItem","position":3,"name":"Alga Hiziki 50gr &#8211; Terrasana"}]},{"@type":"WebSite","@id":"https:\/\/www.lifenatura.com\/es\/#website","url":"https:\/\/www.lifenatura.com\/es\/","name":"Lifenatura","description":"A Lifenatura \u00e9 uma loja de produtos naturais, cosm\u00e9tica natural e alimenta\u00e7\u00e3o Biol\u00f3gica.","publisher":{"@id":"https:\/\/www.lifenatura.com\/es\/#organization"},"potentialAction":[{"@type":"SearchAction","target":{"@type":"EntryPoint","urlTemplate":"https:\/\/www.lifenatura.com\/es\/?s={search_term_string}"},"query-input":{"@type":"PropertyValueSpecification","valueRequired":true,"valueName":"search_term_string"}}],"inLanguage":"es"},{"@type":"Organization","@id":"https:\/\/www.lifenatura.com\/es\/#organization","name":"Lifenatura","url":"https:\/\/www.lifenatura.com\/es\/","logo":{"@type":"ImageObject","inLanguage":"es","@id":"https:\/\/www.lifenatura.com\/es\/#\/schema\/logo\/image\/","url":"https:\/\/www.lifenatura.com\/wp-content\/uploads\/2021\/11\/logo.png","contentUrl":"https:\/\/www.lifenatura.com\/wp-content\/uploads\/2021\/11\/logo.png","width":175,"height":55,"caption":"Lifenatura"},"image":{"@id":"https:\/\/www.lifenatura.com\/es\/#\/schema\/logo\/image\/"},"sameAs":["https:\/\/www.facebook.com\/lifenatura","https:\/\/www.instagram.com\/lifenaturapt\/"]}]},"product_price_amount":"10.56","product_price_currency":"EUR","og_availability":"instock","product_availability":"instock","product_retailer_item_id":"8713576271706","product_condition":"new"},"df_price":10.56,"df_sale_price":"","df_regular_price":10.56,"df_image_link":"https:\/\/www.lifenatura.com\/wp-content\/uploads\/2026\/03\/alga-hiziki-terrasana-300x300.jpg","_links":{"self":[{"href":"https:\/\/www.lifenatura.com\/es\/wp-json\/wp\/v2\/product\/128156","targetHints":{"allow":["GET"]}}],"collection":[{"href":"https:\/\/www.lifenatura.com\/es\/wp-json\/wp\/v2\/product"}],"about":[{"href":"https:\/\/www.lifenatura.com\/es\/wp-json\/wp\/v2\/types\/product"}],"wp:featuredmedia":[{"embeddable":true,"href":"https:\/\/www.lifenatura.com\/es\/wp-json\/wp\/v2\/media\/128278"}],"wp:attachment":[{"href":"https:\/\/www.lifenatura.com\/es\/wp-json\/wp\/v2\/media?parent=128156"}],"wp:term":[{"taxonomy":"product_brand","embeddable":true,"href":"https:\/\/www.lifenatura.com\/es\/wp-json\/wp\/v2\/product_brand?post=128156"},{"taxonomy":"product_cat","embeddable":true,"href":"https:\/\/www.lifenatura.com\/es\/wp-json\/wp\/v2\/product_cat?post=128156"},{"taxonomy":"product_tag","embeddable":true,"href":"https:\/\/www.lifenatura.com\/es\/wp-json\/wp\/v2\/product_tag?post=128156"}],"curies":[{"name":"wp","href":"https:\/\/api.w.org\/{rel}","templated":true}]}}