{"id":128148,"date":"2026-03-06T11:14:43","date_gmt":"2026-03-06T11:14:43","guid":{"rendered":"https:\/\/www.lifenatura.com\/?post_type=product&#038;p=128148"},"modified":"2026-03-06T11:33:22","modified_gmt":"2026-03-06T11:33:22","slug":"choline-inositol-250-250mg-50-capsulas-solgar","status":"publish","type":"product","link":"https:\/\/www.lifenatura.com\/es\/produto\/choline-inositol-250-250mg-50-capsulas-solgar\/","title":{"rendered":"Choline\/Inositol 250\/250mg 50 c\u00e1psulas &#8211; Solgar"},"content":{"rendered":"<h2 style=\"text-align: left;\"><strong>Contribuye al metabolismo normal de las grasas<\/strong><\/h2>\n<p>&nbsp;<\/p>\n<p>El suplemento Colina\/Inositol 250\/250 mg combina dos nutrientes importantes que act\u00faan de forma complementaria en el metabolismo de las grasas, la funci\u00f3n hep\u00e1tica y el apoyo al sistema nervioso. La colina contribuye al metabolismo lip\u00eddico normal y al funcionamiento adecuado del h\u00edgado, mientras que el inositol participa en los procesos celulares y en el equilibrio del sistema nervioso.<\/p>\n<p>Este suplemento se utiliza a menudo como apoyo nutricional para el bienestar general, especialmente en rutinas que tienen como objetivo el apoyo hep\u00e1tico y metab\u00f3lico.<\/p>\n<p><strong>PRESENTACI\u00d3N<\/strong><\/p>\n<p>50 c\u00e1psulas<\/p>\n<p>&nbsp;<\/p>\n","protected":false},"excerpt":{"rendered":"<p>El suplemento Colina\/Inositol 250\/250 mg combina dos nutrientes importantes que act\u00faan de forma complementaria en el metabolismo de las grasas. [&#8230;]<\/p>\n<p><a class=\"btn btn-secondary understrap-read-more-link\" href=\"https:\/\/www.lifenatura.com\/es\/produto\/choline-inositol-250-250mg-50-capsulas-solgar\/\">Leer m\u00e1s&#8230;<span class=\"screen-reader-text\"> from Choline\/Inositol 250\/250mg 50 c\u00e1psulas &#8211; Solgar<\/span><\/a><\/p>\n","protected":false},"featured_media":128990,"template":"","meta":{"_acf_changed":false},"product_brand":[8365],"product_cat":[7254,8646,8638],"product_tag":[8682],"class_list":{"0":"post-128148","1":"product","2":"type-product","3":"status-publish","4":"has-post-thumbnail","6":"product_brand-solgar","7":"product_cat-higado-vesicula","8":"product_cat-sistema-digestivo","9":"product_cat-suplementacion","10":"product_tag-dietimport","12":"first","13":"instock","14":"sale","15":"featured","16":"shipping-taxable","17":"purchasable","18":"product-type-simple","19":"add-to-wishlist-before_image"},"acf":[],"yoast_head":"<!-- This site is optimized with the Yoast SEO Premium plugin v27.1 (Yoast SEO v27.4) - https:\/\/yoast.com\/product\/yoast-seo-premium-wordpress\/ -->\n<title>Choline\/Inositol 250\/250mg 50 c\u00e1psulas - Solgar - Lifenatura<\/title>\n<meta name=\"description\" content=\"El suplemento Colina\/Inositol 250\/250 mg combina dos nutrientes importantes que act\u00faan de forma complementaria en el metabolismo de las grasas.\" \/>\n<meta name=\"robots\" content=\"index, follow, max-snippet:-1, max-image-preview:large, max-video-preview:-1\" \/>\n<link rel=\"canonical\" href=\"https:\/\/www.lifenatura.com\/es\/produto\/choline-inositol-250-250mg-50-capsulas-solgar\/\" \/>\n<meta property=\"og:locale\" content=\"es_ES\" \/>\n<meta property=\"og:type\" content=\"article\" \/>\n<meta property=\"og:title\" content=\"Choline\/Inositol 250\/250mg 50 c\u00e1psulas - Solgar - Lifenatura\" \/>\n<meta property=\"og:description\" content=\"Compre aqui o seu Choline\/Inositol 250\/250mg 50 c\u00e1psulas - Solgar e a Lifenatura Online envia em 48 H com Portes Gratis &gt;35\u20ac de Pedido.\" \/>\n<meta property=\"og:url\" content=\"https:\/\/www.lifenatura.com\/es\/produto\/choline-inositol-250-250mg-50-capsulas-solgar\/\" \/>\n<meta property=\"og:site_name\" content=\"Lifenatura\" \/>\n<meta property=\"article:publisher\" content=\"https:\/\/www.facebook.com\/lifenatura\" \/>\n<meta property=\"article:modified_time\" content=\"2026-03-06T11:33:22+00:00\" \/>\n<meta property=\"og:image\" content=\"https:\/\/www.lifenatura.com\/wp-content\/uploads\/2026\/03\/choline-inositol-solgar.jpg\" \/>\n\t<meta property=\"og:image:width\" content=\"750\" \/>\n\t<meta property=\"og:image:height\" content=\"750\" \/>\n\t<meta property=\"og:image:type\" content=\"image\/jpeg\" \/>\n<meta name=\"twitter:card\" content=\"summary_large_image\" \/>\n<meta name=\"twitter:label1\" content=\"Precio\" \/>\n\t<meta name=\"twitter:data1\" content=\"11,53&nbsp;&euro;\" \/>\n\t<meta name=\"twitter:label2\" content=\"Disponibilidad\" \/>\n\t<meta name=\"twitter:data2\" content=\"Disponible\" \/>\n<meta property=\"product:price:amount\" content=\"11.53\" \/>\n<meta property=\"product:price:currency\" content=\"EUR\" \/>\n<meta property=\"og:availability\" content=\"instock\" \/>\n<meta property=\"product:availability\" content=\"instock\" \/>\n<meta property=\"product:retailer_item_id\" content=\"33984008496\" \/>\n<meta property=\"product:condition\" content=\"new\" \/>\n<!-- \/ Yoast SEO Premium plugin. -->","yoast_head_json":{"title":"Choline\/Inositol 250\/250mg 50 c\u00e1psulas - Solgar - Lifenatura","description":"El suplemento Colina\/Inositol 250\/250 mg combina dos nutrientes importantes que act\u00faan de forma complementaria en el metabolismo de las grasas.","robots":{"index":"index","follow":"follow","max-snippet":"max-snippet:-1","max-image-preview":"max-image-preview:large","max-video-preview":"max-video-preview:-1"},"canonical":"https:\/\/www.lifenatura.com\/es\/produto\/choline-inositol-250-250mg-50-capsulas-solgar\/","og_locale":"es_ES","og_type":"article","og_title":"Choline\/Inositol 250\/250mg 50 c\u00e1psulas - Solgar - Lifenatura","og_description":"Compre aqui o seu Choline\/Inositol 250\/250mg 50 c\u00e1psulas - Solgar e a Lifenatura Online envia em 48 H com Portes Gratis >35\u20ac de Pedido.","og_url":"https:\/\/www.lifenatura.com\/es\/produto\/choline-inositol-250-250mg-50-capsulas-solgar\/","og_site_name":"Lifenatura","article_publisher":"https:\/\/www.facebook.com\/lifenatura","article_modified_time":"2026-03-06T11:33:22+00:00","og_image":[{"width":750,"height":750,"url":"https:\/\/www.lifenatura.com\/wp-content\/uploads\/2026\/03\/choline-inositol-solgar.jpg","type":"image\/jpeg"}],"twitter_card":"summary_large_image","twitter_misc":{"Precio":"11,53&nbsp;&euro;","Disponibilidad":"Disponible"},"schema":{"@context":"https:\/\/schema.org","@graph":[{"@type":"WebPage","@id":"https:\/\/www.lifenatura.com\/es\/produto\/choline-inositol-250-250mg-50-capsulas-solgar\/","url":"https:\/\/www.lifenatura.com\/es\/produto\/choline-inositol-250-250mg-50-capsulas-solgar\/","name":"Choline\/Inositol 250\/250mg 50 c\u00e1psulas - Solgar - Lifenatura","isPartOf":{"@id":"https:\/\/www.lifenatura.com\/es\/#website"},"primaryImageOfPage":{"@id":"https:\/\/www.lifenatura.com\/es\/produto\/choline-inositol-250-250mg-50-capsulas-solgar\/#primaryimage"},"image":{"@id":"https:\/\/www.lifenatura.com\/es\/produto\/choline-inositol-250-250mg-50-capsulas-solgar\/#primaryimage"},"thumbnailUrl":"https:\/\/www.lifenatura.com\/wp-content\/uploads\/2026\/03\/colina-inositol-solgar.jpg-1.webp","datePublished":"2026-03-06T11:14:43+00:00","dateModified":"2026-03-06T11:33:22+00:00","description":"El suplemento Colina\/Inositol 250\/250 mg combina dos nutrientes importantes que act\u00faan de forma complementaria en el metabolismo de las grasas.","breadcrumb":{"@id":"https:\/\/www.lifenatura.com\/es\/produto\/choline-inositol-250-250mg-50-capsulas-solgar\/#breadcrumb"},"inLanguage":"es","potentialAction":[{"@type":"ReadAction","target":["https:\/\/www.lifenatura.com\/es\/produto\/choline-inositol-250-250mg-50-capsulas-solgar\/"]}]},{"@type":"ImageObject","inLanguage":"es","@id":"https:\/\/www.lifenatura.com\/es\/produto\/choline-inositol-250-250mg-50-capsulas-solgar\/#primaryimage","url":"https:\/\/www.lifenatura.com\/wp-content\/uploads\/2026\/03\/colina-inositol-solgar.jpg-1.webp","contentUrl":"https:\/\/www.lifenatura.com\/wp-content\/uploads\/2026\/03\/colina-inositol-solgar.jpg-1.webp","width":1080,"height":1080},{"@type":"BreadcrumbList","@id":"https:\/\/www.lifenatura.com\/es\/produto\/choline-inositol-250-250mg-50-capsulas-solgar\/#breadcrumb","itemListElement":[{"@type":"ListItem","position":1,"name":"In\u00edcio","item":"https:\/\/www.lifenatura.com\/es\/"},{"@type":"ListItem","position":2,"name":"Todos los Productos","item":"https:\/\/www.lifenatura.com\/es\/tienda\/"},{"@type":"ListItem","position":3,"name":"Choline\/Inositol 250\/250mg 50 c\u00e1psulas &#8211; Solgar"}]},{"@type":"WebSite","@id":"https:\/\/www.lifenatura.com\/es\/#website","url":"https:\/\/www.lifenatura.com\/es\/","name":"Lifenatura","description":"A Lifenatura \u00e9 uma loja de produtos naturais, cosm\u00e9tica natural e alimenta\u00e7\u00e3o Biol\u00f3gica.","publisher":{"@id":"https:\/\/www.lifenatura.com\/es\/#organization"},"potentialAction":[{"@type":"SearchAction","target":{"@type":"EntryPoint","urlTemplate":"https:\/\/www.lifenatura.com\/es\/?s={search_term_string}"},"query-input":{"@type":"PropertyValueSpecification","valueRequired":true,"valueName":"search_term_string"}}],"inLanguage":"es"},{"@type":"Organization","@id":"https:\/\/www.lifenatura.com\/es\/#organization","name":"Lifenatura","url":"https:\/\/www.lifenatura.com\/es\/","logo":{"@type":"ImageObject","inLanguage":"es","@id":"https:\/\/www.lifenatura.com\/es\/#\/schema\/logo\/image\/","url":"https:\/\/www.lifenatura.com\/wp-content\/uploads\/2021\/11\/logo.png","contentUrl":"https:\/\/www.lifenatura.com\/wp-content\/uploads\/2021\/11\/logo.png","width":175,"height":55,"caption":"Lifenatura"},"image":{"@id":"https:\/\/www.lifenatura.com\/es\/#\/schema\/logo\/image\/"},"sameAs":["https:\/\/www.facebook.com\/lifenatura","https:\/\/www.instagram.com\/lifenaturapt\/"]}]},"product_price_amount":"11.53","product_price_currency":"EUR","og_availability":"instock","product_availability":"instock","product_retailer_item_id":"33984008496","product_condition":"new"},"df_price":11.53,"df_sale_price":11.53,"df_regular_price":15.37,"df_image_link":"https:\/\/www.lifenatura.com\/wp-content\/uploads\/2026\/03\/colina-inositol-solgar.jpg-1-300x300.webp","_links":{"self":[{"href":"https:\/\/www.lifenatura.com\/es\/wp-json\/wp\/v2\/product\/128148","targetHints":{"allow":["GET"]}}],"collection":[{"href":"https:\/\/www.lifenatura.com\/es\/wp-json\/wp\/v2\/product"}],"about":[{"href":"https:\/\/www.lifenatura.com\/es\/wp-json\/wp\/v2\/types\/product"}],"wp:featuredmedia":[{"embeddable":true,"href":"https:\/\/www.lifenatura.com\/es\/wp-json\/wp\/v2\/media\/128990"}],"wp:attachment":[{"href":"https:\/\/www.lifenatura.com\/es\/wp-json\/wp\/v2\/media?parent=128148"}],"wp:term":[{"taxonomy":"product_brand","embeddable":true,"href":"https:\/\/www.lifenatura.com\/es\/wp-json\/wp\/v2\/product_brand?post=128148"},{"taxonomy":"product_cat","embeddable":true,"href":"https:\/\/www.lifenatura.com\/es\/wp-json\/wp\/v2\/product_cat?post=128148"},{"taxonomy":"product_tag","embeddable":true,"href":"https:\/\/www.lifenatura.com\/es\/wp-json\/wp\/v2\/product_tag?post=128148"}],"curies":[{"name":"wp","href":"https:\/\/api.w.org\/{rel}","templated":true}]}}