{"id":128095,"date":"2026-03-05T16:58:53","date_gmt":"2026-03-05T16:58:53","guid":{"rendered":"https:\/\/www.lifenatura.com\/?post_type=product&#038;p=128095"},"modified":"2026-03-30T00:12:00","modified_gmt":"2026-03-30T00:12:00","slug":"vitamina-d3-gotas-50-ml-naturmil-toma-4-paga-3","status":"publish","type":"product","link":"https:\/\/www.lifenatura.com\/es\/produto\/vitamina-d3-gotas-50-ml-naturmil-toma-4-paga-3\/","title":{"rendered":"Vitamina D3 Gotas 50 ml &#8211; Naturmil &#8211; Toma 4 Paga 3"},"content":{"rendered":"<h2 style=\"text-align: left;\">Vitamina D3 Gotas 50 ml &#8211; Naturmil &#8211; Toma 4 Paga 3<\/h2>\n<p>&nbsp;<\/p>\n<p>Para combatir las enfermedades \u00f3seas, regulando el metabolismo fosfoc\u00e1lcico y la mineralizaci\u00f3n \u00f3sea, y las patolog\u00edas no \u00f3seas, como las enfermedades cardiovasculares, la hipertensi\u00f3n, las neoplasias, la diabetes, la esclerosis m\u00faltiple, la demencia, la artritis reumatoide y las enfermedades infecciosas. La regularizaci\u00f3n de los valores plasm\u00e1ticos de vitamina D es fundamental para mantener una buena salud en general.<\/p>\n<p>CALCIO Y F\u00d3SFORO<strong>, HUESOS, M\u00daSCULOS E INMUNIDAD<\/strong><br \/>\nLa vitamina D contribuye a la absorci\u00f3n\/utilizaci\u00f3n normal del calcio y el f\u00f3sforo, a los niveles normales de calcio en la sangre, al mantenimiento de los huesos normales, al mantenimiento de la funci\u00f3n muscular normal, al mantenimiento de los dientes normales, al funcionamiento normal del sistema inmunitario y al proceso de divisi\u00f3n celular.<\/p>\n<p><strong>PRESENTACI\u00d3N<\/strong><\/p>\n<p>50 ml<\/p>\n<p>&nbsp;<\/p>\n","protected":false},"excerpt":{"rendered":"<p><span style=\"color: #ff0000;\">10% DE DESCUENTO en compras superiores a 50\u20ac con el cup\u00f3n <strong>LIFE1009<\/strong> y 15% DE DESCUENTO en compras superiores a 100\u20ac con el cup\u00f3n <strong>LIFE1509<\/strong> &#8211; HASTA <strong>EL 30 DE MAYO DE 2026<\/strong><\/span> [&#8230;]<\/p>\n<p><a class=\"btn btn-secondary understrap-read-more-link\" href=\"https:\/\/www.lifenatura.com\/es\/produto\/vitamina-d3-gotas-50-ml-naturmil-toma-4-paga-3\/\">Leer m\u00e1s&#8230;<span class=\"screen-reader-text\"> from Vitamina D3 Gotas 50 ml &#8211; Naturmil &#8211; Toma 4 Paga 3<\/span><\/a><\/p>\n","protected":false},"featured_media":77680,"template":"","meta":{"_acf_changed":false},"product_brand":[8435],"product_cat":[8561,7263,7179,7883,7261],"product_tag":[],"class_list":{"0":"post-128095","1":"product","2":"type-product","3":"status-publish","4":"has-post-thumbnail","6":"product_brand-naturmil","7":"product_cat-naturmil-lleve-4-pago-3","8":"product_cat-packs-de-salud","9":"product_cat-salud","10":"product_cat-suplementos-alimenticios","11":"product_cat-vitamina-d-salud","13":"first","14":"instock","15":"sale","16":"featured","17":"shipping-taxable","18":"purchasable","19":"product-type-woosb","20":"add-to-wishlist-before_image"},"acf":[],"yoast_head":"<!-- This site is optimized with the Yoast SEO Premium plugin v27.1 (Yoast SEO v27.4) - https:\/\/yoast.com\/product\/yoast-seo-premium-wordpress\/ -->\n<title>Vitamina D3 Gotas 50 ml - Naturmil - Toma 4 Paga 3 - Lifenatura<\/title>\n<meta name=\"description\" content=\"La vitamina D3 en gotas de Naturmil est\u00e1 indicada para combatir las enfermedades \u00f3seas y la mineralizaci\u00f3n de los huesos, as\u00ed como patolog\u00edas no \u00f3seas como las enfermedades cardiovasculares.\" \/>\n<meta name=\"robots\" content=\"index, follow, max-snippet:-1, max-image-preview:large, max-video-preview:-1\" \/>\n<link rel=\"canonical\" href=\"https:\/\/www.lifenatura.com\/es\/produto\/vitamina-d3-gotas-50-ml-naturmil-toma-4-paga-3\/\" \/>\n<meta property=\"og:locale\" content=\"es_ES\" \/>\n<meta property=\"og:type\" content=\"article\" \/>\n<meta property=\"og:title\" content=\"Vitamina D3 Gotas 50 ml - Naturmil - Toma 4 Paga 3 - Lifenatura\" \/>\n<meta property=\"og:description\" content=\"Compre aqui o seu Vitamina D3 Gotas 50 ml - Naturmil - Toma 4 Paga 3 e a Lifenatura Online envia em 48 H com Portes Gratis &gt;35\u20ac de Pedido.\" \/>\n<meta property=\"og:url\" content=\"https:\/\/www.lifenatura.com\/es\/produto\/vitamina-d3-gotas-50-ml-naturmil-toma-4-paga-3\/\" \/>\n<meta property=\"og:site_name\" content=\"Lifenatura\" \/>\n<meta property=\"article:publisher\" content=\"https:\/\/www.facebook.com\/lifenatura\" \/>\n<meta property=\"article:modified_time\" content=\"2026-03-30T00:12:00+00:00\" \/>\n<meta property=\"og:image\" content=\"https:\/\/www.lifenatura.com\/wp-content\/uploads\/2023\/10\/vitamina-d3-50ml-naturmil.jpg\" \/>\n\t<meta property=\"og:image:width\" content=\"1000\" \/>\n\t<meta property=\"og:image:height\" content=\"1000\" \/>\n\t<meta property=\"og:image:type\" content=\"image\/jpeg\" \/>\n<meta name=\"twitter:card\" content=\"summary_large_image\" \/>\n<meta name=\"twitter:label1\" content=\"Precio\" \/>\n\t<meta name=\"twitter:data1\" content=\"34,35&nbsp;&euro;\" \/>\n\t<meta name=\"twitter:label2\" content=\"Disponibilidad\" \/>\n\t<meta name=\"twitter:data2\" content=\"Disponible\" \/>\n<meta property=\"product:price:amount\" content=\"34.35\" \/>\n<meta property=\"product:price:currency\" content=\"EUR\" \/>\n<meta property=\"og:availability\" content=\"instock\" \/>\n<meta property=\"product:availability\" content=\"instock\" \/>\n<meta property=\"product:retailer_item_id\" content=\"56054811031488\" \/>\n<meta property=\"product:condition\" content=\"new\" \/>\n<!-- \/ Yoast SEO Premium plugin. -->","yoast_head_json":{"title":"Vitamina D3 Gotas 50 ml - Naturmil - Toma 4 Paga 3 - Lifenatura","description":"La vitamina D3 en gotas de Naturmil est\u00e1 indicada para combatir las enfermedades \u00f3seas y la mineralizaci\u00f3n de los huesos, as\u00ed como patolog\u00edas no \u00f3seas como las enfermedades cardiovasculares.","robots":{"index":"index","follow":"follow","max-snippet":"max-snippet:-1","max-image-preview":"max-image-preview:large","max-video-preview":"max-video-preview:-1"},"canonical":"https:\/\/www.lifenatura.com\/es\/produto\/vitamina-d3-gotas-50-ml-naturmil-toma-4-paga-3\/","og_locale":"es_ES","og_type":"article","og_title":"Vitamina D3 Gotas 50 ml - Naturmil - Toma 4 Paga 3 - Lifenatura","og_description":"Compre aqui o seu Vitamina D3 Gotas 50 ml - Naturmil - Toma 4 Paga 3 e a Lifenatura Online envia em 48 H com Portes Gratis >35\u20ac de Pedido.","og_url":"https:\/\/www.lifenatura.com\/es\/produto\/vitamina-d3-gotas-50-ml-naturmil-toma-4-paga-3\/","og_site_name":"Lifenatura","article_publisher":"https:\/\/www.facebook.com\/lifenatura","article_modified_time":"2026-03-30T00:12:00+00:00","og_image":[{"width":1000,"height":1000,"url":"https:\/\/www.lifenatura.com\/wp-content\/uploads\/2023\/10\/vitamina-d3-50ml-naturmil.jpg","type":"image\/jpeg"}],"twitter_card":"summary_large_image","twitter_misc":{"Precio":"34,35&nbsp;&euro;","Disponibilidad":"Disponible"},"schema":{"@context":"https:\/\/schema.org","@graph":[{"@type":"WebPage","@id":"https:\/\/www.lifenatura.com\/es\/produto\/vitamina-d3-gotas-50-ml-naturmil-toma-4-paga-3\/","url":"https:\/\/www.lifenatura.com\/es\/produto\/vitamina-d3-gotas-50-ml-naturmil-toma-4-paga-3\/","name":"Vitamina D3 Gotas 50 ml - Naturmil - Toma 4 Paga 3 - Lifenatura","isPartOf":{"@id":"https:\/\/www.lifenatura.com\/es\/#website"},"primaryImageOfPage":{"@id":"https:\/\/www.lifenatura.com\/es\/produto\/vitamina-d3-gotas-50-ml-naturmil-toma-4-paga-3\/#primaryimage"},"image":{"@id":"https:\/\/www.lifenatura.com\/es\/produto\/vitamina-d3-gotas-50-ml-naturmil-toma-4-paga-3\/#primaryimage"},"thumbnailUrl":"https:\/\/www.lifenatura.com\/wp-content\/uploads\/2023\/10\/vitamina-d3-50ml-naturmil.jpg","datePublished":"2026-03-05T16:58:53+00:00","dateModified":"2026-03-30T00:12:00+00:00","description":"La vitamina D3 en gotas de Naturmil est\u00e1 indicada para combatir las enfermedades \u00f3seas y la mineralizaci\u00f3n de los huesos, as\u00ed como patolog\u00edas no \u00f3seas como las enfermedades cardiovasculares.","breadcrumb":{"@id":"https:\/\/www.lifenatura.com\/es\/produto\/vitamina-d3-gotas-50-ml-naturmil-toma-4-paga-3\/#breadcrumb"},"inLanguage":"es","potentialAction":[{"@type":"ReadAction","target":["https:\/\/www.lifenatura.com\/es\/produto\/vitamina-d3-gotas-50-ml-naturmil-toma-4-paga-3\/"]}]},{"@type":"ImageObject","inLanguage":"es","@id":"https:\/\/www.lifenatura.com\/es\/produto\/vitamina-d3-gotas-50-ml-naturmil-toma-4-paga-3\/#primaryimage","url":"https:\/\/www.lifenatura.com\/wp-content\/uploads\/2023\/10\/vitamina-d3-50ml-naturmil.jpg","contentUrl":"https:\/\/www.lifenatura.com\/wp-content\/uploads\/2023\/10\/vitamina-d3-50ml-naturmil.jpg","width":1000,"height":1000,"caption":"vitamina d3 marca naturmil"},{"@type":"BreadcrumbList","@id":"https:\/\/www.lifenatura.com\/es\/produto\/vitamina-d3-gotas-50-ml-naturmil-toma-4-paga-3\/#breadcrumb","itemListElement":[{"@type":"ListItem","position":1,"name":"In\u00edcio","item":"https:\/\/www.lifenatura.com\/es\/"},{"@type":"ListItem","position":2,"name":"Todos los Productos","item":"https:\/\/www.lifenatura.com\/es\/tienda\/"},{"@type":"ListItem","position":3,"name":"Vitamina D3 Gotas 50 ml &#8211; Naturmil &#8211; Toma 4 Paga 3"}]},{"@type":"WebSite","@id":"https:\/\/www.lifenatura.com\/es\/#website","url":"https:\/\/www.lifenatura.com\/es\/","name":"Lifenatura","description":"A Lifenatura \u00e9 uma loja de produtos naturais, cosm\u00e9tica natural e alimenta\u00e7\u00e3o Biol\u00f3gica.","publisher":{"@id":"https:\/\/www.lifenatura.com\/es\/#organization"},"potentialAction":[{"@type":"SearchAction","target":{"@type":"EntryPoint","urlTemplate":"https:\/\/www.lifenatura.com\/es\/?s={search_term_string}"},"query-input":{"@type":"PropertyValueSpecification","valueRequired":true,"valueName":"search_term_string"}}],"inLanguage":"es"},{"@type":"Organization","@id":"https:\/\/www.lifenatura.com\/es\/#organization","name":"Lifenatura","url":"https:\/\/www.lifenatura.com\/es\/","logo":{"@type":"ImageObject","inLanguage":"es","@id":"https:\/\/www.lifenatura.com\/es\/#\/schema\/logo\/image\/","url":"https:\/\/www.lifenatura.com\/wp-content\/uploads\/2021\/11\/logo.png","contentUrl":"https:\/\/www.lifenatura.com\/wp-content\/uploads\/2021\/11\/logo.png","width":175,"height":55,"caption":"Lifenatura"},"image":{"@id":"https:\/\/www.lifenatura.com\/es\/#\/schema\/logo\/image\/"},"sameAs":["https:\/\/www.facebook.com\/lifenatura","https:\/\/www.instagram.com\/lifenaturapt\/"]}]},"product_price_amount":"34.35","product_price_currency":"EUR","og_availability":"instock","product_availability":"instock","product_retailer_item_id":"56054811031488","product_condition":"new"},"df_price":34.35,"df_sale_price":39.3,"df_regular_price":65.48,"df_image_link":"https:\/\/www.lifenatura.com\/wp-content\/uploads\/2023\/10\/vitamina-d3-50ml-naturmil-300x300.jpg","_links":{"self":[{"href":"https:\/\/www.lifenatura.com\/es\/wp-json\/wp\/v2\/product\/128095","targetHints":{"allow":["GET"]}}],"collection":[{"href":"https:\/\/www.lifenatura.com\/es\/wp-json\/wp\/v2\/product"}],"about":[{"href":"https:\/\/www.lifenatura.com\/es\/wp-json\/wp\/v2\/types\/product"}],"wp:featuredmedia":[{"embeddable":true,"href":"https:\/\/www.lifenatura.com\/es\/wp-json\/wp\/v2\/media\/77680"}],"wp:attachment":[{"href":"https:\/\/www.lifenatura.com\/es\/wp-json\/wp\/v2\/media?parent=128095"}],"wp:term":[{"taxonomy":"product_brand","embeddable":true,"href":"https:\/\/www.lifenatura.com\/es\/wp-json\/wp\/v2\/product_brand?post=128095"},{"taxonomy":"product_cat","embeddable":true,"href":"https:\/\/www.lifenatura.com\/es\/wp-json\/wp\/v2\/product_cat?post=128095"},{"taxonomy":"product_tag","embeddable":true,"href":"https:\/\/www.lifenatura.com\/es\/wp-json\/wp\/v2\/product_tag?post=128095"}],"curies":[{"name":"wp","href":"https:\/\/api.w.org\/{rel}","templated":true}]}}