{"id":127977,"date":"2026-03-05T12:19:08","date_gmt":"2026-03-05T12:19:08","guid":{"rendered":"https:\/\/www.lifenatura.com\/?post_type=product&#038;p=127977"},"modified":"2026-03-30T00:11:39","modified_gmt":"2026-03-30T00:11:39","slug":"melatonina-plus-activa-60-capsulas-naturmil-toma-4-paga-3","status":"publish","type":"product","link":"https:\/\/www.lifenatura.com\/es\/produto\/melatonina-plus-activa-60-capsulas-naturmil-toma-4-paga-3\/","title":{"rendered":"Melatonina Plus Activa 60 c\u00e1psulas &#8211; Naturmil &#8211; Toma 4 Paga 3"},"content":{"rendered":"<h2 style=\"text-align: left;\">Melatonina Plus Activa 60 c\u00e1psulas &#8211; Naturmil &#8211; Toma 4 Paga 3<\/h2>\n<p>&nbsp;<\/p>\n<p>La melatonina es un potente eliminador de radicales libres, producido de forma natural en la gl\u00e1ndula pineal. Esta importante mol\u00e9cula interviene en diversos procesos reguladores del organismo, como la regulaci\u00f3n de los ciclos del sue\u00f1o y aspectos del sistema inmunitario.<\/p>\n<p><strong>La melatonina<\/strong> contribuye a la calidad del sue\u00f1o, reduciendo el tiempo que se tarda en dormirse, y tambi\u00e9n al desfase horario, aliviando los s\u00edntomas subjetivos de la diferencia horaria.<\/p>\n<p>Contiene vitaminas <strong>del complejo B<\/strong>, que contribuyen a la funci\u00f3n psicol\u00f3gica normal y al funcionamiento normal del <strong>sistema nervioso<\/strong>.<\/p>\n<p><strong>PRESENTACI\u00d3N<\/strong><\/p>\n<p>60 + 30 Comprimidos.<\/p>\n<p>&nbsp;<\/p>\n","protected":false},"excerpt":{"rendered":"<p><span style=\"color: #ff0000;\">10% DE DESCUENTO en compras superiores a 50\u20ac con el cup\u00f3n <strong>LIFE1009<\/strong> y 15% DE DESCUENTO en compras superiores a 100\u20ac con el cup\u00f3n <strong>LIFE1509<\/strong> &#8211; HASTA <strong>EL 30 DE MAYO DE 2026<\/strong><\/span> [&#8230;]<\/p>\n<p><a class=\"btn btn-secondary understrap-read-more-link\" href=\"https:\/\/www.lifenatura.com\/es\/produto\/melatonina-plus-activa-60-capsulas-naturmil-toma-4-paga-3\/\">Leer m\u00e1s&#8230;<span class=\"screen-reader-text\"> from Melatonina Plus Activa 60 c\u00e1psulas &#8211; Naturmil &#8211; Toma 4 Paga 3<\/span><\/a><\/p>\n","protected":false},"featured_media":67966,"template":"","meta":{"_acf_changed":false},"product_brand":[8435],"product_cat":[7214,7659,8060,8561,7263,7179],"product_tag":[],"class_list":{"0":"post-127977","1":"product","2":"type-product","3":"status-publish","4":"has-post-thumbnail","6":"product_brand-naturmil","7":"product_cat-para-dormir","8":"product_cat-ingrediente-natural-bio","9":"product_cat-melatonina-es","10":"product_cat-naturmil-lleve-4-pago-3","11":"product_cat-packs-de-salud","12":"product_cat-salud","14":"first","15":"instock","16":"sale","17":"featured","18":"shipping-taxable","19":"purchasable","20":"product-type-woosb","21":"add-to-wishlist-before_image"},"acf":[],"yoast_head":"<!-- This site is optimized with the Yoast SEO Premium plugin v27.1 (Yoast SEO v27.5) - https:\/\/yoast.com\/product\/yoast-seo-premium-wordpress\/ -->\n<title>Naturmil Melatonina Plus Activa 60 c\u00e1psulas - Lifenatura<\/title>\n<meta name=\"description\" content=\"La melatonina contiene vitaminas del complejo B, que contribuyen a la funci\u00f3n psicol\u00f3gica normal y al funcionamiento normal del sistema nervioso.\" \/>\n<meta name=\"robots\" content=\"index, follow, max-snippet:-1, max-image-preview:large, max-video-preview:-1\" \/>\n<link rel=\"canonical\" href=\"https:\/\/www.lifenatura.com\/es\/produto\/melatonina-plus-activa-60-capsulas-naturmil-toma-4-paga-3\/\" \/>\n<meta property=\"og:locale\" content=\"es_ES\" \/>\n<meta property=\"og:type\" content=\"article\" \/>\n<meta property=\"og:title\" content=\"Melatonina Plus Activa 60 c\u00e1psulas - Naturmil - Toma 4 Paga 3 - Na Lifenatura ao Melhor Pre\u00e7o | Envio 48h\" \/>\n<meta property=\"og:description\" content=\"Compre Melatonina Plus Activa 60 c\u00e1psulas - Naturmil - Toma 4 Paga 3 com envio r\u00e1pido. Entrega em 48h e portes gr\u00e1tis em compras &gt;35\u20ac. Aproveite j\u00e1 na Lifenatura\" \/>\n<meta property=\"og:url\" content=\"https:\/\/www.lifenatura.com\/es\/produto\/melatonina-plus-activa-60-capsulas-naturmil-toma-4-paga-3\/\" \/>\n<meta property=\"og:site_name\" content=\"Lifenatura\" \/>\n<meta property=\"article:publisher\" content=\"https:\/\/www.facebook.com\/lifenatura\" \/>\n<meta property=\"article:modified_time\" content=\"2026-03-30T00:11:39+00:00\" \/>\n<meta property=\"og:image\" content=\"https:\/\/www.lifenatura.com\/wp-content\/uploads\/2021\/09\/melatonina-90comp-naturmil.jpg\" \/>\n\t<meta property=\"og:image:width\" content=\"1000\" \/>\n\t<meta property=\"og:image:height\" content=\"1000\" \/>\n\t<meta property=\"og:image:type\" content=\"image\/jpeg\" \/>\n<meta name=\"twitter:card\" content=\"summary_large_image\" \/>\n<meta name=\"twitter:label1\" content=\"Precio\" \/>\n\t<meta name=\"twitter:data1\" content=\"42,87&nbsp;&euro;\" \/>\n\t<meta name=\"twitter:label2\" content=\"Disponibilidad\" \/>\n\t<meta name=\"twitter:data2\" content=\"Disponible\" \/>\n<script type=\"application\/ld+json\" class=\"yoast-schema-graph\">{\"@context\":\"https:\\\/\\\/schema.org\",\"@graph\":[{\"@type\":\"WebPage\",\"@id\":\"https:\\\/\\\/www.lifenatura.com\\\/es\\\/produto\\\/melatonina-plus-activa-60-capsulas-naturmil-toma-4-paga-3\\\/\",\"url\":\"https:\\\/\\\/www.lifenatura.com\\\/es\\\/produto\\\/melatonina-plus-activa-60-capsulas-naturmil-toma-4-paga-3\\\/\",\"name\":\"Naturmil Melatonina Plus Activa 60 c\u00e1psulas - Lifenatura\",\"isPartOf\":{\"@id\":\"https:\\\/\\\/www.lifenatura.com\\\/es\\\/#website\"},\"primaryImageOfPage\":{\"@id\":\"https:\\\/\\\/www.lifenatura.com\\\/es\\\/produto\\\/melatonina-plus-activa-60-capsulas-naturmil-toma-4-paga-3\\\/#primaryimage\"},\"image\":{\"@id\":\"https:\\\/\\\/www.lifenatura.com\\\/es\\\/produto\\\/melatonina-plus-activa-60-capsulas-naturmil-toma-4-paga-3\\\/#primaryimage\"},\"thumbnailUrl\":\"https:\\\/\\\/www.lifenatura.com\\\/wp-content\\\/uploads\\\/2021\\\/09\\\/melatonina-90comp-naturmil.jpg\",\"datePublished\":\"2026-03-05T12:19:08+00:00\",\"dateModified\":\"2026-03-30T00:11:39+00:00\",\"description\":\"La melatonina contiene vitaminas del complejo B, que contribuyen a la funci\u00f3n psicol\u00f3gica normal y al funcionamiento normal del sistema nervioso.\",\"breadcrumb\":{\"@id\":\"https:\\\/\\\/www.lifenatura.com\\\/es\\\/produto\\\/melatonina-plus-activa-60-capsulas-naturmil-toma-4-paga-3\\\/#breadcrumb\"},\"inLanguage\":\"es\",\"potentialAction\":[{\"@type\":\"ReadAction\",\"target\":[\"https:\\\/\\\/www.lifenatura.com\\\/es\\\/produto\\\/melatonina-plus-activa-60-capsulas-naturmil-toma-4-paga-3\\\/\"]}]},{\"@type\":\"ImageObject\",\"inLanguage\":\"es\",\"@id\":\"https:\\\/\\\/www.lifenatura.com\\\/es\\\/produto\\\/melatonina-plus-activa-60-capsulas-naturmil-toma-4-paga-3\\\/#primaryimage\",\"url\":\"https:\\\/\\\/www.lifenatura.com\\\/wp-content\\\/uploads\\\/2021\\\/09\\\/melatonina-90comp-naturmil.jpg\",\"contentUrl\":\"https:\\\/\\\/www.lifenatura.com\\\/wp-content\\\/uploads\\\/2021\\\/09\\\/melatonina-90comp-naturmil.jpg\",\"width\":1000,\"height\":1000,\"caption\":\"Melatonina Plus Activa 60 c\u00e1psulas - Naturmil\"},{\"@type\":\"BreadcrumbList\",\"@id\":\"https:\\\/\\\/www.lifenatura.com\\\/es\\\/produto\\\/melatonina-plus-activa-60-capsulas-naturmil-toma-4-paga-3\\\/#breadcrumb\",\"itemListElement\":[{\"@type\":\"ListItem\",\"position\":1,\"name\":\"In\u00edcio\",\"item\":\"https:\\\/\\\/www.lifenatura.com\\\/es\\\/\"},{\"@type\":\"ListItem\",\"position\":2,\"name\":\"Todos los Productos\",\"item\":\"https:\\\/\\\/www.lifenatura.com\\\/es\\\/tienda\\\/\"},{\"@type\":\"ListItem\",\"position\":3,\"name\":\"Melatonina Plus Activa 60 c\u00e1psulas &#8211; Naturmil &#8211; Toma 4 Paga 3\"}]},{\"@type\":\"WebSite\",\"@id\":\"https:\\\/\\\/www.lifenatura.com\\\/es\\\/#website\",\"url\":\"https:\\\/\\\/www.lifenatura.com\\\/es\\\/\",\"name\":\"Lifenatura\",\"description\":\"A Lifenatura \u00e9 uma loja de produtos naturais, cosm\u00e9tica natural e alimenta\u00e7\u00e3o Biol\u00f3gica.\",\"publisher\":{\"@id\":\"https:\\\/\\\/www.lifenatura.com\\\/es\\\/#organization\"},\"potentialAction\":[{\"@type\":\"SearchAction\",\"target\":{\"@type\":\"EntryPoint\",\"urlTemplate\":\"https:\\\/\\\/www.lifenatura.com\\\/es\\\/?s={search_term_string}\"},\"query-input\":{\"@type\":\"PropertyValueSpecification\",\"valueRequired\":true,\"valueName\":\"search_term_string\"}}],\"inLanguage\":\"es\"},{\"@type\":\"Organization\",\"@id\":\"https:\\\/\\\/www.lifenatura.com\\\/es\\\/#organization\",\"name\":\"Lifenatura\",\"url\":\"https:\\\/\\\/www.lifenatura.com\\\/es\\\/\",\"logo\":{\"@type\":\"ImageObject\",\"inLanguage\":\"es\",\"@id\":\"https:\\\/\\\/www.lifenatura.com\\\/es\\\/#\\\/schema\\\/logo\\\/image\\\/\",\"url\":\"https:\\\/\\\/www.lifenatura.com\\\/wp-content\\\/uploads\\\/2021\\\/07\\\/logo.png\",\"contentUrl\":\"https:\\\/\\\/www.lifenatura.com\\\/wp-content\\\/uploads\\\/2021\\\/07\\\/logo.png\",\"width\":175,\"height\":55,\"caption\":\"Lifenatura\"},\"image\":{\"@id\":\"https:\\\/\\\/www.lifenatura.com\\\/es\\\/#\\\/schema\\\/logo\\\/image\\\/\"},\"sameAs\":[\"https:\\\/\\\/www.facebook.com\\\/lifenatura\",\"https:\\\/\\\/www.instagram.com\\\/lifenaturapt\\\/\"],\"hasMerchantReturnPolicy\":{\"@type\":\"MerchantReturnPolicy\",\"merchantReturnLink\":\"https:\\\/\\\/www.lifenatura.com\\\/termos-condicoes-lifenatura\\\/\"}}]}<\/script>\n<meta property=\"product:price:amount\" content=\"42.87\" \/>\n<meta property=\"product:price:currency\" content=\"EUR\" \/>\n<meta property=\"og:availability\" content=\"instock\" \/>\n<meta property=\"product:availability\" content=\"instock\" \/>\n<meta property=\"product:retailer_item_id\" content=\"56054811083722\" \/>\n<meta property=\"product:condition\" content=\"new\" \/>\n<!-- \/ Yoast SEO Premium plugin. -->","yoast_head_json":{"title":"Naturmil Melatonina Plus Activa 60 c\u00e1psulas - Lifenatura","description":"La melatonina contiene vitaminas del complejo B, que contribuyen a la funci\u00f3n psicol\u00f3gica normal y al funcionamiento normal del sistema nervioso.","robots":{"index":"index","follow":"follow","max-snippet":"max-snippet:-1","max-image-preview":"max-image-preview:large","max-video-preview":"max-video-preview:-1"},"canonical":"https:\/\/www.lifenatura.com\/es\/produto\/melatonina-plus-activa-60-capsulas-naturmil-toma-4-paga-3\/","og_locale":"es_ES","og_type":"article","og_title":"Melatonina Plus Activa 60 c\u00e1psulas - Naturmil - Toma 4 Paga 3 - Na Lifenatura ao Melhor Pre\u00e7o | Envio 48h","og_description":"Compre Melatonina Plus Activa 60 c\u00e1psulas - Naturmil - Toma 4 Paga 3 com envio r\u00e1pido. Entrega em 48h e portes gr\u00e1tis em compras >35\u20ac. Aproveite j\u00e1 na Lifenatura","og_url":"https:\/\/www.lifenatura.com\/es\/produto\/melatonina-plus-activa-60-capsulas-naturmil-toma-4-paga-3\/","og_site_name":"Lifenatura","article_publisher":"https:\/\/www.facebook.com\/lifenatura","article_modified_time":"2026-03-30T00:11:39+00:00","og_image":[{"width":1000,"height":1000,"url":"https:\/\/www.lifenatura.com\/wp-content\/uploads\/2021\/09\/melatonina-90comp-naturmil.jpg","type":"image\/jpeg"}],"twitter_card":"summary_large_image","twitter_misc":{"Precio":"42,87&nbsp;&euro;","Disponibilidad":"Disponible"},"schema":{"@context":"https:\/\/schema.org","@graph":[{"@type":"WebPage","@id":"https:\/\/www.lifenatura.com\/es\/produto\/melatonina-plus-activa-60-capsulas-naturmil-toma-4-paga-3\/","url":"https:\/\/www.lifenatura.com\/es\/produto\/melatonina-plus-activa-60-capsulas-naturmil-toma-4-paga-3\/","name":"Naturmil Melatonina Plus Activa 60 c\u00e1psulas - Lifenatura","isPartOf":{"@id":"https:\/\/www.lifenatura.com\/es\/#website"},"primaryImageOfPage":{"@id":"https:\/\/www.lifenatura.com\/es\/produto\/melatonina-plus-activa-60-capsulas-naturmil-toma-4-paga-3\/#primaryimage"},"image":{"@id":"https:\/\/www.lifenatura.com\/es\/produto\/melatonina-plus-activa-60-capsulas-naturmil-toma-4-paga-3\/#primaryimage"},"thumbnailUrl":"https:\/\/www.lifenatura.com\/wp-content\/uploads\/2021\/09\/melatonina-90comp-naturmil.jpg","datePublished":"2026-03-05T12:19:08+00:00","dateModified":"2026-03-30T00:11:39+00:00","description":"La melatonina contiene vitaminas del complejo B, que contribuyen a la funci\u00f3n psicol\u00f3gica normal y al funcionamiento normal del sistema nervioso.","breadcrumb":{"@id":"https:\/\/www.lifenatura.com\/es\/produto\/melatonina-plus-activa-60-capsulas-naturmil-toma-4-paga-3\/#breadcrumb"},"inLanguage":"es","potentialAction":[{"@type":"ReadAction","target":["https:\/\/www.lifenatura.com\/es\/produto\/melatonina-plus-activa-60-capsulas-naturmil-toma-4-paga-3\/"]}]},{"@type":"ImageObject","inLanguage":"es","@id":"https:\/\/www.lifenatura.com\/es\/produto\/melatonina-plus-activa-60-capsulas-naturmil-toma-4-paga-3\/#primaryimage","url":"https:\/\/www.lifenatura.com\/wp-content\/uploads\/2021\/09\/melatonina-90comp-naturmil.jpg","contentUrl":"https:\/\/www.lifenatura.com\/wp-content\/uploads\/2021\/09\/melatonina-90comp-naturmil.jpg","width":1000,"height":1000,"caption":"Melatonina Plus Activa 60 c\u00e1psulas - Naturmil"},{"@type":"BreadcrumbList","@id":"https:\/\/www.lifenatura.com\/es\/produto\/melatonina-plus-activa-60-capsulas-naturmil-toma-4-paga-3\/#breadcrumb","itemListElement":[{"@type":"ListItem","position":1,"name":"In\u00edcio","item":"https:\/\/www.lifenatura.com\/es\/"},{"@type":"ListItem","position":2,"name":"Todos los Productos","item":"https:\/\/www.lifenatura.com\/es\/tienda\/"},{"@type":"ListItem","position":3,"name":"Melatonina Plus Activa 60 c\u00e1psulas &#8211; Naturmil &#8211; Toma 4 Paga 3"}]},{"@type":"WebSite","@id":"https:\/\/www.lifenatura.com\/es\/#website","url":"https:\/\/www.lifenatura.com\/es\/","name":"Lifenatura","description":"A Lifenatura \u00e9 uma loja de produtos naturais, cosm\u00e9tica natural e alimenta\u00e7\u00e3o Biol\u00f3gica.","publisher":{"@id":"https:\/\/www.lifenatura.com\/es\/#organization"},"potentialAction":[{"@type":"SearchAction","target":{"@type":"EntryPoint","urlTemplate":"https:\/\/www.lifenatura.com\/es\/?s={search_term_string}"},"query-input":{"@type":"PropertyValueSpecification","valueRequired":true,"valueName":"search_term_string"}}],"inLanguage":"es"},{"@type":"Organization","@id":"https:\/\/www.lifenatura.com\/es\/#organization","name":"Lifenatura","url":"https:\/\/www.lifenatura.com\/es\/","logo":{"@type":"ImageObject","inLanguage":"es","@id":"https:\/\/www.lifenatura.com\/es\/#\/schema\/logo\/image\/","url":"https:\/\/www.lifenatura.com\/wp-content\/uploads\/2021\/07\/logo.png","contentUrl":"https:\/\/www.lifenatura.com\/wp-content\/uploads\/2021\/07\/logo.png","width":175,"height":55,"caption":"Lifenatura"},"image":{"@id":"https:\/\/www.lifenatura.com\/es\/#\/schema\/logo\/image\/"},"sameAs":["https:\/\/www.facebook.com\/lifenatura","https:\/\/www.instagram.com\/lifenaturapt\/"],"hasMerchantReturnPolicy":{"@type":"MerchantReturnPolicy","merchantReturnLink":"https:\/\/www.lifenatura.com\/termos-condicoes-lifenatura\/"}}]},"product_price_amount":"42.87","product_price_currency":"EUR","og_availability":"instock","product_availability":"instock","product_retailer_item_id":"56054811083722","product_condition":"new"},"df_price":42.87,"df_sale_price":43.95,"df_regular_price":73.24,"df_image_link":"https:\/\/www.lifenatura.com\/wp-content\/uploads\/2021\/09\/melatonina-90comp-naturmil-300x300.jpg","_links":{"self":[{"href":"https:\/\/www.lifenatura.com\/es\/wp-json\/wp\/v2\/product\/127977","targetHints":{"allow":["GET"]}}],"collection":[{"href":"https:\/\/www.lifenatura.com\/es\/wp-json\/wp\/v2\/product"}],"about":[{"href":"https:\/\/www.lifenatura.com\/es\/wp-json\/wp\/v2\/types\/product"}],"wp:featuredmedia":[{"embeddable":true,"href":"https:\/\/www.lifenatura.com\/es\/wp-json\/wp\/v2\/media\/67966"}],"wp:attachment":[{"href":"https:\/\/www.lifenatura.com\/es\/wp-json\/wp\/v2\/media?parent=127977"}],"wp:term":[{"taxonomy":"product_brand","embeddable":true,"href":"https:\/\/www.lifenatura.com\/es\/wp-json\/wp\/v2\/product_brand?post=127977"},{"taxonomy":"product_cat","embeddable":true,"href":"https:\/\/www.lifenatura.com\/es\/wp-json\/wp\/v2\/product_cat?post=127977"},{"taxonomy":"product_tag","embeddable":true,"href":"https:\/\/www.lifenatura.com\/es\/wp-json\/wp\/v2\/product_tag?post=127977"}],"curies":[{"name":"wp","href":"https:\/\/api.w.org\/{rel}","templated":true}]}}